{"id":1114,"date":"2024-02-25T18:12:42","date_gmt":"2024-02-25T18:12:42","guid":{"rendered":"https:\/\/dermo.ultbit.com\/?page_id=1114"},"modified":"2024-02-25T18:14:33","modified_gmt":"2024-02-25T18:14:33","slug":"legal-notice","status":"publish","type":"page","link":"https:\/\/dermo.com\/en\/legal-notice\/","title":{"rendered":"Legal notice"},"content":{"rendered":"<div data-elementor-type=\"wp-page\" data-elementor-id=\"1114\" class=\"elementor elementor-1114\" data-elementor-post-type=\"page\">\n\t\t\t\t\t\t<section class=\"elementor-section elementor-top-section elementor-element elementor-element-708626ce elementor-section-boxed elementor-section-height-default elementor-section-height-default\" data-id=\"708626ce\" data-element_type=\"section\" data-e-type=\"section\" data-settings=\"{&quot;background_background&quot;:&quot;classic&quot;}\">\n\t\t\t\t\t\t\t<div class=\"elementor-background-overlay\"><\/div>\n\t\t\t\t\t\t\t<div class=\"elementor-container elementor-column-gap-default\">\n\t\t\t\t\t<div class=\"elementor-column elementor-col-100 elementor-top-column elementor-element elementor-element-16cb5524\" data-id=\"16cb5524\" data-element_type=\"column\" data-e-type=\"column\">\n\t\t\t<div class=\"elementor-widget-wrap elementor-element-populated\">\n\t\t\t\t\t\t\t<\/div>\n\t\t<\/div>\n\t\t\t\t\t<\/div>\n\t\t<\/section>\n\t\t\t\t<section class=\"elementor-section elementor-top-section elementor-element elementor-element-233ad3a4 elementor-section-boxed elementor-section-height-default elementor-section-height-default\" data-id=\"233ad3a4\" data-element_type=\"section\" data-e-type=\"section\">\n\t\t\t\t\t\t<div class=\"elementor-container elementor-column-gap-default\">\n\t\t\t\t\t<div class=\"elementor-column elementor-col-100 elementor-top-column elementor-element elementor-element-3244e578\" data-id=\"3244e578\" data-element_type=\"column\" data-e-type=\"column\">\n\t\t\t<div class=\"elementor-widget-wrap elementor-element-populated\">\n\t\t\t\t\t\t<section class=\"elementor-section elementor-inner-section elementor-element elementor-element-1a7040c2 elementor-section-boxed elementor-section-height-default elementor-section-height-default\" data-id=\"1a7040c2\" data-element_type=\"section\" data-e-type=\"section\">\n\t\t\t\t\t\t<div class=\"elementor-container elementor-column-gap-default\">\n\t\t\t\t\t<div class=\"elementor-column elementor-col-100 elementor-inner-column elementor-element elementor-element-58338543\" data-id=\"58338543\" data-element_type=\"column\" data-e-type=\"column\">\n\t\t\t<div class=\"elementor-widget-wrap elementor-element-populated\">\n\t\t\t\t\t\t<div class=\"elementor-element elementor-element-464b2e11 elementor-widget elementor-widget-text-editor\" data-id=\"464b2e11\" data-element_type=\"widget\" data-e-type=\"widget\" data-widget_type=\"text-editor.default\">\n\t\t\t\t<div class=\"elementor-widget-container\">\n\t\t\t\t\t\t\t\t\t<p>In accordance with Law 34\/2002 on Information Society Services and Electronic Commerce, we inform you that this website is owned by DERMO, SA, (hereinafter &quot;THE OWNER&quot;), with CIF: A58302969, with registered address at C\/ Pintor Joan Mir\u00f3, 16 Poliny\u00e0 (Barcelona) 08213; telephone 937 133 500<\/p><p>\u00a0<\/p><p class=\"titol text-bold text-uppercase\"><strong>INTELLECTUAL AND INDUSTRIAL PROPERTY<\/strong><\/p><p>The contents of this site, including texts, images and graphic designs, belong to THE OWNER, or to third parties who have authorized their use. THE OWNER presents these contents for information and promotion purposes. THE OWNER authorizes their use exclusively for these purposes. Any use of these designs, images or texts must expressly cite their ownership by THE OWNER, who reserves the right to initiate appropriate legal action to repair any damages caused by any act that violates its intellectual or industrial property rights.<\/p><p>\u00a0<\/p><p class=\"titol text-bold text-uppercase\"><strong>DISCLAIMER<\/strong><\/p><p>THE OWNER acts with the utmost diligence to ensure that the data and information provided on its website is up-to-date at all times, although it does not guarantee or accept responsibility for the accuracy and updating of the website&#039;s content, reserving the right to modify said content at any time. THE OWNER shall also not be liable for the information that may be obtained through links included on the website.<\/p><p>Commercial relations with clients will be governed by the General Conditions that, where applicable, are established by THE OWNER in a specific document for this purpose, or by specific agreements that may be agreed with clients.<\/p><p>\u00a0<\/p><p class=\"titol text-bold text-uppercase\"><strong>TERMS OF USE<\/strong><\/p><p>The use of this website implies full acceptance of the terms of this legal notice. Any potential conflicts relating to this website shall be governed exclusively by the law of the Spanish State. Any user of the website, regardless of the territorial jurisdiction from which access is made, accepts compliance with and respect for these clauses, expressly waiving any other jurisdiction that may apply to them.\u00a0<\/p>\t\t\t\t\t\t\t\t<\/div>\n\t\t\t\t<\/div>\n\t\t\t\t\t<\/div>\n\t\t<\/div>\n\t\t\t\t\t<\/div>\n\t\t<\/section>\n\t\t\t\t\t<\/div>\n\t\t<\/div>\n\t\t\t\t\t<\/div>\n\t\t<\/section>\n\t\t\t\t<\/div>","protected":false},"excerpt":{"rendered":"<p>In accordance with Law 34\/2002 on Information Society Services and Electronic Commerce, we inform you that this website is owned by DERMO, SA (hereinafter &quot;THE OWNER&quot;), with CIF (Tax ID Number): A58302969, registered office at C\/ Pintor Joan Mir\u00f3, 16 Poliny\u00e0 (Barcelona) 08213; telephone number: 937 133 500. INTELLECTUAL AND INDUSTRIAL PROPERTY\u2026&nbsp;<a href=\"https:\/\/dermo.com\/en\/legal-notice\/\" rel=\"bookmark\">Read More \u00bb<span class=\"screen-reader-text\">Legal notice<\/span><\/a><\/p>","protected":false},"author":1,"featured_media":0,"parent":0,"menu_order":0,"comment_status":"closed","ping_status":"closed","template":"page-templates\/template-pagebuilder-full-width.php","meta":{"neve_meta_sidebar":"","neve_meta_container":"","neve_meta_enable_content_width":"off","neve_meta_content_width":100,"neve_meta_title_alignment":"","neve_meta_author_avatar":"","neve_post_elements_order":"","neve_meta_disable_header":"","neve_meta_disable_footer":"","neve_meta_disable_title":"","footnotes":""},"class_list":["post-1114","page","type-page","status-publish","hentry"],"yoast_head":"<!-- This site is optimized with the Yoast SEO plugin v27.0 - https:\/\/yoast.com\/product\/yoast-seo-wordpress\/ -->\n<title>Aviso legal - Dermo | F\u00e1brica de detergentes<\/title>\n<meta name=\"robots\" content=\"index, follow, max-snippet:-1, max-image-preview:large, max-video-preview:-1\" \/>\n<link rel=\"canonical\" href=\"https:\/\/dermo.com\/en\/legal-notice\/\" \/>\n<meta property=\"og:locale\" content=\"en_GB\" \/>\n<meta property=\"og:type\" content=\"article\" \/>\n<meta property=\"og:title\" content=\"Aviso legal - Dermo | F\u00e1brica de detergentes\" \/>\n<meta property=\"og:description\" content=\"De conformidad con la Ley 34\/2002, de Servicios de la Sociedad de la Informaci\u00f3n y de Comercio Electr\u00f3nico, le informamos que esta web es titularidad de DERMO, SA, (en adelante \u201cEL TITULAR\u201d), con CIF: A58302969, con domicilio en C\/ Pintor Joan Mir\u00f3, 16 Poliny\u00e0 (Barcelona) 08213; tel\u00e9fono 937 133 500 \u00a0 PROPIEDAD INTELECTUAL E INDUSTRIAL&hellip;&nbsp;Read More &raquo;Aviso legal\" \/>\n<meta property=\"og:url\" content=\"https:\/\/dermo.com\/en\/legal-notice\/\" \/>\n<meta property=\"og:site_name\" content=\"Dermo | F\u00e1brica de detergentes\" \/>\n<meta property=\"article:modified_time\" content=\"2024-02-25T18:14:33+00:00\" \/>\n<meta name=\"twitter:card\" content=\"summary_large_image\" \/>\n<meta name=\"twitter:label1\" content=\"Estimated reading time\" \/>\n\t<meta name=\"twitter:data1\" content=\"2 minutes\" \/>\n<script type=\"application\/ld+json\" class=\"yoast-schema-graph\">{\"@context\":\"https:\/\/schema.org\",\"@graph\":[{\"@type\":\"WebPage\",\"@id\":\"https:\/\/dermo.com\/aviso-legal\/\",\"url\":\"https:\/\/dermo.com\/aviso-legal\/\",\"name\":\"Aviso legal - Dermo | F\u00e1brica de detergentes\",\"isPartOf\":{\"@id\":\"https:\/\/dermo.com\/#website\"},\"datePublished\":\"2024-02-25T18:12:42+00:00\",\"dateModified\":\"2024-02-25T18:14:33+00:00\",\"breadcrumb\":{\"@id\":\"https:\/\/dermo.com\/aviso-legal\/#breadcrumb\"},\"inLanguage\":\"en-GB\",\"potentialAction\":[{\"@type\":\"ReadAction\",\"target\":[\"https:\/\/dermo.com\/aviso-legal\/\"]}]},{\"@type\":\"BreadcrumbList\",\"@id\":\"https:\/\/dermo.com\/aviso-legal\/#breadcrumb\",\"itemListElement\":[{\"@type\":\"ListItem\",\"position\":1,\"name\":\"Portada\",\"item\":\"https:\/\/dermo.com\/\"},{\"@type\":\"ListItem\",\"position\":2,\"name\":\"Aviso legal\"}]},{\"@type\":\"WebSite\",\"@id\":\"https:\/\/dermo.com\/#website\",\"url\":\"https:\/\/dermo.com\/\",\"name\":\"Dermo | F\u00e1brica de detergentes\",\"description\":\"Tecnolog\u00eda avanzada, investigaci\u00f3n y desarrollo, respeto por el medio ambiente, competencia, formaci\u00f3n constante y alto nivel de profesionalidad en nuestro equipo humano, empe\u00f1ado en preservar la calidad de vida, la protecci\u00f3n del entorno natural contin\u00faan motiv\u00e1ndonos para desarrollar en nuestros laboratorios nuevos productos con ingredientes activos altamente biodegradables que hacen posible un desarrollo sostenible.\",\"potentialAction\":[{\"@type\":\"SearchAction\",\"target\":{\"@type\":\"EntryPoint\",\"urlTemplate\":\"https:\/\/dermo.com\/?s={search_term_string}\"},\"query-input\":{\"@type\":\"PropertyValueSpecification\",\"valueRequired\":true,\"valueName\":\"search_term_string\"}}],\"inLanguage\":\"en-GB\"}]}<\/script>\n<!-- \/ Yoast SEO plugin. -->","yoast_head_json":{"title":"Legal notice - Dermo | Detergent factory","robots":{"index":"index","follow":"follow","max-snippet":"max-snippet:-1","max-image-preview":"max-image-preview:large","max-video-preview":"max-video-preview:-1"},"canonical":"https:\/\/dermo.com\/en\/legal-notice\/","og_locale":"en_GB","og_type":"article","og_title":"Aviso legal - Dermo | F\u00e1brica de detergentes","og_description":"De conformidad con la Ley 34\/2002, de Servicios de la Sociedad de la Informaci\u00f3n y de Comercio Electr\u00f3nico, le informamos que esta web es titularidad de DERMO, SA, (en adelante \u201cEL TITULAR\u201d), con CIF: A58302969, con domicilio en C\/ Pintor Joan Mir\u00f3, 16 Poliny\u00e0 (Barcelona) 08213; tel\u00e9fono 937 133 500 \u00a0 PROPIEDAD INTELECTUAL E INDUSTRIAL&hellip;&nbsp;Read More &raquo;Aviso legal","og_url":"https:\/\/dermo.com\/en\/legal-notice\/","og_site_name":"Dermo | F\u00e1brica de detergentes","article_modified_time":"2024-02-25T18:14:33+00:00","twitter_card":"summary_large_image","twitter_misc":{"Estimated reading time":"2 minutes"},"schema":{"@context":"https:\/\/schema.org","@graph":[{"@type":"WebPage","@id":"https:\/\/dermo.com\/aviso-legal\/","url":"https:\/\/dermo.com\/aviso-legal\/","name":"Legal notice - Dermo | Detergent factory","isPartOf":{"@id":"https:\/\/dermo.com\/#website"},"datePublished":"2024-02-25T18:12:42+00:00","dateModified":"2024-02-25T18:14:33+00:00","breadcrumb":{"@id":"https:\/\/dermo.com\/aviso-legal\/#breadcrumb"},"inLanguage":"en-GB","potentialAction":[{"@type":"ReadAction","target":["https:\/\/dermo.com\/aviso-legal\/"]}]},{"@type":"BreadcrumbList","@id":"https:\/\/dermo.com\/aviso-legal\/#breadcrumb","itemListElement":[{"@type":"ListItem","position":1,"name":"Portada","item":"https:\/\/dermo.com\/"},{"@type":"ListItem","position":2,"name":"Aviso legal"}]},{"@type":"WebSite","@id":"https:\/\/dermo.com\/#website","url":"https:\/\/dermo.com\/","name":"Dermo | detergent factory","description":"Advanced technology, research and development, respect for the environment, competence, constant training and a high level of professionalism in our team, committed to preserving the quality of life and protecting the natural environment, continue to motivate us to develop new products in our laboratories with highly biodegradable active ingredients that make sustainable development possible.","potentialAction":[{"@type":"SearchAction","target":{"@type":"EntryPoint","urlTemplate":"https:\/\/dermo.com\/?s={search_term_string}"},"query-input":{"@type":"PropertyValueSpecification","valueRequired":true,"valueName":"search_term_string"}}],"inLanguage":"en-GB"}]}},"_links":{"self":[{"href":"https:\/\/dermo.com\/en\/wp-json\/wp\/v2\/pages\/1114","targetHints":{"allow":["GET"]}}],"collection":[{"href":"https:\/\/dermo.com\/en\/wp-json\/wp\/v2\/pages"}],"about":[{"href":"https:\/\/dermo.com\/en\/wp-json\/wp\/v2\/types\/page"}],"author":[{"embeddable":true,"href":"https:\/\/dermo.com\/en\/wp-json\/wp\/v2\/users\/1"}],"replies":[{"embeddable":true,"href":"https:\/\/dermo.com\/en\/wp-json\/wp\/v2\/comments?post=1114"}],"version-history":[{"count":7,"href":"https:\/\/dermo.com\/en\/wp-json\/wp\/v2\/pages\/1114\/revisions"}],"predecessor-version":[{"id":1121,"href":"https:\/\/dermo.com\/en\/wp-json\/wp\/v2\/pages\/1114\/revisions\/1121"}],"wp:attachment":[{"href":"https:\/\/dermo.com\/en\/wp-json\/wp\/v2\/media?parent=1114"}],"curies":[{"name":"wp","href":"https:\/\/api.w.org\/{rel}","templated":true}]}}