{"id":11200,"date":"2024-09-04T11:26:21","date_gmt":"2024-09-04T09:26:21","guid":{"rendered":"https:\/\/dermo.com\/?page_id=11200"},"modified":"2024-09-04T11:29:43","modified_gmt":"2024-09-04T09:29:43","slug":"corporate-social-responsibility","status":"publish","type":"page","link":"https:\/\/dermo.com\/en\/corporate-social-responsibility\/","title":{"rendered":"Corporate social responsibility"},"content":{"rendered":"<div data-elementor-type=\"wp-page\" data-elementor-id=\"11200\" class=\"elementor elementor-11200\" data-elementor-post-type=\"page\">\n\t\t\t\t\t\t<section class=\"elementor-section elementor-top-section elementor-element elementor-element-665571a4 elementor-section-boxed elementor-section-height-default elementor-section-height-default\" data-id=\"665571a4\" data-element_type=\"section\" data-e-type=\"section\" data-settings=\"{&quot;background_background&quot;:&quot;classic&quot;}\">\n\t\t\t\t\t\t\t<div class=\"elementor-background-overlay\"><\/div>\n\t\t\t\t\t\t\t<div class=\"elementor-container elementor-column-gap-default\">\n\t\t\t\t\t<div class=\"elementor-column elementor-col-100 elementor-top-column elementor-element elementor-element-36215405\" data-id=\"36215405\" data-element_type=\"column\" data-e-type=\"column\">\n\t\t\t<div class=\"elementor-widget-wrap elementor-element-populated\">\n\t\t\t\t\t\t\t<\/div>\n\t\t<\/div>\n\t\t\t\t\t<\/div>\n\t\t<\/section>\n\t\t<div class=\"elementor-element elementor-element-1967f25 e-flex e-con-boxed e-con e-parent\" data-id=\"1967f25\" data-element_type=\"container\" data-e-type=\"container\">\n\t\t\t\t\t<div class=\"e-con-inner\">\n\t\t<div class=\"elementor-element elementor-element-95af08e e-con-full e-flex e-con e-child\" data-id=\"95af08e\" data-element_type=\"container\" data-e-type=\"container\">\n\t\t<div class=\"elementor-element elementor-element-d7b4451 e-con-full e-flex e-con e-child\" data-id=\"d7b4451\" data-element_type=\"container\" data-e-type=\"container\">\n\t\t\t\t<div class=\"elementor-element elementor-element-977291a elementor-widget elementor-widget-image\" data-id=\"977291a\" data-element_type=\"widget\" data-e-type=\"widget\" data-widget_type=\"image.default\">\n\t\t\t\t<div class=\"elementor-widget-container\">\n\t\t\t\t\t\t\t\t\t\t\t\t\t\t\t<img fetchpriority=\"high\" decoding=\"async\" width=\"425\" height=\"640\" src=\"https:\/\/dermo.com\/wp-content\/uploads\/2024\/01\/solidaridad.jpg\" class=\"attachment-large size-large wp-image-11185\" alt=\"\" srcset=\"https:\/\/dermo.com\/wp-content\/uploads\/2024\/01\/solidaridad.jpg 425w, https:\/\/dermo.com\/wp-content\/uploads\/2024\/01\/solidaridad-199x300.jpg 199w, https:\/\/dermo.com\/wp-content\/uploads\/2024\/01\/solidaridad-8x12.jpg 8w\" sizes=\"(max-width: 425px) 100vw, 425px\" \/>\t\t\t\t\t\t\t\t\t\t\t\t\t\t\t<\/div>\n\t\t\t\t<\/div>\n\t\t\t\t<\/div>\n\t\t<div class=\"elementor-element elementor-element-b6cecbe e-con-full e-flex e-con e-child\" data-id=\"b6cecbe\" data-element_type=\"container\" data-e-type=\"container\">\n\t\t\t\t<div class=\"elementor-element elementor-element-5154fce elementor-widget elementor-widget-text-editor\" data-id=\"5154fce\" data-element_type=\"widget\" data-e-type=\"widget\" data-widget_type=\"text-editor.default\">\n\t\t\t\t<div class=\"elementor-widget-container\">\n\t\t\t\t\t\t\t\t\t<div id=\"main\" class=\"sidebar-none sidebar-divider-off\"><div class=\"wf-wrap\"><div class=\"wf-container-main\"><div id=\"content\" class=\"content\" role=\"main\"><div class=\"vc_row wpb_row vc_row-fluid\"><div class=\"wpb_column vc_column_container vc_col-sm-9\"><div class=\"vc_column-inner\"><div class=\"wpb_wrapper\"><div class=\"wpb_text_column wpb_content_element\"><div class=\"wpb_wrapper\"><p>At Dermo we are committed to preserving the environment. We work for the future of our children and that is why we are constantly looking for new ingredients that are respectful of our environment and researching more environmentally friendly products.<\/p><p>Coexistence, integration, commitment and solidarity with those most in need is another of our concerns, and that of all the people who make up our company. We periodically collaborate with associations and institutions that carry out admirable work helping the most disadvantaged.<\/p><p>In the last year we have collaborated with the BETANIA nursing home, GRUPO HUMANO against rare diseases, REBOST SOLIDARI of CERDANYOLA, the Local Police of Poliny\u00e0 and the CAP of Poliny\u00e0.<\/p><p>Dermo, in collaboration with several distributors from different African countries, also organizes shipments of clothing and toys to those countries most in need of resources.<\/p><\/div><\/div><\/div><\/div><\/div><\/div><\/div><\/div><\/div><\/div>\t\t\t\t\t\t\t\t<\/div>\n\t\t\t\t<\/div>\n\t\t\t\t<\/div>\n\t\t\t\t<\/div>\n\t\t\t\t\t<\/div>\n\t\t\t\t<\/div>\n\t\t\t\t<\/div>","protected":false},"excerpt":{"rendered":"<p>At Dermo, we are committed to preserving the environment. We work for the future of our children, and that&#039;s why we are constantly searching for new, environmentally friendly ingredients and researching more environmentally friendly products. Coexistence, integration, commitment, and solidarity with\u2026&nbsp;<a href=\"https:\/\/dermo.com\/en\/corporate-social-responsibility\/\" rel=\"bookmark\">Read More \u00bb<span class=\"screen-reader-text\">Corporate social responsibility<\/span><\/a><\/p>","protected":false},"author":2,"featured_media":0,"parent":0,"menu_order":0,"comment_status":"closed","ping_status":"closed","template":"page-templates\/template-pagebuilder-full-width.php","meta":{"neve_meta_sidebar":"","neve_meta_container":"","neve_meta_enable_content_width":"off","neve_meta_content_width":100,"neve_meta_title_alignment":"","neve_meta_author_avatar":"","neve_post_elements_order":"","neve_meta_disable_header":"","neve_meta_disable_footer":"","neve_meta_disable_title":"","footnotes":""},"class_list":["post-11200","page","type-page","status-publish","hentry"],"yoast_head":"<!-- This site is optimized with the Yoast SEO plugin v27.0 - https:\/\/yoast.com\/product\/yoast-seo-wordpress\/ -->\n<title>Responsabilidad social corporativa - Dermo | F\u00e1brica de detergentes<\/title>\n<meta name=\"robots\" content=\"index, follow, max-snippet:-1, max-image-preview:large, max-video-preview:-1\" \/>\n<link rel=\"canonical\" href=\"https:\/\/dermo.com\/en\/corporate-social-responsibility\/\" \/>\n<meta property=\"og:locale\" content=\"en_GB\" \/>\n<meta property=\"og:type\" content=\"article\" \/>\n<meta property=\"og:title\" content=\"Responsabilidad social corporativa - Dermo | F\u00e1brica de detergentes\" \/>\n<meta property=\"og:description\" content=\"En Dermo estamos comprometidos con la preservaci\u00f3n del medio ambiente, trabajamos por el futuro de nuestros peque\u00f1os y por eso tenemos una inquietud constante por la b\u00fasqueda de nuevos ingredientes respetuosos con nuestro entorno y la investigaci\u00f3n de productos m\u00e1s amigables con el medio ambiente. La convivencia, la integraci\u00f3n, el compromiso y la solidaridad con&hellip;&nbsp;Read More &raquo;Responsabilidad social corporativa\" \/>\n<meta property=\"og:url\" content=\"https:\/\/dermo.com\/en\/corporate-social-responsibility\/\" \/>\n<meta property=\"og:site_name\" content=\"Dermo | F\u00e1brica de detergentes\" \/>\n<meta property=\"article:modified_time\" content=\"2024-09-04T09:29:43+00:00\" \/>\n<meta property=\"og:image\" content=\"https:\/\/dermo.com\/wp-content\/uploads\/2024\/01\/solidaridad.jpg\" \/>\n<meta name=\"twitter:card\" content=\"summary_large_image\" \/>\n<meta name=\"twitter:label1\" content=\"Estimated reading time\" \/>\n\t<meta name=\"twitter:data1\" content=\"1 minute\" \/>\n<script type=\"application\/ld+json\" class=\"yoast-schema-graph\">{\"@context\":\"https:\/\/schema.org\",\"@graph\":[{\"@type\":\"WebPage\",\"@id\":\"https:\/\/dermo.com\/responsabilidad-social-corporativa\/\",\"url\":\"https:\/\/dermo.com\/responsabilidad-social-corporativa\/\",\"name\":\"Responsabilidad social corporativa - Dermo | F\u00e1brica de detergentes\",\"isPartOf\":{\"@id\":\"https:\/\/dermo.com\/#website\"},\"primaryImageOfPage\":{\"@id\":\"https:\/\/dermo.com\/responsabilidad-social-corporativa\/#primaryimage\"},\"image\":{\"@id\":\"https:\/\/dermo.com\/responsabilidad-social-corporativa\/#primaryimage\"},\"thumbnailUrl\":\"https:\/\/dermo.com\/wp-content\/uploads\/2024\/01\/solidaridad.jpg\",\"datePublished\":\"2024-09-04T09:26:21+00:00\",\"dateModified\":\"2024-09-04T09:29:43+00:00\",\"breadcrumb\":{\"@id\":\"https:\/\/dermo.com\/responsabilidad-social-corporativa\/#breadcrumb\"},\"inLanguage\":\"en-GB\",\"potentialAction\":[{\"@type\":\"ReadAction\",\"target\":[\"https:\/\/dermo.com\/responsabilidad-social-corporativa\/\"]}]},{\"@type\":\"ImageObject\",\"inLanguage\":\"en-GB\",\"@id\":\"https:\/\/dermo.com\/responsabilidad-social-corporativa\/#primaryimage\",\"url\":\"https:\/\/dermo.com\/wp-content\/uploads\/2024\/01\/solidaridad.jpg\",\"contentUrl\":\"https:\/\/dermo.com\/wp-content\/uploads\/2024\/01\/solidaridad.jpg\"},{\"@type\":\"BreadcrumbList\",\"@id\":\"https:\/\/dermo.com\/responsabilidad-social-corporativa\/#breadcrumb\",\"itemListElement\":[{\"@type\":\"ListItem\",\"position\":1,\"name\":\"Portada\",\"item\":\"https:\/\/dermo.com\/\"},{\"@type\":\"ListItem\",\"position\":2,\"name\":\"Responsabilidad social corporativa\"}]},{\"@type\":\"WebSite\",\"@id\":\"https:\/\/dermo.com\/#website\",\"url\":\"https:\/\/dermo.com\/\",\"name\":\"Dermo | F\u00e1brica de detergentes\",\"description\":\"Tecnolog\u00eda avanzada, investigaci\u00f3n y desarrollo, respeto por el medio ambiente, competencia, formaci\u00f3n constante y alto nivel de profesionalidad en nuestro equipo humano, empe\u00f1ado en preservar la calidad de vida, la protecci\u00f3n del entorno natural contin\u00faan motiv\u00e1ndonos para desarrollar en nuestros laboratorios nuevos productos con ingredientes activos altamente biodegradables que hacen posible un desarrollo sostenible.\",\"potentialAction\":[{\"@type\":\"SearchAction\",\"target\":{\"@type\":\"EntryPoint\",\"urlTemplate\":\"https:\/\/dermo.com\/?s={search_term_string}\"},\"query-input\":{\"@type\":\"PropertyValueSpecification\",\"valueRequired\":true,\"valueName\":\"search_term_string\"}}],\"inLanguage\":\"en-GB\"}]}<\/script>\n<!-- \/ Yoast SEO plugin. -->","yoast_head_json":{"title":"Corporate Social Responsibility - Dermo | Detergent Factory","robots":{"index":"index","follow":"follow","max-snippet":"max-snippet:-1","max-image-preview":"max-image-preview:large","max-video-preview":"max-video-preview:-1"},"canonical":"https:\/\/dermo.com\/en\/corporate-social-responsibility\/","og_locale":"en_GB","og_type":"article","og_title":"Responsabilidad social corporativa - Dermo | F\u00e1brica de detergentes","og_description":"En Dermo estamos comprometidos con la preservaci\u00f3n del medio ambiente, trabajamos por el futuro de nuestros peque\u00f1os y por eso tenemos una inquietud constante por la b\u00fasqueda de nuevos ingredientes respetuosos con nuestro entorno y la investigaci\u00f3n de productos m\u00e1s amigables con el medio ambiente. La convivencia, la integraci\u00f3n, el compromiso y la solidaridad con&hellip;&nbsp;Read More &raquo;Responsabilidad social corporativa","og_url":"https:\/\/dermo.com\/en\/corporate-social-responsibility\/","og_site_name":"Dermo | F\u00e1brica de detergentes","article_modified_time":"2024-09-04T09:29:43+00:00","og_image":[{"url":"https:\/\/dermo.com\/wp-content\/uploads\/2024\/01\/solidaridad.jpg","type":"","width":"","height":""}],"twitter_card":"summary_large_image","twitter_misc":{"Estimated reading time":"1 minute"},"schema":{"@context":"https:\/\/schema.org","@graph":[{"@type":"WebPage","@id":"https:\/\/dermo.com\/responsabilidad-social-corporativa\/","url":"https:\/\/dermo.com\/responsabilidad-social-corporativa\/","name":"Corporate Social Responsibility - Dermo | Detergent Factory","isPartOf":{"@id":"https:\/\/dermo.com\/#website"},"primaryImageOfPage":{"@id":"https:\/\/dermo.com\/responsabilidad-social-corporativa\/#primaryimage"},"image":{"@id":"https:\/\/dermo.com\/responsabilidad-social-corporativa\/#primaryimage"},"thumbnailUrl":"https:\/\/dermo.com\/wp-content\/uploads\/2024\/01\/solidaridad.jpg","datePublished":"2024-09-04T09:26:21+00:00","dateModified":"2024-09-04T09:29:43+00:00","breadcrumb":{"@id":"https:\/\/dermo.com\/responsabilidad-social-corporativa\/#breadcrumb"},"inLanguage":"en-GB","potentialAction":[{"@type":"ReadAction","target":["https:\/\/dermo.com\/responsabilidad-social-corporativa\/"]}]},{"@type":"ImageObject","inLanguage":"en-GB","@id":"https:\/\/dermo.com\/responsabilidad-social-corporativa\/#primaryimage","url":"https:\/\/dermo.com\/wp-content\/uploads\/2024\/01\/solidaridad.jpg","contentUrl":"https:\/\/dermo.com\/wp-content\/uploads\/2024\/01\/solidaridad.jpg"},{"@type":"BreadcrumbList","@id":"https:\/\/dermo.com\/responsabilidad-social-corporativa\/#breadcrumb","itemListElement":[{"@type":"ListItem","position":1,"name":"Portada","item":"https:\/\/dermo.com\/"},{"@type":"ListItem","position":2,"name":"Responsabilidad social corporativa"}]},{"@type":"WebSite","@id":"https:\/\/dermo.com\/#website","url":"https:\/\/dermo.com\/","name":"Dermo | detergent factory","description":"Advanced technology, research and development, respect for the environment, competence, constant training and a high level of professionalism in our team, committed to preserving the quality of life and protecting the natural environment, continue to motivate us to develop new products in our laboratories with highly biodegradable active ingredients that make sustainable development possible.","potentialAction":[{"@type":"SearchAction","target":{"@type":"EntryPoint","urlTemplate":"https:\/\/dermo.com\/?s={search_term_string}"},"query-input":{"@type":"PropertyValueSpecification","valueRequired":true,"valueName":"search_term_string"}}],"inLanguage":"en-GB"}]}},"_links":{"self":[{"href":"https:\/\/dermo.com\/en\/wp-json\/wp\/v2\/pages\/11200","targetHints":{"allow":["GET"]}}],"collection":[{"href":"https:\/\/dermo.com\/en\/wp-json\/wp\/v2\/pages"}],"about":[{"href":"https:\/\/dermo.com\/en\/wp-json\/wp\/v2\/types\/page"}],"author":[{"embeddable":true,"href":"https:\/\/dermo.com\/en\/wp-json\/wp\/v2\/users\/2"}],"replies":[{"embeddable":true,"href":"https:\/\/dermo.com\/en\/wp-json\/wp\/v2\/comments?post=11200"}],"version-history":[{"count":5,"href":"https:\/\/dermo.com\/en\/wp-json\/wp\/v2\/pages\/11200\/revisions"}],"predecessor-version":[{"id":11206,"href":"https:\/\/dermo.com\/en\/wp-json\/wp\/v2\/pages\/11200\/revisions\/11206"}],"wp:attachment":[{"href":"https:\/\/dermo.com\/en\/wp-json\/wp\/v2\/media?parent=11200"}],"curies":[{"name":"wp","href":"https:\/\/api.w.org\/{rel}","templated":true}]}}