{"id":1122,"date":"2024-02-25T18:15:10","date_gmt":"2024-02-25T18:15:10","guid":{"rendered":"https:\/\/dermo.ultbit.com\/?page_id=1122"},"modified":"2024-02-25T18:19:07","modified_gmt":"2024-02-25T18:19:07","slug":"cookie-policy","status":"publish","type":"page","link":"https:\/\/dermo.com\/en\/cookie-policy\/","title":{"rendered":"Cookie Policy"},"content":{"rendered":"<div data-elementor-type=\"wp-page\" data-elementor-id=\"1122\" class=\"elementor elementor-1122\" data-elementor-post-type=\"page\">\n\t\t\t\t\t\t<section class=\"elementor-section elementor-top-section elementor-element elementor-element-708626ce elementor-section-boxed elementor-section-height-default elementor-section-height-default\" data-id=\"708626ce\" data-element_type=\"section\" data-e-type=\"section\" data-settings=\"{&quot;background_background&quot;:&quot;classic&quot;}\">\n\t\t\t\t\t\t\t<div class=\"elementor-background-overlay\"><\/div>\n\t\t\t\t\t\t\t<div class=\"elementor-container elementor-column-gap-default\">\n\t\t\t\t\t<div class=\"elementor-column elementor-col-100 elementor-top-column elementor-element elementor-element-16cb5524\" data-id=\"16cb5524\" data-element_type=\"column\" data-e-type=\"column\">\n\t\t\t<div class=\"elementor-widget-wrap elementor-element-populated\">\n\t\t\t\t\t\t\t<\/div>\n\t\t<\/div>\n\t\t\t\t\t<\/div>\n\t\t<\/section>\n\t\t\t\t<section class=\"elementor-section elementor-top-section elementor-element elementor-element-233ad3a4 elementor-section-boxed elementor-section-height-default elementor-section-height-default\" data-id=\"233ad3a4\" data-element_type=\"section\" data-e-type=\"section\">\n\t\t\t\t\t\t<div class=\"elementor-container elementor-column-gap-default\">\n\t\t\t\t\t<div class=\"elementor-column elementor-col-100 elementor-top-column elementor-element elementor-element-3244e578\" data-id=\"3244e578\" data-element_type=\"column\" data-e-type=\"column\">\n\t\t\t<div class=\"elementor-widget-wrap elementor-element-populated\">\n\t\t\t\t\t\t<section class=\"elementor-section elementor-inner-section elementor-element elementor-element-1a7040c2 elementor-section-boxed elementor-section-height-default elementor-section-height-default\" data-id=\"1a7040c2\" data-element_type=\"section\" data-e-type=\"section\">\n\t\t\t\t\t\t<div class=\"elementor-container elementor-column-gap-default\">\n\t\t\t\t\t<div class=\"elementor-column elementor-col-100 elementor-inner-column elementor-element elementor-element-58338543\" data-id=\"58338543\" data-element_type=\"column\" data-e-type=\"column\">\n\t\t\t<div class=\"elementor-widget-wrap elementor-element-populated\">\n\t\t\t\t\t\t<div class=\"elementor-element elementor-element-464b2e11 elementor-widget elementor-widget-text-editor\" data-id=\"464b2e11\" data-element_type=\"widget\" data-e-type=\"widget\" data-widget_type=\"text-editor.default\">\n\t\t\t\t<div class=\"elementor-widget-container\">\n\t\t\t\t\t\t\t\t\t<p>Our website dermo.com uses a technology called &#039;cookie&#039;, in order to obtain information about the use of the website, improve the user experience and ensure its correct operation.<\/p><p>\u00a0<\/p><p class=\"titol text-bold\"><strong>Cookie Definition<\/strong><\/p><p>A &#039;cookie&#039; is a small piece of text that websites send to the browser and that is stored on the user&#039;s terminal (computer or mobile device). These files are intended to store data that can be updated and retrieved by the entity responsible for its installation. Thus, each time the user visits the same website again, the browser retrieves the file and sends it to the website&#039;s server. Cookies have several functions, including collecting information about the user&#039;s preferences and remembering it, and in general, making the website easier for the user to use by making the site more useful by personalizing its content.<\/p><p>\u00a0<\/p><p><strong>Cookies can be classified based on different parameters:<\/strong><\/p><ol class=\"\"><li><div class=\"cont\"><p><span class=\"text-bold\">Ownership:<\/span>\u00a0Own cookies and third-party cookies: depending on the entity that manages the domain from which the cookies are sent and the data obtained is processed.<\/p><\/div><\/li><li><div class=\"cont\"><p><span class=\"text-bold\">Duration:<\/span>\u00a0Session cookies and persistent cookies: according to the period of time they remain stored on the user&#039;s terminal.<\/p><\/div><\/li><li><div class=\"cont\"><p><span class=\"text-bold\">Purpose:<\/span>\u00a0technical cookies, personalization cookies, analysis cookies, advertising cookies, behavioral advertising cookies, in accordance with the purpose for which the data obtained are processed.<\/p><ul class=\"\"><li><div class=\"cont\"><p><span class=\"text-underline\">Technical cookies:<\/span>\u00a0These are those that allow the user to navigate through the website or application and use the different options or services that exist therein. For example, controlling traffic and data communication, identifying the session or accessing restricted access web parts.<\/p><\/div><\/li><li><div class=\"cont\"><p><span class=\"text-underline\">Personalization cookies:<\/span>\u00a0These are those that allow the user to access the service with some general characteristics predefined in their terminal or defined by the user themselves. For example, the language, the type of browser through which they access the service or the selected content design.<\/p><\/div><\/li><li><div class=\"cont\"><p><span class=\"text-underline\">Analysis cookies:<\/span>\u00a0These are cookies that, whether processed by us or by third parties, allow us to quantify the number of users and thus perform a statistical analysis of the use made by users of the service offered. To do this, we analyse your browsing on our website to improve the range of products or services we offer you.<\/p><\/div><\/li><li><div class=\"cont\"><p><span class=\"text-underline\">Advertising cookies:<\/span>\u00a0These are those that allow the management, in the most efficient way possible, of the advertising spaces that, where appropriate, the editor has included on a website, application or platform from which the requested service is provided based on criteria such as the edited content or the frequency at which the advertisements are displayed.<\/p><\/div><\/li><li><div class=\"cont\"><p><span class=\"text-underline\">Behavioural advertising cookies:<\/span>\u00a0These cookies allow the management, in the most efficient way possible, of the advertising spaces that, where appropriate, the editor has included on a website, application or platform from which the requested service is provided. These cookies store information on the behavior of users obtained through the continuous observation of their browsing habits, which allows the development of a specific profile to display advertising based on it.<\/p><p>\u00a0<\/p><\/div><\/li><\/ul><\/div><\/li><\/ol><p class=\"titol text-bold\"><strong>Cookies used on our website<\/strong><\/p><p>Our website uses both our own cookies, which are sent to your device and managed exclusively by us for the best functioning of the website, and third-party cookies, with the function of serving as an analysis tool of the interaction of users with our website, thanks to which we obtain information that can help improve navigation and provide a better service to users.<\/p><p>We use both temporary session cookies and persistent cookies. Session cookies store data only while the user is accessing the website, and persistent cookies store data on the device so that they can be accessed and used in more than one session.<\/p><p>Specifically, the cookies used on our website are:<\/p><p class=\"text-underline\">Own cookies:<\/p><p>The cookies we use on our website are of a technical nature and are essential for the website to function.<\/p><p class=\"text-underline\">Third-party cookies:<\/p><table><tbody><tr><th>Cookie<\/th><th>Holder<\/th><th>Purpose<\/th><th>Duration<\/th><\/tr><tr><td>__utmz, __utmc, __utma, __utmb,__utmt, __ga, __gat<\/td><td>Google Inc. (Google Analytics)<\/td><td>Analytics: analyze the traffic of this website.<\/td><td>Session and persistent<\/td><\/tr><\/tbody><\/table><p>For more information about cookies and\/or to disable them, you can click on the links in the names of the different owners.<\/p><p>Finally, plug-in cookies are also used to share social content.<\/p><p>\u00a0<\/p><p class=\"titol text-bold\"><strong>Consent<\/strong><\/p><p>By browsing and continuing on our website, the user will be consenting to the use of the aforementioned cookies, for the periods indicated and under the conditions contained in this Cookie Policy.<\/p><p>We also inform you that if you consult content on our website hosted on third-party websites, these have their own cookie policy.<\/p><p>\u00a0<\/p><p class=\"titol text-bold\"><strong>Withdrawal of consent<\/strong><\/p><p>The user may withdraw his or her consent related to this Cookie Policy at any time. To do so, he or she will have to delete the cookies stored on his or her computer using the settings and configurations of his or her Internet browser.<\/p><p>\u00a0<\/p><p class=\"titol text-bold\"><strong>Modifying cookie settings<\/strong><\/p><p><a name=\"cookies-config\"><\/a><\/p><p>The user can restrict, block or delete cookies from any website using their browser. The operation is different in each browser, so you can consult the following links to find out how to do this.<\/p><div class=\"cont\"><ul><li><b>Internet Explorer:<\/b>\u00a0<a href=\"https:\/\/support.microsoft.com\/es-es\/help\/17442\/windows-internet-explorer-delete-manage-cookies#ie=ie-11\" target=\"_blank\" rel=\"noopener\">https:\/\/support.microsoft.com\/es-es\/help\/17442\/windows-internet-explorer-delete-manage-cookies#ie=ie-11<\/a><\/li><\/ul><\/div><div class=\"cont\"><ul><li><b>Edge:<\/b>\u00a0<a href=\"https:\/\/support.microsoft.com\/es-es\/help\/4468242\/microsoft-edge-browsing-data-and-privacy-microsoft-privacy\" target=\"_blank\" rel=\"noopener\">https:\/\/support.microsoft.com\/es-es\/help\/4468242\/microsoft-edge-browsing-data-and-privacy-microsoft-privacy<\/a><\/li><\/ul><\/div><div class=\"cont\"><ul><li><b>Firefox:<\/b>\u00a0<a href=\"https:\/\/support.mozilla.org\/es\/kb\/clear-cookies-and-site-data-firefox\" target=\"_blank\" rel=\"noopener\">https:\/\/support.mozilla.org\/es\/kb\/clear-cookies-and-site-data-firefox<\/a><\/li><\/ul><\/div><div class=\"cont\"><ul><li><b>Chrome:<\/b>\u00a0<a href=\"https:\/\/support.google.com\/chrome\/answer\/95647?hl=es\" target=\"_blank\" rel=\"noopener\">https:\/\/support.google.com\/chrome\/answer\/95647?hl=es<\/a><\/li><\/ul><\/div><div class=\"cont\"><ul><li><b>Safari (mac):<\/b>\u00a0<a href=\"https:\/\/support.apple.com\/es-es\/guide\/safari\/manage-cookies-and-website-data-sfri11471\/mac\" target=\"_blank\" rel=\"noopener\">https:\/\/support.apple.com\/es-es\/guide\/safari\/manage-cookies-and-website-data-sfri11471\/mac<\/a><\/li><\/ul><\/div><div class=\"cont\"><ul><li><b>Safari (iPhone\/iPad):<\/b>\u00a0<a href=\"https:\/\/support.apple.com\/es-es\/HT201265\" target=\"_blank\" rel=\"noopener\">https:\/\/support.apple.com\/es-es\/HT201265<\/a><\/li><\/ul><\/div><div class=\"cont\"><ul><li><b>Opera:<\/b>\u00a0<a href=\"https:\/\/help.opera.com\/en\/latest\/web-preferences\/#cookies\" target=\"_blank\" rel=\"noopener\">https:\/\/help.opera.com\/en\/latest\/web-preferences\/#cookies<\/a><\/li><\/ul><\/div><p>For more information on deleting, disabling or blocking cookies you can also visit:<br \/><a href=\"http:\/\/www.aboutcookies.org\/Default.aspx?page=2\" target=\"_blank\" rel=\"noopener\">http:\/\/www.aboutcookies.org\/Default.aspx?page=2<\/a><\/p><p>\u00a0<\/p><p class=\"titol text-bold\"><strong>Cookie Policy Update<\/strong><\/p><p>This website may modify this Cookie Policy, so we recommend that you review this policy each time you access our website to be properly informed about our use of cookies.<\/p>\t\t\t\t\t\t\t\t<\/div>\n\t\t\t\t<\/div>\n\t\t\t\t\t<\/div>\n\t\t<\/div>\n\t\t\t\t\t<\/div>\n\t\t<\/section>\n\t\t\t\t\t<\/div>\n\t\t<\/div>\n\t\t\t\t\t<\/div>\n\t\t<\/section>\n\t\t\t\t<\/div>","protected":false},"excerpt":{"rendered":"<p>Our website, dermo.com, uses a technology called &#039;cookie&#039; to obtain information about website usage, improve user experience, and ensure proper functioning. Definition of a Cookie: A &#039;cookie&#039; is a small piece of text that websites send to your browser and is then stored on your computer.&nbsp;<a href=\"https:\/\/dermo.com\/en\/cookie-policy\/\" rel=\"bookmark\">Read More \u00bb<span class=\"screen-reader-text\">Cookie Policy<\/span><\/a><\/p>","protected":false},"author":1,"featured_media":0,"parent":0,"menu_order":0,"comment_status":"closed","ping_status":"closed","template":"page-templates\/template-pagebuilder-full-width.php","meta":{"neve_meta_sidebar":"","neve_meta_container":"","neve_meta_enable_content_width":"off","neve_meta_content_width":100,"neve_meta_title_alignment":"","neve_meta_author_avatar":"","neve_post_elements_order":"","neve_meta_disable_header":"","neve_meta_disable_footer":"","neve_meta_disable_title":"","footnotes":""},"class_list":["post-1122","page","type-page","status-publish","hentry"],"yoast_head":"<!-- This site is optimized with the Yoast SEO plugin v27.0 - https:\/\/yoast.com\/product\/yoast-seo-wordpress\/ -->\n<title>Pol\u00edtica de cookies - Dermo | F\u00e1brica de detergentes<\/title>\n<meta name=\"robots\" content=\"index, follow, max-snippet:-1, max-image-preview:large, max-video-preview:-1\" \/>\n<link rel=\"canonical\" href=\"https:\/\/dermo.com\/en\/cookie-policy\/\" \/>\n<meta property=\"og:locale\" content=\"en_GB\" \/>\n<meta property=\"og:type\" content=\"article\" \/>\n<meta property=\"og:title\" content=\"Pol\u00edtica de cookies - Dermo | F\u00e1brica de detergentes\" \/>\n<meta property=\"og:description\" content=\"Nuestro sitio web dermo.com utiliza una tecnolog\u00eda llamada \u2018cookie\u2019, con el fin de poder obtener informaci\u00f3n sobre el uso del sitio web, mejorar la experiencia del usuario y garantizar el su correcto funcionamiento. \u00a0 Definici\u00f3n de Cookie Una \u2018cookie\u2019 es un peque\u00f1o fragmento de texto que los sitios web env\u00edan al navegador y que se&hellip;&nbsp;Read More &raquo;Pol\u00edtica de cookies\" \/>\n<meta property=\"og:url\" content=\"https:\/\/dermo.com\/en\/cookie-policy\/\" \/>\n<meta property=\"og:site_name\" content=\"Dermo | F\u00e1brica de detergentes\" \/>\n<meta property=\"article:modified_time\" content=\"2024-02-25T18:19:07+00:00\" \/>\n<meta name=\"twitter:card\" content=\"summary_large_image\" \/>\n<meta name=\"twitter:label1\" content=\"Estimated reading time\" \/>\n\t<meta name=\"twitter:data1\" content=\"5 minutes\" \/>\n<script type=\"application\/ld+json\" class=\"yoast-schema-graph\">{\"@context\":\"https:\/\/schema.org\",\"@graph\":[{\"@type\":\"WebPage\",\"@id\":\"https:\/\/dermo.com\/politica-de-cookies\/\",\"url\":\"https:\/\/dermo.com\/politica-de-cookies\/\",\"name\":\"Pol\u00edtica de cookies - Dermo | F\u00e1brica de detergentes\",\"isPartOf\":{\"@id\":\"https:\/\/dermo.com\/#website\"},\"datePublished\":\"2024-02-25T18:15:10+00:00\",\"dateModified\":\"2024-02-25T18:19:07+00:00\",\"breadcrumb\":{\"@id\":\"https:\/\/dermo.com\/politica-de-cookies\/#breadcrumb\"},\"inLanguage\":\"en-GB\",\"potentialAction\":[{\"@type\":\"ReadAction\",\"target\":[\"https:\/\/dermo.com\/politica-de-cookies\/\"]}]},{\"@type\":\"BreadcrumbList\",\"@id\":\"https:\/\/dermo.com\/politica-de-cookies\/#breadcrumb\",\"itemListElement\":[{\"@type\":\"ListItem\",\"position\":1,\"name\":\"Portada\",\"item\":\"https:\/\/dermo.com\/\"},{\"@type\":\"ListItem\",\"position\":2,\"name\":\"Pol\u00edtica de cookies\"}]},{\"@type\":\"WebSite\",\"@id\":\"https:\/\/dermo.com\/#website\",\"url\":\"https:\/\/dermo.com\/\",\"name\":\"Dermo | F\u00e1brica de detergentes\",\"description\":\"Tecnolog\u00eda avanzada, investigaci\u00f3n y desarrollo, respeto por el medio ambiente, competencia, formaci\u00f3n constante y alto nivel de profesionalidad en nuestro equipo humano, empe\u00f1ado en preservar la calidad de vida, la protecci\u00f3n del entorno natural contin\u00faan motiv\u00e1ndonos para desarrollar en nuestros laboratorios nuevos productos con ingredientes activos altamente biodegradables que hacen posible un desarrollo sostenible.\",\"potentialAction\":[{\"@type\":\"SearchAction\",\"target\":{\"@type\":\"EntryPoint\",\"urlTemplate\":\"https:\/\/dermo.com\/?s={search_term_string}\"},\"query-input\":{\"@type\":\"PropertyValueSpecification\",\"valueRequired\":true,\"valueName\":\"search_term_string\"}}],\"inLanguage\":\"en-GB\"}]}<\/script>\n<!-- \/ Yoast SEO plugin. -->","yoast_head_json":{"title":"Cookies policy - Dermo | detergent factory","robots":{"index":"index","follow":"follow","max-snippet":"max-snippet:-1","max-image-preview":"max-image-preview:large","max-video-preview":"max-video-preview:-1"},"canonical":"https:\/\/dermo.com\/en\/cookie-policy\/","og_locale":"en_GB","og_type":"article","og_title":"Pol\u00edtica de cookies - Dermo | F\u00e1brica de detergentes","og_description":"Nuestro sitio web dermo.com utiliza una tecnolog\u00eda llamada \u2018cookie\u2019, con el fin de poder obtener informaci\u00f3n sobre el uso del sitio web, mejorar la experiencia del usuario y garantizar el su correcto funcionamiento. \u00a0 Definici\u00f3n de Cookie Una \u2018cookie\u2019 es un peque\u00f1o fragmento de texto que los sitios web env\u00edan al navegador y que se&hellip;&nbsp;Read More &raquo;Pol\u00edtica de cookies","og_url":"https:\/\/dermo.com\/en\/cookie-policy\/","og_site_name":"Dermo | F\u00e1brica de detergentes","article_modified_time":"2024-02-25T18:19:07+00:00","twitter_card":"summary_large_image","twitter_misc":{"Estimated reading time":"5 minutes"},"schema":{"@context":"https:\/\/schema.org","@graph":[{"@type":"WebPage","@id":"https:\/\/dermo.com\/politica-de-cookies\/","url":"https:\/\/dermo.com\/politica-de-cookies\/","name":"Cookies policy - Dermo | detergent factory","isPartOf":{"@id":"https:\/\/dermo.com\/#website"},"datePublished":"2024-02-25T18:15:10+00:00","dateModified":"2024-02-25T18:19:07+00:00","breadcrumb":{"@id":"https:\/\/dermo.com\/politica-de-cookies\/#breadcrumb"},"inLanguage":"en-GB","potentialAction":[{"@type":"ReadAction","target":["https:\/\/dermo.com\/politica-de-cookies\/"]}]},{"@type":"BreadcrumbList","@id":"https:\/\/dermo.com\/politica-de-cookies\/#breadcrumb","itemListElement":[{"@type":"ListItem","position":1,"name":"Portada","item":"https:\/\/dermo.com\/"},{"@type":"ListItem","position":2,"name":"Pol\u00edtica de cookies"}]},{"@type":"WebSite","@id":"https:\/\/dermo.com\/#website","url":"https:\/\/dermo.com\/","name":"Dermo | detergent factory","description":"Advanced technology, research and development, respect for the environment, competence, constant training and a high level of professionalism in our team, committed to preserving the quality of life and protecting the natural environment, continue to motivate us to develop new products in our laboratories with highly biodegradable active ingredients that make sustainable development possible.","potentialAction":[{"@type":"SearchAction","target":{"@type":"EntryPoint","urlTemplate":"https:\/\/dermo.com\/?s={search_term_string}"},"query-input":{"@type":"PropertyValueSpecification","valueRequired":true,"valueName":"search_term_string"}}],"inLanguage":"en-GB"}]}},"_links":{"self":[{"href":"https:\/\/dermo.com\/en\/wp-json\/wp\/v2\/pages\/1122","targetHints":{"allow":["GET"]}}],"collection":[{"href":"https:\/\/dermo.com\/en\/wp-json\/wp\/v2\/pages"}],"about":[{"href":"https:\/\/dermo.com\/en\/wp-json\/wp\/v2\/types\/page"}],"author":[{"embeddable":true,"href":"https:\/\/dermo.com\/en\/wp-json\/wp\/v2\/users\/1"}],"replies":[{"embeddable":true,"href":"https:\/\/dermo.com\/en\/wp-json\/wp\/v2\/comments?post=1122"}],"version-history":[{"count":4,"href":"https:\/\/dermo.com\/en\/wp-json\/wp\/v2\/pages\/1122\/revisions"}],"predecessor-version":[{"id":1127,"href":"https:\/\/dermo.com\/en\/wp-json\/wp\/v2\/pages\/1122\/revisions\/1127"}],"wp:attachment":[{"href":"https:\/\/dermo.com\/en\/wp-json\/wp\/v2\/media?parent=1122"}],"curies":[{"name":"wp","href":"https:\/\/api.w.org\/{rel}","templated":true}]}}