{"id":12351,"date":"2025-01-30T11:54:47","date_gmt":"2025-01-30T10:54:47","guid":{"rendered":"https:\/\/dermo.com\/?page_id=12351"},"modified":"2025-02-19T12:19:34","modified_gmt":"2025-02-19T11:19:34","slug":"industrial-kitchen-iron","status":"publish","type":"page","link":"https:\/\/dermo.com\/en\/industrial-kitchen-iron\/","title":{"rendered":"Industrial kitchen iron"},"content":{"rendered":"<div data-elementor-type=\"wp-page\" data-elementor-id=\"12351\" class=\"elementor elementor-12351\" data-elementor-post-type=\"page\">\n\t\t\t\t\t\t<section class=\"elementor-section elementor-top-section elementor-element elementor-element-a02683f elementor-section-boxed elementor-section-height-default elementor-section-height-default\" data-id=\"a02683f\" data-element_type=\"section\" data-e-type=\"section\" data-settings=\"{&quot;background_background&quot;:&quot;classic&quot;}\">\n\t\t\t\t\t\t\t<div class=\"elementor-background-overlay\"><\/div>\n\t\t\t\t\t\t\t<div class=\"elementor-container elementor-column-gap-default\">\n\t\t\t\t\t<div class=\"elementor-column elementor-col-100 elementor-top-column elementor-element elementor-element-f99dbff\" data-id=\"f99dbff\" data-element_type=\"column\" data-e-type=\"column\">\n\t\t\t<div class=\"elementor-widget-wrap elementor-element-populated\">\n\t\t\t\t\t\t\t<\/div>\n\t\t<\/div>\n\t\t\t\t\t<\/div>\n\t\t<\/section>\n\t\t\t\t<section class=\"elementor-section elementor-top-section elementor-element elementor-element-233ad3a4 elementor-section-boxed elementor-section-height-default elementor-section-height-default\" data-id=\"233ad3a4\" data-element_type=\"section\" data-e-type=\"section\">\n\t\t\t\t\t\t<div class=\"elementor-container elementor-column-gap-default\">\n\t\t\t\t\t<div class=\"elementor-column elementor-col-100 elementor-top-column elementor-element elementor-element-3244e578\" data-id=\"3244e578\" data-element_type=\"column\" data-e-type=\"column\">\n\t\t\t<div class=\"elementor-widget-wrap elementor-element-populated\">\n\t\t\t\t\t\t<section class=\"elementor-section elementor-inner-section elementor-element elementor-element-1a7040c2 elementor-section-content-middle elementor-section-boxed elementor-section-height-default elementor-section-height-default\" data-id=\"1a7040c2\" data-element_type=\"section\" data-e-type=\"section\">\n\t\t\t\t\t\t<div class=\"elementor-container elementor-column-gap-default\">\n\t\t\t\t\t<div class=\"elementor-column elementor-col-50 elementor-inner-column elementor-element elementor-element-58338543\" data-id=\"58338543\" data-element_type=\"column\" data-e-type=\"column\">\n\t\t\t<div class=\"elementor-widget-wrap elementor-element-populated\">\n\t\t\t\t\t\t<div class=\"elementor-element elementor-element-464b2e11 elementor-widget elementor-widget-text-editor\" data-id=\"464b2e11\" data-element_type=\"widget\" data-e-type=\"widget\" data-widget_type=\"text-editor.default\">\n\t\t\t\t<div class=\"elementor-widget-container\">\n\t\t\t\t\t\t\t\t\t<div id=\"lipsum\"><p>At Dermo we have a line of disinfectant cleaning products with HA registration, that is, they have the special registration to be used in food hygiene, such as cleaning the\u00a0<strong>industrial iron<\/strong>\u00a0of a\u00a0<strong>kitchen<\/strong>.<\/p><p>They are fungicidal and bactericidal cleaning products, which have been tested and are highly potent and effective on dirty surfaces, with organic and inorganic remains. They are different from other disinfectant products because they clean and disinfect in the same operation, making the work much easier and more practical and offering total confidence in carrying out a safe disinfection, with minimal contact time.<\/p><p>The\u00a0<strong>industrial iron<\/strong>\u00a0of\u00a0<strong>kitchen<\/strong>\u00a0This is one of the places where this type of cleaning product is most used, as it is one of the places that accumulates the most oil and grease residue. It is a place that must be disinfected daily, so that there are no organic residues that can contaminate food or kitchen utensils.<\/p><p>At Dermo you can find different cleaning products, such as:\u00a0<a href=\"https:\/\/dermo.com\/en\/catalog\/dl21-fungibac\/\">DL 21 Fungibac<\/a>, a fungicidal and bactericidal detergent product that has a high concentration of active ingredients and is specially designed for use in comprehensive cleaning and contact disinfection of surfaces and utensils in the food industry, hospitality, etc.<\/p><p><a href=\"https:\/\/dermo.com\/en\/catalog\/dl21-chlorbac\/\">DL 21 Chlorbac<\/a>\u00a0It is another cleaner, in this case a fungicidal and bactericidal chlorinated alkaline detergent, which has great disinfectant and detergent power to combat fats, proteins, blood, organic remains, etc. It is formulated to clean and disinfect in a single operation all types of contaminated surfaces and utensils in the food industry (beer, dairy, meat industry, slaughterhouses, etc.)<\/p><p><a href=\"https:\/\/dermo.com\/en\/catalog\/es\/desinfectantes-registro-ha\/126-dl21b.html\/\" data-wplink-edit=\"true\">DL 21 B<\/a>\u00a0is a liquid sanitizing detergent designed to clean and deodorize any type of surface. It is perfect for sanitizing sinks, showers, difficult floors, joints, etc.<\/p><\/div>\t\t\t\t\t\t\t\t<\/div>\n\t\t\t\t<\/div>\n\t\t\t\t\t<\/div>\n\t\t<\/div>\n\t\t\t\t<div class=\"elementor-column elementor-col-50 elementor-inner-column elementor-element elementor-element-7202eb1 elementor-invisible\" data-id=\"7202eb1\" data-element_type=\"column\" data-e-type=\"column\" data-settings=\"{&quot;animation&quot;:&quot;bounceInRight&quot;}\">\n\t\t\t<div class=\"elementor-widget-wrap elementor-element-populated\">\n\t\t\t\t\t\t<div class=\"elementor-element elementor-element-d590048 elementor-widget__width-initial elementor-widget elementor-widget-elementskit-contact-form7\" data-id=\"d590048\" data-element_type=\"widget\" data-e-type=\"widget\" data-widget_type=\"elementskit-contact-form7.default\">\n\t\t\t\t<div class=\"elementor-widget-container\">\n\t\t\t\t\t<div class=\"ekit-wid-con\" ><div class=\"ekit-form\">\n<div class=\"wpcf7 no-js\" id=\"wpcf7-f13292-p12351-o1\" lang=\"es-ES\" dir=\"ltr\" data-wpcf7-id=\"13292\">\n<div class=\"screen-reader-response\"><p role=\"status\" aria-live=\"polite\" aria-atomic=\"true\"><\/p> <ul><\/ul><\/div>\n<form action=\"\/en\/industrial-kitchen-iron\/#wpcf7-f13292-p12351-o1\" method=\"post\" class=\"wpcf7-form init\" aria-label=\"Contact form\" novalidate=\"novalidate\" data-status=\"init\" data-trp-original-action=\"\/plancha-industrial-cocina\/#wpcf7-f13292-p12351-o1\">\n<fieldset class=\"hidden-fields-container\"><input type=\"hidden\" name=\"_wpcf7\" value=\"13292\" \/><input type=\"hidden\" name=\"_wpcf7_version\" value=\"6.1.5\" \/><input type=\"hidden\" name=\"_wpcf7_locale\" value=\"es_ES\" \/><input type=\"hidden\" name=\"_wpcf7_unit_tag\" value=\"wpcf7-f13292-p12351-o1\" \/><input type=\"hidden\" name=\"_wpcf7_container_post\" value=\"12351\" \/><input type=\"hidden\" name=\"_wpcf7_posted_data_hash\" value=\"\" \/><input type=\"hidden\" name=\"_wpcf7_recaptcha_response\" value=\"\" \/>\n<\/fieldset>\n<div style=\"display: flex; gap: 10px;\">\n\t<div style=\"width: 50%;\">\n\t\t<p><span class=\"wpcf7-form-control-wrap\" data-name=\"your-name\"><input size=\"40\" maxlength=\"400\" class=\"wpcf7-form-control wpcf7-text wpcf7-validates-as-required\" aria-required=\"true\" aria-invalid=\"false\" placeholder=\"Name\" value=\"\" type=\"text\" name=\"your-name\" \/><\/span>\n\t\t<\/p>\n\t<\/div>\n\t<div style=\"width: 50%;\">\n\t\t<p><span class=\"wpcf7-form-control-wrap\" data-name=\"your-phone\"><input size=\"40\" maxlength=\"400\" class=\"wpcf7-form-control wpcf7-tel wpcf7-validates-as-required wpcf7-text wpcf7-validates-as-tel\" aria-required=\"true\" aria-invalid=\"false\" placeholder=\"Phone\" value=\"\" type=\"tel\" name=\"your-phone\" \/><\/span>\n\t\t<\/p>\n\t<\/div>\n<\/div>\n<p><span class=\"wpcf7-form-control-wrap\" data-name=\"your-email\"><input size=\"40\" maxlength=\"400\" class=\"wpcf7-form-control wpcf7-email wpcf7-validates-as-required wpcf7-text wpcf7-validates-as-email\" aria-required=\"true\" aria-invalid=\"false\" placeholder=\"Email\" value=\"\" type=\"email\" name=\"your-email\" \/><\/span>\n<\/p>\n<div style=\"display: flex; gap: 10px;\">\n\t<div style=\"width: 50%;\">\n\t\t<p><span class=\"wpcf7-form-control-wrap\" data-name=\"your-country\"><input size=\"40\" maxlength=\"400\" class=\"wpcf7-form-control wpcf7-text wpcf7-validates-as-required\" aria-required=\"true\" aria-invalid=\"false\" placeholder=\"Country\" value=\"\" type=\"text\" name=\"your-country\" \/><\/span>\n\t\t<\/p>\n\t<\/div>\n\t<div style=\"width: 50%;\">\n\t\t<p><span class=\"wpcf7-form-control-wrap\" data-name=\"your-city\"><input size=\"40\" maxlength=\"400\" class=\"wpcf7-form-control wpcf7-text wpcf7-validates-as-required\" aria-required=\"true\" aria-invalid=\"false\" placeholder=\"Population\" value=\"\" type=\"text\" name=\"your-city\" \/><\/span>\n\t\t<\/p>\n\t<\/div>\n<\/div>\n<p><span class=\"wpcf7-form-control-wrap\" data-name=\"your-subject\"><select class=\"wpcf7-form-control wpcf7-select\" aria-invalid=\"false\" name=\"your-subject\"><option value=\"Quiero ser distribuidor\">I want to be a distributor<\/option><option value=\"Presupuesto\">Budget<\/option><option value=\"Consulta\">Consultation<\/option><option value=\"Sugerencia\">Suggestion<\/option><option value=\"Otros\">Others<\/option><\/select><\/span>\n<\/p>\n<p><span class=\"wpcf7-form-control-wrap\" data-name=\"your-message\"><textarea cols=\"40\" rows=\"10\" maxlength=\"2000\" class=\"wpcf7-form-control wpcf7-textarea\" aria-invalid=\"false\" placeholder=\"Message or query\" name=\"your-message\"><\/textarea><\/span>\n<\/p>\n<div style=\"display: flex; align-items: center; gap: 10px;\">\n\t<p><span class=\"wpcf7-form-control-wrap\" data-name=\"privacy-policy\"><span class=\"wpcf7-form-control wpcf7-acceptance\"><span class=\"wpcf7-list-item\"><input type=\"checkbox\" name=\"privacy-policy\" value=\"1\" aria-invalid=\"false\" \/><\/span><\/span><\/span><label for=\"privacy-policy\" style=\"margin-left: 5px;\">I have read and accept the privacy policy.<\/label>\n\t<\/p>\n<\/div>\n<div style=\"display: flex; align-items: center; gap: 10px;\">\n\t<p><span class=\"wpcf7-form-control-wrap\" data-name=\"send-info\"><span class=\"wpcf7-form-control wpcf7-acceptance\"><span class=\"wpcf7-list-item\"><input type=\"checkbox\" name=\"send-info\" value=\"1\" aria-invalid=\"false\" \/><\/span><\/span><\/span><label for=\"send-info\" style=\"margin-left: 5px;\">I agree to receive information.<\/label>\n\t<\/p>\n<\/div>\n<p><input class=\"wpcf7-form-control wpcf7-submit has-spinner\" type=\"submit\" value=\"Send\" \/>\n<\/p><div class=\"wpcf7-response-output\" aria-hidden=\"true\"><\/div>\n<input type=\"hidden\" name=\"trp-form-language\" value=\"en\"\/><\/form>\n<\/div>\n<\/div><\/div>\t\t\t\t<\/div>\n\t\t\t\t<\/div>\n\t\t\t\t\t<\/div>\n\t\t<\/div>\n\t\t\t\t\t<\/div>\n\t\t<\/section>\n\t\t\t\t<div class=\"elementor-element elementor-element-615d68f elementor-widget elementor-widget-text-editor\" data-id=\"615d68f\" data-element_type=\"widget\" data-e-type=\"widget\" data-widget_type=\"text-editor.default\">\n\t\t\t\t<div class=\"elementor-widget-container\">\n\t\t\t\t\t\t\t\t\t<div id=\"lipsum\"><p><a href=\"https:\/\/dermo.com\/en\/catalog\/es\/desinfectantes-registro-ha\/84-dl21-acibac.html\/\">DL 21 Acibac<\/a>\u00a0It is an acidic product that acts as a bactericidal cleaner and is formulated to perform comprehensive cleaning, as well as disinfect, highly contaminated surfaces and utensils in the food industry, hospitality, etc. It is also capable of effectively removing lime deposits that are produced by hard water.<\/p><p>And if we talk about cleaning the\u00a0<strong>industrial iron<\/strong>\u00a0of\u00a0<strong>kitchen<\/strong>\u00a0We can&#039;t stop talking about our product\u00a0<a href=\"https:\/\/dermo.com\/en\/catalog\/bold-planks\/\">Audaz Planchas<\/a>, a concentrated liquid degreaser capable of effectively removing burnt and carbonized grease from cooking plates, grills and ovens without any effort. If dissolved in water, it can also be used to clean fryers, as it is capable of removing rust while acting as an antioxidant on the treated surfaces.<\/p><p>Visit our website and discover all the products we offer for cleaning your home.\u00a0<strong>industrial iron<\/strong>\u00a0of\u00a0<strong>kitchen<\/strong>, surfaces, utensils, fryers, ovens\u2026<\/p><\/div>\t\t\t\t\t\t\t\t<\/div>\n\t\t\t\t<\/div>\n\t\t\t\t\t<\/div>\n\t\t<\/div>\n\t\t\t\t\t<\/div>\n\t\t<\/section>\n\t\t\t\t<section class=\"elementor-section elementor-top-section elementor-element elementor-element-484f41e elementor-section-full_width elementor-section-height-default elementor-section-height-default elementor-invisible\" data-id=\"484f41e\" data-element_type=\"section\" data-e-type=\"section\" data-settings=\"{&quot;animation&quot;:&quot;slideInUp&quot;}\">\n\t\t\t\t\t\t<div class=\"elementor-container elementor-column-gap-default\">\n\t\t\t\t\t<div class=\"elementor-column elementor-col-100 elementor-top-column elementor-element elementor-element-19948363\" data-id=\"19948363\" data-element_type=\"column\" data-e-type=\"column\">\n\t\t\t<div class=\"elementor-widget-wrap elementor-element-populated\">\n\t\t\t\t\t\t<div class=\"elementor-element elementor-element-339044a4 elementor-widget elementor-widget-google_maps\" data-id=\"339044a4\" data-element_type=\"widget\" data-e-type=\"widget\" data-widget_type=\"google_maps.default\">\n\t\t\t\t<div class=\"elementor-widget-container\">\n\t\t\t\t\t\t\t<div class=\"elementor-custom-embed\">\n\t\t\t<iframe loading=\"lazy\"\n\t\t\t\t\tsrc=\"https:\/\/maps.google.com\/maps?q=C%2F%20Pintor%20Joan%20Miro%2C%2016.%20Pol.%20Ind.%20Can%20Humet%20de%20Dalt%2C%2008213%20Poliny%C3%A0.%20Barcelona&#038;t=m&#038;z=15&#038;output=embed&#038;iwloc=near\"\n\t\t\t\t\ttitle=\"C\/ Pintor Joan Miro, 16. Pol. Ind. Can Humet de Dalt, 08213 Poliny\u00e0. Barcelona\"\n\t\t\t\t\taria-label=\"C\/ Pintor Joan Miro, 16. Pol. Ind. Can Humet de Dalt, 08213 Poliny\u00e0. Barcelona\"\n\t\t\t><\/iframe>\n\t\t<\/div>\n\t\t\t\t\t\t<\/div>\n\t\t\t\t<\/div>\n\t\t\t\t\t<\/div>\n\t\t<\/div>\n\t\t\t\t\t<\/div>\n\t\t<\/section>\n\t\t\t\t<\/div>","protected":false},"excerpt":{"rendered":"<p>At Dermo, we offer a line of disinfectant cleaning products with HA registration, which means they have special registration for use in food hygiene, such as cleaning industrial kitchen cooktops. These are fungicidal and bactericidal cleaning products that have been tested and are highly potent and effective on surfaces\u2026&nbsp;<a href=\"https:\/\/dermo.com\/en\/industrial-kitchen-iron\/\" rel=\"bookmark\">Read More \u00bb<span class=\"screen-reader-text\">Industrial kitchen iron<\/span><\/a><\/p>","protected":false},"author":2,"featured_media":0,"parent":0,"menu_order":0,"comment_status":"closed","ping_status":"closed","template":"page-templates\/template-pagebuilder-full-width.php","meta":{"neve_meta_sidebar":"","neve_meta_container":"","neve_meta_enable_content_width":"","neve_meta_content_width":0,"neve_meta_title_alignment":"","neve_meta_author_avatar":"","neve_post_elements_order":"","neve_meta_disable_header":"","neve_meta_disable_footer":"","neve_meta_disable_title":"","footnotes":""},"class_list":["post-12351","page","type-page","status-publish","hentry"],"yoast_head":"<!-- This site is optimized with the Yoast SEO plugin v27.0 - https:\/\/yoast.com\/product\/yoast-seo-wordpress\/ -->\n<title>Plancha industrial cocina - Dermo | F\u00e1brica de detergentes<\/title>\n<meta name=\"robots\" content=\"index, follow, max-snippet:-1, max-image-preview:large, max-video-preview:-1\" \/>\n<link rel=\"canonical\" href=\"https:\/\/dermo.com\/en\/industrial-kitchen-iron\/\" \/>\n<meta property=\"og:locale\" content=\"en_GB\" \/>\n<meta property=\"og:type\" content=\"article\" \/>\n<meta property=\"og:title\" content=\"Plancha industrial cocina - Dermo | F\u00e1brica de detergentes\" \/>\n<meta property=\"og:description\" content=\"En Dermo contamos con una l\u00ednea de productos de limpieza desinfectantes con registro H.A., es decir, que tienen el registro especial para ser utilizados en la higiene alimentaria, como puede ser la limpieza de la\u00a0plancha industrial\u00a0de una\u00a0cocina. Son productos de limpieza fungicidas y bactericidas, \u00a0que est\u00e1n testados y son altamente potentes y eficaces en superficies&hellip;&nbsp;Read More &raquo;Plancha industrial cocina\" \/>\n<meta property=\"og:url\" content=\"https:\/\/dermo.com\/en\/industrial-kitchen-iron\/\" \/>\n<meta property=\"og:site_name\" content=\"Dermo | F\u00e1brica de detergentes\" \/>\n<meta property=\"article:modified_time\" content=\"2025-02-19T11:19:34+00:00\" \/>\n<meta name=\"twitter:card\" content=\"summary_large_image\" \/>\n<meta name=\"twitter:label1\" content=\"Estimated reading time\" \/>\n\t<meta name=\"twitter:data1\" content=\"3 minutes\" \/>\n<script type=\"application\/ld+json\" class=\"yoast-schema-graph\">{\"@context\":\"https:\/\/schema.org\",\"@graph\":[{\"@type\":\"WebPage\",\"@id\":\"https:\/\/dermo.com\/plancha-industrial-cocina\/\",\"url\":\"https:\/\/dermo.com\/plancha-industrial-cocina\/\",\"name\":\"Plancha industrial cocina - Dermo | F\u00e1brica de detergentes\",\"isPartOf\":{\"@id\":\"https:\/\/dermo.com\/#website\"},\"datePublished\":\"2025-01-30T10:54:47+00:00\",\"dateModified\":\"2025-02-19T11:19:34+00:00\",\"breadcrumb\":{\"@id\":\"https:\/\/dermo.com\/plancha-industrial-cocina\/#breadcrumb\"},\"inLanguage\":\"en-GB\",\"potentialAction\":[{\"@type\":\"ReadAction\",\"target\":[\"https:\/\/dermo.com\/plancha-industrial-cocina\/\"]}]},{\"@type\":\"BreadcrumbList\",\"@id\":\"https:\/\/dermo.com\/plancha-industrial-cocina\/#breadcrumb\",\"itemListElement\":[{\"@type\":\"ListItem\",\"position\":1,\"name\":\"Portada\",\"item\":\"https:\/\/dermo.com\/\"},{\"@type\":\"ListItem\",\"position\":2,\"name\":\"Plancha industrial cocina\"}]},{\"@type\":\"WebSite\",\"@id\":\"https:\/\/dermo.com\/#website\",\"url\":\"https:\/\/dermo.com\/\",\"name\":\"Dermo | F\u00e1brica de detergentes\",\"description\":\"Tecnolog\u00eda avanzada, investigaci\u00f3n y desarrollo, respeto por el medio ambiente, competencia, formaci\u00f3n constante y alto nivel de profesionalidad en nuestro equipo humano, empe\u00f1ado en preservar la calidad de vida, la protecci\u00f3n del entorno natural contin\u00faan motiv\u00e1ndonos para desarrollar en nuestros laboratorios nuevos productos con ingredientes activos altamente biodegradables que hacen posible un desarrollo sostenible.\",\"potentialAction\":[{\"@type\":\"SearchAction\",\"target\":{\"@type\":\"EntryPoint\",\"urlTemplate\":\"https:\/\/dermo.com\/?s={search_term_string}\"},\"query-input\":{\"@type\":\"PropertyValueSpecification\",\"valueRequired\":true,\"valueName\":\"search_term_string\"}}],\"inLanguage\":\"en-GB\"}]}<\/script>\n<!-- \/ Yoast SEO plugin. -->","yoast_head_json":{"title":"Industrial kitchen iron - Dermo | Detergent factory","robots":{"index":"index","follow":"follow","max-snippet":"max-snippet:-1","max-image-preview":"max-image-preview:large","max-video-preview":"max-video-preview:-1"},"canonical":"https:\/\/dermo.com\/en\/industrial-kitchen-iron\/","og_locale":"en_GB","og_type":"article","og_title":"Plancha industrial cocina - Dermo | F\u00e1brica de detergentes","og_description":"En Dermo contamos con una l\u00ednea de productos de limpieza desinfectantes con registro H.A., es decir, que tienen el registro especial para ser utilizados en la higiene alimentaria, como puede ser la limpieza de la\u00a0plancha industrial\u00a0de una\u00a0cocina. Son productos de limpieza fungicidas y bactericidas, \u00a0que est\u00e1n testados y son altamente potentes y eficaces en superficies&hellip;&nbsp;Read More &raquo;Plancha industrial cocina","og_url":"https:\/\/dermo.com\/en\/industrial-kitchen-iron\/","og_site_name":"Dermo | F\u00e1brica de detergentes","article_modified_time":"2025-02-19T11:19:34+00:00","twitter_card":"summary_large_image","twitter_misc":{"Estimated reading time":"3 minutes"},"schema":{"@context":"https:\/\/schema.org","@graph":[{"@type":"WebPage","@id":"https:\/\/dermo.com\/plancha-industrial-cocina\/","url":"https:\/\/dermo.com\/plancha-industrial-cocina\/","name":"Industrial kitchen iron - Dermo | Detergent factory","isPartOf":{"@id":"https:\/\/dermo.com\/#website"},"datePublished":"2025-01-30T10:54:47+00:00","dateModified":"2025-02-19T11:19:34+00:00","breadcrumb":{"@id":"https:\/\/dermo.com\/plancha-industrial-cocina\/#breadcrumb"},"inLanguage":"en-GB","potentialAction":[{"@type":"ReadAction","target":["https:\/\/dermo.com\/plancha-industrial-cocina\/"]}]},{"@type":"BreadcrumbList","@id":"https:\/\/dermo.com\/plancha-industrial-cocina\/#breadcrumb","itemListElement":[{"@type":"ListItem","position":1,"name":"Portada","item":"https:\/\/dermo.com\/"},{"@type":"ListItem","position":2,"name":"Plancha industrial cocina"}]},{"@type":"WebSite","@id":"https:\/\/dermo.com\/#website","url":"https:\/\/dermo.com\/","name":"Dermo | detergent factory","description":"Advanced technology, research and development, respect for the environment, competence, constant training and a high level of professionalism in our team, committed to preserving the quality of life and protecting the natural environment, continue to motivate us to develop new products in our laboratories with highly biodegradable active ingredients that make sustainable development possible.","potentialAction":[{"@type":"SearchAction","target":{"@type":"EntryPoint","urlTemplate":"https:\/\/dermo.com\/?s={search_term_string}"},"query-input":{"@type":"PropertyValueSpecification","valueRequired":true,"valueName":"search_term_string"}}],"inLanguage":"en-GB"}]}},"_links":{"self":[{"href":"https:\/\/dermo.com\/en\/wp-json\/wp\/v2\/pages\/12351","targetHints":{"allow":["GET"]}}],"collection":[{"href":"https:\/\/dermo.com\/en\/wp-json\/wp\/v2\/pages"}],"about":[{"href":"https:\/\/dermo.com\/en\/wp-json\/wp\/v2\/types\/page"}],"author":[{"embeddable":true,"href":"https:\/\/dermo.com\/en\/wp-json\/wp\/v2\/users\/2"}],"replies":[{"embeddable":true,"href":"https:\/\/dermo.com\/en\/wp-json\/wp\/v2\/comments?post=12351"}],"version-history":[{"count":10,"href":"https:\/\/dermo.com\/en\/wp-json\/wp\/v2\/pages\/12351\/revisions"}],"predecessor-version":[{"id":13638,"href":"https:\/\/dermo.com\/en\/wp-json\/wp\/v2\/pages\/12351\/revisions\/13638"}],"wp:attachment":[{"href":"https:\/\/dermo.com\/en\/wp-json\/wp\/v2\/media?parent=12351"}],"curies":[{"name":"wp","href":"https:\/\/api.w.org\/{rel}","templated":true}]}}