{"id":12416,"date":"2025-01-30T12:25:57","date_gmt":"2025-01-30T11:25:57","guid":{"rendered":"https:\/\/dermo.com\/?page_id=12416"},"modified":"2025-01-30T12:33:40","modified_gmt":"2025-01-30T11:33:40","slug":"legal-notice-privacy-policy","status":"publish","type":"page","link":"https:\/\/dermo.com\/en\/legal-notice-privacy-policy\/","title":{"rendered":"LEGAL NOTICE \u2013 PRIVACY POLICY"},"content":{"rendered":"<div data-elementor-type=\"wp-page\" data-elementor-id=\"12416\" class=\"elementor elementor-12416\" data-elementor-post-type=\"page\">\n\t\t\t\t\t\t<section class=\"elementor-section elementor-top-section elementor-element elementor-element-a02683f elementor-section-boxed elementor-section-height-default elementor-section-height-default\" data-id=\"a02683f\" data-element_type=\"section\" data-e-type=\"section\" data-settings=\"{&quot;background_background&quot;:&quot;classic&quot;}\">\n\t\t\t\t\t\t\t<div class=\"elementor-background-overlay\"><\/div>\n\t\t\t\t\t\t\t<div class=\"elementor-container elementor-column-gap-default\">\n\t\t\t\t\t<div class=\"elementor-column elementor-col-100 elementor-top-column elementor-element elementor-element-f99dbff\" data-id=\"f99dbff\" data-element_type=\"column\" data-e-type=\"column\">\n\t\t\t<div class=\"elementor-widget-wrap elementor-element-populated\">\n\t\t\t\t\t\t\t<\/div>\n\t\t<\/div>\n\t\t\t\t\t<\/div>\n\t\t<\/section>\n\t\t\t\t<section class=\"elementor-section elementor-top-section elementor-element elementor-element-233ad3a4 elementor-section-boxed elementor-section-height-default elementor-section-height-default\" data-id=\"233ad3a4\" data-element_type=\"section\" data-e-type=\"section\">\n\t\t\t\t\t\t<div class=\"elementor-container elementor-column-gap-default\">\n\t\t\t\t\t<div class=\"elementor-column elementor-col-100 elementor-top-column elementor-element elementor-element-3244e578\" data-id=\"3244e578\" data-element_type=\"column\" data-e-type=\"column\">\n\t\t\t<div class=\"elementor-widget-wrap elementor-element-populated\">\n\t\t\t\t\t\t<section class=\"elementor-section elementor-inner-section elementor-element elementor-element-1a7040c2 elementor-section-content-middle elementor-section-boxed elementor-section-height-default elementor-section-height-default\" data-id=\"1a7040c2\" data-element_type=\"section\" data-e-type=\"section\">\n\t\t\t\t\t\t<div class=\"elementor-container elementor-column-gap-default\">\n\t\t\t\t\t<div class=\"elementor-column elementor-col-100 elementor-inner-column elementor-element elementor-element-58338543\" data-id=\"58338543\" data-element_type=\"column\" data-e-type=\"column\">\n\t\t\t<div class=\"elementor-widget-wrap elementor-element-populated\">\n\t\t\t\t\t\t<div class=\"elementor-element elementor-element-464b2e11 elementor-widget elementor-widget-text-editor\" data-id=\"464b2e11\" data-element_type=\"widget\" data-e-type=\"widget\" data-widget_type=\"text-editor.default\">\n\t\t\t\t<div class=\"elementor-widget-container\">\n\t\t\t\t\t\t\t\t\t<div id=\"content\" class=\"content\" role=\"main\"><div class=\"vc_row wpb_row vc_row-fluid\"><div class=\"wpb_column vc_column_container vc_col-sm-12\"><div class=\"vc_column-inner\"><div class=\"wpb_wrapper\"><div id=\"texto\" class=\"wpb_text_column wpb_content_element\"><div class=\"wpb_wrapper\"><p><strong>DATA CONTROLLER<\/strong><\/p><p>In compliance with the duty of information established by Law 34\/2002, of July 11, on Information Society Services and Electronic Commerce, we inform you that this website is owned by:<br \/>Company name: <strong>DERMO, S.A.\u00a0<\/strong>\u00a0(Hereinafter the Responsible Party)<br \/>CIF \/ NIF:<strong> A58302969<\/strong><br \/>Registered Office: <strong>C\/ Pintor Joan Mir\u00f3, 16 Poliny\u00e0 (Barcelona) 08213<\/strong><br \/>Phones:\u00a0<strong>937133500<\/strong><br \/>e-mail: <strong>info@dermo.com<\/strong><br \/>Domain Names: <strong>dermo.com\u00a0<\/strong>(Hereinafter the Website)<\/p><p><strong>OBJECT<\/strong><\/p><p>The Controller makes this document available to users with the aim of complying with the provisions of current regulations on data protection and within the context of the new regulatory framework established pursuant to the provisions of Regulation (EU) 2016\/679 of the European Parliament and of the Council of 27 April 2016 on the protection of natural persons with regard to the processing of personal data and on the free movement of such data (hereinafter the \u201cGDPR\u201d) and national regulations on the protection of personal data, as well as to inform all users of the website of the conditions of use thereof.<\/p><p>Any person accessing this website assumes the role of user, committing to the observance and strict compliance with the provisions set forth herein, as well as any other legal provisions that may be applicable.<\/p><p>The Controller reserves the right to modify any type of information that may appear on the website, without any obligation to notify or inform users of such obligations, with publication on the Controller&#039;s website being deemed sufficient.<\/p><p><strong>RESPONSIBILITY<\/strong><\/p><p>The Controller is exempt from any type of liability derived from the information published on its website, provided that this information has been manipulated or introduced by a third party outside of it.<\/p><p><strong>IP ADDRESSES<\/strong><\/p><p>The website servers will be able to automatically detect the IP address and domain name used by the user.<\/p><p>An IP address is a number automatically assigned to a computer when it connects to the Internet. All this information is recorded in a duly registered server activity file, which allows the subsequent processing of the data in order to obtain purely statistical measurements that allow knowing the number of page impressions, the number of visits made to the web servers, the order of visits, the access point, etc.<strong>\u00a0<\/strong><\/p><p><strong>LINKING POLICY<\/strong><\/p><p>From this website, you may be redirected to content on third-party websites. Since the Controller cannot always control the content posted by third parties on their websites, it does not assume any type of responsibility for said content. In any case, the Controller declares that it will immediately remove any content that may contravene national or international legislation, morality or public order, proceeding to immediately remove the redirection to said website, bringing the content in question to the attention of the competent authorities.<\/p><p>The Controller is not responsible for the information and content stored, including but not limited to, forums, chat rooms, blog generators, comments, social networks or any other means that allow third parties to publish content independently on the Controller&#039;s website. However, and in compliance with the provisions of art. 11 and 16 of the LSSICE, the Controller makes itself available to all users, authorities and security forces, actively collaborating in the removal or, where appropriate, blocking of all content that could affect or contravene national or international legislation, third party rights or morality and public order. If the user considers that there is any content on the website that could be susceptible to this classification, please notify the website administrator immediately.<\/p><p>This website has been reviewed and tested to ensure that it functions correctly. In principle, correct operation can be guaranteed 365 days a year, 24 hours a day. However, the Controller does not rule out the possibility of certain programming errors, or the occurrence of force majeure, natural disasters, strikes, or similar circumstances that make access to the website impossible.<\/p><p><strong>\u00a0<\/strong><\/p><p><strong>DATA PROTECTION<\/strong><\/p><p>The Controller is deeply committed to compliance with the provisions of current regulations on data protection, and in the context of the new regulatory framework established pursuant to the provisions of Regulation (EU) 2016\/679 of the European Parliament and of the Council, of April 27, 2016, regarding the protection of natural persons with regard to the processing of personal data and the free circulation of these data (hereinafter, the &quot;RGPD&quot;), and national regulations on the protection of personal data.<\/p><p>Likewise, the Controller informs that it complies with Law 34\/2002 of July 11, on Information Society Services and Electronic Commerce and will request your consent to the processing of your data for commercial purposes at all times.<\/p><p><strong>\u00a0<\/strong><\/p><p><strong>INTELLECTUAL AND INDUSTRIAL PROPERTY<\/strong><\/p><p>The website, including but not limited to its programming, editing, compilation and other elements necessary for its operation, designs, logos, text and\/or graphics are the property of the Controller or, where applicable, have a license or express authorization from the authors.<\/p><p>All content on the website is duly protected by intellectual and industrial property regulations.<\/p><p>Regardless of the purpose for which they were intended, the total or partial reproduction, use, exploitation, distribution and commercialization, requires in all cases the prior written authorization of the Responsible Party. Any use not previously authorized by the Responsible Party will be considered a serious breach of the intellectual or industrial property rights of the author.<\/p><p>Any designs, logos, text and\/or graphics not belonging to the provider and which may appear on the website belong to their respective owners, who are themselves responsible for any possible controversy that may arise in relation to them. In any case, the Controller has the express and prior authorization of the same.<\/p><p>The Controller expressly authorizes third parties to redirect directly to specific content on the website, which must in all cases redirect to the main page of the Controller&#039;s website.<\/p><p>The Controller recognises the corresponding intellectual and industrial property rights in favour of their owners, and their mere mention or appearance on the website does not imply the existence of any rights or responsibility of the Controller over them, nor does it imply any endorsement, sponsorship or recommendation on its part.<\/p><p>For all images where the design software allows it, the corresponding references to the authorship and corresponding license have been included.<\/p><p>To make any kind of observation regarding possible breaches of intellectual or industrial property rights, as well as any of the contents of the website, you can do so through the following email address: info@dermo.com<\/p><p>\u00a0<\/p><p><strong>PRIVACY POLICY<\/strong><\/p><p><strong>1.- Information to the User<\/strong><\/p><p><b>\u2026\u2026<\/b> informs users of the website about its policy regarding the treatment and protection of personal data of users and customers that may be collected when browsing its website.<\/p><p>\u2026.. is the Controller of the User&#039;s personal data, and therefore provides the following information regarding the processing of your data:<\/p><p><strong>Data retention criteria:<\/strong> The personal data provided will be retained until the interested party requests its suspension, exercising his or her rights over the data, and in any case in compliance with the legal limitation periods that apply to him or her.<\/p><p><strong>Rights of interested parties:<\/strong><\/p><ul><li>Right to withdraw consent at any time.<\/li><li>Right to access, rectification, deletion, portability of your data and to limit or oppose its processing, as well as not being subject to automated individual decisions.<\/li><\/ul><p>Contact details to exercise your rights:<\/p><p>You must properly identify yourself and clearly request the right to exercise.<\/p><ul><li><strong>Postal address: C\/ Pintor Joan Mir\u00f3, 16 Poliny\u00e0 (Barcelona) 08213<\/strong><\/li><li><strong>Email address: info@dermo.com<\/strong><\/li><\/ul><p><strong>2.- Information provided by the user<\/strong><\/p><p>If you are under 18 years of age, the use of forms on our website is not permitted.<\/p><p>By entering their data in the contact forms or in download forms, Users expressly and freely accept that their data are necessary for the Controller to process their request, and the inclusion of data in the remaining fields is voluntary.<\/p><p>The User guarantees that the personal data provided is true and is responsible for communicating any changes to it.<\/p><p>All data requested through the website are necessary to provide an optimal service to the User. If all data is not provided, there is no guarantee that the information and services provided by the Controller will be fully tailored to your needs.<\/p><ol start=\"3\"><li><strong> Safety measures <\/strong><\/li><\/ol><p>That in accordance with the provisions of current regulations on the protection of personal data, the Controller is complying with all the provisions of the RGPD and LOPD regulations for the processing of personal data under its responsibility, which are processed in a lawful, fair and transparent manner in relation to the interested party and are adequate, relevant and limited to what is necessary in relation to the purposes for which they are processed.<\/p><p>The Controller guarantees that it has implemented appropriate technical and organisational policies to apply the security measures established by the GDPR and the LOPD in order to protect the rights and freedoms of Users and has communicated to them the appropriate information so that they can exercise them.<\/p><ol start=\"4\"><li><strong>Security Breaches<\/strong><\/li><\/ol><p>The Controller will inform any security breach affecting the database used by this website, or affecting any of our third-party services, to each and every person, whose data may have been affected, and to authorities, within 72 hours of detecting the breach.<\/p><p><strong>\u00a0<\/strong><\/p><p><strong>APPLICABLE LEGISLATION AND JURISDICTION<\/strong><\/p><p>For the resolution of all disputes or issues related to this website or the activities carried out on it, Spanish legislation will apply, to which the parties expressly submit, the Courts and Tribunals of Barcelona being competent for the resolution of all conflicts derived or related to its use.<\/p><\/div><\/div><\/div><\/div><\/div><\/div><\/div>\t\t\t\t\t\t\t\t<\/div>\n\t\t\t\t<\/div>\n\t\t\t\t\t<\/div>\n\t\t<\/div>\n\t\t\t\t\t<\/div>\n\t\t<\/section>\n\t\t\t\t\t<\/div>\n\t\t<\/div>\n\t\t\t\t\t<\/div>\n\t\t<\/section>\n\t\t\t\t<section class=\"elementor-section elementor-top-section elementor-element elementor-element-484f41e elementor-section-full_width elementor-section-height-default elementor-section-height-default elementor-invisible\" data-id=\"484f41e\" data-element_type=\"section\" data-e-type=\"section\" data-settings=\"{&quot;animation&quot;:&quot;slideInUp&quot;}\">\n\t\t\t\t\t\t<div class=\"elementor-container elementor-column-gap-default\">\n\t\t\t\t\t<div class=\"elementor-column elementor-col-100 elementor-top-column elementor-element elementor-element-19948363\" data-id=\"19948363\" data-element_type=\"column\" data-e-type=\"column\">\n\t\t\t<div class=\"elementor-widget-wrap elementor-element-populated\">\n\t\t\t\t\t\t<div class=\"elementor-element elementor-element-339044a4 elementor-widget elementor-widget-google_maps\" data-id=\"339044a4\" data-element_type=\"widget\" data-e-type=\"widget\" data-widget_type=\"google_maps.default\">\n\t\t\t\t<div class=\"elementor-widget-container\">\n\t\t\t\t\t\t\t<div class=\"elementor-custom-embed\">\n\t\t\t<iframe loading=\"lazy\"\n\t\t\t\t\tsrc=\"https:\/\/maps.google.com\/maps?q=C%2F%20Pintor%20Joan%20Miro%2C%2016.%20Pol.%20Ind.%20Can%20Humet%20de%20Dalt%2C%2008213%20Poliny%C3%A0.%20Barcelona&#038;t=m&#038;z=15&#038;output=embed&#038;iwloc=near\"\n\t\t\t\t\ttitle=\"C\/ Pintor Joan Miro, 16. Pol. Ind. Can Humet de Dalt, 08213 Poliny\u00e0. Barcelona\"\n\t\t\t\t\taria-label=\"C\/ Pintor Joan Miro, 16. Pol. Ind. Can Humet de Dalt, 08213 Poliny\u00e0. Barcelona\"\n\t\t\t><\/iframe>\n\t\t<\/div>\n\t\t\t\t\t\t<\/div>\n\t\t\t\t<\/div>\n\t\t\t\t\t<\/div>\n\t\t<\/div>\n\t\t\t\t\t<\/div>\n\t\t<\/section>\n\t\t\t\t<\/div>","protected":false},"excerpt":{"rendered":"<p>RESPONSABLE DEL TRATAMIENTO DE LOS DATOS En cumplimiento del deber de informaci\u00f3n que establece la Ley La 34\/2002, de 11 de julio, de Servicios de la Sociedad de la Informaci\u00f3n y del Comercio Electr\u00f3nico, le comunicamos que la presente web es titularidad de:Denominaci\u00f3n Social: DERMO, SA\u00a0\u00a0(En adelante El Responsable)CIF \/ NIF: A58302969Domicilio Social: C\/ Pintor&hellip;&nbsp;<a href=\"https:\/\/dermo.com\/en\/legal-notice-privacy-policy\/\" rel=\"bookmark\">Read More \u00bb<span class=\"screen-reader-text\">LEGAL NOTICE \u2013 PRIVACY POLICY<\/span><\/a><\/p>","protected":false},"author":2,"featured_media":0,"parent":0,"menu_order":0,"comment_status":"closed","ping_status":"closed","template":"page-templates\/template-pagebuilder-full-width.php","meta":{"neve_meta_sidebar":"","neve_meta_container":"","neve_meta_enable_content_width":"","neve_meta_content_width":0,"neve_meta_title_alignment":"","neve_meta_author_avatar":"","neve_post_elements_order":"","neve_meta_disable_header":"","neve_meta_disable_footer":"","neve_meta_disable_title":"","footnotes":""},"class_list":["post-12416","page","type-page","status-publish","hentry"],"yoast_head":"<!-- This site is optimized with the Yoast SEO plugin v27.0 - https:\/\/yoast.com\/product\/yoast-seo-wordpress\/ -->\n<title>AVISO LEGAL - POL\u00cdTICA DE PRIVACIDAD - Dermo | F\u00e1brica de detergentes<\/title>\n<meta name=\"robots\" content=\"index, follow, max-snippet:-1, max-image-preview:large, max-video-preview:-1\" \/>\n<link rel=\"canonical\" href=\"https:\/\/dermo.com\/en\/legal-notice-privacy-policy\/\" \/>\n<meta property=\"og:locale\" content=\"en_GB\" \/>\n<meta property=\"og:type\" content=\"article\" \/>\n<meta property=\"og:title\" content=\"AVISO LEGAL - POL\u00cdTICA DE PRIVACIDAD - Dermo | F\u00e1brica de detergentes\" \/>\n<meta property=\"og:description\" content=\"RESPONSABLE DEL TRATAMIENTO DE LOS DATOS En cumplimiento del deber de informaci\u00f3n que establece la Ley La 34\/2002, de 11 de julio, de Servicios de la Sociedad de la Informaci\u00f3n y del Comercio Electr\u00f3nico, le comunicamos que la presente web es titularidad de:Denominaci\u00f3n Social: DERMO, SA\u00a0\u00a0(En adelante El Responsable)CIF \/ NIF: A58302969Domicilio Social: C\/ Pintor&hellip;&nbsp;Read More &raquo;AVISO LEGAL &#8211; POL\u00cdTICA DE PRIVACIDAD\" \/>\n<meta property=\"og:url\" content=\"https:\/\/dermo.com\/en\/legal-notice-privacy-policy\/\" \/>\n<meta property=\"og:site_name\" content=\"Dermo | F\u00e1brica de detergentes\" \/>\n<meta property=\"article:modified_time\" content=\"2025-01-30T11:33:40+00:00\" \/>\n<meta name=\"twitter:card\" content=\"summary_large_image\" \/>\n<meta name=\"twitter:label1\" content=\"Estimated reading time\" \/>\n\t<meta name=\"twitter:data1\" content=\"9 minutes\" \/>\n<script type=\"application\/ld+json\" class=\"yoast-schema-graph\">{\"@context\":\"https:\/\/schema.org\",\"@graph\":[{\"@type\":\"WebPage\",\"@id\":\"https:\/\/dermo.com\/aviso-legal-politica-de-privacidad\/\",\"url\":\"https:\/\/dermo.com\/aviso-legal-politica-de-privacidad\/\",\"name\":\"AVISO LEGAL - POL\u00cdTICA DE PRIVACIDAD - Dermo | F\u00e1brica de detergentes\",\"isPartOf\":{\"@id\":\"https:\/\/dermo.com\/#website\"},\"datePublished\":\"2025-01-30T11:25:57+00:00\",\"dateModified\":\"2025-01-30T11:33:40+00:00\",\"breadcrumb\":{\"@id\":\"https:\/\/dermo.com\/aviso-legal-politica-de-privacidad\/#breadcrumb\"},\"inLanguage\":\"en-GB\",\"potentialAction\":[{\"@type\":\"ReadAction\",\"target\":[\"https:\/\/dermo.com\/aviso-legal-politica-de-privacidad\/\"]}]},{\"@type\":\"BreadcrumbList\",\"@id\":\"https:\/\/dermo.com\/aviso-legal-politica-de-privacidad\/#breadcrumb\",\"itemListElement\":[{\"@type\":\"ListItem\",\"position\":1,\"name\":\"Portada\",\"item\":\"https:\/\/dermo.com\/\"},{\"@type\":\"ListItem\",\"position\":2,\"name\":\"AVISO LEGAL &#8211; POL\u00cdTICA DE PRIVACIDAD\"}]},{\"@type\":\"WebSite\",\"@id\":\"https:\/\/dermo.com\/#website\",\"url\":\"https:\/\/dermo.com\/\",\"name\":\"Dermo | F\u00e1brica de detergentes\",\"description\":\"Tecnolog\u00eda avanzada, investigaci\u00f3n y desarrollo, respeto por el medio ambiente, competencia, formaci\u00f3n constante y alto nivel de profesionalidad en nuestro equipo humano, empe\u00f1ado en preservar la calidad de vida, la protecci\u00f3n del entorno natural contin\u00faan motiv\u00e1ndonos para desarrollar en nuestros laboratorios nuevos productos con ingredientes activos altamente biodegradables que hacen posible un desarrollo sostenible.\",\"potentialAction\":[{\"@type\":\"SearchAction\",\"target\":{\"@type\":\"EntryPoint\",\"urlTemplate\":\"https:\/\/dermo.com\/?s={search_term_string}\"},\"query-input\":{\"@type\":\"PropertyValueSpecification\",\"valueRequired\":true,\"valueName\":\"search_term_string\"}}],\"inLanguage\":\"en-GB\"}]}<\/script>\n<!-- \/ Yoast SEO plugin. -->","yoast_head_json":{"title":"LEGAL NOTICE - PRIVACY POLICY - Dermo | Detergent factory","robots":{"index":"index","follow":"follow","max-snippet":"max-snippet:-1","max-image-preview":"max-image-preview:large","max-video-preview":"max-video-preview:-1"},"canonical":"https:\/\/dermo.com\/en\/legal-notice-privacy-policy\/","og_locale":"en_GB","og_type":"article","og_title":"AVISO LEGAL - POL\u00cdTICA DE PRIVACIDAD - Dermo | F\u00e1brica de detergentes","og_description":"RESPONSABLE DEL TRATAMIENTO DE LOS DATOS En cumplimiento del deber de informaci\u00f3n que establece la Ley La 34\/2002, de 11 de julio, de Servicios de la Sociedad de la Informaci\u00f3n y del Comercio Electr\u00f3nico, le comunicamos que la presente web es titularidad de:Denominaci\u00f3n Social: DERMO, SA\u00a0\u00a0(En adelante El Responsable)CIF \/ NIF: A58302969Domicilio Social: C\/ Pintor&hellip;&nbsp;Read More &raquo;AVISO LEGAL &#8211; POL\u00cdTICA DE PRIVACIDAD","og_url":"https:\/\/dermo.com\/en\/legal-notice-privacy-policy\/","og_site_name":"Dermo | F\u00e1brica de detergentes","article_modified_time":"2025-01-30T11:33:40+00:00","twitter_card":"summary_large_image","twitter_misc":{"Estimated reading time":"9 minutes"},"schema":{"@context":"https:\/\/schema.org","@graph":[{"@type":"WebPage","@id":"https:\/\/dermo.com\/aviso-legal-politica-de-privacidad\/","url":"https:\/\/dermo.com\/aviso-legal-politica-de-privacidad\/","name":"LEGAL NOTICE - PRIVACY POLICY - Dermo | Detergent factory","isPartOf":{"@id":"https:\/\/dermo.com\/#website"},"datePublished":"2025-01-30T11:25:57+00:00","dateModified":"2025-01-30T11:33:40+00:00","breadcrumb":{"@id":"https:\/\/dermo.com\/aviso-legal-politica-de-privacidad\/#breadcrumb"},"inLanguage":"en-GB","potentialAction":[{"@type":"ReadAction","target":["https:\/\/dermo.com\/aviso-legal-politica-de-privacidad\/"]}]},{"@type":"BreadcrumbList","@id":"https:\/\/dermo.com\/aviso-legal-politica-de-privacidad\/#breadcrumb","itemListElement":[{"@type":"ListItem","position":1,"name":"Portada","item":"https:\/\/dermo.com\/"},{"@type":"ListItem","position":2,"name":"AVISO LEGAL &#8211; POL\u00cdTICA DE PRIVACIDAD"}]},{"@type":"WebSite","@id":"https:\/\/dermo.com\/#website","url":"https:\/\/dermo.com\/","name":"Dermo | detergent factory","description":"Advanced technology, research and development, respect for the environment, competence, constant training and a high level of professionalism in our team, committed to preserving the quality of life and protecting the natural environment, continue to motivate us to develop new products in our laboratories with highly biodegradable active ingredients that make sustainable development possible.","potentialAction":[{"@type":"SearchAction","target":{"@type":"EntryPoint","urlTemplate":"https:\/\/dermo.com\/?s={search_term_string}"},"query-input":{"@type":"PropertyValueSpecification","valueRequired":true,"valueName":"search_term_string"}}],"inLanguage":"en-GB"}]}},"_links":{"self":[{"href":"https:\/\/dermo.com\/en\/wp-json\/wp\/v2\/pages\/12416","targetHints":{"allow":["GET"]}}],"collection":[{"href":"https:\/\/dermo.com\/en\/wp-json\/wp\/v2\/pages"}],"about":[{"href":"https:\/\/dermo.com\/en\/wp-json\/wp\/v2\/types\/page"}],"author":[{"embeddable":true,"href":"https:\/\/dermo.com\/en\/wp-json\/wp\/v2\/users\/2"}],"replies":[{"embeddable":true,"href":"https:\/\/dermo.com\/en\/wp-json\/wp\/v2\/comments?post=12416"}],"version-history":[{"count":7,"href":"https:\/\/dermo.com\/en\/wp-json\/wp\/v2\/pages\/12416\/revisions"}],"predecessor-version":[{"id":12449,"href":"https:\/\/dermo.com\/en\/wp-json\/wp\/v2\/pages\/12416\/revisions\/12449"}],"wp:attachment":[{"href":"https:\/\/dermo.com\/en\/wp-json\/wp\/v2\/media?parent=12416"}],"curies":[{"name":"wp","href":"https:\/\/api.w.org\/{rel}","templated":true}]}}