{"id":12476,"date":"2025-01-30T12:42:47","date_gmt":"2025-01-30T11:42:47","guid":{"rendered":"https:\/\/dermo.com\/?page_id=12476"},"modified":"2025-02-20T10:37:57","modified_gmt":"2025-02-20T09:37:57","slug":"ammonia-with-detergent","status":"publish","type":"page","link":"https:\/\/dermo.com\/en\/ammonia-with-detergent\/","title":{"rendered":"Ammonia with detergent"},"content":{"rendered":"<div data-elementor-type=\"wp-page\" data-elementor-id=\"12476\" class=\"elementor elementor-12476\" data-elementor-post-type=\"page\">\n\t\t\t\t\t\t<section class=\"elementor-section elementor-top-section elementor-element elementor-element-a02683f elementor-section-boxed elementor-section-height-default elementor-section-height-default\" data-id=\"a02683f\" data-element_type=\"section\" data-e-type=\"section\" data-settings=\"{&quot;background_background&quot;:&quot;classic&quot;}\">\n\t\t\t\t\t\t\t<div class=\"elementor-background-overlay\"><\/div>\n\t\t\t\t\t\t\t<div class=\"elementor-container elementor-column-gap-default\">\n\t\t\t\t\t<div class=\"elementor-column elementor-col-100 elementor-top-column elementor-element elementor-element-f99dbff\" data-id=\"f99dbff\" data-element_type=\"column\" data-e-type=\"column\">\n\t\t\t<div class=\"elementor-widget-wrap elementor-element-populated\">\n\t\t\t\t\t\t\t<\/div>\n\t\t<\/div>\n\t\t\t\t\t<\/div>\n\t\t<\/section>\n\t\t\t\t<section class=\"elementor-section elementor-top-section elementor-element elementor-element-4dfbb9b elementor-section-boxed elementor-section-height-default elementor-section-height-default\" data-id=\"4dfbb9b\" data-element_type=\"section\" data-e-type=\"section\">\n\t\t\t\t\t\t<div class=\"elementor-container elementor-column-gap-default\">\n\t\t\t\t\t<div class=\"elementor-column elementor-col-100 elementor-top-column elementor-element elementor-element-0e74df1\" data-id=\"0e74df1\" data-element_type=\"column\" data-e-type=\"column\">\n\t\t\t<div class=\"elementor-widget-wrap elementor-element-populated\">\n\t\t\t\t<div class=\"elementor-element elementor-element-9dfbc4c e-grid e-con-boxed e-con e-parent\" data-id=\"9dfbc4c\" data-element_type=\"container\" data-e-type=\"container\">\n\t\t\t\t\t<div class=\"e-con-inner\">\n\t\t\t\t<div class=\"elementor-element elementor-element-02f6e5a elementor-widget elementor-widget-text-editor\" data-id=\"02f6e5a\" data-element_type=\"widget\" data-e-type=\"widget\" data-widget_type=\"text-editor.default\">\n\t\t\t\t<div class=\"elementor-widget-container\">\n\t\t\t\t\t\t\t\t\t<div id=\"wpb_visual_composer\" class=\"postbox\"><div class=\"inside\"><div class=\"metabox-composer-content\"><div id=\"visual_composer_content\" class=\"wpb_main_sortable main_wrapper ui-sortable\"><div class=\"wpb_vc_row wpb_sortable vc_main-sortable-element\" data-element_type=\"vc_row\" data-model-id=\"38d4cd0d-cc7a\"><div class=\"wpb_element_wrapper\"><div class=\"vc_row vc_row-fluid wpb_row_container vc_container_for_children ui-sortable\"><div class=\"wpb_vc_column wpb_sortable vc_col-sm-6 wpb_content_holder\" data-element_type=\"vc_column\" data-vc-column-width=\"11\" data-model-id=\"4c35e79f-20d3\" data-width=\"1\/2\"><div class=\"wpb_element_wrapper\"><div class=\"wpb_column_container vc_container_for_children ui-sortable\"><div class=\"wpb_vc_column_text wpb_content_element wpb_sortable\" data-element_type=\"vc_column_text\" data-model-id=\"c5d96270-98e9\"><div class=\"wpb_element_wrapper clearfix\"><div class=\"wpb_vc_param_value content textarea_html\">\u00a0<\/div><\/div><\/div><div class=\"wpb_vc_column_text wpb_content_element wpb_sortable\" data-element_type=\"vc_column_text\" data-model-id=\"2d20440e-6cb2\"><div class=\"wpb_element_wrapper clearfix\"><div class=\"wpb_vc_param_value content textarea_html\"><div class=\"wpb_text_column wpb_content_element\"><div class=\"wpb_wrapper\"><h2><strong>Ammonia with detergent<\/strong><\/h2><p>Discover the applications of our <strong>ammonia with detergent<\/strong> Amonil, a product that will be a basic in the cleaning of your home, business or any space. It is an ammonia-based liquid detergent that is used to clean and degrease any type of hard surface, such as toilets, kitchens, floors, tiles, plastic-coated furniture, laminated furniture...<\/p><\/div><\/div><div class=\"wpb_single_image wpb_content_element vc_align_left\"><figure class=\"wpb_wrapper vc_figure\"><div class=\"vc_single_image-wrapper   vc_box_border_grey\"><img fetchpriority=\"high\" decoding=\"async\" class=\"vc_single_image-img attachment-full\" src=\"https:\/\/dermo.com\/wp-content\/uploads\/2023\/11\/Empresa-ambientadores-1.png\" sizes=\"(max-width: 2000px) 100vw, 2000px\" srcset=\"https:\/\/dermo.com\/wp-content\/uploads\/2023\/11\/Empresa-ambientadores-1.png 2000w, https:\/\/dermo.com\/wp-content\/uploads\/2023\/11\/Empresa-ambientadores-1-300x212.png 300w, https:\/\/dermo.com\/wp-content\/uploads\/2023\/11\/Empresa-ambientadores-1-1024x724.png 1024w, https:\/\/dermo.com\/wp-content\/uploads\/2023\/11\/Empresa-ambientadores-1-768x543.png 768w, https:\/\/dermo.com\/wp-content\/uploads\/2023\/11\/Empresa-ambientadores-1-1536x1086.png 1536w\" alt=\"Girl cleaning her home with cleaning products\" width=\"2000\" height=\"1414\" data-dt-location=\"https:\/\/dermo.com\/amoniaco-con-detergente\/empresa-ambientadores-1\/\" \/><\/div><\/figure><div>\u00a0<\/div><\/div><div class=\"wpb_text_column wpb_content_element\"><div class=\"wpb_wrapper\"><p>It is an ammonia detergent that has a high concentration and has a long durability, because its application is done with very low doses, being able to act effectively on floors that are very dirty. <strong>ammonia with detergent<\/strong> Dermo&#039;s detergent is the perfect combination for deep cleaning many surfaces that have embedded dirt, completely eliminating bacteria and also ensuring that this cleaning lasts over time. Thanks to the detergent, a pleasant aroma is also achieved that will leave the surfaces clean and with a pleasant sensation and greater freshness.<\/p><p>This <strong>ammonia with detergent<\/strong> that we offer you at Dermo, will allow you to clean floors and walls, toilets, kitchens and tiles in a very simple way, since you only have to use a cloth or sponge soaked in this product and rinse with plenty of water, for an incredible result.<\/p><p>You should pay attention to the instructions on the label, as this product is not recommended for floors that are crystallized, as it could end up tinting them. It has a blue appearance and a viscous feel, so that it impregnates the surfaces and manages to remove all the accumulated dirt. As it is a concentrated product, it is recommended to dilute the product in water, between 5 and 10%.<\/p><\/div><\/div><section class=\"vc_cta3-container\"><div class=\"vc_general vc_cta3 vc_cta3-style-classic vc_cta3-shape-rounded vc_cta3-align-left vc_cta3-color-classic vc_cta3-icon-size-md\"><div class=\"vc_cta3_content-container\"><div class=\"vc_cta3-content\"><header class=\"vc_cta3-content-header\"><h2>Discover the power of impeccable cleaning with our superior quality detergents!<\/h2><\/header><p>Are you looking for efficient and environmentally friendly cleaning solutions? Look no further! Turn the daily task of cleaning into an easy and effective experience.<\/p><\/div><\/div><\/div><\/section><div class=\"vc_btn3-container vc_btn3-center\">\u00a0<\/div><div class=\"wpb_text_column wpb_content_element\"><div class=\"wpb_wrapper\"><p>At Dermo, we are specialists in the development of professional cleaning products, so we can help you with everything you need to efficiently clean all types of surfaces. You can contact us to get the most efficient products to clean all types of objects and surfaces.<\/p><p>In addition to this <strong>ammonia with detergent<\/strong> For floor treatment, at Dermo you can find multi-purpose cleaners, air fresheners, bathroom cleaners, personal hygiene products, degreasers, disinfectants, laundry products... After many years of experience in this sector, at Dermo we adapt to your needs and study the best way to create efficient products with a high concentration power to guarantee high profitability for customers, as well as the customization of packaging, logistics, packaging or distribution of the same.<\/p><p>We design and manufacture chemical products and detergents, such as <strong>ammonia with detergent<\/strong>, always with the highest quality and specialization. Our goal is to offer our clients a comprehensive service that can cover any type of need, regardless of whether it is at a personal or professional level.<\/p><\/div><\/div><\/div><div class=\"vision-contentbox\"><div class=\"vision-contentbox-title tt-cb-title-blue\">\u00a0<\/div><div class=\"vision-contentbox-content tt-content-style-blue\"><h3><strong>Dermo SA<\/strong><\/h3><p>C\/ Pintor Joan Miro, 16. Pol. Ind. Can Humet de Dalt, 08213 Poliny\u00e0. Barcelona<\/p><p>Tel: +34 937 13 35 00 \u2022 Fax: +34 937 13 34 51<br \/>Hours: Mon: 8:00 \u2013 13:30 \/ 15:00 \u2013 18:00 \u2022 Fri: 7:00 \u2013 14:00<br \/>e-mail:\u00a0<a href=\"mailto:dermo@dermo.com\">dermo@dermo.com<\/a><\/p><\/div><\/div><div class=\"vc_row wpb_row vc_inner vc_row-fluid\"><div class=\"wpb_column vc_column_container vc_col-sm-12\"><div class=\"vc_column-inner\"><div class=\"wpb_wrapper\"><div class=\"wpb_single_image wpb_content_element vc_align_center\"><figure class=\"wpb_wrapper vc_figure\"><div class=\"vc_single_image-wrapper vc_box_border_grey\"><img decoding=\"async\" class=\"vc_single_image-img attachment-full\" src=\"https:\/\/dermo.com\/wp-content\/uploads\/2015\/03\/dermo_logo_iso_nou1.jpg\" alt=\"\" width=\"150\" height=\"75\" data-dt-location=\"https:\/\/dermo.com\/portada\/dermo_logo_iso_nou-2\/\" \/><\/div><\/figure><\/div><\/div><\/div><\/div><\/div><\/div><\/div><\/div><\/div><\/div><\/div><\/div><\/div><\/div><\/div><\/div><\/div>\t\t\t\t\t\t\t\t<\/div>\n\t\t\t\t<\/div>\n\t\t\t\t<div class=\"elementor-element elementor-element-386f9af elementor-widget elementor-widget-elementskit-contact-form7\" data-id=\"386f9af\" data-element_type=\"widget\" data-e-type=\"widget\" data-widget_type=\"elementskit-contact-form7.default\">\n\t\t\t\t<div class=\"elementor-widget-container\">\n\t\t\t\t\t<div class=\"ekit-wid-con\" ><div class=\"ekit-form\">\n<div class=\"wpcf7 no-js\" id=\"wpcf7-f13292-p12476-o1\" lang=\"es-ES\" dir=\"ltr\" data-wpcf7-id=\"13292\">\n<div class=\"screen-reader-response\"><p role=\"status\" aria-live=\"polite\" aria-atomic=\"true\"><\/p> <ul><\/ul><\/div>\n<form action=\"\/en\/ammonia-with-detergent\/#wpcf7-f13292-p12476-o1\" method=\"post\" class=\"wpcf7-form init\" aria-label=\"Formulario de contacto\" novalidate=\"novalidate\" data-status=\"init\" data-no-translation-aria-label=\"\" data-trp-original-action=\"\/fr\/amoniaco-con-detergente\/#wpcf7-f13292-p12476-o1\">\n<fieldset class=\"hidden-fields-container\"><input type=\"hidden\" name=\"_wpcf7\" value=\"13292\" \/><input type=\"hidden\" name=\"_wpcf7_version\" value=\"6.1.5\" \/><input type=\"hidden\" name=\"_wpcf7_locale\" value=\"es_ES\" \/><input type=\"hidden\" name=\"_wpcf7_unit_tag\" value=\"wpcf7-f13292-p12476-o1\" \/><input type=\"hidden\" name=\"_wpcf7_container_post\" value=\"12476\" \/><input type=\"hidden\" name=\"_wpcf7_posted_data_hash\" value=\"\" \/><input type=\"hidden\" name=\"_wpcf7_recaptcha_response\" value=\"\" \/>\n<\/fieldset>\n<div style=\"display: flex; gap: 10px;\">\n\t<div style=\"width: 50%;\">\n\t\t<p><span class=\"wpcf7-form-control-wrap\" data-name=\"your-name\"><input size=\"40\" maxlength=\"400\" class=\"wpcf7-form-control wpcf7-text wpcf7-validates-as-required\" aria-required=\"true\" aria-invalid=\"false\" placeholder=\"Name\" value=\"\" type=\"text\" name=\"your-name\" \/><\/span>\n\t\t<\/p>\n\t<\/div>\n\t<div style=\"width: 50%;\">\n\t\t<p><span class=\"wpcf7-form-control-wrap\" data-name=\"your-phone\"><input size=\"40\" maxlength=\"400\" class=\"wpcf7-form-control wpcf7-tel wpcf7-validates-as-required wpcf7-text wpcf7-validates-as-tel\" aria-required=\"true\" aria-invalid=\"false\" placeholder=\"Phone\" value=\"\" type=\"tel\" name=\"your-phone\" \/><\/span>\n\t\t<\/p>\n\t<\/div>\n<\/div>\n<p><span class=\"wpcf7-form-control-wrap\" data-name=\"your-email\"><input size=\"40\" maxlength=\"400\" class=\"wpcf7-form-control wpcf7-email wpcf7-validates-as-required wpcf7-text wpcf7-validates-as-email\" aria-required=\"true\" aria-invalid=\"false\" placeholder=\"Email\" value=\"\" type=\"email\" name=\"your-email\" \/><\/span>\n<\/p>\n<div style=\"display: flex; gap: 10px;\">\n\t<div style=\"width: 50%;\">\n\t\t<p><span class=\"wpcf7-form-control-wrap\" data-name=\"your-country\"><input size=\"40\" maxlength=\"400\" class=\"wpcf7-form-control wpcf7-text wpcf7-validates-as-required\" aria-required=\"true\" aria-invalid=\"false\" placeholder=\"Country\" value=\"\" type=\"text\" name=\"your-country\" \/><\/span>\n\t\t<\/p>\n\t<\/div>\n\t<div style=\"width: 50%;\">\n\t\t<p><span class=\"wpcf7-form-control-wrap\" data-name=\"your-city\"><input size=\"40\" maxlength=\"400\" class=\"wpcf7-form-control wpcf7-text wpcf7-validates-as-required\" aria-required=\"true\" aria-invalid=\"false\" placeholder=\"Population\" value=\"\" type=\"text\" name=\"your-city\" \/><\/span>\n\t\t<\/p>\n\t<\/div>\n<\/div>\n<p><span class=\"wpcf7-form-control-wrap\" data-name=\"your-subject\"><select class=\"wpcf7-form-control wpcf7-select\" aria-invalid=\"false\" name=\"your-subject\"><option value=\"Quiero ser distribuidor\">I want to be a distributor<\/option><option value=\"Presupuesto\">Budget<\/option><option value=\"Consulta\">Consultation<\/option><option value=\"Sugerencia\">Suggestion<\/option><option value=\"Otros\">Others<\/option><\/select><\/span>\n<\/p>\n<p><span class=\"wpcf7-form-control-wrap\" data-name=\"your-message\"><textarea cols=\"40\" rows=\"10\" maxlength=\"2000\" class=\"wpcf7-form-control wpcf7-textarea\" aria-invalid=\"false\" placeholder=\"Message or query\" name=\"your-message\"><\/textarea><\/span>\n<\/p>\n<div style=\"display: flex; align-items: center; gap: 10px;\">\n\t<p><span class=\"wpcf7-form-control-wrap\" data-name=\"privacy-policy\"><span class=\"wpcf7-form-control wpcf7-acceptance\"><span class=\"wpcf7-list-item\"><input type=\"checkbox\" name=\"privacy-policy\" value=\"1\" aria-invalid=\"false\" \/><\/span><\/span><\/span><label for=\"privacy-policy\" style=\"margin-left: 5px;\">I have read and accept the privacy policy.<\/label>\n\t<\/p>\n<\/div>\n<div style=\"display: flex; align-items: center; gap: 10px;\">\n\t<p><span class=\"wpcf7-form-control-wrap\" data-name=\"send-info\"><span class=\"wpcf7-form-control wpcf7-acceptance\"><span class=\"wpcf7-list-item\"><input type=\"checkbox\" name=\"send-info\" value=\"1\" aria-invalid=\"false\" \/><\/span><\/span><\/span><label for=\"send-info\" style=\"margin-left: 5px;\">I agree to receive information.<\/label>\n\t<\/p>\n<\/div>\n<p><input class=\"wpcf7-form-control wpcf7-submit has-spinner\" type=\"submit\" value=\"Send\" \/>\n<\/p><div class=\"wpcf7-response-output\" aria-hidden=\"true\"><\/div>\n<input type=\"hidden\" name=\"trp-form-language\" value=\"en\"\/><\/form>\n<\/div>\n<\/div><\/div>\t\t\t\t<\/div>\n\t\t\t\t<\/div>\n\t\t\t\t\t<\/div>\n\t\t\t\t<\/div>\n\t\t\t\t\t<\/div>\n\t\t<\/div>\n\t\t\t\t\t<\/div>\n\t\t<\/section>\n\t\t\t\t<section class=\"elementor-section elementor-top-section elementor-element elementor-element-484f41e elementor-section-full_width elementor-section-height-default elementor-section-height-default elementor-invisible\" data-id=\"484f41e\" data-element_type=\"section\" data-e-type=\"section\" data-settings=\"{&quot;animation&quot;:&quot;slideInUp&quot;}\">\n\t\t\t\t\t\t<div class=\"elementor-container elementor-column-gap-default\">\n\t\t\t\t\t<div class=\"elementor-column elementor-col-100 elementor-top-column elementor-element elementor-element-19948363\" data-id=\"19948363\" data-element_type=\"column\" data-e-type=\"column\">\n\t\t\t<div class=\"elementor-widget-wrap elementor-element-populated\">\n\t\t\t\t\t\t<div class=\"elementor-element elementor-element-339044a4 elementor-widget elementor-widget-google_maps\" data-id=\"339044a4\" data-element_type=\"widget\" data-e-type=\"widget\" data-widget_type=\"google_maps.default\">\n\t\t\t\t<div class=\"elementor-widget-container\">\n\t\t\t\t\t\t\t<div class=\"elementor-custom-embed\">\n\t\t\t<iframe loading=\"lazy\"\n\t\t\t\t\tsrc=\"https:\/\/maps.google.com\/maps?q=C%2F%20Pintor%20Joan%20Miro%2C%2016.%20Pol.%20Ind.%20Can%20Humet%20de%20Dalt%2C%2008213%20Poliny%C3%A0.%20Barcelona&#038;t=m&#038;z=15&#038;output=embed&#038;iwloc=near\"\n\t\t\t\t\ttitle=\"C\/ Pintor Joan Miro, 16. Pol. Ind. Can Humet de Dalt, 08213 Poliny\u00e0. Barcelona\"\n\t\t\t\t\taria-label=\"C\/ Pintor Joan Miro, 16. Pol. Ind. Can Humet de Dalt, 08213 Poliny\u00e0. Barcelona\"\n\t\t\t><\/iframe>\n\t\t<\/div>\n\t\t\t\t\t\t<\/div>\n\t\t\t\t<\/div>\n\t\t\t\t\t<\/div>\n\t\t<\/div>\n\t\t\t\t\t<\/div>\n\t\t<\/section>\n\t\t\t\t<\/div>","protected":false},"excerpt":{"rendered":"<p>\u00a0 Ammonia with Detergent Discover the applications of our Amonil ammonia with detergent, a product that will be a staple in cleaning your home, business, or any space. This liquid ammonia detergent is suitable for both cleaning and degreasing all types of hard surfaces, such as toilets, kitchens, floors, tiles, and more.&nbsp;<a href=\"https:\/\/dermo.com\/en\/ammonia-with-detergent\/\" rel=\"bookmark\">Read More \u00bb<span class=\"screen-reader-text\">Ammonia with detergent<\/span><\/a><\/p>","protected":false},"author":2,"featured_media":0,"parent":0,"menu_order":0,"comment_status":"closed","ping_status":"closed","template":"page-templates\/template-pagebuilder-full-width.php","meta":{"neve_meta_sidebar":"","neve_meta_container":"","neve_meta_enable_content_width":"","neve_meta_content_width":0,"neve_meta_title_alignment":"","neve_meta_author_avatar":"","neve_post_elements_order":"","neve_meta_disable_header":"","neve_meta_disable_footer":"","neve_meta_disable_title":"","footnotes":""},"class_list":["post-12476","page","type-page","status-publish","hentry"],"yoast_head":"<!-- This site is optimized with the Yoast SEO plugin v27.0 - https:\/\/yoast.com\/product\/yoast-seo-wordpress\/ -->\n<title>Amoniaco con detergente - Dermo | F\u00e1brica de detergentes<\/title>\n<meta name=\"robots\" content=\"index, follow, max-snippet:-1, max-image-preview:large, max-video-preview:-1\" \/>\n<link rel=\"canonical\" href=\"https:\/\/dermo.com\/en\/ammonia-with-detergent\/\" \/>\n<meta property=\"og:locale\" content=\"en_GB\" \/>\n<meta property=\"og:type\" content=\"article\" \/>\n<meta property=\"og:title\" content=\"Amoniaco con detergente - Dermo | F\u00e1brica de detergentes\" \/>\n<meta property=\"og:description\" content=\"\u00a0 Amon\u00edaco con detergente Descubre las aplicaciones de nuestro amon\u00edaco con detergente Amonil, un producto que ser\u00e1 un b\u00e1sico en la limpieza de tu vivienda, negocio o cualquier espacio. Se trata de un detergente l\u00edquido amoniacal que sirve, tanto para limpiar como para desengrasar cualquier tipo de superficie dura, tales como sanitarios, cocinas, suelos, azulejos,&hellip;&nbsp;Read More &raquo;Amoniaco con detergente\" \/>\n<meta property=\"og:url\" content=\"https:\/\/dermo.com\/en\/ammonia-with-detergent\/\" \/>\n<meta property=\"og:site_name\" content=\"Dermo | F\u00e1brica de detergentes\" \/>\n<meta property=\"article:modified_time\" content=\"2025-02-20T09:37:57+00:00\" \/>\n<meta property=\"og:image\" content=\"https:\/\/dermo.com\/wp-content\/uploads\/2023\/11\/Empresa-ambientadores-1.png\" \/>\n<meta name=\"twitter:card\" content=\"summary_large_image\" \/>\n<meta name=\"twitter:label1\" content=\"Estimated reading time\" \/>\n\t<meta name=\"twitter:data1\" content=\"3 minutes\" \/>\n<script type=\"application\/ld+json\" class=\"yoast-schema-graph\">{\"@context\":\"https:\/\/schema.org\",\"@graph\":[{\"@type\":\"WebPage\",\"@id\":\"https:\/\/dermo.com\/amoniaco-con-detergente\/\",\"url\":\"https:\/\/dermo.com\/amoniaco-con-detergente\/\",\"name\":\"Amoniaco con detergente - Dermo | F\u00e1brica de detergentes\",\"isPartOf\":{\"@id\":\"https:\/\/dermo.com\/#website\"},\"primaryImageOfPage\":{\"@id\":\"https:\/\/dermo.com\/amoniaco-con-detergente\/#primaryimage\"},\"image\":{\"@id\":\"https:\/\/dermo.com\/amoniaco-con-detergente\/#primaryimage\"},\"thumbnailUrl\":\"https:\/\/dermo.com\/wp-content\/uploads\/2023\/11\/Empresa-ambientadores-1.png\",\"datePublished\":\"2025-01-30T11:42:47+00:00\",\"dateModified\":\"2025-02-20T09:37:57+00:00\",\"breadcrumb\":{\"@id\":\"https:\/\/dermo.com\/amoniaco-con-detergente\/#breadcrumb\"},\"inLanguage\":\"en-GB\",\"potentialAction\":[{\"@type\":\"ReadAction\",\"target\":[\"https:\/\/dermo.com\/amoniaco-con-detergente\/\"]}]},{\"@type\":\"ImageObject\",\"inLanguage\":\"en-GB\",\"@id\":\"https:\/\/dermo.com\/amoniaco-con-detergente\/#primaryimage\",\"url\":\"https:\/\/dermo.com\/wp-content\/uploads\/2023\/11\/Empresa-ambientadores-1.png\",\"contentUrl\":\"https:\/\/dermo.com\/wp-content\/uploads\/2023\/11\/Empresa-ambientadores-1.png\"},{\"@type\":\"BreadcrumbList\",\"@id\":\"https:\/\/dermo.com\/amoniaco-con-detergente\/#breadcrumb\",\"itemListElement\":[{\"@type\":\"ListItem\",\"position\":1,\"name\":\"Portada\",\"item\":\"https:\/\/dermo.com\/\"},{\"@type\":\"ListItem\",\"position\":2,\"name\":\"Amoniaco con detergente\"}]},{\"@type\":\"WebSite\",\"@id\":\"https:\/\/dermo.com\/#website\",\"url\":\"https:\/\/dermo.com\/\",\"name\":\"Dermo | F\u00e1brica de detergentes\",\"description\":\"Tecnolog\u00eda avanzada, investigaci\u00f3n y desarrollo, respeto por el medio ambiente, competencia, formaci\u00f3n constante y alto nivel de profesionalidad en nuestro equipo humano, empe\u00f1ado en preservar la calidad de vida, la protecci\u00f3n del entorno natural contin\u00faan motiv\u00e1ndonos para desarrollar en nuestros laboratorios nuevos productos con ingredientes activos altamente biodegradables que hacen posible un desarrollo sostenible.\",\"potentialAction\":[{\"@type\":\"SearchAction\",\"target\":{\"@type\":\"EntryPoint\",\"urlTemplate\":\"https:\/\/dermo.com\/?s={search_term_string}\"},\"query-input\":{\"@type\":\"PropertyValueSpecification\",\"valueRequired\":true,\"valueName\":\"search_term_string\"}}],\"inLanguage\":\"en-GB\"}]}<\/script>\n<!-- \/ Yoast SEO plugin. -->","yoast_head_json":{"title":"Ammonia with detergent - Dermo | Detergent factory","robots":{"index":"index","follow":"follow","max-snippet":"max-snippet:-1","max-image-preview":"max-image-preview:large","max-video-preview":"max-video-preview:-1"},"canonical":"https:\/\/dermo.com\/en\/ammonia-with-detergent\/","og_locale":"en_GB","og_type":"article","og_title":"Amoniaco con detergente - Dermo | F\u00e1brica de detergentes","og_description":"\u00a0 Amon\u00edaco con detergente Descubre las aplicaciones de nuestro amon\u00edaco con detergente Amonil, un producto que ser\u00e1 un b\u00e1sico en la limpieza de tu vivienda, negocio o cualquier espacio. Se trata de un detergente l\u00edquido amoniacal que sirve, tanto para limpiar como para desengrasar cualquier tipo de superficie dura, tales como sanitarios, cocinas, suelos, azulejos,&hellip;&nbsp;Read More &raquo;Amoniaco con detergente","og_url":"https:\/\/dermo.com\/en\/ammonia-with-detergent\/","og_site_name":"Dermo | F\u00e1brica de detergentes","article_modified_time":"2025-02-20T09:37:57+00:00","og_image":[{"url":"https:\/\/dermo.com\/wp-content\/uploads\/2023\/11\/Empresa-ambientadores-1.png","type":"","width":"","height":""}],"twitter_card":"summary_large_image","twitter_misc":{"Estimated reading time":"3 minutes"},"schema":{"@context":"https:\/\/schema.org","@graph":[{"@type":"WebPage","@id":"https:\/\/dermo.com\/amoniaco-con-detergente\/","url":"https:\/\/dermo.com\/amoniaco-con-detergente\/","name":"Ammonia with detergent - Dermo | Detergent factory","isPartOf":{"@id":"https:\/\/dermo.com\/#website"},"primaryImageOfPage":{"@id":"https:\/\/dermo.com\/amoniaco-con-detergente\/#primaryimage"},"image":{"@id":"https:\/\/dermo.com\/amoniaco-con-detergente\/#primaryimage"},"thumbnailUrl":"https:\/\/dermo.com\/wp-content\/uploads\/2023\/11\/Empresa-ambientadores-1.png","datePublished":"2025-01-30T11:42:47+00:00","dateModified":"2025-02-20T09:37:57+00:00","breadcrumb":{"@id":"https:\/\/dermo.com\/amoniaco-con-detergente\/#breadcrumb"},"inLanguage":"en-GB","potentialAction":[{"@type":"ReadAction","target":["https:\/\/dermo.com\/amoniaco-con-detergente\/"]}]},{"@type":"ImageObject","inLanguage":"en-GB","@id":"https:\/\/dermo.com\/amoniaco-con-detergente\/#primaryimage","url":"https:\/\/dermo.com\/wp-content\/uploads\/2023\/11\/Empresa-ambientadores-1.png","contentUrl":"https:\/\/dermo.com\/wp-content\/uploads\/2023\/11\/Empresa-ambientadores-1.png"},{"@type":"BreadcrumbList","@id":"https:\/\/dermo.com\/amoniaco-con-detergente\/#breadcrumb","itemListElement":[{"@type":"ListItem","position":1,"name":"Portada","item":"https:\/\/dermo.com\/"},{"@type":"ListItem","position":2,"name":"Amoniaco con detergente"}]},{"@type":"WebSite","@id":"https:\/\/dermo.com\/#website","url":"https:\/\/dermo.com\/","name":"Dermo | detergent factory","description":"Advanced technology, research and development, respect for the environment, competence, constant training and a high level of professionalism in our team, committed to preserving the quality of life and protecting the natural environment, continue to motivate us to develop new products in our laboratories with highly biodegradable active ingredients that make sustainable development possible.","potentialAction":[{"@type":"SearchAction","target":{"@type":"EntryPoint","urlTemplate":"https:\/\/dermo.com\/?s={search_term_string}"},"query-input":{"@type":"PropertyValueSpecification","valueRequired":true,"valueName":"search_term_string"}}],"inLanguage":"en-GB"}]}},"_links":{"self":[{"href":"https:\/\/dermo.com\/en\/wp-json\/wp\/v2\/pages\/12476","targetHints":{"allow":["GET"]}}],"collection":[{"href":"https:\/\/dermo.com\/en\/wp-json\/wp\/v2\/pages"}],"about":[{"href":"https:\/\/dermo.com\/en\/wp-json\/wp\/v2\/types\/page"}],"author":[{"embeddable":true,"href":"https:\/\/dermo.com\/en\/wp-json\/wp\/v2\/users\/2"}],"replies":[{"embeddable":true,"href":"https:\/\/dermo.com\/en\/wp-json\/wp\/v2\/comments?post=12476"}],"version-history":[{"count":7,"href":"https:\/\/dermo.com\/en\/wp-json\/wp\/v2\/pages\/12476\/revisions"}],"predecessor-version":[{"id":13752,"href":"https:\/\/dermo.com\/en\/wp-json\/wp\/v2\/pages\/12476\/revisions\/13752"}],"wp:attachment":[{"href":"https:\/\/dermo.com\/en\/wp-json\/wp\/v2\/media?parent=12476"}],"curies":[{"name":"wp","href":"https:\/\/api.w.org\/{rel}","templated":true}]}}