{"id":12794,"date":"2025-01-31T10:26:24","date_gmt":"2025-01-31T09:26:24","guid":{"rendered":"https:\/\/dermo.com\/?page_id=12794"},"modified":"2025-01-31T11:04:35","modified_gmt":"2025-01-31T10:04:35","slug":"landing-template","status":"publish","type":"page","link":"https:\/\/dermo.com\/en\/landing-template\/","title":{"rendered":"Landing Template"},"content":{"rendered":"\t\t<div data-elementor-type=\"wp-page\" data-elementor-id=\"12794\" class=\"elementor elementor-12794\" data-elementor-post-type=\"page\">\n\t\t\t\t\t\t<section class=\"elementor-section elementor-top-section elementor-element elementor-element-a02683f elementor-section-boxed elementor-section-height-default elementor-section-height-default\" data-id=\"a02683f\" data-element_type=\"section\" data-e-type=\"section\" data-settings=\"{&quot;background_background&quot;:&quot;classic&quot;}\">\n\t\t\t\t\t\t\t<div class=\"elementor-background-overlay\"><\/div>\n\t\t\t\t\t\t\t<div class=\"elementor-container elementor-column-gap-default\">\n\t\t\t\t\t<div class=\"elementor-column elementor-col-100 elementor-top-column elementor-element elementor-element-f99dbff\" data-id=\"f99dbff\" data-element_type=\"column\" data-e-type=\"column\">\n\t\t\t<div class=\"elementor-widget-wrap elementor-element-populated\">\n\t\t\t\t\t\t\t<\/div>\n\t\t<\/div>\n\t\t\t\t\t<\/div>\n\t\t<\/section>\n\t\t\t\t<section class=\"elementor-section elementor-top-section elementor-element elementor-element-233ad3a4 elementor-section-boxed elementor-section-height-default elementor-section-height-default\" data-id=\"233ad3a4\" data-element_type=\"section\" data-e-type=\"section\">\n\t\t\t\t\t\t<div class=\"elementor-container elementor-column-gap-default\">\n\t\t\t\t\t<div class=\"elementor-column elementor-col-100 elementor-top-column elementor-element elementor-element-3244e578\" data-id=\"3244e578\" data-element_type=\"column\" data-e-type=\"column\">\n\t\t\t<div class=\"elementor-widget-wrap elementor-element-populated\">\n\t\t\t\t\t\t<section class=\"elementor-section elementor-inner-section elementor-element elementor-element-1a7040c2 elementor-section-content-middle elementor-section-boxed elementor-section-height-default elementor-section-height-default\" data-id=\"1a7040c2\" data-element_type=\"section\" data-e-type=\"section\">\n\t\t\t\t\t\t<div class=\"elementor-container elementor-column-gap-default\">\n\t\t\t\t\t<div class=\"elementor-column elementor-col-50 elementor-inner-column elementor-element elementor-element-58338543\" data-id=\"58338543\" data-element_type=\"column\" data-e-type=\"column\">\n\t\t\t<div class=\"elementor-widget-wrap elementor-element-populated\">\n\t\t\t\t\t\t<div class=\"elementor-element elementor-element-464b2e11 elementor-widget elementor-widget-text-editor\" data-id=\"464b2e11\" data-element_type=\"widget\" data-e-type=\"widget\" data-widget_type=\"text-editor.default\">\n\t\t\t\t<div class=\"elementor-widget-container\">\n\t\t\t\t\t\t\t\t\t<div id=\"lipsum\"><p>Muchas veces parece no d\u00e1rsele la importancia que realmente tienen a la\u00a0<strong>limpieza<\/strong>\u00a0y a la\u00a0<strong>higiene<\/strong>. Pero en verdad, sin darnos cuenta, han devenido un factor primordial, por no decir una necesidad imperante de primer orden, que debe ser solventada para garantizarnos el apropiado desarrollo de nuestro d\u00eda a d\u00eda. Quiz\u00e1s no lo pensemos con detenimiento, pero, \u00bfqu\u00e9 har\u00edamos sin ellas? Aunque no lleguemos a tom\u00e1rnoslo como esa necesidad primaria que es, solo hace falta pensar en qu\u00e9 comer\u00edamos si los alimentos no pudieran lavarse, c\u00f3mo los cocinar\u00edamos si nuestras ollas y sartenes estuvieran sucias, o qu\u00e9 ropa nos pondr\u00edamos ma\u00f1ana para acudir a esa reuni\u00f3n de trabajo tan importante.<\/p><p>La necesidad de la\u00a0<strong>higiene<\/strong>\u00a0es sustancial y, porque sabemos de ello y porque tenemos un compromiso para con todas las personas que necesitan ver esa necesidad resuelta; en\u00a0<strong>Dermo S.A.<\/strong>, poco a poco, hemos ido construyendo los cimientos de una din\u00e1mica y familiar\u00a0<strong>f\u00e1brica de detergentes<\/strong>, donde elaboramos una amplia gama de productos de\u00a0<strong>higiene<\/strong>, para uso\u00a0<strong>dom\u00e9stico\u00a0<\/strong>e\u00a0<strong>industrial<\/strong>, que tras 25 a\u00f1os de s\u00f3lida experiencia se ha situado entre sus competidoras como una fuerte apuesta para la garant\u00eda del cubrimiento de esta necesidad vital.<\/p><p>\u00a0<\/p><\/div>\t\t\t\t\t\t\t\t<\/div>\n\t\t\t\t<\/div>\n\t\t\t\t\t<\/div>\n\t\t<\/div>\n\t\t\t\t<div class=\"elementor-column elementor-col-50 elementor-inner-column elementor-element elementor-element-4facfc6b elementor-invisible\" data-id=\"4facfc6b\" data-element_type=\"column\" data-e-type=\"column\" data-settings=\"{&quot;animation&quot;:&quot;bounceInRight&quot;}\">\n\t\t\t<div class=\"elementor-widget-wrap elementor-element-populated\">\n\t\t\t\t\t\t<div class=\"elementor-element elementor-element-2933592c elementor-button-align-start elementor-widget elementor-widget-form\" data-id=\"2933592c\" data-element_type=\"widget\" data-e-type=\"widget\" data-settings=\"{&quot;step_next_label&quot;:&quot;Next&quot;,&quot;step_previous_label&quot;:&quot;Previous&quot;,&quot;button_width&quot;:&quot;100&quot;,&quot;step_type&quot;:&quot;number_text&quot;,&quot;step_icon_shape&quot;:&quot;circle&quot;}\" data-widget_type=\"form.default\">\n\t\t\t\t<div class=\"elementor-widget-container\">\n\t\t\t\t\t\t\t<form class=\"elementor-form\" method=\"post\" name=\"New Form\" aria-label=\"New Form\">\n\t\t\t<input type=\"hidden\" name=\"post_id\" value=\"12794\"\/>\n\t\t\t<input type=\"hidden\" name=\"form_id\" value=\"2933592c\"\/>\n\t\t\t<input type=\"hidden\" name=\"referer_title\" value=\"Dermo | F\u00e1brica de detergentes\" \/>\n\n\t\t\t\n\t\t\t<div class=\"elementor-form-fields-wrapper elementor-labels-\">\n\t\t\t\t\t\t\t\t<div class=\"elementor-field-type-text elementor-field-group elementor-column elementor-field-group-name elementor-col-50 elementor-field-required\">\n\t\t\t\t\t\t\t\t\t\t\t\t<label for=\"form-field-name\" class=\"elementor-field-label elementor-screen-only\">\n\t\t\t\t\t\t\t\tNombre\t\t\t\t\t\t\t<\/label>\n\t\t\t\t\t\t\t\t\t\t\t\t\t\t<input size=\"1\" type=\"text\" name=\"form_fields[name]\" id=\"form-field-name\" class=\"elementor-field elementor-size-sm  elementor-field-textual\" placeholder=\"Nombre\" required=\"required\">\n\t\t\t\t\t\t\t\t\t\t\t<\/div>\n\t\t\t\t\t\t\t\t<div class=\"elementor-field-type-tel elementor-field-group elementor-column elementor-field-group-field_49b4b1e elementor-col-50 elementor-field-required\">\n\t\t\t\t\t\t\t\t\t\t\t\t<label for=\"form-field-field_49b4b1e\" class=\"elementor-field-label elementor-screen-only\">\n\t\t\t\t\t\t\t\tTelefono\t\t\t\t\t\t\t<\/label>\n\t\t\t\t\t\t\t\t<input size=\"1\" type=\"tel\" name=\"form_fields[field_49b4b1e]\" id=\"form-field-field_49b4b1e\" class=\"elementor-field elementor-size-sm  elementor-field-textual\" placeholder=\"Tel\u00e9fono\" required=\"required\" pattern=\"[0-9()#&amp;+*-=.]+\" title=\"Only numbers and phone characters (#, -, *, etc) are accepted.\">\n\n\t\t\t\t\t\t<\/div>\n\t\t\t\t\t\t\t\t<div class=\"elementor-field-type-email elementor-field-group elementor-column elementor-field-group-email elementor-col-100 elementor-field-required\">\n\t\t\t\t\t\t\t\t\t\t\t\t<label for=\"form-field-email\" class=\"elementor-field-label elementor-screen-only\">\n\t\t\t\t\t\t\t\tEmail\t\t\t\t\t\t\t<\/label>\n\t\t\t\t\t\t\t\t\t\t\t\t\t\t<input size=\"1\" type=\"email\" name=\"form_fields[email]\" id=\"form-field-email\" class=\"elementor-field elementor-size-sm  elementor-field-textual\" placeholder=\"Email\" required=\"required\">\n\t\t\t\t\t\t\t\t\t\t\t<\/div>\n\t\t\t\t\t\t\t\t<div class=\"elementor-field-type-text elementor-field-group elementor-column elementor-field-group-field_ca0f8b6 elementor-col-50 elementor-field-required\">\n\t\t\t\t\t\t\t\t\t\t\t\t<label for=\"form-field-field_ca0f8b6\" class=\"elementor-field-label elementor-screen-only\">\n\t\t\t\t\t\t\t\tPa\u00eds\t\t\t\t\t\t\t<\/label>\n\t\t\t\t\t\t\t\t\t\t\t\t\t\t<input size=\"1\" type=\"text\" name=\"form_fields[field_ca0f8b6]\" id=\"form-field-field_ca0f8b6\" class=\"elementor-field elementor-size-sm  elementor-field-textual\" placeholder=\"Pa\u00eds\" required=\"required\">\n\t\t\t\t\t\t\t\t\t\t\t<\/div>\n\t\t\t\t\t\t\t\t<div class=\"elementor-field-type-text elementor-field-group elementor-column elementor-field-group-field_b85d894 elementor-col-50 elementor-field-required\">\n\t\t\t\t\t\t\t\t\t\t\t\t<label for=\"form-field-field_b85d894\" class=\"elementor-field-label elementor-screen-only\">\n\t\t\t\t\t\t\t\tPoblacion\t\t\t\t\t\t\t<\/label>\n\t\t\t\t\t\t\t\t\t\t\t\t\t\t<input size=\"1\" type=\"text\" name=\"form_fields[field_b85d894]\" id=\"form-field-field_b85d894\" class=\"elementor-field elementor-size-sm  elementor-field-textual\" placeholder=\"Poblaci\u00f3n\" required=\"required\">\n\t\t\t\t\t\t\t\t\t\t\t<\/div>\n\t\t\t\t\t\t\t\t<div class=\"elementor-field-type-select elementor-field-group elementor-column elementor-field-group-field_b97759e elementor-col-100 elementor-field-required\">\n\t\t\t\t\t\t\t\t\t\t\t\t<label for=\"form-field-field_b97759e\" class=\"elementor-field-label elementor-screen-only\">\n\t\t\t\t\t\t\t\tAsunto\t\t\t\t\t\t\t<\/label>\n\t\t\t\t\t\t\t\t<div class=\"elementor-field elementor-select-wrapper remove-before \">\n\t\t\t<div class=\"select-caret-down-wrapper\">\n\t\t\t\t<svg aria-hidden=\"true\" class=\"e-font-icon-svg e-eicon-caret-down\" viewBox=\"0 0 571.4 571.4\" xmlns=\"http:\/\/www.w3.org\/2000\/svg\"><path d=\"M571 393Q571 407 561 418L311 668Q300 679 286 679T261 668L11 418Q0 407 0 393T11 368 36 357H536Q550 357 561 368T571 393Z\"><\/path><\/svg>\t\t\t<\/div>\n\t\t\t<select name=\"form_fields[field_b97759e]\" id=\"form-field-field_b97759e\" class=\"elementor-field-textual elementor-size-sm\" required=\"required\">\n\t\t\t\t\t\t\t\t\t<option value=\"Quiero ser distribuidor\">Quiero ser distribuidor<\/option>\n\t\t\t\t\t\t\t\t\t<option value=\"Presupuesto\">Presupuesto<\/option>\n\t\t\t\t\t\t\t\t\t<option value=\"Consulta\">Consulta<\/option>\n\t\t\t\t\t\t\t\t\t<option value=\"Sugerencia\">Sugerencia<\/option>\n\t\t\t\t\t\t\t\t\t<option value=\"Otras\">Otras<\/option>\n\t\t\t\t\t\t\t<\/select>\n\t\t<\/div>\n\t\t\t\t\t\t<\/div>\n\t\t\t\t\t\t\t\t<div class=\"elementor-field-type-textarea elementor-field-group elementor-column elementor-field-group-message elementor-col-100\">\n\t\t\t\t\t\t\t\t\t\t\t\t<label for=\"form-field-message\" class=\"elementor-field-label elementor-screen-only\">\n\t\t\t\t\t\t\t\tMensaje\t\t\t\t\t\t\t<\/label>\n\t\t\t\t\t\t<textarea class=\"elementor-field-textual elementor-field  elementor-size-sm\" name=\"form_fields[message]\" id=\"form-field-message\" rows=\"4\" placeholder=\"Mensaje o consulta\"><\/textarea>\t\t\t\t<\/div>\n\t\t\t\t\t\t\t\t<div class=\"elementor-field-type-acceptance elementor-field-group elementor-column elementor-field-group-field_91f0c9b elementor-col-100 elementor-field-required\">\n\t\t\t\t\t\t\t<div class=\"elementor-field-subgroup\">\n\t\t\t<span class=\"elementor-field-option\">\n\t\t\t\t<input type=\"checkbox\" name=\"form_fields[field_91f0c9b]\" id=\"form-field-field_91f0c9b\" class=\"elementor-field elementor-size-sm  elementor-acceptance-field\" required=\"required\">\n\t\t\t\t<label for=\"form-field-field_91f0c9b\">He le\u00eddo y acepto la pol\u00edtica de privacidad.<\/label>\t\t\t<\/span>\n\t\t<\/div>\n\t\t\t\t\t\t<\/div>\n\t\t\t\t\t\t\t\t<div class=\"elementor-field-type-acceptance elementor-field-group elementor-column elementor-field-group-field_54f090b elementor-col-100 elementor-field-required\">\n\t\t\t\t\t\t\t<div class=\"elementor-field-subgroup\">\n\t\t\t<span class=\"elementor-field-option\">\n\t\t\t\t<input type=\"checkbox\" name=\"form_fields[field_54f090b]\" id=\"form-field-field_54f090b\" class=\"elementor-field elementor-size-sm  elementor-acceptance-field\" required=\"required\">\n\t\t\t\t<label for=\"form-field-field_54f090b\">Acepto el env\u00edo de informaci\u00f3n<\/label>\t\t\t<\/span>\n\t\t<\/div>\n\t\t\t\t\t\t<\/div>\n\t\t\t\t\t\t\t\t<div class=\"elementor-field-type-recaptcha_v3 elementor-field-group elementor-column elementor-field-group-field_2f4e023 elementor-col-100 recaptcha_v3-bottomleft\">\n\t\t\t\t\t<div class=\"elementor-field\" id=\"form-field-field_2f4e023\"><div class=\"elementor-g-recaptcha\" data-sitekey=\"6LfL7c4qAAAAAIoxmeOo5CzuD-fsT7PW0EBb-qun\" data-type=\"v3\" data-action=\"Form\" data-badge=\"bottomleft\" data-size=\"invisible\"><\/div><\/div>\t\t\t\t<\/div>\n\t\t\t\t\t\t\t\t<div class=\"elementor-field-group elementor-column elementor-field-type-submit elementor-col-100 e-form__buttons\">\n\t\t\t\t\t<button class=\"elementor-button elementor-size-md\" type=\"submit\">\n\t\t\t\t\t\t<span class=\"elementor-button-content-wrapper\">\n\t\t\t\t\t\t\t\t\t\t\t\t\t\t\t\t\t\t\t\t\t\t<span class=\"elementor-button-text\">ENVIAR<\/span>\n\t\t\t\t\t\t\t\t\t\t\t\t\t<\/span>\n\t\t\t\t\t<\/button>\n\t\t\t\t<\/div>\n\t\t\t<\/div>\n\t\t<\/form>\n\t\t\t\t\t\t<\/div>\n\t\t\t\t<\/div>\n\t\t\t\t\t<\/div>\n\t\t<\/div>\n\t\t\t\t\t<\/div>\n\t\t<\/section>\n\t\t\t\t<div class=\"elementor-element elementor-element-615d68f elementor-widget elementor-widget-text-editor\" data-id=\"615d68f\" data-element_type=\"widget\" data-e-type=\"widget\" data-widget_type=\"text-editor.default\">\n\t\t\t\t<div class=\"elementor-widget-container\">\n\t\t\t\t\t\t\t\t\t<p>En\u00a0<strong>Dermo S.A.,<\/strong>\u00a0<strong>f\u00e1brica de detergentes,<\/strong>\u00a0ofrecemos a nuestros clientes los mejores\u00a0<strong>detergentes<\/strong>\u00a0y complementos y accesorios para garantizar cumplir con esa necesidad, teniendo en cuenta siempre sus exigencias y peticiones. Nuestro car\u00e1cter familiar y cercano, siempre en contacto para garantizar la fiabilidad y satisfacci\u00f3n del producto (<strong>detergente<\/strong>), es el que nos ha permitido establecernos en una posici\u00f3n destacada, as\u00ed como la calidad de nuestros productos firmados con el sello de las m\u00e1s altas normas europeas (ISO 9001:2008) y a favor del medio ambiente (productos ecol\u00f3gicos). Valores que transmitimos todos y cada uno de los miembros que conforman nuestra\u00a0<strong>f\u00e1brica de detergentes,\u00a0<\/strong>profesionales formados y con distintivas calificaciones y conocimientos, que brindan su esfuerzo, su compromiso y su responsabilidad en cada una de las actividades que realizamos en\u00a0<strong>Dermo S.A.<\/strong><\/p><p>Gracias a la confianza de \u00e9stos y a la de nuestros proveedores y trabajadores, tras tanto tiempo elaborando\u00a0<strong>detergentes<\/strong>\u00a0para el uso\u00a0<strong>dom\u00e9stico<\/strong>\u00a0e\u00a0<strong>industrial<\/strong>, as\u00ed como muy presentes en clientes del sector de servicios (hoteles, geri\u00e1tricos, restaurantes, hospitales\u2026), hemos logrado velar por el merecido disfrute de esta necesidad en todas y cada una de las personas, y alcanzado la excelencia en cualquiera de nuestros servicios, haciendo que nuestra\u00a0<strong>f\u00e1brica de detergentes<\/strong>\u00a0se sit\u00fae en una posici\u00f3n privilegiada dentro del mercado. La actividad no cesa nunca en\u00a0<strong>Dermo S.A.<\/strong>\u00a0y, contando con los avances tecnol\u00f3gicos m\u00e1s novedosos, aplicados en nuestros\u00a0<strong>laboratorios<\/strong>\u00a0e instalaciones, con una atenci\u00f3n y un trato directo y meritorio; en\u00a0<strong>Dermo S.A.<\/strong>\u00a0os garantizamos el debido cubrimiento de esta necesidad vital, por la que sentimos respeto y que se ha convertido en el motor que empuja nuestro compromiso para tratar de ser los mejores.<\/p><p>La m\u00e1xima principal y valor que alimenta nuestro d\u00eda a d\u00eda, son nuestros clientes y su plena satisfacci\u00f3n, por ello focalizamos nuestra labor en velar por ella y, en hacerlo, ofreciendo los mejores productos y servicios para ver realizado nuestro cometido, en este caso\u00a0<strong>detergentes<\/strong>\u00a0para la\u00a0<strong>higiene\u00a0<\/strong>en sus m\u00faltiple usos,\u00a0<strong>dom\u00e9stico<\/strong>\u00a0e\u00a0<strong>industrial<\/strong>. Si busc\u00e1is vuestra empresa de confianza y\u00a0<strong>f\u00e1brica de detergentes<\/strong>, para la elaboraci\u00f3n de vuestros propios productos y distribuci\u00f3n de una marca \u00fanica, responsable y comprometida,\u00a0<strong>Dermo S.A.<\/strong>, cuesti\u00f3n de\u00a0<strong>higiene<\/strong>.<\/p>\t\t\t\t\t\t\t\t<\/div>\n\t\t\t\t<\/div>\n\t\t\t\t\t<\/div>\n\t\t<\/div>\n\t\t\t\t\t<\/div>\n\t\t<\/section>\n\t\t\t\t<section class=\"elementor-section elementor-top-section elementor-element elementor-element-484f41e elementor-section-full_width elementor-section-height-default elementor-section-height-default elementor-invisible\" data-id=\"484f41e\" data-element_type=\"section\" data-e-type=\"section\" data-settings=\"{&quot;animation&quot;:&quot;slideInUp&quot;}\">\n\t\t\t\t\t\t<div class=\"elementor-container elementor-column-gap-default\">\n\t\t\t\t\t<div class=\"elementor-column elementor-col-100 elementor-top-column elementor-element elementor-element-19948363\" data-id=\"19948363\" data-element_type=\"column\" data-e-type=\"column\">\n\t\t\t<div class=\"elementor-widget-wrap elementor-element-populated\">\n\t\t\t\t\t\t<div class=\"elementor-element elementor-element-339044a4 elementor-widget elementor-widget-google_maps\" data-id=\"339044a4\" data-element_type=\"widget\" data-e-type=\"widget\" data-widget_type=\"google_maps.default\">\n\t\t\t\t<div class=\"elementor-widget-container\">\n\t\t\t\t\t\t\t<div class=\"elementor-custom-embed\">\n\t\t\t<iframe loading=\"lazy\"\n\t\t\t\t\tsrc=\"https:\/\/maps.google.com\/maps?q=C%2F%20Pintor%20Joan%20Miro%2C%2016.%20Pol.%20Ind.%20Can%20Humet%20de%20Dalt%2C%2008213%20Poliny%C3%A0.%20Barcelona&#038;t=m&#038;z=15&#038;output=embed&#038;iwloc=near\"\n\t\t\t\t\ttitle=\"C\/ Pintor Joan Miro, 16. Pol. Ind. Can Humet de Dalt, 08213 Poliny\u00e0. Barcelona\"\n\t\t\t\t\taria-label=\"C\/ Pintor Joan Miro, 16. Pol. Ind. Can Humet de Dalt, 08213 Poliny\u00e0. Barcelona\"\n\t\t\t><\/iframe>\n\t\t<\/div>\n\t\t\t\t\t\t<\/div>\n\t\t\t\t<\/div>\n\t\t\t\t\t<\/div>\n\t\t<\/div>\n\t\t\t\t\t<\/div>\n\t\t<\/section>\n\t\t\t\t<\/div>\n\t\t","protected":false},"excerpt":{"rendered":"<p>Cleanliness and hygiene often seem to be overlooked for their true importance. But in truth, without realizing it, they have become a primary factor, if not a pressing need of the first order, that must be addressed to ensure the proper functioning of our daily lives. We may not think about it carefully, but...&nbsp;<a href=\"https:\/\/dermo.com\/en\/landing-template\/\" rel=\"bookmark\">Read More \u00bb<span class=\"screen-reader-text\">Landing Template<\/span><\/a><\/p>","protected":false},"author":2,"featured_media":0,"parent":0,"menu_order":0,"comment_status":"closed","ping_status":"closed","template":"page-templates\/template-pagebuilder-full-width.php","meta":{"neve_meta_sidebar":"","neve_meta_container":"","neve_meta_enable_content_width":"off","neve_meta_content_width":100,"neve_meta_title_alignment":"","neve_meta_author_avatar":"","neve_post_elements_order":"","neve_meta_disable_header":"","neve_meta_disable_footer":"","neve_meta_disable_title":"","footnotes":""},"class_list":["post-12794","page","type-page","status-publish","hentry"],"yoast_head":"<!-- This site is optimized with the Yoast SEO plugin v27.0 - https:\/\/yoast.com\/product\/yoast-seo-wordpress\/ -->\n<title>Plantilla Landing - Dermo | F\u00e1brica de detergentes<\/title>\n<meta name=\"robots\" content=\"index, follow, max-snippet:-1, max-image-preview:large, max-video-preview:-1\" \/>\n<link rel=\"canonical\" href=\"https:\/\/dermo.com\/en\/landing-template\/\" \/>\n<meta property=\"og:locale\" content=\"en_GB\" \/>\n<meta property=\"og:type\" content=\"article\" \/>\n<meta property=\"og:title\" content=\"Plantilla Landing - Dermo | F\u00e1brica de detergentes\" \/>\n<meta property=\"og:description\" content=\"Muchas veces parece no d\u00e1rsele la importancia que realmente tienen a la\u00a0limpieza\u00a0y a la\u00a0higiene. Pero en verdad, sin darnos cuenta, han devenido un factor primordial, por no decir una necesidad imperante de primer orden, que debe ser solventada para garantizarnos el apropiado desarrollo de nuestro d\u00eda a d\u00eda. Quiz\u00e1s no lo pensemos con detenimiento, pero,&hellip;&nbsp;Read More &raquo;Plantilla Landing\" \/>\n<meta property=\"og:url\" content=\"https:\/\/dermo.com\/en\/landing-template\/\" \/>\n<meta property=\"og:site_name\" content=\"Dermo | F\u00e1brica de detergentes\" \/>\n<meta property=\"article:modified_time\" content=\"2025-01-31T10:04:35+00:00\" \/>\n<meta name=\"twitter:card\" content=\"summary_large_image\" \/>\n<meta name=\"twitter:label1\" content=\"Estimated reading time\" \/>\n\t<meta name=\"twitter:data1\" content=\"3 minutes\" \/>\n<script type=\"application\/ld+json\" class=\"yoast-schema-graph\">{\"@context\":\"https:\/\/schema.org\",\"@graph\":[{\"@type\":\"WebPage\",\"@id\":\"https:\/\/dermo.com\/plantilla-landing\/\",\"url\":\"https:\/\/dermo.com\/plantilla-landing\/\",\"name\":\"Plantilla Landing - Dermo | F\u00e1brica de detergentes\",\"isPartOf\":{\"@id\":\"https:\/\/dermo.com\/#website\"},\"datePublished\":\"2025-01-31T09:26:24+00:00\",\"dateModified\":\"2025-01-31T10:04:35+00:00\",\"breadcrumb\":{\"@id\":\"https:\/\/dermo.com\/plantilla-landing\/#breadcrumb\"},\"inLanguage\":\"en-GB\",\"potentialAction\":[{\"@type\":\"ReadAction\",\"target\":[\"https:\/\/dermo.com\/plantilla-landing\/\"]}]},{\"@type\":\"BreadcrumbList\",\"@id\":\"https:\/\/dermo.com\/plantilla-landing\/#breadcrumb\",\"itemListElement\":[{\"@type\":\"ListItem\",\"position\":1,\"name\":\"Portada\",\"item\":\"https:\/\/dermo.com\/\"},{\"@type\":\"ListItem\",\"position\":2,\"name\":\"Plantilla Landing\"}]},{\"@type\":\"WebSite\",\"@id\":\"https:\/\/dermo.com\/#website\",\"url\":\"https:\/\/dermo.com\/\",\"name\":\"Dermo | F\u00e1brica de detergentes\",\"description\":\"Tecnolog\u00eda avanzada, investigaci\u00f3n y desarrollo, respeto por el medio ambiente, competencia, formaci\u00f3n constante y alto nivel de profesionalidad en nuestro equipo humano, empe\u00f1ado en preservar la calidad de vida, la protecci\u00f3n del entorno natural contin\u00faan motiv\u00e1ndonos para desarrollar en nuestros laboratorios nuevos productos con ingredientes activos altamente biodegradables que hacen posible un desarrollo sostenible.\",\"potentialAction\":[{\"@type\":\"SearchAction\",\"target\":{\"@type\":\"EntryPoint\",\"urlTemplate\":\"https:\/\/dermo.com\/?s={search_term_string}\"},\"query-input\":{\"@type\":\"PropertyValueSpecification\",\"valueRequired\":true,\"valueName\":\"search_term_string\"}}],\"inLanguage\":\"en-GB\"}]}<\/script>\n<!-- \/ Yoast SEO plugin. -->","yoast_head_json":{"title":"Landing Template - Dermo | Detergent Factory","robots":{"index":"index","follow":"follow","max-snippet":"max-snippet:-1","max-image-preview":"max-image-preview:large","max-video-preview":"max-video-preview:-1"},"canonical":"https:\/\/dermo.com\/en\/landing-template\/","og_locale":"en_GB","og_type":"article","og_title":"Plantilla Landing - Dermo | F\u00e1brica de detergentes","og_description":"Muchas veces parece no d\u00e1rsele la importancia que realmente tienen a la\u00a0limpieza\u00a0y a la\u00a0higiene. Pero en verdad, sin darnos cuenta, han devenido un factor primordial, por no decir una necesidad imperante de primer orden, que debe ser solventada para garantizarnos el apropiado desarrollo de nuestro d\u00eda a d\u00eda. Quiz\u00e1s no lo pensemos con detenimiento, pero,&hellip;&nbsp;Read More &raquo;Plantilla Landing","og_url":"https:\/\/dermo.com\/en\/landing-template\/","og_site_name":"Dermo | F\u00e1brica de detergentes","article_modified_time":"2025-01-31T10:04:35+00:00","twitter_card":"summary_large_image","twitter_misc":{"Estimated reading time":"3 minutes"},"schema":{"@context":"https:\/\/schema.org","@graph":[{"@type":"WebPage","@id":"https:\/\/dermo.com\/plantilla-landing\/","url":"https:\/\/dermo.com\/plantilla-landing\/","name":"Landing Template - Dermo | Detergent Factory","isPartOf":{"@id":"https:\/\/dermo.com\/#website"},"datePublished":"2025-01-31T09:26:24+00:00","dateModified":"2025-01-31T10:04:35+00:00","breadcrumb":{"@id":"https:\/\/dermo.com\/plantilla-landing\/#breadcrumb"},"inLanguage":"en-GB","potentialAction":[{"@type":"ReadAction","target":["https:\/\/dermo.com\/plantilla-landing\/"]}]},{"@type":"BreadcrumbList","@id":"https:\/\/dermo.com\/plantilla-landing\/#breadcrumb","itemListElement":[{"@type":"ListItem","position":1,"name":"Portada","item":"https:\/\/dermo.com\/"},{"@type":"ListItem","position":2,"name":"Plantilla Landing"}]},{"@type":"WebSite","@id":"https:\/\/dermo.com\/#website","url":"https:\/\/dermo.com\/","name":"Dermo | detergent factory","description":"Advanced technology, research and development, respect for the environment, competence, constant training and a high level of professionalism in our team, committed to preserving the quality of life and protecting the natural environment, continue to motivate us to develop new products in our laboratories with highly biodegradable active ingredients that make sustainable development possible.","potentialAction":[{"@type":"SearchAction","target":{"@type":"EntryPoint","urlTemplate":"https:\/\/dermo.com\/?s={search_term_string}"},"query-input":{"@type":"PropertyValueSpecification","valueRequired":true,"valueName":"search_term_string"}}],"inLanguage":"en-GB"}]}},"_links":{"self":[{"href":"https:\/\/dermo.com\/en\/wp-json\/wp\/v2\/pages\/12794","targetHints":{"allow":["GET"]}}],"collection":[{"href":"https:\/\/dermo.com\/en\/wp-json\/wp\/v2\/pages"}],"about":[{"href":"https:\/\/dermo.com\/en\/wp-json\/wp\/v2\/types\/page"}],"author":[{"embeddable":true,"href":"https:\/\/dermo.com\/en\/wp-json\/wp\/v2\/users\/2"}],"replies":[{"embeddable":true,"href":"https:\/\/dermo.com\/en\/wp-json\/wp\/v2\/comments?post=12794"}],"version-history":[{"count":5,"href":"https:\/\/dermo.com\/en\/wp-json\/wp\/v2\/pages\/12794\/revisions"}],"predecessor-version":[{"id":12919,"href":"https:\/\/dermo.com\/en\/wp-json\/wp\/v2\/pages\/12794\/revisions\/12919"}],"wp:attachment":[{"href":"https:\/\/dermo.com\/en\/wp-json\/wp\/v2\/media?parent=12794"}],"curies":[{"name":"wp","href":"https:\/\/api.w.org\/{rel}","templated":true}]}}