{"id":12905,"date":"2025-01-31T10:57:59","date_gmt":"2025-01-31T09:57:59","guid":{"rendered":"https:\/\/dermo.com\/?page_id=12905"},"modified":"2025-02-19T11:35:57","modified_gmt":"2025-02-19T10:35:57","slug":"moisturizing-detergent","status":"publish","type":"page","link":"https:\/\/dermo.com\/en\/moisturizing-detergent\/","title":{"rendered":"Moisturizing detergent"},"content":{"rendered":"<div data-elementor-type=\"wp-page\" data-elementor-id=\"12905\" class=\"elementor elementor-12905\" data-elementor-post-type=\"page\">\n\t\t\t\t\t\t<section class=\"elementor-section elementor-top-section elementor-element elementor-element-fb2f3b6 elementor-section-boxed elementor-section-height-default elementor-section-height-default\" data-id=\"fb2f3b6\" data-element_type=\"section\" data-e-type=\"section\" data-settings=\"{&quot;background_background&quot;:&quot;classic&quot;}\">\n\t\t\t\t\t\t\t<div class=\"elementor-background-overlay\"><\/div>\n\t\t\t\t\t\t\t<div class=\"elementor-container elementor-column-gap-default\">\n\t\t\t\t\t<div class=\"elementor-column elementor-col-100 elementor-top-column elementor-element elementor-element-b698978\" data-id=\"b698978\" data-element_type=\"column\" data-e-type=\"column\">\n\t\t\t<div class=\"elementor-widget-wrap elementor-element-populated\">\n\t\t\t\t\t\t\t<\/div>\n\t\t<\/div>\n\t\t\t\t\t<\/div>\n\t\t<\/section>\n\t\t\t\t<section class=\"elementor-section elementor-top-section elementor-element elementor-element-f9550df elementor-section-boxed elementor-section-height-default elementor-section-height-default\" data-id=\"f9550df\" data-element_type=\"section\" data-e-type=\"section\">\n\t\t\t\t\t\t<div class=\"elementor-container elementor-column-gap-default\">\n\t\t\t\t\t<div class=\"elementor-column elementor-col-100 elementor-top-column elementor-element elementor-element-7094705\" data-id=\"7094705\" data-element_type=\"column\" data-e-type=\"column\">\n\t\t\t<div class=\"elementor-widget-wrap elementor-element-populated\">\n\t\t\t\t\t\t<section class=\"elementor-section elementor-inner-section elementor-element elementor-element-0a448f0 elementor-section-content-middle elementor-section-boxed elementor-section-height-default elementor-section-height-default\" data-id=\"0a448f0\" data-element_type=\"section\" data-e-type=\"section\">\n\t\t\t\t\t\t<div class=\"elementor-container elementor-column-gap-default\">\n\t\t\t\t\t<div class=\"elementor-column elementor-col-50 elementor-inner-column elementor-element elementor-element-5bd1904\" data-id=\"5bd1904\" data-element_type=\"column\" data-e-type=\"column\">\n\t\t\t<div class=\"elementor-widget-wrap elementor-element-populated\">\n\t\t\t\t\t\t<div class=\"elementor-element elementor-element-a6aa87e elementor-widget elementor-widget-text-editor\" data-id=\"a6aa87e\" data-element_type=\"widget\" data-e-type=\"widget\" data-widget_type=\"text-editor.default\">\n\t\t\t\t<div class=\"elementor-widget-container\">\n\t\t\t\t\t\t\t\t\t<div id=\"lipsum\"><h2><strong>Moisturizing detergent\u00a0<\/strong><\/h2><p style=\"margin-bottom: 10px; overflow-wrap: break-word; color: #8b8d94; font-family: Roboto, Helvetica, Arial, Verdana, sans-serif;\">We use the\u00a0<strong>moisturizing detergent<\/strong>\u00a0as an efficient product to remove dirt and oil from clothes when mixed with water in washing processes. Water cannot remove oil and dirt from clothes.\u00a0<strong>moisturizing detergent<\/strong>\u00a0cleans by causing a chemical reaction with water to remove dirt and debris from clothing.<\/p><\/div>\t\t\t\t\t\t\t\t<\/div>\n\t\t\t\t<\/div>\n\t\t\t\t<div class=\"elementor-element elementor-element-162315d elementor-widget elementor-widget-image\" data-id=\"162315d\" data-element_type=\"widget\" data-e-type=\"widget\" data-widget_type=\"image.default\">\n\t\t\t\t<div class=\"elementor-widget-container\">\n\t\t\t\t\t\t\t\t\t\t\t\t\t\t\t<img fetchpriority=\"high\" decoding=\"async\" width=\"1024\" height=\"576\" src=\"https:\/\/dermo.com\/wp-content\/uploads\/2025\/01\/Diseno-sin-titulo-9-1024x576.jpg\" class=\"attachment-large size-large wp-image-12925\" alt=\"\" srcset=\"https:\/\/dermo.com\/wp-content\/uploads\/2025\/01\/Diseno-sin-titulo-9-1024x576.jpg 1024w, https:\/\/dermo.com\/wp-content\/uploads\/2025\/01\/Diseno-sin-titulo-9-300x169.jpg 300w, https:\/\/dermo.com\/wp-content\/uploads\/2025\/01\/Diseno-sin-titulo-9-768x432.jpg 768w, https:\/\/dermo.com\/wp-content\/uploads\/2025\/01\/Diseno-sin-titulo-9-1536x864.jpg 1536w, https:\/\/dermo.com\/wp-content\/uploads\/2025\/01\/Diseno-sin-titulo-9-18x10.jpg 18w, https:\/\/dermo.com\/wp-content\/uploads\/2025\/01\/Diseno-sin-titulo-9-600x338.jpg 600w, https:\/\/dermo.com\/wp-content\/uploads\/2025\/01\/Diseno-sin-titulo-9.jpg 1920w\" sizes=\"(max-width: 1024px) 100vw, 1024px\" \/>\t\t\t\t\t\t\t\t\t\t\t\t\t\t\t<\/div>\n\t\t\t\t<\/div>\n\t\t\t\t\t<\/div>\n\t\t<\/div>\n\t\t\t\t<div class=\"elementor-column elementor-col-50 elementor-inner-column elementor-element elementor-element-9cbe4e2 elementor-invisible\" data-id=\"9cbe4e2\" data-element_type=\"column\" data-e-type=\"column\" data-settings=\"{&quot;animation&quot;:&quot;bounceInRight&quot;}\">\n\t\t\t<div class=\"elementor-widget-wrap elementor-element-populated\">\n\t\t\t\t\t\t<div class=\"elementor-element elementor-element-6a21bcb elementor-widget elementor-widget-elementskit-contact-form7\" data-id=\"6a21bcb\" data-element_type=\"widget\" data-e-type=\"widget\" data-widget_type=\"elementskit-contact-form7.default\">\n\t\t\t\t<div class=\"elementor-widget-container\">\n\t\t\t\t\t<div class=\"ekit-wid-con\" ><div class=\"ekit-form\">\n<div class=\"wpcf7 no-js\" id=\"wpcf7-f13292-p12905-o1\" lang=\"es-ES\" dir=\"ltr\" data-wpcf7-id=\"13292\">\n<div class=\"screen-reader-response\"><p role=\"status\" aria-live=\"polite\" aria-atomic=\"true\"><\/p> <ul><\/ul><\/div>\n<form action=\"\/en\/moisturizing-detergent\/#wpcf7-f13292-p12905-o1\" method=\"post\" class=\"wpcf7-form init\" aria-label=\"Formulario de contacto\" novalidate=\"novalidate\" data-status=\"init\" data-no-translation-aria-label=\"\" data-trp-original-action=\"\/en\/detergente-humectante\/#wpcf7-f13292-p12905-o1\">\n<fieldset class=\"hidden-fields-container\"><input type=\"hidden\" name=\"_wpcf7\" value=\"13292\" \/><input type=\"hidden\" name=\"_wpcf7_version\" value=\"6.1.5\" \/><input type=\"hidden\" name=\"_wpcf7_locale\" value=\"es_ES\" \/><input type=\"hidden\" name=\"_wpcf7_unit_tag\" value=\"wpcf7-f13292-p12905-o1\" \/><input type=\"hidden\" name=\"_wpcf7_container_post\" value=\"12905\" \/><input type=\"hidden\" name=\"_wpcf7_posted_data_hash\" value=\"\" \/><input type=\"hidden\" name=\"_wpcf7_recaptcha_response\" value=\"\" \/>\n<\/fieldset>\n<div style=\"display: flex; gap: 10px;\">\n\t<div style=\"width: 50%;\">\n\t\t<p><span class=\"wpcf7-form-control-wrap\" data-name=\"your-name\"><input size=\"40\" maxlength=\"400\" class=\"wpcf7-form-control wpcf7-text wpcf7-validates-as-required\" aria-required=\"true\" aria-invalid=\"false\" placeholder=\"Name\" value=\"\" type=\"text\" name=\"your-name\" \/><\/span>\n\t\t<\/p>\n\t<\/div>\n\t<div style=\"width: 50%;\">\n\t\t<p><span class=\"wpcf7-form-control-wrap\" data-name=\"your-phone\"><input size=\"40\" maxlength=\"400\" class=\"wpcf7-form-control wpcf7-tel wpcf7-validates-as-required wpcf7-text wpcf7-validates-as-tel\" aria-required=\"true\" aria-invalid=\"false\" placeholder=\"Phone\" value=\"\" type=\"tel\" name=\"your-phone\" \/><\/span>\n\t\t<\/p>\n\t<\/div>\n<\/div>\n<p><span class=\"wpcf7-form-control-wrap\" data-name=\"your-email\"><input size=\"40\" maxlength=\"400\" class=\"wpcf7-form-control wpcf7-email wpcf7-validates-as-required wpcf7-text wpcf7-validates-as-email\" aria-required=\"true\" aria-invalid=\"false\" placeholder=\"Email\" value=\"\" type=\"email\" name=\"your-email\" \/><\/span>\n<\/p>\n<div style=\"display: flex; gap: 10px;\">\n\t<div style=\"width: 50%;\">\n\t\t<p><span class=\"wpcf7-form-control-wrap\" data-name=\"your-country\"><input size=\"40\" maxlength=\"400\" class=\"wpcf7-form-control wpcf7-text wpcf7-validates-as-required\" aria-required=\"true\" aria-invalid=\"false\" placeholder=\"Country\" value=\"\" type=\"text\" name=\"your-country\" \/><\/span>\n\t\t<\/p>\n\t<\/div>\n\t<div style=\"width: 50%;\">\n\t\t<p><span class=\"wpcf7-form-control-wrap\" data-name=\"your-city\"><input size=\"40\" maxlength=\"400\" class=\"wpcf7-form-control wpcf7-text wpcf7-validates-as-required\" aria-required=\"true\" aria-invalid=\"false\" placeholder=\"Population\" value=\"\" type=\"text\" name=\"your-city\" \/><\/span>\n\t\t<\/p>\n\t<\/div>\n<\/div>\n<p><span class=\"wpcf7-form-control-wrap\" data-name=\"your-subject\"><select class=\"wpcf7-form-control wpcf7-select\" aria-invalid=\"false\" name=\"your-subject\"><option value=\"Quiero ser distribuidor\">I want to be a distributor<\/option><option value=\"Presupuesto\">Budget<\/option><option value=\"Consulta\">Consultation<\/option><option value=\"Sugerencia\">Suggestion<\/option><option value=\"Otros\">Others<\/option><\/select><\/span>\n<\/p>\n<p><span class=\"wpcf7-form-control-wrap\" data-name=\"your-message\"><textarea cols=\"40\" rows=\"10\" maxlength=\"2000\" class=\"wpcf7-form-control wpcf7-textarea\" aria-invalid=\"false\" placeholder=\"Message or query\" name=\"your-message\"><\/textarea><\/span>\n<\/p>\n<div style=\"display: flex; align-items: center; gap: 10px;\">\n\t<p><span class=\"wpcf7-form-control-wrap\" data-name=\"privacy-policy\"><span class=\"wpcf7-form-control wpcf7-acceptance\"><span class=\"wpcf7-list-item\"><input type=\"checkbox\" name=\"privacy-policy\" value=\"1\" aria-invalid=\"false\" \/><\/span><\/span><\/span><label for=\"privacy-policy\" style=\"margin-left: 5px;\">I have read and accept the privacy policy.<\/label>\n\t<\/p>\n<\/div>\n<div style=\"display: flex; align-items: center; gap: 10px;\">\n\t<p><span class=\"wpcf7-form-control-wrap\" data-name=\"send-info\"><span class=\"wpcf7-form-control wpcf7-acceptance\"><span class=\"wpcf7-list-item\"><input type=\"checkbox\" name=\"send-info\" value=\"1\" aria-invalid=\"false\" \/><\/span><\/span><\/span><label for=\"send-info\" style=\"margin-left: 5px;\">I agree to receive information.<\/label>\n\t<\/p>\n<\/div>\n<p><input class=\"wpcf7-form-control wpcf7-submit has-spinner\" type=\"submit\" value=\"Send\" \/>\n<\/p><div class=\"wpcf7-response-output\" aria-hidden=\"true\"><\/div>\n<input type=\"hidden\" name=\"trp-form-language\" value=\"en\"\/><\/form>\n<\/div>\n<\/div><\/div>\t\t\t\t<\/div>\n\t\t\t\t<\/div>\n\t\t\t\t\t<\/div>\n\t\t<\/div>\n\t\t\t\t\t<\/div>\n\t\t<\/section>\n\t\t\t\t<div class=\"elementor-element elementor-element-8406be5 elementor-widget elementor-widget-text-editor\" data-id=\"8406be5\" data-element_type=\"widget\" data-e-type=\"widget\" data-widget_type=\"text-editor.default\">\n\t\t\t\t<div class=\"elementor-widget-container\">\n\t\t\t\t\t\t\t\t\t<div id=\"lipsum\"><p>Detergents work with water to loosen dirt trapped in the clothing material and clean it. Detergents are alkaline in nature. They react chemically with dirt, oil or stains. Once the chemical reaction occurs, the dirt and stains and oil are lifted off the clothing fibers. From then on, the detergent is absorbed into the clothing.\u00a0<strong>moisturizing detergent<\/strong>\u00a0forms a layer around stain, dirt or oil molecules and does not allow them to be redeposited on the fabric.<\/p><p>Detergents consist of a long chain of hydrogen and carbon atoms, as well as an ionic group that dissolves in water. Most detergents have a negatively charged ionic group. These detergents are called anionic and include surfactants. Some special detergents have a positive ionic charge. These detergents are called cationic and have germicidal properties. Cationic detergents are commonly used in hospitals.<\/p><p>Surfactants have hydrophobic or water-hating molecular chains and hydrophilic or water-loving components. These water-hating molecules are repelled by water, but are attracted to oil and grease. The water-loving molecules will be attracted to water. Thus, the molecules that are attracted to oil and grease or stains wrap around the molecules of these stains. The soap solution is then cleaned from the fabric.<\/p><h3><strong>Discover the power of impeccable cleaning with our superior quality detergents!<\/strong><\/h3><p>Are you looking for efficient and environmentally friendly cleaning solutions? Look no further! Turn the daily task of cleaning into an easy and effective experience.<\/p><\/div>\t\t\t\t\t\t\t\t<\/div>\n\t\t\t\t<\/div>\n\t\t\t\t<div class=\"elementor-element elementor-element-656369c elementor-widget elementor-widget-button\" data-id=\"656369c\" data-element_type=\"widget\" data-e-type=\"widget\" data-widget_type=\"button.default\">\n\t\t\t\t<div class=\"elementor-widget-container\">\n\t\t\t\t\t\t\t\t\t<div class=\"elementor-button-wrapper\">\n\t\t\t\t\t<a class=\"elementor-button elementor-button-link elementor-size-sm\" href=\"\/en\/contact\/\">\n\t\t\t\t\t\t<span class=\"elementor-button-content-wrapper\">\n\t\t\t\t\t\t\t\t\t<span class=\"elementor-button-text\">Contact us<\/span>\n\t\t\t\t\t<\/span>\n\t\t\t\t\t<\/a>\n\t\t\t\t<\/div>\n\t\t\t\t\t\t\t\t<\/div>\n\t\t\t\t<\/div>\n\t\t\t\t<div class=\"elementor-element elementor-element-26bf438 elementor-widget elementor-widget-text-editor\" data-id=\"26bf438\" data-element_type=\"widget\" data-e-type=\"widget\" data-widget_type=\"text-editor.default\">\n\t\t\t\t<div class=\"elementor-widget-container\">\n\t\t\t\t\t\t\t\t\t<p>Natural soaps tend to gel easily while detergents lack this gelling problem. Detergents also react less strongly with hard water than soaps do. Hard water is caused by dissolved minerals. So if the wash water is hard, it forms insoluble salts on contact with the soap. The result is a fine white precipitate that settles on clothes, washing machines and any other surface. This material is difficult to remove and quite sticky. Soap works well in areas with very soft water, but causes problems when minerals are present. Therefore, detergents are best suited for washing clothes, even if the water is hard.<\/p><p>If you want to know more about the use and benefits of a\u00a0<strong>moisturizing detergent<\/strong>, please feel free to contact us. At Dermo we provide you with the best quality products at the most competitive prices.<\/p>\t\t\t\t\t\t\t\t<\/div>\n\t\t\t\t<\/div>\n\t\t\t\t\t<\/div>\n\t\t<\/div>\n\t\t\t\t\t<\/div>\n\t\t<\/section>\n\t\t\t\t<section class=\"elementor-section elementor-top-section elementor-element elementor-element-de74fc6 elementor-section-full_width elementor-section-height-default elementor-section-height-default elementor-invisible\" data-id=\"de74fc6\" data-element_type=\"section\" data-e-type=\"section\" data-settings=\"{&quot;animation&quot;:&quot;slideInUp&quot;}\">\n\t\t\t\t\t\t<div class=\"elementor-container elementor-column-gap-default\">\n\t\t\t\t\t<div class=\"elementor-column elementor-col-100 elementor-top-column elementor-element elementor-element-8bcc233\" data-id=\"8bcc233\" data-element_type=\"column\" data-e-type=\"column\">\n\t\t\t<div class=\"elementor-widget-wrap elementor-element-populated\">\n\t\t\t\t\t\t<div class=\"elementor-element elementor-element-53d0840 elementor-widget elementor-widget-google_maps\" data-id=\"53d0840\" data-element_type=\"widget\" data-e-type=\"widget\" data-widget_type=\"google_maps.default\">\n\t\t\t\t<div class=\"elementor-widget-container\">\n\t\t\t\t\t\t\t<div class=\"elementor-custom-embed\">\n\t\t\t<iframe loading=\"lazy\"\n\t\t\t\t\tsrc=\"https:\/\/maps.google.com\/maps?q=C%2F%20Pintor%20Joan%20Miro%2C%2016.%20Pol.%20Ind.%20Can%20Humet%20de%20Dalt%2C%2008213%20Poliny%C3%A0.%20Barcelona&#038;t=m&#038;z=15&#038;output=embed&#038;iwloc=near\"\n\t\t\t\t\ttitle=\"C\/ Pintor Joan Miro, 16. Pol. Ind. Can Humet de Dalt, 08213 Poliny\u00e0. Barcelona\"\n\t\t\t\t\taria-label=\"C\/ Pintor Joan Miro, 16. Pol. Ind. Can Humet de Dalt, 08213 Poliny\u00e0. Barcelona\"\n\t\t\t><\/iframe>\n\t\t<\/div>\n\t\t\t\t\t\t<\/div>\n\t\t\t\t<\/div>\n\t\t\t\t\t<\/div>\n\t\t<\/div>\n\t\t\t\t\t<\/div>\n\t\t<\/section>\n\t\t\t\t<\/div>","protected":false},"excerpt":{"rendered":"<p>Moisturizing Detergent We use moisturizing detergent as an effective product for removing dirt and oil from clothing when mixed with water during washing. Water cannot remove oil and dirt from clothing. Moisturizing detergent cleans by causing a chemical reaction with water to expel dirt and\u2026&nbsp;<a href=\"https:\/\/dermo.com\/en\/moisturizing-detergent\/\" rel=\"bookmark\">Read More \u00bb<span class=\"screen-reader-text\">Moisturizing detergent<\/span><\/a><\/p>","protected":false},"author":2,"featured_media":0,"parent":0,"menu_order":0,"comment_status":"closed","ping_status":"closed","template":"page-templates\/template-pagebuilder-full-width.php","meta":{"neve_meta_sidebar":"","neve_meta_container":"","neve_meta_enable_content_width":"","neve_meta_content_width":0,"neve_meta_title_alignment":"","neve_meta_author_avatar":"","neve_post_elements_order":"","neve_meta_disable_header":"","neve_meta_disable_footer":"","neve_meta_disable_title":"","footnotes":""},"class_list":["post-12905","page","type-page","status-publish","hentry"],"yoast_head":"<!-- This site is optimized with the Yoast SEO plugin v27.0 - https:\/\/yoast.com\/product\/yoast-seo-wordpress\/ -->\n<title>Detergente humectante - Dermo | F\u00e1brica de detergentes<\/title>\n<meta name=\"robots\" content=\"index, follow, max-snippet:-1, max-image-preview:large, max-video-preview:-1\" \/>\n<link rel=\"canonical\" href=\"https:\/\/dermo.com\/en\/moisturizing-detergent\/\" \/>\n<meta property=\"og:locale\" content=\"en_GB\" \/>\n<meta property=\"og:type\" content=\"article\" \/>\n<meta property=\"og:title\" content=\"Detergente humectante - Dermo | F\u00e1brica de detergentes\" \/>\n<meta property=\"og:description\" content=\"Detergente humectante\u00a0 Utilizamos el\u00a0detergente humectante\u00a0como un producto eficiente para eliminar la suciedad y el aceite de la ropa al ser mezclado con agua en los procesos de lavado. El agua no puede eliminar el aceite y la suciedad de la ropa. El\u00a0detergente humectante\u00a0limpia provocando una reacci\u00f3n qu\u00edmica con el agua para expulsar la suciedad y&hellip;&nbsp;Read More &raquo;Detergente humectante\" \/>\n<meta property=\"og:url\" content=\"https:\/\/dermo.com\/en\/moisturizing-detergent\/\" \/>\n<meta property=\"og:site_name\" content=\"Dermo | F\u00e1brica de detergentes\" \/>\n<meta property=\"article:modified_time\" content=\"2025-02-19T10:35:57+00:00\" \/>\n<meta property=\"og:image\" content=\"https:\/\/dermo.com\/wp-content\/uploads\/2025\/01\/Diseno-sin-titulo-9-1024x576.jpg\" \/>\n<meta name=\"twitter:card\" content=\"summary_large_image\" \/>\n<meta name=\"twitter:label1\" content=\"Estimated reading time\" \/>\n\t<meta name=\"twitter:data1\" content=\"3 minutes\" \/>\n<script type=\"application\/ld+json\" class=\"yoast-schema-graph\">{\"@context\":\"https:\/\/schema.org\",\"@graph\":[{\"@type\":\"WebPage\",\"@id\":\"https:\/\/dermo.com\/detergente-humectante\/\",\"url\":\"https:\/\/dermo.com\/detergente-humectante\/\",\"name\":\"Detergente humectante - Dermo | F\u00e1brica de detergentes\",\"isPartOf\":{\"@id\":\"https:\/\/dermo.com\/#website\"},\"primaryImageOfPage\":{\"@id\":\"https:\/\/dermo.com\/detergente-humectante\/#primaryimage\"},\"image\":{\"@id\":\"https:\/\/dermo.com\/detergente-humectante\/#primaryimage\"},\"thumbnailUrl\":\"https:\/\/dermo.com\/wp-content\/uploads\/2025\/01\/Diseno-sin-titulo-9-1024x576.jpg\",\"datePublished\":\"2025-01-31T09:57:59+00:00\",\"dateModified\":\"2025-02-19T10:35:57+00:00\",\"breadcrumb\":{\"@id\":\"https:\/\/dermo.com\/detergente-humectante\/#breadcrumb\"},\"inLanguage\":\"en-GB\",\"potentialAction\":[{\"@type\":\"ReadAction\",\"target\":[\"https:\/\/dermo.com\/detergente-humectante\/\"]}]},{\"@type\":\"ImageObject\",\"inLanguage\":\"en-GB\",\"@id\":\"https:\/\/dermo.com\/detergente-humectante\/#primaryimage\",\"url\":\"https:\/\/dermo.com\/wp-content\/uploads\/2025\/01\/Diseno-sin-titulo-9-1024x576.jpg\",\"contentUrl\":\"https:\/\/dermo.com\/wp-content\/uploads\/2025\/01\/Diseno-sin-titulo-9-1024x576.jpg\"},{\"@type\":\"BreadcrumbList\",\"@id\":\"https:\/\/dermo.com\/detergente-humectante\/#breadcrumb\",\"itemListElement\":[{\"@type\":\"ListItem\",\"position\":1,\"name\":\"Portada\",\"item\":\"https:\/\/dermo.com\/\"},{\"@type\":\"ListItem\",\"position\":2,\"name\":\"Detergente humectante\"}]},{\"@type\":\"WebSite\",\"@id\":\"https:\/\/dermo.com\/#website\",\"url\":\"https:\/\/dermo.com\/\",\"name\":\"Dermo | F\u00e1brica de detergentes\",\"description\":\"Tecnolog\u00eda avanzada, investigaci\u00f3n y desarrollo, respeto por el medio ambiente, competencia, formaci\u00f3n constante y alto nivel de profesionalidad en nuestro equipo humano, empe\u00f1ado en preservar la calidad de vida, la protecci\u00f3n del entorno natural contin\u00faan motiv\u00e1ndonos para desarrollar en nuestros laboratorios nuevos productos con ingredientes activos altamente biodegradables que hacen posible un desarrollo sostenible.\",\"potentialAction\":[{\"@type\":\"SearchAction\",\"target\":{\"@type\":\"EntryPoint\",\"urlTemplate\":\"https:\/\/dermo.com\/?s={search_term_string}\"},\"query-input\":{\"@type\":\"PropertyValueSpecification\",\"valueRequired\":true,\"valueName\":\"search_term_string\"}}],\"inLanguage\":\"en-GB\"}]}<\/script>\n<!-- \/ Yoast SEO plugin. -->","yoast_head_json":{"title":"Moisturizing detergent - Dermo | Detergent factory","robots":{"index":"index","follow":"follow","max-snippet":"max-snippet:-1","max-image-preview":"max-image-preview:large","max-video-preview":"max-video-preview:-1"},"canonical":"https:\/\/dermo.com\/en\/moisturizing-detergent\/","og_locale":"en_GB","og_type":"article","og_title":"Detergente humectante - Dermo | F\u00e1brica de detergentes","og_description":"Detergente humectante\u00a0 Utilizamos el\u00a0detergente humectante\u00a0como un producto eficiente para eliminar la suciedad y el aceite de la ropa al ser mezclado con agua en los procesos de lavado. El agua no puede eliminar el aceite y la suciedad de la ropa. El\u00a0detergente humectante\u00a0limpia provocando una reacci\u00f3n qu\u00edmica con el agua para expulsar la suciedad y&hellip;&nbsp;Read More &raquo;Detergente humectante","og_url":"https:\/\/dermo.com\/en\/moisturizing-detergent\/","og_site_name":"Dermo | F\u00e1brica de detergentes","article_modified_time":"2025-02-19T10:35:57+00:00","og_image":[{"url":"https:\/\/dermo.com\/wp-content\/uploads\/2025\/01\/Diseno-sin-titulo-9-1024x576.jpg","type":"","width":"","height":""}],"twitter_card":"summary_large_image","twitter_misc":{"Estimated reading time":"3 minutes"},"schema":{"@context":"https:\/\/schema.org","@graph":[{"@type":"WebPage","@id":"https:\/\/dermo.com\/detergente-humectante\/","url":"https:\/\/dermo.com\/detergente-humectante\/","name":"Moisturizing detergent - Dermo | Detergent factory","isPartOf":{"@id":"https:\/\/dermo.com\/#website"},"primaryImageOfPage":{"@id":"https:\/\/dermo.com\/detergente-humectante\/#primaryimage"},"image":{"@id":"https:\/\/dermo.com\/detergente-humectante\/#primaryimage"},"thumbnailUrl":"https:\/\/dermo.com\/wp-content\/uploads\/2025\/01\/Diseno-sin-titulo-9-1024x576.jpg","datePublished":"2025-01-31T09:57:59+00:00","dateModified":"2025-02-19T10:35:57+00:00","breadcrumb":{"@id":"https:\/\/dermo.com\/detergente-humectante\/#breadcrumb"},"inLanguage":"en-GB","potentialAction":[{"@type":"ReadAction","target":["https:\/\/dermo.com\/detergente-humectante\/"]}]},{"@type":"ImageObject","inLanguage":"en-GB","@id":"https:\/\/dermo.com\/detergente-humectante\/#primaryimage","url":"https:\/\/dermo.com\/wp-content\/uploads\/2025\/01\/Diseno-sin-titulo-9-1024x576.jpg","contentUrl":"https:\/\/dermo.com\/wp-content\/uploads\/2025\/01\/Diseno-sin-titulo-9-1024x576.jpg"},{"@type":"BreadcrumbList","@id":"https:\/\/dermo.com\/detergente-humectante\/#breadcrumb","itemListElement":[{"@type":"ListItem","position":1,"name":"Portada","item":"https:\/\/dermo.com\/"},{"@type":"ListItem","position":2,"name":"Detergente humectante"}]},{"@type":"WebSite","@id":"https:\/\/dermo.com\/#website","url":"https:\/\/dermo.com\/","name":"Dermo | detergent factory","description":"Advanced technology, research and development, respect for the environment, competence, constant training and a high level of professionalism in our team, committed to preserving the quality of life and protecting the natural environment, continue to motivate us to develop new products in our laboratories with highly biodegradable active ingredients that make sustainable development possible.","potentialAction":[{"@type":"SearchAction","target":{"@type":"EntryPoint","urlTemplate":"https:\/\/dermo.com\/?s={search_term_string}"},"query-input":{"@type":"PropertyValueSpecification","valueRequired":true,"valueName":"search_term_string"}}],"inLanguage":"en-GB"}]}},"_links":{"self":[{"href":"https:\/\/dermo.com\/en\/wp-json\/wp\/v2\/pages\/12905","targetHints":{"allow":["GET"]}}],"collection":[{"href":"https:\/\/dermo.com\/en\/wp-json\/wp\/v2\/pages"}],"about":[{"href":"https:\/\/dermo.com\/en\/wp-json\/wp\/v2\/types\/page"}],"author":[{"embeddable":true,"href":"https:\/\/dermo.com\/en\/wp-json\/wp\/v2\/users\/2"}],"replies":[{"embeddable":true,"href":"https:\/\/dermo.com\/en\/wp-json\/wp\/v2\/comments?post=12905"}],"version-history":[{"count":7,"href":"https:\/\/dermo.com\/en\/wp-json\/wp\/v2\/pages\/12905\/revisions"}],"predecessor-version":[{"id":13419,"href":"https:\/\/dermo.com\/en\/wp-json\/wp\/v2\/pages\/12905\/revisions\/13419"}],"wp:attachment":[{"href":"https:\/\/dermo.com\/en\/wp-json\/wp\/v2\/media?parent=12905"}],"curies":[{"name":"wp","href":"https:\/\/api.w.org\/{rel}","templated":true}]}}