{"id":12989,"date":"2025-01-31T11:50:55","date_gmt":"2025-01-31T10:50:55","guid":{"rendered":"https:\/\/dermo.com\/?page_id=12989"},"modified":"2025-02-19T11:40:36","modified_gmt":"2025-02-19T10:40:36","slug":"supplier-of-descaling-detergents","status":"publish","type":"page","link":"https:\/\/dermo.com\/en\/descaling-detergents-2\/supplier-of-descaling-detergents\/","title":{"rendered":"Descaling detergents supplier"},"content":{"rendered":"<div data-elementor-type=\"wp-page\" data-elementor-id=\"12989\" class=\"elementor elementor-12989\" data-elementor-post-type=\"page\">\n\t\t\t\t\t\t<section class=\"elementor-section elementor-top-section elementor-element elementor-element-a02683f elementor-section-boxed elementor-section-height-default elementor-section-height-default\" data-id=\"a02683f\" data-element_type=\"section\" data-e-type=\"section\" data-settings=\"{&quot;background_background&quot;:&quot;classic&quot;}\">\n\t\t\t\t\t\t\t<div class=\"elementor-background-overlay\"><\/div>\n\t\t\t\t\t\t\t<div class=\"elementor-container elementor-column-gap-default\">\n\t\t\t\t\t<div class=\"elementor-column elementor-col-100 elementor-top-column elementor-element elementor-element-f99dbff\" data-id=\"f99dbff\" data-element_type=\"column\" data-e-type=\"column\">\n\t\t\t<div class=\"elementor-widget-wrap elementor-element-populated\">\n\t\t\t\t\t\t\t<\/div>\n\t\t<\/div>\n\t\t\t\t\t<\/div>\n\t\t<\/section>\n\t\t\t\t<section class=\"elementor-section elementor-top-section elementor-element elementor-element-233ad3a4 elementor-section-boxed elementor-section-height-default elementor-section-height-default\" data-id=\"233ad3a4\" data-element_type=\"section\" data-e-type=\"section\">\n\t\t\t\t\t\t<div class=\"elementor-container elementor-column-gap-default\">\n\t\t\t\t\t<div class=\"elementor-column elementor-col-100 elementor-top-column elementor-element elementor-element-3244e578\" data-id=\"3244e578\" data-element_type=\"column\" data-e-type=\"column\">\n\t\t\t<div class=\"elementor-widget-wrap elementor-element-populated\">\n\t\t\t\t\t\t<section class=\"elementor-section elementor-inner-section elementor-element elementor-element-1a7040c2 elementor-section-content-middle elementor-section-boxed elementor-section-height-default elementor-section-height-default\" data-id=\"1a7040c2\" data-element_type=\"section\" data-e-type=\"section\">\n\t\t\t\t\t\t<div class=\"elementor-container elementor-column-gap-default\">\n\t\t\t\t\t<div class=\"elementor-column elementor-col-50 elementor-inner-column elementor-element elementor-element-58338543\" data-id=\"58338543\" data-element_type=\"column\" data-e-type=\"column\">\n\t\t\t<div class=\"elementor-widget-wrap elementor-element-populated\">\n\t\t\t\t\t\t<div class=\"elementor-element elementor-element-464b2e11 elementor-widget elementor-widget-text-editor\" data-id=\"464b2e11\" data-element_type=\"widget\" data-e-type=\"widget\" data-widget_type=\"text-editor.default\">\n\t\t\t\t<div class=\"elementor-widget-container\">\n\t\t\t\t\t\t\t\t\t<div id=\"lipsum\"><div class=\"wpb_text_column wpb_content_element\"><div class=\"wpb_wrapper\"><h2>Dermo: Supplier of descaling detergents<\/h2><p>At Dermo, we are manufacturers of detergents for industrial hygiene, domestic hygiene and advanced technology but especially, we are\u00a0<strong>suppliers of<\/strong>\u00a0<strong>descaling detergents<\/strong>, since it is one of our specialties and one of our best-selling products, thanks to the quality of these, since we also offer a wide range in which you can find the perfect one for you, since each one is intended for a different thing, and as one of our main concerns is the satisfaction of each and every one of our clients, for this reason, we have a special product for each one of you.<\/p><\/div><\/div><\/div>\t\t\t\t\t\t\t\t<\/div>\n\t\t\t\t<\/div>\n\t\t\t\t\t<\/div>\n\t\t<\/div>\n\t\t\t\t<div class=\"elementor-column elementor-col-50 elementor-inner-column elementor-element elementor-element-0734cd7 elementor-invisible\" data-id=\"0734cd7\" data-element_type=\"column\" data-e-type=\"column\" data-settings=\"{&quot;animation&quot;:&quot;bounceInRight&quot;}\">\n\t\t\t<div class=\"elementor-widget-wrap elementor-element-populated\">\n\t\t\t\t\t\t<div class=\"elementor-element elementor-element-94248d9 elementor-widget elementor-widget-elementskit-contact-form7\" data-id=\"94248d9\" data-element_type=\"widget\" data-e-type=\"widget\" data-widget_type=\"elementskit-contact-form7.default\">\n\t\t\t\t<div class=\"elementor-widget-container\">\n\t\t\t\t\t<div class=\"ekit-wid-con\" ><div class=\"ekit-form\">\n<div class=\"wpcf7 no-js\" id=\"wpcf7-f13292-p12989-o1\" lang=\"es-ES\" dir=\"ltr\" data-wpcf7-id=\"13292\">\n<div class=\"screen-reader-response\"><p role=\"status\" aria-live=\"polite\" aria-atomic=\"true\"><\/p> <ul><\/ul><\/div>\n<form action=\"\/en\/descaling-detergents-2\/supplier-of-descaling-detergents\/#wpcf7-f13292-p12989-o1\" method=\"post\" class=\"wpcf7-form init\" aria-label=\"Formulario de contacto\" novalidate=\"novalidate\" data-status=\"init\" data-no-translation-aria-label=\"\" data-trp-original-action=\"\/en\/detergentes-desincrustantes-2\/proveedor-de-detergentes-desincrustantes\/#wpcf7-f13292-p12989-o1\">\n<fieldset class=\"hidden-fields-container\"><input type=\"hidden\" name=\"_wpcf7\" value=\"13292\" \/><input type=\"hidden\" name=\"_wpcf7_version\" value=\"6.1.5\" \/><input type=\"hidden\" name=\"_wpcf7_locale\" value=\"es_ES\" \/><input type=\"hidden\" name=\"_wpcf7_unit_tag\" value=\"wpcf7-f13292-p12989-o1\" \/><input type=\"hidden\" name=\"_wpcf7_container_post\" value=\"12989\" \/><input type=\"hidden\" name=\"_wpcf7_posted_data_hash\" value=\"\" \/><input type=\"hidden\" name=\"_wpcf7_recaptcha_response\" value=\"\" \/>\n<\/fieldset>\n<div style=\"display: flex; gap: 10px;\">\n\t<div style=\"width: 50%;\">\n\t\t<p><span class=\"wpcf7-form-control-wrap\" data-name=\"your-name\"><input size=\"40\" maxlength=\"400\" class=\"wpcf7-form-control wpcf7-text wpcf7-validates-as-required\" aria-required=\"true\" aria-invalid=\"false\" placeholder=\"Name\" value=\"\" type=\"text\" name=\"your-name\" \/><\/span>\n\t\t<\/p>\n\t<\/div>\n\t<div style=\"width: 50%;\">\n\t\t<p><span class=\"wpcf7-form-control-wrap\" data-name=\"your-phone\"><input size=\"40\" maxlength=\"400\" class=\"wpcf7-form-control wpcf7-tel wpcf7-validates-as-required wpcf7-text wpcf7-validates-as-tel\" aria-required=\"true\" aria-invalid=\"false\" placeholder=\"Phone\" value=\"\" type=\"tel\" name=\"your-phone\" \/><\/span>\n\t\t<\/p>\n\t<\/div>\n<\/div>\n<p><span class=\"wpcf7-form-control-wrap\" data-name=\"your-email\"><input size=\"40\" maxlength=\"400\" class=\"wpcf7-form-control wpcf7-email wpcf7-validates-as-required wpcf7-text wpcf7-validates-as-email\" aria-required=\"true\" aria-invalid=\"false\" placeholder=\"Email\" value=\"\" type=\"email\" name=\"your-email\" \/><\/span>\n<\/p>\n<div style=\"display: flex; gap: 10px;\">\n\t<div style=\"width: 50%;\">\n\t\t<p><span class=\"wpcf7-form-control-wrap\" data-name=\"your-country\"><input size=\"40\" maxlength=\"400\" class=\"wpcf7-form-control wpcf7-text wpcf7-validates-as-required\" aria-required=\"true\" aria-invalid=\"false\" placeholder=\"Country\" value=\"\" type=\"text\" name=\"your-country\" \/><\/span>\n\t\t<\/p>\n\t<\/div>\n\t<div style=\"width: 50%;\">\n\t\t<p><span class=\"wpcf7-form-control-wrap\" data-name=\"your-city\"><input size=\"40\" maxlength=\"400\" class=\"wpcf7-form-control wpcf7-text wpcf7-validates-as-required\" aria-required=\"true\" aria-invalid=\"false\" placeholder=\"Population\" value=\"\" type=\"text\" name=\"your-city\" \/><\/span>\n\t\t<\/p>\n\t<\/div>\n<\/div>\n<p><span class=\"wpcf7-form-control-wrap\" data-name=\"your-subject\"><select class=\"wpcf7-form-control wpcf7-select\" aria-invalid=\"false\" name=\"your-subject\"><option value=\"Quiero ser distribuidor\">I want to be a distributor<\/option><option value=\"Presupuesto\">Budget<\/option><option value=\"Consulta\">Consultation<\/option><option value=\"Sugerencia\">Suggestion<\/option><option value=\"Otros\">Others<\/option><\/select><\/span>\n<\/p>\n<p><span class=\"wpcf7-form-control-wrap\" data-name=\"your-message\"><textarea cols=\"40\" rows=\"10\" maxlength=\"2000\" class=\"wpcf7-form-control wpcf7-textarea\" aria-invalid=\"false\" placeholder=\"Message or query\" name=\"your-message\"><\/textarea><\/span>\n<\/p>\n<div style=\"display: flex; align-items: center; gap: 10px;\">\n\t<p><span class=\"wpcf7-form-control-wrap\" data-name=\"privacy-policy\"><span class=\"wpcf7-form-control wpcf7-acceptance\"><span class=\"wpcf7-list-item\"><input type=\"checkbox\" name=\"privacy-policy\" value=\"1\" aria-invalid=\"false\" \/><\/span><\/span><\/span><label for=\"privacy-policy\" style=\"margin-left: 5px;\">I have read and accept the privacy policy.<\/label>\n\t<\/p>\n<\/div>\n<div style=\"display: flex; align-items: center; gap: 10px;\">\n\t<p><span class=\"wpcf7-form-control-wrap\" data-name=\"send-info\"><span class=\"wpcf7-form-control wpcf7-acceptance\"><span class=\"wpcf7-list-item\"><input type=\"checkbox\" name=\"send-info\" value=\"1\" aria-invalid=\"false\" \/><\/span><\/span><\/span><label for=\"send-info\" style=\"margin-left: 5px;\">I agree to receive information.<\/label>\n\t<\/p>\n<\/div>\n<p><input class=\"wpcf7-form-control wpcf7-submit has-spinner\" type=\"submit\" value=\"Send\" \/>\n<\/p><div class=\"wpcf7-response-output\" aria-hidden=\"true\"><\/div>\n<input type=\"hidden\" name=\"trp-form-language\" value=\"en\"\/><\/form>\n<\/div>\n<\/div><\/div>\t\t\t\t<\/div>\n\t\t\t\t<\/div>\n\t\t\t\t\t<\/div>\n\t\t<\/div>\n\t\t\t\t\t<\/div>\n\t\t<\/section>\n\t\t\t\t<div class=\"elementor-element elementor-element-615d68f elementor-widget elementor-widget-text-editor\" data-id=\"615d68f\" data-element_type=\"widget\" data-e-type=\"widget\" data-widget_type=\"text-editor.default\">\n\t\t\t\t<div class=\"elementor-widget-container\">\n\t\t\t\t\t\t\t\t\t<p>We always use the most advanced technology on the market and all our advances are based on research and development. In addition, we are also a company that is very concerned about the environment, so all our projects respect the environment. Another thing that forms the basis of our company&#039;s philosophy<strong>\u00a0supplier of descaling detergents\u00a0<\/strong>It is the commitment to competence, constant training and a high level of professionalism in our human team, committed to preserving the quality of life and protecting the natural environment that continues to motivate us to develop new products in our laboratories with highly biodegradable active ingredients that make sustainable development possible.<\/p><p>We are the\u00a0<strong>descaling detergent suppliers<\/strong>, leaders in our entire area, as it has high quality products, with a high concentrated power. We work in laboratories, where hygiene is impeccable and essential, in order to manufacture and design specific and professional cleaning products, focused on both domestic and industrial use. We adapt to customers and offer cleaning products for all tastes, with the aim of adapting to the needs and preferences of users.<\/p><p>\u00a0<\/p><p>We can mainly highlight five different types of descaling detergents. Firstly, Limcal Tabs Anti-limescale Tablets, which are the only type that is available in tablet format formulated to reduce water hardness and prevent limescale. Secondly, we have Cleantot Descal anti-limescale detergent, which is a sanitizing detergent for cleaning and descaling bathroom areas, very similar to Cleantot WC WC descaling detergent, but in this case instead of being liquid it is in gel form, so it removes the most difficult traces of limescale and accumulated dirt, especially rust stains. And finally, we have Limcal descaling detergent, which is for hot or cold water circuits in dishwashers and washing machines, among others.<\/p><p>If you have any questions or queries and need the help of a\u00a0<strong>detergent supplier<\/strong>\u00a0<strong>descaling agents<\/strong>, do not hesitate to contact us, we will be happy to assist you.<\/p>\t\t\t\t\t\t\t\t<\/div>\n\t\t\t\t<\/div>\n\t\t\t\t\t<\/div>\n\t\t<\/div>\n\t\t\t\t\t<\/div>\n\t\t<\/section>\n\t\t\t\t<section class=\"elementor-section elementor-top-section elementor-element elementor-element-484f41e elementor-section-full_width elementor-section-height-default elementor-section-height-default elementor-invisible\" data-id=\"484f41e\" data-element_type=\"section\" data-e-type=\"section\" data-settings=\"{&quot;animation&quot;:&quot;slideInUp&quot;}\">\n\t\t\t\t\t\t<div class=\"elementor-container elementor-column-gap-default\">\n\t\t\t\t\t<div class=\"elementor-column elementor-col-100 elementor-top-column elementor-element elementor-element-19948363\" data-id=\"19948363\" data-element_type=\"column\" data-e-type=\"column\">\n\t\t\t<div class=\"elementor-widget-wrap elementor-element-populated\">\n\t\t\t\t\t\t<div class=\"elementor-element elementor-element-339044a4 elementor-widget elementor-widget-google_maps\" data-id=\"339044a4\" data-element_type=\"widget\" data-e-type=\"widget\" data-widget_type=\"google_maps.default\">\n\t\t\t\t<div class=\"elementor-widget-container\">\n\t\t\t\t\t\t\t<div class=\"elementor-custom-embed\">\n\t\t\t<iframe loading=\"lazy\"\n\t\t\t\t\tsrc=\"https:\/\/maps.google.com\/maps?q=C%2F%20Pintor%20Joan%20Miro%2C%2016.%20Pol.%20Ind.%20Can%20Humet%20de%20Dalt%2C%2008213%20Poliny%C3%A0.%20Barcelona&#038;t=m&#038;z=15&#038;output=embed&#038;iwloc=near\"\n\t\t\t\t\ttitle=\"C\/ Pintor Joan Miro, 16. Pol. Ind. Can Humet de Dalt, 08213 Poliny\u00e0. Barcelona\"\n\t\t\t\t\taria-label=\"C\/ Pintor Joan Miro, 16. Pol. Ind. Can Humet de Dalt, 08213 Poliny\u00e0. Barcelona\"\n\t\t\t><\/iframe>\n\t\t<\/div>\n\t\t\t\t\t\t<\/div>\n\t\t\t\t<\/div>\n\t\t\t\t\t<\/div>\n\t\t<\/div>\n\t\t\t\t\t<\/div>\n\t\t<\/section>\n\t\t\t\t<\/div>","protected":false},"excerpt":{"rendered":"<p>Dermo: Supplier of descaling detergents At Dermo, we manufacture detergents for industrial hygiene, domestic hygiene, and advanced technology. We are especially suppliers of descaling detergents, as this is one of our specialties and one of our best-selling products, thanks to their quality. We also offer a wide range of products\u2026&nbsp;<a href=\"https:\/\/dermo.com\/en\/descaling-detergents-2\/supplier-of-descaling-detergents\/\" rel=\"bookmark\">Read More \u00bb<span class=\"screen-reader-text\">Descaling detergents supplier<\/span><\/a><\/p>","protected":false},"author":2,"featured_media":0,"parent":12750,"menu_order":0,"comment_status":"closed","ping_status":"closed","template":"page-templates\/template-pagebuilder-full-width.php","meta":{"neve_meta_sidebar":"","neve_meta_container":"","neve_meta_enable_content_width":"","neve_meta_content_width":0,"neve_meta_title_alignment":"","neve_meta_author_avatar":"","neve_post_elements_order":"","neve_meta_disable_header":"","neve_meta_disable_footer":"","neve_meta_disable_title":"","footnotes":""},"class_list":["post-12989","page","type-page","status-publish","hentry"],"yoast_head":"<!-- This site is optimized with the Yoast SEO plugin v27.0 - https:\/\/yoast.com\/product\/yoast-seo-wordpress\/ -->\n<title>Proveedor de detergentes desincrustantes - Dermo | F\u00e1brica de detergentes<\/title>\n<meta name=\"robots\" content=\"index, follow, max-snippet:-1, max-image-preview:large, max-video-preview:-1\" \/>\n<link rel=\"canonical\" href=\"https:\/\/dermo.com\/en\/descaling-detergents-2\/supplier-of-descaling-detergents\/\" \/>\n<meta property=\"og:locale\" content=\"en_GB\" \/>\n<meta property=\"og:type\" content=\"article\" \/>\n<meta property=\"og:title\" content=\"Proveedor de detergentes desincrustantes - Dermo | F\u00e1brica de detergentes\" \/>\n<meta property=\"og:description\" content=\"Dermo: Proveedor de detergentes desincrustantes En Dermo, somos fabricantes de detergentes para la higiene industrial, la higiene dom\u00e9stica y la tecnolog\u00eda avanzada pero especialmente, somos\u00a0proveedores de\u00a0detergentes desincrustantes, ya que es una de nuestras especialidades y de nuestros productos m\u00e1s vendidos, gracias a la calidad de estos, ya que adem\u00e1s ofrecemos una amplia gamma en la&hellip;&nbsp;Read More &raquo;Proveedor de detergentes desincrustantes\" \/>\n<meta property=\"og:url\" content=\"https:\/\/dermo.com\/en\/descaling-detergents-2\/supplier-of-descaling-detergents\/\" \/>\n<meta property=\"og:site_name\" content=\"Dermo | F\u00e1brica de detergentes\" \/>\n<meta property=\"article:modified_time\" content=\"2025-02-19T10:40:36+00:00\" \/>\n<meta name=\"twitter:card\" content=\"summary_large_image\" \/>\n<meta name=\"twitter:label1\" content=\"Estimated reading time\" \/>\n\t<meta name=\"twitter:data1\" content=\"3 minutes\" \/>\n<script type=\"application\/ld+json\" class=\"yoast-schema-graph\">{\"@context\":\"https:\/\/schema.org\",\"@graph\":[{\"@type\":\"WebPage\",\"@id\":\"https:\/\/dermo.com\/detergentes-desincrustantes-2\/proveedor-de-detergentes-desincrustantes\/\",\"url\":\"https:\/\/dermo.com\/detergentes-desincrustantes-2\/proveedor-de-detergentes-desincrustantes\/\",\"name\":\"Proveedor de detergentes desincrustantes - Dermo | F\u00e1brica de detergentes\",\"isPartOf\":{\"@id\":\"https:\/\/dermo.com\/#website\"},\"datePublished\":\"2025-01-31T10:50:55+00:00\",\"dateModified\":\"2025-02-19T10:40:36+00:00\",\"breadcrumb\":{\"@id\":\"https:\/\/dermo.com\/detergentes-desincrustantes-2\/proveedor-de-detergentes-desincrustantes\/#breadcrumb\"},\"inLanguage\":\"en-GB\",\"potentialAction\":[{\"@type\":\"ReadAction\",\"target\":[\"https:\/\/dermo.com\/detergentes-desincrustantes-2\/proveedor-de-detergentes-desincrustantes\/\"]}]},{\"@type\":\"BreadcrumbList\",\"@id\":\"https:\/\/dermo.com\/detergentes-desincrustantes-2\/proveedor-de-detergentes-desincrustantes\/#breadcrumb\",\"itemListElement\":[{\"@type\":\"ListItem\",\"position\":1,\"name\":\"Portada\",\"item\":\"https:\/\/dermo.com\/\"},{\"@type\":\"ListItem\",\"position\":2,\"name\":\"Detergentes desincrustantes\",\"item\":\"https:\/\/dermo.com\/detergentes-desincrustantes-2\/\"},{\"@type\":\"ListItem\",\"position\":3,\"name\":\"Proveedor de detergentes desincrustantes\"}]},{\"@type\":\"WebSite\",\"@id\":\"https:\/\/dermo.com\/#website\",\"url\":\"https:\/\/dermo.com\/\",\"name\":\"Dermo | F\u00e1brica de detergentes\",\"description\":\"Tecnolog\u00eda avanzada, investigaci\u00f3n y desarrollo, respeto por el medio ambiente, competencia, formaci\u00f3n constante y alto nivel de profesionalidad en nuestro equipo humano, empe\u00f1ado en preservar la calidad de vida, la protecci\u00f3n del entorno natural contin\u00faan motiv\u00e1ndonos para desarrollar en nuestros laboratorios nuevos productos con ingredientes activos altamente biodegradables que hacen posible un desarrollo sostenible.\",\"potentialAction\":[{\"@type\":\"SearchAction\",\"target\":{\"@type\":\"EntryPoint\",\"urlTemplate\":\"https:\/\/dermo.com\/?s={search_term_string}\"},\"query-input\":{\"@type\":\"PropertyValueSpecification\",\"valueRequired\":true,\"valueName\":\"search_term_string\"}}],\"inLanguage\":\"en-GB\"}]}<\/script>\n<!-- \/ Yoast SEO plugin. -->","yoast_head_json":{"title":"Descaling detergents supplier - Dermo | Detergent factory","robots":{"index":"index","follow":"follow","max-snippet":"max-snippet:-1","max-image-preview":"max-image-preview:large","max-video-preview":"max-video-preview:-1"},"canonical":"https:\/\/dermo.com\/en\/descaling-detergents-2\/supplier-of-descaling-detergents\/","og_locale":"en_GB","og_type":"article","og_title":"Proveedor de detergentes desincrustantes - Dermo | F\u00e1brica de detergentes","og_description":"Dermo: Proveedor de detergentes desincrustantes En Dermo, somos fabricantes de detergentes para la higiene industrial, la higiene dom\u00e9stica y la tecnolog\u00eda avanzada pero especialmente, somos\u00a0proveedores de\u00a0detergentes desincrustantes, ya que es una de nuestras especialidades y de nuestros productos m\u00e1s vendidos, gracias a la calidad de estos, ya que adem\u00e1s ofrecemos una amplia gamma en la&hellip;&nbsp;Read More &raquo;Proveedor de detergentes desincrustantes","og_url":"https:\/\/dermo.com\/en\/descaling-detergents-2\/supplier-of-descaling-detergents\/","og_site_name":"Dermo | F\u00e1brica de detergentes","article_modified_time":"2025-02-19T10:40:36+00:00","twitter_card":"summary_large_image","twitter_misc":{"Estimated reading time":"3 minutes"},"schema":{"@context":"https:\/\/schema.org","@graph":[{"@type":"WebPage","@id":"https:\/\/dermo.com\/detergentes-desincrustantes-2\/proveedor-de-detergentes-desincrustantes\/","url":"https:\/\/dermo.com\/detergentes-desincrustantes-2\/proveedor-de-detergentes-desincrustantes\/","name":"Descaling detergents supplier - Dermo | Detergent factory","isPartOf":{"@id":"https:\/\/dermo.com\/#website"},"datePublished":"2025-01-31T10:50:55+00:00","dateModified":"2025-02-19T10:40:36+00:00","breadcrumb":{"@id":"https:\/\/dermo.com\/detergentes-desincrustantes-2\/proveedor-de-detergentes-desincrustantes\/#breadcrumb"},"inLanguage":"en-GB","potentialAction":[{"@type":"ReadAction","target":["https:\/\/dermo.com\/detergentes-desincrustantes-2\/proveedor-de-detergentes-desincrustantes\/"]}]},{"@type":"BreadcrumbList","@id":"https:\/\/dermo.com\/detergentes-desincrustantes-2\/proveedor-de-detergentes-desincrustantes\/#breadcrumb","itemListElement":[{"@type":"ListItem","position":1,"name":"Portada","item":"https:\/\/dermo.com\/"},{"@type":"ListItem","position":2,"name":"Detergentes desincrustantes","item":"https:\/\/dermo.com\/detergentes-desincrustantes-2\/"},{"@type":"ListItem","position":3,"name":"Proveedor de detergentes desincrustantes"}]},{"@type":"WebSite","@id":"https:\/\/dermo.com\/#website","url":"https:\/\/dermo.com\/","name":"Dermo | detergent factory","description":"Advanced technology, research and development, respect for the environment, competence, constant training and a high level of professionalism in our team, committed to preserving the quality of life and protecting the natural environment, continue to motivate us to develop new products in our laboratories with highly biodegradable active ingredients that make sustainable development possible.","potentialAction":[{"@type":"SearchAction","target":{"@type":"EntryPoint","urlTemplate":"https:\/\/dermo.com\/?s={search_term_string}"},"query-input":{"@type":"PropertyValueSpecification","valueRequired":true,"valueName":"search_term_string"}}],"inLanguage":"en-GB"}]}},"_links":{"self":[{"href":"https:\/\/dermo.com\/en\/wp-json\/wp\/v2\/pages\/12989","targetHints":{"allow":["GET"]}}],"collection":[{"href":"https:\/\/dermo.com\/en\/wp-json\/wp\/v2\/pages"}],"about":[{"href":"https:\/\/dermo.com\/en\/wp-json\/wp\/v2\/types\/page"}],"author":[{"embeddable":true,"href":"https:\/\/dermo.com\/en\/wp-json\/wp\/v2\/users\/2"}],"replies":[{"embeddable":true,"href":"https:\/\/dermo.com\/en\/wp-json\/wp\/v2\/comments?post=12989"}],"version-history":[{"count":10,"href":"https:\/\/dermo.com\/en\/wp-json\/wp\/v2\/pages\/12989\/revisions"}],"predecessor-version":[{"id":13451,"href":"https:\/\/dermo.com\/en\/wp-json\/wp\/v2\/pages\/12989\/revisions\/13451"}],"up":[{"embeddable":true,"href":"https:\/\/dermo.com\/en\/wp-json\/wp\/v2\/pages\/12750"}],"wp:attachment":[{"href":"https:\/\/dermo.com\/en\/wp-json\/wp\/v2\/media?parent=12989"}],"curies":[{"name":"wp","href":"https:\/\/api.w.org\/{rel}","templated":true}]}}