{"id":13046,"date":"2025-01-31T11:55:38","date_gmt":"2025-01-31T10:55:38","guid":{"rendered":"https:\/\/dermo.com\/?page_id=13046"},"modified":"2025-02-19T11:41:24","modified_gmt":"2025-02-19T10:41:24","slug":"disinfectant-detergents-4","status":"publish","type":"page","link":"https:\/\/dermo.com\/en\/disinfectant-detergents-4\/","title":{"rendered":"Disinfectant detergents"},"content":{"rendered":"<div data-elementor-type=\"wp-page\" data-elementor-id=\"13046\" class=\"elementor elementor-13046\" data-elementor-post-type=\"page\">\n\t\t\t\t\t\t<section class=\"elementor-section elementor-top-section elementor-element elementor-element-a02683f elementor-section-boxed elementor-section-height-default elementor-section-height-default\" data-id=\"a02683f\" data-element_type=\"section\" data-e-type=\"section\" data-settings=\"{&quot;background_background&quot;:&quot;classic&quot;}\">\n\t\t\t\t\t\t\t<div class=\"elementor-background-overlay\"><\/div>\n\t\t\t\t\t\t\t<div class=\"elementor-container elementor-column-gap-default\">\n\t\t\t\t\t<div class=\"elementor-column elementor-col-100 elementor-top-column elementor-element elementor-element-f99dbff\" data-id=\"f99dbff\" data-element_type=\"column\" data-e-type=\"column\">\n\t\t\t<div class=\"elementor-widget-wrap elementor-element-populated\">\n\t\t\t\t\t\t\t<\/div>\n\t\t<\/div>\n\t\t\t\t\t<\/div>\n\t\t<\/section>\n\t\t\t\t<section class=\"elementor-section elementor-top-section elementor-element elementor-element-233ad3a4 elementor-section-boxed elementor-section-height-default elementor-section-height-default\" data-id=\"233ad3a4\" data-element_type=\"section\" data-e-type=\"section\">\n\t\t\t\t\t\t<div class=\"elementor-container elementor-column-gap-default\">\n\t\t\t\t\t<div class=\"elementor-column elementor-col-100 elementor-top-column elementor-element elementor-element-3244e578\" data-id=\"3244e578\" data-element_type=\"column\" data-e-type=\"column\">\n\t\t\t<div class=\"elementor-widget-wrap elementor-element-populated\">\n\t\t\t\t\t\t<section class=\"elementor-section elementor-inner-section elementor-element elementor-element-1a7040c2 elementor-section-content-middle elementor-section-boxed elementor-section-height-default elementor-section-height-default\" data-id=\"1a7040c2\" data-element_type=\"section\" data-e-type=\"section\">\n\t\t\t\t\t\t<div class=\"elementor-container elementor-column-gap-default\">\n\t\t\t\t\t<div class=\"elementor-column elementor-col-50 elementor-inner-column elementor-element elementor-element-58338543\" data-id=\"58338543\" data-element_type=\"column\" data-e-type=\"column\">\n\t\t\t<div class=\"elementor-widget-wrap elementor-element-populated\">\n\t\t\t\t\t\t<div class=\"elementor-element elementor-element-464b2e11 elementor-widget elementor-widget-text-editor\" data-id=\"464b2e11\" data-element_type=\"widget\" data-e-type=\"widget\" data-widget_type=\"text-editor.default\">\n\t\t\t\t<div class=\"elementor-widget-container\">\n\t\t\t\t\t\t\t\t\t<div id=\"lipsum\"><h2>Dermo: Factory of disinfectant detergents<\/h2><p>The\u00a0<strong>disinfectant detergents<\/strong>\u00a0of\u00a0<strong>Dermo<\/strong>\u00a0They are products with special registration of\u00a0<strong>disinfectant<\/strong>\u00a0and also HA record. The line of\u00a0<strong>disinfectant detergents<\/strong>\u00a0of\u00a0<strong>Dermo<\/strong>, bactericides and fungicides with special registration for food hygiene, are tested and are highly effective on dirty surfaces, completely different from\u00a0<strong>detergents<\/strong>\u00a0<strong>disinfectants<\/strong>\u00a0traditional, as they clean and\u00a0<strong>disinfect<\/strong>\u00a0in a single operation, making your work much easier and offering you the confidence of a\u00a0<strong>disinfection<\/strong>\u00a0safe, with very little contact time.<\/p><p>The\u00a0<strong>disinfectant detergents<\/strong>\u00a0of\u00a0<strong>Dermo<\/strong>\u00a0They are classified as: DL 21 ACIBAC, DL21 FUGNIBAC, and DL21 CLORBAC.<\/p><p>\u00a0<\/p><\/div>\t\t\t\t\t\t\t\t<\/div>\n\t\t\t\t<\/div>\n\t\t\t\t\t<\/div>\n\t\t<\/div>\n\t\t\t\t<div class=\"elementor-column elementor-col-50 elementor-inner-column elementor-element elementor-element-5f4b992 elementor-invisible\" data-id=\"5f4b992\" data-element_type=\"column\" data-e-type=\"column\" data-settings=\"{&quot;animation&quot;:&quot;bounceInRight&quot;}\">\n\t\t\t<div class=\"elementor-widget-wrap elementor-element-populated\">\n\t\t\t\t\t\t<div class=\"elementor-element elementor-element-e8a1ca9 elementor-widget elementor-widget-elementskit-contact-form7\" data-id=\"e8a1ca9\" data-element_type=\"widget\" data-e-type=\"widget\" data-widget_type=\"elementskit-contact-form7.default\">\n\t\t\t\t<div class=\"elementor-widget-container\">\n\t\t\t\t\t<div class=\"ekit-wid-con\" ><div class=\"ekit-form\">\n<div class=\"wpcf7 no-js\" id=\"wpcf7-f13292-p13046-o1\" lang=\"es-ES\" dir=\"ltr\" data-wpcf7-id=\"13292\">\n<div class=\"screen-reader-response\"><p role=\"status\" aria-live=\"polite\" aria-atomic=\"true\"><\/p> <ul><\/ul><\/div>\n<form action=\"\/en\/disinfectant-detergents-4\/#wpcf7-f13292-p13046-o1\" method=\"post\" class=\"wpcf7-form init\" aria-label=\"Formulario de contacto\" novalidate=\"novalidate\" data-status=\"init\" data-no-translation-aria-label=\"\" data-trp-original-action=\"\/fr\/detergentes-desinfectantes-4\/#wpcf7-f13292-p13046-o1\">\n<fieldset class=\"hidden-fields-container\"><input type=\"hidden\" name=\"_wpcf7\" value=\"13292\" \/><input type=\"hidden\" name=\"_wpcf7_version\" value=\"6.1.5\" \/><input type=\"hidden\" name=\"_wpcf7_locale\" value=\"es_ES\" \/><input type=\"hidden\" name=\"_wpcf7_unit_tag\" value=\"wpcf7-f13292-p13046-o1\" \/><input type=\"hidden\" name=\"_wpcf7_container_post\" value=\"13046\" \/><input type=\"hidden\" name=\"_wpcf7_posted_data_hash\" value=\"\" \/><input type=\"hidden\" name=\"_wpcf7_recaptcha_response\" value=\"\" \/>\n<\/fieldset>\n<div style=\"display: flex; gap: 10px;\">\n\t<div style=\"width: 50%;\">\n\t\t<p><span class=\"wpcf7-form-control-wrap\" data-name=\"your-name\"><input size=\"40\" maxlength=\"400\" class=\"wpcf7-form-control wpcf7-text wpcf7-validates-as-required\" aria-required=\"true\" aria-invalid=\"false\" placeholder=\"Name\" value=\"\" type=\"text\" name=\"your-name\" \/><\/span>\n\t\t<\/p>\n\t<\/div>\n\t<div style=\"width: 50%;\">\n\t\t<p><span class=\"wpcf7-form-control-wrap\" data-name=\"your-phone\"><input size=\"40\" maxlength=\"400\" class=\"wpcf7-form-control wpcf7-tel wpcf7-validates-as-required wpcf7-text wpcf7-validates-as-tel\" aria-required=\"true\" aria-invalid=\"false\" placeholder=\"Phone\" value=\"\" type=\"tel\" name=\"your-phone\" \/><\/span>\n\t\t<\/p>\n\t<\/div>\n<\/div>\n<p><span class=\"wpcf7-form-control-wrap\" data-name=\"your-email\"><input size=\"40\" maxlength=\"400\" class=\"wpcf7-form-control wpcf7-email wpcf7-validates-as-required wpcf7-text wpcf7-validates-as-email\" aria-required=\"true\" aria-invalid=\"false\" placeholder=\"Email\" value=\"\" type=\"email\" name=\"your-email\" \/><\/span>\n<\/p>\n<div style=\"display: flex; gap: 10px;\">\n\t<div style=\"width: 50%;\">\n\t\t<p><span class=\"wpcf7-form-control-wrap\" data-name=\"your-country\"><input size=\"40\" maxlength=\"400\" class=\"wpcf7-form-control wpcf7-text wpcf7-validates-as-required\" aria-required=\"true\" aria-invalid=\"false\" placeholder=\"Country\" value=\"\" type=\"text\" name=\"your-country\" \/><\/span>\n\t\t<\/p>\n\t<\/div>\n\t<div style=\"width: 50%;\">\n\t\t<p><span class=\"wpcf7-form-control-wrap\" data-name=\"your-city\"><input size=\"40\" maxlength=\"400\" class=\"wpcf7-form-control wpcf7-text wpcf7-validates-as-required\" aria-required=\"true\" aria-invalid=\"false\" placeholder=\"Population\" value=\"\" type=\"text\" name=\"your-city\" \/><\/span>\n\t\t<\/p>\n\t<\/div>\n<\/div>\n<p><span class=\"wpcf7-form-control-wrap\" data-name=\"your-subject\"><select class=\"wpcf7-form-control wpcf7-select\" aria-invalid=\"false\" name=\"your-subject\"><option value=\"Quiero ser distribuidor\">I want to be a distributor<\/option><option value=\"Presupuesto\">Budget<\/option><option value=\"Consulta\">Consultation<\/option><option value=\"Sugerencia\">Suggestion<\/option><option value=\"Otros\">Others<\/option><\/select><\/span>\n<\/p>\n<p><span class=\"wpcf7-form-control-wrap\" data-name=\"your-message\"><textarea cols=\"40\" rows=\"10\" maxlength=\"2000\" class=\"wpcf7-form-control wpcf7-textarea\" aria-invalid=\"false\" placeholder=\"Message or query\" name=\"your-message\"><\/textarea><\/span>\n<\/p>\n<div style=\"display: flex; align-items: center; gap: 10px;\">\n\t<p><span class=\"wpcf7-form-control-wrap\" data-name=\"privacy-policy\"><span class=\"wpcf7-form-control wpcf7-acceptance\"><span class=\"wpcf7-list-item\"><input type=\"checkbox\" name=\"privacy-policy\" value=\"1\" aria-invalid=\"false\" \/><\/span><\/span><\/span><label for=\"privacy-policy\" style=\"margin-left: 5px;\">I have read and accept the privacy policy.<\/label>\n\t<\/p>\n<\/div>\n<div style=\"display: flex; align-items: center; gap: 10px;\">\n\t<p><span class=\"wpcf7-form-control-wrap\" data-name=\"send-info\"><span class=\"wpcf7-form-control wpcf7-acceptance\"><span class=\"wpcf7-list-item\"><input type=\"checkbox\" name=\"send-info\" value=\"1\" aria-invalid=\"false\" \/><\/span><\/span><\/span><label for=\"send-info\" style=\"margin-left: 5px;\">I agree to receive information.<\/label>\n\t<\/p>\n<\/div>\n<p><input class=\"wpcf7-form-control wpcf7-submit has-spinner\" type=\"submit\" value=\"Send\" \/>\n<\/p><div class=\"wpcf7-response-output\" aria-hidden=\"true\"><\/div>\n<input type=\"hidden\" name=\"trp-form-language\" value=\"en\"\/><\/form>\n<\/div>\n<\/div><\/div>\t\t\t\t<\/div>\n\t\t\t\t<\/div>\n\t\t\t\t\t<\/div>\n\t\t<\/div>\n\t\t\t\t\t<\/div>\n\t\t<\/section>\n\t\t\t\t<div class=\"elementor-element elementor-element-615d68f elementor-widget elementor-widget-text-editor\" data-id=\"615d68f\" data-element_type=\"widget\" data-e-type=\"widget\" data-widget_type=\"text-editor.default\">\n\t\t\t\t<div class=\"elementor-widget-container\">\n\t\t\t\t\t\t\t\t\t<h3>Disinfectant Detergent \u2013 DL 21 CLORBAC<\/h3><p>Chlorinated alkaline cleaner with high disinfectant and detergent power against proteins, fats, blood and organic remains in general. Specially formulated for use in cleaning and\u00a0<strong>disinfection<\/strong>, in a single operation of very heavily contaminated surfaces and utensils in the Food Industry (dairy, brewing, meat, slaughterhouses, hospitality, etc.) and any other area of public and private life.<\/p><p>Given its chlorinated and alkaline formulation, it is especially indicated for:<\/p><ul><li><strong>Disinfection<\/strong>\u00a0of local surfaces, warehouses and rooms intended for any purpose, especially for the handling of food products.<\/li><li><strong>Disinfection<\/strong>\u00a0of cold room surfaces<\/li><li><strong>Disinfection<\/strong>\u00a0of utensils (knives, workbenches, etc.)<\/li><li><strong>Disinfection<\/strong>\u00a0of pipes, conduits, tanks, etc.<\/li><\/ul><p>The presence of non-ionic surfactants and its high free alkalinity, gives DL 21CLORBAC a remarkable cleaning and degreasing action, even at low concentrations, which allow the product to penetrate quickly and easily into all the interstices that could be contaminated even on porous surfaces, thus ensuring good cleaning and\u00a0<strong>disinfection<\/strong>, even in the presence of organic matter.<\/p><p><strong>Disinfectant Detergent \u2013 DL 21 FUNGIBAC<\/strong><\/p><p>It has an alkaline pH and its active ingredient is didecyldimethylammonium chloride (DDAC-7%) and has been tested as a bactericide and fungicide in dirty conditions. Its use is environmental, in the food industry, cleaning and\u00a0<strong>disinfection<\/strong>\u00a0and degreasing. DL 21 FUNGIBAC is a product with a high concentration of active ingredients, specially formulated for use in comprehensive cleaning and\u00a0<strong>disinfection<\/strong>\u00a0by contact with surfaces and utensils, heavily contaminated in the food industry, hospitality, large communities and institutional surfaces and hygiene. Especially recommended for:<\/p><ul><li><strong>Disinfection<\/strong>\u00a0of surfaces in premises, warehouses, cold rooms and rooms intended for any purpose, especially for the handling of food products.<\/li><li><strong>Disinfection<\/strong>\u00a0of transport elements, cutting, stuffing, mixing, packaging machines, etc. in the absence of food.<\/li><li><strong>Disinfection<\/strong>\u00a0of pipes, conduits, tanks, etc.<\/li><li><strong>Disinfection<\/strong>\u00a0of utensils (knives, workbenches, etc.)<\/li><\/ul><p>It is effective even in the presence of organic matter and provides an effective deodorizing action, which prevents the formation of bad odors. It also has a remarkable moisturizing and degreasing action, thanks to its high concentration of surfactants, which allow the product to eliminate encrusted grease and quickly penetrate anything that may be contaminated, even porous surfaces, ensuring good cleaning and effective cleaning.\u00a0<strong>disinfection<\/strong>.<\/p><p><strong>Disinfectant detergent \u2013 DL 21 ACIBAC<\/strong>: Contains acid pH, special for descaling both in places where there are lime remains, as well as for places where there are salt remains, after carrying out a continuous cleaning with alkaline products. The active ingredient of this\u00a0<strong>disinfectant detergent<\/strong>\u00a0It is Didecyldimethylammonium chloride (DDAC-5,6%) and is tested as a bactericide in dirty conditions. For environmental use, in the food industry, cleaning and\u00a0<strong>disinfection<\/strong>\u00a0and descaling. It has been formulated for use in comprehensive cleaning and\u00a0<strong>disinfection<\/strong>, by contact with heavily contaminated surfaces and utensils in the food industry, hospitality, large communities and surfaces and institutional hygiene, where descaling of lime deposits produced by hard water is also required. Especially recommended for:<\/p><ul><li><strong>Disinfection<\/strong>\u00a0Surface cleaning in premises, warehouses, cold storage rooms and rooms intended for any purpose (industrial, institutional), especially where large amounts of incrustation accumulate due to lime in the water. Bathrooms, toilets, showers, swimming pools, spas, etc.<\/li><li><strong>Disinfection<\/strong>\u00a0of transport elements, pipes, conduits, tanks, etc.<\/li><li><strong>Disinfection<\/strong>\u00a0of utensils (knives, workbenches, etc.)<\/li><\/ul><p>It has a powerful deodorant action, which prevents the formation of bad odours and has a notable moisturising and descaling action, thanks to its high concentration of surfactants and inorganic acids, which allow the product to eliminate encrusted lime and penetrate even porous surfaces.<\/p><p>These\u00a0<strong>disinfectant detergents<\/strong>\u00a0of\u00a0<strong>Dermo<\/strong>\u00a0They are regulated by Directive 98\/8\/C on the placing of biocidal products on the market, which harmonises legislation on these products at European level. This Directive has been transposed by Royal Decree 1054\/2002.<\/p>\t\t\t\t\t\t\t\t<\/div>\n\t\t\t\t<\/div>\n\t\t\t\t\t<\/div>\n\t\t<\/div>\n\t\t\t\t\t<\/div>\n\t\t<\/section>\n\t\t\t\t<section class=\"elementor-section elementor-top-section elementor-element elementor-element-484f41e elementor-section-full_width elementor-section-height-default elementor-section-height-default elementor-invisible\" data-id=\"484f41e\" data-element_type=\"section\" data-e-type=\"section\" data-settings=\"{&quot;animation&quot;:&quot;slideInUp&quot;}\">\n\t\t\t\t\t\t<div class=\"elementor-container elementor-column-gap-default\">\n\t\t\t\t\t<div class=\"elementor-column elementor-col-100 elementor-top-column elementor-element elementor-element-19948363\" data-id=\"19948363\" data-element_type=\"column\" data-e-type=\"column\">\n\t\t\t<div class=\"elementor-widget-wrap elementor-element-populated\">\n\t\t\t\t\t\t<div class=\"elementor-element elementor-element-339044a4 elementor-widget elementor-widget-google_maps\" data-id=\"339044a4\" data-element_type=\"widget\" data-e-type=\"widget\" data-widget_type=\"google_maps.default\">\n\t\t\t\t<div class=\"elementor-widget-container\">\n\t\t\t\t\t\t\t<div class=\"elementor-custom-embed\">\n\t\t\t<iframe loading=\"lazy\"\n\t\t\t\t\tsrc=\"https:\/\/maps.google.com\/maps?q=C%2F%20Pintor%20Joan%20Miro%2C%2016.%20Pol.%20Ind.%20Can%20Humet%20de%20Dalt%2C%2008213%20Poliny%C3%A0.%20Barcelona&#038;t=m&#038;z=15&#038;output=embed&#038;iwloc=near\"\n\t\t\t\t\ttitle=\"C\/ Pintor Joan Miro, 16. Pol. Ind. Can Humet de Dalt, 08213 Poliny\u00e0. Barcelona\"\n\t\t\t\t\taria-label=\"C\/ Pintor Joan Miro, 16. Pol. Ind. Can Humet de Dalt, 08213 Poliny\u00e0. Barcelona\"\n\t\t\t><\/iframe>\n\t\t<\/div>\n\t\t\t\t\t\t<\/div>\n\t\t\t\t<\/div>\n\t\t\t\t\t<\/div>\n\t\t<\/div>\n\t\t\t\t\t<\/div>\n\t\t<\/section>\n\t\t\t\t<\/div>","protected":false},"excerpt":{"rendered":"<p>Dermo: Disinfectant Detergent Factory. Dermo&#039;s disinfectant detergents are products with special disinfectant registration and also HA registration. Dermo&#039;s line of disinfectant detergents, bactericidal and fungicidal, with special registration for food hygiene, are tested and highly effective on dirty surfaces. They are completely different from traditional disinfectant detergents, as they clean and disinfect in a single operation, making your work much easier.&nbsp;<a href=\"https:\/\/dermo.com\/en\/disinfectant-detergents-4\/\" rel=\"bookmark\">Read More \u00bb<span class=\"screen-reader-text\">Disinfectant detergents<\/span><\/a><\/p>","protected":false},"author":2,"featured_media":0,"parent":0,"menu_order":0,"comment_status":"closed","ping_status":"closed","template":"page-templates\/template-pagebuilder-full-width.php","meta":{"neve_meta_sidebar":"","neve_meta_container":"","neve_meta_enable_content_width":"","neve_meta_content_width":0,"neve_meta_title_alignment":"","neve_meta_author_avatar":"","neve_post_elements_order":"","neve_meta_disable_header":"","neve_meta_disable_footer":"","neve_meta_disable_title":"","footnotes":""},"class_list":["post-13046","page","type-page","status-publish","hentry"],"yoast_head":"<!-- This site is optimized with the Yoast SEO plugin v27.0 - https:\/\/yoast.com\/product\/yoast-seo-wordpress\/ -->\n<title>Detergentes desinfectantes - Dermo | F\u00e1brica de detergentes<\/title>\n<meta name=\"robots\" content=\"index, follow, max-snippet:-1, max-image-preview:large, max-video-preview:-1\" \/>\n<link rel=\"canonical\" href=\"https:\/\/dermo.com\/en\/disinfectant-detergents-4\/\" \/>\n<meta property=\"og:locale\" content=\"en_GB\" \/>\n<meta property=\"og:type\" content=\"article\" \/>\n<meta property=\"og:title\" content=\"Detergentes desinfectantes - Dermo | F\u00e1brica de detergentes\" \/>\n<meta property=\"og:description\" content=\"Dermo: F\u00e1brica de Detergentes desinfectantes Los\u00a0detergentes desinfectantes\u00a0de\u00a0Dermo\u00a0son productos con registro especial de\u00a0desinfectante\u00a0y tambi\u00e9n registro HA. La l\u00ednea de\u00a0detergentes desinfectantes\u00a0de\u00a0Dermo, bactericidas y fungicidas con registro especial para la higiene alimentaria, est\u00e1n testados y son altamente eficaces en superficies sucias, diferenci\u00e1ndose totalmente de los\u00a0detergentes\u00a0desinfectantes\u00a0tradicionales, ya que limpian y\u00a0desinfectan\u00a0en una sola operaci\u00f3n, haciendo tu trabajo mucho m\u00e1s f\u00e1cil&hellip;&nbsp;Read More &raquo;Detergentes desinfectantes\" \/>\n<meta property=\"og:url\" content=\"https:\/\/dermo.com\/en\/disinfectant-detergents-4\/\" \/>\n<meta property=\"og:site_name\" content=\"Dermo | F\u00e1brica de detergentes\" \/>\n<meta property=\"article:modified_time\" content=\"2025-02-19T10:41:24+00:00\" \/>\n<meta name=\"twitter:card\" content=\"summary_large_image\" \/>\n<meta name=\"twitter:label1\" content=\"Estimated reading time\" \/>\n\t<meta name=\"twitter:data1\" content=\"4 minutes\" \/>\n<script type=\"application\/ld+json\" class=\"yoast-schema-graph\">{\"@context\":\"https:\/\/schema.org\",\"@graph\":[{\"@type\":\"WebPage\",\"@id\":\"https:\/\/dermo.com\/detergentes-desinfectantes-4\/\",\"url\":\"https:\/\/dermo.com\/detergentes-desinfectantes-4\/\",\"name\":\"Detergentes desinfectantes - Dermo | F\u00e1brica de detergentes\",\"isPartOf\":{\"@id\":\"https:\/\/dermo.com\/#website\"},\"datePublished\":\"2025-01-31T10:55:38+00:00\",\"dateModified\":\"2025-02-19T10:41:24+00:00\",\"breadcrumb\":{\"@id\":\"https:\/\/dermo.com\/detergentes-desinfectantes-4\/#breadcrumb\"},\"inLanguage\":\"en-GB\",\"potentialAction\":[{\"@type\":\"ReadAction\",\"target\":[\"https:\/\/dermo.com\/detergentes-desinfectantes-4\/\"]}]},{\"@type\":\"BreadcrumbList\",\"@id\":\"https:\/\/dermo.com\/detergentes-desinfectantes-4\/#breadcrumb\",\"itemListElement\":[{\"@type\":\"ListItem\",\"position\":1,\"name\":\"Portada\",\"item\":\"https:\/\/dermo.com\/\"},{\"@type\":\"ListItem\",\"position\":2,\"name\":\"Detergentes desinfectantes\"}]},{\"@type\":\"WebSite\",\"@id\":\"https:\/\/dermo.com\/#website\",\"url\":\"https:\/\/dermo.com\/\",\"name\":\"Dermo | F\u00e1brica de detergentes\",\"description\":\"Tecnolog\u00eda avanzada, investigaci\u00f3n y desarrollo, respeto por el medio ambiente, competencia, formaci\u00f3n constante y alto nivel de profesionalidad en nuestro equipo humano, empe\u00f1ado en preservar la calidad de vida, la protecci\u00f3n del entorno natural contin\u00faan motiv\u00e1ndonos para desarrollar en nuestros laboratorios nuevos productos con ingredientes activos altamente biodegradables que hacen posible un desarrollo sostenible.\",\"potentialAction\":[{\"@type\":\"SearchAction\",\"target\":{\"@type\":\"EntryPoint\",\"urlTemplate\":\"https:\/\/dermo.com\/?s={search_term_string}\"},\"query-input\":{\"@type\":\"PropertyValueSpecification\",\"valueRequired\":true,\"valueName\":\"search_term_string\"}}],\"inLanguage\":\"en-GB\"}]}<\/script>\n<!-- \/ Yoast SEO plugin. -->","yoast_head_json":{"title":"Disinfectant detergents - Dermo | Detergent factory","robots":{"index":"index","follow":"follow","max-snippet":"max-snippet:-1","max-image-preview":"max-image-preview:large","max-video-preview":"max-video-preview:-1"},"canonical":"https:\/\/dermo.com\/en\/disinfectant-detergents-4\/","og_locale":"en_GB","og_type":"article","og_title":"Detergentes desinfectantes - Dermo | F\u00e1brica de detergentes","og_description":"Dermo: F\u00e1brica de Detergentes desinfectantes Los\u00a0detergentes desinfectantes\u00a0de\u00a0Dermo\u00a0son productos con registro especial de\u00a0desinfectante\u00a0y tambi\u00e9n registro HA. La l\u00ednea de\u00a0detergentes desinfectantes\u00a0de\u00a0Dermo, bactericidas y fungicidas con registro especial para la higiene alimentaria, est\u00e1n testados y son altamente eficaces en superficies sucias, diferenci\u00e1ndose totalmente de los\u00a0detergentes\u00a0desinfectantes\u00a0tradicionales, ya que limpian y\u00a0desinfectan\u00a0en una sola operaci\u00f3n, haciendo tu trabajo mucho m\u00e1s f\u00e1cil&hellip;&nbsp;Read More &raquo;Detergentes desinfectantes","og_url":"https:\/\/dermo.com\/en\/disinfectant-detergents-4\/","og_site_name":"Dermo | F\u00e1brica de detergentes","article_modified_time":"2025-02-19T10:41:24+00:00","twitter_card":"summary_large_image","twitter_misc":{"Estimated reading time":"4 minutes"},"schema":{"@context":"https:\/\/schema.org","@graph":[{"@type":"WebPage","@id":"https:\/\/dermo.com\/detergentes-desinfectantes-4\/","url":"https:\/\/dermo.com\/detergentes-desinfectantes-4\/","name":"Disinfectant detergents - Dermo | Detergent factory","isPartOf":{"@id":"https:\/\/dermo.com\/#website"},"datePublished":"2025-01-31T10:55:38+00:00","dateModified":"2025-02-19T10:41:24+00:00","breadcrumb":{"@id":"https:\/\/dermo.com\/detergentes-desinfectantes-4\/#breadcrumb"},"inLanguage":"en-GB","potentialAction":[{"@type":"ReadAction","target":["https:\/\/dermo.com\/detergentes-desinfectantes-4\/"]}]},{"@type":"BreadcrumbList","@id":"https:\/\/dermo.com\/detergentes-desinfectantes-4\/#breadcrumb","itemListElement":[{"@type":"ListItem","position":1,"name":"Portada","item":"https:\/\/dermo.com\/"},{"@type":"ListItem","position":2,"name":"Detergentes desinfectantes"}]},{"@type":"WebSite","@id":"https:\/\/dermo.com\/#website","url":"https:\/\/dermo.com\/","name":"Dermo | detergent factory","description":"Advanced technology, research and development, respect for the environment, competence, constant training and a high level of professionalism in our team, committed to preserving the quality of life and protecting the natural environment, continue to motivate us to develop new products in our laboratories with highly biodegradable active ingredients that make sustainable development possible.","potentialAction":[{"@type":"SearchAction","target":{"@type":"EntryPoint","urlTemplate":"https:\/\/dermo.com\/?s={search_term_string}"},"query-input":{"@type":"PropertyValueSpecification","valueRequired":true,"valueName":"search_term_string"}}],"inLanguage":"en-GB"}]}},"_links":{"self":[{"href":"https:\/\/dermo.com\/en\/wp-json\/wp\/v2\/pages\/13046","targetHints":{"allow":["GET"]}}],"collection":[{"href":"https:\/\/dermo.com\/en\/wp-json\/wp\/v2\/pages"}],"about":[{"href":"https:\/\/dermo.com\/en\/wp-json\/wp\/v2\/types\/page"}],"author":[{"embeddable":true,"href":"https:\/\/dermo.com\/en\/wp-json\/wp\/v2\/users\/2"}],"replies":[{"embeddable":true,"href":"https:\/\/dermo.com\/en\/wp-json\/wp\/v2\/comments?post=13046"}],"version-history":[{"count":7,"href":"https:\/\/dermo.com\/en\/wp-json\/wp\/v2\/pages\/13046\/revisions"}],"predecessor-version":[{"id":13457,"href":"https:\/\/dermo.com\/en\/wp-json\/wp\/v2\/pages\/13046\/revisions\/13457"}],"wp:attachment":[{"href":"https:\/\/dermo.com\/en\/wp-json\/wp\/v2\/media?parent=13046"}],"curies":[{"name":"wp","href":"https:\/\/api.w.org\/{rel}","templated":true}]}}