{"id":13067,"date":"2025-01-31T11:58:29","date_gmt":"2025-01-31T10:58:29","guid":{"rendered":"https:\/\/dermo.com\/?page_id=13067"},"modified":"2025-02-19T11:58:50","modified_gmt":"2025-02-19T10:58:50","slug":"mop","status":"publish","type":"page","link":"https:\/\/dermo.com\/en\/mop\/","title":{"rendered":"Mop"},"content":{"rendered":"<div data-elementor-type=\"wp-page\" data-elementor-id=\"13067\" class=\"elementor elementor-13067\" data-elementor-post-type=\"page\">\n\t\t\t\t\t\t<section class=\"elementor-section elementor-top-section elementor-element elementor-element-81cb246 elementor-section-boxed elementor-section-height-default elementor-section-height-default\" data-id=\"81cb246\" data-element_type=\"section\" data-e-type=\"section\" data-settings=\"{&quot;background_background&quot;:&quot;classic&quot;}\">\n\t\t\t\t\t\t\t<div class=\"elementor-background-overlay\"><\/div>\n\t\t\t\t\t\t\t<div class=\"elementor-container elementor-column-gap-default\">\n\t\t\t\t\t<div class=\"elementor-column elementor-col-100 elementor-top-column elementor-element elementor-element-90ce240\" data-id=\"90ce240\" data-element_type=\"column\" data-e-type=\"column\">\n\t\t\t<div class=\"elementor-widget-wrap elementor-element-populated\">\n\t\t\t\t\t\t\t<\/div>\n\t\t<\/div>\n\t\t\t\t\t<\/div>\n\t\t<\/section>\n\t\t\t\t<section class=\"elementor-section elementor-top-section elementor-element elementor-element-8e50f86 elementor-section-boxed elementor-section-height-default elementor-section-height-default\" data-id=\"8e50f86\" data-element_type=\"section\" data-e-type=\"section\">\n\t\t\t\t\t\t<div class=\"elementor-container elementor-column-gap-default\">\n\t\t\t\t\t<div class=\"elementor-column elementor-col-100 elementor-top-column elementor-element elementor-element-9c3e47a\" data-id=\"9c3e47a\" data-element_type=\"column\" data-e-type=\"column\">\n\t\t\t<div class=\"elementor-widget-wrap elementor-element-populated\">\n\t\t\t\t\t\t<section class=\"elementor-section elementor-inner-section elementor-element elementor-element-66bd02e elementor-section-content-middle elementor-section-boxed elementor-section-height-default elementor-section-height-default\" data-id=\"66bd02e\" data-element_type=\"section\" data-e-type=\"section\">\n\t\t\t\t\t\t<div class=\"elementor-container elementor-column-gap-default\">\n\t\t\t\t\t<div class=\"elementor-column elementor-col-50 elementor-inner-column elementor-element elementor-element-23299db\" data-id=\"23299db\" data-element_type=\"column\" data-e-type=\"column\">\n\t\t\t<div class=\"elementor-widget-wrap elementor-element-populated\">\n\t\t\t\t\t\t<div class=\"elementor-element elementor-element-9466f9a elementor-widget elementor-widget-text-editor\" data-id=\"9466f9a\" data-element_type=\"widget\" data-e-type=\"widget\" data-widget_type=\"text-editor.default\">\n\t\t\t\t<div class=\"elementor-widget-container\">\n\t\t\t\t\t\t\t\t\t<div id=\"lipsum\"><h2>Dermo: Floor cleaner<\/h2><p>At Dermo you can find all kinds of\u00a0<strong>mop<\/strong>\u00a0to carry out a professional and specific cleaning, achieving an effective and long-lasting result. All of them have a high and effective detergent power and offer different types of aromas, because we want each client to be able to choose a product with which they can identify, both for its efficiency and for its smell. At Dermo you can find\u00a0<strong>mop<\/strong>\u00a0Very effective, they create a natural shine on the floor, leaving it impeccably clean for days and also providing a pleasant aroma that will permeate the entire room.<\/p><p>Today we want to talk to you about the characteristics of each of our\u00a0<strong>mop<\/strong>, so that you know all the details and can choose the one you like best, comparing all the possibilities that we offer at Dermo.<\/p><\/div>\t\t\t\t\t\t\t\t<\/div>\n\t\t\t\t<\/div>\n\t\t\t\t\t<\/div>\n\t\t<\/div>\n\t\t\t\t<div class=\"elementor-column elementor-col-50 elementor-inner-column elementor-element elementor-element-ffc707a elementor-invisible\" data-id=\"ffc707a\" data-element_type=\"column\" data-e-type=\"column\" data-settings=\"{&quot;animation&quot;:&quot;bounceInRight&quot;}\">\n\t\t\t<div class=\"elementor-widget-wrap elementor-element-populated\">\n\t\t\t\t\t\t<div class=\"elementor-element elementor-element-36cea6e elementor-widget__width-initial elementor-widget elementor-widget-elementskit-contact-form7\" data-id=\"36cea6e\" data-element_type=\"widget\" data-e-type=\"widget\" data-widget_type=\"elementskit-contact-form7.default\">\n\t\t\t\t<div class=\"elementor-widget-container\">\n\t\t\t\t\t<div class=\"ekit-wid-con\" ><div class=\"ekit-form\">\n<div class=\"wpcf7 no-js\" id=\"wpcf7-f13292-p13067-o1\" lang=\"es-ES\" dir=\"ltr\" data-wpcf7-id=\"13292\">\n<div class=\"screen-reader-response\"><p role=\"status\" aria-live=\"polite\" aria-atomic=\"true\"><\/p> <ul><\/ul><\/div>\n<form action=\"\/en\/mop\/#wpcf7-f13292-p13067-o1\" method=\"post\" class=\"wpcf7-form init\" aria-label=\"Formulario de contacto\" novalidate=\"novalidate\" data-status=\"init\" data-no-translation-aria-label=\"\" data-trp-original-action=\"\/en\/fregasuelos\/#wpcf7-f13292-p13067-o1\">\n<fieldset class=\"hidden-fields-container\"><input type=\"hidden\" name=\"_wpcf7\" value=\"13292\" \/><input type=\"hidden\" name=\"_wpcf7_version\" value=\"6.1.5\" \/><input type=\"hidden\" name=\"_wpcf7_locale\" value=\"es_ES\" \/><input type=\"hidden\" name=\"_wpcf7_unit_tag\" value=\"wpcf7-f13292-p13067-o1\" \/><input type=\"hidden\" name=\"_wpcf7_container_post\" value=\"13067\" \/><input type=\"hidden\" name=\"_wpcf7_posted_data_hash\" value=\"\" \/><input type=\"hidden\" name=\"_wpcf7_recaptcha_response\" value=\"\" \/>\n<\/fieldset>\n<div style=\"display: flex; gap: 10px;\">\n\t<div style=\"width: 50%;\">\n\t\t<p><span class=\"wpcf7-form-control-wrap\" data-name=\"your-name\"><input size=\"40\" maxlength=\"400\" class=\"wpcf7-form-control wpcf7-text wpcf7-validates-as-required\" aria-required=\"true\" aria-invalid=\"false\" placeholder=\"Name\" value=\"\" type=\"text\" name=\"your-name\" \/><\/span>\n\t\t<\/p>\n\t<\/div>\n\t<div style=\"width: 50%;\">\n\t\t<p><span class=\"wpcf7-form-control-wrap\" data-name=\"your-phone\"><input size=\"40\" maxlength=\"400\" class=\"wpcf7-form-control wpcf7-tel wpcf7-validates-as-required wpcf7-text wpcf7-validates-as-tel\" aria-required=\"true\" aria-invalid=\"false\" placeholder=\"Phone\" value=\"\" type=\"tel\" name=\"your-phone\" \/><\/span>\n\t\t<\/p>\n\t<\/div>\n<\/div>\n<p><span class=\"wpcf7-form-control-wrap\" data-name=\"your-email\"><input size=\"40\" maxlength=\"400\" class=\"wpcf7-form-control wpcf7-email wpcf7-validates-as-required wpcf7-text wpcf7-validates-as-email\" aria-required=\"true\" aria-invalid=\"false\" placeholder=\"Email\" value=\"\" type=\"email\" name=\"your-email\" \/><\/span>\n<\/p>\n<div style=\"display: flex; gap: 10px;\">\n\t<div style=\"width: 50%;\">\n\t\t<p><span class=\"wpcf7-form-control-wrap\" data-name=\"your-country\"><input size=\"40\" maxlength=\"400\" class=\"wpcf7-form-control wpcf7-text wpcf7-validates-as-required\" aria-required=\"true\" aria-invalid=\"false\" placeholder=\"Country\" value=\"\" type=\"text\" name=\"your-country\" \/><\/span>\n\t\t<\/p>\n\t<\/div>\n\t<div style=\"width: 50%;\">\n\t\t<p><span class=\"wpcf7-form-control-wrap\" data-name=\"your-city\"><input size=\"40\" maxlength=\"400\" class=\"wpcf7-form-control wpcf7-text wpcf7-validates-as-required\" aria-required=\"true\" aria-invalid=\"false\" placeholder=\"Population\" value=\"\" type=\"text\" name=\"your-city\" \/><\/span>\n\t\t<\/p>\n\t<\/div>\n<\/div>\n<p><span class=\"wpcf7-form-control-wrap\" data-name=\"your-subject\"><select class=\"wpcf7-form-control wpcf7-select\" aria-invalid=\"false\" name=\"your-subject\"><option value=\"Quiero ser distribuidor\">I want to be a distributor<\/option><option value=\"Presupuesto\">Budget<\/option><option value=\"Consulta\">Consultation<\/option><option value=\"Sugerencia\">Suggestion<\/option><option value=\"Otros\">Others<\/option><\/select><\/span>\n<\/p>\n<p><span class=\"wpcf7-form-control-wrap\" data-name=\"your-message\"><textarea cols=\"40\" rows=\"10\" maxlength=\"2000\" class=\"wpcf7-form-control wpcf7-textarea\" aria-invalid=\"false\" placeholder=\"Message or query\" name=\"your-message\"><\/textarea><\/span>\n<\/p>\n<div style=\"display: flex; align-items: center; gap: 10px;\">\n\t<p><span class=\"wpcf7-form-control-wrap\" data-name=\"privacy-policy\"><span class=\"wpcf7-form-control wpcf7-acceptance\"><span class=\"wpcf7-list-item\"><input type=\"checkbox\" name=\"privacy-policy\" value=\"1\" aria-invalid=\"false\" \/><\/span><\/span><\/span><label for=\"privacy-policy\" style=\"margin-left: 5px;\">I have read and accept the privacy policy.<\/label>\n\t<\/p>\n<\/div>\n<div style=\"display: flex; align-items: center; gap: 10px;\">\n\t<p><span class=\"wpcf7-form-control-wrap\" data-name=\"send-info\"><span class=\"wpcf7-form-control wpcf7-acceptance\"><span class=\"wpcf7-list-item\"><input type=\"checkbox\" name=\"send-info\" value=\"1\" aria-invalid=\"false\" \/><\/span><\/span><\/span><label for=\"send-info\" style=\"margin-left: 5px;\">I agree to receive information.<\/label>\n\t<\/p>\n<\/div>\n<p><input class=\"wpcf7-form-control wpcf7-submit has-spinner\" type=\"submit\" value=\"Send\" \/>\n<\/p><div class=\"wpcf7-response-output\" aria-hidden=\"true\"><\/div>\n<input type=\"hidden\" name=\"trp-form-language\" value=\"en\"\/><\/form>\n<\/div>\n<\/div><\/div>\t\t\t\t<\/div>\n\t\t\t\t<\/div>\n\t\t\t\t\t<\/div>\n\t\t<\/div>\n\t\t\t\t\t<\/div>\n\t\t<\/section>\n\t\t\t\t<div class=\"elementor-element elementor-element-63dd2c5 elementor-widget elementor-widget-text-editor\" data-id=\"63dd2c5\" data-element_type=\"widget\" data-e-type=\"widget\" data-widget_type=\"text-editor.default\">\n\t\t\t\t<div class=\"elementor-widget-container\">\n\t\t\t\t\t\t\t\t\t<div class=\"wpb_column vc_column_container vc_col-sm-6\"><div class=\"vc_column-inner\"><div class=\"wpb_wrapper\"><div class=\"wpb_text_column wpb_content_element  texto\"><div class=\"wpb_wrapper\"><p><a href=\"https:\/\/dermo.com\/en\/catalog\/es\/soil-treatment\/98-star-gres-pino.html\/?search_query=fregasuelos&amp;results=10\">Star Stoneware Pine<\/a>\u00a0is one of ours\u00a0<strong>mop\u00a0<\/strong>star, as it is a liquid detergent specially designed for cleaning stoneware, ceramic and tile surfaces. It perfumes the room and leaves a natural shine on the floor.<\/p><p><a href=\"https:\/\/dermo.com\/en\/catalog\/es\/soil-treatment\/97-super-swing.html\/?search_query=fregasuelos&amp;results=10\">Super Swing<\/a>, is another of our products, in this case it is a neutral liquid detergent prepared for the maintenance and cleaning of marble, parquet, synthetic floors, etc.<\/p><p>Another of our products is\u00a0<a href=\"https:\/\/dermo.com\/en\/catalog\/es\/soil-treatment\/96-star-gres.html\/?search_query=fregasuelos&amp;results=10\">Star Stoneware<\/a>, a liquid detergent that will leave the floor shiny, scented and without leaving marks.<\/p><p><a href=\"https:\/\/dermo.com\/en\/catalog\/es\/start\/157-f-80-eucalipto-fregasuelos.html\/?search_query=fregasuelos&amp;results=10\">F 80 Eucalyptus<\/a>, as its name suggests, leaves a pleasant and fresh eucalyptus scent on the floor that spreads throughout the room and creates a hygienic and renewing environment. It is a very effective, fast-drying floor cleaner that preserves the natural shine of the floor. It can be used on washable surfaces such as vinyl, ceramic, rubber, marble, PVC, etc.\u00a0<a href=\"https:\/\/dermo.com\/en\/catalog\/es\/soil-treatment\/155-f-80-cherry-fregasuelos.html\/?search_query=fregasuelos&amp;results=10\">F 80 Cherry<\/a>\u00a0It performs the same function as F 80 Eucalyptus, but leaving a pleasant and sweet cherry aroma.<\/p><p>And for an intense cleaning we recommend the\u00a0<a href=\"https:\/\/dermo.com\/en\/catalog\/es\/soil-treatment\/95-f80intense.html\/?search_query=fregasuelos&amp;results=10\">F 80 Intense<\/a>, which has a high detergent power and shines naturally. It can be used on all types of floors and leaves a pleasant and long-lasting clean scent.<\/p><p>With an intense purple color it is presented\u00a0<a href=\"https:\/\/dermo.com\/en\/catalog\/es\/soil-treatment\/94-f200.html\/\">F 200,<\/a>\u00a0an effective cleaning product with a high detergent power that shines naturally and can be used on all types of floors. It also provides a very pleasant aroma in the room in which it has been used.<\/p><p><a href=\"https:\/\/dermo.com\/en\/catalog\/es\/soil-treatment\/93-f80flower.html\/?search_query=fregasuelos&amp;results=10\">F 80 Flower<\/a>\u00a0It leaves a spring-like floral scent on the floor and in the air, which lasts for hours. It is also a very effective product with a high detergent power and is a natural brightener.<\/p><p>And finally we talk about\u00a0\u00a0<a href=\"https:\/\/dermo.com\/en\/catalog\/es\/soil-treatment\/92-f80apple.html\/?search_query=fregasuelos&amp;results=10\">F 80 Floor cleaner<\/a>, a\u00a0<strong>mop<\/strong>\u00a0professional cleaning product that achieves a natural shine on any type of floor and has great detergent power. The lemon scent provides a feeling of cleanliness and freshness, which lasts for days.<\/p><\/div><\/div><\/div><\/div><\/div><div class=\"wpb_column vc_column_container vc_col-sm-6\"><div class=\"vc_column-inner\"><div class=\"wpb_wrapper\"><div class=\"vision-contentbox\">\u00a0<\/div><\/div><\/div><\/div>\t\t\t\t\t\t\t\t<\/div>\n\t\t\t\t<\/div>\n\t\t\t\t\t<\/div>\n\t\t<\/div>\n\t\t\t\t\t<\/div>\n\t\t<\/section>\n\t\t\t\t<section class=\"elementor-section elementor-top-section elementor-element elementor-element-9117fb8 elementor-section-full_width elementor-section-height-default elementor-section-height-default elementor-invisible\" data-id=\"9117fb8\" data-element_type=\"section\" data-e-type=\"section\" data-settings=\"{&quot;animation&quot;:&quot;slideInUp&quot;}\">\n\t\t\t\t\t\t<div class=\"elementor-container elementor-column-gap-default\">\n\t\t\t\t\t<div class=\"elementor-column elementor-col-100 elementor-top-column elementor-element elementor-element-4cb5f15\" data-id=\"4cb5f15\" data-element_type=\"column\" data-e-type=\"column\">\n\t\t\t<div class=\"elementor-widget-wrap elementor-element-populated\">\n\t\t\t\t\t\t<div class=\"elementor-element elementor-element-01e92bb elementor-widget elementor-widget-google_maps\" data-id=\"01e92bb\" data-element_type=\"widget\" data-e-type=\"widget\" data-widget_type=\"google_maps.default\">\n\t\t\t\t<div class=\"elementor-widget-container\">\n\t\t\t\t\t\t\t<div class=\"elementor-custom-embed\">\n\t\t\t<iframe loading=\"lazy\"\n\t\t\t\t\tsrc=\"https:\/\/maps.google.com\/maps?q=C%2F%20Pintor%20Joan%20Miro%2C%2016.%20Pol.%20Ind.%20Can%20Humet%20de%20Dalt%2C%2008213%20Poliny%C3%A0.%20Barcelona&#038;t=m&#038;z=15&#038;output=embed&#038;iwloc=near\"\n\t\t\t\t\ttitle=\"C\/ Pintor Joan Miro, 16. Pol. Ind. Can Humet de Dalt, 08213 Poliny\u00e0. Barcelona\"\n\t\t\t\t\taria-label=\"C\/ Pintor Joan Miro, 16. Pol. Ind. Can Humet de Dalt, 08213 Poliny\u00e0. Barcelona\"\n\t\t\t><\/iframe>\n\t\t<\/div>\n\t\t\t\t\t\t<\/div>\n\t\t\t\t<\/div>\n\t\t\t\t\t<\/div>\n\t\t<\/div>\n\t\t\t\t\t<\/div>\n\t\t<\/section>\n\t\t\t\t<\/div>","protected":false},"excerpt":{"rendered":"<p>Dermo: Floor Cleaners. At Dermo, you can find all types of floor cleaners for professional and targeted cleaning, achieving effective and long-lasting results. They all feature high and effective cleaning power and come in a variety of scents, because we want every customer to be able to choose a product they can identify with, both for its\u2026&nbsp;<a href=\"https:\/\/dermo.com\/en\/mop\/\" rel=\"bookmark\">Read More \u00bb<span class=\"screen-reader-text\">Mop<\/span><\/a><\/p>","protected":false},"author":2,"featured_media":0,"parent":0,"menu_order":0,"comment_status":"closed","ping_status":"closed","template":"page-templates\/template-pagebuilder-full-width.php","meta":{"neve_meta_sidebar":"","neve_meta_container":"","neve_meta_enable_content_width":"","neve_meta_content_width":0,"neve_meta_title_alignment":"","neve_meta_author_avatar":"","neve_post_elements_order":"","neve_meta_disable_header":"","neve_meta_disable_footer":"","neve_meta_disable_title":"","footnotes":""},"class_list":["post-13067","page","type-page","status-publish","hentry"],"yoast_head":"<!-- This site is optimized with the Yoast SEO plugin v27.0 - https:\/\/yoast.com\/product\/yoast-seo-wordpress\/ -->\n<title>Fregasuelos - Dermo | F\u00e1brica de detergentes<\/title>\n<meta name=\"robots\" content=\"index, follow, max-snippet:-1, max-image-preview:large, max-video-preview:-1\" \/>\n<link rel=\"canonical\" href=\"https:\/\/dermo.com\/en\/mop\/\" \/>\n<meta property=\"og:locale\" content=\"en_GB\" \/>\n<meta property=\"og:type\" content=\"article\" \/>\n<meta property=\"og:title\" content=\"Fregasuelos - Dermo | F\u00e1brica de detergentes\" \/>\n<meta property=\"og:description\" content=\"Dermo: Fregasuelos En Dermo podr\u00e1s encontrar todo tipo de\u00a0fregasuelos\u00a0para llevar a cabo una limpieza profesional y espec\u00edfica, consiguiendo un resultado eficaz y duradero. Todos ellos cuentan con alto y eficaz poder detergente y ofrecen distintos tipos de aromas, porque queremos que cada cliente pueda escoger un producto con el que pueda identificarse, tanto por su&hellip;&nbsp;Read More &raquo;Fregasuelos\" \/>\n<meta property=\"og:url\" content=\"https:\/\/dermo.com\/en\/mop\/\" \/>\n<meta property=\"og:site_name\" content=\"Dermo | F\u00e1brica de detergentes\" \/>\n<meta property=\"article:modified_time\" content=\"2025-02-19T10:58:50+00:00\" \/>\n<meta name=\"twitter:card\" content=\"summary_large_image\" \/>\n<meta name=\"twitter:label1\" content=\"Estimated reading time\" \/>\n\t<meta name=\"twitter:data1\" content=\"3 minutes\" \/>\n<script type=\"application\/ld+json\" class=\"yoast-schema-graph\">{\"@context\":\"https:\/\/schema.org\",\"@graph\":[{\"@type\":\"WebPage\",\"@id\":\"https:\/\/dermo.com\/fregasuelos\/\",\"url\":\"https:\/\/dermo.com\/fregasuelos\/\",\"name\":\"Fregasuelos - Dermo | F\u00e1brica de detergentes\",\"isPartOf\":{\"@id\":\"https:\/\/dermo.com\/#website\"},\"datePublished\":\"2025-01-31T10:58:29+00:00\",\"dateModified\":\"2025-02-19T10:58:50+00:00\",\"breadcrumb\":{\"@id\":\"https:\/\/dermo.com\/fregasuelos\/#breadcrumb\"},\"inLanguage\":\"en-GB\",\"potentialAction\":[{\"@type\":\"ReadAction\",\"target\":[\"https:\/\/dermo.com\/fregasuelos\/\"]}]},{\"@type\":\"BreadcrumbList\",\"@id\":\"https:\/\/dermo.com\/fregasuelos\/#breadcrumb\",\"itemListElement\":[{\"@type\":\"ListItem\",\"position\":1,\"name\":\"Portada\",\"item\":\"https:\/\/dermo.com\/\"},{\"@type\":\"ListItem\",\"position\":2,\"name\":\"Fregasuelos\"}]},{\"@type\":\"WebSite\",\"@id\":\"https:\/\/dermo.com\/#website\",\"url\":\"https:\/\/dermo.com\/\",\"name\":\"Dermo | F\u00e1brica de detergentes\",\"description\":\"Tecnolog\u00eda avanzada, investigaci\u00f3n y desarrollo, respeto por el medio ambiente, competencia, formaci\u00f3n constante y alto nivel de profesionalidad en nuestro equipo humano, empe\u00f1ado en preservar la calidad de vida, la protecci\u00f3n del entorno natural contin\u00faan motiv\u00e1ndonos para desarrollar en nuestros laboratorios nuevos productos con ingredientes activos altamente biodegradables que hacen posible un desarrollo sostenible.\",\"potentialAction\":[{\"@type\":\"SearchAction\",\"target\":{\"@type\":\"EntryPoint\",\"urlTemplate\":\"https:\/\/dermo.com\/?s={search_term_string}\"},\"query-input\":{\"@type\":\"PropertyValueSpecification\",\"valueRequired\":true,\"valueName\":\"search_term_string\"}}],\"inLanguage\":\"en-GB\"}]}<\/script>\n<!-- \/ Yoast SEO plugin. -->","yoast_head_json":{"title":"Floor cleaner - Dermo | detergent factory","robots":{"index":"index","follow":"follow","max-snippet":"max-snippet:-1","max-image-preview":"max-image-preview:large","max-video-preview":"max-video-preview:-1"},"canonical":"https:\/\/dermo.com\/en\/mop\/","og_locale":"en_GB","og_type":"article","og_title":"Fregasuelos - Dermo | F\u00e1brica de detergentes","og_description":"Dermo: Fregasuelos En Dermo podr\u00e1s encontrar todo tipo de\u00a0fregasuelos\u00a0para llevar a cabo una limpieza profesional y espec\u00edfica, consiguiendo un resultado eficaz y duradero. Todos ellos cuentan con alto y eficaz poder detergente y ofrecen distintos tipos de aromas, porque queremos que cada cliente pueda escoger un producto con el que pueda identificarse, tanto por su&hellip;&nbsp;Read More &raquo;Fregasuelos","og_url":"https:\/\/dermo.com\/en\/mop\/","og_site_name":"Dermo | F\u00e1brica de detergentes","article_modified_time":"2025-02-19T10:58:50+00:00","twitter_card":"summary_large_image","twitter_misc":{"Estimated reading time":"3 minutes"},"schema":{"@context":"https:\/\/schema.org","@graph":[{"@type":"WebPage","@id":"https:\/\/dermo.com\/fregasuelos\/","url":"https:\/\/dermo.com\/fregasuelos\/","name":"Floor cleaner - Dermo | detergent factory","isPartOf":{"@id":"https:\/\/dermo.com\/#website"},"datePublished":"2025-01-31T10:58:29+00:00","dateModified":"2025-02-19T10:58:50+00:00","breadcrumb":{"@id":"https:\/\/dermo.com\/fregasuelos\/#breadcrumb"},"inLanguage":"en-GB","potentialAction":[{"@type":"ReadAction","target":["https:\/\/dermo.com\/fregasuelos\/"]}]},{"@type":"BreadcrumbList","@id":"https:\/\/dermo.com\/fregasuelos\/#breadcrumb","itemListElement":[{"@type":"ListItem","position":1,"name":"Portada","item":"https:\/\/dermo.com\/"},{"@type":"ListItem","position":2,"name":"Fregasuelos"}]},{"@type":"WebSite","@id":"https:\/\/dermo.com\/#website","url":"https:\/\/dermo.com\/","name":"Dermo | detergent factory","description":"Advanced technology, research and development, respect for the environment, competence, constant training and a high level of professionalism in our team, committed to preserving the quality of life and protecting the natural environment, continue to motivate us to develop new products in our laboratories with highly biodegradable active ingredients that make sustainable development possible.","potentialAction":[{"@type":"SearchAction","target":{"@type":"EntryPoint","urlTemplate":"https:\/\/dermo.com\/?s={search_term_string}"},"query-input":{"@type":"PropertyValueSpecification","valueRequired":true,"valueName":"search_term_string"}}],"inLanguage":"en-GB"}]}},"_links":{"self":[{"href":"https:\/\/dermo.com\/en\/wp-json\/wp\/v2\/pages\/13067","targetHints":{"allow":["GET"]}}],"collection":[{"href":"https:\/\/dermo.com\/en\/wp-json\/wp\/v2\/pages"}],"about":[{"href":"https:\/\/dermo.com\/en\/wp-json\/wp\/v2\/types\/page"}],"author":[{"embeddable":true,"href":"https:\/\/dermo.com\/en\/wp-json\/wp\/v2\/users\/2"}],"replies":[{"embeddable":true,"href":"https:\/\/dermo.com\/en\/wp-json\/wp\/v2\/comments?post=13067"}],"version-history":[{"count":9,"href":"https:\/\/dermo.com\/en\/wp-json\/wp\/v2\/pages\/13067\/revisions"}],"predecessor-version":[{"id":13563,"href":"https:\/\/dermo.com\/en\/wp-json\/wp\/v2\/pages\/13067\/revisions\/13563"}],"wp:attachment":[{"href":"https:\/\/dermo.com\/en\/wp-json\/wp\/v2\/media?parent=13067"}],"curies":[{"name":"wp","href":"https:\/\/api.w.org\/{rel}","templated":true}]}}