{"id":13090,"date":"2025-01-31T12:08:36","date_gmt":"2025-01-31T11:08:36","guid":{"rendered":"https:\/\/dermo.com\/?page_id=13090"},"modified":"2025-02-19T12:14:23","modified_gmt":"2025-02-19T11:14:23","slug":"upholstery-cleaner-2","status":"publish","type":"page","link":"https:\/\/dermo.com\/en\/upholstery-cleaner-2\/","title":{"rendered":"Upholstery cleaner"},"content":{"rendered":"<div data-elementor-type=\"wp-page\" data-elementor-id=\"13090\" class=\"elementor elementor-13090\" data-elementor-post-type=\"page\">\n\t\t\t\t\t\t<section class=\"elementor-section elementor-top-section elementor-element elementor-element-1e3fbe2 elementor-section-boxed elementor-section-height-default elementor-section-height-default\" data-id=\"1e3fbe2\" data-element_type=\"section\" data-e-type=\"section\" data-settings=\"{&quot;background_background&quot;:&quot;classic&quot;}\">\n\t\t\t\t\t\t\t<div class=\"elementor-background-overlay\"><\/div>\n\t\t\t\t\t\t\t<div class=\"elementor-container elementor-column-gap-default\">\n\t\t\t\t\t<div class=\"elementor-column elementor-col-100 elementor-top-column elementor-element elementor-element-3c89d00\" data-id=\"3c89d00\" data-element_type=\"column\" data-e-type=\"column\">\n\t\t\t<div class=\"elementor-widget-wrap elementor-element-populated\">\n\t\t\t\t\t\t\t<\/div>\n\t\t<\/div>\n\t\t\t\t\t<\/div>\n\t\t<\/section>\n\t\t\t\t<section class=\"elementor-section elementor-top-section elementor-element elementor-element-739fec2 elementor-section-boxed elementor-section-height-default elementor-section-height-default\" data-id=\"739fec2\" data-element_type=\"section\" data-e-type=\"section\">\n\t\t\t\t\t\t<div class=\"elementor-container elementor-column-gap-default\">\n\t\t\t\t\t<div class=\"elementor-column elementor-col-100 elementor-top-column elementor-element elementor-element-222af67\" data-id=\"222af67\" data-element_type=\"column\" data-e-type=\"column\">\n\t\t\t<div class=\"elementor-widget-wrap elementor-element-populated\">\n\t\t\t\t\t\t<section class=\"elementor-section elementor-inner-section elementor-element elementor-element-fc6bab5 elementor-section-content-middle elementor-section-boxed elementor-section-height-default elementor-section-height-default\" data-id=\"fc6bab5\" data-element_type=\"section\" data-e-type=\"section\">\n\t\t\t\t\t\t<div class=\"elementor-container elementor-column-gap-default\">\n\t\t\t\t\t<div class=\"elementor-column elementor-col-50 elementor-inner-column elementor-element elementor-element-efce0a6\" data-id=\"efce0a6\" data-element_type=\"column\" data-e-type=\"column\">\n\t\t\t<div class=\"elementor-widget-wrap elementor-element-populated\">\n\t\t\t\t\t\t<div class=\"elementor-element elementor-element-2ec1bc7 elementor-widget elementor-widget-text-editor\" data-id=\"2ec1bc7\" data-element_type=\"widget\" data-e-type=\"widget\" data-widget_type=\"text-editor.default\">\n\t\t\t\t<div class=\"elementor-widget-container\">\n\t\t\t\t\t\t\t\t\t<h2>Dermo: Upholstery cleaner<\/h2><p>Today we want to talk to you about one of our specific products for professional cleaning of your vehicle and it is our\u00a0<strong>upholstery cleaner<\/strong>\u00a0LT, a liquid detergent designed for cleaning upholstery, carpets, textiles, and sofas that does not damage any type of fabric and restores their original appearance and color.<\/p><p>It is a product that can be applied directly to upholstery or diluted from 10 to 20% in water, depending on the amount of dirt present. It can also be sprayed directly on the upholstery, brushed and vacuumed. If you are going to use it with an injection-extraction machine, you should use a dosage of 3 to 5%, depending on the amount of dirt you need to remove and always following the machine manufacturer&#039;s instructions.<\/p><p>He\u00a0<strong>upholstery cleaner<\/strong>\u00a0Dermo has a liquid appearance, a white color and a pine smell, which it gives off for hours so that a pleasant and fresh smell is maintained for hours.\u00a0<strong>upholstery cleaner<\/strong>\u00a0It is part of the category of specific cleaners, in which we offer a wide range of professional cleaning products prepared to act efficiently on different surfaces.<\/p>\t\t\t\t\t\t\t\t<\/div>\n\t\t\t\t<\/div>\n\t\t\t\t\t<\/div>\n\t\t<\/div>\n\t\t\t\t<div class=\"elementor-column elementor-col-50 elementor-inner-column elementor-element elementor-element-ec8c3a3 elementor-invisible\" data-id=\"ec8c3a3\" data-element_type=\"column\" data-e-type=\"column\" data-settings=\"{&quot;animation&quot;:&quot;bounceInRight&quot;}\">\n\t\t\t<div class=\"elementor-widget-wrap elementor-element-populated\">\n\t\t\t\t\t\t<div class=\"elementor-element elementor-element-39025b1 elementor-widget__width-initial elementor-widget elementor-widget-elementskit-contact-form7\" data-id=\"39025b1\" data-element_type=\"widget\" data-e-type=\"widget\" data-widget_type=\"elementskit-contact-form7.default\">\n\t\t\t\t<div class=\"elementor-widget-container\">\n\t\t\t\t\t<div class=\"ekit-wid-con\" ><div class=\"ekit-form\">\n<div class=\"wpcf7 no-js\" id=\"wpcf7-f13292-p13090-o1\" lang=\"es-ES\" dir=\"ltr\" data-wpcf7-id=\"13292\">\n<div class=\"screen-reader-response\"><p role=\"status\" aria-live=\"polite\" aria-atomic=\"true\"><\/p> <ul><\/ul><\/div>\n<form action=\"\/en\/upholstery-cleaner-2\/#wpcf7-f13292-p13090-o1\" method=\"post\" class=\"wpcf7-form init\" aria-label=\"Contact form\" novalidate=\"novalidate\" data-status=\"init\" data-trp-original-action=\"\/limpia-tapicerias\/#wpcf7-f13292-p13090-o1\">\n<fieldset class=\"hidden-fields-container\"><input type=\"hidden\" name=\"_wpcf7\" value=\"13292\" \/><input type=\"hidden\" name=\"_wpcf7_version\" value=\"6.1.5\" \/><input type=\"hidden\" name=\"_wpcf7_locale\" value=\"es_ES\" \/><input type=\"hidden\" name=\"_wpcf7_unit_tag\" value=\"wpcf7-f13292-p13090-o1\" \/><input type=\"hidden\" name=\"_wpcf7_container_post\" value=\"13090\" \/><input type=\"hidden\" name=\"_wpcf7_posted_data_hash\" value=\"\" \/><input type=\"hidden\" name=\"_wpcf7_recaptcha_response\" value=\"\" \/>\n<\/fieldset>\n<div style=\"display: flex; gap: 10px;\">\n\t<div style=\"width: 50%;\">\n\t\t<p><span class=\"wpcf7-form-control-wrap\" data-name=\"your-name\"><input size=\"40\" maxlength=\"400\" class=\"wpcf7-form-control wpcf7-text wpcf7-validates-as-required\" aria-required=\"true\" aria-invalid=\"false\" placeholder=\"Name\" value=\"\" type=\"text\" name=\"your-name\" \/><\/span>\n\t\t<\/p>\n\t<\/div>\n\t<div style=\"width: 50%;\">\n\t\t<p><span class=\"wpcf7-form-control-wrap\" data-name=\"your-phone\"><input size=\"40\" maxlength=\"400\" class=\"wpcf7-form-control wpcf7-tel wpcf7-validates-as-required wpcf7-text wpcf7-validates-as-tel\" aria-required=\"true\" aria-invalid=\"false\" placeholder=\"Phone\" value=\"\" type=\"tel\" name=\"your-phone\" \/><\/span>\n\t\t<\/p>\n\t<\/div>\n<\/div>\n<p><span class=\"wpcf7-form-control-wrap\" data-name=\"your-email\"><input size=\"40\" maxlength=\"400\" class=\"wpcf7-form-control wpcf7-email wpcf7-validates-as-required wpcf7-text wpcf7-validates-as-email\" aria-required=\"true\" aria-invalid=\"false\" placeholder=\"Email\" value=\"\" type=\"email\" name=\"your-email\" \/><\/span>\n<\/p>\n<div style=\"display: flex; gap: 10px;\">\n\t<div style=\"width: 50%;\">\n\t\t<p><span class=\"wpcf7-form-control-wrap\" data-name=\"your-country\"><input size=\"40\" maxlength=\"400\" class=\"wpcf7-form-control wpcf7-text wpcf7-validates-as-required\" aria-required=\"true\" aria-invalid=\"false\" placeholder=\"Country\" value=\"\" type=\"text\" name=\"your-country\" \/><\/span>\n\t\t<\/p>\n\t<\/div>\n\t<div style=\"width: 50%;\">\n\t\t<p><span class=\"wpcf7-form-control-wrap\" data-name=\"your-city\"><input size=\"40\" maxlength=\"400\" class=\"wpcf7-form-control wpcf7-text wpcf7-validates-as-required\" aria-required=\"true\" aria-invalid=\"false\" placeholder=\"Population\" value=\"\" type=\"text\" name=\"your-city\" \/><\/span>\n\t\t<\/p>\n\t<\/div>\n<\/div>\n<p><span class=\"wpcf7-form-control-wrap\" data-name=\"your-subject\"><select class=\"wpcf7-form-control wpcf7-select\" aria-invalid=\"false\" name=\"your-subject\"><option value=\"Quiero ser distribuidor\">I want to be a distributor<\/option><option value=\"Presupuesto\">Budget<\/option><option value=\"Consulta\">Consultation<\/option><option value=\"Sugerencia\">Suggestion<\/option><option value=\"Otros\">Others<\/option><\/select><\/span>\n<\/p>\n<p><span class=\"wpcf7-form-control-wrap\" data-name=\"your-message\"><textarea cols=\"40\" rows=\"10\" maxlength=\"2000\" class=\"wpcf7-form-control wpcf7-textarea\" aria-invalid=\"false\" placeholder=\"Message or query\" name=\"your-message\"><\/textarea><\/span>\n<\/p>\n<div style=\"display: flex; align-items: center; gap: 10px;\">\n\t<p><span class=\"wpcf7-form-control-wrap\" data-name=\"privacy-policy\"><span class=\"wpcf7-form-control wpcf7-acceptance\"><span class=\"wpcf7-list-item\"><input type=\"checkbox\" name=\"privacy-policy\" value=\"1\" aria-invalid=\"false\" \/><\/span><\/span><\/span><label for=\"privacy-policy\" style=\"margin-left: 5px;\">I have read and accept the privacy policy.<\/label>\n\t<\/p>\n<\/div>\n<div style=\"display: flex; align-items: center; gap: 10px;\">\n\t<p><span class=\"wpcf7-form-control-wrap\" data-name=\"send-info\"><span class=\"wpcf7-form-control wpcf7-acceptance\"><span class=\"wpcf7-list-item\"><input type=\"checkbox\" name=\"send-info\" value=\"1\" aria-invalid=\"false\" \/><\/span><\/span><\/span><label for=\"send-info\" style=\"margin-left: 5px;\">I agree to receive information.<\/label>\n\t<\/p>\n<\/div>\n<p><input class=\"wpcf7-form-control wpcf7-submit has-spinner\" type=\"submit\" value=\"Send\" \/>\n<\/p><div class=\"wpcf7-response-output\" aria-hidden=\"true\"><\/div>\n<input type=\"hidden\" name=\"trp-form-language\" value=\"en\"\/><\/form>\n<\/div>\n<\/div><\/div>\t\t\t\t<\/div>\n\t\t\t\t<\/div>\n\t\t\t\t\t<\/div>\n\t\t<\/div>\n\t\t\t\t\t<\/div>\n\t\t<\/section>\n\t\t\t\t<div class=\"elementor-element elementor-element-6fccb62 elementor-widget elementor-widget-text-editor\" data-id=\"6fccb62\" data-element_type=\"widget\" data-e-type=\"widget\" data-widget_type=\"text-editor.default\">\n\t\t\t\t<div class=\"elementor-widget-container\">\n\t\t\t\t\t\t\t\t\t<p><strong>Specific cleaners<\/strong><\/p><p>We started talking about the\u00a0<a href=\"https:\/\/dermo.com\/en\/catalog\/es\/specific-cleaners\/59-dermovitro.html\/\">Dermo Vitro<\/a>, a product prepared for cleaning and preserving glass ceramic hobs, stainless steel, enamelled and chrome surfaces and any other surfaces that require microscopic stripping and polishing for their maintenance.<\/p><p>Another of our specific cleaners is\u00a0<a href=\"https:\/\/dermo.com\/en\/catalog\/es\/specific-cleaners\/106-image.html\/\">Image,<\/a>\u00a0an alcohol-based product designed for cleaning glass and tile surfaces. It repels dust and dirt, keeping glass looking spotless for longer. It should always be applied with suitable lint-free cloths.<\/p><p>And we continue with more specific cleaners such as\u00a0<a href=\"https:\/\/dermo.com\/en\/catalog\/es\/specific-cleaners\/107-inox100.html\/\">Stainless steel 100<\/a>, a stainless steel polish, which has an antistatic effect that repels dirt and protects against grease and corrosion. It can be used in kitchens, bathrooms, etc.<\/p><p><a href=\"https:\/\/dermo.com\/en\/catalog\/es\/specific-cleaners\/105-star-pink.html\/\">Star Pink is<\/a>\u00a0Another of our specific cleaners, which deals with surface coatings, is easy to apply and is specially formulated to clean and preserve glass, mirrors, metals, wood, leather, methacrylate, stainless steel, etc. It leaves surfaces clean and shiny, repels dust and eliminates scratches.<\/p><p><a href=\"https:\/\/dermo.com\/en\/catalog\/es\/specific-cleaners\/109-oven100.html\/\">Oven 100<\/a>\u00a0It is a degreasing detergent that is specifically formulated for cleaning convection ovens and has an automatic washing system or Cleaning Robot concept.<\/p><p><strong>Professional cleaning in the automotive industry<\/strong><\/p><p>In addition to the specific cleaner\u00a0<strong>upholstery cleaner<\/strong>\u00a0From Dermo, we also have a series of products that have been designed for professional cleaning in the automotive sector. These are two of the best sellers; We can find the\u00a0<a href=\"https:\/\/dermo.com\/en\/catalog\/es\/industry-and-automotive\/131-dermocard.html\/\">Dermocar D<\/a>, a degreasing detergent for cleaning very dirty bodies, such as trucks or industrial vehicles and, on the other hand, the\u00a0<a href=\"https:\/\/dermo.com\/en\/catalog\/es\/industry-and-automotive\/121-blackt.html\/\">Black T<\/a>, a brightener for tyres and rubber parts. It is formulated to offer great water resistance and maintains the original colour of wheels and rubber parts for a long time, preventing them from deteriorating as quickly and providing a natural shine.<\/p>\t\t\t\t\t\t\t\t<\/div>\n\t\t\t\t<\/div>\n\t\t\t\t\t<\/div>\n\t\t<\/div>\n\t\t\t\t\t<\/div>\n\t\t<\/section>\n\t\t\t\t<section class=\"elementor-section elementor-top-section elementor-element elementor-element-70a6a51 elementor-section-full_width elementor-section-height-default elementor-section-height-default elementor-invisible\" data-id=\"70a6a51\" data-element_type=\"section\" data-e-type=\"section\" data-settings=\"{&quot;animation&quot;:&quot;slideInUp&quot;}\">\n\t\t\t\t\t\t<div class=\"elementor-container elementor-column-gap-default\">\n\t\t\t\t\t<div class=\"elementor-column elementor-col-100 elementor-top-column elementor-element elementor-element-98251dc\" data-id=\"98251dc\" data-element_type=\"column\" data-e-type=\"column\">\n\t\t\t<div class=\"elementor-widget-wrap elementor-element-populated\">\n\t\t\t\t\t\t<div class=\"elementor-element elementor-element-000197d elementor-widget elementor-widget-google_maps\" data-id=\"000197d\" data-element_type=\"widget\" data-e-type=\"widget\" data-widget_type=\"google_maps.default\">\n\t\t\t\t<div class=\"elementor-widget-container\">\n\t\t\t\t\t\t\t<div class=\"elementor-custom-embed\">\n\t\t\t<iframe loading=\"lazy\"\n\t\t\t\t\tsrc=\"https:\/\/maps.google.com\/maps?q=C%2F%20Pintor%20Joan%20Miro%2C%2016.%20Pol.%20Ind.%20Can%20Humet%20de%20Dalt%2C%2008213%20Poliny%C3%A0.%20Barcelona&#038;t=m&#038;z=15&#038;output=embed&#038;iwloc=near\"\n\t\t\t\t\ttitle=\"C\/ Pintor Joan Miro, 16. Pol. Ind. Can Humet de Dalt, 08213 Poliny\u00e0. Barcelona\"\n\t\t\t\t\taria-label=\"C\/ Pintor Joan Miro, 16. Pol. Ind. Can Humet de Dalt, 08213 Poliny\u00e0. Barcelona\"\n\t\t\t><\/iframe>\n\t\t<\/div>\n\t\t\t\t\t\t<\/div>\n\t\t\t\t<\/div>\n\t\t\t\t\t<\/div>\n\t\t<\/div>\n\t\t\t\t\t<\/div>\n\t\t<\/section>\n\t\t\t\t<\/div>","protected":false},"excerpt":{"rendered":"<p>Dermo: Upholstery Cleaner Today we want to tell you about one of our specific products for professional cleaning of your vehicle: our LT Upholstery Cleaner, a liquid detergent designed for cleaning upholstery, carpets, textiles, and sofas. It doesn&#039;t damage any type of fabric and restores their original appearance and color. It&#039;s a product\u2026&nbsp;<a href=\"https:\/\/dermo.com\/en\/upholstery-cleaner-2\/\" rel=\"bookmark\">Read More \u00bb<span class=\"screen-reader-text\">Upholstery cleaner<\/span><\/a><\/p>","protected":false},"author":2,"featured_media":0,"parent":0,"menu_order":0,"comment_status":"closed","ping_status":"closed","template":"page-templates\/template-pagebuilder-full-width.php","meta":{"neve_meta_sidebar":"","neve_meta_container":"","neve_meta_enable_content_width":"","neve_meta_content_width":0,"neve_meta_title_alignment":"","neve_meta_author_avatar":"","neve_post_elements_order":"","neve_meta_disable_header":"","neve_meta_disable_footer":"","neve_meta_disable_title":"","footnotes":""},"class_list":["post-13090","page","type-page","status-publish","hentry"],"yoast_head":"<!-- This site is optimized with the Yoast SEO plugin v27.0 - https:\/\/yoast.com\/product\/yoast-seo-wordpress\/ -->\n<title>Limpia tapicer\u00edas - Dermo | F\u00e1brica de detergentes<\/title>\n<meta name=\"robots\" content=\"index, follow, max-snippet:-1, max-image-preview:large, max-video-preview:-1\" \/>\n<link rel=\"canonical\" href=\"https:\/\/dermo.com\/en\/upholstery-cleaner-2\/\" \/>\n<meta property=\"og:locale\" content=\"en_GB\" \/>\n<meta property=\"og:type\" content=\"article\" \/>\n<meta property=\"og:title\" content=\"Limpia tapicer\u00edas - Dermo | F\u00e1brica de detergentes\" \/>\n<meta property=\"og:description\" content=\"Dermo: Limpia tapicer\u00edas Hoy queremos hablarte de uno de nuestros productos espec\u00edficos para la limpieza profesional para tu veh\u00edculo y es nuestro\u00a0limpia tapicer\u00edas\u00a0L.T., un detergente l\u00edquido dise\u00f1ado para la limpieza de tapicer\u00edas, moquetas, textiles, y sof\u00e1s que no da\u00f1a ning\u00fan tipo de tejido y consigue devolverles el aspecto y el color original. Es un producto&hellip;&nbsp;Read More &raquo;Limpia tapicer\u00edas\" \/>\n<meta property=\"og:url\" content=\"https:\/\/dermo.com\/en\/upholstery-cleaner-2\/\" \/>\n<meta property=\"og:site_name\" content=\"Dermo | F\u00e1brica de detergentes\" \/>\n<meta property=\"article:modified_time\" content=\"2025-02-19T11:14:23+00:00\" \/>\n<meta name=\"twitter:card\" content=\"summary_large_image\" \/>\n<meta name=\"twitter:label1\" content=\"Estimated reading time\" \/>\n\t<meta name=\"twitter:data1\" content=\"3 minutes\" \/>\n<script type=\"application\/ld+json\" class=\"yoast-schema-graph\">{\"@context\":\"https:\/\/schema.org\",\"@graph\":[{\"@type\":\"WebPage\",\"@id\":\"https:\/\/dermo.com\/limpia-tapicerias\/\",\"url\":\"https:\/\/dermo.com\/limpia-tapicerias\/\",\"name\":\"Limpia tapicer\u00edas - Dermo | F\u00e1brica de detergentes\",\"isPartOf\":{\"@id\":\"https:\/\/dermo.com\/#website\"},\"datePublished\":\"2025-01-31T11:08:36+00:00\",\"dateModified\":\"2025-02-19T11:14:23+00:00\",\"breadcrumb\":{\"@id\":\"https:\/\/dermo.com\/limpia-tapicerias\/#breadcrumb\"},\"inLanguage\":\"en-GB\",\"potentialAction\":[{\"@type\":\"ReadAction\",\"target\":[\"https:\/\/dermo.com\/limpia-tapicerias\/\"]}]},{\"@type\":\"BreadcrumbList\",\"@id\":\"https:\/\/dermo.com\/limpia-tapicerias\/#breadcrumb\",\"itemListElement\":[{\"@type\":\"ListItem\",\"position\":1,\"name\":\"Portada\",\"item\":\"https:\/\/dermo.com\/\"},{\"@type\":\"ListItem\",\"position\":2,\"name\":\"Limpia tapicer\u00edas\"}]},{\"@type\":\"WebSite\",\"@id\":\"https:\/\/dermo.com\/#website\",\"url\":\"https:\/\/dermo.com\/\",\"name\":\"Dermo | F\u00e1brica de detergentes\",\"description\":\"Tecnolog\u00eda avanzada, investigaci\u00f3n y desarrollo, respeto por el medio ambiente, competencia, formaci\u00f3n constante y alto nivel de profesionalidad en nuestro equipo humano, empe\u00f1ado en preservar la calidad de vida, la protecci\u00f3n del entorno natural contin\u00faan motiv\u00e1ndonos para desarrollar en nuestros laboratorios nuevos productos con ingredientes activos altamente biodegradables que hacen posible un desarrollo sostenible.\",\"potentialAction\":[{\"@type\":\"SearchAction\",\"target\":{\"@type\":\"EntryPoint\",\"urlTemplate\":\"https:\/\/dermo.com\/?s={search_term_string}\"},\"query-input\":{\"@type\":\"PropertyValueSpecification\",\"valueRequired\":true,\"valueName\":\"search_term_string\"}}],\"inLanguage\":\"en-GB\"}]}<\/script>\n<!-- \/ Yoast SEO plugin. -->","yoast_head_json":{"title":"Upholstery cleaner - Dermo | Detergent factory","robots":{"index":"index","follow":"follow","max-snippet":"max-snippet:-1","max-image-preview":"max-image-preview:large","max-video-preview":"max-video-preview:-1"},"canonical":"https:\/\/dermo.com\/en\/upholstery-cleaner-2\/","og_locale":"en_GB","og_type":"article","og_title":"Limpia tapicer\u00edas - Dermo | F\u00e1brica de detergentes","og_description":"Dermo: Limpia tapicer\u00edas Hoy queremos hablarte de uno de nuestros productos espec\u00edficos para la limpieza profesional para tu veh\u00edculo y es nuestro\u00a0limpia tapicer\u00edas\u00a0L.T., un detergente l\u00edquido dise\u00f1ado para la limpieza de tapicer\u00edas, moquetas, textiles, y sof\u00e1s que no da\u00f1a ning\u00fan tipo de tejido y consigue devolverles el aspecto y el color original. Es un producto&hellip;&nbsp;Read More &raquo;Limpia tapicer\u00edas","og_url":"https:\/\/dermo.com\/en\/upholstery-cleaner-2\/","og_site_name":"Dermo | F\u00e1brica de detergentes","article_modified_time":"2025-02-19T11:14:23+00:00","twitter_card":"summary_large_image","twitter_misc":{"Estimated reading time":"3 minutes"},"schema":{"@context":"https:\/\/schema.org","@graph":[{"@type":"WebPage","@id":"https:\/\/dermo.com\/limpia-tapicerias\/","url":"https:\/\/dermo.com\/limpia-tapicerias\/","name":"Upholstery cleaner - Dermo | Detergent factory","isPartOf":{"@id":"https:\/\/dermo.com\/#website"},"datePublished":"2025-01-31T11:08:36+00:00","dateModified":"2025-02-19T11:14:23+00:00","breadcrumb":{"@id":"https:\/\/dermo.com\/limpia-tapicerias\/#breadcrumb"},"inLanguage":"en-GB","potentialAction":[{"@type":"ReadAction","target":["https:\/\/dermo.com\/limpia-tapicerias\/"]}]},{"@type":"BreadcrumbList","@id":"https:\/\/dermo.com\/limpia-tapicerias\/#breadcrumb","itemListElement":[{"@type":"ListItem","position":1,"name":"Portada","item":"https:\/\/dermo.com\/"},{"@type":"ListItem","position":2,"name":"Limpia tapicer\u00edas"}]},{"@type":"WebSite","@id":"https:\/\/dermo.com\/#website","url":"https:\/\/dermo.com\/","name":"Dermo | detergent factory","description":"Advanced technology, research and development, respect for the environment, competence, constant training and a high level of professionalism in our team, committed to preserving the quality of life and protecting the natural environment, continue to motivate us to develop new products in our laboratories with highly biodegradable active ingredients that make sustainable development possible.","potentialAction":[{"@type":"SearchAction","target":{"@type":"EntryPoint","urlTemplate":"https:\/\/dermo.com\/?s={search_term_string}"},"query-input":{"@type":"PropertyValueSpecification","valueRequired":true,"valueName":"search_term_string"}}],"inLanguage":"en-GB"}]}},"_links":{"self":[{"href":"https:\/\/dermo.com\/en\/wp-json\/wp\/v2\/pages\/13090","targetHints":{"allow":["GET"]}}],"collection":[{"href":"https:\/\/dermo.com\/en\/wp-json\/wp\/v2\/pages"}],"about":[{"href":"https:\/\/dermo.com\/en\/wp-json\/wp\/v2\/types\/page"}],"author":[{"embeddable":true,"href":"https:\/\/dermo.com\/en\/wp-json\/wp\/v2\/users\/2"}],"replies":[{"embeddable":true,"href":"https:\/\/dermo.com\/en\/wp-json\/wp\/v2\/comments?post=13090"}],"version-history":[{"count":6,"href":"https:\/\/dermo.com\/en\/wp-json\/wp\/v2\/pages\/13090\/revisions"}],"predecessor-version":[{"id":13611,"href":"https:\/\/dermo.com\/en\/wp-json\/wp\/v2\/pages\/13090\/revisions\/13611"}],"wp:attachment":[{"href":"https:\/\/dermo.com\/en\/wp-json\/wp\/v2\/media?parent=13090"}],"curies":[{"name":"wp","href":"https:\/\/api.w.org\/{rel}","templated":true}]}}