{"id":13096,"date":"2025-01-31T12:13:01","date_gmt":"2025-01-31T11:13:01","guid":{"rendered":"https:\/\/dermo.com\/?page_id=13096"},"modified":"2025-02-19T12:17:03","modified_gmt":"2025-02-19T11:17:03","slug":"specific-cleaners-4","status":"publish","type":"page","link":"https:\/\/dermo.com\/en\/specific-cleaners-4\/","title":{"rendered":"Specific cleaners"},"content":{"rendered":"<div data-elementor-type=\"wp-page\" data-elementor-id=\"13096\" class=\"elementor elementor-13096\" data-elementor-post-type=\"page\">\n\t\t\t\t\t\t<section class=\"elementor-section elementor-top-section elementor-element elementor-element-ce29fa7 elementor-section-boxed elementor-section-height-default elementor-section-height-default\" data-id=\"ce29fa7\" data-element_type=\"section\" data-e-type=\"section\" data-settings=\"{&quot;background_background&quot;:&quot;classic&quot;}\">\n\t\t\t\t\t\t\t<div class=\"elementor-background-overlay\"><\/div>\n\t\t\t\t\t\t\t<div class=\"elementor-container elementor-column-gap-default\">\n\t\t\t\t\t<div class=\"elementor-column elementor-col-100 elementor-top-column elementor-element elementor-element-b5a75df\" data-id=\"b5a75df\" data-element_type=\"column\" data-e-type=\"column\">\n\t\t\t<div class=\"elementor-widget-wrap elementor-element-populated\">\n\t\t\t\t\t\t\t<\/div>\n\t\t<\/div>\n\t\t\t\t\t<\/div>\n\t\t<\/section>\n\t\t\t\t<section class=\"elementor-section elementor-top-section elementor-element elementor-element-7852463 elementor-section-boxed elementor-section-height-default elementor-section-height-default\" data-id=\"7852463\" data-element_type=\"section\" data-e-type=\"section\">\n\t\t\t\t\t\t<div class=\"elementor-container elementor-column-gap-default\">\n\t\t\t\t\t<div class=\"elementor-column elementor-col-100 elementor-top-column elementor-element elementor-element-82de9bc\" data-id=\"82de9bc\" data-element_type=\"column\" data-e-type=\"column\">\n\t\t\t<div class=\"elementor-widget-wrap elementor-element-populated\">\n\t\t\t\t\t\t<section class=\"elementor-section elementor-inner-section elementor-element elementor-element-9499acd elementor-section-content-middle elementor-section-boxed elementor-section-height-default elementor-section-height-default\" data-id=\"9499acd\" data-element_type=\"section\" data-e-type=\"section\">\n\t\t\t\t\t\t<div class=\"elementor-container elementor-column-gap-default\">\n\t\t\t\t\t<div class=\"elementor-column elementor-col-50 elementor-inner-column elementor-element elementor-element-348f064\" data-id=\"348f064\" data-element_type=\"column\" data-e-type=\"column\">\n\t\t\t<div class=\"elementor-widget-wrap elementor-element-populated\">\n\t\t\t\t\t\t<div class=\"elementor-element elementor-element-7e2d0bb elementor-widget elementor-widget-text-editor\" data-id=\"7e2d0bb\" data-element_type=\"widget\" data-e-type=\"widget\" data-widget_type=\"text-editor.default\">\n\t\t\t\t<div class=\"elementor-widget-container\">\n\t\t\t\t\t\t\t\t\t<div id=\"lipsum\"><p>Dermo is a company dedicated to the manufacture of\u00a0<strong>specific cleaners<\/strong>\u00a0professional cleaning. With 30 years of experience in the sector, at Dermo we have the will to design and manufacture\u00a0<strong>specific cleaners<\/strong>\u00a0for all types of sectors, such as housing or industry.<\/p><p>Our job is to manufacture and supply products\u00a0<strong>specific cleaners\u00a0<\/strong>for each place and each material, achieving impeccable results that provide hygiene, good aroma, descaling, disinfection or polishing, among many others.<\/p><p>We study the best way to design products\u00a0<strong>specific cleaners<\/strong>\u00a0and we keep up to date with all the innovations and improvements in this sector, in order to offer our customers the best specific cleaning products they can find on the market.<\/p><p>When we decide to clean our home thoroughly, we realize that we lack cleaning products or we have products that are too generic, which do not end up working as they should. At the Dermo cleaning company we think of you and that is why we offer you a wide range of products.\u00a0<strong>specific cleaners<\/strong>\u00a0that would put an end to this problem, since they are designed with specific formulas for each thing.<\/p><\/div>\t\t\t\t\t\t\t\t<\/div>\n\t\t\t\t<\/div>\n\t\t\t\t\t<\/div>\n\t\t<\/div>\n\t\t\t\t<div class=\"elementor-column elementor-col-50 elementor-inner-column elementor-element elementor-element-6534e89 elementor-invisible\" data-id=\"6534e89\" data-element_type=\"column\" data-e-type=\"column\" data-settings=\"{&quot;animation&quot;:&quot;bounceInRight&quot;}\">\n\t\t\t<div class=\"elementor-widget-wrap elementor-element-populated\">\n\t\t\t\t\t\t<div class=\"elementor-element elementor-element-3c398ce elementor-widget__width-initial elementor-widget elementor-widget-elementskit-contact-form7\" data-id=\"3c398ce\" data-element_type=\"widget\" data-e-type=\"widget\" data-widget_type=\"elementskit-contact-form7.default\">\n\t\t\t\t<div class=\"elementor-widget-container\">\n\t\t\t\t\t<div class=\"ekit-wid-con\" ><div class=\"ekit-form\">\n<div class=\"wpcf7 no-js\" id=\"wpcf7-f13292-o8\" lang=\"es-ES\" dir=\"ltr\" data-wpcf7-id=\"13292\">\n<div class=\"screen-reader-response\"><p role=\"status\" aria-live=\"polite\" aria-atomic=\"true\"><\/p> <ul><\/ul><\/div>\n<form action=\"\/wp-json\/wp\/v2\/pages?context=view&#038;parent%5B0%5D=0&#038;order=asc&#038;orderby=id&#038;per_page=100&#038;_locale=user&#038;page=2#wpcf7-f13292-o8\" method=\"post\" class=\"wpcf7-form init\" aria-label=\"Contact form\" novalidate=\"novalidate\" data-status=\"init\" data-trp-original-action=\"\/wp-json\/wp\/v2\/pages?context=view&#038;parent%5B0%5D=0&#038;order=asc&#038;orderby=id&#038;per_page=100&#038;_locale=user&#038;page=2#wpcf7-f13292-o8\">\n<fieldset class=\"hidden-fields-container\"><input type=\"hidden\" name=\"_wpcf7\" value=\"13292\" \/><input type=\"hidden\" name=\"_wpcf7_version\" value=\"6.1.5\" \/><input type=\"hidden\" name=\"_wpcf7_locale\" value=\"es_ES\" \/><input type=\"hidden\" name=\"_wpcf7_unit_tag\" value=\"wpcf7-f13292-o8\" \/><input type=\"hidden\" name=\"_wpcf7_container_post\" value=\"0\" \/><input type=\"hidden\" name=\"_wpcf7_posted_data_hash\" value=\"\" \/><input type=\"hidden\" name=\"_wpcf7_recaptcha_response\" value=\"\" \/>\n<\/fieldset>\n<div style=\"display: flex; gap: 10px;\">\n\t<div style=\"width: 50%;\">\n\t\t<p><span class=\"wpcf7-form-control-wrap\" data-name=\"your-name\"><input size=\"40\" maxlength=\"400\" class=\"wpcf7-form-control wpcf7-text wpcf7-validates-as-required\" aria-required=\"true\" aria-invalid=\"false\" placeholder=\"Name\" value=\"\" type=\"text\" name=\"your-name\" \/><\/span>\n\t\t<\/p>\n\t<\/div>\n\t<div style=\"width: 50%;\">\n\t\t<p><span class=\"wpcf7-form-control-wrap\" data-name=\"your-phone\"><input size=\"40\" maxlength=\"400\" class=\"wpcf7-form-control wpcf7-tel wpcf7-validates-as-required wpcf7-text wpcf7-validates-as-tel\" aria-required=\"true\" aria-invalid=\"false\" placeholder=\"Phone\" value=\"\" type=\"tel\" name=\"your-phone\" \/><\/span>\n\t\t<\/p>\n\t<\/div>\n<\/div>\n<p><span class=\"wpcf7-form-control-wrap\" data-name=\"your-email\"><input size=\"40\" maxlength=\"400\" class=\"wpcf7-form-control wpcf7-email wpcf7-validates-as-required wpcf7-text wpcf7-validates-as-email\" aria-required=\"true\" aria-invalid=\"false\" placeholder=\"Email\" value=\"\" type=\"email\" name=\"your-email\" \/><\/span>\n<\/p>\n<div style=\"display: flex; gap: 10px;\">\n\t<div style=\"width: 50%;\">\n\t\t<p><span class=\"wpcf7-form-control-wrap\" data-name=\"your-country\"><input size=\"40\" maxlength=\"400\" class=\"wpcf7-form-control wpcf7-text wpcf7-validates-as-required\" aria-required=\"true\" aria-invalid=\"false\" placeholder=\"Country\" value=\"\" type=\"text\" name=\"your-country\" \/><\/span>\n\t\t<\/p>\n\t<\/div>\n\t<div style=\"width: 50%;\">\n\t\t<p><span class=\"wpcf7-form-control-wrap\" data-name=\"your-city\"><input size=\"40\" maxlength=\"400\" class=\"wpcf7-form-control wpcf7-text wpcf7-validates-as-required\" aria-required=\"true\" aria-invalid=\"false\" placeholder=\"Population\" value=\"\" type=\"text\" name=\"your-city\" \/><\/span>\n\t\t<\/p>\n\t<\/div>\n<\/div>\n<p><span class=\"wpcf7-form-control-wrap\" data-name=\"your-subject\"><select class=\"wpcf7-form-control wpcf7-select\" aria-invalid=\"false\" name=\"your-subject\"><option value=\"Quiero ser distribuidor\">I want to be a distributor<\/option><option value=\"Presupuesto\">Budget<\/option><option value=\"Consulta\">Consultation<\/option><option value=\"Sugerencia\">Suggestion<\/option><option value=\"Otros\">Others<\/option><\/select><\/span>\n<\/p>\n<p><span class=\"wpcf7-form-control-wrap\" data-name=\"your-message\"><textarea cols=\"40\" rows=\"10\" maxlength=\"2000\" class=\"wpcf7-form-control wpcf7-textarea\" aria-invalid=\"false\" placeholder=\"Message or query\" name=\"your-message\"><\/textarea><\/span>\n<\/p>\n<div style=\"display: flex; align-items: center; gap: 10px;\">\n\t<p><span class=\"wpcf7-form-control-wrap\" data-name=\"privacy-policy\"><span class=\"wpcf7-form-control wpcf7-acceptance\"><span class=\"wpcf7-list-item\"><input type=\"checkbox\" name=\"privacy-policy\" value=\"1\" aria-invalid=\"false\" \/><\/span><\/span><\/span><label for=\"privacy-policy\" style=\"margin-left: 5px;\">I have read and accept the privacy policy.<\/label>\n\t<\/p>\n<\/div>\n<div style=\"display: flex; align-items: center; gap: 10px;\">\n\t<p><span class=\"wpcf7-form-control-wrap\" data-name=\"send-info\"><span class=\"wpcf7-form-control wpcf7-acceptance\"><span class=\"wpcf7-list-item\"><input type=\"checkbox\" name=\"send-info\" value=\"1\" aria-invalid=\"false\" \/><\/span><\/span><\/span><label for=\"send-info\" style=\"margin-left: 5px;\">I agree to receive information.<\/label>\n\t<\/p>\n<\/div>\n<p><input class=\"wpcf7-form-control wpcf7-submit has-spinner\" type=\"submit\" value=\"Send\" \/>\n<\/p><div class=\"wpcf7-response-output\" aria-hidden=\"true\"><\/div>\n<input type=\"hidden\" name=\"trp-form-language\" value=\"en\"\/><\/form>\n<\/div>\n<\/div><\/div>\t\t\t\t<\/div>\n\t\t\t\t<\/div>\n\t\t\t\t\t<\/div>\n\t\t<\/div>\n\t\t\t\t\t<\/div>\n\t\t<\/section>\n\t\t\t\t<div class=\"elementor-element elementor-element-537e02e elementor-widget elementor-widget-text-editor\" data-id=\"537e02e\" data-element_type=\"widget\" data-e-type=\"widget\" data-widget_type=\"text-editor.default\">\n\t\t\t\t<div class=\"elementor-widget-container\">\n\t\t\t\t\t\t\t\t\t<div id=\"lipsum\"><p>At Dermo we have\u00a0<strong>specific cleaners<\/strong>\u00a0for the oven,\u00a0<strong>specific cleaners<\/strong>\u00a0for glass ceramic,\u00a0<strong>specific cleaners<\/strong>\u00a0for surface coating,\u00a0<strong>specific cleaners<\/strong>\u00a0for pavements,\u00a0<strong>specific cleaners<\/strong>\u00a0for upholstery,\u00a0<strong>specific cleaners<\/strong>\u00a0for furniture,\u00a0<strong>specific cleaners<\/strong>\u00a0window cleaner, etc.<\/p><p>Dermo offers you a wide range of\u00a0<strong>specific cleaners<\/strong>\u00a0for your home, business, hotel, restaurant, car, bathroom and wherever you need them. At Dermo we want to be present in your daily life with the\u00a0<strong>specific cleaners<\/strong>, so that you can have a clean, hygienic, healthy and pleasant-smelling environment.<\/p><p>The cleaning company Dermo wants its clients to enjoy\u00a0<strong>specific cleaners<\/strong>\u00a0and professionals, that is why we put products at your disposal\u00a0<strong>specific<\/strong>\u00a0for every occasion. Our goal is to achieve effective, intense cleaning that lasts for days.\u00a0<strong>specific cleaners<\/strong>\u00a0Dermo products contain a high concentrated power, so you do not need to use a lot of product.\u00a0<strong>specific cleaners<\/strong>\u00a0Dermo&#039;s products allow you to eliminate dirt and residue, maintaining the texture and original appearance of the materials, due to their respectful composition.<\/p><p>At Dermo we invest in quality and in eliminating the most toxic products, as we want to achieve a natural and concentrated cleaning for our clients. Thanks to the\u00a0<strong>specific cleaners<\/strong>\u00a0With Dermo, you can have a product for everything and take advantage of the benefits that each of them can bring you.<\/p><p>Dermo puts at your disposal\u00a0<strong>specific cleaners\u00a0<\/strong>for all types of furniture, spaces, floors and anything that can get dirty or accumulate more waste. With the\u00a0<strong>specific cleaners<\/strong>\u00a0With Dermo you can get rid of the dirt that accumulates in every corner.<\/p><p>If you want to discover all the\u00a0<strong>specific cleaners<\/strong>\u00a0that we offer you at the Dermo cleaning company, we invite you to access\u00a0<a href=\"https:\/\/dermo.com\/en\/catalog\/es\/20-limpiadores-especificos\/\">this link<\/a>\u00a0and you will be able to see our entire product catalogue\u00a0<strong>specific cleaners<\/strong>. If you like\u00a0<strong>specific cleaners<\/strong>\u00a0To ensure that your home is spotless and impeccable, trust the cleaning company Dermo.<\/p><\/div>\t\t\t\t\t\t\t\t<\/div>\n\t\t\t\t<\/div>\n\t\t\t\t\t<\/div>\n\t\t<\/div>\n\t\t\t\t\t<\/div>\n\t\t<\/section>\n\t\t\t\t<section class=\"elementor-section elementor-top-section elementor-element elementor-element-01d0180 elementor-section-full_width elementor-section-height-default elementor-section-height-default elementor-invisible\" data-id=\"01d0180\" data-element_type=\"section\" data-e-type=\"section\" data-settings=\"{&quot;animation&quot;:&quot;slideInUp&quot;}\">\n\t\t\t\t\t\t<div class=\"elementor-container elementor-column-gap-default\">\n\t\t\t\t\t<div class=\"elementor-column elementor-col-100 elementor-top-column elementor-element elementor-element-9f7a781\" data-id=\"9f7a781\" data-element_type=\"column\" data-e-type=\"column\">\n\t\t\t<div class=\"elementor-widget-wrap elementor-element-populated\">\n\t\t\t\t\t\t<div class=\"elementor-element elementor-element-701de7d elementor-widget elementor-widget-google_maps\" data-id=\"701de7d\" data-element_type=\"widget\" data-e-type=\"widget\" data-widget_type=\"google_maps.default\">\n\t\t\t\t<div class=\"elementor-widget-container\">\n\t\t\t\t\t\t\t<div class=\"elementor-custom-embed\">\n\t\t\t<iframe loading=\"lazy\"\n\t\t\t\t\tsrc=\"https:\/\/maps.google.com\/maps?q=C%2F%20Pintor%20Joan%20Miro%2C%2016.%20Pol.%20Ind.%20Can%20Humet%20de%20Dalt%2C%2008213%20Poliny%C3%A0.%20Barcelona&#038;t=m&#038;z=15&#038;output=embed&#038;iwloc=near\"\n\t\t\t\t\ttitle=\"C\/ Pintor Joan Miro, 16. Pol. Ind. Can Humet de Dalt, 08213 Poliny\u00e0. Barcelona\"\n\t\t\t\t\taria-label=\"C\/ Pintor Joan Miro, 16. Pol. Ind. Can Humet de Dalt, 08213 Poliny\u00e0. Barcelona\"\n\t\t\t><\/iframe>\n\t\t<\/div>\n\t\t\t\t\t\t<\/div>\n\t\t\t\t<\/div>\n\t\t\t\t\t<\/div>\n\t\t<\/div>\n\t\t\t\t\t<\/div>\n\t\t<\/section>\n\t\t\t\t<\/div>","protected":false},"excerpt":{"rendered":"<p>Dermo is a company dedicated to the manufacture of specific cleaners for professional cleaning. With 30 years of experience in the sector, at Dermo we aim to design and manufacture specific cleaners for all types of sectors, such as residential and industrial. Our work consists of manufacturing and supplying specific cleaning products for each location and each material,\u2026&nbsp;<a href=\"https:\/\/dermo.com\/en\/specific-cleaners-4\/\" rel=\"bookmark\">Read More \u00bb<span class=\"screen-reader-text\">Specific cleaners<\/span><\/a><\/p>","protected":false},"author":2,"featured_media":0,"parent":0,"menu_order":0,"comment_status":"closed","ping_status":"closed","template":"page-templates\/template-pagebuilder-full-width.php","meta":{"neve_meta_sidebar":"","neve_meta_container":"","neve_meta_enable_content_width":"","neve_meta_content_width":0,"neve_meta_title_alignment":"","neve_meta_author_avatar":"","neve_post_elements_order":"","neve_meta_disable_header":"","neve_meta_disable_footer":"","neve_meta_disable_title":"","footnotes":""},"class_list":["post-13096","page","type-page","status-publish","hentry"],"yoast_head":"<!-- This site is optimized with the Yoast SEO plugin v27.0 - https:\/\/yoast.com\/product\/yoast-seo-wordpress\/ -->\n<title>Limpiadores espec\u00edficos - Dermo | F\u00e1brica de detergentes<\/title>\n<meta name=\"robots\" content=\"index, follow, max-snippet:-1, max-image-preview:large, max-video-preview:-1\" \/>\n<link rel=\"canonical\" href=\"https:\/\/dermo.com\/en\/specific-cleaners-4\/\" \/>\n<meta property=\"og:locale\" content=\"en_GB\" \/>\n<meta property=\"og:type\" content=\"article\" \/>\n<meta property=\"og:title\" content=\"Limpiadores espec\u00edficos - Dermo | F\u00e1brica de detergentes\" \/>\n<meta property=\"og:description\" content=\"Dermo es una empresa dedicada a la fabricaci\u00f3n de\u00a0limpiadores espec\u00edficos\u00a0de limpieza profesional. Con 30 a\u00f1os de experiencia en el sector, en Dermo tenemos la voluntad de dise\u00f1ar y fabricar\u00a0limpiadores espec\u00edficos\u00a0para todo tipo de sectores, tales como la vivienda o la industria. Nuestro trabajo consiste en fabricar y proveer productos\u00a0limpiadores espec\u00edficos\u00a0para cada lugar y cada material,&hellip;&nbsp;Read More &raquo;Limpiadores espec\u00edficos\" \/>\n<meta property=\"og:url\" content=\"https:\/\/dermo.com\/en\/specific-cleaners-4\/\" \/>\n<meta property=\"og:site_name\" content=\"Dermo | F\u00e1brica de detergentes\" \/>\n<meta property=\"article:modified_time\" content=\"2025-02-19T11:17:03+00:00\" \/>\n<meta name=\"twitter:card\" content=\"summary_large_image\" \/>\n<meta name=\"twitter:label1\" content=\"Estimated reading time\" \/>\n\t<meta name=\"twitter:data1\" content=\"3 minutes\" \/>\n<script type=\"application\/ld+json\" class=\"yoast-schema-graph\">{\"@context\":\"https:\/\/schema.org\",\"@graph\":[{\"@type\":\"WebPage\",\"@id\":\"https:\/\/dermo.com\/limpiadores-especificos-4\/\",\"url\":\"https:\/\/dermo.com\/limpiadores-especificos-4\/\",\"name\":\"Limpiadores espec\u00edficos - Dermo | F\u00e1brica de detergentes\",\"isPartOf\":{\"@id\":\"https:\/\/dermo.com\/#website\"},\"datePublished\":\"2025-01-31T11:13:01+00:00\",\"dateModified\":\"2025-02-19T11:17:03+00:00\",\"breadcrumb\":{\"@id\":\"https:\/\/dermo.com\/limpiadores-especificos-4\/#breadcrumb\"},\"inLanguage\":\"en-GB\",\"potentialAction\":[{\"@type\":\"ReadAction\",\"target\":[\"https:\/\/dermo.com\/limpiadores-especificos-4\/\"]}]},{\"@type\":\"BreadcrumbList\",\"@id\":\"https:\/\/dermo.com\/limpiadores-especificos-4\/#breadcrumb\",\"itemListElement\":[{\"@type\":\"ListItem\",\"position\":1,\"name\":\"Portada\",\"item\":\"https:\/\/dermo.com\/\"},{\"@type\":\"ListItem\",\"position\":2,\"name\":\"Limpiadores espec\u00edficos\"}]},{\"@type\":\"WebSite\",\"@id\":\"https:\/\/dermo.com\/#website\",\"url\":\"https:\/\/dermo.com\/\",\"name\":\"Dermo | F\u00e1brica de detergentes\",\"description\":\"Tecnolog\u00eda avanzada, investigaci\u00f3n y desarrollo, respeto por el medio ambiente, competencia, formaci\u00f3n constante y alto nivel de profesionalidad en nuestro equipo humano, empe\u00f1ado en preservar la calidad de vida, la protecci\u00f3n del entorno natural contin\u00faan motiv\u00e1ndonos para desarrollar en nuestros laboratorios nuevos productos con ingredientes activos altamente biodegradables que hacen posible un desarrollo sostenible.\",\"potentialAction\":[{\"@type\":\"SearchAction\",\"target\":{\"@type\":\"EntryPoint\",\"urlTemplate\":\"https:\/\/dermo.com\/?s={search_term_string}\"},\"query-input\":{\"@type\":\"PropertyValueSpecification\",\"valueRequired\":true,\"valueName\":\"search_term_string\"}}],\"inLanguage\":\"en-GB\"}]}<\/script>\n<!-- \/ Yoast SEO plugin. -->","yoast_head_json":{"title":"Specific cleaners - Dermo | Detergent factory","robots":{"index":"index","follow":"follow","max-snippet":"max-snippet:-1","max-image-preview":"max-image-preview:large","max-video-preview":"max-video-preview:-1"},"canonical":"https:\/\/dermo.com\/en\/specific-cleaners-4\/","og_locale":"en_GB","og_type":"article","og_title":"Limpiadores espec\u00edficos - Dermo | F\u00e1brica de detergentes","og_description":"Dermo es una empresa dedicada a la fabricaci\u00f3n de\u00a0limpiadores espec\u00edficos\u00a0de limpieza profesional. Con 30 a\u00f1os de experiencia en el sector, en Dermo tenemos la voluntad de dise\u00f1ar y fabricar\u00a0limpiadores espec\u00edficos\u00a0para todo tipo de sectores, tales como la vivienda o la industria. Nuestro trabajo consiste en fabricar y proveer productos\u00a0limpiadores espec\u00edficos\u00a0para cada lugar y cada material,&hellip;&nbsp;Read More &raquo;Limpiadores espec\u00edficos","og_url":"https:\/\/dermo.com\/en\/specific-cleaners-4\/","og_site_name":"Dermo | F\u00e1brica de detergentes","article_modified_time":"2025-02-19T11:17:03+00:00","twitter_card":"summary_large_image","twitter_misc":{"Estimated reading time":"3 minutes"},"schema":{"@context":"https:\/\/schema.org","@graph":[{"@type":"WebPage","@id":"https:\/\/dermo.com\/limpiadores-especificos-4\/","url":"https:\/\/dermo.com\/limpiadores-especificos-4\/","name":"Specific cleaners - Dermo | Detergent factory","isPartOf":{"@id":"https:\/\/dermo.com\/#website"},"datePublished":"2025-01-31T11:13:01+00:00","dateModified":"2025-02-19T11:17:03+00:00","breadcrumb":{"@id":"https:\/\/dermo.com\/limpiadores-especificos-4\/#breadcrumb"},"inLanguage":"en-GB","potentialAction":[{"@type":"ReadAction","target":["https:\/\/dermo.com\/limpiadores-especificos-4\/"]}]},{"@type":"BreadcrumbList","@id":"https:\/\/dermo.com\/limpiadores-especificos-4\/#breadcrumb","itemListElement":[{"@type":"ListItem","position":1,"name":"Portada","item":"https:\/\/dermo.com\/"},{"@type":"ListItem","position":2,"name":"Limpiadores espec\u00edficos"}]},{"@type":"WebSite","@id":"https:\/\/dermo.com\/#website","url":"https:\/\/dermo.com\/","name":"Dermo | detergent factory","description":"Advanced technology, research and development, respect for the environment, competence, constant training and a high level of professionalism in our team, committed to preserving the quality of life and protecting the natural environment, continue to motivate us to develop new products in our laboratories with highly biodegradable active ingredients that make sustainable development possible.","potentialAction":[{"@type":"SearchAction","target":{"@type":"EntryPoint","urlTemplate":"https:\/\/dermo.com\/?s={search_term_string}"},"query-input":{"@type":"PropertyValueSpecification","valueRequired":true,"valueName":"search_term_string"}}],"inLanguage":"en-GB"}]}},"_links":{"self":[{"href":"https:\/\/dermo.com\/en\/wp-json\/wp\/v2\/pages\/13096","targetHints":{"allow":["GET"]}}],"collection":[{"href":"https:\/\/dermo.com\/en\/wp-json\/wp\/v2\/pages"}],"about":[{"href":"https:\/\/dermo.com\/en\/wp-json\/wp\/v2\/types\/page"}],"author":[{"embeddable":true,"href":"https:\/\/dermo.com\/en\/wp-json\/wp\/v2\/users\/2"}],"replies":[{"embeddable":true,"href":"https:\/\/dermo.com\/en\/wp-json\/wp\/v2\/comments?post=13096"}],"version-history":[{"count":10,"href":"https:\/\/dermo.com\/en\/wp-json\/wp\/v2\/pages\/13096\/revisions"}],"predecessor-version":[{"id":13620,"href":"https:\/\/dermo.com\/en\/wp-json\/wp\/v2\/pages\/13096\/revisions\/13620"}],"wp:attachment":[{"href":"https:\/\/dermo.com\/en\/wp-json\/wp\/v2\/media?parent=13096"}],"curies":[{"name":"wp","href":"https:\/\/api.w.org\/{rel}","templated":true}]}}