{"id":13151,"date":"2025-02-19T12:23:00","date_gmt":"2025-02-19T11:23:00","guid":{"rendered":"https:\/\/dermo.com\/?page_id=13151"},"modified":"2025-02-19T12:24:38","modified_gmt":"2025-02-19T11:24:38","slug":"cleaning-product-3","status":"publish","type":"page","link":"https:\/\/dermo.com\/en\/cleaning-product-3\/","title":{"rendered":"Cleaning Product"},"content":{"rendered":"<div data-elementor-type=\"wp-page\" data-elementor-id=\"13151\" class=\"elementor elementor-13151\" data-elementor-post-type=\"page\">\n\t\t\t\t\t\t<section class=\"elementor-section elementor-top-section elementor-element elementor-element-e78b21a elementor-section-boxed elementor-section-height-default elementor-section-height-default\" data-id=\"e78b21a\" data-element_type=\"section\" data-e-type=\"section\" data-settings=\"{&quot;background_background&quot;:&quot;classic&quot;}\">\n\t\t\t\t\t\t\t<div class=\"elementor-background-overlay\"><\/div>\n\t\t\t\t\t\t\t<div class=\"elementor-container elementor-column-gap-default\">\n\t\t\t\t\t<div class=\"elementor-column elementor-col-100 elementor-top-column elementor-element elementor-element-4f480f4\" data-id=\"4f480f4\" data-element_type=\"column\" data-e-type=\"column\">\n\t\t\t<div class=\"elementor-widget-wrap elementor-element-populated\">\n\t\t\t\t\t\t\t<\/div>\n\t\t<\/div>\n\t\t\t\t\t<\/div>\n\t\t<\/section>\n\t\t\t\t<section class=\"elementor-section elementor-top-section elementor-element elementor-element-32b7dcd elementor-section-boxed elementor-section-height-default elementor-section-height-default\" data-id=\"32b7dcd\" data-element_type=\"section\" data-e-type=\"section\">\n\t\t\t\t\t\t<div class=\"elementor-container elementor-column-gap-default\">\n\t\t\t\t\t<div class=\"elementor-column elementor-col-100 elementor-top-column elementor-element elementor-element-11c806b\" data-id=\"11c806b\" data-element_type=\"column\" data-e-type=\"column\">\n\t\t\t<div class=\"elementor-widget-wrap elementor-element-populated\">\n\t\t\t\t\t\t<section class=\"elementor-section elementor-inner-section elementor-element elementor-element-64ef5c8 elementor-section-content-middle elementor-section-boxed elementor-section-height-default elementor-section-height-default\" data-id=\"64ef5c8\" data-element_type=\"section\" data-e-type=\"section\">\n\t\t\t\t\t\t<div class=\"elementor-container elementor-column-gap-default\">\n\t\t\t\t\t<div class=\"elementor-column elementor-col-50 elementor-inner-column elementor-element elementor-element-ace619b\" data-id=\"ace619b\" data-element_type=\"column\" data-e-type=\"column\">\n\t\t\t<div class=\"elementor-widget-wrap elementor-element-populated\">\n\t\t\t\t\t\t<div class=\"elementor-element elementor-element-9313c8b elementor-widget elementor-widget-text-editor\" data-id=\"9313c8b\" data-element_type=\"widget\" data-e-type=\"widget\" data-widget_type=\"text-editor.default\">\n\t\t\t\t<div class=\"elementor-widget-container\">\n\t\t\t\t\t\t\t\t\t<div id=\"lipsum\"><h2><strong>Pipe unblocker<\/strong><\/h2><p style=\"margin-bottom: 10px; overflow-wrap: break-word; color: #8b8d94; font-family: Roboto, Helvetica, Arial, Verdana, sans-serif;\">Discover the best\u00a0<span style=\"padding: 0px; margin: 0px; font-weight: bold;\">plunger<\/span>\u00a0of\u00a0<span style=\"padding: 0px; margin: 0px; font-weight: bold;\">pipes<\/span>\u00a0at Dermo, which has a great power of concentration and great efficiency in each use. A professional cleaning product that we have specially designed at Dermo, to remove any obstacles and bad smells that may be triggered in the toilet.<\/p><p style=\"margin-bottom: 10px; overflow-wrap: break-word; color: #8b8d94; font-family: Roboto, Helvetica, Arial, Verdana, sans-serif;\">This is a specific product that will allow for a deep cleaning to remove any obstacles that may have clogged the toilet pipes, such as organic or inorganic waste.<\/p><p style=\"margin-bottom: 0px; overflow-wrap: break-word; color: #8b8d94; font-family: Roboto, Helvetica, Arial, Verdana, sans-serif;\">This is about the\u00a0<span style=\"padding: 0px; margin: 0px; font-weight: bold;\">plunger<\/span>\u00a0of\u00a0<span style=\"padding: 0px; margin: 0px; font-weight: bold;\">pipes<\/span>\u00a0ZZ88 and must be used following the instructions for use to the letter, since it is important to follow the steps to make effective and safe use of it.<\/p><\/div>\t\t\t\t\t\t\t\t<\/div>\n\t\t\t\t<\/div>\n\t\t\t\t\t<\/div>\n\t\t<\/div>\n\t\t\t\t<div class=\"elementor-column elementor-col-50 elementor-inner-column elementor-element elementor-element-56978d1 elementor-invisible\" data-id=\"56978d1\" data-element_type=\"column\" data-e-type=\"column\" data-settings=\"{&quot;animation&quot;:&quot;bounceInRight&quot;}\">\n\t\t\t<div class=\"elementor-widget-wrap elementor-element-populated\">\n\t\t\t\t\t\t<div class=\"elementor-element elementor-element-146411e elementor-widget__width-initial elementor-widget elementor-widget-elementskit-contact-form7\" data-id=\"146411e\" data-element_type=\"widget\" data-e-type=\"widget\" data-widget_type=\"elementskit-contact-form7.default\">\n\t\t\t\t<div class=\"elementor-widget-container\">\n\t\t\t\t\t<div class=\"ekit-wid-con\" ><div class=\"ekit-form\">\n<div class=\"wpcf7 no-js\" id=\"wpcf7-f13292-p13151-o1\" lang=\"es-ES\" dir=\"ltr\" data-wpcf7-id=\"13292\">\n<div class=\"screen-reader-response\"><p role=\"status\" aria-live=\"polite\" aria-atomic=\"true\"><\/p> <ul><\/ul><\/div>\n<form action=\"\/en\/cleaning-product-3\/#wpcf7-f13292-p13151-o1\" method=\"post\" class=\"wpcf7-form init\" aria-label=\"Formulario de contacto\" novalidate=\"novalidate\" data-status=\"init\" data-no-translation-aria-label=\"\" data-trp-original-action=\"\/pt\/producto-limpieza-3\/#wpcf7-f13292-p13151-o1\">\n<fieldset class=\"hidden-fields-container\"><input type=\"hidden\" name=\"_wpcf7\" value=\"13292\" \/><input type=\"hidden\" name=\"_wpcf7_version\" value=\"6.1.5\" \/><input type=\"hidden\" name=\"_wpcf7_locale\" value=\"es_ES\" \/><input type=\"hidden\" name=\"_wpcf7_unit_tag\" value=\"wpcf7-f13292-p13151-o1\" \/><input type=\"hidden\" name=\"_wpcf7_container_post\" value=\"13151\" \/><input type=\"hidden\" name=\"_wpcf7_posted_data_hash\" value=\"\" \/><input type=\"hidden\" name=\"_wpcf7_recaptcha_response\" value=\"\" \/>\n<\/fieldset>\n<div style=\"display: flex; gap: 10px;\">\n\t<div style=\"width: 50%;\">\n\t\t<p><span class=\"wpcf7-form-control-wrap\" data-name=\"your-name\"><input size=\"40\" maxlength=\"400\" class=\"wpcf7-form-control wpcf7-text wpcf7-validates-as-required\" aria-required=\"true\" aria-invalid=\"false\" placeholder=\"Name\" value=\"\" type=\"text\" name=\"your-name\" \/><\/span>\n\t\t<\/p>\n\t<\/div>\n\t<div style=\"width: 50%;\">\n\t\t<p><span class=\"wpcf7-form-control-wrap\" data-name=\"your-phone\"><input size=\"40\" maxlength=\"400\" class=\"wpcf7-form-control wpcf7-tel wpcf7-validates-as-required wpcf7-text wpcf7-validates-as-tel\" aria-required=\"true\" aria-invalid=\"false\" placeholder=\"Phone\" value=\"\" type=\"tel\" name=\"your-phone\" \/><\/span>\n\t\t<\/p>\n\t<\/div>\n<\/div>\n<p><span class=\"wpcf7-form-control-wrap\" data-name=\"your-email\"><input size=\"40\" maxlength=\"400\" class=\"wpcf7-form-control wpcf7-email wpcf7-validates-as-required wpcf7-text wpcf7-validates-as-email\" aria-required=\"true\" aria-invalid=\"false\" placeholder=\"Email\" value=\"\" type=\"email\" name=\"your-email\" \/><\/span>\n<\/p>\n<div style=\"display: flex; gap: 10px;\">\n\t<div style=\"width: 50%;\">\n\t\t<p><span class=\"wpcf7-form-control-wrap\" data-name=\"your-country\"><input size=\"40\" maxlength=\"400\" class=\"wpcf7-form-control wpcf7-text wpcf7-validates-as-required\" aria-required=\"true\" aria-invalid=\"false\" placeholder=\"Country\" value=\"\" type=\"text\" name=\"your-country\" \/><\/span>\n\t\t<\/p>\n\t<\/div>\n\t<div style=\"width: 50%;\">\n\t\t<p><span class=\"wpcf7-form-control-wrap\" data-name=\"your-city\"><input size=\"40\" maxlength=\"400\" class=\"wpcf7-form-control wpcf7-text wpcf7-validates-as-required\" aria-required=\"true\" aria-invalid=\"false\" placeholder=\"Population\" value=\"\" type=\"text\" name=\"your-city\" \/><\/span>\n\t\t<\/p>\n\t<\/div>\n<\/div>\n<p><span class=\"wpcf7-form-control-wrap\" data-name=\"your-subject\"><select class=\"wpcf7-form-control wpcf7-select\" aria-invalid=\"false\" name=\"your-subject\"><option value=\"Quiero ser distribuidor\">I want to be a distributor<\/option><option value=\"Presupuesto\">Budget<\/option><option value=\"Consulta\">Consultation<\/option><option value=\"Sugerencia\">Suggestion<\/option><option value=\"Otros\">Others<\/option><\/select><\/span>\n<\/p>\n<p><span class=\"wpcf7-form-control-wrap\" data-name=\"your-message\"><textarea cols=\"40\" rows=\"10\" maxlength=\"2000\" class=\"wpcf7-form-control wpcf7-textarea\" aria-invalid=\"false\" placeholder=\"Message or query\" name=\"your-message\"><\/textarea><\/span>\n<\/p>\n<div style=\"display: flex; align-items: center; gap: 10px;\">\n\t<p><span class=\"wpcf7-form-control-wrap\" data-name=\"privacy-policy\"><span class=\"wpcf7-form-control wpcf7-acceptance\"><span class=\"wpcf7-list-item\"><input type=\"checkbox\" name=\"privacy-policy\" value=\"1\" aria-invalid=\"false\" \/><\/span><\/span><\/span><label for=\"privacy-policy\" style=\"margin-left: 5px;\">I have read and accept the privacy policy.<\/label>\n\t<\/p>\n<\/div>\n<div style=\"display: flex; align-items: center; gap: 10px;\">\n\t<p><span class=\"wpcf7-form-control-wrap\" data-name=\"send-info\"><span class=\"wpcf7-form-control wpcf7-acceptance\"><span class=\"wpcf7-list-item\"><input type=\"checkbox\" name=\"send-info\" value=\"1\" aria-invalid=\"false\" \/><\/span><\/span><\/span><label for=\"send-info\" style=\"margin-left: 5px;\">I agree to receive information.<\/label>\n\t<\/p>\n<\/div>\n<p><input class=\"wpcf7-form-control wpcf7-submit has-spinner\" type=\"submit\" value=\"Send\" \/>\n<\/p><div class=\"wpcf7-response-output\" aria-hidden=\"true\"><\/div>\n<input type=\"hidden\" name=\"trp-form-language\" value=\"en\"\/><\/form>\n<\/div>\n<\/div><\/div>\t\t\t\t<\/div>\n\t\t\t\t<\/div>\n\t\t\t\t\t<\/div>\n\t\t<\/div>\n\t\t\t\t\t<\/div>\n\t\t<\/section>\n\t\t\t\t<div class=\"elementor-element elementor-element-e8e9211 elementor-widget elementor-widget-text-editor\" data-id=\"e8e9211\" data-element_type=\"widget\" data-e-type=\"widget\" data-widget_type=\"text-editor.default\">\n\t\t\t\t<div class=\"elementor-widget-container\">\n\t\t\t\t\t\t\t\t\t<div id=\"lipsum\"><p>It is used in small doses and it is important to leave very little water in the drain before using the product, which should be poured directly into the drain and slowly.<\/p><p>He\u00a0<strong>plunger<\/strong>\u00a0of\u00a0<strong>pipes<\/strong>\u00a0that we present at Dermo will allow you to thoroughly clean and unclog the entire pipe channel, ensuring that it is completely free and clean so that it can function correctly and there is a good flow of water, also to put an end to bad odours.<\/p><p>ZZ88 presents himself as the best\u00a0<strong>plunger<\/strong>\u00a0of\u00a0<strong>pipes<\/strong>\u00a0so that waste can be removed from the pipes and all contaminants and obstacles can be removed from the path.<\/p><p>We have a long and experienced track record in the development and manufacture of all types of professional cleaning products, with which you can achieve maximum efficiency and durability in the cleaning and disinfection of all types of surfaces, objects, etc.<\/p><p>In our online catalogue you can discover all kinds of professional products, which will provide you with specific solutions to remove dirt from any place, always having our help and advice, to explain what you need or how to apply each of our products.<\/p><h3><strong>Discover the power of impeccable cleaning with our superior quality detergents!<\/strong><\/h3><p>Are you looking for efficient and environmentally friendly cleaning solutions? Look no further! Turn the daily task of cleaning into an easy and effective experience.<\/p><\/div>\t\t\t\t\t\t\t\t<\/div>\n\t\t\t\t<\/div>\n\t\t\t\t\t<\/div>\n\t\t<\/div>\n\t\t\t\t\t<\/div>\n\t\t<\/section>\n\t\t\t\t<section class=\"elementor-section elementor-top-section elementor-element elementor-element-b2ccb66 elementor-section-full_width elementor-section-height-default elementor-section-height-default elementor-invisible\" data-id=\"b2ccb66\" data-element_type=\"section\" data-e-type=\"section\" data-settings=\"{&quot;animation&quot;:&quot;slideInUp&quot;}\">\n\t\t\t\t\t\t<div class=\"elementor-container elementor-column-gap-default\">\n\t\t\t\t\t<div class=\"elementor-column elementor-col-100 elementor-top-column elementor-element elementor-element-29f2e49\" data-id=\"29f2e49\" data-element_type=\"column\" data-e-type=\"column\">\n\t\t\t<div class=\"elementor-widget-wrap elementor-element-populated\">\n\t\t\t\t\t\t<div class=\"elementor-element elementor-element-e6e7a2f elementor-widget elementor-widget-google_maps\" data-id=\"e6e7a2f\" data-element_type=\"widget\" data-e-type=\"widget\" data-widget_type=\"google_maps.default\">\n\t\t\t\t<div class=\"elementor-widget-container\">\n\t\t\t\t\t\t\t<div class=\"elementor-custom-embed\">\n\t\t\t<iframe loading=\"lazy\"\n\t\t\t\t\tsrc=\"https:\/\/maps.google.com\/maps?q=C%2F%20Pintor%20Joan%20Miro%2C%2016.%20Pol.%20Ind.%20Can%20Humet%20de%20Dalt%2C%2008213%20Poliny%C3%A0.%20Barcelona&#038;t=m&#038;z=15&#038;output=embed&#038;iwloc=near\"\n\t\t\t\t\ttitle=\"C\/ Pintor Joan Miro, 16. Pol. Ind. Can Humet de Dalt, 08213 Poliny\u00e0. Barcelona\"\n\t\t\t\t\taria-label=\"C\/ Pintor Joan Miro, 16. Pol. Ind. Can Humet de Dalt, 08213 Poliny\u00e0. Barcelona\"\n\t\t\t><\/iframe>\n\t\t<\/div>\n\t\t\t\t\t\t<\/div>\n\t\t\t\t<\/div>\n\t\t\t\t\t<\/div>\n\t\t<\/div>\n\t\t\t\t\t<\/div>\n\t\t<\/section>\n\t\t\t\t<\/div>","protected":false},"excerpt":{"rendered":"<p>Drain Unblocker Discover the best drain unblocker at Dermo, which boasts great concentration and efficiency with every use. A professional cleaning product that we have specially designed at Dermo to remove any blockages and unpleasant odors that may arise in the toilet. This is a specific product that will allow\u2026&nbsp;<a href=\"https:\/\/dermo.com\/en\/cleaning-product-3\/\" rel=\"bookmark\">Read More \u00bb<span class=\"screen-reader-text\">Cleaning Product<\/span><\/a><\/p>","protected":false},"author":2,"featured_media":0,"parent":0,"menu_order":0,"comment_status":"closed","ping_status":"closed","template":"page-templates\/template-pagebuilder-full-width.php","meta":{"neve_meta_sidebar":"","neve_meta_container":"","neve_meta_enable_content_width":"","neve_meta_content_width":0,"neve_meta_title_alignment":"","neve_meta_author_avatar":"","neve_post_elements_order":"","neve_meta_disable_header":"","neve_meta_disable_footer":"","neve_meta_disable_title":"","footnotes":""},"class_list":["post-13151","page","type-page","status-publish","hentry"],"yoast_head":"<!-- This site is optimized with the Yoast SEO plugin v27.0 - https:\/\/yoast.com\/product\/yoast-seo-wordpress\/ -->\n<title>Producto Limpieza - Dermo | F\u00e1brica de detergentes<\/title>\n<meta name=\"robots\" content=\"index, follow, max-snippet:-1, max-image-preview:large, max-video-preview:-1\" \/>\n<link rel=\"canonical\" href=\"https:\/\/dermo.com\/en\/cleaning-product-3\/\" \/>\n<meta property=\"og:locale\" content=\"en_GB\" \/>\n<meta property=\"og:type\" content=\"article\" \/>\n<meta property=\"og:title\" content=\"Producto Limpieza - Dermo | F\u00e1brica de detergentes\" \/>\n<meta property=\"og:description\" content=\"Desatascador tuber\u00edas Descubre el mejor\u00a0desatascador\u00a0de\u00a0tuber\u00edas\u00a0en Dermo, el cual cuenta con un gran poder de concentraci\u00f3n y una gran eficiencia en cada uso. Un producto de limpieza profesional que hemos dise\u00f1ado especialmente en Dermo, para retirar cualquier obst\u00e1culo y los malos olores que puedan desencadenarse en el inodoro. Se trata de un producto espec\u00edfico que permitir\u00e1&hellip;&nbsp;Read More &raquo;Producto Limpieza\" \/>\n<meta property=\"og:url\" content=\"https:\/\/dermo.com\/en\/cleaning-product-3\/\" \/>\n<meta property=\"og:site_name\" content=\"Dermo | F\u00e1brica de detergentes\" \/>\n<meta property=\"article:modified_time\" content=\"2025-02-19T11:24:38+00:00\" \/>\n<meta name=\"twitter:card\" content=\"summary_large_image\" \/>\n<meta name=\"twitter:label1\" content=\"Estimated reading time\" \/>\n\t<meta name=\"twitter:data1\" content=\"2 minutes\" \/>\n<script type=\"application\/ld+json\" class=\"yoast-schema-graph\">{\"@context\":\"https:\/\/schema.org\",\"@graph\":[{\"@type\":\"WebPage\",\"@id\":\"https:\/\/dermo.com\/producto-limpieza-3\/\",\"url\":\"https:\/\/dermo.com\/producto-limpieza-3\/\",\"name\":\"Producto Limpieza - Dermo | F\u00e1brica de detergentes\",\"isPartOf\":{\"@id\":\"https:\/\/dermo.com\/#website\"},\"datePublished\":\"2025-02-19T11:23:00+00:00\",\"dateModified\":\"2025-02-19T11:24:38+00:00\",\"breadcrumb\":{\"@id\":\"https:\/\/dermo.com\/producto-limpieza-3\/#breadcrumb\"},\"inLanguage\":\"en-GB\",\"potentialAction\":[{\"@type\":\"ReadAction\",\"target\":[\"https:\/\/dermo.com\/producto-limpieza-3\/\"]}]},{\"@type\":\"BreadcrumbList\",\"@id\":\"https:\/\/dermo.com\/producto-limpieza-3\/#breadcrumb\",\"itemListElement\":[{\"@type\":\"ListItem\",\"position\":1,\"name\":\"Portada\",\"item\":\"https:\/\/dermo.com\/\"},{\"@type\":\"ListItem\",\"position\":2,\"name\":\"Producto Limpieza\"}]},{\"@type\":\"WebSite\",\"@id\":\"https:\/\/dermo.com\/#website\",\"url\":\"https:\/\/dermo.com\/\",\"name\":\"Dermo | F\u00e1brica de detergentes\",\"description\":\"Tecnolog\u00eda avanzada, investigaci\u00f3n y desarrollo, respeto por el medio ambiente, competencia, formaci\u00f3n constante y alto nivel de profesionalidad en nuestro equipo humano, empe\u00f1ado en preservar la calidad de vida, la protecci\u00f3n del entorno natural contin\u00faan motiv\u00e1ndonos para desarrollar en nuestros laboratorios nuevos productos con ingredientes activos altamente biodegradables que hacen posible un desarrollo sostenible.\",\"potentialAction\":[{\"@type\":\"SearchAction\",\"target\":{\"@type\":\"EntryPoint\",\"urlTemplate\":\"https:\/\/dermo.com\/?s={search_term_string}\"},\"query-input\":{\"@type\":\"PropertyValueSpecification\",\"valueRequired\":true,\"valueName\":\"search_term_string\"}}],\"inLanguage\":\"en-GB\"}]}<\/script>\n<!-- \/ Yoast SEO plugin. -->","yoast_head_json":{"title":"Cleaning Product - Dermo | Detergent Factory","robots":{"index":"index","follow":"follow","max-snippet":"max-snippet:-1","max-image-preview":"max-image-preview:large","max-video-preview":"max-video-preview:-1"},"canonical":"https:\/\/dermo.com\/en\/cleaning-product-3\/","og_locale":"en_GB","og_type":"article","og_title":"Producto Limpieza - Dermo | F\u00e1brica de detergentes","og_description":"Desatascador tuber\u00edas Descubre el mejor\u00a0desatascador\u00a0de\u00a0tuber\u00edas\u00a0en Dermo, el cual cuenta con un gran poder de concentraci\u00f3n y una gran eficiencia en cada uso. Un producto de limpieza profesional que hemos dise\u00f1ado especialmente en Dermo, para retirar cualquier obst\u00e1culo y los malos olores que puedan desencadenarse en el inodoro. Se trata de un producto espec\u00edfico que permitir\u00e1&hellip;&nbsp;Read More &raquo;Producto Limpieza","og_url":"https:\/\/dermo.com\/en\/cleaning-product-3\/","og_site_name":"Dermo | F\u00e1brica de detergentes","article_modified_time":"2025-02-19T11:24:38+00:00","twitter_card":"summary_large_image","twitter_misc":{"Estimated reading time":"2 minutes"},"schema":{"@context":"https:\/\/schema.org","@graph":[{"@type":"WebPage","@id":"https:\/\/dermo.com\/producto-limpieza-3\/","url":"https:\/\/dermo.com\/producto-limpieza-3\/","name":"Cleaning Product - Dermo | Detergent Factory","isPartOf":{"@id":"https:\/\/dermo.com\/#website"},"datePublished":"2025-02-19T11:23:00+00:00","dateModified":"2025-02-19T11:24:38+00:00","breadcrumb":{"@id":"https:\/\/dermo.com\/producto-limpieza-3\/#breadcrumb"},"inLanguage":"en-GB","potentialAction":[{"@type":"ReadAction","target":["https:\/\/dermo.com\/producto-limpieza-3\/"]}]},{"@type":"BreadcrumbList","@id":"https:\/\/dermo.com\/producto-limpieza-3\/#breadcrumb","itemListElement":[{"@type":"ListItem","position":1,"name":"Portada","item":"https:\/\/dermo.com\/"},{"@type":"ListItem","position":2,"name":"Producto Limpieza"}]},{"@type":"WebSite","@id":"https:\/\/dermo.com\/#website","url":"https:\/\/dermo.com\/","name":"Dermo | detergent factory","description":"Advanced technology, research and development, respect for the environment, competence, constant training and a high level of professionalism in our team, committed to preserving the quality of life and protecting the natural environment, continue to motivate us to develop new products in our laboratories with highly biodegradable active ingredients that make sustainable development possible.","potentialAction":[{"@type":"SearchAction","target":{"@type":"EntryPoint","urlTemplate":"https:\/\/dermo.com\/?s={search_term_string}"},"query-input":{"@type":"PropertyValueSpecification","valueRequired":true,"valueName":"search_term_string"}}],"inLanguage":"en-GB"}]}},"_links":{"self":[{"href":"https:\/\/dermo.com\/en\/wp-json\/wp\/v2\/pages\/13151","targetHints":{"allow":["GET"]}}],"collection":[{"href":"https:\/\/dermo.com\/en\/wp-json\/wp\/v2\/pages"}],"about":[{"href":"https:\/\/dermo.com\/en\/wp-json\/wp\/v2\/types\/page"}],"author":[{"embeddable":true,"href":"https:\/\/dermo.com\/en\/wp-json\/wp\/v2\/users\/2"}],"replies":[{"embeddable":true,"href":"https:\/\/dermo.com\/en\/wp-json\/wp\/v2\/comments?post=13151"}],"version-history":[{"count":10,"href":"https:\/\/dermo.com\/en\/wp-json\/wp\/v2\/pages\/13151\/revisions"}],"predecessor-version":[{"id":13660,"href":"https:\/\/dermo.com\/en\/wp-json\/wp\/v2\/pages\/13151\/revisions\/13660"}],"wp:attachment":[{"href":"https:\/\/dermo.com\/en\/wp-json\/wp\/v2\/media?parent=13151"}],"curies":[{"name":"wp","href":"https:\/\/api.w.org\/{rel}","templated":true}]}}