{"id":13202,"date":"2025-01-31T12:54:22","date_gmt":"2025-01-31T11:54:22","guid":{"rendered":"https:\/\/dermo.com\/?page_id=13202"},"modified":"2025-02-19T12:27:09","modified_gmt":"2025-02-19T11:27:09","slug":"car-cleaning-product","status":"publish","type":"page","link":"https:\/\/dermo.com\/en\/car-cleaning-product\/","title":{"rendered":"Car cleaning product"},"content":{"rendered":"<div data-elementor-type=\"wp-page\" data-elementor-id=\"13202\" class=\"elementor elementor-13202\" data-elementor-post-type=\"page\">\n\t\t\t\t\t\t<section class=\"elementor-section elementor-top-section elementor-element elementor-element-a02683f elementor-section-boxed elementor-section-height-default elementor-section-height-default\" data-id=\"a02683f\" data-element_type=\"section\" data-e-type=\"section\" data-settings=\"{&quot;background_background&quot;:&quot;classic&quot;}\">\n\t\t\t\t\t\t\t<div class=\"elementor-background-overlay\"><\/div>\n\t\t\t\t\t\t\t<div class=\"elementor-container elementor-column-gap-default\">\n\t\t\t\t\t<div class=\"elementor-column elementor-col-100 elementor-top-column elementor-element elementor-element-f99dbff\" data-id=\"f99dbff\" data-element_type=\"column\" data-e-type=\"column\">\n\t\t\t<div class=\"elementor-widget-wrap elementor-element-populated\">\n\t\t\t\t\t\t\t<\/div>\n\t\t<\/div>\n\t\t\t\t\t<\/div>\n\t\t<\/section>\n\t\t\t\t<section class=\"elementor-section elementor-top-section elementor-element elementor-element-233ad3a4 elementor-section-boxed elementor-section-height-default elementor-section-height-default\" data-id=\"233ad3a4\" data-element_type=\"section\" data-e-type=\"section\">\n\t\t\t\t\t\t<div class=\"elementor-container elementor-column-gap-default\">\n\t\t\t\t\t<div class=\"elementor-column elementor-col-100 elementor-top-column elementor-element elementor-element-3244e578\" data-id=\"3244e578\" data-element_type=\"column\" data-e-type=\"column\">\n\t\t\t<div class=\"elementor-widget-wrap elementor-element-populated\">\n\t\t\t\t\t\t<section class=\"elementor-section elementor-inner-section elementor-element elementor-element-1a7040c2 elementor-section-content-middle elementor-section-boxed elementor-section-height-default elementor-section-height-default\" data-id=\"1a7040c2\" data-element_type=\"section\" data-e-type=\"section\">\n\t\t\t\t\t\t<div class=\"elementor-container elementor-column-gap-default\">\n\t\t\t\t\t<div class=\"elementor-column elementor-col-50 elementor-inner-column elementor-element elementor-element-58338543\" data-id=\"58338543\" data-element_type=\"column\" data-e-type=\"column\">\n\t\t\t<div class=\"elementor-widget-wrap elementor-element-populated\">\n\t\t\t\t\t\t<div class=\"elementor-element elementor-element-464b2e11 elementor-widget elementor-widget-text-editor\" data-id=\"464b2e11\" data-element_type=\"widget\" data-e-type=\"widget\" data-widget_type=\"text-editor.default\">\n\t\t\t\t<div class=\"elementor-widget-container\">\n\t\t\t\t\t\t\t\t\t<p>Clean\u00a0<strong>the car<\/strong>\u00a0It is not just a question of aesthetics, it has a greater meaning, which is to maintain the vehicle in good condition for longer, extending its useful life.\u00a0<strong>Dermo SA\u00a0<\/strong>We have developed a whole series of\u00a0<strong>car cleaning products<\/strong>\u00a0so you can keep it in its original state for longer.<\/p><p>The accumulation of dust and dirt on your\u00a0<strong>automobile<\/strong>\u00a0It accelerates the aging process of the exterior surface as well as the interior. Especially in large cities where there is a high level of pollution in the air, plant residues such as leaves or pollen from some species that abound in parks and streets accumulate on the bodywork, damaging the condition of the sheet metal. Changes in temperature, humidity, solar radiation cause the plastic elements to be damaged, giving them a dull, whitish appearance, leading to cracks and possible breakages. This is why, in\u00a0<strong>Dermo SA<\/strong>\u00a0We have manufactured an extensive range of\u00a0<strong>car cleaning products<\/strong>, so that caring for your vehicle does not require a great effort for you or your pocket.<\/p><p><strong>Black T<\/strong>\u00a0it&#039;s a\u00a0<strong>car cleaning product\u00a0<\/strong>intended for the care of tyres, it keeps them as good as new and its wet effect finish gives them an excellent shine. Easy to use, you only need to spray the product on the surface to be treated. As for the bodywork,\u00a0<strong>Car Clean<\/strong>\u00a0it&#039;s a\u00a0<strong>car cleaning product\u00a0<\/strong>in liquid form and easy to apply. It can be used to clean both the bodywork and the rims of the vehicle.\u00a0<\/p>\t\t\t\t\t\t\t\t<\/div>\n\t\t\t\t<\/div>\n\t\t\t\t\t<\/div>\n\t\t<\/div>\n\t\t\t\t<div class=\"elementor-column elementor-col-50 elementor-inner-column elementor-element elementor-element-7d4709e elementor-invisible\" data-id=\"7d4709e\" data-element_type=\"column\" data-e-type=\"column\" data-settings=\"{&quot;animation&quot;:&quot;bounceInRight&quot;}\">\n\t\t\t<div class=\"elementor-widget-wrap elementor-element-populated\">\n\t\t\t\t\t\t<div class=\"elementor-element elementor-element-b2c70b5 elementor-widget__width-initial elementor-widget elementor-widget-elementskit-contact-form7\" data-id=\"b2c70b5\" data-element_type=\"widget\" data-e-type=\"widget\" data-widget_type=\"elementskit-contact-form7.default\">\n\t\t\t\t<div class=\"elementor-widget-container\">\n\t\t\t\t\t<div class=\"ekit-wid-con\" ><div class=\"ekit-form\">\n<div class=\"wpcf7 no-js\" id=\"wpcf7-f13292-p13202-o1\" lang=\"es-ES\" dir=\"ltr\" data-wpcf7-id=\"13292\">\n<div class=\"screen-reader-response\"><p role=\"status\" aria-live=\"polite\" aria-atomic=\"true\"><\/p> <ul><\/ul><\/div>\n<form action=\"\/en\/car-cleaning-product\/#wpcf7-f13292-p13202-o1\" method=\"post\" class=\"wpcf7-form init\" aria-label=\"Formulario de contacto\" novalidate=\"novalidate\" data-status=\"init\" data-no-translation-aria-label=\"\" data-trp-original-action=\"\/en\/producto-limpieza-de-coche\/#wpcf7-f13292-p13202-o1\">\n<fieldset class=\"hidden-fields-container\"><input type=\"hidden\" name=\"_wpcf7\" value=\"13292\" \/><input type=\"hidden\" name=\"_wpcf7_version\" value=\"6.1.5\" \/><input type=\"hidden\" name=\"_wpcf7_locale\" value=\"es_ES\" \/><input type=\"hidden\" name=\"_wpcf7_unit_tag\" value=\"wpcf7-f13292-p13202-o1\" \/><input type=\"hidden\" name=\"_wpcf7_container_post\" value=\"13202\" \/><input type=\"hidden\" name=\"_wpcf7_posted_data_hash\" value=\"\" \/><input type=\"hidden\" name=\"_wpcf7_recaptcha_response\" value=\"\" \/>\n<\/fieldset>\n<div style=\"display: flex; gap: 10px;\">\n\t<div style=\"width: 50%;\">\n\t\t<p><span class=\"wpcf7-form-control-wrap\" data-name=\"your-name\"><input size=\"40\" maxlength=\"400\" class=\"wpcf7-form-control wpcf7-text wpcf7-validates-as-required\" aria-required=\"true\" aria-invalid=\"false\" placeholder=\"Name\" value=\"\" type=\"text\" name=\"your-name\" \/><\/span>\n\t\t<\/p>\n\t<\/div>\n\t<div style=\"width: 50%;\">\n\t\t<p><span class=\"wpcf7-form-control-wrap\" data-name=\"your-phone\"><input size=\"40\" maxlength=\"400\" class=\"wpcf7-form-control wpcf7-tel wpcf7-validates-as-required wpcf7-text wpcf7-validates-as-tel\" aria-required=\"true\" aria-invalid=\"false\" placeholder=\"Phone\" value=\"\" type=\"tel\" name=\"your-phone\" \/><\/span>\n\t\t<\/p>\n\t<\/div>\n<\/div>\n<p><span class=\"wpcf7-form-control-wrap\" data-name=\"your-email\"><input size=\"40\" maxlength=\"400\" class=\"wpcf7-form-control wpcf7-email wpcf7-validates-as-required wpcf7-text wpcf7-validates-as-email\" aria-required=\"true\" aria-invalid=\"false\" placeholder=\"Email\" value=\"\" type=\"email\" name=\"your-email\" \/><\/span>\n<\/p>\n<div style=\"display: flex; gap: 10px;\">\n\t<div style=\"width: 50%;\">\n\t\t<p><span class=\"wpcf7-form-control-wrap\" data-name=\"your-country\"><input size=\"40\" maxlength=\"400\" class=\"wpcf7-form-control wpcf7-text wpcf7-validates-as-required\" aria-required=\"true\" aria-invalid=\"false\" placeholder=\"Country\" value=\"\" type=\"text\" name=\"your-country\" \/><\/span>\n\t\t<\/p>\n\t<\/div>\n\t<div style=\"width: 50%;\">\n\t\t<p><span class=\"wpcf7-form-control-wrap\" data-name=\"your-city\"><input size=\"40\" maxlength=\"400\" class=\"wpcf7-form-control wpcf7-text wpcf7-validates-as-required\" aria-required=\"true\" aria-invalid=\"false\" placeholder=\"Population\" value=\"\" type=\"text\" name=\"your-city\" \/><\/span>\n\t\t<\/p>\n\t<\/div>\n<\/div>\n<p><span class=\"wpcf7-form-control-wrap\" data-name=\"your-subject\"><select class=\"wpcf7-form-control wpcf7-select\" aria-invalid=\"false\" name=\"your-subject\"><option value=\"Quiero ser distribuidor\">I want to be a distributor<\/option><option value=\"Presupuesto\">Budget<\/option><option value=\"Consulta\">Consultation<\/option><option value=\"Sugerencia\">Suggestion<\/option><option value=\"Otros\">Others<\/option><\/select><\/span>\n<\/p>\n<p><span class=\"wpcf7-form-control-wrap\" data-name=\"your-message\"><textarea cols=\"40\" rows=\"10\" maxlength=\"2000\" class=\"wpcf7-form-control wpcf7-textarea\" aria-invalid=\"false\" placeholder=\"Message or query\" name=\"your-message\"><\/textarea><\/span>\n<\/p>\n<div style=\"display: flex; align-items: center; gap: 10px;\">\n\t<p><span class=\"wpcf7-form-control-wrap\" data-name=\"privacy-policy\"><span class=\"wpcf7-form-control wpcf7-acceptance\"><span class=\"wpcf7-list-item\"><input type=\"checkbox\" name=\"privacy-policy\" value=\"1\" aria-invalid=\"false\" \/><\/span><\/span><\/span><label for=\"privacy-policy\" style=\"margin-left: 5px;\">I have read and accept the privacy policy.<\/label>\n\t<\/p>\n<\/div>\n<div style=\"display: flex; align-items: center; gap: 10px;\">\n\t<p><span class=\"wpcf7-form-control-wrap\" data-name=\"send-info\"><span class=\"wpcf7-form-control wpcf7-acceptance\"><span class=\"wpcf7-list-item\"><input type=\"checkbox\" name=\"send-info\" value=\"1\" aria-invalid=\"false\" \/><\/span><\/span><\/span><label for=\"send-info\" style=\"margin-left: 5px;\">I agree to receive information.<\/label>\n\t<\/p>\n<\/div>\n<p><input class=\"wpcf7-form-control wpcf7-submit has-spinner\" type=\"submit\" value=\"Send\" \/>\n<\/p><div class=\"wpcf7-response-output\" aria-hidden=\"true\"><\/div>\n<input type=\"hidden\" name=\"trp-form-language\" value=\"en\"\/><\/form>\n<\/div>\n<\/div><\/div>\t\t\t\t<\/div>\n\t\t\t\t<\/div>\n\t\t\t\t\t<\/div>\n\t\t<\/div>\n\t\t\t\t\t<\/div>\n\t\t<\/section>\n\t\t\t\t<div class=\"elementor-element elementor-element-615d68f elementor-widget elementor-widget-text-editor\" data-id=\"615d68f\" data-element_type=\"widget\" data-e-type=\"widget\" data-widget_type=\"text-editor.default\">\n\t\t\t\t<div class=\"elementor-widget-container\">\n\t\t\t\t\t\t\t\t\t<p>Provides fast drying and a glossy finish. For extremely dirty bodies,\u00a0<strong>Dermo SA<\/strong>\u00a0has created\u00a0<strong>Dermocar D Forte, Dermocar D and Dermocar N.<\/strong>\u00a0With great degreasing power, it cleans any surface no matter how dirty it is. And for a perfect finish, we offer you the\u00a0<strong>car cleaning product<\/strong>\u00a0<strong>Dermocar Wax,<\/strong>\u00a0a water-repellent wax that prevents water stains on paint.<\/p><p>But it is not only important to wash the outside of the car, cleaning the inside is equally important.\u00a0<strong>Dermo SA<\/strong>\u00a0has developed the\u00a0<strong>car cleaning products<\/strong>\u00a0<strong>Dermobril<\/strong>\u00a0and\u00a0<strong>LT<\/strong>\u00a0In liquid format it is ideal for the\u00a0<strong>cleaning\u00a0<\/strong>of all the textiles in the car. It respects the fabrics and restores their original colour and appearance.<\/p>\t\t\t\t\t\t\t\t<\/div>\n\t\t\t\t<\/div>\n\t\t\t\t\t<\/div>\n\t\t<\/div>\n\t\t\t\t\t<\/div>\n\t\t<\/section>\n\t\t\t\t<section class=\"elementor-section elementor-top-section elementor-element elementor-element-484f41e elementor-section-full_width elementor-section-height-default elementor-section-height-default elementor-invisible\" data-id=\"484f41e\" data-element_type=\"section\" data-e-type=\"section\" data-settings=\"{&quot;animation&quot;:&quot;slideInUp&quot;}\">\n\t\t\t\t\t\t<div class=\"elementor-container elementor-column-gap-default\">\n\t\t\t\t\t<div class=\"elementor-column elementor-col-100 elementor-top-column elementor-element elementor-element-19948363\" data-id=\"19948363\" data-element_type=\"column\" data-e-type=\"column\">\n\t\t\t<div class=\"elementor-widget-wrap elementor-element-populated\">\n\t\t\t\t\t\t<div class=\"elementor-element elementor-element-339044a4 elementor-widget elementor-widget-google_maps\" data-id=\"339044a4\" data-element_type=\"widget\" data-e-type=\"widget\" data-widget_type=\"google_maps.default\">\n\t\t\t\t<div class=\"elementor-widget-container\">\n\t\t\t\t\t\t\t<div class=\"elementor-custom-embed\">\n\t\t\t<iframe loading=\"lazy\"\n\t\t\t\t\tsrc=\"https:\/\/maps.google.com\/maps?q=C%2F%20Pintor%20Joan%20Miro%2C%2016.%20Pol.%20Ind.%20Can%20Humet%20de%20Dalt%2C%2008213%20Poliny%C3%A0.%20Barcelona&#038;t=m&#038;z=15&#038;output=embed&#038;iwloc=near\"\n\t\t\t\t\ttitle=\"C\/ Pintor Joan Miro, 16. Pol. Ind. Can Humet de Dalt, 08213 Poliny\u00e0. Barcelona\"\n\t\t\t\t\taria-label=\"C\/ Pintor Joan Miro, 16. Pol. Ind. Can Humet de Dalt, 08213 Poliny\u00e0. Barcelona\"\n\t\t\t><\/iframe>\n\t\t<\/div>\n\t\t\t\t\t\t<\/div>\n\t\t\t\t<\/div>\n\t\t\t\t\t<\/div>\n\t\t<\/div>\n\t\t\t\t\t<\/div>\n\t\t<\/section>\n\t\t\t\t<\/div>","protected":false},"excerpt":{"rendered":"<p>Cleaning your car isn&#039;t just a matter of aesthetics; it has a broader purpose, which is to maintain the vehicle&#039;s good condition for longer and extend its useful life. At Dermo SA, we have developed a whole range of car cleaning products so you can preserve its original condition for longer. The accumulation of dust and dirt\u2026&nbsp;<a href=\"https:\/\/dermo.com\/en\/car-cleaning-product\/\" rel=\"bookmark\">Read More \u00bb<span class=\"screen-reader-text\">Car cleaning product<\/span><\/a><\/p>","protected":false},"author":2,"featured_media":0,"parent":0,"menu_order":0,"comment_status":"closed","ping_status":"closed","template":"page-templates\/template-pagebuilder-full-width.php","meta":{"neve_meta_sidebar":"","neve_meta_container":"","neve_meta_enable_content_width":"","neve_meta_content_width":0,"neve_meta_title_alignment":"","neve_meta_author_avatar":"","neve_post_elements_order":"","neve_meta_disable_header":"","neve_meta_disable_footer":"","neve_meta_disable_title":"","footnotes":""},"class_list":["post-13202","page","type-page","status-publish","hentry"],"yoast_head":"<!-- This site is optimized with the Yoast SEO plugin v27.0 - https:\/\/yoast.com\/product\/yoast-seo-wordpress\/ -->\n<title>Producto limpieza de coche - Dermo | F\u00e1brica de detergentes<\/title>\n<meta name=\"robots\" content=\"index, follow, max-snippet:-1, max-image-preview:large, max-video-preview:-1\" \/>\n<link rel=\"canonical\" href=\"https:\/\/dermo.com\/en\/car-cleaning-product\/\" \/>\n<meta property=\"og:locale\" content=\"en_GB\" \/>\n<meta property=\"og:type\" content=\"article\" \/>\n<meta property=\"og:title\" content=\"Producto limpieza de coche - Dermo | F\u00e1brica de detergentes\" \/>\n<meta property=\"og:description\" content=\"Limpiar\u00a0el coche\u00a0no es solo una cuesti\u00f3n de est\u00e9tica, tiene un sentido mayor que es el de mantener por m\u00e1s tiempo el buen estado del veh\u00edculo, alargar su vida \u00fatil. En\u00a0Dermo S.A.\u00a0hemos elaborado toda una serie de\u00a0productos de limpieza de coches\u00a0para que puedas conservar su estado original por m\u00e1s tiempo. La acumulaci\u00f3n de polvo y suciedad&hellip;&nbsp;Read More &raquo;Producto limpieza de coche\" \/>\n<meta property=\"og:url\" content=\"https:\/\/dermo.com\/en\/car-cleaning-product\/\" \/>\n<meta property=\"og:site_name\" content=\"Dermo | F\u00e1brica de detergentes\" \/>\n<meta property=\"article:modified_time\" content=\"2025-02-19T11:27:09+00:00\" \/>\n<meta name=\"twitter:card\" content=\"summary_large_image\" \/>\n<meta name=\"twitter:label1\" content=\"Estimated reading time\" \/>\n\t<meta name=\"twitter:data1\" content=\"2 minutes\" \/>\n<script type=\"application\/ld+json\" class=\"yoast-schema-graph\">{\"@context\":\"https:\/\/schema.org\",\"@graph\":[{\"@type\":\"WebPage\",\"@id\":\"https:\/\/dermo.com\/producto-limpieza-de-coche\/\",\"url\":\"https:\/\/dermo.com\/producto-limpieza-de-coche\/\",\"name\":\"Producto limpieza de coche - Dermo | F\u00e1brica de detergentes\",\"isPartOf\":{\"@id\":\"https:\/\/dermo.com\/#website\"},\"datePublished\":\"2025-01-31T11:54:22+00:00\",\"dateModified\":\"2025-02-19T11:27:09+00:00\",\"breadcrumb\":{\"@id\":\"https:\/\/dermo.com\/producto-limpieza-de-coche\/#breadcrumb\"},\"inLanguage\":\"en-GB\",\"potentialAction\":[{\"@type\":\"ReadAction\",\"target\":[\"https:\/\/dermo.com\/producto-limpieza-de-coche\/\"]}]},{\"@type\":\"BreadcrumbList\",\"@id\":\"https:\/\/dermo.com\/producto-limpieza-de-coche\/#breadcrumb\",\"itemListElement\":[{\"@type\":\"ListItem\",\"position\":1,\"name\":\"Portada\",\"item\":\"https:\/\/dermo.com\/\"},{\"@type\":\"ListItem\",\"position\":2,\"name\":\"Producto limpieza de coche\"}]},{\"@type\":\"WebSite\",\"@id\":\"https:\/\/dermo.com\/#website\",\"url\":\"https:\/\/dermo.com\/\",\"name\":\"Dermo | F\u00e1brica de detergentes\",\"description\":\"Tecnolog\u00eda avanzada, investigaci\u00f3n y desarrollo, respeto por el medio ambiente, competencia, formaci\u00f3n constante y alto nivel de profesionalidad en nuestro equipo humano, empe\u00f1ado en preservar la calidad de vida, la protecci\u00f3n del entorno natural contin\u00faan motiv\u00e1ndonos para desarrollar en nuestros laboratorios nuevos productos con ingredientes activos altamente biodegradables que hacen posible un desarrollo sostenible.\",\"potentialAction\":[{\"@type\":\"SearchAction\",\"target\":{\"@type\":\"EntryPoint\",\"urlTemplate\":\"https:\/\/dermo.com\/?s={search_term_string}\"},\"query-input\":{\"@type\":\"PropertyValueSpecification\",\"valueRequired\":true,\"valueName\":\"search_term_string\"}}],\"inLanguage\":\"en-GB\"}]}<\/script>\n<!-- \/ Yoast SEO plugin. -->","yoast_head_json":{"title":"Car cleaning product - Dermo | Detergent factory","robots":{"index":"index","follow":"follow","max-snippet":"max-snippet:-1","max-image-preview":"max-image-preview:large","max-video-preview":"max-video-preview:-1"},"canonical":"https:\/\/dermo.com\/en\/car-cleaning-product\/","og_locale":"en_GB","og_type":"article","og_title":"Producto limpieza de coche - Dermo | F\u00e1brica de detergentes","og_description":"Limpiar\u00a0el coche\u00a0no es solo una cuesti\u00f3n de est\u00e9tica, tiene un sentido mayor que es el de mantener por m\u00e1s tiempo el buen estado del veh\u00edculo, alargar su vida \u00fatil. En\u00a0Dermo S.A.\u00a0hemos elaborado toda una serie de\u00a0productos de limpieza de coches\u00a0para que puedas conservar su estado original por m\u00e1s tiempo. La acumulaci\u00f3n de polvo y suciedad&hellip;&nbsp;Read More &raquo;Producto limpieza de coche","og_url":"https:\/\/dermo.com\/en\/car-cleaning-product\/","og_site_name":"Dermo | F\u00e1brica de detergentes","article_modified_time":"2025-02-19T11:27:09+00:00","twitter_card":"summary_large_image","twitter_misc":{"Estimated reading time":"2 minutes"},"schema":{"@context":"https:\/\/schema.org","@graph":[{"@type":"WebPage","@id":"https:\/\/dermo.com\/producto-limpieza-de-coche\/","url":"https:\/\/dermo.com\/producto-limpieza-de-coche\/","name":"Car cleaning product - Dermo | Detergent factory","isPartOf":{"@id":"https:\/\/dermo.com\/#website"},"datePublished":"2025-01-31T11:54:22+00:00","dateModified":"2025-02-19T11:27:09+00:00","breadcrumb":{"@id":"https:\/\/dermo.com\/producto-limpieza-de-coche\/#breadcrumb"},"inLanguage":"en-GB","potentialAction":[{"@type":"ReadAction","target":["https:\/\/dermo.com\/producto-limpieza-de-coche\/"]}]},{"@type":"BreadcrumbList","@id":"https:\/\/dermo.com\/producto-limpieza-de-coche\/#breadcrumb","itemListElement":[{"@type":"ListItem","position":1,"name":"Portada","item":"https:\/\/dermo.com\/"},{"@type":"ListItem","position":2,"name":"Producto limpieza de coche"}]},{"@type":"WebSite","@id":"https:\/\/dermo.com\/#website","url":"https:\/\/dermo.com\/","name":"Dermo | detergent factory","description":"Advanced technology, research and development, respect for the environment, competence, constant training and a high level of professionalism in our team, committed to preserving the quality of life and protecting the natural environment, continue to motivate us to develop new products in our laboratories with highly biodegradable active ingredients that make sustainable development possible.","potentialAction":[{"@type":"SearchAction","target":{"@type":"EntryPoint","urlTemplate":"https:\/\/dermo.com\/?s={search_term_string}"},"query-input":{"@type":"PropertyValueSpecification","valueRequired":true,"valueName":"search_term_string"}}],"inLanguage":"en-GB"}]}},"_links":{"self":[{"href":"https:\/\/dermo.com\/en\/wp-json\/wp\/v2\/pages\/13202","targetHints":{"allow":["GET"]}}],"collection":[{"href":"https:\/\/dermo.com\/en\/wp-json\/wp\/v2\/pages"}],"about":[{"href":"https:\/\/dermo.com\/en\/wp-json\/wp\/v2\/types\/page"}],"author":[{"embeddable":true,"href":"https:\/\/dermo.com\/en\/wp-json\/wp\/v2\/users\/2"}],"replies":[{"embeddable":true,"href":"https:\/\/dermo.com\/en\/wp-json\/wp\/v2\/comments?post=13202"}],"version-history":[{"count":7,"href":"https:\/\/dermo.com\/en\/wp-json\/wp\/v2\/pages\/13202\/revisions"}],"predecessor-version":[{"id":13669,"href":"https:\/\/dermo.com\/en\/wp-json\/wp\/v2\/pages\/13202\/revisions\/13669"}],"wp:attachment":[{"href":"https:\/\/dermo.com\/en\/wp-json\/wp\/v2\/media?parent=13202"}],"curies":[{"name":"wp","href":"https:\/\/api.w.org\/{rel}","templated":true}]}}