{"id":14588,"date":"2026-04-19T19:00:36","date_gmt":"2026-04-19T17:00:36","guid":{"rendered":"https:\/\/dermo.com\/?page_id=14588"},"modified":"2026-04-19T20:55:02","modified_gmt":"2026-04-19T18:55:02","slug":"higiene-profesional-sabadell","status":"publish","type":"page","link":"https:\/\/dermo.com\/en\/higiene-profesional-sabadell\/","title":{"rendered":"Higiene profesional Sabadell"},"content":{"rendered":"<div data-elementor-type=\"wp-page\" data-elementor-id=\"14588\" class=\"elementor elementor-14588\" data-elementor-post-type=\"page\">\n\t\t\t\t\t\t<section class=\"elementor-section elementor-top-section elementor-element elementor-element-98a4dec elementor-section-boxed elementor-section-height-default elementor-section-height-default\" data-id=\"98a4dec\" data-element_type=\"section\" data-e-type=\"section\" data-settings=\"{&quot;background_background&quot;:&quot;classic&quot;}\">\n\t\t\t\t\t\t\t<div class=\"elementor-background-overlay\"><\/div>\n\t\t\t\t\t\t\t<div class=\"elementor-container elementor-column-gap-default\">\n\t\t\t\t\t<div class=\"elementor-column elementor-col-100 elementor-top-column elementor-element elementor-element-e1dd055\" data-id=\"e1dd055\" data-element_type=\"column\" data-e-type=\"column\">\n\t\t\t<div class=\"elementor-widget-wrap elementor-element-populated\">\n\t\t\t\t\t\t\t<\/div>\n\t\t<\/div>\n\t\t\t\t\t<\/div>\n\t\t<\/section>\n\t\t\t\t<section class=\"elementor-section elementor-top-section elementor-element elementor-element-2ec8e30 elementor-section-boxed elementor-section-height-default elementor-section-height-default\" data-id=\"2ec8e30\" data-element_type=\"section\" data-e-type=\"section\">\n\t\t\t\t\t\t<div class=\"elementor-container elementor-column-gap-default\">\n\t\t\t\t\t<div class=\"elementor-column elementor-col-100 elementor-top-column elementor-element elementor-element-8c075e9\" data-id=\"8c075e9\" data-element_type=\"column\" data-e-type=\"column\">\n\t\t\t<div class=\"elementor-widget-wrap elementor-element-populated\">\n\t\t\t\t\t\t<section class=\"elementor-section elementor-inner-section elementor-element elementor-element-64bab18 elementor-section-content-middle elementor-section-boxed elementor-section-height-default elementor-section-height-default\" data-id=\"64bab18\" data-element_type=\"section\" data-e-type=\"section\">\n\t\t\t\t\t\t<div class=\"elementor-container elementor-column-gap-default\">\n\t\t\t\t\t<div class=\"elementor-column elementor-col-50 elementor-inner-column elementor-element elementor-element-1517a1f\" data-id=\"1517a1f\" data-element_type=\"column\" data-e-type=\"column\">\n\t\t\t<div class=\"elementor-widget-wrap elementor-element-populated\">\n\t\t\t\t\t\t<div class=\"elementor-element elementor-element-4ecb927 elementor-widget elementor-widget-text-editor\" data-id=\"4ecb927\" data-element_type=\"widget\" data-e-type=\"widget\" data-widget_type=\"text-editor.default\">\n\t\t\t\t<div class=\"elementor-widget-container\">\n\t\t\t\t\t\t\t\t\t<h2 style=\"text-align: left;\" data-section-id=\"tiqf0h\" data-start=\"213\" data-end=\"257\">Higiene profesional Sabadell<\/h2><p data-start=\"259\" data-end=\"731\">The <strong data-start=\"262\" data-end=\"297\">higiene profesional en Sabadell<\/strong> es un elemento clave para empresas que buscan garantizar entornos seguros, cumplir normativas y ofrecer una imagen impecable. Desde centros sanitarios hasta industrias, oficinas o colectividades, mantener est\u00e1ndares elevados de limpieza no es solo una cuesti\u00f3n est\u00e9tica, sino una necesidad operativa. En este contexto, contar con soluciones especializadas y adaptadas a cada actividad permite optimizar recursos y mejorar resultados.<\/p><p data-start=\"733\" data-end=\"1152\">Las empresas se enfrentan a retos espec\u00edficos: alta rotaci\u00f3n de personas, diversidad de superficies y exigencias normativas cada vez m\u00e1s estrictas. Por ello, la <strong>higiene profesional en Sabadell<\/strong> requiere un enfoque integral que combine productos eficaces, protocolos definidos y formaci\u00f3n del personal. No se trata \u00fanicamente de limpiar, sino de aplicar procesos que reduzcan la carga microbiol\u00f3gica y minimicen riesgos.<\/p>\t\t\t\t\t\t\t\t<\/div>\n\t\t\t\t<\/div>\n\t\t\t\t\t<\/div>\n\t\t<\/div>\n\t\t\t\t<div class=\"elementor-column elementor-col-50 elementor-inner-column elementor-element elementor-element-f924105 elementor-invisible\" data-id=\"f924105\" data-element_type=\"column\" data-e-type=\"column\" data-settings=\"{&quot;animation&quot;:&quot;bounceInRight&quot;}\">\n\t\t\t<div class=\"elementor-widget-wrap elementor-element-populated\">\n\t\t\t\t\t\t<div class=\"elementor-element elementor-element-35a13b7 elementor-widget elementor-widget-elementskit-contact-form7\" data-id=\"35a13b7\" data-element_type=\"widget\" data-e-type=\"widget\" data-widget_type=\"elementskit-contact-form7.default\">\n\t\t\t\t<div class=\"elementor-widget-container\">\n\t\t\t\t\t<div class=\"ekit-wid-con\" ><div class=\"ekit-form\">\n<div class=\"wpcf7 no-js\" id=\"wpcf7-f13292-p14588-o1\" lang=\"es-ES\" dir=\"ltr\" data-wpcf7-id=\"13292\">\n<div class=\"screen-reader-response\"><p role=\"status\" aria-live=\"polite\" aria-atomic=\"true\"><\/p> <ul><\/ul><\/div>\n<form action=\"\/en\/higiene-profesional-sabadell\/#wpcf7-f13292-p14588-o1\" method=\"post\" class=\"wpcf7-form init\" aria-label=\"Contact form\" novalidate=\"novalidate\" data-status=\"init\" data-trp-original-action=\"\/higiene-profesional-sabadell\/#wpcf7-f13292-p14588-o1\">\n<fieldset class=\"hidden-fields-container\"><input type=\"hidden\" name=\"_wpcf7\" value=\"13292\" \/><input type=\"hidden\" name=\"_wpcf7_version\" value=\"6.1.5\" \/><input type=\"hidden\" name=\"_wpcf7_locale\" value=\"es_ES\" \/><input type=\"hidden\" name=\"_wpcf7_unit_tag\" value=\"wpcf7-f13292-p14588-o1\" \/><input type=\"hidden\" name=\"_wpcf7_container_post\" value=\"14588\" \/><input type=\"hidden\" name=\"_wpcf7_posted_data_hash\" value=\"\" \/><input type=\"hidden\" name=\"_wpcf7_recaptcha_response\" value=\"\" \/>\n<\/fieldset>\n<div style=\"display: flex; gap: 10px;\">\n\t<div style=\"width: 50%;\">\n\t\t<p><span class=\"wpcf7-form-control-wrap\" data-name=\"your-name\"><input size=\"40\" maxlength=\"400\" class=\"wpcf7-form-control wpcf7-text wpcf7-validates-as-required\" aria-required=\"true\" aria-invalid=\"false\" placeholder=\"Name\" value=\"\" type=\"text\" name=\"your-name\" \/><\/span>\n\t\t<\/p>\n\t<\/div>\n\t<div style=\"width: 50%;\">\n\t\t<p><span class=\"wpcf7-form-control-wrap\" data-name=\"your-phone\"><input size=\"40\" maxlength=\"400\" class=\"wpcf7-form-control wpcf7-tel wpcf7-validates-as-required wpcf7-text wpcf7-validates-as-tel\" aria-required=\"true\" aria-invalid=\"false\" placeholder=\"Phone\" value=\"\" type=\"tel\" name=\"your-phone\" \/><\/span>\n\t\t<\/p>\n\t<\/div>\n<\/div>\n<p><span class=\"wpcf7-form-control-wrap\" data-name=\"your-email\"><input size=\"40\" maxlength=\"400\" class=\"wpcf7-form-control wpcf7-email wpcf7-validates-as-required wpcf7-text wpcf7-validates-as-email\" aria-required=\"true\" aria-invalid=\"false\" placeholder=\"Email\" value=\"\" type=\"email\" name=\"your-email\" \/><\/span>\n<\/p>\n<div style=\"display: flex; gap: 10px;\">\n\t<div style=\"width: 50%;\">\n\t\t<p><span class=\"wpcf7-form-control-wrap\" data-name=\"your-country\"><input size=\"40\" maxlength=\"400\" class=\"wpcf7-form-control wpcf7-text wpcf7-validates-as-required\" aria-required=\"true\" aria-invalid=\"false\" placeholder=\"Country\" value=\"\" type=\"text\" name=\"your-country\" \/><\/span>\n\t\t<\/p>\n\t<\/div>\n\t<div style=\"width: 50%;\">\n\t\t<p><span class=\"wpcf7-form-control-wrap\" data-name=\"your-city\"><input size=\"40\" maxlength=\"400\" class=\"wpcf7-form-control wpcf7-text wpcf7-validates-as-required\" aria-required=\"true\" aria-invalid=\"false\" placeholder=\"Population\" value=\"\" type=\"text\" name=\"your-city\" \/><\/span>\n\t\t<\/p>\n\t<\/div>\n<\/div>\n<p><span class=\"wpcf7-form-control-wrap\" data-name=\"your-subject\"><select class=\"wpcf7-form-control wpcf7-select\" aria-invalid=\"false\" name=\"your-subject\"><option value=\"Quiero ser distribuidor\">I want to be a distributor<\/option><option value=\"Presupuesto\">Budget<\/option><option value=\"Consulta\">Consultation<\/option><option value=\"Sugerencia\">Suggestion<\/option><option value=\"Otros\">Others<\/option><\/select><\/span>\n<\/p>\n<p><span class=\"wpcf7-form-control-wrap\" data-name=\"your-message\"><textarea cols=\"40\" rows=\"10\" maxlength=\"2000\" class=\"wpcf7-form-control wpcf7-textarea\" aria-invalid=\"false\" placeholder=\"Message or query\" name=\"your-message\"><\/textarea><\/span>\n<\/p>\n<div style=\"display: flex; align-items: center; gap: 10px;\">\n\t<p><span class=\"wpcf7-form-control-wrap\" data-name=\"privacy-policy\"><span class=\"wpcf7-form-control wpcf7-acceptance\"><span class=\"wpcf7-list-item\"><input type=\"checkbox\" name=\"privacy-policy\" value=\"1\" aria-invalid=\"false\" \/><\/span><\/span><\/span><label for=\"privacy-policy\" style=\"margin-left: 5px;\">I have read and accept the privacy policy.<\/label>\n\t<\/p>\n<\/div>\n<div style=\"display: flex; align-items: center; gap: 10px;\">\n\t<p><span class=\"wpcf7-form-control-wrap\" data-name=\"send-info\"><span class=\"wpcf7-form-control wpcf7-acceptance\"><span class=\"wpcf7-list-item\"><input type=\"checkbox\" name=\"send-info\" value=\"1\" aria-invalid=\"false\" \/><\/span><\/span><\/span><label for=\"send-info\" style=\"margin-left: 5px;\">I agree to receive information.<\/label>\n\t<\/p>\n<\/div>\n<p><input class=\"wpcf7-form-control wpcf7-submit has-spinner\" type=\"submit\" value=\"Send\" \/>\n<\/p><div class=\"wpcf7-response-output\" aria-hidden=\"true\"><\/div>\n<input type=\"hidden\" name=\"trp-form-language\" value=\"en\"\/><\/form>\n<\/div>\n<\/div><\/div>\t\t\t\t<\/div>\n\t\t\t\t<\/div>\n\t\t\t\t\t<\/div>\n\t\t<\/div>\n\t\t\t\t\t<\/div>\n\t\t<\/section>\n\t\t\t\t<div class=\"elementor-element elementor-element-06571a4 elementor-widget elementor-widget-image\" data-id=\"06571a4\" data-element_type=\"widget\" data-e-type=\"widget\" data-widget_type=\"image.default\">\n\t\t\t\t<div class=\"elementor-widget-container\">\n\t\t\t\t\t\t\t\t\t\t\t\t\t\t\t<img fetchpriority=\"high\" decoding=\"async\" width=\"1024\" height=\"640\" src=\"https:\/\/dermo.com\/wp-content\/uploads\/2026\/03\/productos-de-limpieza-2-1-1024x640.jpg\" class=\"attachment-large size-large wp-image-14510\" alt=\"cleaning products\" srcset=\"https:\/\/dermo.com\/wp-content\/uploads\/2026\/03\/productos-de-limpieza-2-1-1024x640.jpg 1024w, https:\/\/dermo.com\/wp-content\/uploads\/2026\/03\/productos-de-limpieza-2-1-300x188.jpg 300w, https:\/\/dermo.com\/wp-content\/uploads\/2026\/03\/productos-de-limpieza-2-1-768x480.jpg 768w, https:\/\/dermo.com\/wp-content\/uploads\/2026\/03\/productos-de-limpieza-2-1-18x12.jpg 18w, https:\/\/dermo.com\/wp-content\/uploads\/2026\/03\/productos-de-limpieza-2-1-600x375.jpg 600w, https:\/\/dermo.com\/wp-content\/uploads\/2026\/03\/productos-de-limpieza-2-1.jpg 1200w\" sizes=\"(max-width: 1024px) 100vw, 1024px\" \/>\t\t\t\t\t\t\t\t\t\t\t\t\t\t\t<\/div>\n\t\t\t\t<\/div>\n\t\t\t\t<div class=\"elementor-element elementor-element-29d4788 elementor-widget elementor-widget-text-editor\" data-id=\"29d4788\" data-element_type=\"widget\" data-e-type=\"widget\" data-widget_type=\"text-editor.default\">\n\t\t\t\t<div class=\"elementor-widget-container\">\n\t\t\t\t\t\t\t\t\t<h3 data-start=\"1154\" data-end=\"1653\">Productos de higiene profesional para empresas a medida<\/h3><p data-start=\"1154\" data-end=\"1653\">Las soluciones de <strong>higiene profesional en Sabadell<\/strong> incluyen una amplia gama de productos: desde detergentes t\u00e9cnicos hasta desinfectantes de uso espec\u00edfico, pasando por sistemas de dosificaci\u00f3n y formatos adaptados a cada entorno. La clave est\u00e1 en seleccionar productos que ofrezcan eficacia demostrada conforme a normativa, compatibilidad con materiales y facilidad de uso. Adem\u00e1s, disponer de fichas t\u00e9cnicas y de seguridad permite asegurar una correcta aplicaci\u00f3n y cumplir con auditor\u00edas internas o externas.<\/p><p data-start=\"1655\" data-end=\"2168\">Otro factor fundamental es la formaci\u00f3n. El uso adecuado de los productos influye directamente en su eficacia. Aspectos como la dosificaci\u00f3n, el tiempo de contacto o el tipo de aplicaci\u00f3n son determinantes en la <strong>higiene profesional en Sabadell<\/strong>. Por eso, contar con asesoramiento t\u00e9cnico especializado permite implementar protocolos eficaces y adaptados a cada empresa. En Sabadell, apostar por una higiene profesional bien gestionada no solo mejora la seguridad, sino que tambi\u00e9n contribuye a la eficiencia y sostenibilidad de las operaciones diarias.<\/p>\t\t\t\t\t\t\t\t<\/div>\n\t\t\t\t<\/div>\n\t\t\t\t<div class=\"elementor-element elementor-element-e02489f elementor-widget elementor-widget-button\" data-id=\"e02489f\" data-element_type=\"widget\" data-e-type=\"widget\" data-widget_type=\"button.default\">\n\t\t\t\t<div class=\"elementor-widget-container\">\n\t\t\t\t\t\t\t\t\t<div class=\"elementor-button-wrapper\">\n\t\t\t\t\t<a class=\"elementor-button elementor-button-link elementor-size-sm\" href=\"\/en\/contact\/\">\n\t\t\t\t\t\t<span class=\"elementor-button-content-wrapper\">\n\t\t\t\t\t\t\t\t\t<span class=\"elementor-button-text\">Contact us<\/span>\n\t\t\t\t\t<\/span>\n\t\t\t\t\t<\/a>\n\t\t\t\t<\/div>\n\t\t\t\t\t\t\t\t<\/div>\n\t\t\t\t<\/div>\n\t\t\t\t\t<\/div>\n\t\t<\/div>\n\t\t\t\t\t<\/div>\n\t\t<\/section>\n\t\t\t\t<section class=\"elementor-section elementor-top-section elementor-element elementor-element-095470b elementor-section-full_width elementor-section-height-default elementor-section-height-default elementor-invisible\" data-id=\"095470b\" data-element_type=\"section\" data-e-type=\"section\" data-settings=\"{&quot;animation&quot;:&quot;slideInUp&quot;}\">\n\t\t\t\t\t\t<div class=\"elementor-container elementor-column-gap-default\">\n\t\t\t\t\t<div class=\"elementor-column elementor-col-100 elementor-top-column elementor-element elementor-element-4c6a34f\" data-id=\"4c6a34f\" data-element_type=\"column\" data-e-type=\"column\">\n\t\t\t<div class=\"elementor-widget-wrap elementor-element-populated\">\n\t\t\t\t\t\t<div class=\"elementor-element elementor-element-7f4c627 elementor-widget elementor-widget-google_maps\" data-id=\"7f4c627\" data-element_type=\"widget\" data-e-type=\"widget\" data-widget_type=\"google_maps.default\">\n\t\t\t\t<div class=\"elementor-widget-container\">\n\t\t\t\t\t\t\t<div class=\"elementor-custom-embed\">\n\t\t\t<iframe loading=\"lazy\"\n\t\t\t\t\tsrc=\"https:\/\/maps.google.com\/maps?q=C%2F%20Pintor%20Joan%20Miro%2C%2016.%20Pol.%20Ind.%20Can%20Humet%20de%20Dalt%2C%2008213%20Poliny%C3%A0.%20Barcelona&#038;t=m&#038;z=15&#038;output=embed&#038;iwloc=near\"\n\t\t\t\t\ttitle=\"C\/ Pintor Joan Miro, 16. Pol. Ind. Can Humet de Dalt, 08213 Poliny\u00e0. Barcelona\"\n\t\t\t\t\taria-label=\"C\/ Pintor Joan Miro, 16. Pol. Ind. Can Humet de Dalt, 08213 Poliny\u00e0. Barcelona\"\n\t\t\t><\/iframe>\n\t\t<\/div>\n\t\t\t\t\t\t<\/div>\n\t\t\t\t<\/div>\n\t\t\t\t\t<\/div>\n\t\t<\/div>\n\t\t\t\t\t<\/div>\n\t\t<\/section>\n\t\t\t\t<\/div>","protected":false},"excerpt":{"rendered":"<p>Higiene profesional Sabadell La higiene profesional en Sabadell es un elemento clave para empresas que buscan garantizar entornos seguros, cumplir normativas y ofrecer una imagen impecable. Desde centros sanitarios hasta industrias, oficinas o colectividades, mantener est\u00e1ndares elevados de limpieza no es solo una cuesti\u00f3n est\u00e9tica, sino una necesidad operativa. En este contexto, contar con soluciones&hellip;&nbsp;<a href=\"https:\/\/dermo.com\/en\/higiene-profesional-sabadell\/\" rel=\"bookmark\">Read More \u00bb<span class=\"screen-reader-text\">Higiene profesional Sabadell<\/span><\/a><\/p>","protected":false},"author":2,"featured_media":0,"parent":0,"menu_order":0,"comment_status":"closed","ping_status":"closed","template":"page-templates\/template-pagebuilder-full-width.php","meta":{"neve_meta_sidebar":"","neve_meta_container":"","neve_meta_enable_content_width":"","neve_meta_content_width":0,"neve_meta_title_alignment":"","neve_meta_author_avatar":"","neve_post_elements_order":"","neve_meta_disable_header":"","neve_meta_disable_footer":"","neve_meta_disable_title":"","footnotes":""},"class_list":["post-14588","page","type-page","status-publish","hentry"],"yoast_head":"<!-- This site is optimized with the Yoast SEO plugin v27.0 - https:\/\/yoast.com\/product\/yoast-seo-wordpress\/ -->\n<title>Higiene profesional Sabadell<\/title>\n<meta name=\"description\" content=\"Descubre las mejores soluciones de higiene profesional en Sabadell con productos preparados para ser eficientes en cada sector.\" \/>\n<meta name=\"robots\" content=\"index, follow, max-snippet:-1, max-image-preview:large, max-video-preview:-1\" \/>\n<link rel=\"canonical\" href=\"https:\/\/dermo.com\/en\/higiene-profesional-sabadell\/\" \/>\n<meta property=\"og:locale\" content=\"en_GB\" \/>\n<meta property=\"og:type\" content=\"article\" \/>\n<meta property=\"og:title\" content=\"Higiene profesional Sabadell\" \/>\n<meta property=\"og:description\" content=\"Descubre las mejores soluciones de higiene profesional en Sabadell con productos preparados para ser eficientes en cada sector.\" \/>\n<meta property=\"og:url\" content=\"https:\/\/dermo.com\/en\/higiene-profesional-sabadell\/\" \/>\n<meta property=\"og:site_name\" content=\"Dermo | F\u00e1brica de detergentes\" \/>\n<meta property=\"article:modified_time\" content=\"2026-04-19T18:55:02+00:00\" \/>\n<meta property=\"og:image\" content=\"https:\/\/dermo.com\/wp-content\/uploads\/2026\/03\/productos-de-limpieza-2-1-1024x640.jpg\" \/>\n<meta name=\"twitter:card\" content=\"summary_large_image\" \/>\n<meta name=\"twitter:label1\" content=\"Estimated reading time\" \/>\n\t<meta name=\"twitter:data1\" content=\"2 minutes\" \/>\n<script type=\"application\/ld+json\" class=\"yoast-schema-graph\">{\"@context\":\"https:\/\/schema.org\",\"@graph\":[{\"@type\":\"WebPage\",\"@id\":\"https:\/\/dermo.com\/higiene-profesional-sabadell\/\",\"url\":\"https:\/\/dermo.com\/higiene-profesional-sabadell\/\",\"name\":\"Higiene profesional Sabadell\",\"isPartOf\":{\"@id\":\"https:\/\/dermo.com\/#website\"},\"primaryImageOfPage\":{\"@id\":\"https:\/\/dermo.com\/higiene-profesional-sabadell\/#primaryimage\"},\"image\":{\"@id\":\"https:\/\/dermo.com\/higiene-profesional-sabadell\/#primaryimage\"},\"thumbnailUrl\":\"https:\/\/dermo.com\/wp-content\/uploads\/2026\/03\/productos-de-limpieza-2-1-1024x640.jpg\",\"datePublished\":\"2026-04-19T17:00:36+00:00\",\"dateModified\":\"2026-04-19T18:55:02+00:00\",\"description\":\"Descubre las mejores soluciones de higiene profesional en Sabadell con productos preparados para ser eficientes en cada sector.\",\"breadcrumb\":{\"@id\":\"https:\/\/dermo.com\/higiene-profesional-sabadell\/#breadcrumb\"},\"inLanguage\":\"en-GB\",\"potentialAction\":[{\"@type\":\"ReadAction\",\"target\":[\"https:\/\/dermo.com\/higiene-profesional-sabadell\/\"]}]},{\"@type\":\"ImageObject\",\"inLanguage\":\"en-GB\",\"@id\":\"https:\/\/dermo.com\/higiene-profesional-sabadell\/#primaryimage\",\"url\":\"https:\/\/dermo.com\/wp-content\/uploads\/2026\/03\/productos-de-limpieza-2-1-1024x640.jpg\",\"contentUrl\":\"https:\/\/dermo.com\/wp-content\/uploads\/2026\/03\/productos-de-limpieza-2-1-1024x640.jpg\"},{\"@type\":\"BreadcrumbList\",\"@id\":\"https:\/\/dermo.com\/higiene-profesional-sabadell\/#breadcrumb\",\"itemListElement\":[{\"@type\":\"ListItem\",\"position\":1,\"name\":\"Portada\",\"item\":\"https:\/\/dermo.com\/\"},{\"@type\":\"ListItem\",\"position\":2,\"name\":\"Higiene profesional Sabadell\"}]},{\"@type\":\"WebSite\",\"@id\":\"https:\/\/dermo.com\/#website\",\"url\":\"https:\/\/dermo.com\/\",\"name\":\"Dermo | F\u00e1brica de detergentes\",\"description\":\"Tecnolog\u00eda avanzada, investigaci\u00f3n y desarrollo, respeto por el medio ambiente, competencia, formaci\u00f3n constante y alto nivel de profesionalidad en nuestro equipo humano, empe\u00f1ado en preservar la calidad de vida, la protecci\u00f3n del entorno natural contin\u00faan motiv\u00e1ndonos para desarrollar en nuestros laboratorios nuevos productos con ingredientes activos altamente biodegradables que hacen posible un desarrollo sostenible.\",\"potentialAction\":[{\"@type\":\"SearchAction\",\"target\":{\"@type\":\"EntryPoint\",\"urlTemplate\":\"https:\/\/dermo.com\/?s={search_term_string}\"},\"query-input\":{\"@type\":\"PropertyValueSpecification\",\"valueRequired\":true,\"valueName\":\"search_term_string\"}}],\"inLanguage\":\"en-GB\"}]}<\/script>\n<!-- \/ Yoast SEO plugin. -->","yoast_head_json":{"title":"Higiene profesional Sabadell","description":"Descubre las mejores soluciones de higiene profesional en Sabadell con productos preparados para ser eficientes en cada sector.","robots":{"index":"index","follow":"follow","max-snippet":"max-snippet:-1","max-image-preview":"max-image-preview:large","max-video-preview":"max-video-preview:-1"},"canonical":"https:\/\/dermo.com\/en\/higiene-profesional-sabadell\/","og_locale":"en_GB","og_type":"article","og_title":"Higiene profesional Sabadell","og_description":"Descubre las mejores soluciones de higiene profesional en Sabadell con productos preparados para ser eficientes en cada sector.","og_url":"https:\/\/dermo.com\/en\/higiene-profesional-sabadell\/","og_site_name":"Dermo | F\u00e1brica de detergentes","article_modified_time":"2026-04-19T18:55:02+00:00","og_image":[{"url":"https:\/\/dermo.com\/wp-content\/uploads\/2026\/03\/productos-de-limpieza-2-1-1024x640.jpg","type":"","width":"","height":""}],"twitter_card":"summary_large_image","twitter_misc":{"Estimated reading time":"2 minutes"},"schema":{"@context":"https:\/\/schema.org","@graph":[{"@type":"WebPage","@id":"https:\/\/dermo.com\/higiene-profesional-sabadell\/","url":"https:\/\/dermo.com\/higiene-profesional-sabadell\/","name":"Higiene profesional Sabadell","isPartOf":{"@id":"https:\/\/dermo.com\/#website"},"primaryImageOfPage":{"@id":"https:\/\/dermo.com\/higiene-profesional-sabadell\/#primaryimage"},"image":{"@id":"https:\/\/dermo.com\/higiene-profesional-sabadell\/#primaryimage"},"thumbnailUrl":"https:\/\/dermo.com\/wp-content\/uploads\/2026\/03\/productos-de-limpieza-2-1-1024x640.jpg","datePublished":"2026-04-19T17:00:36+00:00","dateModified":"2026-04-19T18:55:02+00:00","description":"Descubre las mejores soluciones de higiene profesional en Sabadell con productos preparados para ser eficientes en cada sector.","breadcrumb":{"@id":"https:\/\/dermo.com\/higiene-profesional-sabadell\/#breadcrumb"},"inLanguage":"en-GB","potentialAction":[{"@type":"ReadAction","target":["https:\/\/dermo.com\/higiene-profesional-sabadell\/"]}]},{"@type":"ImageObject","inLanguage":"en-GB","@id":"https:\/\/dermo.com\/higiene-profesional-sabadell\/#primaryimage","url":"https:\/\/dermo.com\/wp-content\/uploads\/2026\/03\/productos-de-limpieza-2-1-1024x640.jpg","contentUrl":"https:\/\/dermo.com\/wp-content\/uploads\/2026\/03\/productos-de-limpieza-2-1-1024x640.jpg"},{"@type":"BreadcrumbList","@id":"https:\/\/dermo.com\/higiene-profesional-sabadell\/#breadcrumb","itemListElement":[{"@type":"ListItem","position":1,"name":"Portada","item":"https:\/\/dermo.com\/"},{"@type":"ListItem","position":2,"name":"Higiene profesional Sabadell"}]},{"@type":"WebSite","@id":"https:\/\/dermo.com\/#website","url":"https:\/\/dermo.com\/","name":"Dermo | detergent factory","description":"Advanced technology, research and development, respect for the environment, competence, constant training and a high level of professionalism in our team, committed to preserving the quality of life and protecting the natural environment, continue to motivate us to develop new products in our laboratories with highly biodegradable active ingredients that make sustainable development possible.","potentialAction":[{"@type":"SearchAction","target":{"@type":"EntryPoint","urlTemplate":"https:\/\/dermo.com\/?s={search_term_string}"},"query-input":{"@type":"PropertyValueSpecification","valueRequired":true,"valueName":"search_term_string"}}],"inLanguage":"en-GB"}]}},"_links":{"self":[{"href":"https:\/\/dermo.com\/en\/wp-json\/wp\/v2\/pages\/14588","targetHints":{"allow":["GET"]}}],"collection":[{"href":"https:\/\/dermo.com\/en\/wp-json\/wp\/v2\/pages"}],"about":[{"href":"https:\/\/dermo.com\/en\/wp-json\/wp\/v2\/types\/page"}],"author":[{"embeddable":true,"href":"https:\/\/dermo.com\/en\/wp-json\/wp\/v2\/users\/2"}],"replies":[{"embeddable":true,"href":"https:\/\/dermo.com\/en\/wp-json\/wp\/v2\/comments?post=14588"}],"version-history":[{"count":4,"href":"https:\/\/dermo.com\/en\/wp-json\/wp\/v2\/pages\/14588\/revisions"}],"predecessor-version":[{"id":14592,"href":"https:\/\/dermo.com\/en\/wp-json\/wp\/v2\/pages\/14588\/revisions\/14592"}],"wp:attachment":[{"href":"https:\/\/dermo.com\/en\/wp-json\/wp\/v2\/media?parent=14588"}],"curies":[{"name":"wp","href":"https:\/\/api.w.org\/{rel}","templated":true}]}}