{"id":11240,"date":"2024-09-05T09:38:32","date_gmt":"2024-09-05T07:38:32","guid":{"rendered":"https:\/\/dermo.com\/?post_type=product&#038;p=11240"},"modified":"2024-11-14T09:02:55","modified_gmt":"2024-11-14T08:02:55","slug":"d10-one-shot-pure","status":"publish","type":"product","link":"https:\/\/dermo.com\/en\/catalog\/d10-one-shot-pure\/","title":{"rendered":"D10 ONE SHOT PURE"},"content":{"rendered":"<p><strong>FORM OF USE:<\/strong><br \/>\n1. Pour 10 ml into the 750 ml bottle provided with the product.<br \/>\n2. Top up with water and use as recommended on the diluted product label.<\/p>\n<p><strong>OBSERVATION:<\/strong><br \/>\nFor best results, apply with a clean, dry cloth.<\/p>\n<p><strong>TECHNICAL CHARACTERISTICS:<\/strong><br \/>\nAppearance: Clear liquid<br \/>\nOrange<br \/>\nSmell: Lemon<br \/>\npH: 13-14<br \/>\nDensity: 1.00-1.04 g\/cc<\/p>\n<p><strong>PRESENTATION:<\/strong><br \/>\n1000 ml dosing bottles in boxes of 3 units.<\/p>\n<table>\n<tbody>\n<tr>\n<td>FORMAT<\/td>\n<td>1000 ml<\/td>\n<\/tr>\n<tr>\n<td>CODE<\/td>\n<td>COND1001<\/td>\n<\/tr>\n<\/tbody>\n<\/table>","protected":false},"excerpt":{"rendered":"<p>With the ultra-powerful concentration of D10 ONE SHOT PURE, you can remove even the most stubborn grease residue. Ideal for demanding tasks, it provides excellent results with a minimum amount of product.<\/p>\n<table>\n<tbody>\n<tr>\n<td style=\"width: 100%;\">\n<div class=\"video-section\">\n<p class=\"Estndar\"><span lang=\"es\" xml:lang=\"es\"><strong>One Shot Application Videos:<\/strong><\/span><\/p>\n<details>\n<summary>Application Video \u2013 Spanish<\/summary>\n<p><iframe src=\"https:\/\/www.youtube.com\/embed\/lv1X2O-pBlU?rel=0\"><span data-mce-type=\"bookmark\" style=\"display: inline-block; width: 0px; overflow: hidden; line-height: 0;\" class=\"mce_SELRES_start\"><\/span><span data-mce-type=\"bookmark\" style=\"display: inline-block; width: 0px; overflow: hidden; line-height: 0;\" class=\"mce_SELRES_start\"><\/span><\/iframe><\/p>\n<\/details>\n<\/div>\n<\/td>\n<\/tr>\n<\/tbody>\n<\/table>\n<p>&nbsp;<\/p>","protected":false},"featured_media":11416,"template":"","meta":{"neve_meta_sidebar":"","neve_meta_container":"","neve_meta_enable_content_width":"off","neve_meta_content_width":100,"neve_meta_title_alignment":"","neve_meta_author_avatar":"","neve_post_elements_order":"","neve_meta_disable_header":"","neve_meta_disable_footer":"","neve_meta_disable_title":""},"product_brand":[],"product_cat":[1093],"product_tag":[],"class_list":{"0":"post-11240","1":"product","2":"type-product","3":"status-publish","4":"has-post-thumbnail","6":"product_cat-ultra-concentrados","8":"first","9":"instock","10":"shipping-taxable","11":"product-type-simple"},"yoast_head":"<!-- This site is optimized with the Yoast SEO plugin v27.0 - https:\/\/yoast.com\/product\/yoast-seo-wordpress\/ -->\n<title>D10 ONE SHOT PURE - Dermo | F\u00e1brica de detergentes<\/title>\n<meta name=\"robots\" content=\"index, follow, max-snippet:-1, max-image-preview:large, max-video-preview:-1\" \/>\n<link rel=\"canonical\" href=\"https:\/\/dermo.com\/en\/catalog\/d10-one-shot-pure\/\" \/>\n<meta property=\"og:locale\" content=\"en_GB\" \/>\n<meta property=\"og:type\" content=\"article\" \/>\n<meta property=\"og:title\" content=\"D10 ONE SHOT PURE - Dermo | F\u00e1brica de detergentes\" \/>\n<meta property=\"og:description\" content=\"Con la concentraci\u00f3n ultrapotente del D10 ONE SHOT PURE, podr\u00e1s eliminar los restos de grasa m\u00e1s persistentes. Ideal para tareas exigentes, proporciona resultados excelentes con una m\u00ednima cantidad de producto.      V\u00eddeos de aplicaci\u00f3n One Shot:  V\u00eddeo de Aplicaci\u00f3n - Espa\u00f1ol\ufeff\ufeff      &nbsp;\" \/>\n<meta property=\"og:url\" content=\"https:\/\/dermo.com\/en\/catalog\/d10-one-shot-pure\/\" \/>\n<meta property=\"og:site_name\" content=\"Dermo | F\u00e1brica de detergentes\" \/>\n<meta property=\"article:modified_time\" content=\"2024-11-14T08:02:55+00:00\" \/>\n<meta property=\"og:image\" content=\"https:\/\/dermo.com\/wp-content\/uploads\/2024\/09\/D10-ONE-SHOT-PURE-1.jpg\" \/>\n\t<meta property=\"og:image:width\" content=\"768\" \/>\n\t<meta property=\"og:image:height\" content=\"823\" \/>\n\t<meta property=\"og:image:type\" content=\"image\/jpeg\" \/>\n<meta name=\"twitter:card\" content=\"summary_large_image\" \/>\n<meta name=\"twitter:label1\" content=\"Estimated reading time\" \/>\n\t<meta name=\"twitter:data1\" content=\"1 minute\" \/>\n<script type=\"application\/ld+json\" class=\"yoast-schema-graph\">{\"@context\":\"https:\/\/schema.org\",\"@graph\":[{\"@type\":\"WebPage\",\"@id\":\"https:\/\/dermo.com\/catalogo\/d10-one-shot-pure\/\",\"url\":\"https:\/\/dermo.com\/catalogo\/d10-one-shot-pure\/\",\"name\":\"D10 ONE SHOT PURE - Dermo | F\u00e1brica de detergentes\",\"isPartOf\":{\"@id\":\"https:\/\/dermo.com\/#website\"},\"primaryImageOfPage\":{\"@id\":\"https:\/\/dermo.com\/catalogo\/d10-one-shot-pure\/#primaryimage\"},\"image\":{\"@id\":\"https:\/\/dermo.com\/catalogo\/d10-one-shot-pure\/#primaryimage\"},\"thumbnailUrl\":\"https:\/\/dermo.com\/wp-content\/uploads\/2024\/09\/D10-ONE-SHOT-PURE-1.jpg\",\"datePublished\":\"2024-09-05T07:38:32+00:00\",\"dateModified\":\"2024-11-14T08:02:55+00:00\",\"breadcrumb\":{\"@id\":\"https:\/\/dermo.com\/catalogo\/d10-one-shot-pure\/#breadcrumb\"},\"inLanguage\":\"en-GB\",\"potentialAction\":[{\"@type\":\"ReadAction\",\"target\":[\"https:\/\/dermo.com\/catalogo\/d10-one-shot-pure\/\"]}]},{\"@type\":\"ImageObject\",\"inLanguage\":\"en-GB\",\"@id\":\"https:\/\/dermo.com\/catalogo\/d10-one-shot-pure\/#primaryimage\",\"url\":\"https:\/\/dermo.com\/wp-content\/uploads\/2024\/09\/D10-ONE-SHOT-PURE-1.jpg\",\"contentUrl\":\"https:\/\/dermo.com\/wp-content\/uploads\/2024\/09\/D10-ONE-SHOT-PURE-1.jpg\",\"width\":768,\"height\":823},{\"@type\":\"BreadcrumbList\",\"@id\":\"https:\/\/dermo.com\/catalogo\/d10-one-shot-pure\/#breadcrumb\",\"itemListElement\":[{\"@type\":\"ListItem\",\"position\":1,\"name\":\"Portada\",\"item\":\"https:\/\/dermo.com\/\"},{\"@type\":\"ListItem\",\"position\":2,\"name\":\"Tienda\",\"item\":\"https:\/\/dermo.com\/tienda\/\"},{\"@type\":\"ListItem\",\"position\":3,\"name\":\"D10 ONE SHOT PURE\"}]},{\"@type\":\"WebSite\",\"@id\":\"https:\/\/dermo.com\/#website\",\"url\":\"https:\/\/dermo.com\/\",\"name\":\"Dermo | F\u00e1brica de detergentes\",\"description\":\"Tecnolog\u00eda avanzada, investigaci\u00f3n y desarrollo, respeto por el medio ambiente, competencia, formaci\u00f3n constante y alto nivel de profesionalidad en nuestro equipo humano, empe\u00f1ado en preservar la calidad de vida, la protecci\u00f3n del entorno natural contin\u00faan motiv\u00e1ndonos para desarrollar en nuestros laboratorios nuevos productos con ingredientes activos altamente biodegradables que hacen posible un desarrollo sostenible.\",\"potentialAction\":[{\"@type\":\"SearchAction\",\"target\":{\"@type\":\"EntryPoint\",\"urlTemplate\":\"https:\/\/dermo.com\/?s={search_term_string}\"},\"query-input\":{\"@type\":\"PropertyValueSpecification\",\"valueRequired\":true,\"valueName\":\"search_term_string\"}}],\"inLanguage\":\"en-GB\"}]}<\/script>\n<!-- \/ Yoast SEO plugin. -->","yoast_head_json":{"title":"D10 ONE SHOT PURE - Dermo | detergent factory","robots":{"index":"index","follow":"follow","max-snippet":"max-snippet:-1","max-image-preview":"max-image-preview:large","max-video-preview":"max-video-preview:-1"},"canonical":"https:\/\/dermo.com\/en\/catalog\/d10-one-shot-pure\/","og_locale":"en_GB","og_type":"article","og_title":"D10 ONE SHOT PURE - Dermo | F\u00e1brica de detergentes","og_description":"Con la concentraci\u00f3n ultrapotente del D10 ONE SHOT PURE, podr\u00e1s eliminar los restos de grasa m\u00e1s persistentes. Ideal para tareas exigentes, proporciona resultados excelentes con una m\u00ednima cantidad de producto.      V\u00eddeos de aplicaci\u00f3n One Shot:  V\u00eddeo de Aplicaci\u00f3n - Espa\u00f1ol\ufeff\ufeff      &nbsp;","og_url":"https:\/\/dermo.com\/en\/catalog\/d10-one-shot-pure\/","og_site_name":"Dermo | F\u00e1brica de detergentes","article_modified_time":"2024-11-14T08:02:55+00:00","og_image":[{"width":768,"height":823,"url":"https:\/\/dermo.com\/wp-content\/uploads\/2024\/09\/D10-ONE-SHOT-PURE-1.jpg","type":"image\/jpeg"}],"twitter_card":"summary_large_image","twitter_misc":{"Estimated reading time":"1 minute"},"schema":{"@context":"https:\/\/schema.org","@graph":[{"@type":"WebPage","@id":"https:\/\/dermo.com\/catalogo\/d10-one-shot-pure\/","url":"https:\/\/dermo.com\/catalogo\/d10-one-shot-pure\/","name":"D10 ONE SHOT PURE - Dermo | detergent factory","isPartOf":{"@id":"https:\/\/dermo.com\/#website"},"primaryImageOfPage":{"@id":"https:\/\/dermo.com\/catalogo\/d10-one-shot-pure\/#primaryimage"},"image":{"@id":"https:\/\/dermo.com\/catalogo\/d10-one-shot-pure\/#primaryimage"},"thumbnailUrl":"https:\/\/dermo.com\/wp-content\/uploads\/2024\/09\/D10-ONE-SHOT-PURE-1.jpg","datePublished":"2024-09-05T07:38:32+00:00","dateModified":"2024-11-14T08:02:55+00:00","breadcrumb":{"@id":"https:\/\/dermo.com\/catalogo\/d10-one-shot-pure\/#breadcrumb"},"inLanguage":"en-GB","potentialAction":[{"@type":"ReadAction","target":["https:\/\/dermo.com\/catalogo\/d10-one-shot-pure\/"]}]},{"@type":"ImageObject","inLanguage":"en-GB","@id":"https:\/\/dermo.com\/catalogo\/d10-one-shot-pure\/#primaryimage","url":"https:\/\/dermo.com\/wp-content\/uploads\/2024\/09\/D10-ONE-SHOT-PURE-1.jpg","contentUrl":"https:\/\/dermo.com\/wp-content\/uploads\/2024\/09\/D10-ONE-SHOT-PURE-1.jpg","width":768,"height":823},{"@type":"BreadcrumbList","@id":"https:\/\/dermo.com\/catalogo\/d10-one-shot-pure\/#breadcrumb","itemListElement":[{"@type":"ListItem","position":1,"name":"Portada","item":"https:\/\/dermo.com\/"},{"@type":"ListItem","position":2,"name":"Tienda","item":"https:\/\/dermo.com\/tienda\/"},{"@type":"ListItem","position":3,"name":"D10 ONE SHOT PURE"}]},{"@type":"WebSite","@id":"https:\/\/dermo.com\/#website","url":"https:\/\/dermo.com\/","name":"Dermo | detergent factory","description":"Advanced technology, research and development, respect for the environment, competence, constant training and a high level of professionalism in our team, committed to preserving the quality of life and protecting the natural environment, continue to motivate us to develop new products in our laboratories with highly biodegradable active ingredients that make sustainable development possible.","potentialAction":[{"@type":"SearchAction","target":{"@type":"EntryPoint","urlTemplate":"https:\/\/dermo.com\/?s={search_term_string}"},"query-input":{"@type":"PropertyValueSpecification","valueRequired":true,"valueName":"search_term_string"}}],"inLanguage":"en-GB"}]}},"_links":{"self":[{"href":"https:\/\/dermo.com\/en\/wp-json\/wp\/v2\/product\/11240","targetHints":{"allow":["GET"]}}],"collection":[{"href":"https:\/\/dermo.com\/en\/wp-json\/wp\/v2\/product"}],"about":[{"href":"https:\/\/dermo.com\/en\/wp-json\/wp\/v2\/types\/product"}],"wp:featuredmedia":[{"embeddable":true,"href":"https:\/\/dermo.com\/en\/wp-json\/wp\/v2\/media\/11416"}],"wp:attachment":[{"href":"https:\/\/dermo.com\/en\/wp-json\/wp\/v2\/media?parent=11240"}],"wp:term":[{"taxonomy":"product_brand","embeddable":true,"href":"https:\/\/dermo.com\/en\/wp-json\/wp\/v2\/product_brand?post=11240"},{"taxonomy":"product_cat","embeddable":true,"href":"https:\/\/dermo.com\/en\/wp-json\/wp\/v2\/product_cat?post=11240"},{"taxonomy":"product_tag","embeddable":true,"href":"https:\/\/dermo.com\/en\/wp-json\/wp\/v2\/product_tag?post=11240"}],"curies":[{"name":"wp","href":"https:\/\/api.w.org\/{rel}","templated":true}]}}