{"id":11243,"date":"2024-09-05T09:45:42","date_gmt":"2024-09-05T07:45:42","guid":{"rendered":"https:\/\/dermo.com\/?post_type=product&#038;p=11243"},"modified":"2024-11-14T09:20:20","modified_gmt":"2024-11-14T08:20:20","slug":"s10-one-shot-750ml","status":"publish","type":"product","link":"https:\/\/dermo.com\/en\/catalog\/s10-one-shot-750ml\/","title":{"rendered":"S10 ONE SHOT 750ML"},"content":{"rendered":"<p><strong>FORM OF USE:<\/strong><br \/>\n1. Pour 30 ml of S10 ONE SHOT PURE into the 750 ml bottle.<br \/>\n2. Top up with water and use as recommended on the diluted product label.<\/p>\n<p><strong>TECHNICAL CHARACTERISTICS:<\/strong><br \/>\nAppearance: Clear liquid<br \/>\nColor: Green<br \/>\nSmell: Floral<br \/>\npH: 9-11<br \/>\nDensity: 0.90-1.00 g\/cc<\/p>\n<p><strong>PRESENTATION:<\/strong><br \/>\n750 ml dosing bottles in boxes of 6 units.<\/p>\n<table>\n<tbody>\n<tr>\n<td>FORMAT<\/td>\n<td>750 ml<\/td>\n<\/tr>\n<tr>\n<td>CODE<\/td>\n<td>CONS1001<\/td>\n<\/tr>\n<\/tbody>\n<\/table>","protected":false},"excerpt":{"rendered":"<p>S10 ONE SHOT is an ammonia-based multi-purpose cleaner ideal for different surfaces. It offers effective cleaning and leaves a fresh environment with every use.<\/p>\n<table>\n<tbody>\n<tr>\n<td style=\"width: 100%;\">\n<div class=\"video-section\">\n<p class=\"Estndar\"><span lang=\"es\" xml:lang=\"es\"><strong>One Shot Application Videos:<\/strong><\/span><\/p>\n<details>\n<summary>Application Video \u2013 Spanish<\/summary>\n<p><iframe src=\"https:\/\/www.youtube.com\/embed\/PcUQchL8sWY?rel=0\"><span data-mce-type=\"bookmark\" style=\"display: inline-block; width: 0px; overflow: hidden; line-height: 0;\" class=\"mce_SELRES_start\"><\/span><span data-mce-type=\"bookmark\" style=\"display: inline-block; width: 0px; overflow: hidden; line-height: 0;\" class=\"mce_SELRES_start\"><\/span><\/iframe><\/p>\n<\/details>\n<\/div>\n<\/td>\n<\/tr>\n<\/tbody>\n<\/table>","protected":false},"featured_media":11418,"template":"","meta":{"neve_meta_sidebar":"","neve_meta_container":"","neve_meta_enable_content_width":"off","neve_meta_content_width":100,"neve_meta_title_alignment":"","neve_meta_author_avatar":"","neve_post_elements_order":"","neve_meta_disable_header":"","neve_meta_disable_footer":"","neve_meta_disable_title":""},"product_brand":[],"product_cat":[1093],"product_tag":[],"class_list":{"0":"post-11243","1":"product","2":"type-product","3":"status-publish","4":"has-post-thumbnail","6":"product_cat-ultra-concentrados","8":"first","9":"instock","10":"shipping-taxable","11":"product-type-simple"},"yoast_head":"<!-- This site is optimized with the Yoast SEO plugin v27.0 - https:\/\/yoast.com\/product\/yoast-seo-wordpress\/ -->\n<title>S10 ONE SHOT 750ML - Dermo | F\u00e1brica de detergentes<\/title>\n<meta name=\"robots\" content=\"index, follow, max-snippet:-1, max-image-preview:large, max-video-preview:-1\" \/>\n<link rel=\"canonical\" href=\"https:\/\/dermo.com\/en\/catalog\/s10-one-shot-750ml\/\" \/>\n<meta property=\"og:locale\" content=\"en_GB\" \/>\n<meta property=\"og:type\" content=\"article\" \/>\n<meta property=\"og:title\" content=\"S10 ONE SHOT 750ML - Dermo | F\u00e1brica de detergentes\" \/>\n<meta property=\"og:description\" content=\"El S10 ONE SHOT es un limpiador multiusos con amon\u00edaco ideal para diferentes superficies. Ofrece una limpieza efectiva y deja un ambiente fresco con cada uso.      V\u00eddeos de aplicaci\u00f3n One Shot:  V\u00eddeo de Aplicaci\u00f3n - Espa\u00f1ol\ufeff\ufeff\" \/>\n<meta property=\"og:url\" content=\"https:\/\/dermo.com\/en\/catalog\/s10-one-shot-750ml\/\" \/>\n<meta property=\"og:site_name\" content=\"Dermo | F\u00e1brica de detergentes\" \/>\n<meta property=\"article:modified_time\" content=\"2024-11-14T08:20:20+00:00\" \/>\n<meta property=\"og:image\" content=\"https:\/\/dermo.com\/wp-content\/uploads\/2024\/09\/S10-ONE-SHOT-750ML-1.jpg\" \/>\n\t<meta property=\"og:image:width\" content=\"768\" \/>\n\t<meta property=\"og:image:height\" content=\"823\" \/>\n\t<meta property=\"og:image:type\" content=\"image\/jpeg\" \/>\n<meta name=\"twitter:card\" content=\"summary_large_image\" \/>\n<meta name=\"twitter:label1\" content=\"Estimated reading time\" \/>\n\t<meta name=\"twitter:data1\" content=\"1 minute\" \/>\n<script type=\"application\/ld+json\" class=\"yoast-schema-graph\">{\"@context\":\"https:\/\/schema.org\",\"@graph\":[{\"@type\":\"WebPage\",\"@id\":\"https:\/\/dermo.com\/catalogo\/s10-one-shot-750ml\/\",\"url\":\"https:\/\/dermo.com\/catalogo\/s10-one-shot-750ml\/\",\"name\":\"S10 ONE SHOT 750ML - Dermo | F\u00e1brica de detergentes\",\"isPartOf\":{\"@id\":\"https:\/\/dermo.com\/#website\"},\"primaryImageOfPage\":{\"@id\":\"https:\/\/dermo.com\/catalogo\/s10-one-shot-750ml\/#primaryimage\"},\"image\":{\"@id\":\"https:\/\/dermo.com\/catalogo\/s10-one-shot-750ml\/#primaryimage\"},\"thumbnailUrl\":\"https:\/\/dermo.com\/wp-content\/uploads\/2024\/09\/S10-ONE-SHOT-750ML-1.jpg\",\"datePublished\":\"2024-09-05T07:45:42+00:00\",\"dateModified\":\"2024-11-14T08:20:20+00:00\",\"breadcrumb\":{\"@id\":\"https:\/\/dermo.com\/catalogo\/s10-one-shot-750ml\/#breadcrumb\"},\"inLanguage\":\"en-GB\",\"potentialAction\":[{\"@type\":\"ReadAction\",\"target\":[\"https:\/\/dermo.com\/catalogo\/s10-one-shot-750ml\/\"]}]},{\"@type\":\"ImageObject\",\"inLanguage\":\"en-GB\",\"@id\":\"https:\/\/dermo.com\/catalogo\/s10-one-shot-750ml\/#primaryimage\",\"url\":\"https:\/\/dermo.com\/wp-content\/uploads\/2024\/09\/S10-ONE-SHOT-750ML-1.jpg\",\"contentUrl\":\"https:\/\/dermo.com\/wp-content\/uploads\/2024\/09\/S10-ONE-SHOT-750ML-1.jpg\",\"width\":768,\"height\":823},{\"@type\":\"BreadcrumbList\",\"@id\":\"https:\/\/dermo.com\/catalogo\/s10-one-shot-750ml\/#breadcrumb\",\"itemListElement\":[{\"@type\":\"ListItem\",\"position\":1,\"name\":\"Portada\",\"item\":\"https:\/\/dermo.com\/\"},{\"@type\":\"ListItem\",\"position\":2,\"name\":\"Tienda\",\"item\":\"https:\/\/dermo.com\/tienda\/\"},{\"@type\":\"ListItem\",\"position\":3,\"name\":\"S10 ONE SHOT 750ML\"}]},{\"@type\":\"WebSite\",\"@id\":\"https:\/\/dermo.com\/#website\",\"url\":\"https:\/\/dermo.com\/\",\"name\":\"Dermo | F\u00e1brica de detergentes\",\"description\":\"Tecnolog\u00eda avanzada, investigaci\u00f3n y desarrollo, respeto por el medio ambiente, competencia, formaci\u00f3n constante y alto nivel de profesionalidad en nuestro equipo humano, empe\u00f1ado en preservar la calidad de vida, la protecci\u00f3n del entorno natural contin\u00faan motiv\u00e1ndonos para desarrollar en nuestros laboratorios nuevos productos con ingredientes activos altamente biodegradables que hacen posible un desarrollo sostenible.\",\"potentialAction\":[{\"@type\":\"SearchAction\",\"target\":{\"@type\":\"EntryPoint\",\"urlTemplate\":\"https:\/\/dermo.com\/?s={search_term_string}\"},\"query-input\":{\"@type\":\"PropertyValueSpecification\",\"valueRequired\":true,\"valueName\":\"search_term_string\"}}],\"inLanguage\":\"en-GB\"}]}<\/script>\n<!-- \/ Yoast SEO plugin. -->","yoast_head_json":{"title":"S10 ONE SHOT 750ML - Dermo | detergent factory","robots":{"index":"index","follow":"follow","max-snippet":"max-snippet:-1","max-image-preview":"max-image-preview:large","max-video-preview":"max-video-preview:-1"},"canonical":"https:\/\/dermo.com\/en\/catalog\/s10-one-shot-750ml\/","og_locale":"en_GB","og_type":"article","og_title":"S10 ONE SHOT 750ML - Dermo | F\u00e1brica de detergentes","og_description":"El S10 ONE SHOT es un limpiador multiusos con amon\u00edaco ideal para diferentes superficies. Ofrece una limpieza efectiva y deja un ambiente fresco con cada uso.      V\u00eddeos de aplicaci\u00f3n One Shot:  V\u00eddeo de Aplicaci\u00f3n - Espa\u00f1ol\ufeff\ufeff","og_url":"https:\/\/dermo.com\/en\/catalog\/s10-one-shot-750ml\/","og_site_name":"Dermo | F\u00e1brica de detergentes","article_modified_time":"2024-11-14T08:20:20+00:00","og_image":[{"width":768,"height":823,"url":"https:\/\/dermo.com\/wp-content\/uploads\/2024\/09\/S10-ONE-SHOT-750ML-1.jpg","type":"image\/jpeg"}],"twitter_card":"summary_large_image","twitter_misc":{"Estimated reading time":"1 minute"},"schema":{"@context":"https:\/\/schema.org","@graph":[{"@type":"WebPage","@id":"https:\/\/dermo.com\/catalogo\/s10-one-shot-750ml\/","url":"https:\/\/dermo.com\/catalogo\/s10-one-shot-750ml\/","name":"S10 ONE SHOT 750ML - Dermo | detergent factory","isPartOf":{"@id":"https:\/\/dermo.com\/#website"},"primaryImageOfPage":{"@id":"https:\/\/dermo.com\/catalogo\/s10-one-shot-750ml\/#primaryimage"},"image":{"@id":"https:\/\/dermo.com\/catalogo\/s10-one-shot-750ml\/#primaryimage"},"thumbnailUrl":"https:\/\/dermo.com\/wp-content\/uploads\/2024\/09\/S10-ONE-SHOT-750ML-1.jpg","datePublished":"2024-09-05T07:45:42+00:00","dateModified":"2024-11-14T08:20:20+00:00","breadcrumb":{"@id":"https:\/\/dermo.com\/catalogo\/s10-one-shot-750ml\/#breadcrumb"},"inLanguage":"en-GB","potentialAction":[{"@type":"ReadAction","target":["https:\/\/dermo.com\/catalogo\/s10-one-shot-750ml\/"]}]},{"@type":"ImageObject","inLanguage":"en-GB","@id":"https:\/\/dermo.com\/catalogo\/s10-one-shot-750ml\/#primaryimage","url":"https:\/\/dermo.com\/wp-content\/uploads\/2024\/09\/S10-ONE-SHOT-750ML-1.jpg","contentUrl":"https:\/\/dermo.com\/wp-content\/uploads\/2024\/09\/S10-ONE-SHOT-750ML-1.jpg","width":768,"height":823},{"@type":"BreadcrumbList","@id":"https:\/\/dermo.com\/catalogo\/s10-one-shot-750ml\/#breadcrumb","itemListElement":[{"@type":"ListItem","position":1,"name":"Portada","item":"https:\/\/dermo.com\/"},{"@type":"ListItem","position":2,"name":"Tienda","item":"https:\/\/dermo.com\/tienda\/"},{"@type":"ListItem","position":3,"name":"S10 ONE SHOT 750ML"}]},{"@type":"WebSite","@id":"https:\/\/dermo.com\/#website","url":"https:\/\/dermo.com\/","name":"Dermo | detergent factory","description":"Advanced technology, research and development, respect for the environment, competence, constant training and a high level of professionalism in our team, committed to preserving the quality of life and protecting the natural environment, continue to motivate us to develop new products in our laboratories with highly biodegradable active ingredients that make sustainable development possible.","potentialAction":[{"@type":"SearchAction","target":{"@type":"EntryPoint","urlTemplate":"https:\/\/dermo.com\/?s={search_term_string}"},"query-input":{"@type":"PropertyValueSpecification","valueRequired":true,"valueName":"search_term_string"}}],"inLanguage":"en-GB"}]}},"_links":{"self":[{"href":"https:\/\/dermo.com\/en\/wp-json\/wp\/v2\/product\/11243","targetHints":{"allow":["GET"]}}],"collection":[{"href":"https:\/\/dermo.com\/en\/wp-json\/wp\/v2\/product"}],"about":[{"href":"https:\/\/dermo.com\/en\/wp-json\/wp\/v2\/types\/product"}],"wp:featuredmedia":[{"embeddable":true,"href":"https:\/\/dermo.com\/en\/wp-json\/wp\/v2\/media\/11418"}],"wp:attachment":[{"href":"https:\/\/dermo.com\/en\/wp-json\/wp\/v2\/media?parent=11243"}],"wp:term":[{"taxonomy":"product_brand","embeddable":true,"href":"https:\/\/dermo.com\/en\/wp-json\/wp\/v2\/product_brand?post=11243"},{"taxonomy":"product_cat","embeddable":true,"href":"https:\/\/dermo.com\/en\/wp-json\/wp\/v2\/product_cat?post=11243"},{"taxonomy":"product_tag","embeddable":true,"href":"https:\/\/dermo.com\/en\/wp-json\/wp\/v2\/product_tag?post=11243"}],"curies":[{"name":"wp","href":"https:\/\/api.w.org\/{rel}","templated":true}]}}