{"id":2569,"date":"2015-05-18T14:01:21","date_gmt":"2015-05-18T14:01:21","guid":{"rendered":"https:\/\/dermo.ultbit.com\/producto\/diamant\/"},"modified":"2025-04-01T13:07:48","modified_gmt":"2025-04-01T11:07:48","slug":"diamond","status":"publish","type":"product","link":"https:\/\/dermo.com\/en\/catalog\/diamond\/","title":{"rendered":"Diamant. Hand dishwasher"},"content":{"rendered":"<p><strong>FORM OF USE:<\/strong><br \/>\nDose Diamant dircetly on a mop or sponge, or directly on the water of kitchen sink.<\/p>\n<p><strong>TECHNICAL CHARACTERISTICS<\/strong><br \/>\nAspect: Thick Liquid.<br \/>\nColor: Green.<br \/>\nSmell: Perfume.<br \/>\nPure pH: 6.2 \u2013 7.2<br \/>\nSolubility: Water soluble.<br \/>\nConcentration in active substance: 13 -16%<\/p>\n<p><strong>COMPOSITION<\/strong><br \/>\nAnionic surfactants, neutralizer, thickener, perfume, colorant and preservative.<\/p>\n<p><strong>PRESENTATION<\/strong><br \/>\nPlastic containers:<\/p>\n<table style=\"border-collapse: collapse; width: 96pt;\" border=\"0\" width=\"128\" cellspacing=\"0\" cellpadding=\"0\">\n<tbody>\n<tr style=\"height: 30.0pt;\">\n<td style=\"height: 30.0pt; width: 48pt;\" width=\"64\" height=\"40\">FORMAT<\/td>\n<td style=\"width: 48pt;\" width=\"64\">5 kg<\/td>\n<\/tr>\n<tr style=\"height: 30.0pt;\">\n<td style=\"height: 30.0pt;\" height=\"40\">CODE<\/td>\n<td>003DAY05<\/td>\n<\/tr>\n<\/tbody>\n<\/table>\n<p>&nbsp;<\/p>\n<p><strong>SAFETY \/ TOXICOLOGY<\/strong><br \/>\nCauses serious eye irritation. Keep out of reach of children. In case of accident,<br \/>\nconsult the Medical Toxicology Information Service. Tel.: 915 620 420.<\/p>\n<p><strong>ADDITIONAL INFORMATION<\/strong><br \/>\nINDUSTRIAL PRODUCT. PROFESSIONAL USE.<\/p>","protected":false},"excerpt":{"rendered":"<h3><\/h3>\n<p class=\"Estndar\">General-purpose hand-held dishwasher for glassware, cookware, cutlery, pots, and similar utensils. Removes grease and food residue, leaving a streak-free shine.<\/p>","protected":false},"featured_media":4001,"template":"","meta":{"neve_meta_sidebar":"","neve_meta_container":"","neve_meta_enable_content_width":"off","neve_meta_content_width":100,"neve_meta_title_alignment":"","neve_meta_author_avatar":"","neve_post_elements_order":"","neve_meta_disable_header":"","neve_meta_disable_footer":"","neve_meta_disable_title":""},"product_brand":[],"product_cat":[1095,372,370,371,374],"product_tag":[],"class_list":{"0":"post-2569","1":"product","2":"type-product","3":"status-publish","4":"has-post-thumbnail","6":"product_cat-escuelas-sectores","7":"product_cat-geriatricos","8":"product_cat-hoteles","9":"product_cat-lavavajillas-manual","10":"product_cat-restauracion","12":"first","13":"instock","14":"shipping-taxable","15":"product-type-simple"},"yoast_head":"<!-- This site is optimized with the Yoast SEO plugin v27.0 - https:\/\/yoast.com\/product\/yoast-seo-wordpress\/ -->\n<title>Diamant. Lavavajillas manual - Dermo | F\u00e1brica de detergentes<\/title>\n<meta name=\"robots\" content=\"index, follow, max-snippet:-1, max-image-preview:large, max-video-preview:-1\" \/>\n<link rel=\"canonical\" href=\"https:\/\/dermo.com\/en\/catalog\/diamond\/\" \/>\n<meta property=\"og:locale\" content=\"en_GB\" \/>\n<meta property=\"og:type\" content=\"article\" \/>\n<meta property=\"og:title\" content=\"Diamant. Lavavajillas manual - Dermo | F\u00e1brica de detergentes\" \/>\n<meta property=\"og:description\" content=\"Lavavajillas manual de uso general para cristaler\u00edas, bater\u00edas de cocina, cuberter\u00edas, ollas y utensilios similares. Elimina la grasa y los restos de comida dejando brillo sin marcas.\" \/>\n<meta property=\"og:url\" content=\"https:\/\/dermo.com\/en\/catalog\/diamond\/\" \/>\n<meta property=\"og:site_name\" content=\"Dermo | F\u00e1brica de detergentes\" \/>\n<meta property=\"article:modified_time\" content=\"2025-04-01T11:07:48+00:00\" \/>\n<meta property=\"og:image\" content=\"https:\/\/dermo.com\/wp-content\/uploads\/2015\/05\/DL-21-Acibac-36.png\" \/>\n\t<meta property=\"og:image:width\" content=\"768\" \/>\n\t<meta property=\"og:image:height\" content=\"823\" \/>\n\t<meta property=\"og:image:type\" content=\"image\/png\" \/>\n<meta name=\"twitter:card\" content=\"summary_large_image\" \/>\n<meta name=\"twitter:label1\" content=\"Estimated reading time\" \/>\n\t<meta name=\"twitter:data1\" content=\"1 minute\" \/>\n<script type=\"application\/ld+json\" class=\"yoast-schema-graph\">{\"@context\":\"https:\/\/schema.org\",\"@graph\":[{\"@type\":\"WebPage\",\"@id\":\"https:\/\/dermo.com\/catalogo\/diamant\/\",\"url\":\"https:\/\/dermo.com\/catalogo\/diamant\/\",\"name\":\"Diamant. Lavavajillas manual - Dermo | F\u00e1brica de detergentes\",\"isPartOf\":{\"@id\":\"https:\/\/dermo.com\/#website\"},\"primaryImageOfPage\":{\"@id\":\"https:\/\/dermo.com\/catalogo\/diamant\/#primaryimage\"},\"image\":{\"@id\":\"https:\/\/dermo.com\/catalogo\/diamant\/#primaryimage\"},\"thumbnailUrl\":\"https:\/\/dermo.com\/wp-content\/uploads\/2015\/05\/DL-21-Acibac-36.png\",\"datePublished\":\"2015-05-18T14:01:21+00:00\",\"dateModified\":\"2025-04-01T11:07:48+00:00\",\"breadcrumb\":{\"@id\":\"https:\/\/dermo.com\/catalogo\/diamant\/#breadcrumb\"},\"inLanguage\":\"en-GB\",\"potentialAction\":[{\"@type\":\"ReadAction\",\"target\":[\"https:\/\/dermo.com\/catalogo\/diamant\/\"]}]},{\"@type\":\"ImageObject\",\"inLanguage\":\"en-GB\",\"@id\":\"https:\/\/dermo.com\/catalogo\/diamant\/#primaryimage\",\"url\":\"https:\/\/dermo.com\/wp-content\/uploads\/2015\/05\/DL-21-Acibac-36.png\",\"contentUrl\":\"https:\/\/dermo.com\/wp-content\/uploads\/2015\/05\/DL-21-Acibac-36.png\",\"width\":768,\"height\":823},{\"@type\":\"BreadcrumbList\",\"@id\":\"https:\/\/dermo.com\/catalogo\/diamant\/#breadcrumb\",\"itemListElement\":[{\"@type\":\"ListItem\",\"position\":1,\"name\":\"Portada\",\"item\":\"https:\/\/dermo.com\/\"},{\"@type\":\"ListItem\",\"position\":2,\"name\":\"Tienda\",\"item\":\"https:\/\/dermo.com\/tienda\/\"},{\"@type\":\"ListItem\",\"position\":3,\"name\":\"Diamant. Lavavajillas manual\"}]},{\"@type\":\"WebSite\",\"@id\":\"https:\/\/dermo.com\/#website\",\"url\":\"https:\/\/dermo.com\/\",\"name\":\"Dermo | F\u00e1brica de detergentes\",\"description\":\"Tecnolog\u00eda avanzada, investigaci\u00f3n y desarrollo, respeto por el medio ambiente, competencia, formaci\u00f3n constante y alto nivel de profesionalidad en nuestro equipo humano, empe\u00f1ado en preservar la calidad de vida, la protecci\u00f3n del entorno natural contin\u00faan motiv\u00e1ndonos para desarrollar en nuestros laboratorios nuevos productos con ingredientes activos altamente biodegradables que hacen posible un desarrollo sostenible.\",\"potentialAction\":[{\"@type\":\"SearchAction\",\"target\":{\"@type\":\"EntryPoint\",\"urlTemplate\":\"https:\/\/dermo.com\/?s={search_term_string}\"},\"query-input\":{\"@type\":\"PropertyValueSpecification\",\"valueRequired\":true,\"valueName\":\"search_term_string\"}}],\"inLanguage\":\"en-GB\"}]}<\/script>\n<!-- \/ Yoast SEO plugin. -->","yoast_head_json":{"title":"Diamond. Manual dishwasher - Dermo | Detergent factory","robots":{"index":"index","follow":"follow","max-snippet":"max-snippet:-1","max-image-preview":"max-image-preview:large","max-video-preview":"max-video-preview:-1"},"canonical":"https:\/\/dermo.com\/en\/catalog\/diamond\/","og_locale":"en_GB","og_type":"article","og_title":"Diamant. Lavavajillas manual - Dermo | F\u00e1brica de detergentes","og_description":"Lavavajillas manual de uso general para cristaler\u00edas, bater\u00edas de cocina, cuberter\u00edas, ollas y utensilios similares. Elimina la grasa y los restos de comida dejando brillo sin marcas.","og_url":"https:\/\/dermo.com\/en\/catalog\/diamond\/","og_site_name":"Dermo | F\u00e1brica de detergentes","article_modified_time":"2025-04-01T11:07:48+00:00","og_image":[{"width":768,"height":823,"url":"https:\/\/dermo.com\/wp-content\/uploads\/2015\/05\/DL-21-Acibac-36.png","type":"image\/png"}],"twitter_card":"summary_large_image","twitter_misc":{"Estimated reading time":"1 minute"},"schema":{"@context":"https:\/\/schema.org","@graph":[{"@type":"WebPage","@id":"https:\/\/dermo.com\/catalogo\/diamant\/","url":"https:\/\/dermo.com\/catalogo\/diamant\/","name":"Diamond. Manual dishwasher - Dermo | Detergent factory","isPartOf":{"@id":"https:\/\/dermo.com\/#website"},"primaryImageOfPage":{"@id":"https:\/\/dermo.com\/catalogo\/diamant\/#primaryimage"},"image":{"@id":"https:\/\/dermo.com\/catalogo\/diamant\/#primaryimage"},"thumbnailUrl":"https:\/\/dermo.com\/wp-content\/uploads\/2015\/05\/DL-21-Acibac-36.png","datePublished":"2015-05-18T14:01:21+00:00","dateModified":"2025-04-01T11:07:48+00:00","breadcrumb":{"@id":"https:\/\/dermo.com\/catalogo\/diamant\/#breadcrumb"},"inLanguage":"en-GB","potentialAction":[{"@type":"ReadAction","target":["https:\/\/dermo.com\/catalogo\/diamant\/"]}]},{"@type":"ImageObject","inLanguage":"en-GB","@id":"https:\/\/dermo.com\/catalogo\/diamant\/#primaryimage","url":"https:\/\/dermo.com\/wp-content\/uploads\/2015\/05\/DL-21-Acibac-36.png","contentUrl":"https:\/\/dermo.com\/wp-content\/uploads\/2015\/05\/DL-21-Acibac-36.png","width":768,"height":823},{"@type":"BreadcrumbList","@id":"https:\/\/dermo.com\/catalogo\/diamant\/#breadcrumb","itemListElement":[{"@type":"ListItem","position":1,"name":"Portada","item":"https:\/\/dermo.com\/"},{"@type":"ListItem","position":2,"name":"Tienda","item":"https:\/\/dermo.com\/tienda\/"},{"@type":"ListItem","position":3,"name":"Diamant. Lavavajillas manual"}]},{"@type":"WebSite","@id":"https:\/\/dermo.com\/#website","url":"https:\/\/dermo.com\/","name":"Dermo | detergent factory","description":"Advanced technology, research and development, respect for the environment, competence, constant training and a high level of professionalism in our team, committed to preserving the quality of life and protecting the natural environment, continue to motivate us to develop new products in our laboratories with highly biodegradable active ingredients that make sustainable development possible.","potentialAction":[{"@type":"SearchAction","target":{"@type":"EntryPoint","urlTemplate":"https:\/\/dermo.com\/?s={search_term_string}"},"query-input":{"@type":"PropertyValueSpecification","valueRequired":true,"valueName":"search_term_string"}}],"inLanguage":"en-GB"}]}},"_links":{"self":[{"href":"https:\/\/dermo.com\/en\/wp-json\/wp\/v2\/product\/2569","targetHints":{"allow":["GET"]}}],"collection":[{"href":"https:\/\/dermo.com\/en\/wp-json\/wp\/v2\/product"}],"about":[{"href":"https:\/\/dermo.com\/en\/wp-json\/wp\/v2\/types\/product"}],"wp:featuredmedia":[{"embeddable":true,"href":"https:\/\/dermo.com\/en\/wp-json\/wp\/v2\/media\/4001"}],"wp:attachment":[{"href":"https:\/\/dermo.com\/en\/wp-json\/wp\/v2\/media?parent=2569"}],"wp:term":[{"taxonomy":"product_brand","embeddable":true,"href":"https:\/\/dermo.com\/en\/wp-json\/wp\/v2\/product_brand?post=2569"},{"taxonomy":"product_cat","embeddable":true,"href":"https:\/\/dermo.com\/en\/wp-json\/wp\/v2\/product_cat?post=2569"},{"taxonomy":"product_tag","embeddable":true,"href":"https:\/\/dermo.com\/en\/wp-json\/wp\/v2\/product_tag?post=2569"}],"curies":[{"name":"wp","href":"https:\/\/api.w.org\/{rel}","templated":true}]}}