{"id":2599,"date":"2015-07-27T16:41:17","date_gmt":"2015-07-27T16:41:17","guid":{"rendered":"https:\/\/dermo.ultbit.com\/producto\/audaz-high-foam\/"},"modified":"2025-03-17T10:42:56","modified_gmt":"2025-03-17T09:42:56","slug":"bold-high-foam","status":"publish","type":"product","link":"https:\/\/dermo.com\/en\/catalog\/bold-high-foam\/","title":{"rendered":"Audaz High Foam. Degreaser for Vertical Surfaces"},"content":{"rendered":"<p><strong>FORM OF USE:<\/strong><br \/>\nUse undiluted in spray. Spray on surface to be cleaned and leave as long as as required depending on the dirt to clean. Then, wipe with a sponge mop or cloth.<br \/>\nNote: Use carefully on painted surfaces and aluminium.<\/p>\n<p><strong>TECHNICAL CHARACTERISTICS<\/strong><br \/>\nAspect: Thick Liquid.<br \/>\nOrange.<br \/>\nSmell: Characteristic.<br \/>\npH (10% in water): 12.5 \u2013 13.5<br \/>\nConcentration in active substance: 9 \u2013 11%<br \/>\nNote: Viscosity may vary due to product thixotropy.<\/p>\n<p><strong>COMPOSITION<\/strong><br \/>\nAnionic and nonionic surfactants, sequestrants, rheology modifiers, caustics, emulsifiers and<br \/>\ndye.<\/p>\n<p><strong>PRESENTATION<\/strong><br \/>\nPlastic containers:<\/p>\n<table>\n<tbody>\n<tr>\n<td>FORMAT<\/td>\n<td>\u00a0 \u00a0 \u00a0 \u00a0 \u00a01 kg<\/td>\n<td>\u00a0 \u00a0 \u00a0 \u00a05 kg<\/td>\n<\/tr>\n<tr>\n<td>CODE<\/td>\n<td>\u00a0 \u00a0 \u00a0 004AER01<\/td>\n<td>\u00a0 \u00a0 004AER05<\/td>\n<\/tr>\n<\/tbody>\n<\/table>\n<p><strong>SAFETY \/ TOXICOLOGY<\/strong><br \/>\nCauses severe skin burns and eye damage. Keep out of reach of children.<br \/>\nIn case of accident, consult the Medical Toxicology Information Service, Tel. 915 620 420.<\/p>\n<p><strong>ADDITIONAL INFORMATION<\/strong><br \/>\nINDUSTRIAL PRODUCT. PROFESSIONAL USE.<\/p>\n<p>&nbsp;<\/p>","protected":false},"excerpt":{"rendered":"<h3>Audaz High Foam<\/h3>\n<p class=\"Estndar\">Due to its special formulation, produces foam that adheres to grease without dripping.<br \/>\nSpecially formulated to degrease all types of vertical surfaces, due to its special composition, it produces a foam that adheres permanently to vertical surfaces without dripping, a characteristic that gives it its great effectiveness.<\/p>\n<table>\n<tbody>\n<tr>\n<td style=\"width: 100%;\">\n<div class=\"video-section\">\n<p class=\"Estndar\"><span lang=\"es\" xml:lang=\"es\"><strong>Audaz Degreaser Application Videos:<\/strong><\/span><\/p>\n<details>\n<summary>Application Video \u2013 Spanish<\/summary>\n<p><iframe src=\"https:\/\/www.youtube.com\/embed\/H6RI-bS6Xcw?rel=0\"><\/iframe><\/p>\n<\/details>\n<\/div>\n<\/td>\n<\/tr>\n<\/tbody>\n<\/table>","protected":false},"featured_media":2598,"template":"","meta":{"neve_meta_sidebar":"","neve_meta_container":"","neve_meta_enable_content_width":"off","neve_meta_content_width":100,"neve_meta_title_alignment":"","neve_meta_author_avatar":"","neve_post_elements_order":"","neve_meta_disable_header":"","neve_meta_disable_footer":"","neve_meta_disable_title":""},"product_brand":[],"product_cat":[383],"product_tag":[],"class_list":{"0":"post-2599","1":"product","2":"type-product","3":"status-publish","4":"has-post-thumbnail","6":"product_cat-desengrasantes","8":"first","9":"instock","10":"shipping-taxable","11":"product-type-simple"},"yoast_head":"<!-- This site is optimized with the Yoast SEO plugin v27.0 - https:\/\/yoast.com\/product\/yoast-seo-wordpress\/ -->\n<title>Audaz High Foam. Desengrasante Superficies Verticales - Dermo | F\u00e1brica de detergentes<\/title>\n<meta name=\"robots\" content=\"index, follow, max-snippet:-1, max-image-preview:large, max-video-preview:-1\" \/>\n<link rel=\"canonical\" href=\"https:\/\/dermo.com\/en\/catalog\/bold-high-foam\/\" \/>\n<meta property=\"og:locale\" content=\"en_GB\" \/>\n<meta property=\"og:type\" content=\"article\" \/>\n<meta property=\"og:title\" content=\"Audaz High Foam. Desengrasante Superficies Verticales - Dermo | F\u00e1brica de detergentes\" \/>\n<meta property=\"og:description\" content=\"Audaz High Foam Desengrasante tixopr\u00f3pico de gran poder emulsionante, altamente eficaz para disolver las grasas y suciedades, en superficies verticales y de complicado y dif\u00edcil acceso. Formulado especialmente para desengrasar todo tipo de superf\u00edcies verticales, debido a su especial composici\u00f3n, produce una espuma que se adhiere permanentemente a las superf\u00edcies verticales sin chorrear, caracter\u00edstica que le confiere su gran eficacia.       V\u00eddeos de Aplicaci\u00f3n Desengrasantes Audaz:  V\u00eddeo de Aplicaci\u00f3n - Espa\u00f1ol\" \/>\n<meta property=\"og:url\" content=\"https:\/\/dermo.com\/en\/catalog\/bold-high-foam\/\" \/>\n<meta property=\"og:site_name\" content=\"Dermo | F\u00e1brica de detergentes\" \/>\n<meta property=\"article:modified_time\" content=\"2025-03-17T09:42:56+00:00\" \/>\n<meta property=\"og:image\" content=\"https:\/\/dermo.com\/wp-content\/uploads\/2015\/07\/73-Audaz-High-Foam.-Desengrasante-superficies-verticales.jpg\" \/>\n\t<meta property=\"og:image:width\" content=\"768\" \/>\n\t<meta property=\"og:image:height\" content=\"823\" \/>\n\t<meta property=\"og:image:type\" content=\"image\/jpeg\" \/>\n<meta name=\"twitter:card\" content=\"summary_large_image\" \/>\n<meta name=\"twitter:label1\" content=\"Estimated reading time\" \/>\n\t<meta name=\"twitter:data1\" content=\"1 minute\" \/>\n<script type=\"application\/ld+json\" class=\"yoast-schema-graph\">{\"@context\":\"https:\/\/schema.org\",\"@graph\":[{\"@type\":\"WebPage\",\"@id\":\"https:\/\/dermo.com\/catalogo\/audaz-high-foam\/\",\"url\":\"https:\/\/dermo.com\/catalogo\/audaz-high-foam\/\",\"name\":\"Audaz High Foam. Desengrasante Superficies Verticales - Dermo | F\u00e1brica de detergentes\",\"isPartOf\":{\"@id\":\"https:\/\/dermo.com\/#website\"},\"primaryImageOfPage\":{\"@id\":\"https:\/\/dermo.com\/catalogo\/audaz-high-foam\/#primaryimage\"},\"image\":{\"@id\":\"https:\/\/dermo.com\/catalogo\/audaz-high-foam\/#primaryimage\"},\"thumbnailUrl\":\"https:\/\/dermo.com\/wp-content\/uploads\/2015\/07\/73-Audaz-High-Foam.-Desengrasante-superficies-verticales.jpg\",\"datePublished\":\"2015-07-27T16:41:17+00:00\",\"dateModified\":\"2025-03-17T09:42:56+00:00\",\"breadcrumb\":{\"@id\":\"https:\/\/dermo.com\/catalogo\/audaz-high-foam\/#breadcrumb\"},\"inLanguage\":\"en-GB\",\"potentialAction\":[{\"@type\":\"ReadAction\",\"target\":[\"https:\/\/dermo.com\/catalogo\/audaz-high-foam\/\"]}]},{\"@type\":\"ImageObject\",\"inLanguage\":\"en-GB\",\"@id\":\"https:\/\/dermo.com\/catalogo\/audaz-high-foam\/#primaryimage\",\"url\":\"https:\/\/dermo.com\/wp-content\/uploads\/2015\/07\/73-Audaz-High-Foam.-Desengrasante-superficies-verticales.jpg\",\"contentUrl\":\"https:\/\/dermo.com\/wp-content\/uploads\/2015\/07\/73-Audaz-High-Foam.-Desengrasante-superficies-verticales.jpg\",\"width\":768,\"height\":823,\"caption\":\"Audaz High Foam. Desengrasante superf\u00edcies verticales\"},{\"@type\":\"BreadcrumbList\",\"@id\":\"https:\/\/dermo.com\/catalogo\/audaz-high-foam\/#breadcrumb\",\"itemListElement\":[{\"@type\":\"ListItem\",\"position\":1,\"name\":\"Portada\",\"item\":\"https:\/\/dermo.com\/\"},{\"@type\":\"ListItem\",\"position\":2,\"name\":\"Tienda\",\"item\":\"https:\/\/dermo.com\/tienda\/\"},{\"@type\":\"ListItem\",\"position\":3,\"name\":\"Audaz High Foam. Desengrasante Superficies Verticales\"}]},{\"@type\":\"WebSite\",\"@id\":\"https:\/\/dermo.com\/#website\",\"url\":\"https:\/\/dermo.com\/\",\"name\":\"Dermo | F\u00e1brica de detergentes\",\"description\":\"Tecnolog\u00eda avanzada, investigaci\u00f3n y desarrollo, respeto por el medio ambiente, competencia, formaci\u00f3n constante y alto nivel de profesionalidad en nuestro equipo humano, empe\u00f1ado en preservar la calidad de vida, la protecci\u00f3n del entorno natural contin\u00faan motiv\u00e1ndonos para desarrollar en nuestros laboratorios nuevos productos con ingredientes activos altamente biodegradables que hacen posible un desarrollo sostenible.\",\"potentialAction\":[{\"@type\":\"SearchAction\",\"target\":{\"@type\":\"EntryPoint\",\"urlTemplate\":\"https:\/\/dermo.com\/?s={search_term_string}\"},\"query-input\":{\"@type\":\"PropertyValueSpecification\",\"valueRequired\":true,\"valueName\":\"search_term_string\"}}],\"inLanguage\":\"en-GB\"}]}<\/script>\n<!-- \/ Yoast SEO plugin. -->","yoast_head_json":{"title":"Audaz High Foam. Degreaser for Vertical Surfaces - Dermo | Detergent Factory","robots":{"index":"index","follow":"follow","max-snippet":"max-snippet:-1","max-image-preview":"max-image-preview:large","max-video-preview":"max-video-preview:-1"},"canonical":"https:\/\/dermo.com\/en\/catalog\/bold-high-foam\/","og_locale":"en_GB","og_type":"article","og_title":"Audaz High Foam. Desengrasante Superficies Verticales - Dermo | F\u00e1brica de detergentes","og_description":"Audaz High Foam Desengrasante tixopr\u00f3pico de gran poder emulsionante, altamente eficaz para disolver las grasas y suciedades, en superficies verticales y de complicado y dif\u00edcil acceso. Formulado especialmente para desengrasar todo tipo de superf\u00edcies verticales, debido a su especial composici\u00f3n, produce una espuma que se adhiere permanentemente a las superf\u00edcies verticales sin chorrear, caracter\u00edstica que le confiere su gran eficacia.       V\u00eddeos de Aplicaci\u00f3n Desengrasantes Audaz:  V\u00eddeo de Aplicaci\u00f3n - Espa\u00f1ol","og_url":"https:\/\/dermo.com\/en\/catalog\/bold-high-foam\/","og_site_name":"Dermo | F\u00e1brica de detergentes","article_modified_time":"2025-03-17T09:42:56+00:00","og_image":[{"width":768,"height":823,"url":"https:\/\/dermo.com\/wp-content\/uploads\/2015\/07\/73-Audaz-High-Foam.-Desengrasante-superficies-verticales.jpg","type":"image\/jpeg"}],"twitter_card":"summary_large_image","twitter_misc":{"Estimated reading time":"1 minute"},"schema":{"@context":"https:\/\/schema.org","@graph":[{"@type":"WebPage","@id":"https:\/\/dermo.com\/catalogo\/audaz-high-foam\/","url":"https:\/\/dermo.com\/catalogo\/audaz-high-foam\/","name":"Audaz High Foam. Degreaser for Vertical Surfaces - Dermo | Detergent Factory","isPartOf":{"@id":"https:\/\/dermo.com\/#website"},"primaryImageOfPage":{"@id":"https:\/\/dermo.com\/catalogo\/audaz-high-foam\/#primaryimage"},"image":{"@id":"https:\/\/dermo.com\/catalogo\/audaz-high-foam\/#primaryimage"},"thumbnailUrl":"https:\/\/dermo.com\/wp-content\/uploads\/2015\/07\/73-Audaz-High-Foam.-Desengrasante-superficies-verticales.jpg","datePublished":"2015-07-27T16:41:17+00:00","dateModified":"2025-03-17T09:42:56+00:00","breadcrumb":{"@id":"https:\/\/dermo.com\/catalogo\/audaz-high-foam\/#breadcrumb"},"inLanguage":"en-GB","potentialAction":[{"@type":"ReadAction","target":["https:\/\/dermo.com\/catalogo\/audaz-high-foam\/"]}]},{"@type":"ImageObject","inLanguage":"en-GB","@id":"https:\/\/dermo.com\/catalogo\/audaz-high-foam\/#primaryimage","url":"https:\/\/dermo.com\/wp-content\/uploads\/2015\/07\/73-Audaz-High-Foam.-Desengrasante-superficies-verticales.jpg","contentUrl":"https:\/\/dermo.com\/wp-content\/uploads\/2015\/07\/73-Audaz-High-Foam.-Desengrasante-superficies-verticales.jpg","width":768,"height":823,"caption":"Audaz High Foam. Desengrasante superf\u00edcies verticales"},{"@type":"BreadcrumbList","@id":"https:\/\/dermo.com\/catalogo\/audaz-high-foam\/#breadcrumb","itemListElement":[{"@type":"ListItem","position":1,"name":"Portada","item":"https:\/\/dermo.com\/"},{"@type":"ListItem","position":2,"name":"Tienda","item":"https:\/\/dermo.com\/tienda\/"},{"@type":"ListItem","position":3,"name":"Audaz High Foam. Desengrasante Superficies Verticales"}]},{"@type":"WebSite","@id":"https:\/\/dermo.com\/#website","url":"https:\/\/dermo.com\/","name":"Dermo | detergent factory","description":"Advanced technology, research and development, respect for the environment, competence, constant training and a high level of professionalism in our team, committed to preserving the quality of life and protecting the natural environment, continue to motivate us to develop new products in our laboratories with highly biodegradable active ingredients that make sustainable development possible.","potentialAction":[{"@type":"SearchAction","target":{"@type":"EntryPoint","urlTemplate":"https:\/\/dermo.com\/?s={search_term_string}"},"query-input":{"@type":"PropertyValueSpecification","valueRequired":true,"valueName":"search_term_string"}}],"inLanguage":"en-GB"}]}},"_links":{"self":[{"href":"https:\/\/dermo.com\/en\/wp-json\/wp\/v2\/product\/2599","targetHints":{"allow":["GET"]}}],"collection":[{"href":"https:\/\/dermo.com\/en\/wp-json\/wp\/v2\/product"}],"about":[{"href":"https:\/\/dermo.com\/en\/wp-json\/wp\/v2\/types\/product"}],"wp:featuredmedia":[{"embeddable":true,"href":"https:\/\/dermo.com\/en\/wp-json\/wp\/v2\/media\/2598"}],"wp:attachment":[{"href":"https:\/\/dermo.com\/en\/wp-json\/wp\/v2\/media?parent=2599"}],"wp:term":[{"taxonomy":"product_brand","embeddable":true,"href":"https:\/\/dermo.com\/en\/wp-json\/wp\/v2\/product_brand?post=2599"},{"taxonomy":"product_cat","embeddable":true,"href":"https:\/\/dermo.com\/en\/wp-json\/wp\/v2\/product_cat?post=2599"},{"taxonomy":"product_tag","embeddable":true,"href":"https:\/\/dermo.com\/en\/wp-json\/wp\/v2\/product_tag?post=2599"}],"curies":[{"name":"wp","href":"https:\/\/api.w.org\/{rel}","templated":true}]}}