{"id":2603,"date":"2015-07-27T16:59:17","date_gmt":"2015-07-27T16:59:17","guid":{"rendered":"https:\/\/dermo.ultbit.com\/producto\/audaz-lemon\/"},"modified":"2025-03-17T12:14:32","modified_gmt":"2025-03-17T11:14:32","slug":"bold-lemon","status":"publish","type":"product","link":"https:\/\/dermo.com\/en\/catalog\/bold-lemon\/","title":{"rendered":"Audaz Lemon. Concentrated degreaser"},"content":{"rendered":"<p><strong>FORM OF USE:<\/strong><br \/>\nIt can be used pure for heavy dirt, but in most cases it is sufficient to dilute it with 5% to 10% in water.<\/p>\n<ul>\n<li><strong>Surfaces:<\/strong> Dispense 5 to 10% of product in water. Rub with a scouring pad or cloth. Rinse with clean water and allow to dry.<\/li>\n<li><strong>Soils:<\/strong> Dose 0.5 to 1% and scrub as usual.<\/li>\n<li><strong>Soak cleaning: <\/strong>Immerse in a solution of 5 to 10% of product per litre of hot water. Scrub or brush to remove any remaining residue. Rinse with water and allow to air dry.<br \/>\nIt works indiscriminately when cold or hot, but it must be taken into account that when hot it can give off irritating vapours.<br \/>\nNote: Do not use on iron or aluminum.<\/li>\n<\/ul>\n<p><strong>TECHNICAL CHARACTERISTICS<\/strong><br \/>\nAspect: Liquid.<br \/>\nColor: Yellow<br \/>\nSmell: Lemon<br \/>\nPure pH: 12.5-13.5<br \/>\nDensity: 1.00 \u2013 1.04 g\/cc.<br \/>\nSolubility: Water soluble.<br \/>\nConcentration in active substance: 12 -15%<\/p>\n<p><strong>PRESENTATION:<\/strong><\/p>\n<p>Plastic containers:<\/p>\n<table>\n<tbody>\n<tr>\n<td>FORMAT<\/td>\n<td>\u00a0 \u00a0 \u00a0 \u00a0 \u00a0 1 kg<\/td>\n<td>\u00a0 \u00a0 \u00a0 \u00a0 5 kg<\/td>\n<td><\/td>\n<\/tr>\n<tr>\n<td>CODE<\/td>\n<td>\u00a0 \u00a0 \u00a0004ALE01<\/td>\n<td>\u00a0 \u00a0 004ALE05<\/td>\n<td><\/td>\n<\/tr>\n<\/tbody>\n<\/table>","protected":false},"excerpt":{"rendered":"<h3>Audaz Lemon<\/h3>\n<p class=\"Estndar\">Concentrated liquid product with high emulsioning power, which dissolves greases and filthiness.<br \/>\nSuitable for surfaces resistant to alkaline pH: floors, walls, work tables, tools and equipment.<\/p>\n<table>\n<tbody>\n<tr>\n<td style=\"width: 100%;\">\n<div class=\"video-section\">\n<p class=\"Estndar\"><span lang=\"es\" xml:lang=\"es\"><strong>Audaz Degreaser Application Videos:<\/strong><\/span><\/p>\n<details>\n<summary>Application Video \u2013 Spanish<\/summary>\n<p><iframe src=\"https:\/\/www.youtube.com\/embed\/H6RI-bS6Xcw?rel=0\"><\/iframe><\/p>\n<\/details>\n<\/div>\n<\/td>\n<\/tr>\n<\/tbody>\n<\/table>","protected":false},"featured_media":2602,"template":"","meta":{"neve_meta_sidebar":"","neve_meta_container":"","neve_meta_enable_content_width":"off","neve_meta_content_width":100,"neve_meta_title_alignment":"","neve_meta_author_avatar":"","neve_post_elements_order":"","neve_meta_disable_header":"","neve_meta_disable_footer":"","neve_meta_disable_title":""},"product_brand":[],"product_cat":[383],"product_tag":[],"class_list":{"0":"post-2603","1":"product","2":"type-product","3":"status-publish","4":"has-post-thumbnail","6":"product_cat-desengrasantes","8":"first","9":"instock","10":"shipping-taxable","11":"product-type-simple"},"yoast_head":"<!-- This site is optimized with the Yoast SEO plugin v27.0 - https:\/\/yoast.com\/product\/yoast-seo-wordpress\/ -->\n<title>Audaz Lemon. Desengrasante concentrado - Dermo | F\u00e1brica de detergentes<\/title>\n<meta name=\"robots\" content=\"index, follow, max-snippet:-1, max-image-preview:large, max-video-preview:-1\" \/>\n<link rel=\"canonical\" href=\"https:\/\/dermo.com\/en\/catalog\/bold-lemon\/\" \/>\n<meta property=\"og:locale\" content=\"en_GB\" \/>\n<meta property=\"og:type\" content=\"article\" \/>\n<meta property=\"og:title\" content=\"Audaz Lemon. Desengrasante concentrado - Dermo | F\u00e1brica de detergentes\" \/>\n<meta property=\"og:description\" content=\"Audaz Lemon Producto l\u00edquido concentrado con gran poder emulsionante, que disuelve las grasas y la suciedad. Concebido para desengrasar todo tipo de superf\u00edcies resistentes a pH alcalino: suelos, paredes, mesas de trabajo, utensilios, equipos, etc.       V\u00eddeos de Aplicaci\u00f3n Desengrasantes Audaz:  V\u00eddeo de Aplicaci\u00f3n - Espa\u00f1ol\" \/>\n<meta property=\"og:url\" content=\"https:\/\/dermo.com\/en\/catalog\/bold-lemon\/\" \/>\n<meta property=\"og:site_name\" content=\"Dermo | F\u00e1brica de detergentes\" \/>\n<meta property=\"article:modified_time\" content=\"2025-03-17T11:14:32+00:00\" \/>\n<meta property=\"og:image\" content=\"https:\/\/dermo.com\/wp-content\/uploads\/2015\/07\/76-Audaz-Lemon.-Desengrasante-concentrado.jpg\" \/>\n\t<meta property=\"og:image:width\" content=\"768\" \/>\n\t<meta property=\"og:image:height\" content=\"823\" \/>\n\t<meta property=\"og:image:type\" content=\"image\/jpeg\" \/>\n<meta name=\"twitter:card\" content=\"summary_large_image\" \/>\n<meta name=\"twitter:label1\" content=\"Estimated reading time\" \/>\n\t<meta name=\"twitter:data1\" content=\"1 minute\" \/>\n<script type=\"application\/ld+json\" class=\"yoast-schema-graph\">{\"@context\":\"https:\/\/schema.org\",\"@graph\":[{\"@type\":\"WebPage\",\"@id\":\"https:\/\/dermo.com\/catalogo\/audaz-lemon\/\",\"url\":\"https:\/\/dermo.com\/catalogo\/audaz-lemon\/\",\"name\":\"Audaz Lemon. Desengrasante concentrado - Dermo | F\u00e1brica de detergentes\",\"isPartOf\":{\"@id\":\"https:\/\/dermo.com\/#website\"},\"primaryImageOfPage\":{\"@id\":\"https:\/\/dermo.com\/catalogo\/audaz-lemon\/#primaryimage\"},\"image\":{\"@id\":\"https:\/\/dermo.com\/catalogo\/audaz-lemon\/#primaryimage\"},\"thumbnailUrl\":\"https:\/\/dermo.com\/wp-content\/uploads\/2015\/07\/76-Audaz-Lemon.-Desengrasante-concentrado.jpg\",\"datePublished\":\"2015-07-27T16:59:17+00:00\",\"dateModified\":\"2025-03-17T11:14:32+00:00\",\"breadcrumb\":{\"@id\":\"https:\/\/dermo.com\/catalogo\/audaz-lemon\/#breadcrumb\"},\"inLanguage\":\"en-GB\",\"potentialAction\":[{\"@type\":\"ReadAction\",\"target\":[\"https:\/\/dermo.com\/catalogo\/audaz-lemon\/\"]}]},{\"@type\":\"ImageObject\",\"inLanguage\":\"en-GB\",\"@id\":\"https:\/\/dermo.com\/catalogo\/audaz-lemon\/#primaryimage\",\"url\":\"https:\/\/dermo.com\/wp-content\/uploads\/2015\/07\/76-Audaz-Lemon.-Desengrasante-concentrado.jpg\",\"contentUrl\":\"https:\/\/dermo.com\/wp-content\/uploads\/2015\/07\/76-Audaz-Lemon.-Desengrasante-concentrado.jpg\",\"width\":768,\"height\":823,\"caption\":\"Audaz Lemon. Desengrasante concentrado\"},{\"@type\":\"BreadcrumbList\",\"@id\":\"https:\/\/dermo.com\/catalogo\/audaz-lemon\/#breadcrumb\",\"itemListElement\":[{\"@type\":\"ListItem\",\"position\":1,\"name\":\"Portada\",\"item\":\"https:\/\/dermo.com\/\"},{\"@type\":\"ListItem\",\"position\":2,\"name\":\"Tienda\",\"item\":\"https:\/\/dermo.com\/tienda\/\"},{\"@type\":\"ListItem\",\"position\":3,\"name\":\"Audaz Lemon. Desengrasante concentrado\"}]},{\"@type\":\"WebSite\",\"@id\":\"https:\/\/dermo.com\/#website\",\"url\":\"https:\/\/dermo.com\/\",\"name\":\"Dermo | F\u00e1brica de detergentes\",\"description\":\"Tecnolog\u00eda avanzada, investigaci\u00f3n y desarrollo, respeto por el medio ambiente, competencia, formaci\u00f3n constante y alto nivel de profesionalidad en nuestro equipo humano, empe\u00f1ado en preservar la calidad de vida, la protecci\u00f3n del entorno natural contin\u00faan motiv\u00e1ndonos para desarrollar en nuestros laboratorios nuevos productos con ingredientes activos altamente biodegradables que hacen posible un desarrollo sostenible.\",\"potentialAction\":[{\"@type\":\"SearchAction\",\"target\":{\"@type\":\"EntryPoint\",\"urlTemplate\":\"https:\/\/dermo.com\/?s={search_term_string}\"},\"query-input\":{\"@type\":\"PropertyValueSpecification\",\"valueRequired\":true,\"valueName\":\"search_term_string\"}}],\"inLanguage\":\"en-GB\"}]}<\/script>\n<!-- \/ Yoast SEO plugin. -->","yoast_head_json":{"title":"Audaz Lemon. Concentrated degreaser - Dermo | Detergent factory","robots":{"index":"index","follow":"follow","max-snippet":"max-snippet:-1","max-image-preview":"max-image-preview:large","max-video-preview":"max-video-preview:-1"},"canonical":"https:\/\/dermo.com\/en\/catalog\/bold-lemon\/","og_locale":"en_GB","og_type":"article","og_title":"Audaz Lemon. Desengrasante concentrado - Dermo | F\u00e1brica de detergentes","og_description":"Audaz Lemon Producto l\u00edquido concentrado con gran poder emulsionante, que disuelve las grasas y la suciedad. Concebido para desengrasar todo tipo de superf\u00edcies resistentes a pH alcalino: suelos, paredes, mesas de trabajo, utensilios, equipos, etc.       V\u00eddeos de Aplicaci\u00f3n Desengrasantes Audaz:  V\u00eddeo de Aplicaci\u00f3n - Espa\u00f1ol","og_url":"https:\/\/dermo.com\/en\/catalog\/bold-lemon\/","og_site_name":"Dermo | F\u00e1brica de detergentes","article_modified_time":"2025-03-17T11:14:32+00:00","og_image":[{"width":768,"height":823,"url":"https:\/\/dermo.com\/wp-content\/uploads\/2015\/07\/76-Audaz-Lemon.-Desengrasante-concentrado.jpg","type":"image\/jpeg"}],"twitter_card":"summary_large_image","twitter_misc":{"Estimated reading time":"1 minute"},"schema":{"@context":"https:\/\/schema.org","@graph":[{"@type":"WebPage","@id":"https:\/\/dermo.com\/catalogo\/audaz-lemon\/","url":"https:\/\/dermo.com\/catalogo\/audaz-lemon\/","name":"Audaz Lemon. Concentrated degreaser - Dermo | Detergent factory","isPartOf":{"@id":"https:\/\/dermo.com\/#website"},"primaryImageOfPage":{"@id":"https:\/\/dermo.com\/catalogo\/audaz-lemon\/#primaryimage"},"image":{"@id":"https:\/\/dermo.com\/catalogo\/audaz-lemon\/#primaryimage"},"thumbnailUrl":"https:\/\/dermo.com\/wp-content\/uploads\/2015\/07\/76-Audaz-Lemon.-Desengrasante-concentrado.jpg","datePublished":"2015-07-27T16:59:17+00:00","dateModified":"2025-03-17T11:14:32+00:00","breadcrumb":{"@id":"https:\/\/dermo.com\/catalogo\/audaz-lemon\/#breadcrumb"},"inLanguage":"en-GB","potentialAction":[{"@type":"ReadAction","target":["https:\/\/dermo.com\/catalogo\/audaz-lemon\/"]}]},{"@type":"ImageObject","inLanguage":"en-GB","@id":"https:\/\/dermo.com\/catalogo\/audaz-lemon\/#primaryimage","url":"https:\/\/dermo.com\/wp-content\/uploads\/2015\/07\/76-Audaz-Lemon.-Desengrasante-concentrado.jpg","contentUrl":"https:\/\/dermo.com\/wp-content\/uploads\/2015\/07\/76-Audaz-Lemon.-Desengrasante-concentrado.jpg","width":768,"height":823,"caption":"Audaz Lemon. Desengrasante concentrado"},{"@type":"BreadcrumbList","@id":"https:\/\/dermo.com\/catalogo\/audaz-lemon\/#breadcrumb","itemListElement":[{"@type":"ListItem","position":1,"name":"Portada","item":"https:\/\/dermo.com\/"},{"@type":"ListItem","position":2,"name":"Tienda","item":"https:\/\/dermo.com\/tienda\/"},{"@type":"ListItem","position":3,"name":"Audaz Lemon. Desengrasante concentrado"}]},{"@type":"WebSite","@id":"https:\/\/dermo.com\/#website","url":"https:\/\/dermo.com\/","name":"Dermo | detergent factory","description":"Advanced technology, research and development, respect for the environment, competence, constant training and a high level of professionalism in our team, committed to preserving the quality of life and protecting the natural environment, continue to motivate us to develop new products in our laboratories with highly biodegradable active ingredients that make sustainable development possible.","potentialAction":[{"@type":"SearchAction","target":{"@type":"EntryPoint","urlTemplate":"https:\/\/dermo.com\/?s={search_term_string}"},"query-input":{"@type":"PropertyValueSpecification","valueRequired":true,"valueName":"search_term_string"}}],"inLanguage":"en-GB"}]}},"_links":{"self":[{"href":"https:\/\/dermo.com\/en\/wp-json\/wp\/v2\/product\/2603","targetHints":{"allow":["GET"]}}],"collection":[{"href":"https:\/\/dermo.com\/en\/wp-json\/wp\/v2\/product"}],"about":[{"href":"https:\/\/dermo.com\/en\/wp-json\/wp\/v2\/types\/product"}],"wp:featuredmedia":[{"embeddable":true,"href":"https:\/\/dermo.com\/en\/wp-json\/wp\/v2\/media\/2602"}],"wp:attachment":[{"href":"https:\/\/dermo.com\/en\/wp-json\/wp\/v2\/media?parent=2603"}],"wp:term":[{"taxonomy":"product_brand","embeddable":true,"href":"https:\/\/dermo.com\/en\/wp-json\/wp\/v2\/product_brand?post=2603"},{"taxonomy":"product_cat","embeddable":true,"href":"https:\/\/dermo.com\/en\/wp-json\/wp\/v2\/product_cat?post=2603"},{"taxonomy":"product_tag","embeddable":true,"href":"https:\/\/dermo.com\/en\/wp-json\/wp\/v2\/product_tag?post=2603"}],"curies":[{"name":"wp","href":"https:\/\/api.w.org\/{rel}","templated":true}]}}