{"id":2605,"date":"2015-07-27T17:02:59","date_gmt":"2015-07-27T17:02:59","guid":{"rendered":"https:\/\/dermo.ultbit.com\/producto\/audaz-planchas\/"},"modified":"2025-03-17T12:42:31","modified_gmt":"2025-03-17T11:42:31","slug":"bold-planks","status":"publish","type":"product","link":"https:\/\/dermo.com\/en\/catalog\/bold-planks\/","title":{"rendered":"Audaz Planchas. Degreaser for irons"},"content":{"rendered":"<p><strong>FORM OF USE:<\/strong><br \/>\n<strong><em>Cleaning ovens and griddles:<\/em><\/strong><br \/>\nRemove any stuck-on food residue with the scraper.<br \/>\nThe oven or grill temperature should be between 60 and 80 oC.<br \/>\nApply the pure product directly to the surface. Leave it to act for a few minutes, depending on the level of dirt. Once the grease has been removed, add a little water and remove the loose dirt with a damp sponge or cloth. Rinse well with water and allow to dry.<br \/>\n<strong><em>Hood filters:<\/em><\/strong><br \/>\nImmerse the filters in a solution of 3 to 10% (depending on the dirt) with hot water. Leave to act for at least 20 minutes. Rinse and allow to dry.<br \/>\n<em><strong>Fryers:<\/strong><\/em><br \/>\nFill the fryer with a 3 to 10 % solution (150 to 500 ml per 5 litres of water). Start the fryer and let it boil for 10 to 15 minutes. Once it has cooled, empty it and remove any residue from the walls and heating elements with a scouring pad. Rinse with plenty of water and allow to dry.<br \/>\nMay give off irritating fumes.<br \/>\nDO NOT USE ON ALUMINUM.<\/p>\n<p><strong>TECHNICAL CHARACTERISTICS<\/strong><br \/>\nAspect: Liquid.<br \/>\nColor: Amber.<br \/>\nSmell: Characteristic.<br \/>\npH (10% in water): 13 \u2013 14<br \/>\nDensity: 1.20 \u2013 1.30 g\/cc<br \/>\nConcentration in active substance: 39 \u2013 42%<\/p>\n<p><strong>COMPOSITION<\/strong><br \/>\nAmphoteric surfactants, amines, sequestrants, caustics, emulsifiers and colorants.<\/p>\n<p><strong>PRESENTATION<\/strong><\/p>\n<table>\n<tbody>\n<tr>\n<td>FORMAT<\/td>\n<td>1,250 kg<\/td>\n<td>6 kg<\/td>\n<td><\/td>\n<\/tr>\n<tr>\n<td>CODE<\/td>\n<td>004AUP01<\/td>\n<td>004AUP06<\/td>\n<td><\/td>\n<\/tr>\n<\/tbody>\n<\/table>\n<p><strong>SAFETY \/ TOXICOLOGY<\/strong><br \/>\nCorrosive product. Causes burns.<br \/>\nWear appropriate clothing, gloves, and eye\/face protection.<br \/>\nIn case of accident, consult the Medical Toxicology Information Service. Tel.: 915 620 420.<\/p>\n<p><strong>ADDITIONAL INFORMATION<\/strong><br \/>\nINDUSTRIAL PRODUCT. PROFESSIONAL USE.<\/p>\n<p>&nbsp;<\/p>","protected":false},"excerpt":{"rendered":"<h3>Audaz Planchas<\/h3>\n<p class=\"Estndar\">Concentrated degreasing liquid, which eliminates efficiently burnt and carbonised kitchen hobbs, with minimm effort. It is also effective degreaser of all type of surfaces, cleaning of metal before being painted, pringtings machines\u2026 Properly diluted it does not attack paints, rubber and plastics.<\/p>\n<table>\n<tbody>\n<tr>\n<td style=\"width: 50%;\">\n<p class=\"Estndar\"><span lang=\"es\" xml:lang=\"es\"><strong>Bold Planks Application Videos:<\/strong><\/span><\/p>\n<details>\n<summary>Application Video \u2013 Spanish<\/summary>\n<p><iframe src=\"https:\/\/www.youtube.com\/embed\/5nxt6rtLx8s?rel=0\"><\/iframe><\/p>\n<\/details>\n<\/td>\n<\/tr>\n<\/tbody>\n<\/table>","protected":false},"featured_media":2604,"template":"","meta":{"neve_meta_sidebar":"","neve_meta_container":"","neve_meta_enable_content_width":"off","neve_meta_content_width":100,"neve_meta_title_alignment":"","neve_meta_author_avatar":"","neve_post_elements_order":"","neve_meta_disable_header":"","neve_meta_disable_footer":"","neve_meta_disable_title":""},"product_brand":[],"product_cat":[383,372,370,374],"product_tag":[],"class_list":{"0":"post-2605","1":"product","2":"type-product","3":"status-publish","4":"has-post-thumbnail","6":"product_cat-desengrasantes","7":"product_cat-geriatricos","8":"product_cat-hoteles","9":"product_cat-restauracion","11":"first","12":"instock","13":"shipping-taxable","14":"product-type-simple"},"yoast_head":"<!-- This site is optimized with the Yoast SEO plugin v27.0 - https:\/\/yoast.com\/product\/yoast-seo-wordpress\/ -->\n<title>Audaz Planchas. Desengrasante planchas - Dermo | F\u00e1brica de detergentes<\/title>\n<meta name=\"robots\" content=\"index, follow, max-snippet:-1, max-image-preview:large, max-video-preview:-1\" \/>\n<link rel=\"canonical\" href=\"https:\/\/dermo.com\/en\/catalog\/bold-planks\/\" \/>\n<meta property=\"og:locale\" content=\"en_GB\" \/>\n<meta property=\"og:type\" content=\"article\" \/>\n<meta property=\"og:title\" content=\"Audaz Planchas. Desengrasante planchas - Dermo | F\u00e1brica de detergentes\" \/>\n<meta property=\"og:description\" content=\"Audaz Planchas Desengrasante l\u00edquido concentrado, que elimina con eficacia la grasa requemada y carbonizada de las planchas de cocina, hornos y parrillas con m\u00ednimo esfuerzo. Disuelto con agua, tambi\u00e9n es adecuado para la limpieza de freidoras. Elimina el \u00f3xido, al mismo tiempo que actua como antioxidante de las superficies tratadas.      V\u00eddeos de Aplicaci\u00f3n Audaz Planchas:  V\u00eddeo de Aplicaci\u00f3n - Espa\u00f1ol\" \/>\n<meta property=\"og:url\" content=\"https:\/\/dermo.com\/en\/catalog\/bold-planks\/\" \/>\n<meta property=\"og:site_name\" content=\"Dermo | F\u00e1brica de detergentes\" \/>\n<meta property=\"article:modified_time\" content=\"2025-03-17T11:42:31+00:00\" \/>\n<meta property=\"og:image\" content=\"https:\/\/dermo.com\/wp-content\/uploads\/2015\/07\/77-Audaz-Planchas.-Desengrasante-planchas.jpg\" \/>\n\t<meta property=\"og:image:width\" content=\"768\" \/>\n\t<meta property=\"og:image:height\" content=\"823\" \/>\n\t<meta property=\"og:image:type\" content=\"image\/jpeg\" \/>\n<meta name=\"twitter:card\" content=\"summary_large_image\" \/>\n<meta name=\"twitter:label1\" content=\"Estimated reading time\" \/>\n\t<meta name=\"twitter:data1\" content=\"2 minutes\" \/>\n<script type=\"application\/ld+json\" class=\"yoast-schema-graph\">{\"@context\":\"https:\/\/schema.org\",\"@graph\":[{\"@type\":\"WebPage\",\"@id\":\"https:\/\/dermo.com\/catalogo\/audaz-planchas\/\",\"url\":\"https:\/\/dermo.com\/catalogo\/audaz-planchas\/\",\"name\":\"Audaz Planchas. Desengrasante planchas - Dermo | F\u00e1brica de detergentes\",\"isPartOf\":{\"@id\":\"https:\/\/dermo.com\/#website\"},\"primaryImageOfPage\":{\"@id\":\"https:\/\/dermo.com\/catalogo\/audaz-planchas\/#primaryimage\"},\"image\":{\"@id\":\"https:\/\/dermo.com\/catalogo\/audaz-planchas\/#primaryimage\"},\"thumbnailUrl\":\"https:\/\/dermo.com\/wp-content\/uploads\/2015\/07\/77-Audaz-Planchas.-Desengrasante-planchas.jpg\",\"datePublished\":\"2015-07-27T17:02:59+00:00\",\"dateModified\":\"2025-03-17T11:42:31+00:00\",\"breadcrumb\":{\"@id\":\"https:\/\/dermo.com\/catalogo\/audaz-planchas\/#breadcrumb\"},\"inLanguage\":\"en-GB\",\"potentialAction\":[{\"@type\":\"ReadAction\",\"target\":[\"https:\/\/dermo.com\/catalogo\/audaz-planchas\/\"]}]},{\"@type\":\"ImageObject\",\"inLanguage\":\"en-GB\",\"@id\":\"https:\/\/dermo.com\/catalogo\/audaz-planchas\/#primaryimage\",\"url\":\"https:\/\/dermo.com\/wp-content\/uploads\/2015\/07\/77-Audaz-Planchas.-Desengrasante-planchas.jpg\",\"contentUrl\":\"https:\/\/dermo.com\/wp-content\/uploads\/2015\/07\/77-Audaz-Planchas.-Desengrasante-planchas.jpg\",\"width\":768,\"height\":823,\"caption\":\"Audaz Planchas. Desengrasante planchas\"},{\"@type\":\"BreadcrumbList\",\"@id\":\"https:\/\/dermo.com\/catalogo\/audaz-planchas\/#breadcrumb\",\"itemListElement\":[{\"@type\":\"ListItem\",\"position\":1,\"name\":\"Portada\",\"item\":\"https:\/\/dermo.com\/\"},{\"@type\":\"ListItem\",\"position\":2,\"name\":\"Tienda\",\"item\":\"https:\/\/dermo.com\/tienda\/\"},{\"@type\":\"ListItem\",\"position\":3,\"name\":\"Audaz Planchas. Desengrasante planchas\"}]},{\"@type\":\"WebSite\",\"@id\":\"https:\/\/dermo.com\/#website\",\"url\":\"https:\/\/dermo.com\/\",\"name\":\"Dermo | F\u00e1brica de detergentes\",\"description\":\"Tecnolog\u00eda avanzada, investigaci\u00f3n y desarrollo, respeto por el medio ambiente, competencia, formaci\u00f3n constante y alto nivel de profesionalidad en nuestro equipo humano, empe\u00f1ado en preservar la calidad de vida, la protecci\u00f3n del entorno natural contin\u00faan motiv\u00e1ndonos para desarrollar en nuestros laboratorios nuevos productos con ingredientes activos altamente biodegradables que hacen posible un desarrollo sostenible.\",\"potentialAction\":[{\"@type\":\"SearchAction\",\"target\":{\"@type\":\"EntryPoint\",\"urlTemplate\":\"https:\/\/dermo.com\/?s={search_term_string}\"},\"query-input\":{\"@type\":\"PropertyValueSpecification\",\"valueRequired\":true,\"valueName\":\"search_term_string\"}}],\"inLanguage\":\"en-GB\"}]}<\/script>\n<!-- \/ Yoast SEO plugin. -->","yoast_head_json":{"title":"Audaz Planchas. Degreaser for irons - Dermo | Detergent factory","robots":{"index":"index","follow":"follow","max-snippet":"max-snippet:-1","max-image-preview":"max-image-preview:large","max-video-preview":"max-video-preview:-1"},"canonical":"https:\/\/dermo.com\/en\/catalog\/bold-planks\/","og_locale":"en_GB","og_type":"article","og_title":"Audaz Planchas. Desengrasante planchas - Dermo | F\u00e1brica de detergentes","og_description":"Audaz Planchas Desengrasante l\u00edquido concentrado, que elimina con eficacia la grasa requemada y carbonizada de las planchas de cocina, hornos y parrillas con m\u00ednimo esfuerzo. Disuelto con agua, tambi\u00e9n es adecuado para la limpieza de freidoras. Elimina el \u00f3xido, al mismo tiempo que actua como antioxidante de las superficies tratadas.      V\u00eddeos de Aplicaci\u00f3n Audaz Planchas:  V\u00eddeo de Aplicaci\u00f3n - Espa\u00f1ol","og_url":"https:\/\/dermo.com\/en\/catalog\/bold-planks\/","og_site_name":"Dermo | F\u00e1brica de detergentes","article_modified_time":"2025-03-17T11:42:31+00:00","og_image":[{"width":768,"height":823,"url":"https:\/\/dermo.com\/wp-content\/uploads\/2015\/07\/77-Audaz-Planchas.-Desengrasante-planchas.jpg","type":"image\/jpeg"}],"twitter_card":"summary_large_image","twitter_misc":{"Estimated reading time":"2 minutes"},"schema":{"@context":"https:\/\/schema.org","@graph":[{"@type":"WebPage","@id":"https:\/\/dermo.com\/catalogo\/audaz-planchas\/","url":"https:\/\/dermo.com\/catalogo\/audaz-planchas\/","name":"Audaz Planchas. Degreaser for irons - Dermo | Detergent factory","isPartOf":{"@id":"https:\/\/dermo.com\/#website"},"primaryImageOfPage":{"@id":"https:\/\/dermo.com\/catalogo\/audaz-planchas\/#primaryimage"},"image":{"@id":"https:\/\/dermo.com\/catalogo\/audaz-planchas\/#primaryimage"},"thumbnailUrl":"https:\/\/dermo.com\/wp-content\/uploads\/2015\/07\/77-Audaz-Planchas.-Desengrasante-planchas.jpg","datePublished":"2015-07-27T17:02:59+00:00","dateModified":"2025-03-17T11:42:31+00:00","breadcrumb":{"@id":"https:\/\/dermo.com\/catalogo\/audaz-planchas\/#breadcrumb"},"inLanguage":"en-GB","potentialAction":[{"@type":"ReadAction","target":["https:\/\/dermo.com\/catalogo\/audaz-planchas\/"]}]},{"@type":"ImageObject","inLanguage":"en-GB","@id":"https:\/\/dermo.com\/catalogo\/audaz-planchas\/#primaryimage","url":"https:\/\/dermo.com\/wp-content\/uploads\/2015\/07\/77-Audaz-Planchas.-Desengrasante-planchas.jpg","contentUrl":"https:\/\/dermo.com\/wp-content\/uploads\/2015\/07\/77-Audaz-Planchas.-Desengrasante-planchas.jpg","width":768,"height":823,"caption":"Audaz Planchas. Desengrasante planchas"},{"@type":"BreadcrumbList","@id":"https:\/\/dermo.com\/catalogo\/audaz-planchas\/#breadcrumb","itemListElement":[{"@type":"ListItem","position":1,"name":"Portada","item":"https:\/\/dermo.com\/"},{"@type":"ListItem","position":2,"name":"Tienda","item":"https:\/\/dermo.com\/tienda\/"},{"@type":"ListItem","position":3,"name":"Audaz Planchas. Desengrasante planchas"}]},{"@type":"WebSite","@id":"https:\/\/dermo.com\/#website","url":"https:\/\/dermo.com\/","name":"Dermo | detergent factory","description":"Advanced technology, research and development, respect for the environment, competence, constant training and a high level of professionalism in our team, committed to preserving the quality of life and protecting the natural environment, continue to motivate us to develop new products in our laboratories with highly biodegradable active ingredients that make sustainable development possible.","potentialAction":[{"@type":"SearchAction","target":{"@type":"EntryPoint","urlTemplate":"https:\/\/dermo.com\/?s={search_term_string}"},"query-input":{"@type":"PropertyValueSpecification","valueRequired":true,"valueName":"search_term_string"}}],"inLanguage":"en-GB"}]}},"_links":{"self":[{"href":"https:\/\/dermo.com\/en\/wp-json\/wp\/v2\/product\/2605","targetHints":{"allow":["GET"]}}],"collection":[{"href":"https:\/\/dermo.com\/en\/wp-json\/wp\/v2\/product"}],"about":[{"href":"https:\/\/dermo.com\/en\/wp-json\/wp\/v2\/types\/product"}],"wp:featuredmedia":[{"embeddable":true,"href":"https:\/\/dermo.com\/en\/wp-json\/wp\/v2\/media\/2604"}],"wp:attachment":[{"href":"https:\/\/dermo.com\/en\/wp-json\/wp\/v2\/media?parent=2605"}],"wp:term":[{"taxonomy":"product_brand","embeddable":true,"href":"https:\/\/dermo.com\/en\/wp-json\/wp\/v2\/product_brand?post=2605"},{"taxonomy":"product_cat","embeddable":true,"href":"https:\/\/dermo.com\/en\/wp-json\/wp\/v2\/product_cat?post=2605"},{"taxonomy":"product_tag","embeddable":true,"href":"https:\/\/dermo.com\/en\/wp-json\/wp\/v2\/product_tag?post=2605"}],"curies":[{"name":"wp","href":"https:\/\/api.w.org\/{rel}","templated":true}]}}