{"id":2613,"date":"2015-07-27T17:59:00","date_gmt":"2015-07-27T17:59:00","guid":{"rendered":"https:\/\/dermo.ultbit.com\/producto\/zz88\/"},"modified":"2024-09-06T12:45:30","modified_gmt":"2024-09-06T10:45:30","slug":"zz88","status":"publish","type":"product","link":"https:\/\/dermo.com\/en\/catalog\/zz88\/","title":{"rendered":"ZZ 88. Drainage cleaner"},"content":{"rendered":"<p><b>FORM OF USE:<\/b><br \/>\n1.     Leave very little water into the drainage.<br \/>\n2. Pour the product slowly and directly on the drainage.<br \/>\n3. Wait at least 5 minutes for the product to act.<br \/>\n4. Afterwards, pour a little cold water.<br \/>\n5. After some minutes add abundant water.<\/p>\n<p><b>Dosage<\/b><br \/>\n- Floors drainages: 1 litre.<br \/>\n- Pipe lines: \u00bd litre.<br \/>\n- Grease traps: 1 litre or more, depending on the filthiness.<br \/>\n- Black wells: 4 litres per each 1000 litres, introducing a hose in order to reach the bottom of the well.<\/p>\n<p><b>OBSERVATIONS:<\/b><br \/>\nIt can be used with the majority of metals except aluminium.<br \/>\nDO NOT EVER POUR WATER DIRECTLY ON THE PRODUCT.<\/p>\n<p><b>TECHNICAL CHARACTERISTICS<\/b><br \/>\nAspect: Liquid.<br \/>\nColor: Dark brown.<br \/>\nSmell: Characteristic.<br \/>\npH: Strongly acidic.<br \/>\nDensity: 1.82 \u2013 1.84 g\/cc.<br \/>\nActive substance concentration: 95 \u2013 98%<\/p>\n<p><b>PRESENTATION<\/b><br \/>\nPlastic containers:<\/p>\n<table>\n<tbody>\n<tr>\n<td><strong>FORMAT<\/strong><\/td>\n<td><strong>CODE<\/strong><\/td>\n<\/tr>\n<tr>\n<td>1.5 Kg<\/td>\n<td>005ZZ001<\/td>\n<\/tr>\n<\/tbody>\n<\/table>","protected":false},"excerpt":{"rendered":"<h3>ZZ 88<\/h3>\n<p>Special product to eliminate organic and inorganic remainders from drainages as grease, cloth, paper, hair, cellulose, compresses, tobacco\u2026<\/p>\n<p class=\"Estndar\"><span lang=\"es\" xml:lang=\"es\">It acts without mechanical and hand actions.<\/span><\/p>\n<p class=\"Estndar\"><span lang=\"es\" xml:lang=\"es\">Because of its extreme power, it must be used following carefully the instructions of use.<\/span><\/p>","protected":false},"featured_media":3992,"template":"","meta":{"neve_meta_sidebar":"","neve_meta_container":"","neve_meta_enable_content_width":"off","neve_meta_content_width":100,"neve_meta_title_alignment":"","neve_meta_author_avatar":"","neve_post_elements_order":"","neve_meta_disable_header":"","neve_meta_disable_footer":"","neve_meta_disable_title":""},"product_brand":[],"product_cat":[386],"product_tag":[],"class_list":{"0":"post-2613","1":"product","2":"type-product","3":"status-publish","4":"has-post-thumbnail","6":"product_cat-limpieza-de-banos","8":"first","9":"instock","10":"shipping-taxable","11":"product-type-simple"},"yoast_head":"<!-- This site is optimized with the Yoast SEO plugin v27.0 - https:\/\/yoast.com\/product\/yoast-seo-wordpress\/ -->\n<title>ZZ 88. Desatascador tuber\u00edas - Dermo | F\u00e1brica de detergentes<\/title>\n<meta name=\"robots\" content=\"index, follow, max-snippet:-1, max-image-preview:large, max-video-preview:-1\" \/>\n<link rel=\"canonical\" href=\"https:\/\/dermo.com\/en\/catalog\/zz88\/\" \/>\n<meta property=\"og:locale\" content=\"en_GB\" \/>\n<meta property=\"og:type\" content=\"article\" \/>\n<meta property=\"og:title\" content=\"ZZ 88. Desatascador tuber\u00edas - Dermo | F\u00e1brica de detergentes\" \/>\n<meta property=\"og:description\" content=\"ZZ 88 Producto especial para eliminar residuos org\u00e1nicos e inorg\u00e1nicos de los desag\u00fces como grasa, tela, papel, pelo, celulosa, compresas, tabaco, \u2026 Act\u00faa sin necesidad de acciones mec\u00e1nicas ni manuales. Debido a su extrema potencia debe usarse siguiendo cuidadosamente las instrucciones de uso.\" \/>\n<meta property=\"og:url\" content=\"https:\/\/dermo.com\/en\/catalog\/zz88\/\" \/>\n<meta property=\"og:site_name\" content=\"Dermo | F\u00e1brica de detergentes\" \/>\n<meta property=\"article:modified_time\" content=\"2024-09-06T10:45:30+00:00\" \/>\n<meta property=\"og:image\" content=\"https:\/\/dermo.com\/wp-content\/uploads\/2015\/07\/DL-21-Acibac-26.png\" \/>\n\t<meta property=\"og:image:width\" content=\"768\" \/>\n\t<meta property=\"og:image:height\" content=\"823\" \/>\n\t<meta property=\"og:image:type\" content=\"image\/png\" \/>\n<meta name=\"twitter:card\" content=\"summary_large_image\" \/>\n<meta name=\"twitter:label1\" content=\"Estimated reading time\" \/>\n\t<meta name=\"twitter:data1\" content=\"1 minute\" \/>\n<script type=\"application\/ld+json\" class=\"yoast-schema-graph\">{\"@context\":\"https:\/\/schema.org\",\"@graph\":[{\"@type\":\"WebPage\",\"@id\":\"https:\/\/dermo.com\/catalogo\/zz88\/\",\"url\":\"https:\/\/dermo.com\/catalogo\/zz88\/\",\"name\":\"ZZ 88. Desatascador tuber\u00edas - Dermo | F\u00e1brica de detergentes\",\"isPartOf\":{\"@id\":\"https:\/\/dermo.com\/#website\"},\"primaryImageOfPage\":{\"@id\":\"https:\/\/dermo.com\/catalogo\/zz88\/#primaryimage\"},\"image\":{\"@id\":\"https:\/\/dermo.com\/catalogo\/zz88\/#primaryimage\"},\"thumbnailUrl\":\"https:\/\/dermo.com\/wp-content\/uploads\/2015\/07\/DL-21-Acibac-26.png\",\"datePublished\":\"2015-07-27T17:59:00+00:00\",\"dateModified\":\"2024-09-06T10:45:30+00:00\",\"breadcrumb\":{\"@id\":\"https:\/\/dermo.com\/catalogo\/zz88\/#breadcrumb\"},\"inLanguage\":\"en-GB\",\"potentialAction\":[{\"@type\":\"ReadAction\",\"target\":[\"https:\/\/dermo.com\/catalogo\/zz88\/\"]}]},{\"@type\":\"ImageObject\",\"inLanguage\":\"en-GB\",\"@id\":\"https:\/\/dermo.com\/catalogo\/zz88\/#primaryimage\",\"url\":\"https:\/\/dermo.com\/wp-content\/uploads\/2015\/07\/DL-21-Acibac-26.png\",\"contentUrl\":\"https:\/\/dermo.com\/wp-content\/uploads\/2015\/07\/DL-21-Acibac-26.png\",\"width\":768,\"height\":823},{\"@type\":\"BreadcrumbList\",\"@id\":\"https:\/\/dermo.com\/catalogo\/zz88\/#breadcrumb\",\"itemListElement\":[{\"@type\":\"ListItem\",\"position\":1,\"name\":\"Portada\",\"item\":\"https:\/\/dermo.com\/\"},{\"@type\":\"ListItem\",\"position\":2,\"name\":\"Tienda\",\"item\":\"https:\/\/dermo.com\/tienda\/\"},{\"@type\":\"ListItem\",\"position\":3,\"name\":\"ZZ 88. Desatascador tuber\u00edas\"}]},{\"@type\":\"WebSite\",\"@id\":\"https:\/\/dermo.com\/#website\",\"url\":\"https:\/\/dermo.com\/\",\"name\":\"Dermo | F\u00e1brica de detergentes\",\"description\":\"Tecnolog\u00eda avanzada, investigaci\u00f3n y desarrollo, respeto por el medio ambiente, competencia, formaci\u00f3n constante y alto nivel de profesionalidad en nuestro equipo humano, empe\u00f1ado en preservar la calidad de vida, la protecci\u00f3n del entorno natural contin\u00faan motiv\u00e1ndonos para desarrollar en nuestros laboratorios nuevos productos con ingredientes activos altamente biodegradables que hacen posible un desarrollo sostenible.\",\"potentialAction\":[{\"@type\":\"SearchAction\",\"target\":{\"@type\":\"EntryPoint\",\"urlTemplate\":\"https:\/\/dermo.com\/?s={search_term_string}\"},\"query-input\":{\"@type\":\"PropertyValueSpecification\",\"valueRequired\":true,\"valueName\":\"search_term_string\"}}],\"inLanguage\":\"en-GB\"}]}<\/script>\n<!-- \/ Yoast SEO plugin. -->","yoast_head_json":{"title":"ZZ 88. Drain cleaner - Dermo | Detergent factory","robots":{"index":"index","follow":"follow","max-snippet":"max-snippet:-1","max-image-preview":"max-image-preview:large","max-video-preview":"max-video-preview:-1"},"canonical":"https:\/\/dermo.com\/en\/catalog\/zz88\/","og_locale":"en_GB","og_type":"article","og_title":"ZZ 88. Desatascador tuber\u00edas - Dermo | F\u00e1brica de detergentes","og_description":"ZZ 88 Producto especial para eliminar residuos org\u00e1nicos e inorg\u00e1nicos de los desag\u00fces como grasa, tela, papel, pelo, celulosa, compresas, tabaco, \u2026 Act\u00faa sin necesidad de acciones mec\u00e1nicas ni manuales. Debido a su extrema potencia debe usarse siguiendo cuidadosamente las instrucciones de uso.","og_url":"https:\/\/dermo.com\/en\/catalog\/zz88\/","og_site_name":"Dermo | F\u00e1brica de detergentes","article_modified_time":"2024-09-06T10:45:30+00:00","og_image":[{"width":768,"height":823,"url":"https:\/\/dermo.com\/wp-content\/uploads\/2015\/07\/DL-21-Acibac-26.png","type":"image\/png"}],"twitter_card":"summary_large_image","twitter_misc":{"Estimated reading time":"1 minute"},"schema":{"@context":"https:\/\/schema.org","@graph":[{"@type":"WebPage","@id":"https:\/\/dermo.com\/catalogo\/zz88\/","url":"https:\/\/dermo.com\/catalogo\/zz88\/","name":"ZZ 88. Drain cleaner - Dermo | Detergent factory","isPartOf":{"@id":"https:\/\/dermo.com\/#website"},"primaryImageOfPage":{"@id":"https:\/\/dermo.com\/catalogo\/zz88\/#primaryimage"},"image":{"@id":"https:\/\/dermo.com\/catalogo\/zz88\/#primaryimage"},"thumbnailUrl":"https:\/\/dermo.com\/wp-content\/uploads\/2015\/07\/DL-21-Acibac-26.png","datePublished":"2015-07-27T17:59:00+00:00","dateModified":"2024-09-06T10:45:30+00:00","breadcrumb":{"@id":"https:\/\/dermo.com\/catalogo\/zz88\/#breadcrumb"},"inLanguage":"en-GB","potentialAction":[{"@type":"ReadAction","target":["https:\/\/dermo.com\/catalogo\/zz88\/"]}]},{"@type":"ImageObject","inLanguage":"en-GB","@id":"https:\/\/dermo.com\/catalogo\/zz88\/#primaryimage","url":"https:\/\/dermo.com\/wp-content\/uploads\/2015\/07\/DL-21-Acibac-26.png","contentUrl":"https:\/\/dermo.com\/wp-content\/uploads\/2015\/07\/DL-21-Acibac-26.png","width":768,"height":823},{"@type":"BreadcrumbList","@id":"https:\/\/dermo.com\/catalogo\/zz88\/#breadcrumb","itemListElement":[{"@type":"ListItem","position":1,"name":"Portada","item":"https:\/\/dermo.com\/"},{"@type":"ListItem","position":2,"name":"Tienda","item":"https:\/\/dermo.com\/tienda\/"},{"@type":"ListItem","position":3,"name":"ZZ 88. Desatascador tuber\u00edas"}]},{"@type":"WebSite","@id":"https:\/\/dermo.com\/#website","url":"https:\/\/dermo.com\/","name":"Dermo | detergent factory","description":"Advanced technology, research and development, respect for the environment, competence, constant training and a high level of professionalism in our team, committed to preserving the quality of life and protecting the natural environment, continue to motivate us to develop new products in our laboratories with highly biodegradable active ingredients that make sustainable development possible.","potentialAction":[{"@type":"SearchAction","target":{"@type":"EntryPoint","urlTemplate":"https:\/\/dermo.com\/?s={search_term_string}"},"query-input":{"@type":"PropertyValueSpecification","valueRequired":true,"valueName":"search_term_string"}}],"inLanguage":"en-GB"}]}},"_links":{"self":[{"href":"https:\/\/dermo.com\/en\/wp-json\/wp\/v2\/product\/2613","targetHints":{"allow":["GET"]}}],"collection":[{"href":"https:\/\/dermo.com\/en\/wp-json\/wp\/v2\/product"}],"about":[{"href":"https:\/\/dermo.com\/en\/wp-json\/wp\/v2\/types\/product"}],"wp:featuredmedia":[{"embeddable":true,"href":"https:\/\/dermo.com\/en\/wp-json\/wp\/v2\/media\/3992"}],"wp:attachment":[{"href":"https:\/\/dermo.com\/en\/wp-json\/wp\/v2\/media?parent=2613"}],"wp:term":[{"taxonomy":"product_brand","embeddable":true,"href":"https:\/\/dermo.com\/en\/wp-json\/wp\/v2\/product_brand?post=2613"},{"taxonomy":"product_cat","embeddable":true,"href":"https:\/\/dermo.com\/en\/wp-json\/wp\/v2\/product_cat?post=2613"},{"taxonomy":"product_tag","embeddable":true,"href":"https:\/\/dermo.com\/en\/wp-json\/wp\/v2\/product_tag?post=2613"}],"curies":[{"name":"wp","href":"https:\/\/api.w.org\/{rel}","templated":true}]}}