{"id":2621,"date":"2015-07-27T18:22:29","date_gmt":"2015-07-27T18:22:29","guid":{"rendered":"https:\/\/dermo.ultbit.com\/producto\/tropic-dust\/"},"modified":"2025-02-21T13:28:48","modified_gmt":"2025-02-21T12:28:48","slug":"tropical-dust","status":"publish","type":"product","link":"https:\/\/dermo.com\/en\/catalog\/tropical-dust\/","title":{"rendered":"Tropic WC Dust. Air freshener"},"content":{"rendered":"<p><strong>FORM OF USE:<\/strong><br \/>\nApply some drops around or inside the WC, and in all places where are unpleasant odors.<\/p>\n<p><strong>TECHNICAL CHARACTERISTICS<\/strong><br \/>\nAspect: Liquid.<br \/>\nColor: Green-blue.<br \/>\nSmell: Perfume.<br \/>\nDensity: 0.85 \u2013 0.95 g\/cc.<\/p>\n<p><strong>COMPOSITION<\/strong><br \/>\nAlcohols, emulsifier, essences and colorant.<br \/>\nPRESENTATION<br \/>\nPlastic containers:<\/p>\n<table width=\"860\">\n<tbody>\n<tr>\n<td width=\"220\">FORMAT<\/td>\n<td width=\"220\">500 ml<\/td>\n<td width=\"220\">1 liter<\/td>\n<td width=\"200\">5 liters<\/td>\n<\/tr>\n<tr>\n<td width=\"220\">CODE<\/td>\n<td>005WCD00<\/td>\n<td>005WCD01<\/td>\n<td>005WCD05<\/td>\n<\/tr>\n<\/tbody>\n<\/table>\n<p><strong>SAFETY \/ TOXICOLOGY<\/strong><br \/>\nFlammable product. Harmful if swallowed. Wear protective gloves\/clothing\/goggles\/mask. In case of accident, consult the Medical Information Service for Toxicology. Tel.: 915 620 420.<\/p>\n<p><strong>ADDITIONAL INFORMATION<\/strong><br \/>\nINDUSTRIAL PRODUCT. PROFESSIONAL USE.<\/p>","protected":false},"excerpt":{"rendered":"<h3>Tropic Dust<\/h3>\n<p class=\"Estndar\">Liquid air freshener with a special long lasting perfume. Once applied correctly, maintains a pleasant fragance during 24 hours. Removes unpleasant odours, specially for use in bathrooms and lavatories.<\/p>\n<table>\n<tbody>\n<tr>\n<td style=\"width: 50%;\">\n<p class=\"Estndar\"><span lang=\"es\" xml:lang=\"es\"><strong>Tropic Air Freshener Application Videos:<\/strong><\/span><\/p>\n<details>\n<summary><span lang=\"es\" xml:lang=\"es\">Application Video \u2013 <\/span>Spanish<\/summary>\n<p><iframe src=\"https:\/\/www.youtube.com\/embed\/xH8vw9CTbww?rel=0\"><\/iframe><\/p>\n<\/details>\n<details>\n<summary><span lang=\"es\" xml:lang=\"es\">Application Video \u2013 <\/span>English<\/summary>\n<p><iframe src=\"https:\/\/www.youtube.com\/embed\/gm5igHf0Iw4?rel=0\"><\/iframe><\/p>\n<\/details>\n<details>\n<summary><span lang=\"es\" xml:lang=\"es\">Application Video \u2013 <\/span>French<\/summary>\n<p><iframe src=\"https:\/\/www.youtube.com\/embed\/u4TYu1n9HKc?rel=0\"><\/iframe><\/p>\n<\/details>\n<details>\n<summary><span lang=\"es\" xml:lang=\"es\">Application Video \u2013 <\/span>Portuguese<\/summary>\n<p><iframe src=\"https:\/\/www.youtube.com\/embed\/q0mEvOE3_Rw?rel=0\"><\/iframe><\/p>\n<\/details>\n<details>\n<summary><span lang=\"es\" xml:lang=\"es\">Application Video \u2013 <\/span>Arab<\/summary>\n<p><iframe src=\"https:\/\/www.youtube.com\/embed\/_7LSCjHjFzc?rel=0\"><\/iframe><\/p>\n<\/details>\n<\/td>\n<\/tr>\n<\/tbody>\n<\/table>","protected":false},"featured_media":3838,"template":"","meta":{"neve_meta_sidebar":"","neve_meta_container":"","neve_meta_enable_content_width":"off","neve_meta_content_width":100,"neve_meta_title_alignment":"","neve_meta_author_avatar":"","neve_post_elements_order":"","neve_meta_disable_header":"","neve_meta_disable_footer":"","neve_meta_disable_title":""},"product_brand":[],"product_cat":[388,1095,372,370,386,374,376],"product_tag":[],"class_list":{"0":"post-2621","1":"product","2":"type-product","3":"status-publish","4":"has-post-thumbnail","6":"product_cat-ambientadores","7":"product_cat-escuelas-sectores","8":"product_cat-geriatricos","9":"product_cat-hoteles","10":"product_cat-limpieza-de-banos","11":"product_cat-restauracion","12":"product_cat-servicios-de-limpieza","14":"first","15":"instock","16":"shipping-taxable","17":"product-type-simple"},"yoast_head":"<!-- This site is optimized with the Yoast SEO plugin v27.0 - https:\/\/yoast.com\/product\/yoast-seo-wordpress\/ -->\n<title>Tropic Dust. Ambientador goteo - Dermo | F\u00e1brica de detergentes<\/title>\n<meta name=\"robots\" content=\"index, follow, max-snippet:-1, max-image-preview:large, max-video-preview:-1\" \/>\n<link rel=\"canonical\" href=\"https:\/\/dermo.com\/en\/catalog\/tropical-dust\/\" \/>\n<meta property=\"og:locale\" content=\"en_GB\" \/>\n<meta property=\"og:type\" content=\"article\" \/>\n<meta property=\"og:title\" content=\"Tropic Dust. Ambientador goteo - Dermo | F\u00e1brica de detergentes\" \/>\n<meta property=\"og:description\" content=\"Tropic Dust Ambientador l\u00edquido de goteo de larga duraci\u00f3n. Aplicado de forma correcta, su agradable y persistente aroma se mantiene durante 24 horas. Hace desaparecer los olores por muy desagradables que sean. Especialmente creado para ambientar cuartos de ba\u00f1o, aseos y lavabos.      V\u00eddeos de Aplicaci\u00f3n Ambientadores Tropic:  V\u00eddeo de Aplicaci\u00f3n - Espa\u00f1ol  V\u00eddeo de Aplicaci\u00f3n - Ingl\u00e9s  V\u00eddeo de Aplicaci\u00f3n - Franc\u00e9s  V\u00eddeo de Aplicaci\u00f3n - Portugu\u00e9s  V\u00eddeo de Aplicaci\u00f3n - \u00c1rabe\" \/>\n<meta property=\"og:url\" content=\"https:\/\/dermo.com\/en\/catalog\/tropical-dust\/\" \/>\n<meta property=\"og:site_name\" content=\"Dermo | F\u00e1brica de detergentes\" \/>\n<meta property=\"article:modified_time\" content=\"2025-02-21T12:28:48+00:00\" \/>\n<meta property=\"og:image\" content=\"https:\/\/dermo.com\/wp-content\/uploads\/2015\/07\/Tropic-Dust.-Ambientador-Goteo.png\" \/>\n\t<meta property=\"og:image:width\" content=\"768\" \/>\n\t<meta property=\"og:image:height\" content=\"823\" \/>\n\t<meta property=\"og:image:type\" content=\"image\/png\" \/>\n<meta name=\"twitter:card\" content=\"summary_large_image\" \/>\n<meta name=\"twitter:label1\" content=\"Estimated reading time\" \/>\n\t<meta name=\"twitter:data1\" content=\"1 minute\" \/>\n<script type=\"application\/ld+json\" class=\"yoast-schema-graph\">{\"@context\":\"https:\/\/schema.org\",\"@graph\":[{\"@type\":\"WebPage\",\"@id\":\"https:\/\/dermo.com\/catalogo\/tropic-dust\/\",\"url\":\"https:\/\/dermo.com\/catalogo\/tropic-dust\/\",\"name\":\"Tropic Dust. Ambientador goteo - Dermo | F\u00e1brica de detergentes\",\"isPartOf\":{\"@id\":\"https:\/\/dermo.com\/#website\"},\"primaryImageOfPage\":{\"@id\":\"https:\/\/dermo.com\/catalogo\/tropic-dust\/#primaryimage\"},\"image\":{\"@id\":\"https:\/\/dermo.com\/catalogo\/tropic-dust\/#primaryimage\"},\"thumbnailUrl\":\"https:\/\/dermo.com\/wp-content\/uploads\/2015\/07\/Tropic-Dust.-Ambientador-Goteo.png\",\"datePublished\":\"2015-07-27T18:22:29+00:00\",\"dateModified\":\"2025-02-21T12:28:48+00:00\",\"breadcrumb\":{\"@id\":\"https:\/\/dermo.com\/catalogo\/tropic-dust\/#breadcrumb\"},\"inLanguage\":\"en-GB\",\"potentialAction\":[{\"@type\":\"ReadAction\",\"target\":[\"https:\/\/dermo.com\/catalogo\/tropic-dust\/\"]}]},{\"@type\":\"ImageObject\",\"inLanguage\":\"en-GB\",\"@id\":\"https:\/\/dermo.com\/catalogo\/tropic-dust\/#primaryimage\",\"url\":\"https:\/\/dermo.com\/wp-content\/uploads\/2015\/07\/Tropic-Dust.-Ambientador-Goteo.png\",\"contentUrl\":\"https:\/\/dermo.com\/wp-content\/uploads\/2015\/07\/Tropic-Dust.-Ambientador-Goteo.png\",\"width\":768,\"height\":823},{\"@type\":\"BreadcrumbList\",\"@id\":\"https:\/\/dermo.com\/catalogo\/tropic-dust\/#breadcrumb\",\"itemListElement\":[{\"@type\":\"ListItem\",\"position\":1,\"name\":\"Portada\",\"item\":\"https:\/\/dermo.com\/\"},{\"@type\":\"ListItem\",\"position\":2,\"name\":\"Tienda\",\"item\":\"https:\/\/dermo.com\/tienda\/\"},{\"@type\":\"ListItem\",\"position\":3,\"name\":\"Tropic Dust. Ambientador goteo\"}]},{\"@type\":\"WebSite\",\"@id\":\"https:\/\/dermo.com\/#website\",\"url\":\"https:\/\/dermo.com\/\",\"name\":\"Dermo | F\u00e1brica de detergentes\",\"description\":\"Tecnolog\u00eda avanzada, investigaci\u00f3n y desarrollo, respeto por el medio ambiente, competencia, formaci\u00f3n constante y alto nivel de profesionalidad en nuestro equipo humano, empe\u00f1ado en preservar la calidad de vida, la protecci\u00f3n del entorno natural contin\u00faan motiv\u00e1ndonos para desarrollar en nuestros laboratorios nuevos productos con ingredientes activos altamente biodegradables que hacen posible un desarrollo sostenible.\",\"potentialAction\":[{\"@type\":\"SearchAction\",\"target\":{\"@type\":\"EntryPoint\",\"urlTemplate\":\"https:\/\/dermo.com\/?s={search_term_string}\"},\"query-input\":{\"@type\":\"PropertyValueSpecification\",\"valueRequired\":true,\"valueName\":\"search_term_string\"}}],\"inLanguage\":\"en-GB\"}]}<\/script>\n<!-- \/ Yoast SEO plugin. -->","yoast_head_json":{"title":"Tropic Dust. Drip air freshener - Dermo | Detergent factory","robots":{"index":"index","follow":"follow","max-snippet":"max-snippet:-1","max-image-preview":"max-image-preview:large","max-video-preview":"max-video-preview:-1"},"canonical":"https:\/\/dermo.com\/en\/catalog\/tropical-dust\/","og_locale":"en_GB","og_type":"article","og_title":"Tropic Dust. Ambientador goteo - Dermo | F\u00e1brica de detergentes","og_description":"Tropic Dust Ambientador l\u00edquido de goteo de larga duraci\u00f3n. Aplicado de forma correcta, su agradable y persistente aroma se mantiene durante 24 horas. Hace desaparecer los olores por muy desagradables que sean. Especialmente creado para ambientar cuartos de ba\u00f1o, aseos y lavabos.      V\u00eddeos de Aplicaci\u00f3n Ambientadores Tropic:  V\u00eddeo de Aplicaci\u00f3n - Espa\u00f1ol  V\u00eddeo de Aplicaci\u00f3n - Ingl\u00e9s  V\u00eddeo de Aplicaci\u00f3n - Franc\u00e9s  V\u00eddeo de Aplicaci\u00f3n - Portugu\u00e9s  V\u00eddeo de Aplicaci\u00f3n - \u00c1rabe","og_url":"https:\/\/dermo.com\/en\/catalog\/tropical-dust\/","og_site_name":"Dermo | F\u00e1brica de detergentes","article_modified_time":"2025-02-21T12:28:48+00:00","og_image":[{"width":768,"height":823,"url":"https:\/\/dermo.com\/wp-content\/uploads\/2015\/07\/Tropic-Dust.-Ambientador-Goteo.png","type":"image\/png"}],"twitter_card":"summary_large_image","twitter_misc":{"Estimated reading time":"1 minute"},"schema":{"@context":"https:\/\/schema.org","@graph":[{"@type":"WebPage","@id":"https:\/\/dermo.com\/catalogo\/tropic-dust\/","url":"https:\/\/dermo.com\/catalogo\/tropic-dust\/","name":"Tropic Dust. Drip air freshener - Dermo | Detergent factory","isPartOf":{"@id":"https:\/\/dermo.com\/#website"},"primaryImageOfPage":{"@id":"https:\/\/dermo.com\/catalogo\/tropic-dust\/#primaryimage"},"image":{"@id":"https:\/\/dermo.com\/catalogo\/tropic-dust\/#primaryimage"},"thumbnailUrl":"https:\/\/dermo.com\/wp-content\/uploads\/2015\/07\/Tropic-Dust.-Ambientador-Goteo.png","datePublished":"2015-07-27T18:22:29+00:00","dateModified":"2025-02-21T12:28:48+00:00","breadcrumb":{"@id":"https:\/\/dermo.com\/catalogo\/tropic-dust\/#breadcrumb"},"inLanguage":"en-GB","potentialAction":[{"@type":"ReadAction","target":["https:\/\/dermo.com\/catalogo\/tropic-dust\/"]}]},{"@type":"ImageObject","inLanguage":"en-GB","@id":"https:\/\/dermo.com\/catalogo\/tropic-dust\/#primaryimage","url":"https:\/\/dermo.com\/wp-content\/uploads\/2015\/07\/Tropic-Dust.-Ambientador-Goteo.png","contentUrl":"https:\/\/dermo.com\/wp-content\/uploads\/2015\/07\/Tropic-Dust.-Ambientador-Goteo.png","width":768,"height":823},{"@type":"BreadcrumbList","@id":"https:\/\/dermo.com\/catalogo\/tropic-dust\/#breadcrumb","itemListElement":[{"@type":"ListItem","position":1,"name":"Portada","item":"https:\/\/dermo.com\/"},{"@type":"ListItem","position":2,"name":"Tienda","item":"https:\/\/dermo.com\/tienda\/"},{"@type":"ListItem","position":3,"name":"Tropic Dust. Ambientador goteo"}]},{"@type":"WebSite","@id":"https:\/\/dermo.com\/#website","url":"https:\/\/dermo.com\/","name":"Dermo | detergent factory","description":"Advanced technology, research and development, respect for the environment, competence, constant training and a high level of professionalism in our team, committed to preserving the quality of life and protecting the natural environment, continue to motivate us to develop new products in our laboratories with highly biodegradable active ingredients that make sustainable development possible.","potentialAction":[{"@type":"SearchAction","target":{"@type":"EntryPoint","urlTemplate":"https:\/\/dermo.com\/?s={search_term_string}"},"query-input":{"@type":"PropertyValueSpecification","valueRequired":true,"valueName":"search_term_string"}}],"inLanguage":"en-GB"}]}},"_links":{"self":[{"href":"https:\/\/dermo.com\/en\/wp-json\/wp\/v2\/product\/2621","targetHints":{"allow":["GET"]}}],"collection":[{"href":"https:\/\/dermo.com\/en\/wp-json\/wp\/v2\/product"}],"about":[{"href":"https:\/\/dermo.com\/en\/wp-json\/wp\/v2\/types\/product"}],"wp:featuredmedia":[{"embeddable":true,"href":"https:\/\/dermo.com\/en\/wp-json\/wp\/v2\/media\/3838"}],"wp:attachment":[{"href":"https:\/\/dermo.com\/en\/wp-json\/wp\/v2\/media?parent=2621"}],"wp:term":[{"taxonomy":"product_brand","embeddable":true,"href":"https:\/\/dermo.com\/en\/wp-json\/wp\/v2\/product_brand?post=2621"},{"taxonomy":"product_cat","embeddable":true,"href":"https:\/\/dermo.com\/en\/wp-json\/wp\/v2\/product_cat?post=2621"},{"taxonomy":"product_tag","embeddable":true,"href":"https:\/\/dermo.com\/en\/wp-json\/wp\/v2\/product_tag?post=2621"}],"curies":[{"name":"wp","href":"https:\/\/api.w.org\/{rel}","templated":true}]}}