{"id":2647,"date":"2015-07-28T10:32:19","date_gmt":"2015-07-28T10:32:19","guid":{"rendered":"https:\/\/dermo.ultbit.com\/producto\/fial1\/"},"modified":"2025-03-27T17:11:29","modified_gmt":"2025-03-27T16:11:29","slug":"fial1","status":"publish","type":"product","link":"https:\/\/dermo.com\/en\/catalog\/fial1\/","title":{"rendered":"Fial 1. Soft water dishwasher detergent"},"content":{"rendered":"<p><strong>FORM OF USE:<\/strong><br \/>\nDose Fial 1 between 2 and 6 g\/litre depending on the water hardness and temperature (it is recommended to be between 50\u00baC and<br \/>\n65\u00baC). It can be introduced manually into the machine or by automatic dosing.<\/p>\n<p><strong>TECHNICAL CHARACTERISTICS<\/strong><br \/>\nAspect: Liquid.<br \/>\nColor: Yellow.<br \/>\nSmell: Without fragance.<br \/>\npH (10%, water): 12.5 \u2013 13.5<br \/>\nDensity: 1.00 \u2013 1.10 g\/cc.<br \/>\nActive substance concentration 13 - 15%<\/p>\n<p><strong>COMPOSITION<\/strong><br \/>\nAlkalis, phosphonates and polyacrylates.<\/p>\n<p><strong>PRESENTATION<\/strong><br \/>\nPlastic containers:<\/p>\n<table>\n<tbody>\n<tr>\n<td>FORMAT<\/td>\n<td>\u00a0 \u00a0 \u00a05 Kg<\/td>\n<td>\u00a0 \u00a0 \u00a010 kg<\/td>\n<td>\u00a0 \u00a0 \u00a025 kg<\/td>\n<\/tr>\n<tr>\n<td>CODE<\/td>\n<td>\u00a0 \u00a0003FIA05<\/td>\n<td>\u00a0 \u00a0003FIA10<\/td>\n<td>\u00a0 \u00a0003FIA25<\/td>\n<\/tr>\n<\/tbody>\n<\/table>\n<p><strong>SAFETY \/ TOXICOLOGY<\/strong><br \/>\nCauses severe skin burns and eye damage. Wear protective gloves\/goggles.<br \/>\nKeep out of reach of children. In case of accident, consult the Medical Information Service.<br \/>\nToxicology. Tel.: 915 620 420.<\/p>\n<p><strong>ADDITIONAL INFORMATION<\/strong><br \/>\nINDUSTRIAL PRODUCT. PROFESSIONAL USE.<\/p>\n<p>&nbsp;<\/p>","protected":false},"excerpt":{"rendered":"<h3><\/h3>\n<p class=\"Estndar\">Liquid detergent for washing of crockery in dishwashing machines. It is alkaline, with controlled foam and high cleaning power. Protects metallic parts and circuits of the machine, avoiding build uo of rust.<\/p>","protected":false},"featured_media":2646,"template":"","meta":{"neve_meta_sidebar":"","neve_meta_container":"","neve_meta_enable_content_width":"off","neve_meta_content_width":100,"neve_meta_title_alignment":"","neve_meta_author_avatar":"","neve_post_elements_order":"","neve_meta_disable_header":"","neve_meta_disable_footer":"","neve_meta_disable_title":""},"product_brand":[],"product_cat":[373],"product_tag":[],"class_list":{"0":"post-2647","1":"product","2":"type-product","3":"status-publish","4":"has-post-thumbnail","6":"product_cat-lavavajillas-automaticas","8":"first","9":"instock","10":"shipping-taxable","11":"product-type-simple"},"yoast_head":"<!-- This site is optimized with the Yoast SEO plugin v27.0 - https:\/\/yoast.com\/product\/yoast-seo-wordpress\/ -->\n<title>Fial 1. Lavavajillas aguas blandas - Dermo | F\u00e1brica de detergentes<\/title>\n<meta name=\"robots\" content=\"index, follow, max-snippet:-1, max-image-preview:large, max-video-preview:-1\" \/>\n<link rel=\"canonical\" href=\"https:\/\/dermo.com\/en\/catalog\/fial1\/\" \/>\n<meta property=\"og:locale\" content=\"en_GB\" \/>\n<meta property=\"og:type\" content=\"article\" \/>\n<meta property=\"og:title\" content=\"Fial 1. Lavavajillas aguas blandas - Dermo | F\u00e1brica de detergentes\" \/>\n<meta property=\"og:description\" content=\"Detergente alcalino l\u00edquido de espuma controlada para el lavado de lavavajillas autom\u00e1ticas en aguas blandas. Protege las partes met\u00e1licas y circuitos de la m\u00e1quina evitando su corrosi\u00f3n.\" \/>\n<meta property=\"og:url\" content=\"https:\/\/dermo.com\/en\/catalog\/fial1\/\" \/>\n<meta property=\"og:site_name\" content=\"Dermo | F\u00e1brica de detergentes\" \/>\n<meta property=\"article:modified_time\" content=\"2025-03-27T16:11:29+00:00\" \/>\n<meta property=\"og:image\" content=\"https:\/\/dermo.com\/wp-content\/uploads\/2015\/07\/97-Fial-1.-Lavavajillas-aguas-blandas.jpg\" \/>\n\t<meta property=\"og:image:width\" content=\"768\" \/>\n\t<meta property=\"og:image:height\" content=\"823\" \/>\n\t<meta property=\"og:image:type\" content=\"image\/jpeg\" \/>\n<meta name=\"twitter:card\" content=\"summary_large_image\" \/>\n<meta name=\"twitter:label1\" content=\"Estimated reading time\" \/>\n\t<meta name=\"twitter:data1\" content=\"1 minute\" \/>\n<script type=\"application\/ld+json\" class=\"yoast-schema-graph\">{\"@context\":\"https:\/\/schema.org\",\"@graph\":[{\"@type\":\"WebPage\",\"@id\":\"https:\/\/dermo.com\/catalogo\/fial1\/\",\"url\":\"https:\/\/dermo.com\/catalogo\/fial1\/\",\"name\":\"Fial 1. Lavavajillas aguas blandas - Dermo | F\u00e1brica de detergentes\",\"isPartOf\":{\"@id\":\"https:\/\/dermo.com\/#website\"},\"primaryImageOfPage\":{\"@id\":\"https:\/\/dermo.com\/catalogo\/fial1\/#primaryimage\"},\"image\":{\"@id\":\"https:\/\/dermo.com\/catalogo\/fial1\/#primaryimage\"},\"thumbnailUrl\":\"https:\/\/dermo.com\/wp-content\/uploads\/2015\/07\/97-Fial-1.-Lavavajillas-aguas-blandas.jpg\",\"datePublished\":\"2015-07-28T10:32:19+00:00\",\"dateModified\":\"2025-03-27T16:11:29+00:00\",\"breadcrumb\":{\"@id\":\"https:\/\/dermo.com\/catalogo\/fial1\/#breadcrumb\"},\"inLanguage\":\"en-GB\",\"potentialAction\":[{\"@type\":\"ReadAction\",\"target\":[\"https:\/\/dermo.com\/catalogo\/fial1\/\"]}]},{\"@type\":\"ImageObject\",\"inLanguage\":\"en-GB\",\"@id\":\"https:\/\/dermo.com\/catalogo\/fial1\/#primaryimage\",\"url\":\"https:\/\/dermo.com\/wp-content\/uploads\/2015\/07\/97-Fial-1.-Lavavajillas-aguas-blandas.jpg\",\"contentUrl\":\"https:\/\/dermo.com\/wp-content\/uploads\/2015\/07\/97-Fial-1.-Lavavajillas-aguas-blandas.jpg\",\"width\":768,\"height\":823,\"caption\":\"Fial 1. Lavavajillas aguas blandas\"},{\"@type\":\"BreadcrumbList\",\"@id\":\"https:\/\/dermo.com\/catalogo\/fial1\/#breadcrumb\",\"itemListElement\":[{\"@type\":\"ListItem\",\"position\":1,\"name\":\"Portada\",\"item\":\"https:\/\/dermo.com\/\"},{\"@type\":\"ListItem\",\"position\":2,\"name\":\"Tienda\",\"item\":\"https:\/\/dermo.com\/tienda\/\"},{\"@type\":\"ListItem\",\"position\":3,\"name\":\"Fial 1. Lavavajillas aguas blandas\"}]},{\"@type\":\"WebSite\",\"@id\":\"https:\/\/dermo.com\/#website\",\"url\":\"https:\/\/dermo.com\/\",\"name\":\"Dermo | F\u00e1brica de detergentes\",\"description\":\"Tecnolog\u00eda avanzada, investigaci\u00f3n y desarrollo, respeto por el medio ambiente, competencia, formaci\u00f3n constante y alto nivel de profesionalidad en nuestro equipo humano, empe\u00f1ado en preservar la calidad de vida, la protecci\u00f3n del entorno natural contin\u00faan motiv\u00e1ndonos para desarrollar en nuestros laboratorios nuevos productos con ingredientes activos altamente biodegradables que hacen posible un desarrollo sostenible.\",\"potentialAction\":[{\"@type\":\"SearchAction\",\"target\":{\"@type\":\"EntryPoint\",\"urlTemplate\":\"https:\/\/dermo.com\/?s={search_term_string}\"},\"query-input\":{\"@type\":\"PropertyValueSpecification\",\"valueRequired\":true,\"valueName\":\"search_term_string\"}}],\"inLanguage\":\"en-GB\"}]}<\/script>\n<!-- \/ Yoast SEO plugin. -->","yoast_head_json":{"title":"Fial 1. Soft water dishwasher - Dermo | Detergent factory","robots":{"index":"index","follow":"follow","max-snippet":"max-snippet:-1","max-image-preview":"max-image-preview:large","max-video-preview":"max-video-preview:-1"},"canonical":"https:\/\/dermo.com\/en\/catalog\/fial1\/","og_locale":"en_GB","og_type":"article","og_title":"Fial 1. Lavavajillas aguas blandas - Dermo | F\u00e1brica de detergentes","og_description":"Detergente alcalino l\u00edquido de espuma controlada para el lavado de lavavajillas autom\u00e1ticas en aguas blandas. Protege las partes met\u00e1licas y circuitos de la m\u00e1quina evitando su corrosi\u00f3n.","og_url":"https:\/\/dermo.com\/en\/catalog\/fial1\/","og_site_name":"Dermo | F\u00e1brica de detergentes","article_modified_time":"2025-03-27T16:11:29+00:00","og_image":[{"width":768,"height":823,"url":"https:\/\/dermo.com\/wp-content\/uploads\/2015\/07\/97-Fial-1.-Lavavajillas-aguas-blandas.jpg","type":"image\/jpeg"}],"twitter_card":"summary_large_image","twitter_misc":{"Estimated reading time":"1 minute"},"schema":{"@context":"https:\/\/schema.org","@graph":[{"@type":"WebPage","@id":"https:\/\/dermo.com\/catalogo\/fial1\/","url":"https:\/\/dermo.com\/catalogo\/fial1\/","name":"Fial 1. Soft water dishwasher - Dermo | Detergent factory","isPartOf":{"@id":"https:\/\/dermo.com\/#website"},"primaryImageOfPage":{"@id":"https:\/\/dermo.com\/catalogo\/fial1\/#primaryimage"},"image":{"@id":"https:\/\/dermo.com\/catalogo\/fial1\/#primaryimage"},"thumbnailUrl":"https:\/\/dermo.com\/wp-content\/uploads\/2015\/07\/97-Fial-1.-Lavavajillas-aguas-blandas.jpg","datePublished":"2015-07-28T10:32:19+00:00","dateModified":"2025-03-27T16:11:29+00:00","breadcrumb":{"@id":"https:\/\/dermo.com\/catalogo\/fial1\/#breadcrumb"},"inLanguage":"en-GB","potentialAction":[{"@type":"ReadAction","target":["https:\/\/dermo.com\/catalogo\/fial1\/"]}]},{"@type":"ImageObject","inLanguage":"en-GB","@id":"https:\/\/dermo.com\/catalogo\/fial1\/#primaryimage","url":"https:\/\/dermo.com\/wp-content\/uploads\/2015\/07\/97-Fial-1.-Lavavajillas-aguas-blandas.jpg","contentUrl":"https:\/\/dermo.com\/wp-content\/uploads\/2015\/07\/97-Fial-1.-Lavavajillas-aguas-blandas.jpg","width":768,"height":823,"caption":"Fial 1. Lavavajillas aguas blandas"},{"@type":"BreadcrumbList","@id":"https:\/\/dermo.com\/catalogo\/fial1\/#breadcrumb","itemListElement":[{"@type":"ListItem","position":1,"name":"Portada","item":"https:\/\/dermo.com\/"},{"@type":"ListItem","position":2,"name":"Tienda","item":"https:\/\/dermo.com\/tienda\/"},{"@type":"ListItem","position":3,"name":"Fial 1. Lavavajillas aguas blandas"}]},{"@type":"WebSite","@id":"https:\/\/dermo.com\/#website","url":"https:\/\/dermo.com\/","name":"Dermo | detergent factory","description":"Advanced technology, research and development, respect for the environment, competence, constant training and a high level of professionalism in our team, committed to preserving the quality of life and protecting the natural environment, continue to motivate us to develop new products in our laboratories with highly biodegradable active ingredients that make sustainable development possible.","potentialAction":[{"@type":"SearchAction","target":{"@type":"EntryPoint","urlTemplate":"https:\/\/dermo.com\/?s={search_term_string}"},"query-input":{"@type":"PropertyValueSpecification","valueRequired":true,"valueName":"search_term_string"}}],"inLanguage":"en-GB"}]}},"_links":{"self":[{"href":"https:\/\/dermo.com\/en\/wp-json\/wp\/v2\/product\/2647","targetHints":{"allow":["GET"]}}],"collection":[{"href":"https:\/\/dermo.com\/en\/wp-json\/wp\/v2\/product"}],"about":[{"href":"https:\/\/dermo.com\/en\/wp-json\/wp\/v2\/types\/product"}],"wp:featuredmedia":[{"embeddable":true,"href":"https:\/\/dermo.com\/en\/wp-json\/wp\/v2\/media\/2646"}],"wp:attachment":[{"href":"https:\/\/dermo.com\/en\/wp-json\/wp\/v2\/media?parent=2647"}],"wp:term":[{"taxonomy":"product_brand","embeddable":true,"href":"https:\/\/dermo.com\/en\/wp-json\/wp\/v2\/product_brand?post=2647"},{"taxonomy":"product_cat","embeddable":true,"href":"https:\/\/dermo.com\/en\/wp-json\/wp\/v2\/product_cat?post=2647"},{"taxonomy":"product_tag","embeddable":true,"href":"https:\/\/dermo.com\/en\/wp-json\/wp\/v2\/product_tag?post=2647"}],"curies":[{"name":"wp","href":"https:\/\/api.w.org\/{rel}","templated":true}]}}