{"id":2661,"date":"2015-07-28T12:53:33","date_gmt":"2015-07-28T12:53:33","guid":{"rendered":"https:\/\/dermo.ultbit.com\/producto\/limcal\/"},"modified":"2025-05-14T11:58:58","modified_gmt":"2025-05-14T09:58:58","slug":"limcal","status":"publish","type":"product","link":"https:\/\/dermo.com\/en\/catalog\/limcal\/","title":{"rendered":"Limcal. Descaler"},"content":{"rendered":"<p><strong>FORM OF USE:<\/strong><br \/>\n<strong>Dishwashing machines<\/strong>: Perform a vacuum wash cycle, dosing the product from 5% to 10%. Repeat the process every 15 days for optimal maintenance of the machine.<br \/>\n<strong>Dishwasher Recycling<\/strong>: Dilute the product from 3 to 5% in a container with water. Immerse the dishes for 5 to 10 minutes. Rinse with plenty of water.<br \/>\n<strong>End of construction and pool cleaning<\/strong>: Check that the material is acid-resistant (stoneware, ceramic, mosaic, granite, slate). Dilute between 40 and 60% in water. Apply to the surface and rub with a brush. Rinse with water until pH neutral. Do not use on limestone or marble.<br \/>\n<strong>Construction Equipment<\/strong>: To remove cement residue from concrete mixers, wheelbarrows, etc., use 20 to 50% diluted.<br \/>\n<strong>Cleaning joints:<\/strong> Dilute 30 to 40% in water. Apply to the joints and rub immediately with a brush or scouring pad. After application, neutralize with plenty of water.<\/p>\n<p><strong>TECHNICAL CHARACTERISTICS<\/strong><br \/>\nAspect: Opaque liquid.<br \/>\nColor: White.<br \/>\nSmell: Bitter almonds.<br \/>\nPure pH: &lt;1.<br \/>\nDensity: 1.05-1.07 g\/cc<br \/>\nConcentration in active substance: 17 -20%<\/p>\n<p><strong>COMPOSITION<\/strong><br \/>\nInorganic acids, perfume.<\/p>\n<p><strong>PRESENTATION<\/strong><br \/>\nPlastic containers:<\/p>\n<table>\n<tbody>\n<tr>\n<td>FORMAT<\/td>\n<td>\u00a0 \u00a0 \u00a01 kg<\/td>\n<td>\u00a0 \u00a0 \u00a0 5 kg<\/td>\n<td><\/td>\n<\/tr>\n<tr>\n<td>CODE<\/td>\n<td>\u00a0 \u00a0003LIM01<\/td>\n<td>\u00a0 \u00a0003LIM05<\/td>\n<td><\/td>\n<\/tr>\n<\/tbody>\n<\/table>\n<p><strong>SAFETY \/ TOXICOLOGY<\/strong><br \/>\nCauses severe skin burns and eye damage. Wear protective gloves\/clothing\/eye protection.<br \/>\nIn case of accident, consult the Medical Toxicology Information Service. Tel.: 915 620 420.<\/p>\n<p><strong>ADDITIONAL INFORMATION<\/strong><br \/>\nINDUSTRIAL PRODUCT. PROFESSIONAL USE.<\/p>","protected":false},"excerpt":{"rendered":"<p>&nbsp;<\/p>\n<p class=\"Estndar\">Powerful, safe and effective removal of incrustations, for either hot or cold water circuits.<br \/>\nIt removes limescale or oxyde incrustations previously formed and does not oxidise.<br \/>\nEffective for use in pipe lines, bricks, dishwashers and washing machines, cleaning of swimming pools, final cleaning of building works\u2026<\/p>","protected":false},"featured_media":2660,"template":"","meta":{"neve_meta_sidebar":"","neve_meta_container":"","neve_meta_enable_content_width":"off","neve_meta_content_width":100,"neve_meta_title_alignment":"","neve_meta_author_avatar":"","neve_post_elements_order":"","neve_meta_disable_header":"","neve_meta_disable_footer":"","neve_meta_disable_title":""},"product_brand":[],"product_cat":[377,385,382,381],"product_tag":[],"class_list":{"0":"post-2661","1":"product","2":"type-product","3":"status-publish","4":"has-post-thumbnail","6":"product_cat-desincrustantes","7":"product_cat-industria-y-automocion-productos","8":"product_cat-limpiadores-especificos","9":"product_cat-tratamiento-de-suelos","11":"first","12":"instock","13":"shipping-taxable","14":"product-type-simple"},"yoast_head":"<!-- This site is optimized with the Yoast SEO plugin v27.0 - https:\/\/yoast.com\/product\/yoast-seo-wordpress\/ -->\n<title>Limcal. Desincrustante - Dermo | F\u00e1brica de detergentes<\/title>\n<meta name=\"robots\" content=\"index, follow, max-snippet:-1, max-image-preview:large, max-video-preview:-1\" \/>\n<link rel=\"canonical\" href=\"https:\/\/dermo.com\/en\/catalog\/limcal\/\" \/>\n<meta property=\"og:locale\" content=\"en_GB\" \/>\n<meta property=\"og:type\" content=\"article\" \/>\n<meta property=\"og:title\" content=\"Limcal. Desincrustante - Dermo | F\u00e1brica de detergentes\" \/>\n<meta property=\"og:description\" content=\"&nbsp; Desincrustante para circuitos de agua caliente o fr\u00eda de m\u00e1quinas lavavajillas, lavadoras.... Disuelve incrustaciones de cal y \u00f3xido. V\u00e1lido para limpiezas de final de obra y piscinas (restos de cemento, suciedad ambiental, salitre, \u00f3xido, cal) y como limpiador de juntas de baldosas.\" \/>\n<meta property=\"og:url\" content=\"https:\/\/dermo.com\/en\/catalog\/limcal\/\" \/>\n<meta property=\"og:site_name\" content=\"Dermo | F\u00e1brica de detergentes\" \/>\n<meta property=\"article:modified_time\" content=\"2025-05-14T09:58:58+00:00\" \/>\n<meta property=\"og:image\" content=\"https:\/\/dermo.com\/wp-content\/uploads\/2015\/07\/104-Limcal.-Desincrustante.jpg\" \/>\n\t<meta property=\"og:image:width\" content=\"768\" \/>\n\t<meta property=\"og:image:height\" content=\"794\" \/>\n\t<meta property=\"og:image:type\" content=\"image\/jpeg\" \/>\n<meta name=\"twitter:card\" content=\"summary_large_image\" \/>\n<meta name=\"twitter:label1\" content=\"Estimated reading time\" \/>\n\t<meta name=\"twitter:data1\" content=\"2 minutes\" \/>\n<script type=\"application\/ld+json\" class=\"yoast-schema-graph\">{\"@context\":\"https:\/\/schema.org\",\"@graph\":[{\"@type\":\"WebPage\",\"@id\":\"https:\/\/dermo.com\/catalogo\/limcal\/\",\"url\":\"https:\/\/dermo.com\/catalogo\/limcal\/\",\"name\":\"Limcal. Desincrustante - Dermo | F\u00e1brica de detergentes\",\"isPartOf\":{\"@id\":\"https:\/\/dermo.com\/#website\"},\"primaryImageOfPage\":{\"@id\":\"https:\/\/dermo.com\/catalogo\/limcal\/#primaryimage\"},\"image\":{\"@id\":\"https:\/\/dermo.com\/catalogo\/limcal\/#primaryimage\"},\"thumbnailUrl\":\"https:\/\/dermo.com\/wp-content\/uploads\/2015\/07\/104-Limcal.-Desincrustante.jpg\",\"datePublished\":\"2015-07-28T12:53:33+00:00\",\"dateModified\":\"2025-05-14T09:58:58+00:00\",\"breadcrumb\":{\"@id\":\"https:\/\/dermo.com\/catalogo\/limcal\/#breadcrumb\"},\"inLanguage\":\"en-GB\",\"potentialAction\":[{\"@type\":\"ReadAction\",\"target\":[\"https:\/\/dermo.com\/catalogo\/limcal\/\"]}]},{\"@type\":\"ImageObject\",\"inLanguage\":\"en-GB\",\"@id\":\"https:\/\/dermo.com\/catalogo\/limcal\/#primaryimage\",\"url\":\"https:\/\/dermo.com\/wp-content\/uploads\/2015\/07\/104-Limcal.-Desincrustante.jpg\",\"contentUrl\":\"https:\/\/dermo.com\/wp-content\/uploads\/2015\/07\/104-Limcal.-Desincrustante.jpg\",\"width\":768,\"height\":794,\"caption\":\"Limcal. Desincrustante\"},{\"@type\":\"BreadcrumbList\",\"@id\":\"https:\/\/dermo.com\/catalogo\/limcal\/#breadcrumb\",\"itemListElement\":[{\"@type\":\"ListItem\",\"position\":1,\"name\":\"Portada\",\"item\":\"https:\/\/dermo.com\/\"},{\"@type\":\"ListItem\",\"position\":2,\"name\":\"Tienda\",\"item\":\"https:\/\/dermo.com\/tienda\/\"},{\"@type\":\"ListItem\",\"position\":3,\"name\":\"Limcal. Desincrustante\"}]},{\"@type\":\"WebSite\",\"@id\":\"https:\/\/dermo.com\/#website\",\"url\":\"https:\/\/dermo.com\/\",\"name\":\"Dermo | F\u00e1brica de detergentes\",\"description\":\"Tecnolog\u00eda avanzada, investigaci\u00f3n y desarrollo, respeto por el medio ambiente, competencia, formaci\u00f3n constante y alto nivel de profesionalidad en nuestro equipo humano, empe\u00f1ado en preservar la calidad de vida, la protecci\u00f3n del entorno natural contin\u00faan motiv\u00e1ndonos para desarrollar en nuestros laboratorios nuevos productos con ingredientes activos altamente biodegradables que hacen posible un desarrollo sostenible.\",\"potentialAction\":[{\"@type\":\"SearchAction\",\"target\":{\"@type\":\"EntryPoint\",\"urlTemplate\":\"https:\/\/dermo.com\/?s={search_term_string}\"},\"query-input\":{\"@type\":\"PropertyValueSpecification\",\"valueRequired\":true,\"valueName\":\"search_term_string\"}}],\"inLanguage\":\"en-GB\"}]}<\/script>\n<!-- \/ Yoast SEO plugin. -->","yoast_head_json":{"title":"Limcal. Descaler - Dermo | detergent factory","robots":{"index":"index","follow":"follow","max-snippet":"max-snippet:-1","max-image-preview":"max-image-preview:large","max-video-preview":"max-video-preview:-1"},"canonical":"https:\/\/dermo.com\/en\/catalog\/limcal\/","og_locale":"en_GB","og_type":"article","og_title":"Limcal. Desincrustante - Dermo | F\u00e1brica de detergentes","og_description":"&nbsp; Desincrustante para circuitos de agua caliente o fr\u00eda de m\u00e1quinas lavavajillas, lavadoras.... Disuelve incrustaciones de cal y \u00f3xido. V\u00e1lido para limpiezas de final de obra y piscinas (restos de cemento, suciedad ambiental, salitre, \u00f3xido, cal) y como limpiador de juntas de baldosas.","og_url":"https:\/\/dermo.com\/en\/catalog\/limcal\/","og_site_name":"Dermo | F\u00e1brica de detergentes","article_modified_time":"2025-05-14T09:58:58+00:00","og_image":[{"width":768,"height":794,"url":"https:\/\/dermo.com\/wp-content\/uploads\/2015\/07\/104-Limcal.-Desincrustante.jpg","type":"image\/jpeg"}],"twitter_card":"summary_large_image","twitter_misc":{"Estimated reading time":"2 minutes"},"schema":{"@context":"https:\/\/schema.org","@graph":[{"@type":"WebPage","@id":"https:\/\/dermo.com\/catalogo\/limcal\/","url":"https:\/\/dermo.com\/catalogo\/limcal\/","name":"Limcal. Descaler - Dermo | detergent factory","isPartOf":{"@id":"https:\/\/dermo.com\/#website"},"primaryImageOfPage":{"@id":"https:\/\/dermo.com\/catalogo\/limcal\/#primaryimage"},"image":{"@id":"https:\/\/dermo.com\/catalogo\/limcal\/#primaryimage"},"thumbnailUrl":"https:\/\/dermo.com\/wp-content\/uploads\/2015\/07\/104-Limcal.-Desincrustante.jpg","datePublished":"2015-07-28T12:53:33+00:00","dateModified":"2025-05-14T09:58:58+00:00","breadcrumb":{"@id":"https:\/\/dermo.com\/catalogo\/limcal\/#breadcrumb"},"inLanguage":"en-GB","potentialAction":[{"@type":"ReadAction","target":["https:\/\/dermo.com\/catalogo\/limcal\/"]}]},{"@type":"ImageObject","inLanguage":"en-GB","@id":"https:\/\/dermo.com\/catalogo\/limcal\/#primaryimage","url":"https:\/\/dermo.com\/wp-content\/uploads\/2015\/07\/104-Limcal.-Desincrustante.jpg","contentUrl":"https:\/\/dermo.com\/wp-content\/uploads\/2015\/07\/104-Limcal.-Desincrustante.jpg","width":768,"height":794,"caption":"Limcal. Desincrustante"},{"@type":"BreadcrumbList","@id":"https:\/\/dermo.com\/catalogo\/limcal\/#breadcrumb","itemListElement":[{"@type":"ListItem","position":1,"name":"Portada","item":"https:\/\/dermo.com\/"},{"@type":"ListItem","position":2,"name":"Tienda","item":"https:\/\/dermo.com\/tienda\/"},{"@type":"ListItem","position":3,"name":"Limcal. Desincrustante"}]},{"@type":"WebSite","@id":"https:\/\/dermo.com\/#website","url":"https:\/\/dermo.com\/","name":"Dermo | detergent factory","description":"Advanced technology, research and development, respect for the environment, competence, constant training and a high level of professionalism in our team, committed to preserving the quality of life and protecting the natural environment, continue to motivate us to develop new products in our laboratories with highly biodegradable active ingredients that make sustainable development possible.","potentialAction":[{"@type":"SearchAction","target":{"@type":"EntryPoint","urlTemplate":"https:\/\/dermo.com\/?s={search_term_string}"},"query-input":{"@type":"PropertyValueSpecification","valueRequired":true,"valueName":"search_term_string"}}],"inLanguage":"en-GB"}]}},"_links":{"self":[{"href":"https:\/\/dermo.com\/en\/wp-json\/wp\/v2\/product\/2661","targetHints":{"allow":["GET"]}}],"collection":[{"href":"https:\/\/dermo.com\/en\/wp-json\/wp\/v2\/product"}],"about":[{"href":"https:\/\/dermo.com\/en\/wp-json\/wp\/v2\/types\/product"}],"wp:featuredmedia":[{"embeddable":true,"href":"https:\/\/dermo.com\/en\/wp-json\/wp\/v2\/media\/2660"}],"wp:attachment":[{"href":"https:\/\/dermo.com\/en\/wp-json\/wp\/v2\/media?parent=2661"}],"wp:term":[{"taxonomy":"product_brand","embeddable":true,"href":"https:\/\/dermo.com\/en\/wp-json\/wp\/v2\/product_brand?post=2661"},{"taxonomy":"product_cat","embeddable":true,"href":"https:\/\/dermo.com\/en\/wp-json\/wp\/v2\/product_cat?post=2661"},{"taxonomy":"product_tag","embeddable":true,"href":"https:\/\/dermo.com\/en\/wp-json\/wp\/v2\/product_tag?post=2661"}],"curies":[{"name":"wp","href":"https:\/\/api.w.org\/{rel}","templated":true}]}}