{"id":2673,"date":"2015-07-28T13:21:12","date_gmt":"2015-07-28T13:21:12","guid":{"rendered":"https:\/\/dermo.ultbit.com\/producto\/gel-activo\/"},"modified":"2024-09-10T09:32:05","modified_gmt":"2024-09-10T07:32:05","slug":"active-gel","status":"publish","type":"product","link":"https:\/\/dermo.com\/en\/catalog\/active-gel\/","title":{"rendered":"Active Gel. Liquid detergent"},"content":{"rendered":"<p><strong>FORM OF USE:<\/strong><br \/>\nFrom 15 to 25 g per kilo of dry clothes, depending on how dirty the wash is and the water hardness.<\/p>\n<p><strong>TECHNICAL CHARACTERISTICS<\/strong><br \/>\nAspect: Thick Liquid.<br \/>\nColor: Blue.<br \/>\nSmell: Perfume.<br \/>\nPure pH: 8.5 \u2013 9.5.<br \/>\nConcentration in active substance: 20 \u2013 30%<\/p>\n<p><strong>COMPOSITION<\/strong><br \/>\nAnionic and non-ionic surfactants, optical brighteners, preservative, perfume and colorant.<\/p>\n<p><strong>PRESENTATION<\/strong><br \/>\nPlastic containers:<\/p>\n<table width=\"620\">\n<tbody>\n<tr>\n<td width=\"220\">FORMAT<\/td>\n<td width=\"200\">3 kg<\/td>\n<td width=\"200\">5kg<\/td>\n<\/tr>\n<tr>\n<td width=\"220\">CODE<\/td>\n<td width=\"200\">001ACT03<\/td>\n<td>001ACT05<\/td>\n<\/tr>\n<\/tbody>\n<\/table>\n<p><strong>SAFETY \/ TOXICOLOGY<\/strong><br \/>\nCauses serious eye irritation. Keep out of reach of children.<br \/>\nIn case of accident, consult the Medical Toxicology Information Service. Tel.: 915 620 420.<\/p>\n<p><strong>ADDITIONAL INFORMATION<\/strong><br \/>\nINDUSTRIAL PRODUCT. PROFESSIONAL USE.<\/p>","protected":false},"excerpt":{"rendered":"<h3>Active Gel<\/h3>\n<p class=\"Estndar\">High concentration liquid detergent for white clothes, for machine and hand washing.<br \/>\nIts high concentration in active ingredients, make the product ideal to eliminate the dirt in all kinds of clothes. Being a liquid detergent, it provides higher degree of softness to the fibres, as well as preventing any remain of solid detergent on the clothes.<\/p>","protected":false},"featured_media":4190,"template":"","meta":{"neve_meta_sidebar":"","neve_meta_container":"","neve_meta_enable_content_width":"off","neve_meta_content_width":100,"neve_meta_title_alignment":"","neve_meta_author_avatar":"","neve_post_elements_order":"","neve_meta_disable_header":"","neve_meta_disable_footer":"","neve_meta_disable_title":""},"product_brand":[],"product_cat":[391,369],"product_tag":[],"class_list":{"0":"post-2673","1":"product","2":"type-product","3":"status-publish","4":"has-post-thumbnail","6":"product_cat-detergente-liquido","7":"product_cat-lavanderia","9":"first","10":"instock","11":"shipping-taxable","12":"product-type-simple"},"yoast_head":"<!-- This site is optimized with the Yoast SEO plugin v27.0 - https:\/\/yoast.com\/product\/yoast-seo-wordpress\/ -->\n<title>Gel Activo. Detergente l\u00edquido - Dermo | F\u00e1brica de detergentes<\/title>\n<meta name=\"robots\" content=\"index, follow, max-snippet:-1, max-image-preview:large, max-video-preview:-1\" \/>\n<link rel=\"canonical\" href=\"https:\/\/dermo.com\/en\/catalog\/active-gel\/\" \/>\n<meta property=\"og:locale\" content=\"en_GB\" \/>\n<meta property=\"og:type\" content=\"article\" \/>\n<meta property=\"og:title\" content=\"Gel Activo. Detergente l\u00edquido - Dermo | F\u00e1brica de detergentes\" \/>\n<meta property=\"og:description\" content=\"Gel Activo Detergente l\u00edquido para ropa, de alta concentraci\u00f3n para ropa blanca a mano y a m\u00e1quina. Contiene blanqueantes \u00f3pticos estables al cloro que proporcionar\u00e1n a la ropa blanca un brillo luminoso. Su alta concentraci\u00f3n en ingredientes activos, hacen el producto ideal para eliminar la suciedad en todo tipo de fibras, adem\u00e1s, al ser l\u00edquido proporciona mayor suavidad a las fibras ya que evita los restos de detergentes s\u00f3lidos sobre la ropa. No usar en prendas de lana y seda.\" \/>\n<meta property=\"og:url\" content=\"https:\/\/dermo.com\/en\/catalog\/active-gel\/\" \/>\n<meta property=\"og:site_name\" content=\"Dermo | F\u00e1brica de detergentes\" \/>\n<meta property=\"article:modified_time\" content=\"2024-09-10T07:32:05+00:00\" \/>\n<meta property=\"og:image\" content=\"https:\/\/dermo.com\/wp-content\/uploads\/2015\/07\/Gel-Activo.-Detergente-liquido.png\" \/>\n\t<meta property=\"og:image:width\" content=\"768\" \/>\n\t<meta property=\"og:image:height\" content=\"823\" \/>\n\t<meta property=\"og:image:type\" content=\"image\/png\" \/>\n<meta name=\"twitter:card\" content=\"summary_large_image\" \/>\n<meta name=\"twitter:label1\" content=\"Estimated reading time\" \/>\n\t<meta name=\"twitter:data1\" content=\"1 minute\" \/>\n<script type=\"application\/ld+json\" class=\"yoast-schema-graph\">{\"@context\":\"https:\/\/schema.org\",\"@graph\":[{\"@type\":\"WebPage\",\"@id\":\"https:\/\/dermo.com\/catalogo\/gel-activo\/\",\"url\":\"https:\/\/dermo.com\/catalogo\/gel-activo\/\",\"name\":\"Gel Activo. Detergente l\u00edquido - Dermo | F\u00e1brica de detergentes\",\"isPartOf\":{\"@id\":\"https:\/\/dermo.com\/#website\"},\"primaryImageOfPage\":{\"@id\":\"https:\/\/dermo.com\/catalogo\/gel-activo\/#primaryimage\"},\"image\":{\"@id\":\"https:\/\/dermo.com\/catalogo\/gel-activo\/#primaryimage\"},\"thumbnailUrl\":\"https:\/\/dermo.com\/wp-content\/uploads\/2015\/07\/Gel-Activo.-Detergente-liquido.png\",\"datePublished\":\"2015-07-28T13:21:12+00:00\",\"dateModified\":\"2024-09-10T07:32:05+00:00\",\"breadcrumb\":{\"@id\":\"https:\/\/dermo.com\/catalogo\/gel-activo\/#breadcrumb\"},\"inLanguage\":\"en-GB\",\"potentialAction\":[{\"@type\":\"ReadAction\",\"target\":[\"https:\/\/dermo.com\/catalogo\/gel-activo\/\"]}]},{\"@type\":\"ImageObject\",\"inLanguage\":\"en-GB\",\"@id\":\"https:\/\/dermo.com\/catalogo\/gel-activo\/#primaryimage\",\"url\":\"https:\/\/dermo.com\/wp-content\/uploads\/2015\/07\/Gel-Activo.-Detergente-liquido.png\",\"contentUrl\":\"https:\/\/dermo.com\/wp-content\/uploads\/2015\/07\/Gel-Activo.-Detergente-liquido.png\",\"width\":768,\"height\":823},{\"@type\":\"BreadcrumbList\",\"@id\":\"https:\/\/dermo.com\/catalogo\/gel-activo\/#breadcrumb\",\"itemListElement\":[{\"@type\":\"ListItem\",\"position\":1,\"name\":\"Portada\",\"item\":\"https:\/\/dermo.com\/\"},{\"@type\":\"ListItem\",\"position\":2,\"name\":\"Tienda\",\"item\":\"https:\/\/dermo.com\/tienda\/\"},{\"@type\":\"ListItem\",\"position\":3,\"name\":\"Gel Activo. Detergente l\u00edquido\"}]},{\"@type\":\"WebSite\",\"@id\":\"https:\/\/dermo.com\/#website\",\"url\":\"https:\/\/dermo.com\/\",\"name\":\"Dermo | F\u00e1brica de detergentes\",\"description\":\"Tecnolog\u00eda avanzada, investigaci\u00f3n y desarrollo, respeto por el medio ambiente, competencia, formaci\u00f3n constante y alto nivel de profesionalidad en nuestro equipo humano, empe\u00f1ado en preservar la calidad de vida, la protecci\u00f3n del entorno natural contin\u00faan motiv\u00e1ndonos para desarrollar en nuestros laboratorios nuevos productos con ingredientes activos altamente biodegradables que hacen posible un desarrollo sostenible.\",\"potentialAction\":[{\"@type\":\"SearchAction\",\"target\":{\"@type\":\"EntryPoint\",\"urlTemplate\":\"https:\/\/dermo.com\/?s={search_term_string}\"},\"query-input\":{\"@type\":\"PropertyValueSpecification\",\"valueRequired\":true,\"valueName\":\"search_term_string\"}}],\"inLanguage\":\"en-GB\"}]}<\/script>\n<!-- \/ Yoast SEO plugin. -->","yoast_head_json":{"title":"Active Gel. Liquid detergent - Dermo | Detergent factory","robots":{"index":"index","follow":"follow","max-snippet":"max-snippet:-1","max-image-preview":"max-image-preview:large","max-video-preview":"max-video-preview:-1"},"canonical":"https:\/\/dermo.com\/en\/catalog\/active-gel\/","og_locale":"en_GB","og_type":"article","og_title":"Gel Activo. Detergente l\u00edquido - Dermo | F\u00e1brica de detergentes","og_description":"Gel Activo Detergente l\u00edquido para ropa, de alta concentraci\u00f3n para ropa blanca a mano y a m\u00e1quina. Contiene blanqueantes \u00f3pticos estables al cloro que proporcionar\u00e1n a la ropa blanca un brillo luminoso. Su alta concentraci\u00f3n en ingredientes activos, hacen el producto ideal para eliminar la suciedad en todo tipo de fibras, adem\u00e1s, al ser l\u00edquido proporciona mayor suavidad a las fibras ya que evita los restos de detergentes s\u00f3lidos sobre la ropa. No usar en prendas de lana y seda.","og_url":"https:\/\/dermo.com\/en\/catalog\/active-gel\/","og_site_name":"Dermo | F\u00e1brica de detergentes","article_modified_time":"2024-09-10T07:32:05+00:00","og_image":[{"width":768,"height":823,"url":"https:\/\/dermo.com\/wp-content\/uploads\/2015\/07\/Gel-Activo.-Detergente-liquido.png","type":"image\/png"}],"twitter_card":"summary_large_image","twitter_misc":{"Estimated reading time":"1 minute"},"schema":{"@context":"https:\/\/schema.org","@graph":[{"@type":"WebPage","@id":"https:\/\/dermo.com\/catalogo\/gel-activo\/","url":"https:\/\/dermo.com\/catalogo\/gel-activo\/","name":"Active Gel. Liquid detergent - Dermo | Detergent factory","isPartOf":{"@id":"https:\/\/dermo.com\/#website"},"primaryImageOfPage":{"@id":"https:\/\/dermo.com\/catalogo\/gel-activo\/#primaryimage"},"image":{"@id":"https:\/\/dermo.com\/catalogo\/gel-activo\/#primaryimage"},"thumbnailUrl":"https:\/\/dermo.com\/wp-content\/uploads\/2015\/07\/Gel-Activo.-Detergente-liquido.png","datePublished":"2015-07-28T13:21:12+00:00","dateModified":"2024-09-10T07:32:05+00:00","breadcrumb":{"@id":"https:\/\/dermo.com\/catalogo\/gel-activo\/#breadcrumb"},"inLanguage":"en-GB","potentialAction":[{"@type":"ReadAction","target":["https:\/\/dermo.com\/catalogo\/gel-activo\/"]}]},{"@type":"ImageObject","inLanguage":"en-GB","@id":"https:\/\/dermo.com\/catalogo\/gel-activo\/#primaryimage","url":"https:\/\/dermo.com\/wp-content\/uploads\/2015\/07\/Gel-Activo.-Detergente-liquido.png","contentUrl":"https:\/\/dermo.com\/wp-content\/uploads\/2015\/07\/Gel-Activo.-Detergente-liquido.png","width":768,"height":823},{"@type":"BreadcrumbList","@id":"https:\/\/dermo.com\/catalogo\/gel-activo\/#breadcrumb","itemListElement":[{"@type":"ListItem","position":1,"name":"Portada","item":"https:\/\/dermo.com\/"},{"@type":"ListItem","position":2,"name":"Tienda","item":"https:\/\/dermo.com\/tienda\/"},{"@type":"ListItem","position":3,"name":"Gel Activo. Detergente l\u00edquido"}]},{"@type":"WebSite","@id":"https:\/\/dermo.com\/#website","url":"https:\/\/dermo.com\/","name":"Dermo | detergent factory","description":"Advanced technology, research and development, respect for the environment, competence, constant training and a high level of professionalism in our team, committed to preserving the quality of life and protecting the natural environment, continue to motivate us to develop new products in our laboratories with highly biodegradable active ingredients that make sustainable development possible.","potentialAction":[{"@type":"SearchAction","target":{"@type":"EntryPoint","urlTemplate":"https:\/\/dermo.com\/?s={search_term_string}"},"query-input":{"@type":"PropertyValueSpecification","valueRequired":true,"valueName":"search_term_string"}}],"inLanguage":"en-GB"}]}},"_links":{"self":[{"href":"https:\/\/dermo.com\/en\/wp-json\/wp\/v2\/product\/2673","targetHints":{"allow":["GET"]}}],"collection":[{"href":"https:\/\/dermo.com\/en\/wp-json\/wp\/v2\/product"}],"about":[{"href":"https:\/\/dermo.com\/en\/wp-json\/wp\/v2\/types\/product"}],"wp:featuredmedia":[{"embeddable":true,"href":"https:\/\/dermo.com\/en\/wp-json\/wp\/v2\/media\/4190"}],"wp:attachment":[{"href":"https:\/\/dermo.com\/en\/wp-json\/wp\/v2\/media?parent=2673"}],"wp:term":[{"taxonomy":"product_brand","embeddable":true,"href":"https:\/\/dermo.com\/en\/wp-json\/wp\/v2\/product_brand?post=2673"},{"taxonomy":"product_cat","embeddable":true,"href":"https:\/\/dermo.com\/en\/wp-json\/wp\/v2\/product_cat?post=2673"},{"taxonomy":"product_tag","embeddable":true,"href":"https:\/\/dermo.com\/en\/wp-json\/wp\/v2\/product_tag?post=2673"}],"curies":[{"name":"wp","href":"https:\/\/api.w.org\/{rel}","templated":true}]}}