{"id":2677,"date":"2015-07-28T15:19:45","date_gmt":"2015-07-28T15:19:45","guid":{"rendered":"https:\/\/dermo.ultbit.com\/producto\/marsella\/"},"modified":"2024-09-10T09:35:49","modified_gmt":"2024-09-10T07:35:49","slug":"marseilles","status":"publish","type":"product","link":"https:\/\/dermo.com\/en\/catalog\/marseilles\/","title":{"rendered":"Marseille Soap Detergent. Liquid Detergent"},"content":{"rendered":"<p><strong>FORM OF USE:<\/strong><br \/>\nDose from 15 a 50 cm3 per kg of dry clothes, depending on how dirty the wash is and the water hardness.<\/p>\n<p><strong>TECHNICAL CHARACTERISTICS<\/strong><br \/>\nAspect: Thick Liquid.<br \/>\nColor: White.<br \/>\nSmell: Marseille Soap Perfume.<br \/>\nPure pH: 7.5 \u2013 8.5.<br \/>\nSolubility: Water soluble.<br \/>\nConcentration of active substance: 15 -17%.<\/p>\n<p><strong>COMPOSITION<\/strong><br \/>\nAnionic surfactants, nonionic surfactants, soap, dispersants, opacifiers, preservatives and perfume.<\/p>\n<p><strong>PRESENTATION<\/strong><br \/>\nPlastic containers:<\/p>\n<table class=\"alignleft\" width=\"216\">\n<tbody>\n<tr>\n<td width=\"64\">FORMAT<\/td>\n<td style=\"text-align: center;\" width=\"76\">3kg<\/td>\n<td style=\"text-align: center;\" width=\"76\">5kg<\/td>\n<\/tr>\n<tr>\n<td style=\"text-align: center;\">CODE<\/td>\n<td style=\"text-align: center;\">\u00a0 \u00a0001MAR03<\/td>\n<td style=\"text-align: center;\">\u00a0 \u00a0001MAR05<\/td>\n<\/tr>\n<\/tbody>\n<\/table>\n<p>&nbsp;<\/p>\n<p>&nbsp;<\/p>\n<p>&nbsp;<\/p>\n<p><strong>SAFETY \/ TOXICOLOGY<\/strong><br \/>\nCauses serious eye irritation. Keep out of reach of children.<br \/>\nIn case of accident, consult the Medical Toxicology Information Service. Tel.: 915 620 420.<\/p>","protected":false},"excerpt":{"rendered":"<h3>Marseille Soap Detergent<\/h3>\n<p class=\"Estndar\">Liquid detergent of controlled foam with Marseille\u2019s soap. Ideal for all kind of clothes, providing them with a great smoothness and the agreeable smell of the Marseille\u2019s soap.<\/p>","protected":false},"featured_media":2676,"template":"","meta":{"neve_meta_sidebar":"","neve_meta_container":"","neve_meta_enable_content_width":"off","neve_meta_content_width":100,"neve_meta_title_alignment":"","neve_meta_author_avatar":"","neve_post_elements_order":"","neve_meta_disable_header":"","neve_meta_disable_footer":"","neve_meta_disable_title":""},"product_brand":[],"product_cat":[391,369],"product_tag":[],"class_list":{"0":"post-2677","1":"product","2":"type-product","3":"status-publish","4":"has-post-thumbnail","6":"product_cat-detergente-liquido","7":"product_cat-lavanderia","9":"first","10":"instock","11":"shipping-taxable","12":"product-type-simple"},"yoast_head":"<!-- This site is optimized with the Yoast SEO plugin v27.0 - https:\/\/yoast.com\/product\/yoast-seo-wordpress\/ -->\n<title>Detergente al Jab\u00f3n de Marsella. Detergente l\u00edquido - Dermo | F\u00e1brica de detergentes<\/title>\n<meta name=\"robots\" content=\"index, follow, max-snippet:-1, max-image-preview:large, max-video-preview:-1\" \/>\n<link rel=\"canonical\" href=\"https:\/\/dermo.com\/en\/catalog\/marseilles\/\" \/>\n<meta property=\"og:locale\" content=\"en_GB\" \/>\n<meta property=\"og:type\" content=\"article\" \/>\n<meta property=\"og:title\" content=\"Detergente al Jab\u00f3n de Marsella. Detergente l\u00edquido - Dermo | F\u00e1brica de detergentes\" \/>\n<meta property=\"og:description\" content=\"Detergente al Jab\u00f3n de Marsella Detergente l\u00edquido de espuma controlada al jab\u00f3n de Marsella. Ideal para toda la colada, dot\u00e1ndola de una gran suavidad y el agradable olor del jab\u00f3n de marsella.\" \/>\n<meta property=\"og:url\" content=\"https:\/\/dermo.com\/en\/catalog\/marseilles\/\" \/>\n<meta property=\"og:site_name\" content=\"Dermo | F\u00e1brica de detergentes\" \/>\n<meta property=\"article:modified_time\" content=\"2024-09-10T07:35:49+00:00\" \/>\n<meta property=\"og:image\" content=\"https:\/\/dermo.com\/wp-content\/uploads\/2015\/07\/113-Detergente-al-Jabon-de-Marsella.-Detergente-liquido.jpg\" \/>\n\t<meta property=\"og:image:width\" content=\"768\" \/>\n\t<meta property=\"og:image:height\" content=\"768\" \/>\n\t<meta property=\"og:image:type\" content=\"image\/jpeg\" \/>\n<meta name=\"twitter:card\" content=\"summary_large_image\" \/>\n<meta name=\"twitter:label1\" content=\"Estimated reading time\" \/>\n\t<meta name=\"twitter:data1\" content=\"1 minute\" \/>\n<script type=\"application\/ld+json\" class=\"yoast-schema-graph\">{\"@context\":\"https:\/\/schema.org\",\"@graph\":[{\"@type\":\"WebPage\",\"@id\":\"https:\/\/dermo.com\/catalogo\/marsella\/\",\"url\":\"https:\/\/dermo.com\/catalogo\/marsella\/\",\"name\":\"Detergente al Jab\u00f3n de Marsella. Detergente l\u00edquido - Dermo | F\u00e1brica de detergentes\",\"isPartOf\":{\"@id\":\"https:\/\/dermo.com\/#website\"},\"primaryImageOfPage\":{\"@id\":\"https:\/\/dermo.com\/catalogo\/marsella\/#primaryimage\"},\"image\":{\"@id\":\"https:\/\/dermo.com\/catalogo\/marsella\/#primaryimage\"},\"thumbnailUrl\":\"https:\/\/dermo.com\/wp-content\/uploads\/2015\/07\/113-Detergente-al-Jabon-de-Marsella.-Detergente-liquido.jpg\",\"datePublished\":\"2015-07-28T15:19:45+00:00\",\"dateModified\":\"2024-09-10T07:35:49+00:00\",\"breadcrumb\":{\"@id\":\"https:\/\/dermo.com\/catalogo\/marsella\/#breadcrumb\"},\"inLanguage\":\"en-GB\",\"potentialAction\":[{\"@type\":\"ReadAction\",\"target\":[\"https:\/\/dermo.com\/catalogo\/marsella\/\"]}]},{\"@type\":\"ImageObject\",\"inLanguage\":\"en-GB\",\"@id\":\"https:\/\/dermo.com\/catalogo\/marsella\/#primaryimage\",\"url\":\"https:\/\/dermo.com\/wp-content\/uploads\/2015\/07\/113-Detergente-al-Jabon-de-Marsella.-Detergente-liquido.jpg\",\"contentUrl\":\"https:\/\/dermo.com\/wp-content\/uploads\/2015\/07\/113-Detergente-al-Jabon-de-Marsella.-Detergente-liquido.jpg\",\"width\":768,\"height\":768,\"caption\":\"Detergente al Jab\u00f3n de Marsella. Detergente l\u00edquido\"},{\"@type\":\"BreadcrumbList\",\"@id\":\"https:\/\/dermo.com\/catalogo\/marsella\/#breadcrumb\",\"itemListElement\":[{\"@type\":\"ListItem\",\"position\":1,\"name\":\"Portada\",\"item\":\"https:\/\/dermo.com\/\"},{\"@type\":\"ListItem\",\"position\":2,\"name\":\"Tienda\",\"item\":\"https:\/\/dermo.com\/tienda\/\"},{\"@type\":\"ListItem\",\"position\":3,\"name\":\"Detergente al Jab\u00f3n de Marsella. Detergente l\u00edquido\"}]},{\"@type\":\"WebSite\",\"@id\":\"https:\/\/dermo.com\/#website\",\"url\":\"https:\/\/dermo.com\/\",\"name\":\"Dermo | F\u00e1brica de detergentes\",\"description\":\"Tecnolog\u00eda avanzada, investigaci\u00f3n y desarrollo, respeto por el medio ambiente, competencia, formaci\u00f3n constante y alto nivel de profesionalidad en nuestro equipo humano, empe\u00f1ado en preservar la calidad de vida, la protecci\u00f3n del entorno natural contin\u00faan motiv\u00e1ndonos para desarrollar en nuestros laboratorios nuevos productos con ingredientes activos altamente biodegradables que hacen posible un desarrollo sostenible.\",\"potentialAction\":[{\"@type\":\"SearchAction\",\"target\":{\"@type\":\"EntryPoint\",\"urlTemplate\":\"https:\/\/dermo.com\/?s={search_term_string}\"},\"query-input\":{\"@type\":\"PropertyValueSpecification\",\"valueRequired\":true,\"valueName\":\"search_term_string\"}}],\"inLanguage\":\"en-GB\"}]}<\/script>\n<!-- \/ Yoast SEO plugin. -->","yoast_head_json":{"title":"Marseille Soap Detergent. Liquid Detergent - Dermo | Detergent Factory","robots":{"index":"index","follow":"follow","max-snippet":"max-snippet:-1","max-image-preview":"max-image-preview:large","max-video-preview":"max-video-preview:-1"},"canonical":"https:\/\/dermo.com\/en\/catalog\/marseilles\/","og_locale":"en_GB","og_type":"article","og_title":"Detergente al Jab\u00f3n de Marsella. Detergente l\u00edquido - Dermo | F\u00e1brica de detergentes","og_description":"Detergente al Jab\u00f3n de Marsella Detergente l\u00edquido de espuma controlada al jab\u00f3n de Marsella. Ideal para toda la colada, dot\u00e1ndola de una gran suavidad y el agradable olor del jab\u00f3n de marsella.","og_url":"https:\/\/dermo.com\/en\/catalog\/marseilles\/","og_site_name":"Dermo | F\u00e1brica de detergentes","article_modified_time":"2024-09-10T07:35:49+00:00","og_image":[{"width":768,"height":768,"url":"https:\/\/dermo.com\/wp-content\/uploads\/2015\/07\/113-Detergente-al-Jabon-de-Marsella.-Detergente-liquido.jpg","type":"image\/jpeg"}],"twitter_card":"summary_large_image","twitter_misc":{"Estimated reading time":"1 minute"},"schema":{"@context":"https:\/\/schema.org","@graph":[{"@type":"WebPage","@id":"https:\/\/dermo.com\/catalogo\/marsella\/","url":"https:\/\/dermo.com\/catalogo\/marsella\/","name":"Marseille Soap Detergent. Liquid Detergent - Dermo | Detergent Factory","isPartOf":{"@id":"https:\/\/dermo.com\/#website"},"primaryImageOfPage":{"@id":"https:\/\/dermo.com\/catalogo\/marsella\/#primaryimage"},"image":{"@id":"https:\/\/dermo.com\/catalogo\/marsella\/#primaryimage"},"thumbnailUrl":"https:\/\/dermo.com\/wp-content\/uploads\/2015\/07\/113-Detergente-al-Jabon-de-Marsella.-Detergente-liquido.jpg","datePublished":"2015-07-28T15:19:45+00:00","dateModified":"2024-09-10T07:35:49+00:00","breadcrumb":{"@id":"https:\/\/dermo.com\/catalogo\/marsella\/#breadcrumb"},"inLanguage":"en-GB","potentialAction":[{"@type":"ReadAction","target":["https:\/\/dermo.com\/catalogo\/marsella\/"]}]},{"@type":"ImageObject","inLanguage":"en-GB","@id":"https:\/\/dermo.com\/catalogo\/marsella\/#primaryimage","url":"https:\/\/dermo.com\/wp-content\/uploads\/2015\/07\/113-Detergente-al-Jabon-de-Marsella.-Detergente-liquido.jpg","contentUrl":"https:\/\/dermo.com\/wp-content\/uploads\/2015\/07\/113-Detergente-al-Jabon-de-Marsella.-Detergente-liquido.jpg","width":768,"height":768,"caption":"Detergente al Jab\u00f3n de Marsella. Detergente l\u00edquido"},{"@type":"BreadcrumbList","@id":"https:\/\/dermo.com\/catalogo\/marsella\/#breadcrumb","itemListElement":[{"@type":"ListItem","position":1,"name":"Portada","item":"https:\/\/dermo.com\/"},{"@type":"ListItem","position":2,"name":"Tienda","item":"https:\/\/dermo.com\/tienda\/"},{"@type":"ListItem","position":3,"name":"Detergente al Jab\u00f3n de Marsella. Detergente l\u00edquido"}]},{"@type":"WebSite","@id":"https:\/\/dermo.com\/#website","url":"https:\/\/dermo.com\/","name":"Dermo | detergent factory","description":"Advanced technology, research and development, respect for the environment, competence, constant training and a high level of professionalism in our team, committed to preserving the quality of life and protecting the natural environment, continue to motivate us to develop new products in our laboratories with highly biodegradable active ingredients that make sustainable development possible.","potentialAction":[{"@type":"SearchAction","target":{"@type":"EntryPoint","urlTemplate":"https:\/\/dermo.com\/?s={search_term_string}"},"query-input":{"@type":"PropertyValueSpecification","valueRequired":true,"valueName":"search_term_string"}}],"inLanguage":"en-GB"}]}},"_links":{"self":[{"href":"https:\/\/dermo.com\/en\/wp-json\/wp\/v2\/product\/2677","targetHints":{"allow":["GET"]}}],"collection":[{"href":"https:\/\/dermo.com\/en\/wp-json\/wp\/v2\/product"}],"about":[{"href":"https:\/\/dermo.com\/en\/wp-json\/wp\/v2\/types\/product"}],"wp:featuredmedia":[{"embeddable":true,"href":"https:\/\/dermo.com\/en\/wp-json\/wp\/v2\/media\/2676"}],"wp:attachment":[{"href":"https:\/\/dermo.com\/en\/wp-json\/wp\/v2\/media?parent=2677"}],"wp:term":[{"taxonomy":"product_brand","embeddable":true,"href":"https:\/\/dermo.com\/en\/wp-json\/wp\/v2\/product_brand?post=2677"},{"taxonomy":"product_cat","embeddable":true,"href":"https:\/\/dermo.com\/en\/wp-json\/wp\/v2\/product_cat?post=2677"},{"taxonomy":"product_tag","embeddable":true,"href":"https:\/\/dermo.com\/en\/wp-json\/wp\/v2\/product_tag?post=2677"}],"curies":[{"name":"wp","href":"https:\/\/api.w.org\/{rel}","templated":true}]}}