{"id":2679,"date":"2015-07-28T15:32:56","date_gmt":"2015-07-28T15:32:56","guid":{"rendered":"https:\/\/dermo.ultbit.com\/producto\/dakar-liquido\/"},"modified":"2025-02-21T12:05:35","modified_gmt":"2025-02-21T11:05:35","slug":"dakar-liquid","status":"publish","type":"product","link":"https:\/\/dermo.com\/en\/catalog\/dakar-liquid\/","title":{"rendered":"Dakar Liquid. Alkaline detergent"},"content":{"rendered":"<p><strong>FORM OF USE:<\/strong><br \/>\nPrewash: 3 to 7 g per kilo of clothing.<br \/>\nWashing: 7 to 20 g per kilo of clothing.<br \/>\nThe dosage will depend on the level of dirt and the hardness of the water.<\/p>\n<p><strong>TECHNICAL CHARACTERISTICS<\/strong><br \/>\nAspect: Liquid.<br \/>\nColor: Yellow.<br \/>\nSmell: Unscented.<br \/>\npH (10%,water) 12.5-13.5.<br \/>\nDensity: 1.05 \u2013 1.15 g\/cc.<\/p>\n<p><strong>COMPOSITION<\/strong><br \/>\nAlkalis, builders, surfactants, dispersants and optical brighteners stable to chlorine.<\/p>\n<p><strong>PRESENTATION<\/strong><br \/>\nPlastic containers:<\/p>\n<table>\n<tbody>\n<tr>\n<td>FORMAT<\/td>\n<td>\u00a0 \u00a0 \u00a0 \u00a025kg<\/td>\n<\/tr>\n<tr>\n<td>CODE<\/td>\n<td>\u00a0 \u00a0001DLD25<\/td>\n<\/tr>\n<\/tbody>\n<\/table>\n<p><strong>SAFETY\/TOXICOLOGY<\/strong><br \/>\nCauses severe skin burns and eye damage. Wear protective gloves\/clothing\/eye protection.<br \/>\nKeep out of reach of children. In case of accident, consult the Medical Information Service.<br \/>\nToxicology. Tel: 915 620 420<\/p>\n<p><strong>ADDITIONAL INFORMATION<\/strong><br \/>\nINDUSTRIAL PRODUCT. PROFESSIONAL USE.<\/p>\n<p>&nbsp;<\/p>","protected":false},"excerpt":{"rendered":"<h3>Liquid Dakar<\/h3>\n<p class=\"Estndar\">Alkaline detergent, formulated specially for automatic dosing process, for pre-wash and wash. The alkaline character combined with its high surfactant richness gives it excellent properties for washing high dirt clothes.<br \/>\nContains chlorine-stable optical brighteners, which give white linen a luminous finish.<\/p>","protected":false},"featured_media":13780,"template":"","meta":{"neve_meta_sidebar":"","neve_meta_container":"","neve_meta_enable_content_width":"off","neve_meta_content_width":100,"neve_meta_title_alignment":"","neve_meta_author_avatar":"","neve_post_elements_order":"","neve_meta_disable_header":"","neve_meta_disable_footer":"","neve_meta_disable_title":""},"product_brand":[],"product_cat":[394,369],"product_tag":[],"class_list":{"0":"post-2679","1":"product","2":"type-product","3":"status-publish","4":"has-post-thumbnail","6":"product_cat-dosificacion-automatica","7":"product_cat-lavanderia","9":"first","10":"instock","11":"shipping-taxable","12":"product-type-simple"},"yoast_head":"<!-- This site is optimized with the Yoast SEO plugin v27.0 - https:\/\/yoast.com\/product\/yoast-seo-wordpress\/ -->\n<title>Dakar Liquido. Detergente alcalino - Dermo | F\u00e1brica de detergentes<\/title>\n<meta name=\"robots\" content=\"index, follow, max-snippet:-1, max-image-preview:large, max-video-preview:-1\" \/>\n<link rel=\"canonical\" href=\"https:\/\/dermo.com\/en\/catalog\/dakar-liquid\/\" \/>\n<meta property=\"og:locale\" content=\"en_GB\" \/>\n<meta property=\"og:type\" content=\"article\" \/>\n<meta property=\"og:title\" content=\"Dakar Liquido. Detergente alcalino - Dermo | F\u00e1brica de detergentes\" \/>\n<meta property=\"og:description\" content=\"Dakar L\u00edquido Detergente l\u00edquido alcalino especialmente formulado para sistemas autom\u00e1ticos de dosificaci\u00f3n en procesos de prelavado y lavado. El car\u00e1cter alcalino combinado con su alta riqueza en tensioactivos le confiere propiedades excelentes para el lavado de ropa de suciedad elevada. Contiene blanqueantes \u00f3pticos estables al cloro, que dan a la ropa blanca un acabado luminoso.\" \/>\n<meta property=\"og:url\" content=\"https:\/\/dermo.com\/en\/catalog\/dakar-liquid\/\" \/>\n<meta property=\"og:site_name\" content=\"Dermo | F\u00e1brica de detergentes\" \/>\n<meta property=\"article:modified_time\" content=\"2025-02-21T11:05:35+00:00\" \/>\n<meta property=\"og:image\" content=\"https:\/\/dermo.com\/wp-content\/uploads\/2015\/07\/DAKAR-LIQUIDO-scaled.jpg\" \/>\n\t<meta property=\"og:image:width\" content=\"1920\" \/>\n\t<meta property=\"og:image:height\" content=\"2560\" \/>\n\t<meta property=\"og:image:type\" content=\"image\/jpeg\" \/>\n<meta name=\"twitter:card\" content=\"summary_large_image\" \/>\n<meta name=\"twitter:label1\" content=\"Estimated reading time\" \/>\n\t<meta name=\"twitter:data1\" content=\"1 minute\" \/>\n<script type=\"application\/ld+json\" class=\"yoast-schema-graph\">{\"@context\":\"https:\/\/schema.org\",\"@graph\":[{\"@type\":\"WebPage\",\"@id\":\"https:\/\/dermo.com\/catalogo\/dakar-liquido\/\",\"url\":\"https:\/\/dermo.com\/catalogo\/dakar-liquido\/\",\"name\":\"Dakar Liquido. Detergente alcalino - Dermo | F\u00e1brica de detergentes\",\"isPartOf\":{\"@id\":\"https:\/\/dermo.com\/#website\"},\"primaryImageOfPage\":{\"@id\":\"https:\/\/dermo.com\/catalogo\/dakar-liquido\/#primaryimage\"},\"image\":{\"@id\":\"https:\/\/dermo.com\/catalogo\/dakar-liquido\/#primaryimage\"},\"thumbnailUrl\":\"https:\/\/dermo.com\/wp-content\/uploads\/2015\/07\/DAKAR-LIQUIDO-scaled.jpg\",\"datePublished\":\"2015-07-28T15:32:56+00:00\",\"dateModified\":\"2025-02-21T11:05:35+00:00\",\"breadcrumb\":{\"@id\":\"https:\/\/dermo.com\/catalogo\/dakar-liquido\/#breadcrumb\"},\"inLanguage\":\"en-GB\",\"potentialAction\":[{\"@type\":\"ReadAction\",\"target\":[\"https:\/\/dermo.com\/catalogo\/dakar-liquido\/\"]}]},{\"@type\":\"ImageObject\",\"inLanguage\":\"en-GB\",\"@id\":\"https:\/\/dermo.com\/catalogo\/dakar-liquido\/#primaryimage\",\"url\":\"https:\/\/dermo.com\/wp-content\/uploads\/2015\/07\/DAKAR-LIQUIDO-scaled.jpg\",\"contentUrl\":\"https:\/\/dermo.com\/wp-content\/uploads\/2015\/07\/DAKAR-LIQUIDO-scaled.jpg\",\"width\":1920,\"height\":2560},{\"@type\":\"BreadcrumbList\",\"@id\":\"https:\/\/dermo.com\/catalogo\/dakar-liquido\/#breadcrumb\",\"itemListElement\":[{\"@type\":\"ListItem\",\"position\":1,\"name\":\"Portada\",\"item\":\"https:\/\/dermo.com\/\"},{\"@type\":\"ListItem\",\"position\":2,\"name\":\"Tienda\",\"item\":\"https:\/\/dermo.com\/tienda\/\"},{\"@type\":\"ListItem\",\"position\":3,\"name\":\"Dakar Liquido. Detergente alcalino\"}]},{\"@type\":\"WebSite\",\"@id\":\"https:\/\/dermo.com\/#website\",\"url\":\"https:\/\/dermo.com\/\",\"name\":\"Dermo | F\u00e1brica de detergentes\",\"description\":\"Tecnolog\u00eda avanzada, investigaci\u00f3n y desarrollo, respeto por el medio ambiente, competencia, formaci\u00f3n constante y alto nivel de profesionalidad en nuestro equipo humano, empe\u00f1ado en preservar la calidad de vida, la protecci\u00f3n del entorno natural contin\u00faan motiv\u00e1ndonos para desarrollar en nuestros laboratorios nuevos productos con ingredientes activos altamente biodegradables que hacen posible un desarrollo sostenible.\",\"potentialAction\":[{\"@type\":\"SearchAction\",\"target\":{\"@type\":\"EntryPoint\",\"urlTemplate\":\"https:\/\/dermo.com\/?s={search_term_string}\"},\"query-input\":{\"@type\":\"PropertyValueSpecification\",\"valueRequired\":true,\"valueName\":\"search_term_string\"}}],\"inLanguage\":\"en-GB\"}]}<\/script>\n<!-- \/ Yoast SEO plugin. -->","yoast_head_json":{"title":"Dakar Liquid. Alkaline detergent - Dermo | Detergent factory","robots":{"index":"index","follow":"follow","max-snippet":"max-snippet:-1","max-image-preview":"max-image-preview:large","max-video-preview":"max-video-preview:-1"},"canonical":"https:\/\/dermo.com\/en\/catalog\/dakar-liquid\/","og_locale":"en_GB","og_type":"article","og_title":"Dakar Liquido. Detergente alcalino - Dermo | F\u00e1brica de detergentes","og_description":"Dakar L\u00edquido Detergente l\u00edquido alcalino especialmente formulado para sistemas autom\u00e1ticos de dosificaci\u00f3n en procesos de prelavado y lavado. El car\u00e1cter alcalino combinado con su alta riqueza en tensioactivos le confiere propiedades excelentes para el lavado de ropa de suciedad elevada. Contiene blanqueantes \u00f3pticos estables al cloro, que dan a la ropa blanca un acabado luminoso.","og_url":"https:\/\/dermo.com\/en\/catalog\/dakar-liquid\/","og_site_name":"Dermo | F\u00e1brica de detergentes","article_modified_time":"2025-02-21T11:05:35+00:00","og_image":[{"width":1920,"height":2560,"url":"https:\/\/dermo.com\/wp-content\/uploads\/2015\/07\/DAKAR-LIQUIDO-scaled.jpg","type":"image\/jpeg"}],"twitter_card":"summary_large_image","twitter_misc":{"Estimated reading time":"1 minute"},"schema":{"@context":"https:\/\/schema.org","@graph":[{"@type":"WebPage","@id":"https:\/\/dermo.com\/catalogo\/dakar-liquido\/","url":"https:\/\/dermo.com\/catalogo\/dakar-liquido\/","name":"Dakar Liquid. Alkaline detergent - Dermo | Detergent factory","isPartOf":{"@id":"https:\/\/dermo.com\/#website"},"primaryImageOfPage":{"@id":"https:\/\/dermo.com\/catalogo\/dakar-liquido\/#primaryimage"},"image":{"@id":"https:\/\/dermo.com\/catalogo\/dakar-liquido\/#primaryimage"},"thumbnailUrl":"https:\/\/dermo.com\/wp-content\/uploads\/2015\/07\/DAKAR-LIQUIDO-scaled.jpg","datePublished":"2015-07-28T15:32:56+00:00","dateModified":"2025-02-21T11:05:35+00:00","breadcrumb":{"@id":"https:\/\/dermo.com\/catalogo\/dakar-liquido\/#breadcrumb"},"inLanguage":"en-GB","potentialAction":[{"@type":"ReadAction","target":["https:\/\/dermo.com\/catalogo\/dakar-liquido\/"]}]},{"@type":"ImageObject","inLanguage":"en-GB","@id":"https:\/\/dermo.com\/catalogo\/dakar-liquido\/#primaryimage","url":"https:\/\/dermo.com\/wp-content\/uploads\/2015\/07\/DAKAR-LIQUIDO-scaled.jpg","contentUrl":"https:\/\/dermo.com\/wp-content\/uploads\/2015\/07\/DAKAR-LIQUIDO-scaled.jpg","width":1920,"height":2560},{"@type":"BreadcrumbList","@id":"https:\/\/dermo.com\/catalogo\/dakar-liquido\/#breadcrumb","itemListElement":[{"@type":"ListItem","position":1,"name":"Portada","item":"https:\/\/dermo.com\/"},{"@type":"ListItem","position":2,"name":"Tienda","item":"https:\/\/dermo.com\/tienda\/"},{"@type":"ListItem","position":3,"name":"Dakar Liquido. Detergente alcalino"}]},{"@type":"WebSite","@id":"https:\/\/dermo.com\/#website","url":"https:\/\/dermo.com\/","name":"Dermo | detergent factory","description":"Advanced technology, research and development, respect for the environment, competence, constant training and a high level of professionalism in our team, committed to preserving the quality of life and protecting the natural environment, continue to motivate us to develop new products in our laboratories with highly biodegradable active ingredients that make sustainable development possible.","potentialAction":[{"@type":"SearchAction","target":{"@type":"EntryPoint","urlTemplate":"https:\/\/dermo.com\/?s={search_term_string}"},"query-input":{"@type":"PropertyValueSpecification","valueRequired":true,"valueName":"search_term_string"}}],"inLanguage":"en-GB"}]}},"_links":{"self":[{"href":"https:\/\/dermo.com\/en\/wp-json\/wp\/v2\/product\/2679","targetHints":{"allow":["GET"]}}],"collection":[{"href":"https:\/\/dermo.com\/en\/wp-json\/wp\/v2\/product"}],"about":[{"href":"https:\/\/dermo.com\/en\/wp-json\/wp\/v2\/types\/product"}],"wp:featuredmedia":[{"embeddable":true,"href":"https:\/\/dermo.com\/en\/wp-json\/wp\/v2\/media\/13780"}],"wp:attachment":[{"href":"https:\/\/dermo.com\/en\/wp-json\/wp\/v2\/media?parent=2679"}],"wp:term":[{"taxonomy":"product_brand","embeddable":true,"href":"https:\/\/dermo.com\/en\/wp-json\/wp\/v2\/product_brand?post=2679"},{"taxonomy":"product_cat","embeddable":true,"href":"https:\/\/dermo.com\/en\/wp-json\/wp\/v2\/product_cat?post=2679"},{"taxonomy":"product_tag","embeddable":true,"href":"https:\/\/dermo.com\/en\/wp-json\/wp\/v2\/product_tag?post=2679"}],"curies":[{"name":"wp","href":"https:\/\/api.w.org\/{rel}","templated":true}]}}