{"id":2683,"date":"2015-07-28T15:42:51","date_gmt":"2015-07-28T15:42:51","guid":{"rendered":"https:\/\/dermo.ultbit.com\/producto\/prelax-liquido\/"},"modified":"2024-09-10T09:37:04","modified_gmt":"2024-09-10T07:37:04","slug":"prelax-liquid","status":"publish","type":"product","link":"https:\/\/dermo.com\/en\/catalog\/prelax-liquid\/","title":{"rendered":"Prelax Liquid. Alkaline detergent"},"content":{"rendered":"<p><strong>FORM OF USE:<\/strong><br \/>\nDepending on the pH level you wish to obtain, an amount between 0.5 and 1g per litre of water is enough to get highs levels of alkalinity.<\/p>\n<p><strong>TECHNICAL CHARACTERISTICS:<\/strong><br \/>\nAspect: Liquid.<br \/>\nColor: Yellow.<br \/>\nSmell: Without fragance.<br \/>\npH (10%, water): 12 \u2013 14.<br \/>\nDensity: 1.08 \u2013 1.10 g\/cc<br \/>\nConcentration in active substance: 14 \u2013 16%<\/p>\n<p><strong>PRESENTATION:<\/strong><br \/>\nPlastic containers:<\/p>\n<table>\n<tbody>\n<tr>\n<td>FORMAT<\/td>\n<td>\u00a0 \u00a0 \u00a0 \u00a025kg<\/td>\n<\/tr>\n<tr>\n<td>CODE<\/td>\n<td>\u00a0 \u00a0001PRL25<\/td>\n<\/tr>\n<\/tbody>\n<\/table>","protected":false},"excerpt":{"rendered":"<h3>Prelax Liquid<\/h3>\n<p class=\"Estndar\"><span lang=\"es\" xml:lang=\"es\">Alkaline auxiliary detergent for prewashing and washing.<\/span><\/p>\n<p class=\"Estndar\"><span lang=\"es\" xml:lang=\"es\">Prelax L\u00edquido has a great dispersing and sequestrating capacity.<\/span><\/p>\n<p class=\"Estndar\"><span lang=\"es\" xml:lang=\"es\">It is specially effective on the washing of extremely dirty clothes requiring a high content of alkalinity<\/span><\/p>\n<p class=\"Estndar\"><span lang=\"es\" xml:lang=\"es\">It can be used in combination with detergents rich in tensioactives.<\/span><\/p>","protected":false},"featured_media":4199,"template":"","meta":{"neve_meta_sidebar":"","neve_meta_container":"","neve_meta_enable_content_width":"off","neve_meta_content_width":100,"neve_meta_title_alignment":"","neve_meta_author_avatar":"","neve_post_elements_order":"","neve_meta_disable_header":"","neve_meta_disable_footer":"","neve_meta_disable_title":""},"product_brand":[],"product_cat":[394,369],"product_tag":[],"class_list":{"0":"post-2683","1":"product","2":"type-product","3":"status-publish","4":"has-post-thumbnail","6":"product_cat-dosificacion-automatica","7":"product_cat-lavanderia","9":"first","10":"instock","11":"shipping-taxable","12":"product-type-simple"},"yoast_head":"<!-- This site is optimized with the Yoast SEO plugin v27.0 - https:\/\/yoast.com\/product\/yoast-seo-wordpress\/ -->\n<title>Prelax Liquido. Detergente alcalino - Dermo | F\u00e1brica de detergentes<\/title>\n<meta name=\"robots\" content=\"index, follow, max-snippet:-1, max-image-preview:large, max-video-preview:-1\" \/>\n<link rel=\"canonical\" href=\"https:\/\/dermo.com\/en\/catalog\/prelax-liquid\/\" \/>\n<meta property=\"og:locale\" content=\"en_GB\" \/>\n<meta property=\"og:type\" content=\"article\" \/>\n<meta property=\"og:title\" content=\"Prelax Liquido. Detergente alcalino - Dermo | F\u00e1brica de detergentes\" \/>\n<meta property=\"og:description\" content=\"Prelax\u00a0L\u00edquido Detergente auxiliar alcalino de prelavado y lavado. Prelax l\u00edquido es un producto con alto poder dispersante de la suciedad y con un elevado poder secuestrante. Especial para procesos de lavado de ropa muy sucia donde se necesita una gran alcalinidad. Puede utilizarse combinado con detergentes ricos en tensioactivos.\" \/>\n<meta property=\"og:url\" content=\"https:\/\/dermo.com\/en\/catalog\/prelax-liquid\/\" \/>\n<meta property=\"og:site_name\" content=\"Dermo | F\u00e1brica de detergentes\" \/>\n<meta property=\"article:modified_time\" content=\"2024-09-10T07:37:04+00:00\" \/>\n<meta property=\"og:image\" content=\"https:\/\/dermo.com\/wp-content\/uploads\/2015\/07\/Prelax-Liquido.-Detergente-Alcalino.png\" \/>\n\t<meta property=\"og:image:width\" content=\"768\" \/>\n\t<meta property=\"og:image:height\" content=\"823\" \/>\n\t<meta property=\"og:image:type\" content=\"image\/png\" \/>\n<meta name=\"twitter:card\" content=\"summary_large_image\" \/>\n<meta name=\"twitter:label1\" content=\"Estimated reading time\" \/>\n\t<meta name=\"twitter:data1\" content=\"1 minute\" \/>\n<script type=\"application\/ld+json\" class=\"yoast-schema-graph\">{\"@context\":\"https:\/\/schema.org\",\"@graph\":[{\"@type\":\"WebPage\",\"@id\":\"https:\/\/dermo.com\/catalogo\/prelax-liquido\/\",\"url\":\"https:\/\/dermo.com\/catalogo\/prelax-liquido\/\",\"name\":\"Prelax Liquido. Detergente alcalino - Dermo | F\u00e1brica de detergentes\",\"isPartOf\":{\"@id\":\"https:\/\/dermo.com\/#website\"},\"primaryImageOfPage\":{\"@id\":\"https:\/\/dermo.com\/catalogo\/prelax-liquido\/#primaryimage\"},\"image\":{\"@id\":\"https:\/\/dermo.com\/catalogo\/prelax-liquido\/#primaryimage\"},\"thumbnailUrl\":\"https:\/\/dermo.com\/wp-content\/uploads\/2015\/07\/Prelax-Liquido.-Detergente-Alcalino.png\",\"datePublished\":\"2015-07-28T15:42:51+00:00\",\"dateModified\":\"2024-09-10T07:37:04+00:00\",\"breadcrumb\":{\"@id\":\"https:\/\/dermo.com\/catalogo\/prelax-liquido\/#breadcrumb\"},\"inLanguage\":\"en-GB\",\"potentialAction\":[{\"@type\":\"ReadAction\",\"target\":[\"https:\/\/dermo.com\/catalogo\/prelax-liquido\/\"]}]},{\"@type\":\"ImageObject\",\"inLanguage\":\"en-GB\",\"@id\":\"https:\/\/dermo.com\/catalogo\/prelax-liquido\/#primaryimage\",\"url\":\"https:\/\/dermo.com\/wp-content\/uploads\/2015\/07\/Prelax-Liquido.-Detergente-Alcalino.png\",\"contentUrl\":\"https:\/\/dermo.com\/wp-content\/uploads\/2015\/07\/Prelax-Liquido.-Detergente-Alcalino.png\",\"width\":768,\"height\":823},{\"@type\":\"BreadcrumbList\",\"@id\":\"https:\/\/dermo.com\/catalogo\/prelax-liquido\/#breadcrumb\",\"itemListElement\":[{\"@type\":\"ListItem\",\"position\":1,\"name\":\"Portada\",\"item\":\"https:\/\/dermo.com\/\"},{\"@type\":\"ListItem\",\"position\":2,\"name\":\"Tienda\",\"item\":\"https:\/\/dermo.com\/tienda\/\"},{\"@type\":\"ListItem\",\"position\":3,\"name\":\"Prelax Liquido. Detergente alcalino\"}]},{\"@type\":\"WebSite\",\"@id\":\"https:\/\/dermo.com\/#website\",\"url\":\"https:\/\/dermo.com\/\",\"name\":\"Dermo | F\u00e1brica de detergentes\",\"description\":\"Tecnolog\u00eda avanzada, investigaci\u00f3n y desarrollo, respeto por el medio ambiente, competencia, formaci\u00f3n constante y alto nivel de profesionalidad en nuestro equipo humano, empe\u00f1ado en preservar la calidad de vida, la protecci\u00f3n del entorno natural contin\u00faan motiv\u00e1ndonos para desarrollar en nuestros laboratorios nuevos productos con ingredientes activos altamente biodegradables que hacen posible un desarrollo sostenible.\",\"potentialAction\":[{\"@type\":\"SearchAction\",\"target\":{\"@type\":\"EntryPoint\",\"urlTemplate\":\"https:\/\/dermo.com\/?s={search_term_string}\"},\"query-input\":{\"@type\":\"PropertyValueSpecification\",\"valueRequired\":true,\"valueName\":\"search_term_string\"}}],\"inLanguage\":\"en-GB\"}]}<\/script>\n<!-- \/ Yoast SEO plugin. -->","yoast_head_json":{"title":"Prelax Liquid. Alkaline detergent - Dermo | detergent factory","robots":{"index":"index","follow":"follow","max-snippet":"max-snippet:-1","max-image-preview":"max-image-preview:large","max-video-preview":"max-video-preview:-1"},"canonical":"https:\/\/dermo.com\/en\/catalog\/prelax-liquid\/","og_locale":"en_GB","og_type":"article","og_title":"Prelax Liquido. Detergente alcalino - Dermo | F\u00e1brica de detergentes","og_description":"Prelax\u00a0L\u00edquido Detergente auxiliar alcalino de prelavado y lavado. Prelax l\u00edquido es un producto con alto poder dispersante de la suciedad y con un elevado poder secuestrante. Especial para procesos de lavado de ropa muy sucia donde se necesita una gran alcalinidad. Puede utilizarse combinado con detergentes ricos en tensioactivos.","og_url":"https:\/\/dermo.com\/en\/catalog\/prelax-liquid\/","og_site_name":"Dermo | F\u00e1brica de detergentes","article_modified_time":"2024-09-10T07:37:04+00:00","og_image":[{"width":768,"height":823,"url":"https:\/\/dermo.com\/wp-content\/uploads\/2015\/07\/Prelax-Liquido.-Detergente-Alcalino.png","type":"image\/png"}],"twitter_card":"summary_large_image","twitter_misc":{"Estimated reading time":"1 minute"},"schema":{"@context":"https:\/\/schema.org","@graph":[{"@type":"WebPage","@id":"https:\/\/dermo.com\/catalogo\/prelax-liquido\/","url":"https:\/\/dermo.com\/catalogo\/prelax-liquido\/","name":"Prelax Liquid. Alkaline detergent - Dermo | detergent factory","isPartOf":{"@id":"https:\/\/dermo.com\/#website"},"primaryImageOfPage":{"@id":"https:\/\/dermo.com\/catalogo\/prelax-liquido\/#primaryimage"},"image":{"@id":"https:\/\/dermo.com\/catalogo\/prelax-liquido\/#primaryimage"},"thumbnailUrl":"https:\/\/dermo.com\/wp-content\/uploads\/2015\/07\/Prelax-Liquido.-Detergente-Alcalino.png","datePublished":"2015-07-28T15:42:51+00:00","dateModified":"2024-09-10T07:37:04+00:00","breadcrumb":{"@id":"https:\/\/dermo.com\/catalogo\/prelax-liquido\/#breadcrumb"},"inLanguage":"en-GB","potentialAction":[{"@type":"ReadAction","target":["https:\/\/dermo.com\/catalogo\/prelax-liquido\/"]}]},{"@type":"ImageObject","inLanguage":"en-GB","@id":"https:\/\/dermo.com\/catalogo\/prelax-liquido\/#primaryimage","url":"https:\/\/dermo.com\/wp-content\/uploads\/2015\/07\/Prelax-Liquido.-Detergente-Alcalino.png","contentUrl":"https:\/\/dermo.com\/wp-content\/uploads\/2015\/07\/Prelax-Liquido.-Detergente-Alcalino.png","width":768,"height":823},{"@type":"BreadcrumbList","@id":"https:\/\/dermo.com\/catalogo\/prelax-liquido\/#breadcrumb","itemListElement":[{"@type":"ListItem","position":1,"name":"Portada","item":"https:\/\/dermo.com\/"},{"@type":"ListItem","position":2,"name":"Tienda","item":"https:\/\/dermo.com\/tienda\/"},{"@type":"ListItem","position":3,"name":"Prelax Liquido. Detergente alcalino"}]},{"@type":"WebSite","@id":"https:\/\/dermo.com\/#website","url":"https:\/\/dermo.com\/","name":"Dermo | detergent factory","description":"Advanced technology, research and development, respect for the environment, competence, constant training and a high level of professionalism in our team, committed to preserving the quality of life and protecting the natural environment, continue to motivate us to develop new products in our laboratories with highly biodegradable active ingredients that make sustainable development possible.","potentialAction":[{"@type":"SearchAction","target":{"@type":"EntryPoint","urlTemplate":"https:\/\/dermo.com\/?s={search_term_string}"},"query-input":{"@type":"PropertyValueSpecification","valueRequired":true,"valueName":"search_term_string"}}],"inLanguage":"en-GB"}]}},"_links":{"self":[{"href":"https:\/\/dermo.com\/en\/wp-json\/wp\/v2\/product\/2683","targetHints":{"allow":["GET"]}}],"collection":[{"href":"https:\/\/dermo.com\/en\/wp-json\/wp\/v2\/product"}],"about":[{"href":"https:\/\/dermo.com\/en\/wp-json\/wp\/v2\/types\/product"}],"wp:featuredmedia":[{"embeddable":true,"href":"https:\/\/dermo.com\/en\/wp-json\/wp\/v2\/media\/4199"}],"wp:attachment":[{"href":"https:\/\/dermo.com\/en\/wp-json\/wp\/v2\/media?parent=2683"}],"wp:term":[{"taxonomy":"product_brand","embeddable":true,"href":"https:\/\/dermo.com\/en\/wp-json\/wp\/v2\/product_brand?post=2683"},{"taxonomy":"product_cat","embeddable":true,"href":"https:\/\/dermo.com\/en\/wp-json\/wp\/v2\/product_cat?post=2683"},{"taxonomy":"product_tag","embeddable":true,"href":"https:\/\/dermo.com\/en\/wp-json\/wp\/v2\/product_tag?post=2683"}],"curies":[{"name":"wp","href":"https:\/\/api.w.org\/{rel}","templated":true}]}}