{"id":2685,"date":"2015-07-28T15:48:22","date_gmt":"2015-07-28T15:48:22","guid":{"rendered":"https:\/\/dermo.ultbit.com\/producto\/oxigeno-activo\/"},"modified":"2025-02-21T12:01:58","modified_gmt":"2025-02-21T11:01:58","slug":"active-oxygen","status":"publish","type":"product","link":"https:\/\/dermo.com\/en\/catalog\/active-oxygen\/","title":{"rendered":"Active Oxygen"},"content":{"rendered":"<p><strong>FORM OF USE:<\/strong><br \/>\nWASHING ADDITIVE: Add 50 ml in the bucket of the detergent or directly in the drum of the washing machine and after add the detergent. For a better yield of the product the water must be at 40\u00baC.<\/p>\n<p>DIFFICULT STAINS: Leave the article in soaking (between 1 and 5 hours) with warm or hot water, dosing 50 ml of product per litre of water.<\/p>\n<p class=\"Estndar\"><span lang=\"es\" xml:lang=\"es\">DIRECT USE: Dilute the product in warm or hot water dosing 12,5 ml per litre of water and applying it directly on the stain to treat. Let act from 10 to 30 minutes. After, rub with a sponge or wet towel and let dry.<\/span><\/p>\n<p><strong>TECHNICAL CHARACTERISTICS:<\/strong><br \/>\nAppearance: Granular Solid.<br \/>\nColor: White.<br \/>\npH (1%, water): 10 \u2013 11.5.<br \/>\nApparent density: 1.10 \u2013 1.20<\/p>\n<p><strong>PRESENTATION:<\/strong><br \/>\nPlastic buckets.<\/p>\n<table>\n<tbody>\n<tr>\n<td>FORMAT<\/td>\n<td>\u00a0 \u00a0 \u00a0 2 kg<\/td>\n<td>\u00a0 \u00a0 \u00a010 kg<\/td>\n<td><\/td>\n<\/tr>\n<tr>\n<td>CODE<\/td>\n<td>\u00a0 002DAO02<\/td>\n<td>\u00a0 002DAO10<\/td>\n<td><\/td>\n<\/tr>\n<\/tbody>\n<\/table>","protected":false},"excerpt":{"rendered":"<h3>Active Oxygen<\/h3>\n<p class=\"Estndar\"><span lang=\"es\" xml:lang=\"es\">Powder stain remover with high concentration in active oxygen.<\/span><\/p>\n<p class=\"Estndar\"><span lang=\"es\" xml:lang=\"es\">It reinforces the action of the detergent if added to the washing machine.\u00a0<\/span>For difficult stains, use the product to soak.<\/p>\n<p class=\"Estndar\"><span lang=\"es\" xml:lang=\"es\">Very useful to eliminate stains of carpets, tablecloths, chais, sofas as well as on any type of washable surface with water.<\/span><\/p>","protected":false},"featured_media":4200,"template":"","meta":{"neve_meta_sidebar":"","neve_meta_container":"","neve_meta_enable_content_width":"off","neve_meta_content_width":100,"neve_meta_title_alignment":"","neve_meta_author_avatar":"","neve_post_elements_order":"","neve_meta_disable_header":"","neve_meta_disable_footer":"","neve_meta_disable_title":""},"product_brand":[],"product_cat":[393,369],"product_tag":[],"class_list":{"0":"post-2685","1":"product","2":"type-product","3":"status-publish","4":"has-post-thumbnail","6":"product_cat-complementos-de-lavado","7":"product_cat-lavanderia","9":"first","10":"instock","11":"shipping-taxable","12":"product-type-simple"},"yoast_head":"<!-- This site is optimized with the Yoast SEO plugin v27.0 - https:\/\/yoast.com\/product\/yoast-seo-wordpress\/ -->\n<title>Oxigeno Activo - Dermo | F\u00e1brica de detergentes<\/title>\n<meta name=\"robots\" content=\"index, follow, max-snippet:-1, max-image-preview:large, max-video-preview:-1\" \/>\n<link rel=\"canonical\" href=\"https:\/\/dermo.com\/en\/catalog\/active-oxygen\/\" \/>\n<meta property=\"og:locale\" content=\"en_GB\" \/>\n<meta property=\"og:type\" content=\"article\" \/>\n<meta property=\"og:title\" content=\"Oxigeno Activo - Dermo | F\u00e1brica de detergentes\" \/>\n<meta property=\"og:description\" content=\"Oxigeno Activo Quitamanchas en polvo que puede utilizarse en tejidos blancos,\u00a0de color, y\u00a0sobre cualquier tipo de superficie lavable con agua. Refuerza la acci\u00f3n del detergente si se incorpora en la lavadora.\u00a0Para manchas dif\u00edciles utilizar el producto en remojo. Muy \u00fatil para eliminar manchas de alfombras, manteles, sillas, sof\u00e1s y cualquier otra superf\u00edcie lavable con agua.\" \/>\n<meta property=\"og:url\" content=\"https:\/\/dermo.com\/en\/catalog\/active-oxygen\/\" \/>\n<meta property=\"og:site_name\" content=\"Dermo | F\u00e1brica de detergentes\" \/>\n<meta property=\"article:modified_time\" content=\"2025-02-21T11:01:58+00:00\" \/>\n<meta property=\"og:image\" content=\"https:\/\/dermo.com\/wp-content\/uploads\/2015\/07\/Oxigeno-Activo.png\" \/>\n\t<meta property=\"og:image:width\" content=\"768\" \/>\n\t<meta property=\"og:image:height\" content=\"823\" \/>\n\t<meta property=\"og:image:type\" content=\"image\/png\" \/>\n<meta name=\"twitter:card\" content=\"summary_large_image\" \/>\n<meta name=\"twitter:label1\" content=\"Estimated reading time\" \/>\n\t<meta name=\"twitter:data1\" content=\"1 minute\" \/>\n<script type=\"application\/ld+json\" class=\"yoast-schema-graph\">{\"@context\":\"https:\/\/schema.org\",\"@graph\":[{\"@type\":\"WebPage\",\"@id\":\"https:\/\/dermo.com\/catalogo\/oxigeno-activo\/\",\"url\":\"https:\/\/dermo.com\/catalogo\/oxigeno-activo\/\",\"name\":\"Oxigeno Activo - Dermo | F\u00e1brica de detergentes\",\"isPartOf\":{\"@id\":\"https:\/\/dermo.com\/#website\"},\"primaryImageOfPage\":{\"@id\":\"https:\/\/dermo.com\/catalogo\/oxigeno-activo\/#primaryimage\"},\"image\":{\"@id\":\"https:\/\/dermo.com\/catalogo\/oxigeno-activo\/#primaryimage\"},\"thumbnailUrl\":\"https:\/\/dermo.com\/wp-content\/uploads\/2015\/07\/Oxigeno-Activo.png\",\"datePublished\":\"2015-07-28T15:48:22+00:00\",\"dateModified\":\"2025-02-21T11:01:58+00:00\",\"breadcrumb\":{\"@id\":\"https:\/\/dermo.com\/catalogo\/oxigeno-activo\/#breadcrumb\"},\"inLanguage\":\"en-GB\",\"potentialAction\":[{\"@type\":\"ReadAction\",\"target\":[\"https:\/\/dermo.com\/catalogo\/oxigeno-activo\/\"]}]},{\"@type\":\"ImageObject\",\"inLanguage\":\"en-GB\",\"@id\":\"https:\/\/dermo.com\/catalogo\/oxigeno-activo\/#primaryimage\",\"url\":\"https:\/\/dermo.com\/wp-content\/uploads\/2015\/07\/Oxigeno-Activo.png\",\"contentUrl\":\"https:\/\/dermo.com\/wp-content\/uploads\/2015\/07\/Oxigeno-Activo.png\",\"width\":768,\"height\":823},{\"@type\":\"BreadcrumbList\",\"@id\":\"https:\/\/dermo.com\/catalogo\/oxigeno-activo\/#breadcrumb\",\"itemListElement\":[{\"@type\":\"ListItem\",\"position\":1,\"name\":\"Portada\",\"item\":\"https:\/\/dermo.com\/\"},{\"@type\":\"ListItem\",\"position\":2,\"name\":\"Tienda\",\"item\":\"https:\/\/dermo.com\/tienda\/\"},{\"@type\":\"ListItem\",\"position\":3,\"name\":\"Oxigeno Activo\"}]},{\"@type\":\"WebSite\",\"@id\":\"https:\/\/dermo.com\/#website\",\"url\":\"https:\/\/dermo.com\/\",\"name\":\"Dermo | F\u00e1brica de detergentes\",\"description\":\"Tecnolog\u00eda avanzada, investigaci\u00f3n y desarrollo, respeto por el medio ambiente, competencia, formaci\u00f3n constante y alto nivel de profesionalidad en nuestro equipo humano, empe\u00f1ado en preservar la calidad de vida, la protecci\u00f3n del entorno natural contin\u00faan motiv\u00e1ndonos para desarrollar en nuestros laboratorios nuevos productos con ingredientes activos altamente biodegradables que hacen posible un desarrollo sostenible.\",\"potentialAction\":[{\"@type\":\"SearchAction\",\"target\":{\"@type\":\"EntryPoint\",\"urlTemplate\":\"https:\/\/dermo.com\/?s={search_term_string}\"},\"query-input\":{\"@type\":\"PropertyValueSpecification\",\"valueRequired\":true,\"valueName\":\"search_term_string\"}}],\"inLanguage\":\"en-GB\"}]}<\/script>\n<!-- \/ Yoast SEO plugin. -->","yoast_head_json":{"title":"Active Oxygen - Dermo | Detergent factory","robots":{"index":"index","follow":"follow","max-snippet":"max-snippet:-1","max-image-preview":"max-image-preview:large","max-video-preview":"max-video-preview:-1"},"canonical":"https:\/\/dermo.com\/en\/catalog\/active-oxygen\/","og_locale":"en_GB","og_type":"article","og_title":"Oxigeno Activo - Dermo | F\u00e1brica de detergentes","og_description":"Oxigeno Activo Quitamanchas en polvo que puede utilizarse en tejidos blancos,\u00a0de color, y\u00a0sobre cualquier tipo de superficie lavable con agua. Refuerza la acci\u00f3n del detergente si se incorpora en la lavadora.\u00a0Para manchas dif\u00edciles utilizar el producto en remojo. Muy \u00fatil para eliminar manchas de alfombras, manteles, sillas, sof\u00e1s y cualquier otra superf\u00edcie lavable con agua.","og_url":"https:\/\/dermo.com\/en\/catalog\/active-oxygen\/","og_site_name":"Dermo | F\u00e1brica de detergentes","article_modified_time":"2025-02-21T11:01:58+00:00","og_image":[{"width":768,"height":823,"url":"https:\/\/dermo.com\/wp-content\/uploads\/2015\/07\/Oxigeno-Activo.png","type":"image\/png"}],"twitter_card":"summary_large_image","twitter_misc":{"Estimated reading time":"1 minute"},"schema":{"@context":"https:\/\/schema.org","@graph":[{"@type":"WebPage","@id":"https:\/\/dermo.com\/catalogo\/oxigeno-activo\/","url":"https:\/\/dermo.com\/catalogo\/oxigeno-activo\/","name":"Active Oxygen - Dermo | Detergent factory","isPartOf":{"@id":"https:\/\/dermo.com\/#website"},"primaryImageOfPage":{"@id":"https:\/\/dermo.com\/catalogo\/oxigeno-activo\/#primaryimage"},"image":{"@id":"https:\/\/dermo.com\/catalogo\/oxigeno-activo\/#primaryimage"},"thumbnailUrl":"https:\/\/dermo.com\/wp-content\/uploads\/2015\/07\/Oxigeno-Activo.png","datePublished":"2015-07-28T15:48:22+00:00","dateModified":"2025-02-21T11:01:58+00:00","breadcrumb":{"@id":"https:\/\/dermo.com\/catalogo\/oxigeno-activo\/#breadcrumb"},"inLanguage":"en-GB","potentialAction":[{"@type":"ReadAction","target":["https:\/\/dermo.com\/catalogo\/oxigeno-activo\/"]}]},{"@type":"ImageObject","inLanguage":"en-GB","@id":"https:\/\/dermo.com\/catalogo\/oxigeno-activo\/#primaryimage","url":"https:\/\/dermo.com\/wp-content\/uploads\/2015\/07\/Oxigeno-Activo.png","contentUrl":"https:\/\/dermo.com\/wp-content\/uploads\/2015\/07\/Oxigeno-Activo.png","width":768,"height":823},{"@type":"BreadcrumbList","@id":"https:\/\/dermo.com\/catalogo\/oxigeno-activo\/#breadcrumb","itemListElement":[{"@type":"ListItem","position":1,"name":"Portada","item":"https:\/\/dermo.com\/"},{"@type":"ListItem","position":2,"name":"Tienda","item":"https:\/\/dermo.com\/tienda\/"},{"@type":"ListItem","position":3,"name":"Oxigeno Activo"}]},{"@type":"WebSite","@id":"https:\/\/dermo.com\/#website","url":"https:\/\/dermo.com\/","name":"Dermo | detergent factory","description":"Advanced technology, research and development, respect for the environment, competence, constant training and a high level of professionalism in our team, committed to preserving the quality of life and protecting the natural environment, continue to motivate us to develop new products in our laboratories with highly biodegradable active ingredients that make sustainable development possible.","potentialAction":[{"@type":"SearchAction","target":{"@type":"EntryPoint","urlTemplate":"https:\/\/dermo.com\/?s={search_term_string}"},"query-input":{"@type":"PropertyValueSpecification","valueRequired":true,"valueName":"search_term_string"}}],"inLanguage":"en-GB"}]}},"_links":{"self":[{"href":"https:\/\/dermo.com\/en\/wp-json\/wp\/v2\/product\/2685","targetHints":{"allow":["GET"]}}],"collection":[{"href":"https:\/\/dermo.com\/en\/wp-json\/wp\/v2\/product"}],"about":[{"href":"https:\/\/dermo.com\/en\/wp-json\/wp\/v2\/types\/product"}],"wp:featuredmedia":[{"embeddable":true,"href":"https:\/\/dermo.com\/en\/wp-json\/wp\/v2\/media\/4200"}],"wp:attachment":[{"href":"https:\/\/dermo.com\/en\/wp-json\/wp\/v2\/media?parent=2685"}],"wp:term":[{"taxonomy":"product_brand","embeddable":true,"href":"https:\/\/dermo.com\/en\/wp-json\/wp\/v2\/product_brand?post=2685"},{"taxonomy":"product_cat","embeddable":true,"href":"https:\/\/dermo.com\/en\/wp-json\/wp\/v2\/product_cat?post=2685"},{"taxonomy":"product_tag","embeddable":true,"href":"https:\/\/dermo.com\/en\/wp-json\/wp\/v2\/product_tag?post=2685"}],"curies":[{"name":"wp","href":"https:\/\/api.w.org\/{rel}","templated":true}]}}