{"id":2687,"date":"2015-07-28T15:51:20","date_gmt":"2015-07-28T15:51:20","guid":{"rendered":"https:\/\/dermo.ultbit.com\/producto\/oxi-100\/"},"modified":"2025-02-21T12:00:50","modified_gmt":"2025-02-21T11:00:50","slug":"oxy-100","status":"publish","type":"product","link":"https:\/\/dermo.com\/en\/catalog\/oxy-100\/","title":{"rendered":"OXI-100. Oxygenated bleach"},"content":{"rendered":"<p><strong>FORM OF USE:<\/strong><br \/>\nDose from 3 to 10 ml for kilo of dry clothes in the bleach phase with temperatures between 70 and 90\u00baC. For optimal bleaching of OXI-100 and minimal fabric damage the temperature of the wash solution at 80-90\u00baC and the pH between 9-10.5. Applications at hight temperatures (90\u00baC) and pH up to 10.5  can damage the natural fibres such as cotton. For optimal bleaching at lower temperatures (60-80\u00baC) the pH of wash solution should be between 11-11.5. Bleaching performance is minimal at temperatures below 60\u00baC. Do not use in bloodstains. In touch with the peroxide they will set and as a result, will be hard to remove, therefore, avoid the contact with OXI-100 with bloodstains in the incial phase of the wash (t=0-8 minutes). For remove bloodstains it is recommended to treat fabric in the pre-wash with a detergent and cold water. Do not use in nylon.<\/p>\n<p><strong>TECHNICAL CHARACTERISTICS<\/strong><br \/>\nAppearance: Colorless liquid<br \/>\nSmell: Spicy<br \/>\npH: 1 \u2013 4<br \/>\nFreezing point: -52oC<br \/>\nBoiling point: 115oC<br \/>\nRelative density: 1.2 kg\/l<br \/>\nSolubility: In water, soluble in all proportions.<\/p>\n<p><strong>COMPOSITION<\/strong><br \/>\nOxygen-based bleaches.<\/p>\n<p><strong>PRESENTATION<\/strong><br \/>\nPlastic containers:<\/p>\n<table>\n<tbody>\n<tr>\n<td>FORMAT<\/td>\n<td>\u00a0 \u00a0 \u00a0 \u00a025kg<\/td>\n<\/tr>\n<tr>\n<td>CODE<\/td>\n<td>\u00a0 \u00a0002OXI25<\/td>\n<\/tr>\n<\/tbody>\n<\/table>\n<p><strong>SAFETY \/ TOXICOLOGY<\/strong><br \/>\nHarmful if swallowed. Causes severe skin burns and eye damage. May irritate eyes.<br \/>\nrespiratory tract. Wear protective gloves\/protective clothing\/eye protection. Keep out of reach of children.<br \/>\nIn case of accident, consult the Medical Toxicology Information Service. Tel.: 915 620 420.<\/p>\n<p><strong>ADDITIONAL INFORMATION<\/strong><br \/>\nINDUSTRIAL PRODUCT. PROFESSIONAL USE.<br \/>\nRegulation (EU) 2019\/1148 restricts the acquisition, introduction, possession or use of this product by private individuals. All suspicious transactions, as well as significant disappearances and thefts, must be reported to the National Contact Point.<\/p>","protected":false},"excerpt":{"rendered":"<h3>OXI-100<\/h3>\n<p class=\"Estndar\">Auxiliary laundry destainer based on hydrogen peroxide for all types of fabric specially indicated for use in healthcare, commercial and on premise laundries. It has oxidizers, deodorant, bleach and stain remover properties.<\/p>","protected":false},"featured_media":13778,"template":"","meta":{"neve_meta_sidebar":"","neve_meta_container":"","neve_meta_enable_content_width":"off","neve_meta_content_width":100,"neve_meta_title_alignment":"","neve_meta_author_avatar":"","neve_post_elements_order":"","neve_meta_disable_header":"","neve_meta_disable_footer":"","neve_meta_disable_title":""},"product_brand":[],"product_cat":[394,369],"product_tag":[],"class_list":{"0":"post-2687","1":"product","2":"type-product","3":"status-publish","4":"has-post-thumbnail","6":"product_cat-dosificacion-automatica","7":"product_cat-lavanderia","9":"first","10":"instock","11":"shipping-taxable","12":"product-type-simple"},"yoast_head":"<!-- This site is optimized with the Yoast SEO plugin v27.0 - https:\/\/yoast.com\/product\/yoast-seo-wordpress\/ -->\n<title>OXI-100. Blanqueador oxigenado - Dermo | F\u00e1brica de detergentes<\/title>\n<meta name=\"robots\" content=\"index, follow, max-snippet:-1, max-image-preview:large, max-video-preview:-1\" \/>\n<link rel=\"canonical\" href=\"https:\/\/dermo.com\/en\/catalog\/oxy-100\/\" \/>\n<meta property=\"og:locale\" content=\"en_GB\" \/>\n<meta property=\"og:type\" content=\"article\" \/>\n<meta property=\"og:title\" content=\"OXI-100. Blanqueador oxigenado - Dermo | F\u00e1brica de detergentes\" \/>\n<meta property=\"og:description\" content=\"OXI-100 Blanqueador auxiliar de lavado basado en per\u00f3xido de hidr\u00f3geno para todo tipo de ropa blanca y de color especialmente indicado para su uso en lavander\u00edas comerciales, centros hospitalarios, etc. Tiene propiedades oxidantes, desodorizantes, blanqueadoras y quitamanchas.\" \/>\n<meta property=\"og:url\" content=\"https:\/\/dermo.com\/en\/catalog\/oxy-100\/\" \/>\n<meta property=\"og:site_name\" content=\"Dermo | F\u00e1brica de detergentes\" \/>\n<meta property=\"article:modified_time\" content=\"2025-02-21T11:00:50+00:00\" \/>\n<meta property=\"og:image\" content=\"https:\/\/dermo.com\/wp-content\/uploads\/2015\/07\/9A8A7976-scaled.jpg\" \/>\n\t<meta property=\"og:image:width\" content=\"1920\" \/>\n\t<meta property=\"og:image:height\" content=\"2560\" \/>\n\t<meta property=\"og:image:type\" content=\"image\/jpeg\" \/>\n<meta name=\"twitter:card\" content=\"summary_large_image\" \/>\n<meta name=\"twitter:label1\" content=\"Estimated reading time\" \/>\n\t<meta name=\"twitter:data1\" content=\"2 minutes\" \/>\n<script type=\"application\/ld+json\" class=\"yoast-schema-graph\">{\"@context\":\"https:\/\/schema.org\",\"@graph\":[{\"@type\":\"WebPage\",\"@id\":\"https:\/\/dermo.com\/catalogo\/oxi-100\/\",\"url\":\"https:\/\/dermo.com\/catalogo\/oxi-100\/\",\"name\":\"OXI-100. Blanqueador oxigenado - Dermo | F\u00e1brica de detergentes\",\"isPartOf\":{\"@id\":\"https:\/\/dermo.com\/#website\"},\"primaryImageOfPage\":{\"@id\":\"https:\/\/dermo.com\/catalogo\/oxi-100\/#primaryimage\"},\"image\":{\"@id\":\"https:\/\/dermo.com\/catalogo\/oxi-100\/#primaryimage\"},\"thumbnailUrl\":\"https:\/\/dermo.com\/wp-content\/uploads\/2015\/07\/9A8A7976-scaled.jpg\",\"datePublished\":\"2015-07-28T15:51:20+00:00\",\"dateModified\":\"2025-02-21T11:00:50+00:00\",\"breadcrumb\":{\"@id\":\"https:\/\/dermo.com\/catalogo\/oxi-100\/#breadcrumb\"},\"inLanguage\":\"en-GB\",\"potentialAction\":[{\"@type\":\"ReadAction\",\"target\":[\"https:\/\/dermo.com\/catalogo\/oxi-100\/\"]}]},{\"@type\":\"ImageObject\",\"inLanguage\":\"en-GB\",\"@id\":\"https:\/\/dermo.com\/catalogo\/oxi-100\/#primaryimage\",\"url\":\"https:\/\/dermo.com\/wp-content\/uploads\/2015\/07\/9A8A7976-scaled.jpg\",\"contentUrl\":\"https:\/\/dermo.com\/wp-content\/uploads\/2015\/07\/9A8A7976-scaled.jpg\",\"width\":1920,\"height\":2560},{\"@type\":\"BreadcrumbList\",\"@id\":\"https:\/\/dermo.com\/catalogo\/oxi-100\/#breadcrumb\",\"itemListElement\":[{\"@type\":\"ListItem\",\"position\":1,\"name\":\"Portada\",\"item\":\"https:\/\/dermo.com\/\"},{\"@type\":\"ListItem\",\"position\":2,\"name\":\"Tienda\",\"item\":\"https:\/\/dermo.com\/tienda\/\"},{\"@type\":\"ListItem\",\"position\":3,\"name\":\"OXI-100. Blanqueador oxigenado\"}]},{\"@type\":\"WebSite\",\"@id\":\"https:\/\/dermo.com\/#website\",\"url\":\"https:\/\/dermo.com\/\",\"name\":\"Dermo | F\u00e1brica de detergentes\",\"description\":\"Tecnolog\u00eda avanzada, investigaci\u00f3n y desarrollo, respeto por el medio ambiente, competencia, formaci\u00f3n constante y alto nivel de profesionalidad en nuestro equipo humano, empe\u00f1ado en preservar la calidad de vida, la protecci\u00f3n del entorno natural contin\u00faan motiv\u00e1ndonos para desarrollar en nuestros laboratorios nuevos productos con ingredientes activos altamente biodegradables que hacen posible un desarrollo sostenible.\",\"potentialAction\":[{\"@type\":\"SearchAction\",\"target\":{\"@type\":\"EntryPoint\",\"urlTemplate\":\"https:\/\/dermo.com\/?s={search_term_string}\"},\"query-input\":{\"@type\":\"PropertyValueSpecification\",\"valueRequired\":true,\"valueName\":\"search_term_string\"}}],\"inLanguage\":\"en-GB\"}]}<\/script>\n<!-- \/ Yoast SEO plugin. -->","yoast_head_json":{"title":"OXI-100. Oxygenated bleach - Dermo | Detergent factory","robots":{"index":"index","follow":"follow","max-snippet":"max-snippet:-1","max-image-preview":"max-image-preview:large","max-video-preview":"max-video-preview:-1"},"canonical":"https:\/\/dermo.com\/en\/catalog\/oxy-100\/","og_locale":"en_GB","og_type":"article","og_title":"OXI-100. Blanqueador oxigenado - Dermo | F\u00e1brica de detergentes","og_description":"OXI-100 Blanqueador auxiliar de lavado basado en per\u00f3xido de hidr\u00f3geno para todo tipo de ropa blanca y de color especialmente indicado para su uso en lavander\u00edas comerciales, centros hospitalarios, etc. Tiene propiedades oxidantes, desodorizantes, blanqueadoras y quitamanchas.","og_url":"https:\/\/dermo.com\/en\/catalog\/oxy-100\/","og_site_name":"Dermo | F\u00e1brica de detergentes","article_modified_time":"2025-02-21T11:00:50+00:00","og_image":[{"width":1920,"height":2560,"url":"https:\/\/dermo.com\/wp-content\/uploads\/2015\/07\/9A8A7976-scaled.jpg","type":"image\/jpeg"}],"twitter_card":"summary_large_image","twitter_misc":{"Estimated reading time":"2 minutes"},"schema":{"@context":"https:\/\/schema.org","@graph":[{"@type":"WebPage","@id":"https:\/\/dermo.com\/catalogo\/oxi-100\/","url":"https:\/\/dermo.com\/catalogo\/oxi-100\/","name":"OXI-100. Oxygenated bleach - Dermo | Detergent factory","isPartOf":{"@id":"https:\/\/dermo.com\/#website"},"primaryImageOfPage":{"@id":"https:\/\/dermo.com\/catalogo\/oxi-100\/#primaryimage"},"image":{"@id":"https:\/\/dermo.com\/catalogo\/oxi-100\/#primaryimage"},"thumbnailUrl":"https:\/\/dermo.com\/wp-content\/uploads\/2015\/07\/9A8A7976-scaled.jpg","datePublished":"2015-07-28T15:51:20+00:00","dateModified":"2025-02-21T11:00:50+00:00","breadcrumb":{"@id":"https:\/\/dermo.com\/catalogo\/oxi-100\/#breadcrumb"},"inLanguage":"en-GB","potentialAction":[{"@type":"ReadAction","target":["https:\/\/dermo.com\/catalogo\/oxi-100\/"]}]},{"@type":"ImageObject","inLanguage":"en-GB","@id":"https:\/\/dermo.com\/catalogo\/oxi-100\/#primaryimage","url":"https:\/\/dermo.com\/wp-content\/uploads\/2015\/07\/9A8A7976-scaled.jpg","contentUrl":"https:\/\/dermo.com\/wp-content\/uploads\/2015\/07\/9A8A7976-scaled.jpg","width":1920,"height":2560},{"@type":"BreadcrumbList","@id":"https:\/\/dermo.com\/catalogo\/oxi-100\/#breadcrumb","itemListElement":[{"@type":"ListItem","position":1,"name":"Portada","item":"https:\/\/dermo.com\/"},{"@type":"ListItem","position":2,"name":"Tienda","item":"https:\/\/dermo.com\/tienda\/"},{"@type":"ListItem","position":3,"name":"OXI-100. Blanqueador oxigenado"}]},{"@type":"WebSite","@id":"https:\/\/dermo.com\/#website","url":"https:\/\/dermo.com\/","name":"Dermo | detergent factory","description":"Advanced technology, research and development, respect for the environment, competence, constant training and a high level of professionalism in our team, committed to preserving the quality of life and protecting the natural environment, continue to motivate us to develop new products in our laboratories with highly biodegradable active ingredients that make sustainable development possible.","potentialAction":[{"@type":"SearchAction","target":{"@type":"EntryPoint","urlTemplate":"https:\/\/dermo.com\/?s={search_term_string}"},"query-input":{"@type":"PropertyValueSpecification","valueRequired":true,"valueName":"search_term_string"}}],"inLanguage":"en-GB"}]}},"_links":{"self":[{"href":"https:\/\/dermo.com\/en\/wp-json\/wp\/v2\/product\/2687","targetHints":{"allow":["GET"]}}],"collection":[{"href":"https:\/\/dermo.com\/en\/wp-json\/wp\/v2\/product"}],"about":[{"href":"https:\/\/dermo.com\/en\/wp-json\/wp\/v2\/types\/product"}],"wp:featuredmedia":[{"embeddable":true,"href":"https:\/\/dermo.com\/en\/wp-json\/wp\/v2\/media\/13778"}],"wp:attachment":[{"href":"https:\/\/dermo.com\/en\/wp-json\/wp\/v2\/media?parent=2687"}],"wp:term":[{"taxonomy":"product_brand","embeddable":true,"href":"https:\/\/dermo.com\/en\/wp-json\/wp\/v2\/product_brand?post=2687"},{"taxonomy":"product_cat","embeddable":true,"href":"https:\/\/dermo.com\/en\/wp-json\/wp\/v2\/product_cat?post=2687"},{"taxonomy":"product_tag","embeddable":true,"href":"https:\/\/dermo.com\/en\/wp-json\/wp\/v2\/product_tag?post=2687"}],"curies":[{"name":"wp","href":"https:\/\/api.w.org\/{rel}","templated":true}]}}