{"id":2705,"date":"2015-07-28T17:33:01","date_gmt":"2015-07-28T17:33:01","guid":{"rendered":"https:\/\/dermo.ultbit.com\/producto\/dl21-clorbac\/"},"modified":"2024-09-10T10:27:21","modified_gmt":"2024-09-10T08:27:21","slug":"dl21-chlorbac","status":"publish","type":"product","link":"https:\/\/dermo.com\/en\/catalog\/dl21-chlorbac\/","title":{"rendered":"DL 21 Clorbac. Chlorinated alkaline detergent fungicide bactericide"},"content":{"rendered":"<p><strong>FORM OF USE:<\/strong><\/p>\n<p class=\"Estilo2Sangria2detindependiente\">Before using the product, read the label carefully.<br \/>\nUsed in aqueous solution (effective fungicide activity at concentrations \u2265 2%,  effective bactericide activity at concentrations \u2265 15%) depending on the substrate, the type and quantity of dirt and method of application requirements. Can be apply in dirty conditions, so in one operation the cleanliness and disinfection is obtained.Product application in the food industry for uses in disinfecting contact: surfaces and equipment has to be done in food absence. Rinse the surfaces, equipments or utensils with plenty water to avoid residues.<\/p>\n<p>Use the product pure or in aqueous solution, depending on the substrate, the type and amount of dirt, the application method required and respecting the contact times:<\/p>\n<table width=\"615\">\n<tbody>\n<tr>\n<td width=\"220\">ACTIVITY<\/td>\n<td width=\"200\">DILUTION<\/td>\n<td width=\"195\">CONTACT TIME<\/td>\n<\/tr>\n<tr>\n<td>BACTERICIDE<\/td>\n<td>\u2265 15%<\/td>\n<td>Minimum 5 minutes<\/td>\n<\/tr>\n<tr>\n<td>FUNGICIDE<\/td>\n<td>\u2265 2.5%<\/td>\n<td>Minimum 15 minutes<\/td>\n<\/tr>\n<\/tbody>\n<\/table>\n<ul>\n<li>Manual disinfection of surfaces and equipment, by spraying or directly atomizing the pure or diluted product from 2.5 to 15% (25 to 150 ml DL 21 CLORBAC per liter of water).<\/li>\n<li>Cleaning of utensils in an immersion bath: 2.5 to 15% (25 to 150 ml DL 21 CLORBAC per litre of water), leaving to act for at least 30 min.<\/li>\n<li>Cleaning of circuits by recirculation: 25 to 150 ml DL 21 CLORBAC per litre of water.<\/li>\n<\/ul>\n<p>It can be applied in dirty conditions, so that cleaning and disinfection are achieved in a single operation.<br \/>\nThe general rules of use are:<\/p>\n<ol>\n<li>Clean and disinfect equipment, utensils and\/or surfaces with the DL 21 CLORBAC solutions recommended in each case, as soon as possible after each manufacturing process.<\/li>\n<li>Allow DL 21 CLORBAC solutions to remain in contact with the surfaces to be disinfected for as long as possible (Minimum recommended time: 15 min.).<\/li>\n<li>Rinse surfaces, equipment or utensils with plenty of drinking water until they are free of foam.<\/li>\n<\/ol>\n<p class=\"Estilo2Sangria2detindependiente\"><strong>TECHNICAL CHARACTERISTICS:<\/strong><\/p>\n<p class=\"Estilo2Sangria2detindependiente\">Appearance: Clear viscous liquid.<br \/>\nColor: Colorless or yellowish.<br \/>\nOdor: Characteristic of chlorine.<br \/>\nPure pH: 13 \u00b1 0.5<br \/>\nDensity: 1.150 \u00b1 0.02 g\/cc<br \/>\nBoiling point: Decomposes above 40oC.<\/p>\n<p><strong>COMPOSITION<\/strong><\/p>\n<p>Sodium hypochlorite (5%). Sodium hydroxide (3%). Less than 5%: Nonionic surfactants and phosphonates.<\/p>\n<p><strong>PRESENTATION:<\/strong><\/p>\n<table>\n<tbody>\n<tr>\n<td>FORMAT<\/td>\n<td>\u00a0 \u00a0 \u00a0 5 kg<\/td>\n<\/tr>\n<tr>\n<td>CODE<\/td>\n<td>\u00a0 \u00a0005DCL05<\/td>\n<\/tr>\n<\/tbody>\n<\/table>\n<p class=\"csfbc84d64\">","protected":false},"excerpt":{"rendered":"<h3>DL 21 Chlorbac<\/h3>\n<p>DL 21 CLORBAC is an alkaline chlorinated cleaner with high power disinfectant and detergent in front of proteins, fats, blood and organic remains in general, specially formulated for its use in the cleanliness and disinfection in an alone operation of surfaces and utensils very strongly contaminated in the Food processing industry and any other area of the public and private life.<\/p>","protected":false},"featured_media":3850,"template":"","meta":{"neve_meta_sidebar":"","neve_meta_container":"","neve_meta_enable_content_width":"off","neve_meta_content_width":100,"neve_meta_title_alignment":"","neve_meta_author_avatar":"","neve_post_elements_order":"","neve_meta_disable_header":"","neve_meta_disable_footer":"","neve_meta_disable_title":""},"product_brand":[],"product_cat":[379,374],"product_tag":[],"class_list":{"0":"post-2705","1":"product","2":"type-product","3":"status-publish","4":"has-post-thumbnail","6":"product_cat-desinfectantes","7":"product_cat-restauracion","9":"first","10":"instock","11":"shipping-taxable","12":"product-type-simple"},"yoast_head":"<!-- This site is optimized with the Yoast SEO plugin v27.0 - https:\/\/yoast.com\/product\/yoast-seo-wordpress\/ -->\n<title>DL 21 Clorbac. Detergente alcalino clorado fungicida bactericida - Dermo | F\u00e1brica de detergentes<\/title>\n<meta name=\"robots\" content=\"index, follow, max-snippet:-1, max-image-preview:large, max-video-preview:-1\" \/>\n<link rel=\"canonical\" href=\"https:\/\/dermo.com\/en\/catalog\/dl21-chlorbac\/\" \/>\n<meta property=\"og:locale\" content=\"en_GB\" \/>\n<meta property=\"og:type\" content=\"article\" \/>\n<meta property=\"og:title\" content=\"DL 21 Clorbac. Detergente alcalino clorado fungicida bactericida - Dermo | F\u00e1brica de detergentes\" \/>\n<meta property=\"og:description\" content=\"DL 21 Clorbac DL 21 CLORBAC es un detergente alcalino bactericida y fungicida con elevado poder desinfectante frente a prote\u00ednas, grasas, sangre y restos org\u00e1nicos en general. Especialmente formulado para su uso en la limpieza integral y desinfecci\u00f3n por contacto en una sola operaci\u00f3n de superficies y utensilios muy fuertemente contaminados en la Industria Alimentaria, hosteler\u00eda, grandes colectividades y superficies e higiene institucional.\" \/>\n<meta property=\"og:url\" content=\"https:\/\/dermo.com\/en\/catalog\/dl21-chlorbac\/\" \/>\n<meta property=\"og:site_name\" content=\"Dermo | F\u00e1brica de detergentes\" \/>\n<meta property=\"article:modified_time\" content=\"2024-09-10T08:27:21+00:00\" \/>\n<meta property=\"og:image\" content=\"https:\/\/dermo.com\/wp-content\/uploads\/2015\/07\/DL-21-Acibac-1.png\" \/>\n\t<meta property=\"og:image:width\" content=\"768\" \/>\n\t<meta property=\"og:image:height\" content=\"823\" \/>\n\t<meta property=\"og:image:type\" content=\"image\/png\" \/>\n<meta name=\"twitter:card\" content=\"summary_large_image\" \/>\n<meta name=\"twitter:label1\" content=\"Estimated reading time\" \/>\n\t<meta name=\"twitter:data1\" content=\"2 minutes\" \/>\n<script type=\"application\/ld+json\" class=\"yoast-schema-graph\">{\"@context\":\"https:\/\/schema.org\",\"@graph\":[{\"@type\":\"WebPage\",\"@id\":\"https:\/\/dermo.com\/catalogo\/dl21-clorbac\/\",\"url\":\"https:\/\/dermo.com\/catalogo\/dl21-clorbac\/\",\"name\":\"DL 21 Clorbac. Detergente alcalino clorado fungicida bactericida - Dermo | F\u00e1brica de detergentes\",\"isPartOf\":{\"@id\":\"https:\/\/dermo.com\/#website\"},\"primaryImageOfPage\":{\"@id\":\"https:\/\/dermo.com\/catalogo\/dl21-clorbac\/#primaryimage\"},\"image\":{\"@id\":\"https:\/\/dermo.com\/catalogo\/dl21-clorbac\/#primaryimage\"},\"thumbnailUrl\":\"https:\/\/dermo.com\/wp-content\/uploads\/2015\/07\/DL-21-Acibac-1.png\",\"datePublished\":\"2015-07-28T17:33:01+00:00\",\"dateModified\":\"2024-09-10T08:27:21+00:00\",\"breadcrumb\":{\"@id\":\"https:\/\/dermo.com\/catalogo\/dl21-clorbac\/#breadcrumb\"},\"inLanguage\":\"en-GB\",\"potentialAction\":[{\"@type\":\"ReadAction\",\"target\":[\"https:\/\/dermo.com\/catalogo\/dl21-clorbac\/\"]}]},{\"@type\":\"ImageObject\",\"inLanguage\":\"en-GB\",\"@id\":\"https:\/\/dermo.com\/catalogo\/dl21-clorbac\/#primaryimage\",\"url\":\"https:\/\/dermo.com\/wp-content\/uploads\/2015\/07\/DL-21-Acibac-1.png\",\"contentUrl\":\"https:\/\/dermo.com\/wp-content\/uploads\/2015\/07\/DL-21-Acibac-1.png\",\"width\":768,\"height\":823},{\"@type\":\"BreadcrumbList\",\"@id\":\"https:\/\/dermo.com\/catalogo\/dl21-clorbac\/#breadcrumb\",\"itemListElement\":[{\"@type\":\"ListItem\",\"position\":1,\"name\":\"Portada\",\"item\":\"https:\/\/dermo.com\/\"},{\"@type\":\"ListItem\",\"position\":2,\"name\":\"Tienda\",\"item\":\"https:\/\/dermo.com\/tienda\/\"},{\"@type\":\"ListItem\",\"position\":3,\"name\":\"DL 21 Clorbac. Detergente alcalino clorado fungicida bactericida\"}]},{\"@type\":\"WebSite\",\"@id\":\"https:\/\/dermo.com\/#website\",\"url\":\"https:\/\/dermo.com\/\",\"name\":\"Dermo | F\u00e1brica de detergentes\",\"description\":\"Tecnolog\u00eda avanzada, investigaci\u00f3n y desarrollo, respeto por el medio ambiente, competencia, formaci\u00f3n constante y alto nivel de profesionalidad en nuestro equipo humano, empe\u00f1ado en preservar la calidad de vida, la protecci\u00f3n del entorno natural contin\u00faan motiv\u00e1ndonos para desarrollar en nuestros laboratorios nuevos productos con ingredientes activos altamente biodegradables que hacen posible un desarrollo sostenible.\",\"potentialAction\":[{\"@type\":\"SearchAction\",\"target\":{\"@type\":\"EntryPoint\",\"urlTemplate\":\"https:\/\/dermo.com\/?s={search_term_string}\"},\"query-input\":{\"@type\":\"PropertyValueSpecification\",\"valueRequired\":true,\"valueName\":\"search_term_string\"}}],\"inLanguage\":\"en-GB\"}]}<\/script>\n<!-- \/ Yoast SEO plugin. -->","yoast_head_json":{"title":"DL 21 Clorbac. Chlorinated alkaline detergent fungicide bactericide - Dermo | Detergent factory","robots":{"index":"index","follow":"follow","max-snippet":"max-snippet:-1","max-image-preview":"max-image-preview:large","max-video-preview":"max-video-preview:-1"},"canonical":"https:\/\/dermo.com\/en\/catalog\/dl21-chlorbac\/","og_locale":"en_GB","og_type":"article","og_title":"DL 21 Clorbac. Detergente alcalino clorado fungicida bactericida - Dermo | F\u00e1brica de detergentes","og_description":"DL 21 Clorbac DL 21 CLORBAC es un detergente alcalino bactericida y fungicida con elevado poder desinfectante frente a prote\u00ednas, grasas, sangre y restos org\u00e1nicos en general. Especialmente formulado para su uso en la limpieza integral y desinfecci\u00f3n por contacto en una sola operaci\u00f3n de superficies y utensilios muy fuertemente contaminados en la Industria Alimentaria, hosteler\u00eda, grandes colectividades y superficies e higiene institucional.","og_url":"https:\/\/dermo.com\/en\/catalog\/dl21-chlorbac\/","og_site_name":"Dermo | F\u00e1brica de detergentes","article_modified_time":"2024-09-10T08:27:21+00:00","og_image":[{"width":768,"height":823,"url":"https:\/\/dermo.com\/wp-content\/uploads\/2015\/07\/DL-21-Acibac-1.png","type":"image\/png"}],"twitter_card":"summary_large_image","twitter_misc":{"Estimated reading time":"2 minutes"},"schema":{"@context":"https:\/\/schema.org","@graph":[{"@type":"WebPage","@id":"https:\/\/dermo.com\/catalogo\/dl21-clorbac\/","url":"https:\/\/dermo.com\/catalogo\/dl21-clorbac\/","name":"DL 21 Clorbac. Chlorinated alkaline detergent fungicide bactericide - Dermo | Detergent factory","isPartOf":{"@id":"https:\/\/dermo.com\/#website"},"primaryImageOfPage":{"@id":"https:\/\/dermo.com\/catalogo\/dl21-clorbac\/#primaryimage"},"image":{"@id":"https:\/\/dermo.com\/catalogo\/dl21-clorbac\/#primaryimage"},"thumbnailUrl":"https:\/\/dermo.com\/wp-content\/uploads\/2015\/07\/DL-21-Acibac-1.png","datePublished":"2015-07-28T17:33:01+00:00","dateModified":"2024-09-10T08:27:21+00:00","breadcrumb":{"@id":"https:\/\/dermo.com\/catalogo\/dl21-clorbac\/#breadcrumb"},"inLanguage":"en-GB","potentialAction":[{"@type":"ReadAction","target":["https:\/\/dermo.com\/catalogo\/dl21-clorbac\/"]}]},{"@type":"ImageObject","inLanguage":"en-GB","@id":"https:\/\/dermo.com\/catalogo\/dl21-clorbac\/#primaryimage","url":"https:\/\/dermo.com\/wp-content\/uploads\/2015\/07\/DL-21-Acibac-1.png","contentUrl":"https:\/\/dermo.com\/wp-content\/uploads\/2015\/07\/DL-21-Acibac-1.png","width":768,"height":823},{"@type":"BreadcrumbList","@id":"https:\/\/dermo.com\/catalogo\/dl21-clorbac\/#breadcrumb","itemListElement":[{"@type":"ListItem","position":1,"name":"Portada","item":"https:\/\/dermo.com\/"},{"@type":"ListItem","position":2,"name":"Tienda","item":"https:\/\/dermo.com\/tienda\/"},{"@type":"ListItem","position":3,"name":"DL 21 Clorbac. Detergente alcalino clorado fungicida bactericida"}]},{"@type":"WebSite","@id":"https:\/\/dermo.com\/#website","url":"https:\/\/dermo.com\/","name":"Dermo | detergent factory","description":"Advanced technology, research and development, respect for the environment, competence, constant training and a high level of professionalism in our team, committed to preserving the quality of life and protecting the natural environment, continue to motivate us to develop new products in our laboratories with highly biodegradable active ingredients that make sustainable development possible.","potentialAction":[{"@type":"SearchAction","target":{"@type":"EntryPoint","urlTemplate":"https:\/\/dermo.com\/?s={search_term_string}"},"query-input":{"@type":"PropertyValueSpecification","valueRequired":true,"valueName":"search_term_string"}}],"inLanguage":"en-GB"}]}},"_links":{"self":[{"href":"https:\/\/dermo.com\/en\/wp-json\/wp\/v2\/product\/2705","targetHints":{"allow":["GET"]}}],"collection":[{"href":"https:\/\/dermo.com\/en\/wp-json\/wp\/v2\/product"}],"about":[{"href":"https:\/\/dermo.com\/en\/wp-json\/wp\/v2\/types\/product"}],"wp:featuredmedia":[{"embeddable":true,"href":"https:\/\/dermo.com\/en\/wp-json\/wp\/v2\/media\/3850"}],"wp:attachment":[{"href":"https:\/\/dermo.com\/en\/wp-json\/wp\/v2\/media?parent=2705"}],"wp:term":[{"taxonomy":"product_brand","embeddable":true,"href":"https:\/\/dermo.com\/en\/wp-json\/wp\/v2\/product_brand?post=2705"},{"taxonomy":"product_cat","embeddable":true,"href":"https:\/\/dermo.com\/en\/wp-json\/wp\/v2\/product_cat?post=2705"},{"taxonomy":"product_tag","embeddable":true,"href":"https:\/\/dermo.com\/en\/wp-json\/wp\/v2\/product_tag?post=2705"}],"curies":[{"name":"wp","href":"https:\/\/api.w.org\/{rel}","templated":true}]}}