{"id":2713,"date":"2015-07-29T11:29:34","date_gmt":"2015-07-29T11:29:34","guid":{"rendered":"https:\/\/dermo.ultbit.com\/producto\/dermoclor\/"},"modified":"2024-09-10T09:40:08","modified_gmt":"2024-09-10T07:40:08","slug":"dermochlor","status":"publish","type":"product","link":"https:\/\/dermo.com\/en\/catalog\/dermochlor\/","title":{"rendered":"Dermoclor. Whitening powder"},"content":{"rendered":"<p><strong>FORM OF USE:<\/strong><br \/>\nDose in the bleach phase from 2 to 8 grams per kilo of dry clothes to temperatures among 40 and 60\u00baC.<br \/>\nPour obtenir un bon rendement du Dermoclor et une d\u00e9t\u00e9rioration minimale des v\u00eatements, l\u2019\u00f3peration de blanchiment devra s\u2019effectuer entre 40 et 60\u00baC et la valeur pH doit avoir environ 10.<br \/>\nAt a pH below 9.5 there is a higher concentration of hypochlorous acid, more aggressive than hypochlorite and will cause excessive damage to fabric.<br \/>\nAt pH 10.5 bleaching should be done at 50-55\u00baC.<br \/>\nDo not use in chlorhexidine stains. Hypochlorite reacts with chlorhexidine resulting in brown stains which are hard to remove.<br \/>\nAvoid the contact of the Dermoclor with enzyme containing products.  Enzymes will be inactivated by chlorine.<br \/>\nMake sure that after bleaching has been completed, all residual chlorine is neutralised in the rinse. An incomplete neutralisation will lead to yellowing and fabric damage during drying at elevated temperatures.<br \/>\nDermoclor contains isocyanurate and alkaline salts that reduces possible malodour. Check that the product is completely dissolved because undissolved isocyanurate particles may cause pinholes.<br \/>\nDo not use for nylon clothes.<\/p>\n<p><strong>TECHNICAL CHARACTERISTICS<\/strong><br \/>\nAspect: Powder.<br \/>\nColor: White.<br \/>\nSmell: Characteristic.<br \/>\nBulk density: 0.75-0.94 g\/cc<\/p>\n<p><strong>COMPOSITION<\/strong><br \/>\nChlorine bleaches, non-ionic surfactants.<\/p>\n<p><strong>PRESENTATION<\/strong><br \/>\nPlastic buckets:<br \/>\nFORMAT 10 kg<br \/>\nCODE 002DEC10<\/p>\n<table>\n<tbody>\n<tr>\n<td>FORMAT<\/td>\n<td>\u00a0 \u00a0 \u00a010 kg<\/td>\n<\/tr>\n<tr>\n<td>CODE<\/td>\n<td>\u00a0 002DEC10<\/td>\n<\/tr>\n<\/tbody>\n<\/table>\n<p><strong>SAFETY \/ TOXICOLOGY<\/strong><br \/>\nCauses serious eye irritation. May cause respiratory irritation. Toxic to aquatic life with side effects.<br \/>\nlong-term harmful effects. Do not mix with acids. Keep out of reach of children. In case of accident, consult a<br \/>\nMedical Toxicology Information Service. Tel.: 915 620 420.<\/p>\n<p><strong>ADDITIONAL INFORMATION<\/strong><br \/>\nINDUSTRIAL PRODUCT. PROFESSIONAL USE.<\/p>","protected":false},"excerpt":{"rendered":"<h3>Dermoclor<\/h3>\n<p class=\"Estndar\">Powder chlorine bleach for the wash of white clothes specially indicated for its use in commercial laundries, hospitals, etc. It reinforces the action of the detergent eliminating the dirt besides to have oxidixing, deodorant, bleach and stain remover properties. It can be in use in chlorine resistant clothes such as operating room clothes.<\/p>","protected":false},"featured_media":3977,"template":"","meta":{"neve_meta_sidebar":"","neve_meta_container":"","neve_meta_enable_content_width":"off","neve_meta_content_width":100,"neve_meta_title_alignment":"","neve_meta_author_avatar":"","neve_post_elements_order":"","neve_meta_disable_header":"","neve_meta_disable_footer":"","neve_meta_disable_title":""},"product_brand":[],"product_cat":[393,369],"product_tag":[],"class_list":{"0":"post-2713","1":"product","2":"type-product","3":"status-publish","4":"has-post-thumbnail","6":"product_cat-complementos-de-lavado","7":"product_cat-lavanderia","9":"first","10":"instock","11":"shipping-taxable","12":"product-type-simple"},"yoast_head":"<!-- This site is optimized with the Yoast SEO plugin v27.0 - https:\/\/yoast.com\/product\/yoast-seo-wordpress\/ -->\n<title>Dermoclor. Blanqueante en polvo - Dermo | F\u00e1brica de detergentes<\/title>\n<meta name=\"robots\" content=\"index, follow, max-snippet:-1, max-image-preview:large, max-video-preview:-1\" \/>\n<link rel=\"canonical\" href=\"https:\/\/dermo.com\/en\/catalog\/dermochlor\/\" \/>\n<meta property=\"og:locale\" content=\"en_GB\" \/>\n<meta property=\"og:type\" content=\"article\" \/>\n<meta property=\"og:title\" content=\"Dermoclor. Blanqueante en polvo - Dermo | F\u00e1brica de detergentes\" \/>\n<meta property=\"og:description\" content=\"Dermoclor Aditivo blanqueante clorado en polvo para el lavado de ropa blanca especialmente indicado para su uso en lavander\u00edas comerciales, centros hospitalarios, etc. Refuerza la acci\u00f3n del producto de lavado eliminando la suciedad adem\u00e1s de tener propiedades oxidantes, desodorizantes, blanqueadoras y quitamanchas. Puede utilizarse en ropas de color resistentes al cloro tales como ropa para quir\u00f3fano.\" \/>\n<meta property=\"og:url\" content=\"https:\/\/dermo.com\/en\/catalog\/dermochlor\/\" \/>\n<meta property=\"og:site_name\" content=\"Dermo | F\u00e1brica de detergentes\" \/>\n<meta property=\"article:modified_time\" content=\"2024-09-10T07:40:08+00:00\" \/>\n<meta property=\"og:image\" content=\"https:\/\/dermo.com\/wp-content\/uploads\/2015\/07\/DL-21-Acibac-10.png\" \/>\n\t<meta property=\"og:image:width\" content=\"768\" \/>\n\t<meta property=\"og:image:height\" content=\"823\" \/>\n\t<meta property=\"og:image:type\" content=\"image\/png\" \/>\n<meta name=\"twitter:card\" content=\"summary_large_image\" \/>\n<meta name=\"twitter:label1\" content=\"Estimated reading time\" \/>\n\t<meta name=\"twitter:data1\" content=\"2 minutes\" \/>\n<script type=\"application\/ld+json\" class=\"yoast-schema-graph\">{\"@context\":\"https:\/\/schema.org\",\"@graph\":[{\"@type\":\"WebPage\",\"@id\":\"https:\/\/dermo.com\/catalogo\/dermoclor\/\",\"url\":\"https:\/\/dermo.com\/catalogo\/dermoclor\/\",\"name\":\"Dermoclor. Blanqueante en polvo - Dermo | F\u00e1brica de detergentes\",\"isPartOf\":{\"@id\":\"https:\/\/dermo.com\/#website\"},\"primaryImageOfPage\":{\"@id\":\"https:\/\/dermo.com\/catalogo\/dermoclor\/#primaryimage\"},\"image\":{\"@id\":\"https:\/\/dermo.com\/catalogo\/dermoclor\/#primaryimage\"},\"thumbnailUrl\":\"https:\/\/dermo.com\/wp-content\/uploads\/2015\/07\/DL-21-Acibac-10.png\",\"datePublished\":\"2015-07-29T11:29:34+00:00\",\"dateModified\":\"2024-09-10T07:40:08+00:00\",\"breadcrumb\":{\"@id\":\"https:\/\/dermo.com\/catalogo\/dermoclor\/#breadcrumb\"},\"inLanguage\":\"en-GB\",\"potentialAction\":[{\"@type\":\"ReadAction\",\"target\":[\"https:\/\/dermo.com\/catalogo\/dermoclor\/\"]}]},{\"@type\":\"ImageObject\",\"inLanguage\":\"en-GB\",\"@id\":\"https:\/\/dermo.com\/catalogo\/dermoclor\/#primaryimage\",\"url\":\"https:\/\/dermo.com\/wp-content\/uploads\/2015\/07\/DL-21-Acibac-10.png\",\"contentUrl\":\"https:\/\/dermo.com\/wp-content\/uploads\/2015\/07\/DL-21-Acibac-10.png\",\"width\":768,\"height\":823},{\"@type\":\"BreadcrumbList\",\"@id\":\"https:\/\/dermo.com\/catalogo\/dermoclor\/#breadcrumb\",\"itemListElement\":[{\"@type\":\"ListItem\",\"position\":1,\"name\":\"Portada\",\"item\":\"https:\/\/dermo.com\/\"},{\"@type\":\"ListItem\",\"position\":2,\"name\":\"Tienda\",\"item\":\"https:\/\/dermo.com\/tienda\/\"},{\"@type\":\"ListItem\",\"position\":3,\"name\":\"Dermoclor. Blanqueante en polvo\"}]},{\"@type\":\"WebSite\",\"@id\":\"https:\/\/dermo.com\/#website\",\"url\":\"https:\/\/dermo.com\/\",\"name\":\"Dermo | F\u00e1brica de detergentes\",\"description\":\"Tecnolog\u00eda avanzada, investigaci\u00f3n y desarrollo, respeto por el medio ambiente, competencia, formaci\u00f3n constante y alto nivel de profesionalidad en nuestro equipo humano, empe\u00f1ado en preservar la calidad de vida, la protecci\u00f3n del entorno natural contin\u00faan motiv\u00e1ndonos para desarrollar en nuestros laboratorios nuevos productos con ingredientes activos altamente biodegradables que hacen posible un desarrollo sostenible.\",\"potentialAction\":[{\"@type\":\"SearchAction\",\"target\":{\"@type\":\"EntryPoint\",\"urlTemplate\":\"https:\/\/dermo.com\/?s={search_term_string}\"},\"query-input\":{\"@type\":\"PropertyValueSpecification\",\"valueRequired\":true,\"valueName\":\"search_term_string\"}}],\"inLanguage\":\"en-GB\"}]}<\/script>\n<!-- \/ Yoast SEO plugin. -->","yoast_head_json":{"title":"Dermochlor. Whitening powder - Dermo | detergent factory","robots":{"index":"index","follow":"follow","max-snippet":"max-snippet:-1","max-image-preview":"max-image-preview:large","max-video-preview":"max-video-preview:-1"},"canonical":"https:\/\/dermo.com\/en\/catalog\/dermochlor\/","og_locale":"en_GB","og_type":"article","og_title":"Dermoclor. Blanqueante en polvo - Dermo | F\u00e1brica de detergentes","og_description":"Dermoclor Aditivo blanqueante clorado en polvo para el lavado de ropa blanca especialmente indicado para su uso en lavander\u00edas comerciales, centros hospitalarios, etc. Refuerza la acci\u00f3n del producto de lavado eliminando la suciedad adem\u00e1s de tener propiedades oxidantes, desodorizantes, blanqueadoras y quitamanchas. Puede utilizarse en ropas de color resistentes al cloro tales como ropa para quir\u00f3fano.","og_url":"https:\/\/dermo.com\/en\/catalog\/dermochlor\/","og_site_name":"Dermo | F\u00e1brica de detergentes","article_modified_time":"2024-09-10T07:40:08+00:00","og_image":[{"width":768,"height":823,"url":"https:\/\/dermo.com\/wp-content\/uploads\/2015\/07\/DL-21-Acibac-10.png","type":"image\/png"}],"twitter_card":"summary_large_image","twitter_misc":{"Estimated reading time":"2 minutes"},"schema":{"@context":"https:\/\/schema.org","@graph":[{"@type":"WebPage","@id":"https:\/\/dermo.com\/catalogo\/dermoclor\/","url":"https:\/\/dermo.com\/catalogo\/dermoclor\/","name":"Dermochlor. Whitening powder - Dermo | detergent factory","isPartOf":{"@id":"https:\/\/dermo.com\/#website"},"primaryImageOfPage":{"@id":"https:\/\/dermo.com\/catalogo\/dermoclor\/#primaryimage"},"image":{"@id":"https:\/\/dermo.com\/catalogo\/dermoclor\/#primaryimage"},"thumbnailUrl":"https:\/\/dermo.com\/wp-content\/uploads\/2015\/07\/DL-21-Acibac-10.png","datePublished":"2015-07-29T11:29:34+00:00","dateModified":"2024-09-10T07:40:08+00:00","breadcrumb":{"@id":"https:\/\/dermo.com\/catalogo\/dermoclor\/#breadcrumb"},"inLanguage":"en-GB","potentialAction":[{"@type":"ReadAction","target":["https:\/\/dermo.com\/catalogo\/dermoclor\/"]}]},{"@type":"ImageObject","inLanguage":"en-GB","@id":"https:\/\/dermo.com\/catalogo\/dermoclor\/#primaryimage","url":"https:\/\/dermo.com\/wp-content\/uploads\/2015\/07\/DL-21-Acibac-10.png","contentUrl":"https:\/\/dermo.com\/wp-content\/uploads\/2015\/07\/DL-21-Acibac-10.png","width":768,"height":823},{"@type":"BreadcrumbList","@id":"https:\/\/dermo.com\/catalogo\/dermoclor\/#breadcrumb","itemListElement":[{"@type":"ListItem","position":1,"name":"Portada","item":"https:\/\/dermo.com\/"},{"@type":"ListItem","position":2,"name":"Tienda","item":"https:\/\/dermo.com\/tienda\/"},{"@type":"ListItem","position":3,"name":"Dermoclor. Blanqueante en polvo"}]},{"@type":"WebSite","@id":"https:\/\/dermo.com\/#website","url":"https:\/\/dermo.com\/","name":"Dermo | detergent factory","description":"Advanced technology, research and development, respect for the environment, competence, constant training and a high level of professionalism in our team, committed to preserving the quality of life and protecting the natural environment, continue to motivate us to develop new products in our laboratories with highly biodegradable active ingredients that make sustainable development possible.","potentialAction":[{"@type":"SearchAction","target":{"@type":"EntryPoint","urlTemplate":"https:\/\/dermo.com\/?s={search_term_string}"},"query-input":{"@type":"PropertyValueSpecification","valueRequired":true,"valueName":"search_term_string"}}],"inLanguage":"en-GB"}]}},"_links":{"self":[{"href":"https:\/\/dermo.com\/en\/wp-json\/wp\/v2\/product\/2713","targetHints":{"allow":["GET"]}}],"collection":[{"href":"https:\/\/dermo.com\/en\/wp-json\/wp\/v2\/product"}],"about":[{"href":"https:\/\/dermo.com\/en\/wp-json\/wp\/v2\/types\/product"}],"wp:featuredmedia":[{"embeddable":true,"href":"https:\/\/dermo.com\/en\/wp-json\/wp\/v2\/media\/3977"}],"wp:attachment":[{"href":"https:\/\/dermo.com\/en\/wp-json\/wp\/v2\/media?parent=2713"}],"wp:term":[{"taxonomy":"product_brand","embeddable":true,"href":"https:\/\/dermo.com\/en\/wp-json\/wp\/v2\/product_brand?post=2713"},{"taxonomy":"product_cat","embeddable":true,"href":"https:\/\/dermo.com\/en\/wp-json\/wp\/v2\/product_cat?post=2713"},{"taxonomy":"product_tag","embeddable":true,"href":"https:\/\/dermo.com\/en\/wp-json\/wp\/v2\/product_tag?post=2713"}],"curies":[{"name":"wp","href":"https:\/\/api.w.org\/{rel}","templated":true}]}}