{"id":2715,"date":"2015-07-29T11:29:42","date_gmt":"2015-07-29T11:29:42","guid":{"rendered":"https:\/\/dermo.ultbit.com\/producto\/jazmin\/"},"modified":"2024-09-10T09:40:30","modified_gmt":"2024-09-10T07:40:30","slug":"jasmine","status":"publish","type":"product","link":"https:\/\/dermo.com\/en\/catalog\/jasmine\/","title":{"rendered":"Jazm\u00edn. Neutral paste"},"content":{"rendered":"<p><strong>FORM OF USE:<\/strong><br \/>\nHand wash:20 g of Jazmin per litre of water.<br \/>\nWashing machine: 10 g of Jazmin per litre of water.<br \/>\nCan be applied directly on the spots.<\/p>\n<p><strong>TECHNICAL CHARACTERISTICS:<\/strong><br \/>\nAppearance: Paste.<br \/>\nColor: White or slightly yellowish.<br \/>\nScent: Jasmine.<br \/>\nPure pH: 8.2 \u2013 9.2.<\/p>\n<p><strong>PRESENTATION:<\/strong><br \/>\nPlastic containers:<\/p>\n<table>\n<tbody>\n<tr>\n<td>FORMAT<\/td>\n<td>\u00a0 \u00a0 0.250 Kg<\/td>\n<td>\u00a0 \u00a0 \u00a010 Kg<\/td>\n<\/tr>\n<tr>\n<td>CODE<\/td>\n<td>\u00a0 \u00a0002JAZ00<\/td>\n<td>\u00a0 \u00a0002JAZ10<\/td>\n<\/tr>\n<\/tbody>\n<\/table>","protected":false},"excerpt":{"rendered":"<h3>Jazm\u00edn<\/h3>\n<p class=\"Estndar\"><span lang=\"es\" xml:lang=\"es\">Neutral paste detergent special to apply in dirty places for example collars, cuffs or pockets.<\/span><\/p>\n<p class=\"Estndar\"><span lang=\"es\" xml:lang=\"es\">Ideal to wash by hand any kind of cloth, blankets, jersey, wool fabrics\u2026<\/span><\/p>","protected":false},"featured_media":2714,"template":"","meta":{"neve_meta_sidebar":"","neve_meta_container":"","neve_meta_enable_content_width":"off","neve_meta_content_width":100,"neve_meta_title_alignment":"","neve_meta_author_avatar":"","neve_post_elements_order":"","neve_meta_disable_header":"","neve_meta_disable_footer":"","neve_meta_disable_title":""},"product_brand":[],"product_cat":[393,369],"product_tag":[],"class_list":{"0":"post-2715","1":"product","2":"type-product","3":"status-publish","4":"has-post-thumbnail","6":"product_cat-complementos-de-lavado","7":"product_cat-lavanderia","9":"first","10":"instock","11":"shipping-taxable","12":"product-type-simple"},"yoast_head":"<!-- This site is optimized with the Yoast SEO plugin v27.0 - https:\/\/yoast.com\/product\/yoast-seo-wordpress\/ -->\n<title>Jazm\u00edn. Pasta neutra - Dermo | F\u00e1brica de detergentes<\/title>\n<meta name=\"robots\" content=\"index, follow, max-snippet:-1, max-image-preview:large, max-video-preview:-1\" \/>\n<link rel=\"canonical\" href=\"https:\/\/dermo.com\/en\/catalog\/jasmine\/\" \/>\n<meta property=\"og:locale\" content=\"en_GB\" \/>\n<meta property=\"og:type\" content=\"article\" \/>\n<meta property=\"og:title\" content=\"Jazm\u00edn. Pasta neutra - Dermo | F\u00e1brica de detergentes\" \/>\n<meta property=\"og:description\" content=\"Jazm\u00edn Detergente neutro en pasta especial para actuar en las zonas de las prendas donde hay m\u00e1s suciedad como cuellos, pu\u00f1os, bolsillos\u2026 Ideal para lavar a mano todo tipo de ropa especialmente mantas, jerseys, tejidos de lana y fibras.\" \/>\n<meta property=\"og:url\" content=\"https:\/\/dermo.com\/en\/catalog\/jasmine\/\" \/>\n<meta property=\"og:site_name\" content=\"Dermo | F\u00e1brica de detergentes\" \/>\n<meta property=\"article:modified_time\" content=\"2024-09-10T07:40:30+00:00\" \/>\n<meta property=\"og:image\" content=\"https:\/\/dermo.com\/wp-content\/uploads\/2015\/07\/177-Jazmin.-Pasta-neutra.jpg\" \/>\n\t<meta property=\"og:image:width\" content=\"1056\" \/>\n\t<meta property=\"og:image:height\" content=\"1056\" \/>\n\t<meta property=\"og:image:type\" content=\"image\/jpeg\" \/>\n<meta name=\"twitter:card\" content=\"summary_large_image\" \/>\n<meta name=\"twitter:label1\" content=\"Estimated reading time\" \/>\n\t<meta name=\"twitter:data1\" content=\"1 minute\" \/>\n<script type=\"application\/ld+json\" class=\"yoast-schema-graph\">{\"@context\":\"https:\/\/schema.org\",\"@graph\":[{\"@type\":\"WebPage\",\"@id\":\"https:\/\/dermo.com\/catalogo\/jazmin\/\",\"url\":\"https:\/\/dermo.com\/catalogo\/jazmin\/\",\"name\":\"Jazm\u00edn. Pasta neutra - Dermo | F\u00e1brica de detergentes\",\"isPartOf\":{\"@id\":\"https:\/\/dermo.com\/#website\"},\"primaryImageOfPage\":{\"@id\":\"https:\/\/dermo.com\/catalogo\/jazmin\/#primaryimage\"},\"image\":{\"@id\":\"https:\/\/dermo.com\/catalogo\/jazmin\/#primaryimage\"},\"thumbnailUrl\":\"https:\/\/dermo.com\/wp-content\/uploads\/2015\/07\/177-Jazmin.-Pasta-neutra.jpg\",\"datePublished\":\"2015-07-29T11:29:42+00:00\",\"dateModified\":\"2024-09-10T07:40:30+00:00\",\"breadcrumb\":{\"@id\":\"https:\/\/dermo.com\/catalogo\/jazmin\/#breadcrumb\"},\"inLanguage\":\"en-GB\",\"potentialAction\":[{\"@type\":\"ReadAction\",\"target\":[\"https:\/\/dermo.com\/catalogo\/jazmin\/\"]}]},{\"@type\":\"ImageObject\",\"inLanguage\":\"en-GB\",\"@id\":\"https:\/\/dermo.com\/catalogo\/jazmin\/#primaryimage\",\"url\":\"https:\/\/dermo.com\/wp-content\/uploads\/2015\/07\/177-Jazmin.-Pasta-neutra.jpg\",\"contentUrl\":\"https:\/\/dermo.com\/wp-content\/uploads\/2015\/07\/177-Jazmin.-Pasta-neutra.jpg\",\"width\":1056,\"height\":1056,\"caption\":\"Jazm\u00edn. Pasta neutra\"},{\"@type\":\"BreadcrumbList\",\"@id\":\"https:\/\/dermo.com\/catalogo\/jazmin\/#breadcrumb\",\"itemListElement\":[{\"@type\":\"ListItem\",\"position\":1,\"name\":\"Portada\",\"item\":\"https:\/\/dermo.com\/\"},{\"@type\":\"ListItem\",\"position\":2,\"name\":\"Tienda\",\"item\":\"https:\/\/dermo.com\/tienda\/\"},{\"@type\":\"ListItem\",\"position\":3,\"name\":\"Jazm\u00edn. Pasta neutra\"}]},{\"@type\":\"WebSite\",\"@id\":\"https:\/\/dermo.com\/#website\",\"url\":\"https:\/\/dermo.com\/\",\"name\":\"Dermo | F\u00e1brica de detergentes\",\"description\":\"Tecnolog\u00eda avanzada, investigaci\u00f3n y desarrollo, respeto por el medio ambiente, competencia, formaci\u00f3n constante y alto nivel de profesionalidad en nuestro equipo humano, empe\u00f1ado en preservar la calidad de vida, la protecci\u00f3n del entorno natural contin\u00faan motiv\u00e1ndonos para desarrollar en nuestros laboratorios nuevos productos con ingredientes activos altamente biodegradables que hacen posible un desarrollo sostenible.\",\"potentialAction\":[{\"@type\":\"SearchAction\",\"target\":{\"@type\":\"EntryPoint\",\"urlTemplate\":\"https:\/\/dermo.com\/?s={search_term_string}\"},\"query-input\":{\"@type\":\"PropertyValueSpecification\",\"valueRequired\":true,\"valueName\":\"search_term_string\"}}],\"inLanguage\":\"en-GB\"}]}<\/script>\n<!-- \/ Yoast SEO plugin. -->","yoast_head_json":{"title":"Jasmine. Neutral paste - Dermo | Detergent factory","robots":{"index":"index","follow":"follow","max-snippet":"max-snippet:-1","max-image-preview":"max-image-preview:large","max-video-preview":"max-video-preview:-1"},"canonical":"https:\/\/dermo.com\/en\/catalog\/jasmine\/","og_locale":"en_GB","og_type":"article","og_title":"Jazm\u00edn. Pasta neutra - Dermo | F\u00e1brica de detergentes","og_description":"Jazm\u00edn Detergente neutro en pasta especial para actuar en las zonas de las prendas donde hay m\u00e1s suciedad como cuellos, pu\u00f1os, bolsillos\u2026 Ideal para lavar a mano todo tipo de ropa especialmente mantas, jerseys, tejidos de lana y fibras.","og_url":"https:\/\/dermo.com\/en\/catalog\/jasmine\/","og_site_name":"Dermo | F\u00e1brica de detergentes","article_modified_time":"2024-09-10T07:40:30+00:00","og_image":[{"width":1056,"height":1056,"url":"https:\/\/dermo.com\/wp-content\/uploads\/2015\/07\/177-Jazmin.-Pasta-neutra.jpg","type":"image\/jpeg"}],"twitter_card":"summary_large_image","twitter_misc":{"Estimated reading time":"1 minute"},"schema":{"@context":"https:\/\/schema.org","@graph":[{"@type":"WebPage","@id":"https:\/\/dermo.com\/catalogo\/jazmin\/","url":"https:\/\/dermo.com\/catalogo\/jazmin\/","name":"Jasmine. Neutral paste - Dermo | Detergent factory","isPartOf":{"@id":"https:\/\/dermo.com\/#website"},"primaryImageOfPage":{"@id":"https:\/\/dermo.com\/catalogo\/jazmin\/#primaryimage"},"image":{"@id":"https:\/\/dermo.com\/catalogo\/jazmin\/#primaryimage"},"thumbnailUrl":"https:\/\/dermo.com\/wp-content\/uploads\/2015\/07\/177-Jazmin.-Pasta-neutra.jpg","datePublished":"2015-07-29T11:29:42+00:00","dateModified":"2024-09-10T07:40:30+00:00","breadcrumb":{"@id":"https:\/\/dermo.com\/catalogo\/jazmin\/#breadcrumb"},"inLanguage":"en-GB","potentialAction":[{"@type":"ReadAction","target":["https:\/\/dermo.com\/catalogo\/jazmin\/"]}]},{"@type":"ImageObject","inLanguage":"en-GB","@id":"https:\/\/dermo.com\/catalogo\/jazmin\/#primaryimage","url":"https:\/\/dermo.com\/wp-content\/uploads\/2015\/07\/177-Jazmin.-Pasta-neutra.jpg","contentUrl":"https:\/\/dermo.com\/wp-content\/uploads\/2015\/07\/177-Jazmin.-Pasta-neutra.jpg","width":1056,"height":1056,"caption":"Jazm\u00edn. Pasta neutra"},{"@type":"BreadcrumbList","@id":"https:\/\/dermo.com\/catalogo\/jazmin\/#breadcrumb","itemListElement":[{"@type":"ListItem","position":1,"name":"Portada","item":"https:\/\/dermo.com\/"},{"@type":"ListItem","position":2,"name":"Tienda","item":"https:\/\/dermo.com\/tienda\/"},{"@type":"ListItem","position":3,"name":"Jazm\u00edn. Pasta neutra"}]},{"@type":"WebSite","@id":"https:\/\/dermo.com\/#website","url":"https:\/\/dermo.com\/","name":"Dermo | detergent factory","description":"Advanced technology, research and development, respect for the environment, competence, constant training and a high level of professionalism in our team, committed to preserving the quality of life and protecting the natural environment, continue to motivate us to develop new products in our laboratories with highly biodegradable active ingredients that make sustainable development possible.","potentialAction":[{"@type":"SearchAction","target":{"@type":"EntryPoint","urlTemplate":"https:\/\/dermo.com\/?s={search_term_string}"},"query-input":{"@type":"PropertyValueSpecification","valueRequired":true,"valueName":"search_term_string"}}],"inLanguage":"en-GB"}]}},"_links":{"self":[{"href":"https:\/\/dermo.com\/en\/wp-json\/wp\/v2\/product\/2715","targetHints":{"allow":["GET"]}}],"collection":[{"href":"https:\/\/dermo.com\/en\/wp-json\/wp\/v2\/product"}],"about":[{"href":"https:\/\/dermo.com\/en\/wp-json\/wp\/v2\/types\/product"}],"wp:featuredmedia":[{"embeddable":true,"href":"https:\/\/dermo.com\/en\/wp-json\/wp\/v2\/media\/2714"}],"wp:attachment":[{"href":"https:\/\/dermo.com\/en\/wp-json\/wp\/v2\/media?parent=2715"}],"wp:term":[{"taxonomy":"product_brand","embeddable":true,"href":"https:\/\/dermo.com\/en\/wp-json\/wp\/v2\/product_brand?post=2715"},{"taxonomy":"product_cat","embeddable":true,"href":"https:\/\/dermo.com\/en\/wp-json\/wp\/v2\/product_cat?post=2715"},{"taxonomy":"product_tag","embeddable":true,"href":"https:\/\/dermo.com\/en\/wp-json\/wp\/v2\/product_tag?post=2715"}],"curies":[{"name":"wp","href":"https:\/\/api.w.org\/{rel}","templated":true}]}}