{"id":2717,"date":"2015-07-29T11:29:54","date_gmt":"2015-07-29T11:29:54","guid":{"rendered":"https:\/\/dermo.ultbit.com\/producto\/dermocolor\/"},"modified":"2024-09-10T09:40:39","modified_gmt":"2024-09-10T07:40:39","slug":"dermocolor","status":"publish","type":"product","link":"https:\/\/dermo.com\/en\/catalog\/dermocolor\/","title":{"rendered":"Dermocolor. Color bleach"},"content":{"rendered":"<p><strong>FORM OF USE:<\/strong><br \/>\nHand washing: Add 10 ml of Dermocolor per litre of water after the detergent. Leave to soak maxim 15 minutes and rinse.<br \/>\nMachine washing: Measure out of 100 ml of product before the detergent per each 5 kg of cloth.<br \/>\nDifficult stains: Apply directly on the satin and wash normally.<br \/>\nDo not use on delicate garments. Do not mix with bleach.<\/p>\n<p><strong>TECHNICAL CHARACTERISTICS<\/strong><br \/>\nAspect: Thick Liquid.<br \/>\nColor: Pink.<br \/>\nSmell: Floral.<br \/>\nPure pH: 2.5-3.5<br \/>\nDensity: 1.02-1.04 g\/cc<br \/>\nSolubility: Water soluble.<\/p>\n<p><strong>COMPOSITION<\/strong><br \/>\nOxygen-based bleaches, surfactants, colorants, perfume.<\/p>\n<p><strong>PRESENTATION<\/strong><br \/>\nPlastic containers:<\/p>\n<table>\n<tbody>\n<tr>\n<td>FORMAT<\/td>\n<td>5 kg<\/td>\n<\/tr>\n<tr>\n<td>CODE<\/td>\n<td>002DER05<\/td>\n<\/tr>\n<\/tbody>\n<\/table>\n<p><strong>SAFETY \/ TOXICOLOGY<\/strong><br \/>\nCauses serious eye damage. DO NOT MIX WITH BLEACH. KEEP AWAY FROM SUNLIGHT.<br \/>\nIn case of accident, consult the Medical Toxicology Information Service. Tel.: 915 620 420.<\/p>\n<p><strong>ADDITIONAL INFORMATION<\/strong><br \/>\nINDUSTRIAL PRODUCT. PROFESSIONAL USE.<\/p>","protected":false},"excerpt":{"rendered":"<h3>Dermocolor<\/h3>\n<p class=\"Estndar\">Washing additive with active oxygen specially formulated to remove stains in white and coloured clothes. It can be used by hand or machine.<\/p>","protected":false},"featured_media":4192,"template":"","meta":{"neve_meta_sidebar":"","neve_meta_container":"","neve_meta_enable_content_width":"off","neve_meta_content_width":100,"neve_meta_title_alignment":"","neve_meta_author_avatar":"","neve_post_elements_order":"","neve_meta_disable_header":"","neve_meta_disable_footer":"","neve_meta_disable_title":""},"product_brand":[],"product_cat":[393,369],"product_tag":[],"class_list":{"0":"post-2717","1":"product","2":"type-product","3":"status-publish","4":"has-post-thumbnail","6":"product_cat-complementos-de-lavado","7":"product_cat-lavanderia","9":"first","10":"instock","11":"shipping-taxable","12":"product-type-simple"},"yoast_head":"<!-- This site is optimized with the Yoast SEO plugin v27.0 - https:\/\/yoast.com\/product\/yoast-seo-wordpress\/ -->\n<title>Dermocolor. Lej\u00eda color - Dermo | F\u00e1brica de detergentes<\/title>\n<meta name=\"robots\" content=\"index, follow, max-snippet:-1, max-image-preview:large, max-video-preview:-1\" \/>\n<link rel=\"canonical\" href=\"https:\/\/dermo.com\/en\/catalog\/dermocolor\/\" \/>\n<meta property=\"og:locale\" content=\"en_GB\" \/>\n<meta property=\"og:type\" content=\"article\" \/>\n<meta property=\"og:title\" content=\"Dermocolor. Lej\u00eda color - Dermo | F\u00e1brica de detergentes\" \/>\n<meta property=\"og:description\" content=\"Dermocolor Aditivo textil de lavado con ox\u00edgeno activo formulado especialmente para eliminar manchas en la ropa blanca o de color.\" \/>\n<meta property=\"og:url\" content=\"https:\/\/dermo.com\/en\/catalog\/dermocolor\/\" \/>\n<meta property=\"og:site_name\" content=\"Dermo | F\u00e1brica de detergentes\" \/>\n<meta property=\"article:modified_time\" content=\"2024-09-10T07:40:39+00:00\" \/>\n<meta property=\"og:image\" content=\"https:\/\/dermo.com\/wp-content\/uploads\/2015\/07\/Dermocolor.-Lejia-Color.png\" \/>\n\t<meta property=\"og:image:width\" content=\"768\" \/>\n\t<meta property=\"og:image:height\" content=\"823\" \/>\n\t<meta property=\"og:image:type\" content=\"image\/png\" \/>\n<meta name=\"twitter:card\" content=\"summary_large_image\" \/>\n<meta name=\"twitter:label1\" content=\"Estimated reading time\" \/>\n\t<meta name=\"twitter:data1\" content=\"1 minute\" \/>\n<script type=\"application\/ld+json\" class=\"yoast-schema-graph\">{\"@context\":\"https:\/\/schema.org\",\"@graph\":[{\"@type\":\"WebPage\",\"@id\":\"https:\/\/dermo.com\/catalogo\/dermocolor\/\",\"url\":\"https:\/\/dermo.com\/catalogo\/dermocolor\/\",\"name\":\"Dermocolor. Lej\u00eda color - Dermo | F\u00e1brica de detergentes\",\"isPartOf\":{\"@id\":\"https:\/\/dermo.com\/#website\"},\"primaryImageOfPage\":{\"@id\":\"https:\/\/dermo.com\/catalogo\/dermocolor\/#primaryimage\"},\"image\":{\"@id\":\"https:\/\/dermo.com\/catalogo\/dermocolor\/#primaryimage\"},\"thumbnailUrl\":\"https:\/\/dermo.com\/wp-content\/uploads\/2015\/07\/Dermocolor.-Lejia-Color.png\",\"datePublished\":\"2015-07-29T11:29:54+00:00\",\"dateModified\":\"2024-09-10T07:40:39+00:00\",\"breadcrumb\":{\"@id\":\"https:\/\/dermo.com\/catalogo\/dermocolor\/#breadcrumb\"},\"inLanguage\":\"en-GB\",\"potentialAction\":[{\"@type\":\"ReadAction\",\"target\":[\"https:\/\/dermo.com\/catalogo\/dermocolor\/\"]}]},{\"@type\":\"ImageObject\",\"inLanguage\":\"en-GB\",\"@id\":\"https:\/\/dermo.com\/catalogo\/dermocolor\/#primaryimage\",\"url\":\"https:\/\/dermo.com\/wp-content\/uploads\/2015\/07\/Dermocolor.-Lejia-Color.png\",\"contentUrl\":\"https:\/\/dermo.com\/wp-content\/uploads\/2015\/07\/Dermocolor.-Lejia-Color.png\",\"width\":768,\"height\":823},{\"@type\":\"BreadcrumbList\",\"@id\":\"https:\/\/dermo.com\/catalogo\/dermocolor\/#breadcrumb\",\"itemListElement\":[{\"@type\":\"ListItem\",\"position\":1,\"name\":\"Portada\",\"item\":\"https:\/\/dermo.com\/\"},{\"@type\":\"ListItem\",\"position\":2,\"name\":\"Tienda\",\"item\":\"https:\/\/dermo.com\/tienda\/\"},{\"@type\":\"ListItem\",\"position\":3,\"name\":\"Dermocolor. Lej\u00eda color\"}]},{\"@type\":\"WebSite\",\"@id\":\"https:\/\/dermo.com\/#website\",\"url\":\"https:\/\/dermo.com\/\",\"name\":\"Dermo | F\u00e1brica de detergentes\",\"description\":\"Tecnolog\u00eda avanzada, investigaci\u00f3n y desarrollo, respeto por el medio ambiente, competencia, formaci\u00f3n constante y alto nivel de profesionalidad en nuestro equipo humano, empe\u00f1ado en preservar la calidad de vida, la protecci\u00f3n del entorno natural contin\u00faan motiv\u00e1ndonos para desarrollar en nuestros laboratorios nuevos productos con ingredientes activos altamente biodegradables que hacen posible un desarrollo sostenible.\",\"potentialAction\":[{\"@type\":\"SearchAction\",\"target\":{\"@type\":\"EntryPoint\",\"urlTemplate\":\"https:\/\/dermo.com\/?s={search_term_string}\"},\"query-input\":{\"@type\":\"PropertyValueSpecification\",\"valueRequired\":true,\"valueName\":\"search_term_string\"}}],\"inLanguage\":\"en-GB\"}]}<\/script>\n<!-- \/ Yoast SEO plugin. -->","yoast_head_json":{"title":"Dermocolor. Color bleach - Dermo | Detergent factory","robots":{"index":"index","follow":"follow","max-snippet":"max-snippet:-1","max-image-preview":"max-image-preview:large","max-video-preview":"max-video-preview:-1"},"canonical":"https:\/\/dermo.com\/en\/catalog\/dermocolor\/","og_locale":"en_GB","og_type":"article","og_title":"Dermocolor. Lej\u00eda color - Dermo | F\u00e1brica de detergentes","og_description":"Dermocolor Aditivo textil de lavado con ox\u00edgeno activo formulado especialmente para eliminar manchas en la ropa blanca o de color.","og_url":"https:\/\/dermo.com\/en\/catalog\/dermocolor\/","og_site_name":"Dermo | F\u00e1brica de detergentes","article_modified_time":"2024-09-10T07:40:39+00:00","og_image":[{"width":768,"height":823,"url":"https:\/\/dermo.com\/wp-content\/uploads\/2015\/07\/Dermocolor.-Lejia-Color.png","type":"image\/png"}],"twitter_card":"summary_large_image","twitter_misc":{"Estimated reading time":"1 minute"},"schema":{"@context":"https:\/\/schema.org","@graph":[{"@type":"WebPage","@id":"https:\/\/dermo.com\/catalogo\/dermocolor\/","url":"https:\/\/dermo.com\/catalogo\/dermocolor\/","name":"Dermocolor. Color bleach - Dermo | Detergent factory","isPartOf":{"@id":"https:\/\/dermo.com\/#website"},"primaryImageOfPage":{"@id":"https:\/\/dermo.com\/catalogo\/dermocolor\/#primaryimage"},"image":{"@id":"https:\/\/dermo.com\/catalogo\/dermocolor\/#primaryimage"},"thumbnailUrl":"https:\/\/dermo.com\/wp-content\/uploads\/2015\/07\/Dermocolor.-Lejia-Color.png","datePublished":"2015-07-29T11:29:54+00:00","dateModified":"2024-09-10T07:40:39+00:00","breadcrumb":{"@id":"https:\/\/dermo.com\/catalogo\/dermocolor\/#breadcrumb"},"inLanguage":"en-GB","potentialAction":[{"@type":"ReadAction","target":["https:\/\/dermo.com\/catalogo\/dermocolor\/"]}]},{"@type":"ImageObject","inLanguage":"en-GB","@id":"https:\/\/dermo.com\/catalogo\/dermocolor\/#primaryimage","url":"https:\/\/dermo.com\/wp-content\/uploads\/2015\/07\/Dermocolor.-Lejia-Color.png","contentUrl":"https:\/\/dermo.com\/wp-content\/uploads\/2015\/07\/Dermocolor.-Lejia-Color.png","width":768,"height":823},{"@type":"BreadcrumbList","@id":"https:\/\/dermo.com\/catalogo\/dermocolor\/#breadcrumb","itemListElement":[{"@type":"ListItem","position":1,"name":"Portada","item":"https:\/\/dermo.com\/"},{"@type":"ListItem","position":2,"name":"Tienda","item":"https:\/\/dermo.com\/tienda\/"},{"@type":"ListItem","position":3,"name":"Dermocolor. Lej\u00eda color"}]},{"@type":"WebSite","@id":"https:\/\/dermo.com\/#website","url":"https:\/\/dermo.com\/","name":"Dermo | detergent factory","description":"Advanced technology, research and development, respect for the environment, competence, constant training and a high level of professionalism in our team, committed to preserving the quality of life and protecting the natural environment, continue to motivate us to develop new products in our laboratories with highly biodegradable active ingredients that make sustainable development possible.","potentialAction":[{"@type":"SearchAction","target":{"@type":"EntryPoint","urlTemplate":"https:\/\/dermo.com\/?s={search_term_string}"},"query-input":{"@type":"PropertyValueSpecification","valueRequired":true,"valueName":"search_term_string"}}],"inLanguage":"en-GB"}]}},"_links":{"self":[{"href":"https:\/\/dermo.com\/en\/wp-json\/wp\/v2\/product\/2717","targetHints":{"allow":["GET"]}}],"collection":[{"href":"https:\/\/dermo.com\/en\/wp-json\/wp\/v2\/product"}],"about":[{"href":"https:\/\/dermo.com\/en\/wp-json\/wp\/v2\/types\/product"}],"wp:featuredmedia":[{"embeddable":true,"href":"https:\/\/dermo.com\/en\/wp-json\/wp\/v2\/media\/4192"}],"wp:attachment":[{"href":"https:\/\/dermo.com\/en\/wp-json\/wp\/v2\/media?parent=2717"}],"wp:term":[{"taxonomy":"product_brand","embeddable":true,"href":"https:\/\/dermo.com\/en\/wp-json\/wp\/v2\/product_brand?post=2717"},{"taxonomy":"product_cat","embeddable":true,"href":"https:\/\/dermo.com\/en\/wp-json\/wp\/v2\/product_cat?post=2717"},{"taxonomy":"product_tag","embeddable":true,"href":"https:\/\/dermo.com\/en\/wp-json\/wp\/v2\/product_tag?post=2717"}],"curies":[{"name":"wp","href":"https:\/\/api.w.org\/{rel}","templated":true}]}}