{"id":2738,"date":"2015-07-29T15:48:31","date_gmt":"2015-07-29T15:48:31","guid":{"rendered":"https:\/\/dermo.ultbit.com\/producto\/star-gres-pino\/"},"modified":"2025-05-14T12:21:30","modified_gmt":"2025-05-14T10:21:30","slug":"star-stoneware-pine","status":"publish","type":"product","link":"https:\/\/dermo.com\/en\/catalog\/star-stoneware-pine\/","title":{"rendered":"Star Gres Pino. Gres floor cleaner"},"content":{"rendered":"<p><strong>FORM OF USE:<\/strong><br \/>\nDose STAR-GRES PINO diluted at 2,5% into the water of the mop bucket.<br \/>\nIt is not necessary to rinse.<\/p>\n<p><strong>TECHNICAL CHARACTERISTICS<\/strong><br \/>\nAspect: Liquid.<br \/>\nColor: Green.<br \/>\nSmell: Pine.<br \/>\nPure pH: 7-8.5<br \/>\nDensity: 0.99 \u2013 1.00 g\/cc.<\/p>\n<p><strong>COMPOSITION<\/strong><br \/>\nGlycolic solution of surfactants, sequestrants, colorant and perfume.<\/p>\n<p><strong>PRESENTATION<\/strong><br \/>\nPlastic containers:<\/p>\n<table>\n<tbody>\n<tr>\n<td>FORMAT<\/td>\n<td><\/td>\n<td>\u00a0 \u00a0 \u00a0 5 kg<\/td>\n<\/tr>\n<tr>\n<td>CODE<\/td>\n<td><\/td>\n<td>\u00a0 \u00a0004STP05<\/td>\n<\/tr>\n<\/tbody>\n<\/table>\n<p><strong>SAFETY \/ TOXICOLOGY<\/strong><br \/>\nCauses serious eye irritation. Keep out of reach of children.<br \/>\nIn case of accident, consult the Medical Toxicology Information Service. Tel.: 915 620 420.<\/p>\n<p><strong>ADDITIONAL INFORMATION<\/strong><br \/>\nINDUSTRIAL PRODUCT. PROFESSIONAL USE.<\/p>","protected":false},"excerpt":{"rendered":"<p class=\"Estndar\">Liquid detergent specially formulated for the cleanning of gres surfaces, ceramics, glazed tiles, etc. It does not leave marks after drying, and it perfumes with a long lasting fragance. It is a powerful detergent. Gives natural shine.<\/p>","protected":false},"featured_media":4213,"template":"","meta":{"neve_meta_sidebar":"","neve_meta_container":"","neve_meta_enable_content_width":"off","neve_meta_content_width":100,"neve_meta_title_alignment":"","neve_meta_author_avatar":"","neve_post_elements_order":"","neve_meta_disable_header":"","neve_meta_disable_footer":"","neve_meta_disable_title":""},"product_brand":[],"product_cat":[381],"product_tag":[],"class_list":{"0":"post-2738","1":"product","2":"type-product","3":"status-publish","4":"has-post-thumbnail","6":"product_cat-tratamiento-de-suelos","8":"first","9":"instock","10":"shipping-taxable","11":"product-type-simple"},"yoast_head":"<!-- This site is optimized with the Yoast SEO plugin v27.0 - https:\/\/yoast.com\/product\/yoast-seo-wordpress\/ -->\n<title>Star Gres Pino. Fregasuelos especial gres - Dermo | F\u00e1brica de detergentes<\/title>\n<meta name=\"robots\" content=\"index, follow, max-snippet:-1, max-image-preview:large, max-video-preview:-1\" \/>\n<link rel=\"canonical\" href=\"https:\/\/dermo.com\/en\/catalog\/star-stoneware-pine\/\" \/>\n<meta property=\"og:locale\" content=\"en_GB\" \/>\n<meta property=\"og:type\" content=\"article\" \/>\n<meta property=\"og:title\" content=\"Star Gres Pino. Fregasuelos especial gres - Dermo | F\u00e1brica de detergentes\" \/>\n<meta property=\"og:description\" content=\"Fregasuelos especialmente indicado para la limpieza de superficies de gres, cer\u00e1mica, azulejos, etc. No deja marcas al secarse y perfuma con un aroma persistente. Tiene gran poder detergente. Abrillanta con brillo natural.\" \/>\n<meta property=\"og:url\" content=\"https:\/\/dermo.com\/en\/catalog\/star-stoneware-pine\/\" \/>\n<meta property=\"og:site_name\" content=\"Dermo | F\u00e1brica de detergentes\" \/>\n<meta property=\"article:modified_time\" content=\"2025-05-14T10:21:30+00:00\" \/>\n<meta property=\"og:image\" content=\"https:\/\/dermo.com\/wp-content\/uploads\/2015\/07\/Star-Gres-Pino.-Fregasuelos-Especial-Gres.png\" \/>\n\t<meta property=\"og:image:width\" content=\"768\" \/>\n\t<meta property=\"og:image:height\" content=\"823\" \/>\n\t<meta property=\"og:image:type\" content=\"image\/png\" \/>\n<meta name=\"twitter:card\" content=\"summary_large_image\" \/>\n<meta name=\"twitter:label1\" content=\"Estimated reading time\" \/>\n\t<meta name=\"twitter:data1\" content=\"1 minute\" \/>\n<script type=\"application\/ld+json\" class=\"yoast-schema-graph\">{\"@context\":\"https:\/\/schema.org\",\"@graph\":[{\"@type\":\"WebPage\",\"@id\":\"https:\/\/dermo.com\/catalogo\/star-gres-pino\/\",\"url\":\"https:\/\/dermo.com\/catalogo\/star-gres-pino\/\",\"name\":\"Star Gres Pino. Fregasuelos especial gres - Dermo | F\u00e1brica de detergentes\",\"isPartOf\":{\"@id\":\"https:\/\/dermo.com\/#website\"},\"primaryImageOfPage\":{\"@id\":\"https:\/\/dermo.com\/catalogo\/star-gres-pino\/#primaryimage\"},\"image\":{\"@id\":\"https:\/\/dermo.com\/catalogo\/star-gres-pino\/#primaryimage\"},\"thumbnailUrl\":\"https:\/\/dermo.com\/wp-content\/uploads\/2015\/07\/Star-Gres-Pino.-Fregasuelos-Especial-Gres.png\",\"datePublished\":\"2015-07-29T15:48:31+00:00\",\"dateModified\":\"2025-05-14T10:21:30+00:00\",\"breadcrumb\":{\"@id\":\"https:\/\/dermo.com\/catalogo\/star-gres-pino\/#breadcrumb\"},\"inLanguage\":\"en-GB\",\"potentialAction\":[{\"@type\":\"ReadAction\",\"target\":[\"https:\/\/dermo.com\/catalogo\/star-gres-pino\/\"]}]},{\"@type\":\"ImageObject\",\"inLanguage\":\"en-GB\",\"@id\":\"https:\/\/dermo.com\/catalogo\/star-gres-pino\/#primaryimage\",\"url\":\"https:\/\/dermo.com\/wp-content\/uploads\/2015\/07\/Star-Gres-Pino.-Fregasuelos-Especial-Gres.png\",\"contentUrl\":\"https:\/\/dermo.com\/wp-content\/uploads\/2015\/07\/Star-Gres-Pino.-Fregasuelos-Especial-Gres.png\",\"width\":768,\"height\":823},{\"@type\":\"BreadcrumbList\",\"@id\":\"https:\/\/dermo.com\/catalogo\/star-gres-pino\/#breadcrumb\",\"itemListElement\":[{\"@type\":\"ListItem\",\"position\":1,\"name\":\"Portada\",\"item\":\"https:\/\/dermo.com\/\"},{\"@type\":\"ListItem\",\"position\":2,\"name\":\"Tienda\",\"item\":\"https:\/\/dermo.com\/tienda\/\"},{\"@type\":\"ListItem\",\"position\":3,\"name\":\"Star Gres Pino. Fregasuelos especial gres\"}]},{\"@type\":\"WebSite\",\"@id\":\"https:\/\/dermo.com\/#website\",\"url\":\"https:\/\/dermo.com\/\",\"name\":\"Dermo | F\u00e1brica de detergentes\",\"description\":\"Tecnolog\u00eda avanzada, investigaci\u00f3n y desarrollo, respeto por el medio ambiente, competencia, formaci\u00f3n constante y alto nivel de profesionalidad en nuestro equipo humano, empe\u00f1ado en preservar la calidad de vida, la protecci\u00f3n del entorno natural contin\u00faan motiv\u00e1ndonos para desarrollar en nuestros laboratorios nuevos productos con ingredientes activos altamente biodegradables que hacen posible un desarrollo sostenible.\",\"potentialAction\":[{\"@type\":\"SearchAction\",\"target\":{\"@type\":\"EntryPoint\",\"urlTemplate\":\"https:\/\/dermo.com\/?s={search_term_string}\"},\"query-input\":{\"@type\":\"PropertyValueSpecification\",\"valueRequired\":true,\"valueName\":\"search_term_string\"}}],\"inLanguage\":\"en-GB\"}]}<\/script>\n<!-- \/ Yoast SEO plugin. -->","yoast_head_json":{"title":"Star Gres Pino. Special stoneware floor cleaner - Dermo | Detergent factory","robots":{"index":"index","follow":"follow","max-snippet":"max-snippet:-1","max-image-preview":"max-image-preview:large","max-video-preview":"max-video-preview:-1"},"canonical":"https:\/\/dermo.com\/en\/catalog\/star-stoneware-pine\/","og_locale":"en_GB","og_type":"article","og_title":"Star Gres Pino. Fregasuelos especial gres - Dermo | F\u00e1brica de detergentes","og_description":"Fregasuelos especialmente indicado para la limpieza de superficies de gres, cer\u00e1mica, azulejos, etc. No deja marcas al secarse y perfuma con un aroma persistente. Tiene gran poder detergente. Abrillanta con brillo natural.","og_url":"https:\/\/dermo.com\/en\/catalog\/star-stoneware-pine\/","og_site_name":"Dermo | F\u00e1brica de detergentes","article_modified_time":"2025-05-14T10:21:30+00:00","og_image":[{"width":768,"height":823,"url":"https:\/\/dermo.com\/wp-content\/uploads\/2015\/07\/Star-Gres-Pino.-Fregasuelos-Especial-Gres.png","type":"image\/png"}],"twitter_card":"summary_large_image","twitter_misc":{"Estimated reading time":"1 minute"},"schema":{"@context":"https:\/\/schema.org","@graph":[{"@type":"WebPage","@id":"https:\/\/dermo.com\/catalogo\/star-gres-pino\/","url":"https:\/\/dermo.com\/catalogo\/star-gres-pino\/","name":"Star Gres Pino. Special stoneware floor cleaner - Dermo | Detergent factory","isPartOf":{"@id":"https:\/\/dermo.com\/#website"},"primaryImageOfPage":{"@id":"https:\/\/dermo.com\/catalogo\/star-gres-pino\/#primaryimage"},"image":{"@id":"https:\/\/dermo.com\/catalogo\/star-gres-pino\/#primaryimage"},"thumbnailUrl":"https:\/\/dermo.com\/wp-content\/uploads\/2015\/07\/Star-Gres-Pino.-Fregasuelos-Especial-Gres.png","datePublished":"2015-07-29T15:48:31+00:00","dateModified":"2025-05-14T10:21:30+00:00","breadcrumb":{"@id":"https:\/\/dermo.com\/catalogo\/star-gres-pino\/#breadcrumb"},"inLanguage":"en-GB","potentialAction":[{"@type":"ReadAction","target":["https:\/\/dermo.com\/catalogo\/star-gres-pino\/"]}]},{"@type":"ImageObject","inLanguage":"en-GB","@id":"https:\/\/dermo.com\/catalogo\/star-gres-pino\/#primaryimage","url":"https:\/\/dermo.com\/wp-content\/uploads\/2015\/07\/Star-Gres-Pino.-Fregasuelos-Especial-Gres.png","contentUrl":"https:\/\/dermo.com\/wp-content\/uploads\/2015\/07\/Star-Gres-Pino.-Fregasuelos-Especial-Gres.png","width":768,"height":823},{"@type":"BreadcrumbList","@id":"https:\/\/dermo.com\/catalogo\/star-gres-pino\/#breadcrumb","itemListElement":[{"@type":"ListItem","position":1,"name":"Portada","item":"https:\/\/dermo.com\/"},{"@type":"ListItem","position":2,"name":"Tienda","item":"https:\/\/dermo.com\/tienda\/"},{"@type":"ListItem","position":3,"name":"Star Gres Pino. Fregasuelos especial gres"}]},{"@type":"WebSite","@id":"https:\/\/dermo.com\/#website","url":"https:\/\/dermo.com\/","name":"Dermo | detergent factory","description":"Advanced technology, research and development, respect for the environment, competence, constant training and a high level of professionalism in our team, committed to preserving the quality of life and protecting the natural environment, continue to motivate us to develop new products in our laboratories with highly biodegradable active ingredients that make sustainable development possible.","potentialAction":[{"@type":"SearchAction","target":{"@type":"EntryPoint","urlTemplate":"https:\/\/dermo.com\/?s={search_term_string}"},"query-input":{"@type":"PropertyValueSpecification","valueRequired":true,"valueName":"search_term_string"}}],"inLanguage":"en-GB"}]}},"_links":{"self":[{"href":"https:\/\/dermo.com\/en\/wp-json\/wp\/v2\/product\/2738","targetHints":{"allow":["GET"]}}],"collection":[{"href":"https:\/\/dermo.com\/en\/wp-json\/wp\/v2\/product"}],"about":[{"href":"https:\/\/dermo.com\/en\/wp-json\/wp\/v2\/types\/product"}],"wp:featuredmedia":[{"embeddable":true,"href":"https:\/\/dermo.com\/en\/wp-json\/wp\/v2\/media\/4213"}],"wp:attachment":[{"href":"https:\/\/dermo.com\/en\/wp-json\/wp\/v2\/media?parent=2738"}],"wp:term":[{"taxonomy":"product_brand","embeddable":true,"href":"https:\/\/dermo.com\/en\/wp-json\/wp\/v2\/product_brand?post=2738"},{"taxonomy":"product_cat","embeddable":true,"href":"https:\/\/dermo.com\/en\/wp-json\/wp\/v2\/product_cat?post=2738"},{"taxonomy":"product_tag","embeddable":true,"href":"https:\/\/dermo.com\/en\/wp-json\/wp\/v2\/product_tag?post=2738"}],"curies":[{"name":"wp","href":"https:\/\/api.w.org\/{rel}","templated":true}]}}