{"id":2744,"date":"2015-07-29T16:52:15","date_gmt":"2015-07-29T16:52:15","guid":{"rendered":"https:\/\/dermo.ultbit.com\/producto\/fial-fregadoras\/"},"modified":"2025-03-27T16:48:42","modified_gmt":"2025-03-27T15:48:42","slug":"fial-scrubbers","status":"publish","type":"product","link":"https:\/\/dermo.com\/en\/catalog\/fial-scrubbers\/","title":{"rendered":"Fial Fregadoras. Degreaser for automatic floors cleaners"},"content":{"rendered":"<p><strong>FORM OF USE:<\/strong><br \/>\nFollow the instructions given by the machine manufacturer, or dose from 3 to 10% of product<br \/>\ndepending on the dirtiness to eliminate.<\/p>\n<p><strong>TECHNICAL FEATURES<\/strong><br \/>\nAspect: Liquid.<br \/>\nColor: Yellow.<br \/>\nSmell: Without fragance.<br \/>\npH (10%, water): 12-14<br \/>\nDensity: 1.15-1.17 g\/cc.<\/p>\n<p><strong>COMPOSITION<\/strong><br \/>\nAlkalis, polycarboxylates, phosphonates.<\/p>\n<p><strong>PRESENTATION<\/strong><br \/>\nPlastic containers:<\/p>\n<table>\n<tbody>\n<tr>\n<td>FORMAT<\/td>\n<td>\u00a0 \u00a0 \u00a0 \u00a06Kg<\/td>\n<td>\u00a0 \u00a0 \u00a0 12Kg<\/td>\n<td>\u00a0 \u00a0 \u00a0 25Kg<\/td>\n<\/tr>\n<tr>\n<td>CODE<\/td>\n<td>\u00a0 \u00a0014FIR06<\/td>\n<td>\u00a0 \u00a0014FIR12<\/td>\n<td>\u00a0 \u00a0014FIR25<\/td>\n<\/tr>\n<\/tbody>\n<\/table>\n<p><strong>SAFETY\/TOXICOLOGY<\/strong><br \/>\nCauses severe skin burns and eye damage. Keep out of reach of children.<br \/>\nchildren. In case of accident, consult the Medical Toxicology Information Service. Tel.: 915<br \/>\n620 420.<\/p>\n<p><strong>ADDITIONAL INFORMATION<\/strong><br \/>\nINDUSTRIAL PRODUCT. PROFESSIONAL USE.<\/p>","protected":false},"excerpt":{"rendered":"<h3><\/h3>\n<p class=\"Estndar\">Energic degreaser without  foam, specially formulated for being used with automatic scruber.<\/p>","protected":false},"featured_media":4218,"template":"","meta":{"neve_meta_sidebar":"","neve_meta_container":"","neve_meta_enable_content_width":"off","neve_meta_content_width":100,"neve_meta_title_alignment":"","neve_meta_author_avatar":"","neve_post_elements_order":"","neve_meta_disable_header":"","neve_meta_disable_footer":"","neve_meta_disable_title":""},"product_brand":[],"product_cat":[385,381],"product_tag":[],"class_list":{"0":"post-2744","1":"product","2":"type-product","3":"status-publish","4":"has-post-thumbnail","6":"product_cat-industria-y-automocion-productos","7":"product_cat-tratamiento-de-suelos","9":"first","10":"instock","11":"shipping-taxable","12":"product-type-simple"},"yoast_head":"<!-- This site is optimized with the Yoast SEO plugin v27.0 - https:\/\/yoast.com\/product\/yoast-seo-wordpress\/ -->\n<title>Fial Fregadoras. Desengrasante fregadoras - Dermo | F\u00e1brica de detergentes<\/title>\n<meta name=\"robots\" content=\"index, follow, max-snippet:-1, max-image-preview:large, max-video-preview:-1\" \/>\n<link rel=\"canonical\" href=\"https:\/\/dermo.com\/en\/catalog\/fial-scrubbers\/\" \/>\n<meta property=\"og:locale\" content=\"en_GB\" \/>\n<meta property=\"og:type\" content=\"article\" \/>\n<meta property=\"og:title\" content=\"Fial Fregadoras. Desengrasante fregadoras - Dermo | F\u00e1brica de detergentes\" \/>\n<meta property=\"og:description\" content=\"Desengrasante en\u00e9rgico sin espuma concebido especialmente para su utilizaci\u00f3n en fregadora autom\u00e1tica.\" \/>\n<meta property=\"og:url\" content=\"https:\/\/dermo.com\/en\/catalog\/fial-scrubbers\/\" \/>\n<meta property=\"og:site_name\" content=\"Dermo | F\u00e1brica de detergentes\" \/>\n<meta property=\"article:modified_time\" content=\"2025-03-27T15:48:42+00:00\" \/>\n<meta property=\"og:image\" content=\"https:\/\/dermo.com\/wp-content\/uploads\/2015\/07\/Fial-Fregadoras.-Desengrasante-Fregadoras.png\" \/>\n\t<meta property=\"og:image:width\" content=\"768\" \/>\n\t<meta property=\"og:image:height\" content=\"823\" \/>\n\t<meta property=\"og:image:type\" content=\"image\/png\" \/>\n<meta name=\"twitter:card\" content=\"summary_large_image\" \/>\n<meta name=\"twitter:label1\" content=\"Estimated reading time\" \/>\n\t<meta name=\"twitter:data1\" content=\"1 minute\" \/>\n<script type=\"application\/ld+json\" class=\"yoast-schema-graph\">{\"@context\":\"https:\/\/schema.org\",\"@graph\":[{\"@type\":\"WebPage\",\"@id\":\"https:\/\/dermo.com\/catalogo\/fial-fregadoras\/\",\"url\":\"https:\/\/dermo.com\/catalogo\/fial-fregadoras\/\",\"name\":\"Fial Fregadoras. Desengrasante fregadoras - Dermo | F\u00e1brica de detergentes\",\"isPartOf\":{\"@id\":\"https:\/\/dermo.com\/#website\"},\"primaryImageOfPage\":{\"@id\":\"https:\/\/dermo.com\/catalogo\/fial-fregadoras\/#primaryimage\"},\"image\":{\"@id\":\"https:\/\/dermo.com\/catalogo\/fial-fregadoras\/#primaryimage\"},\"thumbnailUrl\":\"https:\/\/dermo.com\/wp-content\/uploads\/2015\/07\/Fial-Fregadoras.-Desengrasante-Fregadoras.png\",\"datePublished\":\"2015-07-29T16:52:15+00:00\",\"dateModified\":\"2025-03-27T15:48:42+00:00\",\"breadcrumb\":{\"@id\":\"https:\/\/dermo.com\/catalogo\/fial-fregadoras\/#breadcrumb\"},\"inLanguage\":\"en-GB\",\"potentialAction\":[{\"@type\":\"ReadAction\",\"target\":[\"https:\/\/dermo.com\/catalogo\/fial-fregadoras\/\"]}]},{\"@type\":\"ImageObject\",\"inLanguage\":\"en-GB\",\"@id\":\"https:\/\/dermo.com\/catalogo\/fial-fregadoras\/#primaryimage\",\"url\":\"https:\/\/dermo.com\/wp-content\/uploads\/2015\/07\/Fial-Fregadoras.-Desengrasante-Fregadoras.png\",\"contentUrl\":\"https:\/\/dermo.com\/wp-content\/uploads\/2015\/07\/Fial-Fregadoras.-Desengrasante-Fregadoras.png\",\"width\":768,\"height\":823},{\"@type\":\"BreadcrumbList\",\"@id\":\"https:\/\/dermo.com\/catalogo\/fial-fregadoras\/#breadcrumb\",\"itemListElement\":[{\"@type\":\"ListItem\",\"position\":1,\"name\":\"Portada\",\"item\":\"https:\/\/dermo.com\/\"},{\"@type\":\"ListItem\",\"position\":2,\"name\":\"Tienda\",\"item\":\"https:\/\/dermo.com\/tienda\/\"},{\"@type\":\"ListItem\",\"position\":3,\"name\":\"Fial Fregadoras. Desengrasante fregadoras\"}]},{\"@type\":\"WebSite\",\"@id\":\"https:\/\/dermo.com\/#website\",\"url\":\"https:\/\/dermo.com\/\",\"name\":\"Dermo | F\u00e1brica de detergentes\",\"description\":\"Tecnolog\u00eda avanzada, investigaci\u00f3n y desarrollo, respeto por el medio ambiente, competencia, formaci\u00f3n constante y alto nivel de profesionalidad en nuestro equipo humano, empe\u00f1ado en preservar la calidad de vida, la protecci\u00f3n del entorno natural contin\u00faan motiv\u00e1ndonos para desarrollar en nuestros laboratorios nuevos productos con ingredientes activos altamente biodegradables que hacen posible un desarrollo sostenible.\",\"potentialAction\":[{\"@type\":\"SearchAction\",\"target\":{\"@type\":\"EntryPoint\",\"urlTemplate\":\"https:\/\/dermo.com\/?s={search_term_string}\"},\"query-input\":{\"@type\":\"PropertyValueSpecification\",\"valueRequired\":true,\"valueName\":\"search_term_string\"}}],\"inLanguage\":\"en-GB\"}]}<\/script>\n<!-- \/ Yoast SEO plugin. -->","yoast_head_json":{"title":"Fial Scrubbers. Degreaser for scrubbers - Dermo | Detergent factory","robots":{"index":"index","follow":"follow","max-snippet":"max-snippet:-1","max-image-preview":"max-image-preview:large","max-video-preview":"max-video-preview:-1"},"canonical":"https:\/\/dermo.com\/en\/catalog\/fial-scrubbers\/","og_locale":"en_GB","og_type":"article","og_title":"Fial Fregadoras. Desengrasante fregadoras - Dermo | F\u00e1brica de detergentes","og_description":"Desengrasante en\u00e9rgico sin espuma concebido especialmente para su utilizaci\u00f3n en fregadora autom\u00e1tica.","og_url":"https:\/\/dermo.com\/en\/catalog\/fial-scrubbers\/","og_site_name":"Dermo | F\u00e1brica de detergentes","article_modified_time":"2025-03-27T15:48:42+00:00","og_image":[{"width":768,"height":823,"url":"https:\/\/dermo.com\/wp-content\/uploads\/2015\/07\/Fial-Fregadoras.-Desengrasante-Fregadoras.png","type":"image\/png"}],"twitter_card":"summary_large_image","twitter_misc":{"Estimated reading time":"1 minute"},"schema":{"@context":"https:\/\/schema.org","@graph":[{"@type":"WebPage","@id":"https:\/\/dermo.com\/catalogo\/fial-fregadoras\/","url":"https:\/\/dermo.com\/catalogo\/fial-fregadoras\/","name":"Fial Scrubbers. Degreaser for scrubbers - Dermo | Detergent factory","isPartOf":{"@id":"https:\/\/dermo.com\/#website"},"primaryImageOfPage":{"@id":"https:\/\/dermo.com\/catalogo\/fial-fregadoras\/#primaryimage"},"image":{"@id":"https:\/\/dermo.com\/catalogo\/fial-fregadoras\/#primaryimage"},"thumbnailUrl":"https:\/\/dermo.com\/wp-content\/uploads\/2015\/07\/Fial-Fregadoras.-Desengrasante-Fregadoras.png","datePublished":"2015-07-29T16:52:15+00:00","dateModified":"2025-03-27T15:48:42+00:00","breadcrumb":{"@id":"https:\/\/dermo.com\/catalogo\/fial-fregadoras\/#breadcrumb"},"inLanguage":"en-GB","potentialAction":[{"@type":"ReadAction","target":["https:\/\/dermo.com\/catalogo\/fial-fregadoras\/"]}]},{"@type":"ImageObject","inLanguage":"en-GB","@id":"https:\/\/dermo.com\/catalogo\/fial-fregadoras\/#primaryimage","url":"https:\/\/dermo.com\/wp-content\/uploads\/2015\/07\/Fial-Fregadoras.-Desengrasante-Fregadoras.png","contentUrl":"https:\/\/dermo.com\/wp-content\/uploads\/2015\/07\/Fial-Fregadoras.-Desengrasante-Fregadoras.png","width":768,"height":823},{"@type":"BreadcrumbList","@id":"https:\/\/dermo.com\/catalogo\/fial-fregadoras\/#breadcrumb","itemListElement":[{"@type":"ListItem","position":1,"name":"Portada","item":"https:\/\/dermo.com\/"},{"@type":"ListItem","position":2,"name":"Tienda","item":"https:\/\/dermo.com\/tienda\/"},{"@type":"ListItem","position":3,"name":"Fial Fregadoras. Desengrasante fregadoras"}]},{"@type":"WebSite","@id":"https:\/\/dermo.com\/#website","url":"https:\/\/dermo.com\/","name":"Dermo | detergent factory","description":"Advanced technology, research and development, respect for the environment, competence, constant training and a high level of professionalism in our team, committed to preserving the quality of life and protecting the natural environment, continue to motivate us to develop new products in our laboratories with highly biodegradable active ingredients that make sustainable development possible.","potentialAction":[{"@type":"SearchAction","target":{"@type":"EntryPoint","urlTemplate":"https:\/\/dermo.com\/?s={search_term_string}"},"query-input":{"@type":"PropertyValueSpecification","valueRequired":true,"valueName":"search_term_string"}}],"inLanguage":"en-GB"}]}},"_links":{"self":[{"href":"https:\/\/dermo.com\/en\/wp-json\/wp\/v2\/product\/2744","targetHints":{"allow":["GET"]}}],"collection":[{"href":"https:\/\/dermo.com\/en\/wp-json\/wp\/v2\/product"}],"about":[{"href":"https:\/\/dermo.com\/en\/wp-json\/wp\/v2\/types\/product"}],"wp:featuredmedia":[{"embeddable":true,"href":"https:\/\/dermo.com\/en\/wp-json\/wp\/v2\/media\/4218"}],"wp:attachment":[{"href":"https:\/\/dermo.com\/en\/wp-json\/wp\/v2\/media?parent=2744"}],"wp:term":[{"taxonomy":"product_brand","embeddable":true,"href":"https:\/\/dermo.com\/en\/wp-json\/wp\/v2\/product_brand?post=2744"},{"taxonomy":"product_cat","embeddable":true,"href":"https:\/\/dermo.com\/en\/wp-json\/wp\/v2\/product_cat?post=2744"},{"taxonomy":"product_tag","embeddable":true,"href":"https:\/\/dermo.com\/en\/wp-json\/wp\/v2\/product_tag?post=2744"}],"curies":[{"name":"wp","href":"https:\/\/api.w.org\/{rel}","templated":true}]}}