{"id":2750,"date":"2015-07-31T10:40:52","date_gmt":"2015-07-31T10:40:52","guid":{"rendered":"https:\/\/dermo.ultbit.com\/producto\/bril-mop\/"},"modified":"2025-05-15T16:24:36","modified_gmt":"2025-05-15T14:24:36","slug":"bril-mop","status":"publish","type":"product","link":"https:\/\/dermo.com\/en\/catalog\/bril-mop\/","title":{"rendered":"Bril Mop. Dust remover"},"content":{"rendered":"<p><strong>FORM OF USE:<\/strong><br \/>\nSpray the mop from a distance of 25 cm with pure product. Leave during a few minutes to penetrate before starting to clean.<\/p>\n<p class=\"Estndar\"><strong><span lang=\"es\" xml:lang=\"es\">TECHNICAL CHARACTERISTICS:<\/span>TECHNICAL CHARACTERISTICS:<\/strong><br \/>\nAspect: Liquid.<br \/>\nColor: Green.<br \/>\nSmell: Fruity.<br \/>\nDensity: 0,90 -1,00 g\/cc<\/p>\n<p><strong>PRESENTATION:<\/strong><br \/>\nPlastic containers:<\/p>\n<table>\n<tbody>\n<tr>\n<td>FORMAT<\/td>\n<td>\u00a0 \u00a0 \u00a0 \u00a01 L<\/td>\n<\/tr>\n<tr>\n<td>CODE<\/td>\n<td>\u00a0 \u00a0004BRM01<\/td>\n<\/tr>\n<\/tbody>\n<\/table>","protected":false},"excerpt":{"rendered":"<p class=\"Estndar\">Product that applied to mops attracts dust and maintains shine. Contains advocado\u2019s oil that protects the floor and gives natural shine.<\/p>\n<p class=\"Estndar\"><span lang=\"es\" xml:lang=\"es\">Suitable for all types of parquet, terrazzo, mosaic, marble surfaces, etc.<\/span><\/p>","protected":false},"featured_media":2749,"template":"","meta":{"neve_meta_sidebar":"","neve_meta_container":"","neve_meta_enable_content_width":"off","neve_meta_content_width":100,"neve_meta_title_alignment":"","neve_meta_author_avatar":"","neve_post_elements_order":"","neve_meta_disable_header":"","neve_meta_disable_footer":"","neve_meta_disable_title":""},"product_brand":[],"product_cat":[381],"product_tag":[],"class_list":{"0":"post-2750","1":"product","2":"type-product","3":"status-publish","4":"has-post-thumbnail","6":"product_cat-tratamiento-de-suelos","8":"first","9":"instock","10":"shipping-taxable","11":"product-type-simple"},"yoast_head":"<!-- This site is optimized with the Yoast SEO plugin v27.0 - https:\/\/yoast.com\/product\/yoast-seo-wordpress\/ -->\n<title>Bril Mop. Captador de polvo - Dermo | F\u00e1brica de detergentes<\/title>\n<meta name=\"robots\" content=\"index, follow, max-snippet:-1, max-image-preview:large, max-video-preview:-1\" \/>\n<link rel=\"canonical\" href=\"https:\/\/dermo.com\/en\/catalog\/bril-mop\/\" \/>\n<meta property=\"og:locale\" content=\"en_GB\" \/>\n<meta property=\"og:type\" content=\"article\" \/>\n<meta property=\"og:title\" content=\"Bril Mop. Captador de polvo - Dermo | F\u00e1brica de detergentes\" \/>\n<meta property=\"og:description\" content=\"Producto que aplicado a las mopas permite la captaci\u00f3n de polvo y mantiene el brillo. Contiene aceite de aguacate que protege el suelo y abrillanta con brillo natural. Id\u00f3neo para toda clase de superficies de parquet, terrazo, mosaico, m\u00e1rmol...\" \/>\n<meta property=\"og:url\" content=\"https:\/\/dermo.com\/en\/catalog\/bril-mop\/\" \/>\n<meta property=\"og:site_name\" content=\"Dermo | F\u00e1brica de detergentes\" \/>\n<meta property=\"article:modified_time\" content=\"2025-05-15T14:24:36+00:00\" \/>\n<meta property=\"og:image\" content=\"https:\/\/dermo.com\/wp-content\/uploads\/2015\/07\/152-Bril-mop.jpg\" \/>\n\t<meta property=\"og:image:width\" content=\"768\" \/>\n\t<meta property=\"og:image:height\" content=\"823\" \/>\n\t<meta property=\"og:image:type\" content=\"image\/jpeg\" \/>\n<meta name=\"twitter:card\" content=\"summary_large_image\" \/>\n<meta name=\"twitter:label1\" content=\"Estimated reading time\" \/>\n\t<meta name=\"twitter:data1\" content=\"1 minute\" \/>\n<script type=\"application\/ld+json\" class=\"yoast-schema-graph\">{\"@context\":\"https:\/\/schema.org\",\"@graph\":[{\"@type\":\"WebPage\",\"@id\":\"https:\/\/dermo.com\/catalogo\/bril-mop\/\",\"url\":\"https:\/\/dermo.com\/catalogo\/bril-mop\/\",\"name\":\"Bril Mop. Captador de polvo - Dermo | F\u00e1brica de detergentes\",\"isPartOf\":{\"@id\":\"https:\/\/dermo.com\/#website\"},\"primaryImageOfPage\":{\"@id\":\"https:\/\/dermo.com\/catalogo\/bril-mop\/#primaryimage\"},\"image\":{\"@id\":\"https:\/\/dermo.com\/catalogo\/bril-mop\/#primaryimage\"},\"thumbnailUrl\":\"https:\/\/dermo.com\/wp-content\/uploads\/2015\/07\/152-Bril-mop.jpg\",\"datePublished\":\"2015-07-31T10:40:52+00:00\",\"dateModified\":\"2025-05-15T14:24:36+00:00\",\"breadcrumb\":{\"@id\":\"https:\/\/dermo.com\/catalogo\/bril-mop\/#breadcrumb\"},\"inLanguage\":\"en-GB\",\"potentialAction\":[{\"@type\":\"ReadAction\",\"target\":[\"https:\/\/dermo.com\/catalogo\/bril-mop\/\"]}]},{\"@type\":\"ImageObject\",\"inLanguage\":\"en-GB\",\"@id\":\"https:\/\/dermo.com\/catalogo\/bril-mop\/#primaryimage\",\"url\":\"https:\/\/dermo.com\/wp-content\/uploads\/2015\/07\/152-Bril-mop.jpg\",\"contentUrl\":\"https:\/\/dermo.com\/wp-content\/uploads\/2015\/07\/152-Bril-mop.jpg\",\"width\":768,\"height\":823,\"caption\":\"Bril mop\"},{\"@type\":\"BreadcrumbList\",\"@id\":\"https:\/\/dermo.com\/catalogo\/bril-mop\/#breadcrumb\",\"itemListElement\":[{\"@type\":\"ListItem\",\"position\":1,\"name\":\"Portada\",\"item\":\"https:\/\/dermo.com\/\"},{\"@type\":\"ListItem\",\"position\":2,\"name\":\"Tienda\",\"item\":\"https:\/\/dermo.com\/tienda\/\"},{\"@type\":\"ListItem\",\"position\":3,\"name\":\"Bril Mop. Captador de polvo\"}]},{\"@type\":\"WebSite\",\"@id\":\"https:\/\/dermo.com\/#website\",\"url\":\"https:\/\/dermo.com\/\",\"name\":\"Dermo | F\u00e1brica de detergentes\",\"description\":\"Tecnolog\u00eda avanzada, investigaci\u00f3n y desarrollo, respeto por el medio ambiente, competencia, formaci\u00f3n constante y alto nivel de profesionalidad en nuestro equipo humano, empe\u00f1ado en preservar la calidad de vida, la protecci\u00f3n del entorno natural contin\u00faan motiv\u00e1ndonos para desarrollar en nuestros laboratorios nuevos productos con ingredientes activos altamente biodegradables que hacen posible un desarrollo sostenible.\",\"potentialAction\":[{\"@type\":\"SearchAction\",\"target\":{\"@type\":\"EntryPoint\",\"urlTemplate\":\"https:\/\/dermo.com\/?s={search_term_string}\"},\"query-input\":{\"@type\":\"PropertyValueSpecification\",\"valueRequired\":true,\"valueName\":\"search_term_string\"}}],\"inLanguage\":\"en-GB\"}]}<\/script>\n<!-- \/ Yoast SEO plugin. -->","yoast_head_json":{"title":"Bril Mop. Dust collector - Dermo | Detergent factory","robots":{"index":"index","follow":"follow","max-snippet":"max-snippet:-1","max-image-preview":"max-image-preview:large","max-video-preview":"max-video-preview:-1"},"canonical":"https:\/\/dermo.com\/en\/catalog\/bril-mop\/","og_locale":"en_GB","og_type":"article","og_title":"Bril Mop. Captador de polvo - Dermo | F\u00e1brica de detergentes","og_description":"Producto que aplicado a las mopas permite la captaci\u00f3n de polvo y mantiene el brillo. Contiene aceite de aguacate que protege el suelo y abrillanta con brillo natural. Id\u00f3neo para toda clase de superficies de parquet, terrazo, mosaico, m\u00e1rmol...","og_url":"https:\/\/dermo.com\/en\/catalog\/bril-mop\/","og_site_name":"Dermo | F\u00e1brica de detergentes","article_modified_time":"2025-05-15T14:24:36+00:00","og_image":[{"width":768,"height":823,"url":"https:\/\/dermo.com\/wp-content\/uploads\/2015\/07\/152-Bril-mop.jpg","type":"image\/jpeg"}],"twitter_card":"summary_large_image","twitter_misc":{"Estimated reading time":"1 minute"},"schema":{"@context":"https:\/\/schema.org","@graph":[{"@type":"WebPage","@id":"https:\/\/dermo.com\/catalogo\/bril-mop\/","url":"https:\/\/dermo.com\/catalogo\/bril-mop\/","name":"Bril Mop. Dust collector - Dermo | Detergent factory","isPartOf":{"@id":"https:\/\/dermo.com\/#website"},"primaryImageOfPage":{"@id":"https:\/\/dermo.com\/catalogo\/bril-mop\/#primaryimage"},"image":{"@id":"https:\/\/dermo.com\/catalogo\/bril-mop\/#primaryimage"},"thumbnailUrl":"https:\/\/dermo.com\/wp-content\/uploads\/2015\/07\/152-Bril-mop.jpg","datePublished":"2015-07-31T10:40:52+00:00","dateModified":"2025-05-15T14:24:36+00:00","breadcrumb":{"@id":"https:\/\/dermo.com\/catalogo\/bril-mop\/#breadcrumb"},"inLanguage":"en-GB","potentialAction":[{"@type":"ReadAction","target":["https:\/\/dermo.com\/catalogo\/bril-mop\/"]}]},{"@type":"ImageObject","inLanguage":"en-GB","@id":"https:\/\/dermo.com\/catalogo\/bril-mop\/#primaryimage","url":"https:\/\/dermo.com\/wp-content\/uploads\/2015\/07\/152-Bril-mop.jpg","contentUrl":"https:\/\/dermo.com\/wp-content\/uploads\/2015\/07\/152-Bril-mop.jpg","width":768,"height":823,"caption":"Bril mop"},{"@type":"BreadcrumbList","@id":"https:\/\/dermo.com\/catalogo\/bril-mop\/#breadcrumb","itemListElement":[{"@type":"ListItem","position":1,"name":"Portada","item":"https:\/\/dermo.com\/"},{"@type":"ListItem","position":2,"name":"Tienda","item":"https:\/\/dermo.com\/tienda\/"},{"@type":"ListItem","position":3,"name":"Bril Mop. Captador de polvo"}]},{"@type":"WebSite","@id":"https:\/\/dermo.com\/#website","url":"https:\/\/dermo.com\/","name":"Dermo | detergent factory","description":"Advanced technology, research and development, respect for the environment, competence, constant training and a high level of professionalism in our team, committed to preserving the quality of life and protecting the natural environment, continue to motivate us to develop new products in our laboratories with highly biodegradable active ingredients that make sustainable development possible.","potentialAction":[{"@type":"SearchAction","target":{"@type":"EntryPoint","urlTemplate":"https:\/\/dermo.com\/?s={search_term_string}"},"query-input":{"@type":"PropertyValueSpecification","valueRequired":true,"valueName":"search_term_string"}}],"inLanguage":"en-GB"}]}},"_links":{"self":[{"href":"https:\/\/dermo.com\/en\/wp-json\/wp\/v2\/product\/2750","targetHints":{"allow":["GET"]}}],"collection":[{"href":"https:\/\/dermo.com\/en\/wp-json\/wp\/v2\/product"}],"about":[{"href":"https:\/\/dermo.com\/en\/wp-json\/wp\/v2\/types\/product"}],"wp:featuredmedia":[{"embeddable":true,"href":"https:\/\/dermo.com\/en\/wp-json\/wp\/v2\/media\/2749"}],"wp:attachment":[{"href":"https:\/\/dermo.com\/en\/wp-json\/wp\/v2\/media?parent=2750"}],"wp:term":[{"taxonomy":"product_brand","embeddable":true,"href":"https:\/\/dermo.com\/en\/wp-json\/wp\/v2\/product_brand?post=2750"},{"taxonomy":"product_cat","embeddable":true,"href":"https:\/\/dermo.com\/en\/wp-json\/wp\/v2\/product_cat?post=2750"},{"taxonomy":"product_tag","embeddable":true,"href":"https:\/\/dermo.com\/en\/wp-json\/wp\/v2\/product_tag?post=2750"}],"curies":[{"name":"wp","href":"https:\/\/api.w.org\/{rel}","templated":true}]}}