{"id":2752,"date":"2015-07-31T10:50:53","date_gmt":"2015-07-31T10:50:53","guid":{"rendered":"https:\/\/dermo.ultbit.com\/producto\/star-pink\/"},"modified":"2025-04-01T15:36:59","modified_gmt":"2025-04-01T13:36:59","slug":"star-pink","status":"publish","type":"product","link":"https:\/\/dermo.com\/en\/catalog\/star-pink\/","title":{"rendered":"Star Pink. Surface cleaning"},"content":{"rendered":"<p><strong>FORM OF USE:<\/strong><br \/>\nDose: Product ready to use. Not diluer in water. It can be applied directly on the surface to clean, spread with a cloth or atomizer until to leave it well distributed, and dry with a clean and dry cloth. It is effective in indoors and outdoors.<br \/>\nObservation: During its storage, may appear layers on the product that do not damage its good quality. You just shake it up before its use and thelayrs will disappear.<\/p>\n<p><strong>TECHNICAL CHARACTERISTICS<\/strong><br \/>\nAspect: Opaque liquid.<br \/>\nColor: Pink.<br \/>\nSmell: Candy.<br \/>\nPure pH: 5.5-7.<br \/>\nDensity: 0.97 \u2013 0.99 g\/cc.<\/p>\n<p><strong>COMPOSITION<\/strong><br \/>\nAqueous emulsion of silicones, colorant and perfume.<\/p>\n<p><strong>PRESENTATION<\/strong><\/p>\n<table>\n<tbody>\n<tr>\n<td>FORMAT<\/td>\n<td>\u00a0 \u00a0 \u00a0 \u00a01 L<\/td>\n<td>\u00a0 \u00a0 \u00a0 \u00a05 L<\/td>\n<\/tr>\n<tr>\n<td>CODE<\/td>\n<td>\u00a0 \u00a0004STA01<\/td>\n<td>\u00a0 \u00a0004STA05<\/td>\n<\/tr>\n<\/tbody>\n<\/table>\n<p><strong>SAFETY \/ TOXICOLOGY<\/strong><br \/>\nKeep out of reach of children.<br \/>\nIn case of accident, consult the Medical Toxicology Information Service. Tel.: 915 620 420.<\/p>\n<p><strong>ADDITIONAL INFORMATION<\/strong><br \/>\nINDUSTRIAL PRODUCT. PROFESSIONAL USE.<\/p>","protected":false},"excerpt":{"rendered":"<h3><\/h3>\n<p class=\"Estndar\">Easy surface lining product. Specially frmulated to clean and preserve glasses, mirrors, metals, wood, leather, metacrilate, stainless steel, etc\u2026 It leaves the surface clean and shiny at the same time as it helps to repel the dust.<\/p>","protected":false},"featured_media":2751,"template":"","meta":{"neve_meta_sidebar":"","neve_meta_container":"","neve_meta_enable_content_width":"off","neve_meta_content_width":100,"neve_meta_title_alignment":"","neve_meta_author_avatar":"","neve_post_elements_order":"","neve_meta_disable_header":"","neve_meta_disable_footer":"","neve_meta_disable_title":""},"product_brand":[],"product_cat":[370,382,376],"product_tag":[],"class_list":{"0":"post-2752","1":"product","2":"type-product","3":"status-publish","4":"has-post-thumbnail","6":"product_cat-hoteles","7":"product_cat-limpiadores-especificos","8":"product_cat-servicios-de-limpieza","10":"first","11":"instock","12":"shipping-taxable","13":"product-type-simple"},"yoast_head":"<!-- This site is optimized with the Yoast SEO plugin v27.0 - https:\/\/yoast.com\/product\/yoast-seo-wordpress\/ -->\n<title>Star Pink. Revestimiento superficies - Dermo | F\u00e1brica de detergentes<\/title>\n<meta name=\"robots\" content=\"index, follow, max-snippet:-1, max-image-preview:large, max-video-preview:-1\" \/>\n<link rel=\"canonical\" href=\"https:\/\/dermo.com\/en\/catalog\/star-pink\/\" \/>\n<meta property=\"og:locale\" content=\"en_GB\" \/>\n<meta property=\"og:type\" content=\"article\" \/>\n<meta property=\"og:title\" content=\"Star Pink. Revestimiento superficies - Dermo | F\u00e1brica de detergentes\" \/>\n<meta property=\"og:description\" content=\"Revestimiento de superf\u00edcies, de f\u00e1cil aplicaci\u00f3n y econ\u00f3mico. Especialmente formulado para la limpieza y conservaci\u00f3n de cristales, espejos, metales, madera, cuero, metacrilato, acero inoxidable, etc. Deja la superf\u00edcie limpia y brillante, al mismo tiempo que contribuye a repeler el polvo y a suprimir el rayado.\" \/>\n<meta property=\"og:url\" content=\"https:\/\/dermo.com\/en\/catalog\/star-pink\/\" \/>\n<meta property=\"og:site_name\" content=\"Dermo | F\u00e1brica de detergentes\" \/>\n<meta property=\"article:modified_time\" content=\"2025-04-01T13:36:59+00:00\" \/>\n<meta property=\"og:image\" content=\"https:\/\/dermo.com\/wp-content\/uploads\/2015\/07\/153-Star-Pink.-Revestimiento-superficies.jpg\" \/>\n\t<meta property=\"og:image:width\" content=\"768\" \/>\n\t<meta property=\"og:image:height\" content=\"794\" \/>\n\t<meta property=\"og:image:type\" content=\"image\/jpeg\" \/>\n<meta name=\"twitter:card\" content=\"summary_large_image\" \/>\n<meta name=\"twitter:label1\" content=\"Estimated reading time\" \/>\n\t<meta name=\"twitter:data1\" content=\"1 minute\" \/>\n<script type=\"application\/ld+json\" class=\"yoast-schema-graph\">{\"@context\":\"https:\/\/schema.org\",\"@graph\":[{\"@type\":\"WebPage\",\"@id\":\"https:\/\/dermo.com\/catalogo\/star-pink\/\",\"url\":\"https:\/\/dermo.com\/catalogo\/star-pink\/\",\"name\":\"Star Pink. Revestimiento superficies - Dermo | F\u00e1brica de detergentes\",\"isPartOf\":{\"@id\":\"https:\/\/dermo.com\/#website\"},\"primaryImageOfPage\":{\"@id\":\"https:\/\/dermo.com\/catalogo\/star-pink\/#primaryimage\"},\"image\":{\"@id\":\"https:\/\/dermo.com\/catalogo\/star-pink\/#primaryimage\"},\"thumbnailUrl\":\"https:\/\/dermo.com\/wp-content\/uploads\/2015\/07\/153-Star-Pink.-Revestimiento-superficies.jpg\",\"datePublished\":\"2015-07-31T10:50:53+00:00\",\"dateModified\":\"2025-04-01T13:36:59+00:00\",\"breadcrumb\":{\"@id\":\"https:\/\/dermo.com\/catalogo\/star-pink\/#breadcrumb\"},\"inLanguage\":\"en-GB\",\"potentialAction\":[{\"@type\":\"ReadAction\",\"target\":[\"https:\/\/dermo.com\/catalogo\/star-pink\/\"]}]},{\"@type\":\"ImageObject\",\"inLanguage\":\"en-GB\",\"@id\":\"https:\/\/dermo.com\/catalogo\/star-pink\/#primaryimage\",\"url\":\"https:\/\/dermo.com\/wp-content\/uploads\/2015\/07\/153-Star-Pink.-Revestimiento-superficies.jpg\",\"contentUrl\":\"https:\/\/dermo.com\/wp-content\/uploads\/2015\/07\/153-Star-Pink.-Revestimiento-superficies.jpg\",\"width\":768,\"height\":794,\"caption\":\"Star Pink. Revestimiento superficies\"},{\"@type\":\"BreadcrumbList\",\"@id\":\"https:\/\/dermo.com\/catalogo\/star-pink\/#breadcrumb\",\"itemListElement\":[{\"@type\":\"ListItem\",\"position\":1,\"name\":\"Portada\",\"item\":\"https:\/\/dermo.com\/\"},{\"@type\":\"ListItem\",\"position\":2,\"name\":\"Tienda\",\"item\":\"https:\/\/dermo.com\/tienda\/\"},{\"@type\":\"ListItem\",\"position\":3,\"name\":\"Star Pink. Revestimiento superficies\"}]},{\"@type\":\"WebSite\",\"@id\":\"https:\/\/dermo.com\/#website\",\"url\":\"https:\/\/dermo.com\/\",\"name\":\"Dermo | F\u00e1brica de detergentes\",\"description\":\"Tecnolog\u00eda avanzada, investigaci\u00f3n y desarrollo, respeto por el medio ambiente, competencia, formaci\u00f3n constante y alto nivel de profesionalidad en nuestro equipo humano, empe\u00f1ado en preservar la calidad de vida, la protecci\u00f3n del entorno natural contin\u00faan motiv\u00e1ndonos para desarrollar en nuestros laboratorios nuevos productos con ingredientes activos altamente biodegradables que hacen posible un desarrollo sostenible.\",\"potentialAction\":[{\"@type\":\"SearchAction\",\"target\":{\"@type\":\"EntryPoint\",\"urlTemplate\":\"https:\/\/dermo.com\/?s={search_term_string}\"},\"query-input\":{\"@type\":\"PropertyValueSpecification\",\"valueRequired\":true,\"valueName\":\"search_term_string\"}}],\"inLanguage\":\"en-GB\"}]}<\/script>\n<!-- \/ Yoast SEO plugin. -->","yoast_head_json":{"title":"Star Pink. Surface coating - Dermo | Detergent factory","robots":{"index":"index","follow":"follow","max-snippet":"max-snippet:-1","max-image-preview":"max-image-preview:large","max-video-preview":"max-video-preview:-1"},"canonical":"https:\/\/dermo.com\/en\/catalog\/star-pink\/","og_locale":"en_GB","og_type":"article","og_title":"Star Pink. Revestimiento superficies - Dermo | F\u00e1brica de detergentes","og_description":"Revestimiento de superf\u00edcies, de f\u00e1cil aplicaci\u00f3n y econ\u00f3mico. Especialmente formulado para la limpieza y conservaci\u00f3n de cristales, espejos, metales, madera, cuero, metacrilato, acero inoxidable, etc. Deja la superf\u00edcie limpia y brillante, al mismo tiempo que contribuye a repeler el polvo y a suprimir el rayado.","og_url":"https:\/\/dermo.com\/en\/catalog\/star-pink\/","og_site_name":"Dermo | F\u00e1brica de detergentes","article_modified_time":"2025-04-01T13:36:59+00:00","og_image":[{"width":768,"height":794,"url":"https:\/\/dermo.com\/wp-content\/uploads\/2015\/07\/153-Star-Pink.-Revestimiento-superficies.jpg","type":"image\/jpeg"}],"twitter_card":"summary_large_image","twitter_misc":{"Estimated reading time":"1 minute"},"schema":{"@context":"https:\/\/schema.org","@graph":[{"@type":"WebPage","@id":"https:\/\/dermo.com\/catalogo\/star-pink\/","url":"https:\/\/dermo.com\/catalogo\/star-pink\/","name":"Star Pink. Surface coating - Dermo | Detergent factory","isPartOf":{"@id":"https:\/\/dermo.com\/#website"},"primaryImageOfPage":{"@id":"https:\/\/dermo.com\/catalogo\/star-pink\/#primaryimage"},"image":{"@id":"https:\/\/dermo.com\/catalogo\/star-pink\/#primaryimage"},"thumbnailUrl":"https:\/\/dermo.com\/wp-content\/uploads\/2015\/07\/153-Star-Pink.-Revestimiento-superficies.jpg","datePublished":"2015-07-31T10:50:53+00:00","dateModified":"2025-04-01T13:36:59+00:00","breadcrumb":{"@id":"https:\/\/dermo.com\/catalogo\/star-pink\/#breadcrumb"},"inLanguage":"en-GB","potentialAction":[{"@type":"ReadAction","target":["https:\/\/dermo.com\/catalogo\/star-pink\/"]}]},{"@type":"ImageObject","inLanguage":"en-GB","@id":"https:\/\/dermo.com\/catalogo\/star-pink\/#primaryimage","url":"https:\/\/dermo.com\/wp-content\/uploads\/2015\/07\/153-Star-Pink.-Revestimiento-superficies.jpg","contentUrl":"https:\/\/dermo.com\/wp-content\/uploads\/2015\/07\/153-Star-Pink.-Revestimiento-superficies.jpg","width":768,"height":794,"caption":"Star Pink. Revestimiento superficies"},{"@type":"BreadcrumbList","@id":"https:\/\/dermo.com\/catalogo\/star-pink\/#breadcrumb","itemListElement":[{"@type":"ListItem","position":1,"name":"Portada","item":"https:\/\/dermo.com\/"},{"@type":"ListItem","position":2,"name":"Tienda","item":"https:\/\/dermo.com\/tienda\/"},{"@type":"ListItem","position":3,"name":"Star Pink. Revestimiento superficies"}]},{"@type":"WebSite","@id":"https:\/\/dermo.com\/#website","url":"https:\/\/dermo.com\/","name":"Dermo | detergent factory","description":"Advanced technology, research and development, respect for the environment, competence, constant training and a high level of professionalism in our team, committed to preserving the quality of life and protecting the natural environment, continue to motivate us to develop new products in our laboratories with highly biodegradable active ingredients that make sustainable development possible.","potentialAction":[{"@type":"SearchAction","target":{"@type":"EntryPoint","urlTemplate":"https:\/\/dermo.com\/?s={search_term_string}"},"query-input":{"@type":"PropertyValueSpecification","valueRequired":true,"valueName":"search_term_string"}}],"inLanguage":"en-GB"}]}},"_links":{"self":[{"href":"https:\/\/dermo.com\/en\/wp-json\/wp\/v2\/product\/2752","targetHints":{"allow":["GET"]}}],"collection":[{"href":"https:\/\/dermo.com\/en\/wp-json\/wp\/v2\/product"}],"about":[{"href":"https:\/\/dermo.com\/en\/wp-json\/wp\/v2\/types\/product"}],"wp:featuredmedia":[{"embeddable":true,"href":"https:\/\/dermo.com\/en\/wp-json\/wp\/v2\/media\/2751"}],"wp:attachment":[{"href":"https:\/\/dermo.com\/en\/wp-json\/wp\/v2\/media?parent=2752"}],"wp:term":[{"taxonomy":"product_brand","embeddable":true,"href":"https:\/\/dermo.com\/en\/wp-json\/wp\/v2\/product_brand?post=2752"},{"taxonomy":"product_cat","embeddable":true,"href":"https:\/\/dermo.com\/en\/wp-json\/wp\/v2\/product_cat?post=2752"},{"taxonomy":"product_tag","embeddable":true,"href":"https:\/\/dermo.com\/en\/wp-json\/wp\/v2\/product_tag?post=2752"}],"curies":[{"name":"wp","href":"https:\/\/api.w.org\/{rel}","templated":true}]}}