{"id":2756,"date":"2015-07-31T10:58:55","date_gmt":"2015-07-31T10:58:55","guid":{"rendered":"https:\/\/dermo.ultbit.com\/producto\/inox100\/"},"modified":"2025-04-11T09:38:27","modified_gmt":"2025-04-11T07:38:27","slug":"stainless-steel100","status":"publish","type":"product","link":"https:\/\/dermo.com\/en\/catalog\/stainless-steel100\/","title":{"rendered":"Inox 100. Stainless steel cleaner and polisher"},"content":{"rendered":"<p><strong>FORM OF USE:<\/strong><br \/>\nNot to use on surfaces that are in direct contact with food.<br \/>\nDo not use on surfaces that are in direct contact with food.<\/p>\n<p><strong>TECHNICAL CHARACTERISTICS:<\/strong><br \/>\nAspect: Transparent Liquid<br \/>\nColor: Colorless.<br \/>\nSmell: Characteristic.<br \/>\nPure pH: 6 \u2013 7<br \/>\nDensity: 0.80 \u2013 0.90 g\/cc.<br \/>\nActive substance concentration: 37-40%<\/p>\n<p><strong>PRESENTATION:<\/strong><br \/>\nPet bottles:<\/p>\n<table>\n<tbody>\n<tr>\n<td>FORMAT<\/td>\n<td>\u00a0 \u00a0 \u00a0750 ml<\/td>\n<\/tr>\n<tr>\n<td>CODE<\/td>\n<td>\u00a0 \u00a0004INO00<\/td>\n<\/tr>\n<\/tbody>\n<\/table>","protected":false},"excerpt":{"rendered":"<p class=\"Estndar\"><span lang=\"es\" xml:lang=\"es\">Stainless steel cleaner and polisher with an antistatic effect that repels ths dirt and protects against the fats and the corrosion. Suitable for all the surfaces: kitchens, bathrooms, etc\u2026<\/span><\/p>","protected":false},"featured_media":2755,"template":"","meta":{"neve_meta_sidebar":"","neve_meta_container":"","neve_meta_enable_content_width":"off","neve_meta_content_width":100,"neve_meta_title_alignment":"","neve_meta_author_avatar":"","neve_post_elements_order":"","neve_meta_disable_header":"","neve_meta_disable_footer":"","neve_meta_disable_title":""},"product_brand":[],"product_cat":[382],"product_tag":[],"class_list":{"0":"post-2756","1":"product","2":"type-product","3":"status-publish","4":"has-post-thumbnail","6":"product_cat-limpiadores-especificos","8":"first","9":"instock","10":"shipping-taxable","11":"product-type-simple"},"yoast_head":"<!-- This site is optimized with the Yoast SEO plugin v27.0 - https:\/\/yoast.com\/product\/yoast-seo-wordpress\/ -->\n<title>Inox 100. Limpiador abrillantador - Dermo | F\u00e1brica de detergentes<\/title>\n<meta name=\"robots\" content=\"index, follow, max-snippet:-1, max-image-preview:large, max-video-preview:-1\" \/>\n<link rel=\"canonical\" href=\"https:\/\/dermo.com\/en\/catalog\/stainless-steel100\/\" \/>\n<meta property=\"og:locale\" content=\"en_GB\" \/>\n<meta property=\"og:type\" content=\"article\" \/>\n<meta property=\"og:title\" content=\"Inox 100. Limpiador abrillantador - Dermo | F\u00e1brica de detergentes\" \/>\n<meta property=\"og:description\" content=\"Limpiador abrillantador para acero inoxidable con efecto antiest\u00e1tico que repele la suciedad y protege contra las grasas y la corrosi\u00f3n. Apto para todas las superf\u00edcies: cocinas, ba\u00f1os, etc\u2026\" \/>\n<meta property=\"og:url\" content=\"https:\/\/dermo.com\/en\/catalog\/stainless-steel100\/\" \/>\n<meta property=\"og:site_name\" content=\"Dermo | F\u00e1brica de detergentes\" \/>\n<meta property=\"article:modified_time\" content=\"2025-04-11T07:38:27+00:00\" \/>\n<meta property=\"og:image\" content=\"https:\/\/dermo.com\/wp-content\/uploads\/2015\/07\/155-Inox-100.-Limpiador-abrillantador.jpg\" \/>\n\t<meta property=\"og:image:width\" content=\"768\" \/>\n\t<meta property=\"og:image:height\" content=\"768\" \/>\n\t<meta property=\"og:image:type\" content=\"image\/jpeg\" \/>\n<meta name=\"twitter:card\" content=\"summary_large_image\" \/>\n<meta name=\"twitter:label1\" content=\"Estimated reading time\" \/>\n\t<meta name=\"twitter:data1\" content=\"1 minute\" \/>\n<script type=\"application\/ld+json\" class=\"yoast-schema-graph\">{\"@context\":\"https:\/\/schema.org\",\"@graph\":[{\"@type\":\"WebPage\",\"@id\":\"https:\/\/dermo.com\/catalogo\/inox100\/\",\"url\":\"https:\/\/dermo.com\/catalogo\/inox100\/\",\"name\":\"Inox 100. Limpiador abrillantador - Dermo | F\u00e1brica de detergentes\",\"isPartOf\":{\"@id\":\"https:\/\/dermo.com\/#website\"},\"primaryImageOfPage\":{\"@id\":\"https:\/\/dermo.com\/catalogo\/inox100\/#primaryimage\"},\"image\":{\"@id\":\"https:\/\/dermo.com\/catalogo\/inox100\/#primaryimage\"},\"thumbnailUrl\":\"https:\/\/dermo.com\/wp-content\/uploads\/2015\/07\/155-Inox-100.-Limpiador-abrillantador.jpg\",\"datePublished\":\"2015-07-31T10:58:55+00:00\",\"dateModified\":\"2025-04-11T07:38:27+00:00\",\"breadcrumb\":{\"@id\":\"https:\/\/dermo.com\/catalogo\/inox100\/#breadcrumb\"},\"inLanguage\":\"en-GB\",\"potentialAction\":[{\"@type\":\"ReadAction\",\"target\":[\"https:\/\/dermo.com\/catalogo\/inox100\/\"]}]},{\"@type\":\"ImageObject\",\"inLanguage\":\"en-GB\",\"@id\":\"https:\/\/dermo.com\/catalogo\/inox100\/#primaryimage\",\"url\":\"https:\/\/dermo.com\/wp-content\/uploads\/2015\/07\/155-Inox-100.-Limpiador-abrillantador.jpg\",\"contentUrl\":\"https:\/\/dermo.com\/wp-content\/uploads\/2015\/07\/155-Inox-100.-Limpiador-abrillantador.jpg\",\"width\":768,\"height\":768,\"caption\":\"Inox 100. Limpiador abrillantador\"},{\"@type\":\"BreadcrumbList\",\"@id\":\"https:\/\/dermo.com\/catalogo\/inox100\/#breadcrumb\",\"itemListElement\":[{\"@type\":\"ListItem\",\"position\":1,\"name\":\"Portada\",\"item\":\"https:\/\/dermo.com\/\"},{\"@type\":\"ListItem\",\"position\":2,\"name\":\"Tienda\",\"item\":\"https:\/\/dermo.com\/tienda\/\"},{\"@type\":\"ListItem\",\"position\":3,\"name\":\"Inox 100. Limpiador abrillantador\"}]},{\"@type\":\"WebSite\",\"@id\":\"https:\/\/dermo.com\/#website\",\"url\":\"https:\/\/dermo.com\/\",\"name\":\"Dermo | F\u00e1brica de detergentes\",\"description\":\"Tecnolog\u00eda avanzada, investigaci\u00f3n y desarrollo, respeto por el medio ambiente, competencia, formaci\u00f3n constante y alto nivel de profesionalidad en nuestro equipo humano, empe\u00f1ado en preservar la calidad de vida, la protecci\u00f3n del entorno natural contin\u00faan motiv\u00e1ndonos para desarrollar en nuestros laboratorios nuevos productos con ingredientes activos altamente biodegradables que hacen posible un desarrollo sostenible.\",\"potentialAction\":[{\"@type\":\"SearchAction\",\"target\":{\"@type\":\"EntryPoint\",\"urlTemplate\":\"https:\/\/dermo.com\/?s={search_term_string}\"},\"query-input\":{\"@type\":\"PropertyValueSpecification\",\"valueRequired\":true,\"valueName\":\"search_term_string\"}}],\"inLanguage\":\"en-GB\"}]}<\/script>\n<!-- \/ Yoast SEO plugin. -->","yoast_head_json":{"title":"Stainless steel 100. Cleaner and brightener - Dermo | Detergent factory","robots":{"index":"index","follow":"follow","max-snippet":"max-snippet:-1","max-image-preview":"max-image-preview:large","max-video-preview":"max-video-preview:-1"},"canonical":"https:\/\/dermo.com\/en\/catalog\/stainless-steel100\/","og_locale":"en_GB","og_type":"article","og_title":"Inox 100. Limpiador abrillantador - Dermo | F\u00e1brica de detergentes","og_description":"Limpiador abrillantador para acero inoxidable con efecto antiest\u00e1tico que repele la suciedad y protege contra las grasas y la corrosi\u00f3n. Apto para todas las superf\u00edcies: cocinas, ba\u00f1os, etc\u2026","og_url":"https:\/\/dermo.com\/en\/catalog\/stainless-steel100\/","og_site_name":"Dermo | F\u00e1brica de detergentes","article_modified_time":"2025-04-11T07:38:27+00:00","og_image":[{"width":768,"height":768,"url":"https:\/\/dermo.com\/wp-content\/uploads\/2015\/07\/155-Inox-100.-Limpiador-abrillantador.jpg","type":"image\/jpeg"}],"twitter_card":"summary_large_image","twitter_misc":{"Estimated reading time":"1 minute"},"schema":{"@context":"https:\/\/schema.org","@graph":[{"@type":"WebPage","@id":"https:\/\/dermo.com\/catalogo\/inox100\/","url":"https:\/\/dermo.com\/catalogo\/inox100\/","name":"Stainless steel 100. Cleaner and brightener - Dermo | Detergent factory","isPartOf":{"@id":"https:\/\/dermo.com\/#website"},"primaryImageOfPage":{"@id":"https:\/\/dermo.com\/catalogo\/inox100\/#primaryimage"},"image":{"@id":"https:\/\/dermo.com\/catalogo\/inox100\/#primaryimage"},"thumbnailUrl":"https:\/\/dermo.com\/wp-content\/uploads\/2015\/07\/155-Inox-100.-Limpiador-abrillantador.jpg","datePublished":"2015-07-31T10:58:55+00:00","dateModified":"2025-04-11T07:38:27+00:00","breadcrumb":{"@id":"https:\/\/dermo.com\/catalogo\/inox100\/#breadcrumb"},"inLanguage":"en-GB","potentialAction":[{"@type":"ReadAction","target":["https:\/\/dermo.com\/catalogo\/inox100\/"]}]},{"@type":"ImageObject","inLanguage":"en-GB","@id":"https:\/\/dermo.com\/catalogo\/inox100\/#primaryimage","url":"https:\/\/dermo.com\/wp-content\/uploads\/2015\/07\/155-Inox-100.-Limpiador-abrillantador.jpg","contentUrl":"https:\/\/dermo.com\/wp-content\/uploads\/2015\/07\/155-Inox-100.-Limpiador-abrillantador.jpg","width":768,"height":768,"caption":"Inox 100. Limpiador abrillantador"},{"@type":"BreadcrumbList","@id":"https:\/\/dermo.com\/catalogo\/inox100\/#breadcrumb","itemListElement":[{"@type":"ListItem","position":1,"name":"Portada","item":"https:\/\/dermo.com\/"},{"@type":"ListItem","position":2,"name":"Tienda","item":"https:\/\/dermo.com\/tienda\/"},{"@type":"ListItem","position":3,"name":"Inox 100. Limpiador abrillantador"}]},{"@type":"WebSite","@id":"https:\/\/dermo.com\/#website","url":"https:\/\/dermo.com\/","name":"Dermo | detergent factory","description":"Advanced technology, research and development, respect for the environment, competence, constant training and a high level of professionalism in our team, committed to preserving the quality of life and protecting the natural environment, continue to motivate us to develop new products in our laboratories with highly biodegradable active ingredients that make sustainable development possible.","potentialAction":[{"@type":"SearchAction","target":{"@type":"EntryPoint","urlTemplate":"https:\/\/dermo.com\/?s={search_term_string}"},"query-input":{"@type":"PropertyValueSpecification","valueRequired":true,"valueName":"search_term_string"}}],"inLanguage":"en-GB"}]}},"_links":{"self":[{"href":"https:\/\/dermo.com\/en\/wp-json\/wp\/v2\/product\/2756","targetHints":{"allow":["GET"]}}],"collection":[{"href":"https:\/\/dermo.com\/en\/wp-json\/wp\/v2\/product"}],"about":[{"href":"https:\/\/dermo.com\/en\/wp-json\/wp\/v2\/types\/product"}],"wp:featuredmedia":[{"embeddable":true,"href":"https:\/\/dermo.com\/en\/wp-json\/wp\/v2\/media\/2755"}],"wp:attachment":[{"href":"https:\/\/dermo.com\/en\/wp-json\/wp\/v2\/media?parent=2756"}],"wp:term":[{"taxonomy":"product_brand","embeddable":true,"href":"https:\/\/dermo.com\/en\/wp-json\/wp\/v2\/product_brand?post=2756"},{"taxonomy":"product_cat","embeddable":true,"href":"https:\/\/dermo.com\/en\/wp-json\/wp\/v2\/product_cat?post=2756"},{"taxonomy":"product_tag","embeddable":true,"href":"https:\/\/dermo.com\/en\/wp-json\/wp\/v2\/product_tag?post=2756"}],"curies":[{"name":"wp","href":"https:\/\/api.w.org\/{rel}","templated":true}]}}