{"id":2770,"date":"2015-08-03T10:41:47","date_gmt":"2015-08-03T10:41:47","guid":{"rendered":"https:\/\/dermo.ultbit.com\/producto\/genilb\/"},"modified":"2025-03-26T13:34:16","modified_gmt":"2025-03-26T12:34:16","slug":"genilb","status":"publish","type":"product","link":"https:\/\/dermo.com\/en\/catalog\/genilb\/","title":{"rendered":"Genil B. Shower Gel"},"content":{"rendered":"<p><strong>FORM OF USE:<\/strong><br \/>\nDose the wanted quantity on sponge or directly on the hand. Spread the gel with a<br \/>\ngentle massage over wet sking. Rinse with water.<\/p>\n<p><strong>TECHNICAL CHARACTERISTICS<\/strong><br \/>\nAspect: Thick Liquid.<br \/>\nColor: White.<br \/>\nSmell: Perfume.<br \/>\nPure pH: 5.5 \u2013 6.<\/p>\n<p><strong>COMPOSITION<\/strong><br \/>\nWATER, SODIUM LAURETH SULFATE, COCAMIDE DEA, SODIUM CHLORIDE, STYRENE\/ACRYLATES COPOLIMER,<br \/>\nCOCAMIDE MEA, COCAMIDOPROPYL BETAINE, PARFUM, PROPYLENE GLYCOL, METHYLCHLOROISOTIAZOLINONE,<br \/>\nMETHYLISOTHIAZOLINONE, CITRIC ACID.<\/p>\n<p><strong>PRESENTATION<\/strong><br \/>\nPlastic containers:<\/p>\n<table>\n<tbody>\n<tr>\n<td>FORMAT<\/td>\n<td>\u00a0 \u00a0 \u00a0 \u00a0800 ml<\/td>\n<td>\u00a0 \u00a0 \u00a0 5 kg<\/td>\n<\/tr>\n<tr>\n<td>CODE<\/td>\n<td>\u00a0 \u00a0006GBN08<\/td>\n<td>\u00a0 \u00a0006GBN05<\/td>\n<\/tr>\n<\/tbody>\n<\/table>\n<p><strong>SAFETY \/ TOXICOLOGY<\/strong><br \/>\nAvoid contact with eyes. In case of contact rinse immediately with plenty of water. Do not<br \/>\ningest. Keep out of reach of children. Always close the bottle tightly to prevent water from entering<br \/>\naltering the properties of the product.<br \/>\nIn case of accident, consult the Medical Toxicology Information Service. Tel.: 915 620 420.<br \/>\nPAO 12M.<\/p>\n<p><strong>ADDITIONAL INFORMATION<\/strong><br \/>\nCOSMETIC PRODUCT.<\/p>","protected":false},"excerpt":{"rendered":"<h3>Genil B<\/h3>\n<p class=\"Estndar\">Moisturizing neutral dermoprotector neutral pH shower gel.  Allows frequent use without cracking or drying skin. Specially for hygiene at gymnasiums, hotels, nurseries, swimming pools, geriatrics\u2026<\/p>\n<table>\n<tbody>\n<tr>\n<td style=\"width: 100%;\">\n<div class=\"video-section\">\n<p class=\"Estndar\"><span lang=\"es\" xml:lang=\"es\"><strong>Personal Hygiene Application Videos:<\/strong><\/span><\/p>\n<details>\n<summary>Application Video \u2013 Spanish<\/summary>\n<p><iframe src=\"https:\/\/www.youtube.com\/embed\/zdXAXc_mG2U?rel=0\"><\/iframe><\/p>\n<\/details>\n<details>\n<summary>Application Video \u2013 English<\/summary>\n<p><iframe src=\"https:\/\/www.youtube.com\/embed\/zkaNIiD1MYI?rel=0\"><\/iframe><\/p>\n<\/details>\n<details>\n<summary>Application Video \u2013 French<\/summary>\n<p><iframe src=\"https:\/\/www.youtube.com\/embed\/u4TYu1n9HKc?rel=0\"><\/iframe><\/p>\n<\/details>\n<details>\n<summary>Application Video \u2013 Portuguese<\/summary>\n<p><iframe src=\"https:\/\/www.youtube.com\/embed\/q0mEvOE3_Rw?rel=0\"><\/iframe><\/p>\n<\/details>\n<details>\n<summary>Application Video \u2013 English (second)<\/summary>\n<p><iframe src=\"https:\/\/www.youtube.com\/embed\/gm5igHf0Iw4?rel=0\"><\/iframe><\/p>\n<\/details>\n<\/div>\n<\/td>\n<\/tr>\n<\/tbody>\n<\/table>","protected":false},"featured_media":3854,"template":"","meta":{"neve_meta_sidebar":"","neve_meta_container":"","neve_meta_enable_content_width":"off","neve_meta_content_width":100,"neve_meta_title_alignment":"","neve_meta_author_avatar":"","neve_post_elements_order":"","neve_meta_disable_header":"","neve_meta_disable_footer":"","neve_meta_disable_title":""},"product_brand":[],"product_cat":[372,384,370],"product_tag":[],"class_list":{"0":"post-2770","1":"product","2":"type-product","3":"status-publish","4":"has-post-thumbnail","6":"product_cat-geriatricos","7":"product_cat-higiene-personal","8":"product_cat-hoteles","10":"first","11":"instock","12":"shipping-taxable","13":"product-type-simple"},"yoast_head":"<!-- This site is optimized with the Yoast SEO plugin v27.0 - https:\/\/yoast.com\/product\/yoast-seo-wordpress\/ -->\n<title>Genil B. Gel de ba\u00f1o - Dermo | F\u00e1brica de detergentes<\/title>\n<meta name=\"robots\" content=\"index, follow, max-snippet:-1, max-image-preview:large, max-video-preview:-1\" \/>\n<link rel=\"canonical\" href=\"https:\/\/dermo.com\/en\/catalog\/genilb\/\" \/>\n<meta property=\"og:locale\" content=\"en_GB\" \/>\n<meta property=\"og:type\" content=\"article\" \/>\n<meta property=\"og:title\" content=\"Genil B. Gel de ba\u00f1o - Dermo | F\u00e1brica de detergentes\" \/>\n<meta property=\"og:description\" content=\"Genil B Gel de ba\u00f1o dermoprotector hidratante de pH neutro para el cuidado y aseo corporal. Permite un uso frecuente sin agrietar ni resecar la piel. Adecuado para la higiene personal en gimnasios, hoteles, guarder\u00edas y residencias geri\u00e1tricas.       V\u00eddeos de Aplicaci\u00f3n\u00a0Higiene personal:  V\u00eddeo de Aplicaci\u00f3n - Espa\u00f1ol  V\u00eddeo de Aplicaci\u00f3n - Ingl\u00e9s  V\u00eddeo de Aplicaci\u00f3n - Franc\u00e9s  V\u00eddeo de Aplicaci\u00f3n - Portugu\u00e9s  V\u00eddeo de Aplicaci\u00f3n - Ingl\u00e9s (segundo)\" \/>\n<meta property=\"og:url\" content=\"https:\/\/dermo.com\/en\/catalog\/genilb\/\" \/>\n<meta property=\"og:site_name\" content=\"Dermo | F\u00e1brica de detergentes\" \/>\n<meta property=\"article:modified_time\" content=\"2025-03-26T12:34:16+00:00\" \/>\n<meta property=\"og:image\" content=\"https:\/\/dermo.com\/wp-content\/uploads\/2015\/08\/Genil-B.-Gel-de-bano.png\" \/>\n\t<meta property=\"og:image:width\" content=\"800\" \/>\n\t<meta property=\"og:image:height\" content=\"720\" \/>\n\t<meta property=\"og:image:type\" content=\"image\/png\" \/>\n<meta name=\"twitter:card\" content=\"summary_large_image\" \/>\n<meta name=\"twitter:label1\" content=\"Estimated reading time\" \/>\n\t<meta name=\"twitter:data1\" content=\"1 minute\" \/>\n<script type=\"application\/ld+json\" class=\"yoast-schema-graph\">{\"@context\":\"https:\/\/schema.org\",\"@graph\":[{\"@type\":\"WebPage\",\"@id\":\"https:\/\/dermo.com\/catalogo\/genilb\/\",\"url\":\"https:\/\/dermo.com\/catalogo\/genilb\/\",\"name\":\"Genil B. Gel de ba\u00f1o - Dermo | F\u00e1brica de detergentes\",\"isPartOf\":{\"@id\":\"https:\/\/dermo.com\/#website\"},\"primaryImageOfPage\":{\"@id\":\"https:\/\/dermo.com\/catalogo\/genilb\/#primaryimage\"},\"image\":{\"@id\":\"https:\/\/dermo.com\/catalogo\/genilb\/#primaryimage\"},\"thumbnailUrl\":\"https:\/\/dermo.com\/wp-content\/uploads\/2015\/08\/Genil-B.-Gel-de-bano.png\",\"datePublished\":\"2015-08-03T10:41:47+00:00\",\"dateModified\":\"2025-03-26T12:34:16+00:00\",\"breadcrumb\":{\"@id\":\"https:\/\/dermo.com\/catalogo\/genilb\/#breadcrumb\"},\"inLanguage\":\"en-GB\",\"potentialAction\":[{\"@type\":\"ReadAction\",\"target\":[\"https:\/\/dermo.com\/catalogo\/genilb\/\"]}]},{\"@type\":\"ImageObject\",\"inLanguage\":\"en-GB\",\"@id\":\"https:\/\/dermo.com\/catalogo\/genilb\/#primaryimage\",\"url\":\"https:\/\/dermo.com\/wp-content\/uploads\/2015\/08\/Genil-B.-Gel-de-bano.png\",\"contentUrl\":\"https:\/\/dermo.com\/wp-content\/uploads\/2015\/08\/Genil-B.-Gel-de-bano.png\",\"width\":800,\"height\":720},{\"@type\":\"BreadcrumbList\",\"@id\":\"https:\/\/dermo.com\/catalogo\/genilb\/#breadcrumb\",\"itemListElement\":[{\"@type\":\"ListItem\",\"position\":1,\"name\":\"Portada\",\"item\":\"https:\/\/dermo.com\/\"},{\"@type\":\"ListItem\",\"position\":2,\"name\":\"Tienda\",\"item\":\"https:\/\/dermo.com\/tienda\/\"},{\"@type\":\"ListItem\",\"position\":3,\"name\":\"Genil B. Gel de ba\u00f1o\"}]},{\"@type\":\"WebSite\",\"@id\":\"https:\/\/dermo.com\/#website\",\"url\":\"https:\/\/dermo.com\/\",\"name\":\"Dermo | F\u00e1brica de detergentes\",\"description\":\"Tecnolog\u00eda avanzada, investigaci\u00f3n y desarrollo, respeto por el medio ambiente, competencia, formaci\u00f3n constante y alto nivel de profesionalidad en nuestro equipo humano, empe\u00f1ado en preservar la calidad de vida, la protecci\u00f3n del entorno natural contin\u00faan motiv\u00e1ndonos para desarrollar en nuestros laboratorios nuevos productos con ingredientes activos altamente biodegradables que hacen posible un desarrollo sostenible.\",\"potentialAction\":[{\"@type\":\"SearchAction\",\"target\":{\"@type\":\"EntryPoint\",\"urlTemplate\":\"https:\/\/dermo.com\/?s={search_term_string}\"},\"query-input\":{\"@type\":\"PropertyValueSpecification\",\"valueRequired\":true,\"valueName\":\"search_term_string\"}}],\"inLanguage\":\"en-GB\"}]}<\/script>\n<!-- \/ Yoast SEO plugin. -->","yoast_head_json":{"title":"Genil B. Shower Gel - Dermo | Detergent Factory","robots":{"index":"index","follow":"follow","max-snippet":"max-snippet:-1","max-image-preview":"max-image-preview:large","max-video-preview":"max-video-preview:-1"},"canonical":"https:\/\/dermo.com\/en\/catalog\/genilb\/","og_locale":"en_GB","og_type":"article","og_title":"Genil B. Gel de ba\u00f1o - Dermo | F\u00e1brica de detergentes","og_description":"Genil B Gel de ba\u00f1o dermoprotector hidratante de pH neutro para el cuidado y aseo corporal. Permite un uso frecuente sin agrietar ni resecar la piel. Adecuado para la higiene personal en gimnasios, hoteles, guarder\u00edas y residencias geri\u00e1tricas.       V\u00eddeos de Aplicaci\u00f3n\u00a0Higiene personal:  V\u00eddeo de Aplicaci\u00f3n - Espa\u00f1ol  V\u00eddeo de Aplicaci\u00f3n - Ingl\u00e9s  V\u00eddeo de Aplicaci\u00f3n - Franc\u00e9s  V\u00eddeo de Aplicaci\u00f3n - Portugu\u00e9s  V\u00eddeo de Aplicaci\u00f3n - Ingl\u00e9s (segundo)","og_url":"https:\/\/dermo.com\/en\/catalog\/genilb\/","og_site_name":"Dermo | F\u00e1brica de detergentes","article_modified_time":"2025-03-26T12:34:16+00:00","og_image":[{"width":800,"height":720,"url":"https:\/\/dermo.com\/wp-content\/uploads\/2015\/08\/Genil-B.-Gel-de-bano.png","type":"image\/png"}],"twitter_card":"summary_large_image","twitter_misc":{"Estimated reading time":"1 minute"},"schema":{"@context":"https:\/\/schema.org","@graph":[{"@type":"WebPage","@id":"https:\/\/dermo.com\/catalogo\/genilb\/","url":"https:\/\/dermo.com\/catalogo\/genilb\/","name":"Genil B. Shower Gel - Dermo | Detergent Factory","isPartOf":{"@id":"https:\/\/dermo.com\/#website"},"primaryImageOfPage":{"@id":"https:\/\/dermo.com\/catalogo\/genilb\/#primaryimage"},"image":{"@id":"https:\/\/dermo.com\/catalogo\/genilb\/#primaryimage"},"thumbnailUrl":"https:\/\/dermo.com\/wp-content\/uploads\/2015\/08\/Genil-B.-Gel-de-bano.png","datePublished":"2015-08-03T10:41:47+00:00","dateModified":"2025-03-26T12:34:16+00:00","breadcrumb":{"@id":"https:\/\/dermo.com\/catalogo\/genilb\/#breadcrumb"},"inLanguage":"en-GB","potentialAction":[{"@type":"ReadAction","target":["https:\/\/dermo.com\/catalogo\/genilb\/"]}]},{"@type":"ImageObject","inLanguage":"en-GB","@id":"https:\/\/dermo.com\/catalogo\/genilb\/#primaryimage","url":"https:\/\/dermo.com\/wp-content\/uploads\/2015\/08\/Genil-B.-Gel-de-bano.png","contentUrl":"https:\/\/dermo.com\/wp-content\/uploads\/2015\/08\/Genil-B.-Gel-de-bano.png","width":800,"height":720},{"@type":"BreadcrumbList","@id":"https:\/\/dermo.com\/catalogo\/genilb\/#breadcrumb","itemListElement":[{"@type":"ListItem","position":1,"name":"Portada","item":"https:\/\/dermo.com\/"},{"@type":"ListItem","position":2,"name":"Tienda","item":"https:\/\/dermo.com\/tienda\/"},{"@type":"ListItem","position":3,"name":"Genil B. Gel de ba\u00f1o"}]},{"@type":"WebSite","@id":"https:\/\/dermo.com\/#website","url":"https:\/\/dermo.com\/","name":"Dermo | detergent factory","description":"Advanced technology, research and development, respect for the environment, competence, constant training and a high level of professionalism in our team, committed to preserving the quality of life and protecting the natural environment, continue to motivate us to develop new products in our laboratories with highly biodegradable active ingredients that make sustainable development possible.","potentialAction":[{"@type":"SearchAction","target":{"@type":"EntryPoint","urlTemplate":"https:\/\/dermo.com\/?s={search_term_string}"},"query-input":{"@type":"PropertyValueSpecification","valueRequired":true,"valueName":"search_term_string"}}],"inLanguage":"en-GB"}]}},"_links":{"self":[{"href":"https:\/\/dermo.com\/en\/wp-json\/wp\/v2\/product\/2770","targetHints":{"allow":["GET"]}}],"collection":[{"href":"https:\/\/dermo.com\/en\/wp-json\/wp\/v2\/product"}],"about":[{"href":"https:\/\/dermo.com\/en\/wp-json\/wp\/v2\/types\/product"}],"wp:featuredmedia":[{"embeddable":true,"href":"https:\/\/dermo.com\/en\/wp-json\/wp\/v2\/media\/3854"}],"wp:attachment":[{"href":"https:\/\/dermo.com\/en\/wp-json\/wp\/v2\/media?parent=2770"}],"wp:term":[{"taxonomy":"product_brand","embeddable":true,"href":"https:\/\/dermo.com\/en\/wp-json\/wp\/v2\/product_brand?post=2770"},{"taxonomy":"product_cat","embeddable":true,"href":"https:\/\/dermo.com\/en\/wp-json\/wp\/v2\/product_cat?post=2770"},{"taxonomy":"product_tag","embeddable":true,"href":"https:\/\/dermo.com\/en\/wp-json\/wp\/v2\/product_tag?post=2770"}],"curies":[{"name":"wp","href":"https:\/\/api.w.org\/{rel}","templated":true}]}}