{"id":2776,"date":"2015-08-03T10:58:44","date_gmt":"2015-08-03T10:58:44","guid":{"rendered":"https:\/\/dermo.ultbit.com\/producto\/pm3\/"},"modified":"2025-03-26T14:39:56","modified_gmt":"2025-03-26T13:39:56","slug":"pm3","status":"publish","type":"product","link":"https:\/\/dermo.com\/en\/catalog\/pm3\/","title":{"rendered":"PM3. Degreasing handwashing cream"},"content":{"rendered":"<p><strong>FORM OF USE:<\/strong><br \/>\nApply the product on well dry hands<br \/>\nRub gently until the filthiness has been emulsified.<br \/>\nRinse with abundant water.<\/p>\n<p><strong>TECHNICAL CHARACTERISTICS:<\/strong><br \/>\nAppearance: Paste.<br \/>\nColor: Beige with brown particles.<br \/>\nSmell: Characteristic.<br \/>\nPure pH: 8.0 \u2013 8.5<\/p>\n<p><strong>PRESENTATION:<\/strong><br \/>\nPlastic containers:<\/p>\n<table>\n<tbody>\n<tr>\n<td>FORMAT<\/td>\n<td>\u00a0 \u00a0 \u00a0 4 kg<\/td>\n<td><\/td>\n<\/tr>\n<tr>\n<td>CODE<\/td>\n<td>\u00a0 \u00a0006PM304<\/td>\n<td><\/td>\n<\/tr>\n<\/tbody>\n<\/table>","protected":false},"excerpt":{"rendered":"<h3>PM3<\/h3>\n<p class=\"Estndar\"><span lang=\"es\" xml:lang=\"es\">Product for wash and protection of hands. It dissolves grease and reburnt oils, lubricators, inks, charcoal remains, oxide\u2026<\/span><\/p>\n<p class=\"Estndar\"><span lang=\"es\" xml:lang=\"es\">Recommended in hands with dirt very persistent.<\/span><\/p>","protected":false},"featured_media":2775,"template":"","meta":{"neve_meta_sidebar":"","neve_meta_container":"","neve_meta_enable_content_width":"off","neve_meta_content_width":100,"neve_meta_title_alignment":"","neve_meta_author_avatar":"","neve_post_elements_order":"","neve_meta_disable_header":"","neve_meta_disable_footer":"","neve_meta_disable_title":""},"product_brand":[],"product_cat":[384,385,378],"product_tag":[],"class_list":{"0":"post-2776","1":"product","2":"type-product","3":"status-publish","4":"has-post-thumbnail","6":"product_cat-higiene-personal","7":"product_cat-industria-y-automocion-productos","8":"product_cat-industria-y-automocion","10":"first","11":"instock","12":"shipping-taxable","13":"product-type-simple"},"yoast_head":"<!-- This site is optimized with the Yoast SEO plugin v27.0 - https:\/\/yoast.com\/product\/yoast-seo-wordpress\/ -->\n<title>PM3. Crema desengrasante manos - Dermo | F\u00e1brica de detergentes<\/title>\n<meta name=\"robots\" content=\"index, follow, max-snippet:-1, max-image-preview:large, max-video-preview:-1\" \/>\n<link rel=\"canonical\" href=\"https:\/\/dermo.com\/en\/catalog\/pm3\/\" \/>\n<meta property=\"og:locale\" content=\"en_GB\" \/>\n<meta property=\"og:type\" content=\"article\" \/>\n<meta property=\"og:title\" content=\"PM3. Crema desengrasante manos - Dermo | F\u00e1brica de detergentes\" \/>\n<meta property=\"og:description\" content=\"PM3 Producto para el lavado y protecci\u00f3n de las manos. Disuelve grasa y aceites requemados, lubricantes, tintas, carbonila, \u00f3xido, \u2026 Recomendado para manos que presenten suciedad muy persistente.\" \/>\n<meta property=\"og:url\" content=\"https:\/\/dermo.com\/en\/catalog\/pm3\/\" \/>\n<meta property=\"og:site_name\" content=\"Dermo | F\u00e1brica de detergentes\" \/>\n<meta property=\"article:modified_time\" content=\"2025-03-26T13:39:56+00:00\" \/>\n<meta property=\"og:image\" content=\"https:\/\/dermo.com\/wp-content\/uploads\/2015\/08\/165-PM3.-Crema-desengrasante-manos.jpg\" \/>\n\t<meta property=\"og:image:width\" content=\"768\" \/>\n\t<meta property=\"og:image:height\" content=\"768\" \/>\n\t<meta property=\"og:image:type\" content=\"image\/jpeg\" \/>\n<meta name=\"twitter:card\" content=\"summary_large_image\" \/>\n<meta name=\"twitter:label1\" content=\"Estimated reading time\" \/>\n\t<meta name=\"twitter:data1\" content=\"1 minute\" \/>\n<script type=\"application\/ld+json\" class=\"yoast-schema-graph\">{\"@context\":\"https:\/\/schema.org\",\"@graph\":[{\"@type\":\"WebPage\",\"@id\":\"https:\/\/dermo.com\/catalogo\/pm3\/\",\"url\":\"https:\/\/dermo.com\/catalogo\/pm3\/\",\"name\":\"PM3. Crema desengrasante manos - Dermo | F\u00e1brica de detergentes\",\"isPartOf\":{\"@id\":\"https:\/\/dermo.com\/#website\"},\"primaryImageOfPage\":{\"@id\":\"https:\/\/dermo.com\/catalogo\/pm3\/#primaryimage\"},\"image\":{\"@id\":\"https:\/\/dermo.com\/catalogo\/pm3\/#primaryimage\"},\"thumbnailUrl\":\"https:\/\/dermo.com\/wp-content\/uploads\/2015\/08\/165-PM3.-Crema-desengrasante-manos.jpg\",\"datePublished\":\"2015-08-03T10:58:44+00:00\",\"dateModified\":\"2025-03-26T13:39:56+00:00\",\"breadcrumb\":{\"@id\":\"https:\/\/dermo.com\/catalogo\/pm3\/#breadcrumb\"},\"inLanguage\":\"en-GB\",\"potentialAction\":[{\"@type\":\"ReadAction\",\"target\":[\"https:\/\/dermo.com\/catalogo\/pm3\/\"]}]},{\"@type\":\"ImageObject\",\"inLanguage\":\"en-GB\",\"@id\":\"https:\/\/dermo.com\/catalogo\/pm3\/#primaryimage\",\"url\":\"https:\/\/dermo.com\/wp-content\/uploads\/2015\/08\/165-PM3.-Crema-desengrasante-manos.jpg\",\"contentUrl\":\"https:\/\/dermo.com\/wp-content\/uploads\/2015\/08\/165-PM3.-Crema-desengrasante-manos.jpg\",\"width\":768,\"height\":768,\"caption\":\"PM3. Crema desengrasante manos\"},{\"@type\":\"BreadcrumbList\",\"@id\":\"https:\/\/dermo.com\/catalogo\/pm3\/#breadcrumb\",\"itemListElement\":[{\"@type\":\"ListItem\",\"position\":1,\"name\":\"Portada\",\"item\":\"https:\/\/dermo.com\/\"},{\"@type\":\"ListItem\",\"position\":2,\"name\":\"Tienda\",\"item\":\"https:\/\/dermo.com\/tienda\/\"},{\"@type\":\"ListItem\",\"position\":3,\"name\":\"PM3. Crema desengrasante manos\"}]},{\"@type\":\"WebSite\",\"@id\":\"https:\/\/dermo.com\/#website\",\"url\":\"https:\/\/dermo.com\/\",\"name\":\"Dermo | F\u00e1brica de detergentes\",\"description\":\"Tecnolog\u00eda avanzada, investigaci\u00f3n y desarrollo, respeto por el medio ambiente, competencia, formaci\u00f3n constante y alto nivel de profesionalidad en nuestro equipo humano, empe\u00f1ado en preservar la calidad de vida, la protecci\u00f3n del entorno natural contin\u00faan motiv\u00e1ndonos para desarrollar en nuestros laboratorios nuevos productos con ingredientes activos altamente biodegradables que hacen posible un desarrollo sostenible.\",\"potentialAction\":[{\"@type\":\"SearchAction\",\"target\":{\"@type\":\"EntryPoint\",\"urlTemplate\":\"https:\/\/dermo.com\/?s={search_term_string}\"},\"query-input\":{\"@type\":\"PropertyValueSpecification\",\"valueRequired\":true,\"valueName\":\"search_term_string\"}}],\"inLanguage\":\"en-GB\"}]}<\/script>\n<!-- \/ Yoast SEO plugin. -->","yoast_head_json":{"title":"PM3. Degreasing hand cream - Dermo | Detergent factory","robots":{"index":"index","follow":"follow","max-snippet":"max-snippet:-1","max-image-preview":"max-image-preview:large","max-video-preview":"max-video-preview:-1"},"canonical":"https:\/\/dermo.com\/en\/catalog\/pm3\/","og_locale":"en_GB","og_type":"article","og_title":"PM3. Crema desengrasante manos - Dermo | F\u00e1brica de detergentes","og_description":"PM3 Producto para el lavado y protecci\u00f3n de las manos. Disuelve grasa y aceites requemados, lubricantes, tintas, carbonila, \u00f3xido, \u2026 Recomendado para manos que presenten suciedad muy persistente.","og_url":"https:\/\/dermo.com\/en\/catalog\/pm3\/","og_site_name":"Dermo | F\u00e1brica de detergentes","article_modified_time":"2025-03-26T13:39:56+00:00","og_image":[{"width":768,"height":768,"url":"https:\/\/dermo.com\/wp-content\/uploads\/2015\/08\/165-PM3.-Crema-desengrasante-manos.jpg","type":"image\/jpeg"}],"twitter_card":"summary_large_image","twitter_misc":{"Estimated reading time":"1 minute"},"schema":{"@context":"https:\/\/schema.org","@graph":[{"@type":"WebPage","@id":"https:\/\/dermo.com\/catalogo\/pm3\/","url":"https:\/\/dermo.com\/catalogo\/pm3\/","name":"PM3. Degreasing hand cream - Dermo | Detergent factory","isPartOf":{"@id":"https:\/\/dermo.com\/#website"},"primaryImageOfPage":{"@id":"https:\/\/dermo.com\/catalogo\/pm3\/#primaryimage"},"image":{"@id":"https:\/\/dermo.com\/catalogo\/pm3\/#primaryimage"},"thumbnailUrl":"https:\/\/dermo.com\/wp-content\/uploads\/2015\/08\/165-PM3.-Crema-desengrasante-manos.jpg","datePublished":"2015-08-03T10:58:44+00:00","dateModified":"2025-03-26T13:39:56+00:00","breadcrumb":{"@id":"https:\/\/dermo.com\/catalogo\/pm3\/#breadcrumb"},"inLanguage":"en-GB","potentialAction":[{"@type":"ReadAction","target":["https:\/\/dermo.com\/catalogo\/pm3\/"]}]},{"@type":"ImageObject","inLanguage":"en-GB","@id":"https:\/\/dermo.com\/catalogo\/pm3\/#primaryimage","url":"https:\/\/dermo.com\/wp-content\/uploads\/2015\/08\/165-PM3.-Crema-desengrasante-manos.jpg","contentUrl":"https:\/\/dermo.com\/wp-content\/uploads\/2015\/08\/165-PM3.-Crema-desengrasante-manos.jpg","width":768,"height":768,"caption":"PM3. Crema desengrasante manos"},{"@type":"BreadcrumbList","@id":"https:\/\/dermo.com\/catalogo\/pm3\/#breadcrumb","itemListElement":[{"@type":"ListItem","position":1,"name":"Portada","item":"https:\/\/dermo.com\/"},{"@type":"ListItem","position":2,"name":"Tienda","item":"https:\/\/dermo.com\/tienda\/"},{"@type":"ListItem","position":3,"name":"PM3. Crema desengrasante manos"}]},{"@type":"WebSite","@id":"https:\/\/dermo.com\/#website","url":"https:\/\/dermo.com\/","name":"Dermo | detergent factory","description":"Advanced technology, research and development, respect for the environment, competence, constant training and a high level of professionalism in our team, committed to preserving the quality of life and protecting the natural environment, continue to motivate us to develop new products in our laboratories with highly biodegradable active ingredients that make sustainable development possible.","potentialAction":[{"@type":"SearchAction","target":{"@type":"EntryPoint","urlTemplate":"https:\/\/dermo.com\/?s={search_term_string}"},"query-input":{"@type":"PropertyValueSpecification","valueRequired":true,"valueName":"search_term_string"}}],"inLanguage":"en-GB"}]}},"_links":{"self":[{"href":"https:\/\/dermo.com\/en\/wp-json\/wp\/v2\/product\/2776","targetHints":{"allow":["GET"]}}],"collection":[{"href":"https:\/\/dermo.com\/en\/wp-json\/wp\/v2\/product"}],"about":[{"href":"https:\/\/dermo.com\/en\/wp-json\/wp\/v2\/types\/product"}],"wp:featuredmedia":[{"embeddable":true,"href":"https:\/\/dermo.com\/en\/wp-json\/wp\/v2\/media\/2775"}],"wp:attachment":[{"href":"https:\/\/dermo.com\/en\/wp-json\/wp\/v2\/media?parent=2776"}],"wp:term":[{"taxonomy":"product_brand","embeddable":true,"href":"https:\/\/dermo.com\/en\/wp-json\/wp\/v2\/product_brand?post=2776"},{"taxonomy":"product_cat","embeddable":true,"href":"https:\/\/dermo.com\/en\/wp-json\/wp\/v2\/product_cat?post=2776"},{"taxonomy":"product_tag","embeddable":true,"href":"https:\/\/dermo.com\/en\/wp-json\/wp\/v2\/product_tag?post=2776"}],"curies":[{"name":"wp","href":"https:\/\/api.w.org\/{rel}","templated":true}]}}