{"id":2810,"date":"2015-08-06T13:10:25","date_gmt":"2015-08-06T13:10:25","guid":{"rendered":"https:\/\/dermo.ultbit.com\/producto\/dermocardforte\/"},"modified":"2025-03-27T17:01:15","modified_gmt":"2025-03-27T16:01:15","slug":"dermocardforte","status":"publish","type":"product","link":"https:\/\/dermo.com\/en\/catalog\/dermocardforte\/","title":{"rendered":"Dermocar D Forte. Industrial bodywork detergent"},"content":{"rendered":"<p><strong>FORM OF USE:<\/strong><br \/>\nDilute in water from 2 to 5 % depending on the dirtiness. Pulverize the surface to cleaning. Leave during  a few seconds and rinse later with a pression machine and  temperature between 40 and 50 \u00ba C.<\/p>\n<p><strong>TECHNICAL CHARACTERISTICS:<\/strong><br \/>\nAspect: Liquid.<br \/>\nColor: Caramel.<br \/>\nSmell: Characteristic.<br \/>\npH (10%, water): 12-13<br \/>\nDensity: 1.00-1.10 g\/cc.<br \/>\nSolubility: Water soluble.<\/p>\n<p><strong>PRESENTATION:<\/strong><br \/>\nPlastic containers:<\/p>\n<table>\n<tbody>\n<tr>\n<td>FORMAT<\/td>\n<td>\u00a0 \u00a0 \u00a025 kg<\/td>\n<\/tr>\n<tr>\n<td>CODE<\/td>\n<td>\u00a0 014DCF25<\/td>\n<\/tr>\n<\/tbody>\n<\/table>","protected":false},"excerpt":{"rendered":"<h3><\/h3>\n<p class=\"Estndar\"><span lang=\"es\" xml:lang=\"es\">Energetic detergent with high power degreaser for the cleaning of bodycars with a extrem degree of dirtiness: trucks, industrial vehicles, etc.<\/span><\/p>\n<p class=\"Estndar\"><span lang=\"es\" xml:lang=\"es\">Using the indicated dilutions it does not attack the painting of the bodycar.<\/span><\/p>\n<table>\n<tbody>\n<tr>\n<td style=\"width: 100%;\">\n<div class=\"video-section\">\n<p class=\"Estndar\"><span lang=\"es\" xml:lang=\"es\"><strong>Car cleaning application videos:<\/strong><\/span><\/p>\n<details>\n<summary>Application Video \u2013 Spanish<\/summary>\n<p><iframe src=\"https:\/\/www.youtube.com\/embed\/AwxX1xUlZu0?rel=0\"><\/iframe><\/p>\n<\/details>\n<details>\n<summary>Application Video \u2013 English<\/summary>\n<p><iframe src=\"https:\/\/www.youtube.com\/embed\/GRHLn3jhLAA?rel=0\"><\/iframe><\/p>\n<\/details>\n<details>\n<summary>Application Video \u2013 French<\/summary>\n<p><iframe src=\"https:\/\/www.youtube.com\/embed\/N6jabX3rGnI?rel=0\"><\/iframe><\/p>\n<\/details>\n<details>\n<summary>Application Video \u2013 Portuguese<\/summary>\n<p><iframe src=\"https:\/\/www.youtube.com\/embed\/4vIn6eKuydI?rel=0\"><\/iframe><\/p>\n<\/details>\n<\/div>\n<\/td>\n<\/tr>\n<\/tbody>\n<\/table>","protected":false},"featured_media":2809,"template":"","meta":{"neve_meta_sidebar":"","neve_meta_container":"","neve_meta_enable_content_width":"off","neve_meta_content_width":100,"neve_meta_title_alignment":"","neve_meta_author_avatar":"","neve_post_elements_order":"","neve_meta_disable_header":"","neve_meta_disable_footer":"","neve_meta_disable_title":""},"product_brand":[],"product_cat":[378,385],"product_tag":[],"class_list":{"0":"post-2810","1":"product","2":"type-product","3":"status-publish","4":"has-post-thumbnail","6":"product_cat-industria-y-automocion","7":"product_cat-industria-y-automocion-productos","9":"first","10":"instock","11":"shipping-taxable","12":"product-type-simple"},"yoast_head":"<!-- This site is optimized with the Yoast SEO plugin v27.0 - https:\/\/yoast.com\/product\/yoast-seo-wordpress\/ -->\n<title>Dermocar D Forte. Detergente industrial carrocer\u00edas - Dermo | F\u00e1brica de detergentes<\/title>\n<meta name=\"robots\" content=\"index, follow, max-snippet:-1, max-image-preview:large, max-video-preview:-1\" \/>\n<link rel=\"canonical\" href=\"https:\/\/dermo.com\/en\/catalog\/dermocardforte\/\" \/>\n<meta property=\"og:locale\" content=\"en_GB\" \/>\n<meta property=\"og:type\" content=\"article\" \/>\n<meta property=\"og:title\" content=\"Dermocar D Forte. Detergente industrial carrocer\u00edas - Dermo | F\u00e1brica de detergentes\" \/>\n<meta property=\"og:description\" content=\"Detergente en\u00e9rgico con gran poder desengrasante para la limpieza de carrocer\u00edas con un grado de suciedad extremo: camiones, veh\u00edculos industriales, etc. Utilizando las diluciones indicadas no ataca la pintura de la carrocer\u00eda.       V\u00eddeos de aplicaci\u00f3n limpieza de coche:  V\u00eddeo de Aplicaci\u00f3n - Espa\u00f1ol  V\u00eddeo de Aplicaci\u00f3n - Ingl\u00e9s  V\u00eddeo de Aplicaci\u00f3n - Franc\u00e9s  V\u00eddeo de Aplicaci\u00f3n - Portugu\u00e9s\" \/>\n<meta property=\"og:url\" content=\"https:\/\/dermo.com\/en\/catalog\/dermocardforte\/\" \/>\n<meta property=\"og:site_name\" content=\"Dermo | F\u00e1brica de detergentes\" \/>\n<meta property=\"article:modified_time\" content=\"2025-03-27T16:01:15+00:00\" \/>\n<meta property=\"og:image\" content=\"https:\/\/dermo.com\/wp-content\/uploads\/2015\/08\/191-Dermocar-D-Forte.-Detergente-industrial-carrocerias.jpg\" \/>\n\t<meta property=\"og:image:width\" content=\"768\" \/>\n\t<meta property=\"og:image:height\" content=\"860\" \/>\n\t<meta property=\"og:image:type\" content=\"image\/jpeg\" \/>\n<meta name=\"twitter:card\" content=\"summary_large_image\" \/>\n<meta name=\"twitter:label1\" content=\"Estimated reading time\" \/>\n\t<meta name=\"twitter:data1\" content=\"1 minute\" \/>\n<script type=\"application\/ld+json\" class=\"yoast-schema-graph\">{\"@context\":\"https:\/\/schema.org\",\"@graph\":[{\"@type\":\"WebPage\",\"@id\":\"https:\/\/dermo.com\/catalogo\/dermocardforte\/\",\"url\":\"https:\/\/dermo.com\/catalogo\/dermocardforte\/\",\"name\":\"Dermocar D Forte. Detergente industrial carrocer\u00edas - Dermo | F\u00e1brica de detergentes\",\"isPartOf\":{\"@id\":\"https:\/\/dermo.com\/#website\"},\"primaryImageOfPage\":{\"@id\":\"https:\/\/dermo.com\/catalogo\/dermocardforte\/#primaryimage\"},\"image\":{\"@id\":\"https:\/\/dermo.com\/catalogo\/dermocardforte\/#primaryimage\"},\"thumbnailUrl\":\"https:\/\/dermo.com\/wp-content\/uploads\/2015\/08\/191-Dermocar-D-Forte.-Detergente-industrial-carrocerias.jpg\",\"datePublished\":\"2015-08-06T13:10:25+00:00\",\"dateModified\":\"2025-03-27T16:01:15+00:00\",\"breadcrumb\":{\"@id\":\"https:\/\/dermo.com\/catalogo\/dermocardforte\/#breadcrumb\"},\"inLanguage\":\"en-GB\",\"potentialAction\":[{\"@type\":\"ReadAction\",\"target\":[\"https:\/\/dermo.com\/catalogo\/dermocardforte\/\"]}]},{\"@type\":\"ImageObject\",\"inLanguage\":\"en-GB\",\"@id\":\"https:\/\/dermo.com\/catalogo\/dermocardforte\/#primaryimage\",\"url\":\"https:\/\/dermo.com\/wp-content\/uploads\/2015\/08\/191-Dermocar-D-Forte.-Detergente-industrial-carrocerias.jpg\",\"contentUrl\":\"https:\/\/dermo.com\/wp-content\/uploads\/2015\/08\/191-Dermocar-D-Forte.-Detergente-industrial-carrocerias.jpg\",\"width\":768,\"height\":860,\"caption\":\"Dermocar D Forte. Detergente industrial carrocer\u00edas\"},{\"@type\":\"BreadcrumbList\",\"@id\":\"https:\/\/dermo.com\/catalogo\/dermocardforte\/#breadcrumb\",\"itemListElement\":[{\"@type\":\"ListItem\",\"position\":1,\"name\":\"Portada\",\"item\":\"https:\/\/dermo.com\/\"},{\"@type\":\"ListItem\",\"position\":2,\"name\":\"Tienda\",\"item\":\"https:\/\/dermo.com\/tienda\/\"},{\"@type\":\"ListItem\",\"position\":3,\"name\":\"Dermocar D Forte. Detergente industrial carrocer\u00edas\"}]},{\"@type\":\"WebSite\",\"@id\":\"https:\/\/dermo.com\/#website\",\"url\":\"https:\/\/dermo.com\/\",\"name\":\"Dermo | F\u00e1brica de detergentes\",\"description\":\"Tecnolog\u00eda avanzada, investigaci\u00f3n y desarrollo, respeto por el medio ambiente, competencia, formaci\u00f3n constante y alto nivel de profesionalidad en nuestro equipo humano, empe\u00f1ado en preservar la calidad de vida, la protecci\u00f3n del entorno natural contin\u00faan motiv\u00e1ndonos para desarrollar en nuestros laboratorios nuevos productos con ingredientes activos altamente biodegradables que hacen posible un desarrollo sostenible.\",\"potentialAction\":[{\"@type\":\"SearchAction\",\"target\":{\"@type\":\"EntryPoint\",\"urlTemplate\":\"https:\/\/dermo.com\/?s={search_term_string}\"},\"query-input\":{\"@type\":\"PropertyValueSpecification\",\"valueRequired\":true,\"valueName\":\"search_term_string\"}}],\"inLanguage\":\"en-GB\"}]}<\/script>\n<!-- \/ Yoast SEO plugin. -->","yoast_head_json":{"title":"Dermocar D Forte. Industrial bodywork detergent - Dermo | detergent factory","robots":{"index":"index","follow":"follow","max-snippet":"max-snippet:-1","max-image-preview":"max-image-preview:large","max-video-preview":"max-video-preview:-1"},"canonical":"https:\/\/dermo.com\/en\/catalog\/dermocardforte\/","og_locale":"en_GB","og_type":"article","og_title":"Dermocar D Forte. Detergente industrial carrocer\u00edas - Dermo | F\u00e1brica de detergentes","og_description":"Detergente en\u00e9rgico con gran poder desengrasante para la limpieza de carrocer\u00edas con un grado de suciedad extremo: camiones, veh\u00edculos industriales, etc. Utilizando las diluciones indicadas no ataca la pintura de la carrocer\u00eda.       V\u00eddeos de aplicaci\u00f3n limpieza de coche:  V\u00eddeo de Aplicaci\u00f3n - Espa\u00f1ol  V\u00eddeo de Aplicaci\u00f3n - Ingl\u00e9s  V\u00eddeo de Aplicaci\u00f3n - Franc\u00e9s  V\u00eddeo de Aplicaci\u00f3n - Portugu\u00e9s","og_url":"https:\/\/dermo.com\/en\/catalog\/dermocardforte\/","og_site_name":"Dermo | F\u00e1brica de detergentes","article_modified_time":"2025-03-27T16:01:15+00:00","og_image":[{"width":768,"height":860,"url":"https:\/\/dermo.com\/wp-content\/uploads\/2015\/08\/191-Dermocar-D-Forte.-Detergente-industrial-carrocerias.jpg","type":"image\/jpeg"}],"twitter_card":"summary_large_image","twitter_misc":{"Estimated reading time":"1 minute"},"schema":{"@context":"https:\/\/schema.org","@graph":[{"@type":"WebPage","@id":"https:\/\/dermo.com\/catalogo\/dermocardforte\/","url":"https:\/\/dermo.com\/catalogo\/dermocardforte\/","name":"Dermocar D Forte. Industrial bodywork detergent - Dermo | detergent factory","isPartOf":{"@id":"https:\/\/dermo.com\/#website"},"primaryImageOfPage":{"@id":"https:\/\/dermo.com\/catalogo\/dermocardforte\/#primaryimage"},"image":{"@id":"https:\/\/dermo.com\/catalogo\/dermocardforte\/#primaryimage"},"thumbnailUrl":"https:\/\/dermo.com\/wp-content\/uploads\/2015\/08\/191-Dermocar-D-Forte.-Detergente-industrial-carrocerias.jpg","datePublished":"2015-08-06T13:10:25+00:00","dateModified":"2025-03-27T16:01:15+00:00","breadcrumb":{"@id":"https:\/\/dermo.com\/catalogo\/dermocardforte\/#breadcrumb"},"inLanguage":"en-GB","potentialAction":[{"@type":"ReadAction","target":["https:\/\/dermo.com\/catalogo\/dermocardforte\/"]}]},{"@type":"ImageObject","inLanguage":"en-GB","@id":"https:\/\/dermo.com\/catalogo\/dermocardforte\/#primaryimage","url":"https:\/\/dermo.com\/wp-content\/uploads\/2015\/08\/191-Dermocar-D-Forte.-Detergente-industrial-carrocerias.jpg","contentUrl":"https:\/\/dermo.com\/wp-content\/uploads\/2015\/08\/191-Dermocar-D-Forte.-Detergente-industrial-carrocerias.jpg","width":768,"height":860,"caption":"Dermocar D Forte. Detergente industrial carrocer\u00edas"},{"@type":"BreadcrumbList","@id":"https:\/\/dermo.com\/catalogo\/dermocardforte\/#breadcrumb","itemListElement":[{"@type":"ListItem","position":1,"name":"Portada","item":"https:\/\/dermo.com\/"},{"@type":"ListItem","position":2,"name":"Tienda","item":"https:\/\/dermo.com\/tienda\/"},{"@type":"ListItem","position":3,"name":"Dermocar D Forte. Detergente industrial carrocer\u00edas"}]},{"@type":"WebSite","@id":"https:\/\/dermo.com\/#website","url":"https:\/\/dermo.com\/","name":"Dermo | detergent factory","description":"Advanced technology, research and development, respect for the environment, competence, constant training and a high level of professionalism in our team, committed to preserving the quality of life and protecting the natural environment, continue to motivate us to develop new products in our laboratories with highly biodegradable active ingredients that make sustainable development possible.","potentialAction":[{"@type":"SearchAction","target":{"@type":"EntryPoint","urlTemplate":"https:\/\/dermo.com\/?s={search_term_string}"},"query-input":{"@type":"PropertyValueSpecification","valueRequired":true,"valueName":"search_term_string"}}],"inLanguage":"en-GB"}]}},"_links":{"self":[{"href":"https:\/\/dermo.com\/en\/wp-json\/wp\/v2\/product\/2810","targetHints":{"allow":["GET"]}}],"collection":[{"href":"https:\/\/dermo.com\/en\/wp-json\/wp\/v2\/product"}],"about":[{"href":"https:\/\/dermo.com\/en\/wp-json\/wp\/v2\/types\/product"}],"wp:featuredmedia":[{"embeddable":true,"href":"https:\/\/dermo.com\/en\/wp-json\/wp\/v2\/media\/2809"}],"wp:attachment":[{"href":"https:\/\/dermo.com\/en\/wp-json\/wp\/v2\/media?parent=2810"}],"wp:term":[{"taxonomy":"product_brand","embeddable":true,"href":"https:\/\/dermo.com\/en\/wp-json\/wp\/v2\/product_brand?post=2810"},{"taxonomy":"product_cat","embeddable":true,"href":"https:\/\/dermo.com\/en\/wp-json\/wp\/v2\/product_cat?post=2810"},{"taxonomy":"product_tag","embeddable":true,"href":"https:\/\/dermo.com\/en\/wp-json\/wp\/v2\/product_tag?post=2810"}],"curies":[{"name":"wp","href":"https:\/\/api.w.org\/{rel}","templated":true}]}}