{"id":2822,"date":"2015-08-07T12:59:14","date_gmt":"2015-08-07T12:59:14","guid":{"rendered":"https:\/\/dermo.ultbit.com\/producto\/h-100\/"},"modified":"2024-09-10T09:40:50","modified_gmt":"2024-09-10T07:40:50","slug":"h-100","status":"publish","type":"product","link":"https:\/\/dermo.com\/en\/catalog\/h-100\/","title":{"rendered":"H-100. Chlorine bleach"},"content":{"rendered":"<p><strong>FORM OF USE:<\/strong><br \/>\n\u2013 Dose from 3 to 8 ml for kilo of dry clothes in the bleach phase with temperatures between 20 and 45\u00baC.<br \/>\n\u2013 For optimal bleaching of H-100 and minimal fabric damage the wash solution temperature should kept below 45\u00baC and the pH around 9.5.<br \/>\n\u2013 At pH below 9.5 there are a higher hypochlorous acid concentration, more aggressive than hypochlorite and will cause an excessive damage to the fabric.<br \/>\n\u2013 At pH 10.5 the bleaching should be done at 50-55\u00baC.<br \/>\n\u2013 Do not use in clorhexidine stains. Hypochlorite reacts with clorhexidine stains causing brown stains that cannot be eliminated by any later treatment.<br \/>\n\u2013 Avoid contact of H-100 with products containing enzymes on the wash solution; enzymes will be inactivated by chlorine.<br \/>\n\u2013 Make sure that a good neutralization is done after bleaching. An incomplete neutralization will lead to yellowing and fabric damage during drying at elevated temperatures.<br \/>\n\u2013 Do not use in nylon.<\/p>\n<p><strong>TECHNICAL CHARACTERISTICS<\/strong><br \/>\nAspect: Liquid.<br \/>\nColor: Yellowish-green.<br \/>\nSmell: Characteristic.&gt;<br \/>\nPure pH: 11-13.<br \/>\nRelative density: 1.25 kg\/l.<br \/>\nSolubility: Water soluble.<br \/>\nActive substance concentration: 150 g\/l active chlorine.<\/p>\n<p><strong>PRESENTATION:<\/strong><br \/>\nPlastic containers:<\/p>\n<table>\n<tbody>\n<tr>\n<td>FORMAT<\/td>\n<td>\u00a0 \u00a0 \u00a0 \u00a030 kg<\/td>\n<\/tr>\n<tr>\n<td>CODE<\/td>\n<td>\u00a0 \u00a0002HIP30<\/td>\n<\/tr>\n<\/tbody>\n<\/table>","protected":false},"excerpt":{"rendered":"<h3>H-100<\/h3>\n<p class=\"Estndar\"><span lang=\"es\" xml:lang=\"es\">Auxiliary laundry destainer based on chlorine for white clohtes  specially indicated for use in healthcare, commercial and on premise laundries.<\/span><\/p>\n<p class=\"Estndar\"><span lang=\"es\" xml:lang=\"es\">Il a des propri\u00e9t\u00e9s desoxydants, d\u00e9sodorissants, blanchissants et d\u00e9tachants.\u00a0<\/span>It can be in use in chlorine color resistan clothes such as hospital theatre.<\/p>","protected":false},"featured_media":4193,"template":"","meta":{"neve_meta_sidebar":"","neve_meta_container":"","neve_meta_enable_content_width":"off","neve_meta_content_width":100,"neve_meta_title_alignment":"","neve_meta_author_avatar":"","neve_post_elements_order":"","neve_meta_disable_header":"","neve_meta_disable_footer":"","neve_meta_disable_title":""},"product_brand":[],"product_cat":[394,369],"product_tag":[],"class_list":{"0":"post-2822","1":"product","2":"type-product","3":"status-publish","4":"has-post-thumbnail","6":"product_cat-dosificacion-automatica","7":"product_cat-lavanderia","9":"first","10":"instock","11":"shipping-taxable","12":"product-type-simple"},"yoast_head":"<!-- This site is optimized with the Yoast SEO plugin v27.0 - https:\/\/yoast.com\/product\/yoast-seo-wordpress\/ -->\n<title>H-100. Blanqueador Clorado - Dermo | F\u00e1brica de detergentes<\/title>\n<meta name=\"robots\" content=\"index, follow, max-snippet:-1, max-image-preview:large, max-video-preview:-1\" \/>\n<link rel=\"canonical\" href=\"https:\/\/dermo.com\/en\/catalog\/h-100\/\" \/>\n<meta property=\"og:locale\" content=\"en_GB\" \/>\n<meta property=\"og:type\" content=\"article\" \/>\n<meta property=\"og:title\" content=\"H-100. Blanqueador Clorado - Dermo | F\u00e1brica de detergentes\" \/>\n<meta property=\"og:description\" content=\"H-100 Blanqueador auxiliar de lavado de ropa blanca especialmente indicado para su uso en lavander\u00edas comerciales, centros hospitalarios, etc. Tiene propiedades oxidantes, desodorizantes, blanqueadoras y quitamanchas.\u00a0Puede utilizarse en ropas de color resistentes al cloro tales como ropa para quir\u00f3fano.\" \/>\n<meta property=\"og:url\" content=\"https:\/\/dermo.com\/en\/catalog\/h-100\/\" \/>\n<meta property=\"og:site_name\" content=\"Dermo | F\u00e1brica de detergentes\" \/>\n<meta property=\"article:modified_time\" content=\"2024-09-10T07:40:50+00:00\" \/>\n<meta property=\"og:image\" content=\"https:\/\/dermo.com\/wp-content\/uploads\/2015\/08\/H-100.-Blanqueador-Clorado.png\" \/>\n\t<meta property=\"og:image:width\" content=\"768\" \/>\n\t<meta property=\"og:image:height\" content=\"823\" \/>\n\t<meta property=\"og:image:type\" content=\"image\/png\" \/>\n<meta name=\"twitter:card\" content=\"summary_large_image\" \/>\n<meta name=\"twitter:label1\" content=\"Estimated reading time\" \/>\n\t<meta name=\"twitter:data1\" content=\"2 minutes\" \/>\n<script type=\"application\/ld+json\" class=\"yoast-schema-graph\">{\"@context\":\"https:\/\/schema.org\",\"@graph\":[{\"@type\":\"WebPage\",\"@id\":\"https:\/\/dermo.com\/catalogo\/h-100\/\",\"url\":\"https:\/\/dermo.com\/catalogo\/h-100\/\",\"name\":\"H-100. Blanqueador Clorado - Dermo | F\u00e1brica de detergentes\",\"isPartOf\":{\"@id\":\"https:\/\/dermo.com\/#website\"},\"primaryImageOfPage\":{\"@id\":\"https:\/\/dermo.com\/catalogo\/h-100\/#primaryimage\"},\"image\":{\"@id\":\"https:\/\/dermo.com\/catalogo\/h-100\/#primaryimage\"},\"thumbnailUrl\":\"https:\/\/dermo.com\/wp-content\/uploads\/2015\/08\/H-100.-Blanqueador-Clorado.png\",\"datePublished\":\"2015-08-07T12:59:14+00:00\",\"dateModified\":\"2024-09-10T07:40:50+00:00\",\"breadcrumb\":{\"@id\":\"https:\/\/dermo.com\/catalogo\/h-100\/#breadcrumb\"},\"inLanguage\":\"en-GB\",\"potentialAction\":[{\"@type\":\"ReadAction\",\"target\":[\"https:\/\/dermo.com\/catalogo\/h-100\/\"]}]},{\"@type\":\"ImageObject\",\"inLanguage\":\"en-GB\",\"@id\":\"https:\/\/dermo.com\/catalogo\/h-100\/#primaryimage\",\"url\":\"https:\/\/dermo.com\/wp-content\/uploads\/2015\/08\/H-100.-Blanqueador-Clorado.png\",\"contentUrl\":\"https:\/\/dermo.com\/wp-content\/uploads\/2015\/08\/H-100.-Blanqueador-Clorado.png\",\"width\":768,\"height\":823},{\"@type\":\"BreadcrumbList\",\"@id\":\"https:\/\/dermo.com\/catalogo\/h-100\/#breadcrumb\",\"itemListElement\":[{\"@type\":\"ListItem\",\"position\":1,\"name\":\"Portada\",\"item\":\"https:\/\/dermo.com\/\"},{\"@type\":\"ListItem\",\"position\":2,\"name\":\"Tienda\",\"item\":\"https:\/\/dermo.com\/tienda\/\"},{\"@type\":\"ListItem\",\"position\":3,\"name\":\"H-100. Blanqueador Clorado\"}]},{\"@type\":\"WebSite\",\"@id\":\"https:\/\/dermo.com\/#website\",\"url\":\"https:\/\/dermo.com\/\",\"name\":\"Dermo | F\u00e1brica de detergentes\",\"description\":\"Tecnolog\u00eda avanzada, investigaci\u00f3n y desarrollo, respeto por el medio ambiente, competencia, formaci\u00f3n constante y alto nivel de profesionalidad en nuestro equipo humano, empe\u00f1ado en preservar la calidad de vida, la protecci\u00f3n del entorno natural contin\u00faan motiv\u00e1ndonos para desarrollar en nuestros laboratorios nuevos productos con ingredientes activos altamente biodegradables que hacen posible un desarrollo sostenible.\",\"potentialAction\":[{\"@type\":\"SearchAction\",\"target\":{\"@type\":\"EntryPoint\",\"urlTemplate\":\"https:\/\/dermo.com\/?s={search_term_string}\"},\"query-input\":{\"@type\":\"PropertyValueSpecification\",\"valueRequired\":true,\"valueName\":\"search_term_string\"}}],\"inLanguage\":\"en-GB\"}]}<\/script>\n<!-- \/ Yoast SEO plugin. -->","yoast_head_json":{"title":"H-100. Chlorine Bleach - Dermo | Detergent Factory","robots":{"index":"index","follow":"follow","max-snippet":"max-snippet:-1","max-image-preview":"max-image-preview:large","max-video-preview":"max-video-preview:-1"},"canonical":"https:\/\/dermo.com\/en\/catalog\/h-100\/","og_locale":"en_GB","og_type":"article","og_title":"H-100. Blanqueador Clorado - Dermo | F\u00e1brica de detergentes","og_description":"H-100 Blanqueador auxiliar de lavado de ropa blanca especialmente indicado para su uso en lavander\u00edas comerciales, centros hospitalarios, etc. Tiene propiedades oxidantes, desodorizantes, blanqueadoras y quitamanchas.\u00a0Puede utilizarse en ropas de color resistentes al cloro tales como ropa para quir\u00f3fano.","og_url":"https:\/\/dermo.com\/en\/catalog\/h-100\/","og_site_name":"Dermo | F\u00e1brica de detergentes","article_modified_time":"2024-09-10T07:40:50+00:00","og_image":[{"width":768,"height":823,"url":"https:\/\/dermo.com\/wp-content\/uploads\/2015\/08\/H-100.-Blanqueador-Clorado.png","type":"image\/png"}],"twitter_card":"summary_large_image","twitter_misc":{"Estimated reading time":"2 minutes"},"schema":{"@context":"https:\/\/schema.org","@graph":[{"@type":"WebPage","@id":"https:\/\/dermo.com\/catalogo\/h-100\/","url":"https:\/\/dermo.com\/catalogo\/h-100\/","name":"H-100. Chlorine Bleach - Dermo | Detergent Factory","isPartOf":{"@id":"https:\/\/dermo.com\/#website"},"primaryImageOfPage":{"@id":"https:\/\/dermo.com\/catalogo\/h-100\/#primaryimage"},"image":{"@id":"https:\/\/dermo.com\/catalogo\/h-100\/#primaryimage"},"thumbnailUrl":"https:\/\/dermo.com\/wp-content\/uploads\/2015\/08\/H-100.-Blanqueador-Clorado.png","datePublished":"2015-08-07T12:59:14+00:00","dateModified":"2024-09-10T07:40:50+00:00","breadcrumb":{"@id":"https:\/\/dermo.com\/catalogo\/h-100\/#breadcrumb"},"inLanguage":"en-GB","potentialAction":[{"@type":"ReadAction","target":["https:\/\/dermo.com\/catalogo\/h-100\/"]}]},{"@type":"ImageObject","inLanguage":"en-GB","@id":"https:\/\/dermo.com\/catalogo\/h-100\/#primaryimage","url":"https:\/\/dermo.com\/wp-content\/uploads\/2015\/08\/H-100.-Blanqueador-Clorado.png","contentUrl":"https:\/\/dermo.com\/wp-content\/uploads\/2015\/08\/H-100.-Blanqueador-Clorado.png","width":768,"height":823},{"@type":"BreadcrumbList","@id":"https:\/\/dermo.com\/catalogo\/h-100\/#breadcrumb","itemListElement":[{"@type":"ListItem","position":1,"name":"Portada","item":"https:\/\/dermo.com\/"},{"@type":"ListItem","position":2,"name":"Tienda","item":"https:\/\/dermo.com\/tienda\/"},{"@type":"ListItem","position":3,"name":"H-100. Blanqueador Clorado"}]},{"@type":"WebSite","@id":"https:\/\/dermo.com\/#website","url":"https:\/\/dermo.com\/","name":"Dermo | detergent factory","description":"Advanced technology, research and development, respect for the environment, competence, constant training and a high level of professionalism in our team, committed to preserving the quality of life and protecting the natural environment, continue to motivate us to develop new products in our laboratories with highly biodegradable active ingredients that make sustainable development possible.","potentialAction":[{"@type":"SearchAction","target":{"@type":"EntryPoint","urlTemplate":"https:\/\/dermo.com\/?s={search_term_string}"},"query-input":{"@type":"PropertyValueSpecification","valueRequired":true,"valueName":"search_term_string"}}],"inLanguage":"en-GB"}]}},"_links":{"self":[{"href":"https:\/\/dermo.com\/en\/wp-json\/wp\/v2\/product\/2822","targetHints":{"allow":["GET"]}}],"collection":[{"href":"https:\/\/dermo.com\/en\/wp-json\/wp\/v2\/product"}],"about":[{"href":"https:\/\/dermo.com\/en\/wp-json\/wp\/v2\/types\/product"}],"wp:featuredmedia":[{"embeddable":true,"href":"https:\/\/dermo.com\/en\/wp-json\/wp\/v2\/media\/4193"}],"wp:attachment":[{"href":"https:\/\/dermo.com\/en\/wp-json\/wp\/v2\/media?parent=2822"}],"wp:term":[{"taxonomy":"product_brand","embeddable":true,"href":"https:\/\/dermo.com\/en\/wp-json\/wp\/v2\/product_brand?post=2822"},{"taxonomy":"product_cat","embeddable":true,"href":"https:\/\/dermo.com\/en\/wp-json\/wp\/v2\/product_cat?post=2822"},{"taxonomy":"product_tag","embeddable":true,"href":"https:\/\/dermo.com\/en\/wp-json\/wp\/v2\/product_tag?post=2822"}],"curies":[{"name":"wp","href":"https:\/\/api.w.org\/{rel}","templated":true}]}}