{"id":2848,"date":"2015-10-02T10:09:39","date_gmt":"2015-10-02T10:09:39","guid":{"rendered":"https:\/\/dermo.ultbit.com\/producto\/pink-car-2\/"},"modified":"2025-03-27T16:02:03","modified_gmt":"2025-03-27T15:02:03","slug":"pink-car-2","status":"publish","type":"product","link":"https:\/\/dermo.com\/en\/catalog\/pink-car-2\/","title":{"rendered":"Pink Car. Bodycars and dashboards"},"content":{"rendered":"<p><strong>FORM OF USE:<\/strong><br \/>\nIt can be applied with a cloth or atomizer directly on the surface until to leave it well distributed and dry with a clean and dry cloth.<\/p>\n<p><strong>TECHNICAL CHARACTERISTICS:<\/strong><br \/>\nAspect: Liquid.<br \/>\nColor: Pink.<br \/>\nSmell: Candy.<br \/>\nPure pH: 5.5-7.<br \/>\nDensity: 0.97 \u2013 0.99 g\/cc.<\/p>\n<p><strong>PRESENTATION:<\/strong><br \/>\nPlastic containers:<\/p>\n<table>\n<tbody>\n<tr>\n<td>FORMAT<\/td>\n<td>\u00a0 \u00a0 500g<\/td>\n<\/tr>\n<tr>\n<td>CODE<\/td>\n<td>014PCA00<\/td>\n<\/tr>\n<\/tbody>\n<\/table>","protected":false},"excerpt":{"rendered":"<h3>Pink Car<\/h3>\n<p>Car dashboards and bodycar cleaner with anti-dust effect that renews and revitalizes the treated areas giving a new car effect of long duration. Protects and renews car dashboards and all plastic surfaces, rubber or other synthetic material such as leather, vinyl or leatherette. Contains additives that protect and highlight their natural appearance.<\/p>\n<table>\n<tbody>\n<tr>\n<td style=\"width: 50%;\">\n<div class=\"video-section\">\n<p class=\"Estndar\"><span lang=\"es\" xml:lang=\"es\"><strong>Car cleaning application videos:<\/strong><\/span><\/p>\n<details>\n<summary>Application Video \u2013 Spanish<\/summary>\n<p><iframe src=\"https:\/\/www.youtube.com\/embed\/AwxX1xUlZu0?rel=0\"><\/iframe><\/p>\n<\/details>\n<details>\n<summary>Application Video \u2013 English<\/summary>\n<p><iframe src=\"https:\/\/www.youtube.com\/embed\/GRHLn3jhLAA?rel=0\"><\/iframe><\/p>\n<\/details>\n<details>\n<summary>Application Video \u2013 French<\/summary>\n<p><iframe src=\"https:\/\/www.youtube.com\/embed\/N6jabX3rGnI?rel=0\"><\/iframe><\/p>\n<\/details>\n<details>\n<summary>Application Video \u2013 Portuguese<\/summary>\n<p><iframe src=\"https:\/\/www.youtube.com\/embed\/4vIn6eKuydI?rel=0\"><\/iframe><\/p>\n<\/details>\n<\/div>\n<\/td>\n<\/tr>\n<\/tbody>\n<\/table>","protected":false},"featured_media":3967,"template":"","meta":{"neve_meta_sidebar":"","neve_meta_container":"","neve_meta_enable_content_width":"off","neve_meta_content_width":100,"neve_meta_title_alignment":"","neve_meta_author_avatar":"","neve_post_elements_order":"","neve_meta_disable_header":"","neve_meta_disable_footer":"","neve_meta_disable_title":""},"product_brand":[],"product_cat":[378,385,366],"product_tag":[],"class_list":{"0":"post-2848","1":"product","2":"type-product","3":"status-publish","4":"has-post-thumbnail","6":"product_cat-industria-y-automocion","7":"product_cat-industria-y-automocion-productos","8":"product_cat-sectores","10":"first","11":"instock","12":"shipping-taxable","13":"product-type-simple"},"yoast_head":"<!-- This site is optimized with the Yoast SEO plugin v27.0 - https:\/\/yoast.com\/product\/yoast-seo-wordpress\/ -->\n<title>Pink Car. Carrocer\u00edas y salpicaderos - Dermo | F\u00e1brica de detergentes<\/title>\n<meta name=\"robots\" content=\"index, follow, max-snippet:-1, max-image-preview:large, max-video-preview:-1\" \/>\n<link rel=\"canonical\" href=\"https:\/\/dermo.com\/en\/catalog\/pink-car-2\/\" \/>\n<meta property=\"og:locale\" content=\"en_GB\" \/>\n<meta property=\"og:type\" content=\"article\" \/>\n<meta property=\"og:title\" content=\"Pink Car. Carrocer\u00edas y salpicaderos - Dermo | F\u00e1brica de detergentes\" \/>\n<meta property=\"og:description\" content=\"Pink Car Limpiador de salpicaderos y carrocer\u00edas de autom\u00f3viles con efecto antipolvo que renueva y revitaliza las zonas tratadas, dando un efecto de coche nuevo de larga duraci\u00f3n. Contiene aditivos que protegen y resaltan su aspecto natural.      V\u00eddeos de aplicaci\u00f3n limpieza de coche:  V\u00eddeo de Aplicaci\u00f3n - Espa\u00f1ol  V\u00eddeo de Aplicaci\u00f3n - Ingl\u00e9s  V\u00eddeo de Aplicaci\u00f3n - Franc\u00e9s  V\u00eddeo de Aplicaci\u00f3n - Portugu\u00e9s\" \/>\n<meta property=\"og:url\" content=\"https:\/\/dermo.com\/en\/catalog\/pink-car-2\/\" \/>\n<meta property=\"og:site_name\" content=\"Dermo | F\u00e1brica de detergentes\" \/>\n<meta property=\"article:modified_time\" content=\"2025-03-27T15:02:03+00:00\" \/>\n<meta property=\"og:image\" content=\"https:\/\/dermo.com\/wp-content\/uploads\/2015\/10\/Tropic-Style.-Amb-1.png\" \/>\n\t<meta property=\"og:image:width\" content=\"547\" \/>\n\t<meta property=\"og:image:height\" content=\"547\" \/>\n\t<meta property=\"og:image:type\" content=\"image\/png\" \/>\n<meta name=\"twitter:card\" content=\"summary_large_image\" \/>\n<meta name=\"twitter:label1\" content=\"Estimated reading time\" \/>\n\t<meta name=\"twitter:data1\" content=\"1 minute\" \/>\n<script type=\"application\/ld+json\" class=\"yoast-schema-graph\">{\"@context\":\"https:\/\/schema.org\",\"@graph\":[{\"@type\":\"WebPage\",\"@id\":\"https:\/\/dermo.com\/catalogo\/pink-car-2\/\",\"url\":\"https:\/\/dermo.com\/catalogo\/pink-car-2\/\",\"name\":\"Pink Car. Carrocer\u00edas y salpicaderos - Dermo | F\u00e1brica de detergentes\",\"isPartOf\":{\"@id\":\"https:\/\/dermo.com\/#website\"},\"primaryImageOfPage\":{\"@id\":\"https:\/\/dermo.com\/catalogo\/pink-car-2\/#primaryimage\"},\"image\":{\"@id\":\"https:\/\/dermo.com\/catalogo\/pink-car-2\/#primaryimage\"},\"thumbnailUrl\":\"https:\/\/dermo.com\/wp-content\/uploads\/2015\/10\/Tropic-Style.-Amb-1.png\",\"datePublished\":\"2015-10-02T10:09:39+00:00\",\"dateModified\":\"2025-03-27T15:02:03+00:00\",\"breadcrumb\":{\"@id\":\"https:\/\/dermo.com\/catalogo\/pink-car-2\/#breadcrumb\"},\"inLanguage\":\"en-GB\",\"potentialAction\":[{\"@type\":\"ReadAction\",\"target\":[\"https:\/\/dermo.com\/catalogo\/pink-car-2\/\"]}]},{\"@type\":\"ImageObject\",\"inLanguage\":\"en-GB\",\"@id\":\"https:\/\/dermo.com\/catalogo\/pink-car-2\/#primaryimage\",\"url\":\"https:\/\/dermo.com\/wp-content\/uploads\/2015\/10\/Tropic-Style.-Amb-1.png\",\"contentUrl\":\"https:\/\/dermo.com\/wp-content\/uploads\/2015\/10\/Tropic-Style.-Amb-1.png\",\"width\":547,\"height\":547},{\"@type\":\"BreadcrumbList\",\"@id\":\"https:\/\/dermo.com\/catalogo\/pink-car-2\/#breadcrumb\",\"itemListElement\":[{\"@type\":\"ListItem\",\"position\":1,\"name\":\"Portada\",\"item\":\"https:\/\/dermo.com\/\"},{\"@type\":\"ListItem\",\"position\":2,\"name\":\"Tienda\",\"item\":\"https:\/\/dermo.com\/tienda\/\"},{\"@type\":\"ListItem\",\"position\":3,\"name\":\"Pink Car. Carrocer\u00edas y salpicaderos\"}]},{\"@type\":\"WebSite\",\"@id\":\"https:\/\/dermo.com\/#website\",\"url\":\"https:\/\/dermo.com\/\",\"name\":\"Dermo | F\u00e1brica de detergentes\",\"description\":\"Tecnolog\u00eda avanzada, investigaci\u00f3n y desarrollo, respeto por el medio ambiente, competencia, formaci\u00f3n constante y alto nivel de profesionalidad en nuestro equipo humano, empe\u00f1ado en preservar la calidad de vida, la protecci\u00f3n del entorno natural contin\u00faan motiv\u00e1ndonos para desarrollar en nuestros laboratorios nuevos productos con ingredientes activos altamente biodegradables que hacen posible un desarrollo sostenible.\",\"potentialAction\":[{\"@type\":\"SearchAction\",\"target\":{\"@type\":\"EntryPoint\",\"urlTemplate\":\"https:\/\/dermo.com\/?s={search_term_string}\"},\"query-input\":{\"@type\":\"PropertyValueSpecification\",\"valueRequired\":true,\"valueName\":\"search_term_string\"}}],\"inLanguage\":\"en-GB\"}]}<\/script>\n<!-- \/ Yoast SEO plugin. -->","yoast_head_json":{"title":"Pink Car. Bodywork and dashboards - Dermo | Detergent factory","robots":{"index":"index","follow":"follow","max-snippet":"max-snippet:-1","max-image-preview":"max-image-preview:large","max-video-preview":"max-video-preview:-1"},"canonical":"https:\/\/dermo.com\/en\/catalog\/pink-car-2\/","og_locale":"en_GB","og_type":"article","og_title":"Pink Car. Carrocer\u00edas y salpicaderos - Dermo | F\u00e1brica de detergentes","og_description":"Pink Car Limpiador de salpicaderos y carrocer\u00edas de autom\u00f3viles con efecto antipolvo que renueva y revitaliza las zonas tratadas, dando un efecto de coche nuevo de larga duraci\u00f3n. Contiene aditivos que protegen y resaltan su aspecto natural.      V\u00eddeos de aplicaci\u00f3n limpieza de coche:  V\u00eddeo de Aplicaci\u00f3n - Espa\u00f1ol  V\u00eddeo de Aplicaci\u00f3n - Ingl\u00e9s  V\u00eddeo de Aplicaci\u00f3n - Franc\u00e9s  V\u00eddeo de Aplicaci\u00f3n - Portugu\u00e9s","og_url":"https:\/\/dermo.com\/en\/catalog\/pink-car-2\/","og_site_name":"Dermo | F\u00e1brica de detergentes","article_modified_time":"2025-03-27T15:02:03+00:00","og_image":[{"width":547,"height":547,"url":"https:\/\/dermo.com\/wp-content\/uploads\/2015\/10\/Tropic-Style.-Amb-1.png","type":"image\/png"}],"twitter_card":"summary_large_image","twitter_misc":{"Estimated reading time":"1 minute"},"schema":{"@context":"https:\/\/schema.org","@graph":[{"@type":"WebPage","@id":"https:\/\/dermo.com\/catalogo\/pink-car-2\/","url":"https:\/\/dermo.com\/catalogo\/pink-car-2\/","name":"Pink Car. Bodywork and dashboards - Dermo | Detergent factory","isPartOf":{"@id":"https:\/\/dermo.com\/#website"},"primaryImageOfPage":{"@id":"https:\/\/dermo.com\/catalogo\/pink-car-2\/#primaryimage"},"image":{"@id":"https:\/\/dermo.com\/catalogo\/pink-car-2\/#primaryimage"},"thumbnailUrl":"https:\/\/dermo.com\/wp-content\/uploads\/2015\/10\/Tropic-Style.-Amb-1.png","datePublished":"2015-10-02T10:09:39+00:00","dateModified":"2025-03-27T15:02:03+00:00","breadcrumb":{"@id":"https:\/\/dermo.com\/catalogo\/pink-car-2\/#breadcrumb"},"inLanguage":"en-GB","potentialAction":[{"@type":"ReadAction","target":["https:\/\/dermo.com\/catalogo\/pink-car-2\/"]}]},{"@type":"ImageObject","inLanguage":"en-GB","@id":"https:\/\/dermo.com\/catalogo\/pink-car-2\/#primaryimage","url":"https:\/\/dermo.com\/wp-content\/uploads\/2015\/10\/Tropic-Style.-Amb-1.png","contentUrl":"https:\/\/dermo.com\/wp-content\/uploads\/2015\/10\/Tropic-Style.-Amb-1.png","width":547,"height":547},{"@type":"BreadcrumbList","@id":"https:\/\/dermo.com\/catalogo\/pink-car-2\/#breadcrumb","itemListElement":[{"@type":"ListItem","position":1,"name":"Portada","item":"https:\/\/dermo.com\/"},{"@type":"ListItem","position":2,"name":"Tienda","item":"https:\/\/dermo.com\/tienda\/"},{"@type":"ListItem","position":3,"name":"Pink Car. Carrocer\u00edas y salpicaderos"}]},{"@type":"WebSite","@id":"https:\/\/dermo.com\/#website","url":"https:\/\/dermo.com\/","name":"Dermo | detergent factory","description":"Advanced technology, research and development, respect for the environment, competence, constant training and a high level of professionalism in our team, committed to preserving the quality of life and protecting the natural environment, continue to motivate us to develop new products in our laboratories with highly biodegradable active ingredients that make sustainable development possible.","potentialAction":[{"@type":"SearchAction","target":{"@type":"EntryPoint","urlTemplate":"https:\/\/dermo.com\/?s={search_term_string}"},"query-input":{"@type":"PropertyValueSpecification","valueRequired":true,"valueName":"search_term_string"}}],"inLanguage":"en-GB"}]}},"_links":{"self":[{"href":"https:\/\/dermo.com\/en\/wp-json\/wp\/v2\/product\/2848","targetHints":{"allow":["GET"]}}],"collection":[{"href":"https:\/\/dermo.com\/en\/wp-json\/wp\/v2\/product"}],"about":[{"href":"https:\/\/dermo.com\/en\/wp-json\/wp\/v2\/types\/product"}],"wp:featuredmedia":[{"embeddable":true,"href":"https:\/\/dermo.com\/en\/wp-json\/wp\/v2\/media\/3967"}],"wp:attachment":[{"href":"https:\/\/dermo.com\/en\/wp-json\/wp\/v2\/media?parent=2848"}],"wp:term":[{"taxonomy":"product_brand","embeddable":true,"href":"https:\/\/dermo.com\/en\/wp-json\/wp\/v2\/product_brand?post=2848"},{"taxonomy":"product_cat","embeddable":true,"href":"https:\/\/dermo.com\/en\/wp-json\/wp\/v2\/product_cat?post=2848"},{"taxonomy":"product_tag","embeddable":true,"href":"https:\/\/dermo.com\/en\/wp-json\/wp\/v2\/product_tag?post=2848"}],"curies":[{"name":"wp","href":"https:\/\/api.w.org\/{rel}","templated":true}]}}