{"id":2861,"date":"2017-05-19T08:56:22","date_gmt":"2017-05-19T08:56:22","guid":{"rendered":"https:\/\/dermo.ultbit.com\/producto\/tropic-style-ambientador-2\/"},"modified":"2025-03-17T09:27:50","modified_gmt":"2025-03-17T08:27:50","slug":"tropic-style-air-freshener-2","status":"publish","type":"product","link":"https:\/\/dermo.com\/en\/catalog\/tropic-style-air-freshener-2\/","title":{"rendered":"Tropic Style. Air freshener"},"content":{"rendered":"<p><strong>DESCRIPTION<\/strong><br \/>\nLiquid air freshener with a special long lasting perfume. Removes unpleasant odours. Purifies the air leaving behind a pleasant smell.<\/p>\n<p><strong>FORM OF USE:<\/strong><br \/>\nSpray pure at the highest possible point.<\/p>\n<p><strong>TECHNICAL CHARACTERISTICS<\/strong><br \/>\nAspect: Transparent Liquid<br \/>\nColor: Colorless.<br \/>\nSmell: Perfume.<br \/>\nDensity: 0.84-0.94 g\/cc.<\/p>\n<p><strong>COMPOSITION<\/strong><br \/>\nAlcohol, emulsifier and perfume.<\/p>\n<p><strong>PRESENTATION<\/strong><br \/>\nPlastic containers:<\/p>\n<table>\n<tbody>\n<tr>\n<td>FORMAT<\/td>\n<td>\u00a0 \u00a0 \u00a0500 ml<\/td>\n<\/tr>\n<tr>\n<td>CODE<\/td>\n<td>\u00a0 \u00a0005TST00<\/td>\n<\/tr>\n<\/tbody>\n<\/table>\n<p><strong>SAFETY \/ TOXICOLOGY<\/strong><br \/>\nFlammable product. Irritating to eyes. Keep away from heat sources.<br \/>\nDuring storage, keep the container tightly closed.<br \/>\nIn case of accident, consult the Medical Toxicology Information Service. Tel.: 915 620 420.<\/p>\n<p><strong>ADDITIONAL INFORMATION<\/strong><br \/>\nINDUSTRIAL PRODUCT. PROFESSIONAL USE.<\/p>","protected":false},"excerpt":{"rendered":"<h3>Tropic Style<\/h3>\n<p class=\"Estndar\">Liquid air freshener with a special long lasting perfume. Removes unpleasant odours. Purifies the air leaving behind a pleasant smell.<\/p>\n<table>\n<tbody>\n<tr>\n<td style=\"width: 100%;\">\n<div class=\"video-section\">\n<p class=\"Estndar\"><span lang=\"es\" xml:lang=\"es\"><strong>Application Videos of Tropic Air Fresheners:<\/strong><\/span><\/p>\n<details>\n<summary>Application Video \u2013 English<\/summary>\n<p><iframe src=\"https:\/\/www.youtube.com\/embed\/gm5igHf0Iw4?rel=0\"><\/iframe><\/p>\n<\/details>\n<details>\n<summary>Application Video \u2013 Portuguese<\/summary>\n<p><iframe src=\"https:\/\/www.youtube.com\/embed\/q0mEvOE3_Rw?rel=0\"><\/iframe><\/p>\n<\/details>\n<details>\n<summary>Application Video \u2013 French<\/summary>\n<p><iframe src=\"https:\/\/www.youtube.com\/embed\/u4TYu1n9HKc?rel=0\"><\/iframe><\/p>\n<\/details>\n<details>\n<summary>Application Video \u2013 Spanish<\/summary>\n<p><iframe src=\"https:\/\/www.youtube.com\/embed\/xH8vw9CTbww?rel=0\"><\/iframe><\/p>\n<\/details>\n<\/div>\n<\/td>\n<\/tr>\n<\/tbody>\n<\/table>","protected":false},"featured_media":13776,"template":"","meta":{"neve_meta_sidebar":"","neve_meta_container":"","neve_meta_enable_content_width":"off","neve_meta_content_width":100,"neve_meta_title_alignment":"","neve_meta_author_avatar":"","neve_post_elements_order":"","neve_meta_disable_header":"","neve_meta_disable_footer":"","neve_meta_disable_title":""},"product_brand":[],"product_cat":[388,370],"product_tag":[],"class_list":{"0":"post-2861","1":"product","2":"type-product","3":"status-publish","4":"has-post-thumbnail","6":"product_cat-ambientadores","7":"product_cat-hoteles","9":"first","10":"instock","11":"shipping-taxable","12":"product-type-simple"},"yoast_head":"<!-- This site is optimized with the Yoast SEO plugin v27.0 - https:\/\/yoast.com\/product\/yoast-seo-wordpress\/ -->\n<title>Tropic Style. Ambientador - Dermo | F\u00e1brica de detergentes<\/title>\n<meta name=\"robots\" content=\"index, follow, max-snippet:-1, max-image-preview:large, max-video-preview:-1\" \/>\n<link rel=\"canonical\" href=\"https:\/\/dermo.com\/en\/catalog\/tropic-style-air-freshener-2\/\" \/>\n<meta property=\"og:locale\" content=\"en_GB\" \/>\n<meta property=\"og:type\" content=\"article\" \/>\n<meta property=\"og:title\" content=\"Tropic Style. Ambientador - Dermo | F\u00e1brica de detergentes\" \/>\n<meta property=\"og:description\" content=\"Tropic Style Ambientador l\u00edquido con perfume especial de gran resistencia. Hace desaparecer los olores por muy desagradables que sean. Purifica el ambiente dejando un agradable olor.       V\u00eddeos de Aplicaci\u00f3n Ambientadores tropic:  Application Video - English  V\u00eddeo de aplica\u00e7\u00e3o - Portugu\u00eas  Vid\u00e9o d&#039;application - Fran\u00e7ais  V\u00eddeo de Aplicaci\u00f3n - Espa\u00f1ol\" \/>\n<meta property=\"og:url\" content=\"https:\/\/dermo.com\/en\/catalog\/tropic-style-air-freshener-2\/\" \/>\n<meta property=\"og:site_name\" content=\"Dermo | F\u00e1brica de detergentes\" \/>\n<meta property=\"article:modified_time\" content=\"2025-03-17T08:27:50+00:00\" \/>\n<meta property=\"og:image\" content=\"https:\/\/dermo.com\/wp-content\/uploads\/2017\/05\/TROPIC-STYLE-BLACK_DERMO-scaled-e1740129629137.jpg\" \/>\n\t<meta property=\"og:image:width\" content=\"200\" \/>\n\t<meta property=\"og:image:height\" content=\"300\" \/>\n\t<meta property=\"og:image:type\" content=\"image\/jpeg\" \/>\n<meta name=\"twitter:card\" content=\"summary_large_image\" \/>\n<meta name=\"twitter:label1\" content=\"Estimated reading time\" \/>\n\t<meta name=\"twitter:data1\" content=\"1 minute\" \/>\n<script type=\"application\/ld+json\" class=\"yoast-schema-graph\">{\"@context\":\"https:\/\/schema.org\",\"@graph\":[{\"@type\":\"WebPage\",\"@id\":\"https:\/\/dermo.com\/catalogo\/tropic-style-ambientador-2\/\",\"url\":\"https:\/\/dermo.com\/catalogo\/tropic-style-ambientador-2\/\",\"name\":\"Tropic Style. Ambientador - Dermo | F\u00e1brica de detergentes\",\"isPartOf\":{\"@id\":\"https:\/\/dermo.com\/#website\"},\"primaryImageOfPage\":{\"@id\":\"https:\/\/dermo.com\/catalogo\/tropic-style-ambientador-2\/#primaryimage\"},\"image\":{\"@id\":\"https:\/\/dermo.com\/catalogo\/tropic-style-ambientador-2\/#primaryimage\"},\"thumbnailUrl\":\"https:\/\/dermo.com\/wp-content\/uploads\/2017\/05\/TROPIC-STYLE-BLACK_DERMO-scaled-e1740129629137.jpg\",\"datePublished\":\"2017-05-19T08:56:22+00:00\",\"dateModified\":\"2025-03-17T08:27:50+00:00\",\"breadcrumb\":{\"@id\":\"https:\/\/dermo.com\/catalogo\/tropic-style-ambientador-2\/#breadcrumb\"},\"inLanguage\":\"en-GB\",\"potentialAction\":[{\"@type\":\"ReadAction\",\"target\":[\"https:\/\/dermo.com\/catalogo\/tropic-style-ambientador-2\/\"]}]},{\"@type\":\"ImageObject\",\"inLanguage\":\"en-GB\",\"@id\":\"https:\/\/dermo.com\/catalogo\/tropic-style-ambientador-2\/#primaryimage\",\"url\":\"https:\/\/dermo.com\/wp-content\/uploads\/2017\/05\/TROPIC-STYLE-BLACK_DERMO-scaled-e1740129629137.jpg\",\"contentUrl\":\"https:\/\/dermo.com\/wp-content\/uploads\/2017\/05\/TROPIC-STYLE-BLACK_DERMO-scaled-e1740129629137.jpg\",\"width\":200,\"height\":300},{\"@type\":\"BreadcrumbList\",\"@id\":\"https:\/\/dermo.com\/catalogo\/tropic-style-ambientador-2\/#breadcrumb\",\"itemListElement\":[{\"@type\":\"ListItem\",\"position\":1,\"name\":\"Portada\",\"item\":\"https:\/\/dermo.com\/\"},{\"@type\":\"ListItem\",\"position\":2,\"name\":\"Tienda\",\"item\":\"https:\/\/dermo.com\/tienda\/\"},{\"@type\":\"ListItem\",\"position\":3,\"name\":\"Tropic Style. Ambientador\"}]},{\"@type\":\"WebSite\",\"@id\":\"https:\/\/dermo.com\/#website\",\"url\":\"https:\/\/dermo.com\/\",\"name\":\"Dermo | F\u00e1brica de detergentes\",\"description\":\"Tecnolog\u00eda avanzada, investigaci\u00f3n y desarrollo, respeto por el medio ambiente, competencia, formaci\u00f3n constante y alto nivel de profesionalidad en nuestro equipo humano, empe\u00f1ado en preservar la calidad de vida, la protecci\u00f3n del entorno natural contin\u00faan motiv\u00e1ndonos para desarrollar en nuestros laboratorios nuevos productos con ingredientes activos altamente biodegradables que hacen posible un desarrollo sostenible.\",\"potentialAction\":[{\"@type\":\"SearchAction\",\"target\":{\"@type\":\"EntryPoint\",\"urlTemplate\":\"https:\/\/dermo.com\/?s={search_term_string}\"},\"query-input\":{\"@type\":\"PropertyValueSpecification\",\"valueRequired\":true,\"valueName\":\"search_term_string\"}}],\"inLanguage\":\"en-GB\"}]}<\/script>\n<!-- \/ Yoast SEO plugin. -->","yoast_head_json":{"title":"Tropic Style. Air freshener - Dermo | Detergent factory","robots":{"index":"index","follow":"follow","max-snippet":"max-snippet:-1","max-image-preview":"max-image-preview:large","max-video-preview":"max-video-preview:-1"},"canonical":"https:\/\/dermo.com\/en\/catalog\/tropic-style-air-freshener-2\/","og_locale":"en_GB","og_type":"article","og_title":"Tropic Style. Ambientador - Dermo | F\u00e1brica de detergentes","og_description":"Tropic Style Ambientador l\u00edquido con perfume especial de gran resistencia. Hace desaparecer los olores por muy desagradables que sean. Purifica el ambiente dejando un agradable olor.       V\u00eddeos de Aplicaci\u00f3n Ambientadores tropic:  Application Video - English  V\u00eddeo de aplica\u00e7\u00e3o - Portugu\u00eas  Vid\u00e9o d'application - Fran\u00e7ais  V\u00eddeo de Aplicaci\u00f3n - Espa\u00f1ol","og_url":"https:\/\/dermo.com\/en\/catalog\/tropic-style-air-freshener-2\/","og_site_name":"Dermo | F\u00e1brica de detergentes","article_modified_time":"2025-03-17T08:27:50+00:00","og_image":[{"width":200,"height":300,"url":"https:\/\/dermo.com\/wp-content\/uploads\/2017\/05\/TROPIC-STYLE-BLACK_DERMO-scaled-e1740129629137.jpg","type":"image\/jpeg"}],"twitter_card":"summary_large_image","twitter_misc":{"Estimated reading time":"1 minute"},"schema":{"@context":"https:\/\/schema.org","@graph":[{"@type":"WebPage","@id":"https:\/\/dermo.com\/catalogo\/tropic-style-ambientador-2\/","url":"https:\/\/dermo.com\/catalogo\/tropic-style-ambientador-2\/","name":"Tropic Style. Air freshener - Dermo | Detergent factory","isPartOf":{"@id":"https:\/\/dermo.com\/#website"},"primaryImageOfPage":{"@id":"https:\/\/dermo.com\/catalogo\/tropic-style-ambientador-2\/#primaryimage"},"image":{"@id":"https:\/\/dermo.com\/catalogo\/tropic-style-ambientador-2\/#primaryimage"},"thumbnailUrl":"https:\/\/dermo.com\/wp-content\/uploads\/2017\/05\/TROPIC-STYLE-BLACK_DERMO-scaled-e1740129629137.jpg","datePublished":"2017-05-19T08:56:22+00:00","dateModified":"2025-03-17T08:27:50+00:00","breadcrumb":{"@id":"https:\/\/dermo.com\/catalogo\/tropic-style-ambientador-2\/#breadcrumb"},"inLanguage":"en-GB","potentialAction":[{"@type":"ReadAction","target":["https:\/\/dermo.com\/catalogo\/tropic-style-ambientador-2\/"]}]},{"@type":"ImageObject","inLanguage":"en-GB","@id":"https:\/\/dermo.com\/catalogo\/tropic-style-ambientador-2\/#primaryimage","url":"https:\/\/dermo.com\/wp-content\/uploads\/2017\/05\/TROPIC-STYLE-BLACK_DERMO-scaled-e1740129629137.jpg","contentUrl":"https:\/\/dermo.com\/wp-content\/uploads\/2017\/05\/TROPIC-STYLE-BLACK_DERMO-scaled-e1740129629137.jpg","width":200,"height":300},{"@type":"BreadcrumbList","@id":"https:\/\/dermo.com\/catalogo\/tropic-style-ambientador-2\/#breadcrumb","itemListElement":[{"@type":"ListItem","position":1,"name":"Portada","item":"https:\/\/dermo.com\/"},{"@type":"ListItem","position":2,"name":"Tienda","item":"https:\/\/dermo.com\/tienda\/"},{"@type":"ListItem","position":3,"name":"Tropic Style. Ambientador"}]},{"@type":"WebSite","@id":"https:\/\/dermo.com\/#website","url":"https:\/\/dermo.com\/","name":"Dermo | detergent factory","description":"Advanced technology, research and development, respect for the environment, competence, constant training and a high level of professionalism in our team, committed to preserving the quality of life and protecting the natural environment, continue to motivate us to develop new products in our laboratories with highly biodegradable active ingredients that make sustainable development possible.","potentialAction":[{"@type":"SearchAction","target":{"@type":"EntryPoint","urlTemplate":"https:\/\/dermo.com\/?s={search_term_string}"},"query-input":{"@type":"PropertyValueSpecification","valueRequired":true,"valueName":"search_term_string"}}],"inLanguage":"en-GB"}]}},"_links":{"self":[{"href":"https:\/\/dermo.com\/en\/wp-json\/wp\/v2\/product\/2861","targetHints":{"allow":["GET"]}}],"collection":[{"href":"https:\/\/dermo.com\/en\/wp-json\/wp\/v2\/product"}],"about":[{"href":"https:\/\/dermo.com\/en\/wp-json\/wp\/v2\/types\/product"}],"wp:featuredmedia":[{"embeddable":true,"href":"https:\/\/dermo.com\/en\/wp-json\/wp\/v2\/media\/13776"}],"wp:attachment":[{"href":"https:\/\/dermo.com\/en\/wp-json\/wp\/v2\/media?parent=2861"}],"wp:term":[{"taxonomy":"product_brand","embeddable":true,"href":"https:\/\/dermo.com\/en\/wp-json\/wp\/v2\/product_brand?post=2861"},{"taxonomy":"product_cat","embeddable":true,"href":"https:\/\/dermo.com\/en\/wp-json\/wp\/v2\/product_cat?post=2861"},{"taxonomy":"product_tag","embeddable":true,"href":"https:\/\/dermo.com\/en\/wp-json\/wp\/v2\/product_tag?post=2861"}],"curies":[{"name":"wp","href":"https:\/\/api.w.org\/{rel}","templated":true}]}}