{"id":2877,"date":"2018-02-02T10:16:20","date_gmt":"2018-02-02T10:16:20","guid":{"rendered":"https:\/\/dermo.ultbit.com\/producto\/gel-activo-black-detergente-liquido-2\/"},"modified":"2024-09-10T09:29:53","modified_gmt":"2024-09-10T07:29:53","slug":"gel-active-black-liquid-detergent-2","status":"publish","type":"product","link":"https:\/\/dermo.com\/en\/catalog\/gel-active-black-liquid-detergent-2\/","title":{"rendered":"Black Active Gel. Liquid Detergent"},"content":{"rendered":"<p><strong>FORM OF USE:<\/strong><br \/>\nFrom 10 to 25 g  per kg of dry cloth, depending on the filthiness of it, on the washing system and water hardness.<\/p>\n<p><strong>TECHNICAL CHARACTERISTICS:<\/strong><br \/>\nAspect: Thick Liquid.<br \/>\nColor: Blue.<br \/>\nSmell: Perfume.<br \/>\nPure pH: 8.5 \u2013 9.5.<br \/>\nSolubility: Water soluble.<br \/>\nConcentration in active substance: 10 \u2013 15%<\/p>\n<p><strong>PRESENTATION:<\/strong><br \/>\nPlastic containers:<\/p>\n<table>\n<tbody>\n<tr>\n<td>FORMAT<\/td>\n<td>\u00a0 \u00a0 \u00a0 \u00a05kg<\/td>\n<\/tr>\n<tr>\n<td>CODE<\/td>\n<td>\u00a0 \u00a0001GAB05<\/td>\n<\/tr>\n<\/tbody>\n<\/table>","protected":false},"excerpt":{"rendered":"<h3>Black Active Gel<\/h3>\n<p class=\"Estndar\"><span lang=\"es\" xml:lang=\"es\">High concentration liquid detergent for black clothes, for machine and hand washing.<\/span><\/p>\n<p class=\"Estndar\"><span lang=\"es\" xml:lang=\"es\">Its high concentration in active ingredients, make the product ideal to eliminate the dirt in all kinds of fibers besides. Being a liquid detergent, it provides higher degree of softness to the fibres, as well as preventing any remain of solid detergent on the clothes.<\/span><\/p>","protected":false},"featured_media":4184,"template":"","meta":{"neve_meta_sidebar":"","neve_meta_container":"","neve_meta_enable_content_width":"off","neve_meta_content_width":100,"neve_meta_title_alignment":"","neve_meta_author_avatar":"","neve_post_elements_order":"","neve_meta_disable_header":"","neve_meta_disable_footer":"","neve_meta_disable_title":""},"product_brand":[],"product_cat":[391,372,370,369],"product_tag":[],"class_list":{"0":"post-2877","1":"product","2":"type-product","3":"status-publish","4":"has-post-thumbnail","6":"product_cat-detergente-liquido","7":"product_cat-geriatricos","8":"product_cat-hoteles","9":"product_cat-lavanderia","11":"first","12":"instock","13":"shipping-taxable","14":"product-type-simple"},"yoast_head":"<!-- This site is optimized with the Yoast SEO plugin v27.0 - https:\/\/yoast.com\/product\/yoast-seo-wordpress\/ -->\n<title>Gel Activo Black. Detergente L\u00edquido - Dermo | F\u00e1brica de detergentes<\/title>\n<meta name=\"robots\" content=\"index, follow, max-snippet:-1, max-image-preview:large, max-video-preview:-1\" \/>\n<link rel=\"canonical\" href=\"https:\/\/dermo.com\/en\/catalog\/gel-active-black-liquid-detergent-2\/\" \/>\n<meta property=\"og:locale\" content=\"en_GB\" \/>\n<meta property=\"og:type\" content=\"article\" \/>\n<meta property=\"og:title\" content=\"Gel Activo Black. Detergente L\u00edquido - Dermo | F\u00e1brica de detergentes\" \/>\n<meta property=\"og:description\" content=\"Gel Activo Black Detergente l\u00edquido para ropa negra, de alta concentraci\u00f3n para ropa negra a mano y a m\u00e1quina. Su alta concentraci\u00f3n en ingredientes activos, hacen el producto ideal para eliminar la suciedad en todo tipo de fibras, adem\u00e1s, al ser l\u00edquido proporciona mayor suavidad a las fibras ya que evita los restos de detergentes s\u00f3lidos sobre la ropa.\" \/>\n<meta property=\"og:url\" content=\"https:\/\/dermo.com\/en\/catalog\/gel-active-black-liquid-detergent-2\/\" \/>\n<meta property=\"og:site_name\" content=\"Dermo | F\u00e1brica de detergentes\" \/>\n<meta property=\"article:modified_time\" content=\"2024-09-10T07:29:53+00:00\" \/>\n<meta property=\"og:image\" content=\"https:\/\/dermo.com\/wp-content\/uploads\/2018\/02\/Gel-Activo-Black.-Detergente-Liquido.png\" \/>\n\t<meta property=\"og:image:width\" content=\"768\" \/>\n\t<meta property=\"og:image:height\" content=\"823\" \/>\n\t<meta property=\"og:image:type\" content=\"image\/png\" \/>\n<meta name=\"twitter:card\" content=\"summary_large_image\" \/>\n<meta name=\"twitter:label1\" content=\"Estimated reading time\" \/>\n\t<meta name=\"twitter:data1\" content=\"1 minute\" \/>\n<script type=\"application\/ld+json\" class=\"yoast-schema-graph\">{\"@context\":\"https:\/\/schema.org\",\"@graph\":[{\"@type\":\"WebPage\",\"@id\":\"https:\/\/dermo.com\/catalogo\/gel-activo-black-detergente-liquido-2\/\",\"url\":\"https:\/\/dermo.com\/catalogo\/gel-activo-black-detergente-liquido-2\/\",\"name\":\"Gel Activo Black. Detergente L\u00edquido - Dermo | F\u00e1brica de detergentes\",\"isPartOf\":{\"@id\":\"https:\/\/dermo.com\/#website\"},\"primaryImageOfPage\":{\"@id\":\"https:\/\/dermo.com\/catalogo\/gel-activo-black-detergente-liquido-2\/#primaryimage\"},\"image\":{\"@id\":\"https:\/\/dermo.com\/catalogo\/gel-activo-black-detergente-liquido-2\/#primaryimage\"},\"thumbnailUrl\":\"https:\/\/dermo.com\/wp-content\/uploads\/2018\/02\/Gel-Activo-Black.-Detergente-Liquido.png\",\"datePublished\":\"2018-02-02T10:16:20+00:00\",\"dateModified\":\"2024-09-10T07:29:53+00:00\",\"breadcrumb\":{\"@id\":\"https:\/\/dermo.com\/catalogo\/gel-activo-black-detergente-liquido-2\/#breadcrumb\"},\"inLanguage\":\"en-GB\",\"potentialAction\":[{\"@type\":\"ReadAction\",\"target\":[\"https:\/\/dermo.com\/catalogo\/gel-activo-black-detergente-liquido-2\/\"]}]},{\"@type\":\"ImageObject\",\"inLanguage\":\"en-GB\",\"@id\":\"https:\/\/dermo.com\/catalogo\/gel-activo-black-detergente-liquido-2\/#primaryimage\",\"url\":\"https:\/\/dermo.com\/wp-content\/uploads\/2018\/02\/Gel-Activo-Black.-Detergente-Liquido.png\",\"contentUrl\":\"https:\/\/dermo.com\/wp-content\/uploads\/2018\/02\/Gel-Activo-Black.-Detergente-Liquido.png\",\"width\":768,\"height\":823},{\"@type\":\"BreadcrumbList\",\"@id\":\"https:\/\/dermo.com\/catalogo\/gel-activo-black-detergente-liquido-2\/#breadcrumb\",\"itemListElement\":[{\"@type\":\"ListItem\",\"position\":1,\"name\":\"Portada\",\"item\":\"https:\/\/dermo.com\/\"},{\"@type\":\"ListItem\",\"position\":2,\"name\":\"Tienda\",\"item\":\"https:\/\/dermo.com\/tienda\/\"},{\"@type\":\"ListItem\",\"position\":3,\"name\":\"Gel Activo Black. Detergente L\u00edquido\"}]},{\"@type\":\"WebSite\",\"@id\":\"https:\/\/dermo.com\/#website\",\"url\":\"https:\/\/dermo.com\/\",\"name\":\"Dermo | F\u00e1brica de detergentes\",\"description\":\"Tecnolog\u00eda avanzada, investigaci\u00f3n y desarrollo, respeto por el medio ambiente, competencia, formaci\u00f3n constante y alto nivel de profesionalidad en nuestro equipo humano, empe\u00f1ado en preservar la calidad de vida, la protecci\u00f3n del entorno natural contin\u00faan motiv\u00e1ndonos para desarrollar en nuestros laboratorios nuevos productos con ingredientes activos altamente biodegradables que hacen posible un desarrollo sostenible.\",\"potentialAction\":[{\"@type\":\"SearchAction\",\"target\":{\"@type\":\"EntryPoint\",\"urlTemplate\":\"https:\/\/dermo.com\/?s={search_term_string}\"},\"query-input\":{\"@type\":\"PropertyValueSpecification\",\"valueRequired\":true,\"valueName\":\"search_term_string\"}}],\"inLanguage\":\"en-GB\"}]}<\/script>\n<!-- \/ Yoast SEO plugin. -->","yoast_head_json":{"title":"Black Active Gel. Liquid Detergent - Dermo | Detergent Factory","robots":{"index":"index","follow":"follow","max-snippet":"max-snippet:-1","max-image-preview":"max-image-preview:large","max-video-preview":"max-video-preview:-1"},"canonical":"https:\/\/dermo.com\/en\/catalog\/gel-active-black-liquid-detergent-2\/","og_locale":"en_GB","og_type":"article","og_title":"Gel Activo Black. Detergente L\u00edquido - Dermo | F\u00e1brica de detergentes","og_description":"Gel Activo Black Detergente l\u00edquido para ropa negra, de alta concentraci\u00f3n para ropa negra a mano y a m\u00e1quina. Su alta concentraci\u00f3n en ingredientes activos, hacen el producto ideal para eliminar la suciedad en todo tipo de fibras, adem\u00e1s, al ser l\u00edquido proporciona mayor suavidad a las fibras ya que evita los restos de detergentes s\u00f3lidos sobre la ropa.","og_url":"https:\/\/dermo.com\/en\/catalog\/gel-active-black-liquid-detergent-2\/","og_site_name":"Dermo | F\u00e1brica de detergentes","article_modified_time":"2024-09-10T07:29:53+00:00","og_image":[{"width":768,"height":823,"url":"https:\/\/dermo.com\/wp-content\/uploads\/2018\/02\/Gel-Activo-Black.-Detergente-Liquido.png","type":"image\/png"}],"twitter_card":"summary_large_image","twitter_misc":{"Estimated reading time":"1 minute"},"schema":{"@context":"https:\/\/schema.org","@graph":[{"@type":"WebPage","@id":"https:\/\/dermo.com\/catalogo\/gel-activo-black-detergente-liquido-2\/","url":"https:\/\/dermo.com\/catalogo\/gel-activo-black-detergente-liquido-2\/","name":"Black Active Gel. Liquid Detergent - Dermo | Detergent Factory","isPartOf":{"@id":"https:\/\/dermo.com\/#website"},"primaryImageOfPage":{"@id":"https:\/\/dermo.com\/catalogo\/gel-activo-black-detergente-liquido-2\/#primaryimage"},"image":{"@id":"https:\/\/dermo.com\/catalogo\/gel-activo-black-detergente-liquido-2\/#primaryimage"},"thumbnailUrl":"https:\/\/dermo.com\/wp-content\/uploads\/2018\/02\/Gel-Activo-Black.-Detergente-Liquido.png","datePublished":"2018-02-02T10:16:20+00:00","dateModified":"2024-09-10T07:29:53+00:00","breadcrumb":{"@id":"https:\/\/dermo.com\/catalogo\/gel-activo-black-detergente-liquido-2\/#breadcrumb"},"inLanguage":"en-GB","potentialAction":[{"@type":"ReadAction","target":["https:\/\/dermo.com\/catalogo\/gel-activo-black-detergente-liquido-2\/"]}]},{"@type":"ImageObject","inLanguage":"en-GB","@id":"https:\/\/dermo.com\/catalogo\/gel-activo-black-detergente-liquido-2\/#primaryimage","url":"https:\/\/dermo.com\/wp-content\/uploads\/2018\/02\/Gel-Activo-Black.-Detergente-Liquido.png","contentUrl":"https:\/\/dermo.com\/wp-content\/uploads\/2018\/02\/Gel-Activo-Black.-Detergente-Liquido.png","width":768,"height":823},{"@type":"BreadcrumbList","@id":"https:\/\/dermo.com\/catalogo\/gel-activo-black-detergente-liquido-2\/#breadcrumb","itemListElement":[{"@type":"ListItem","position":1,"name":"Portada","item":"https:\/\/dermo.com\/"},{"@type":"ListItem","position":2,"name":"Tienda","item":"https:\/\/dermo.com\/tienda\/"},{"@type":"ListItem","position":3,"name":"Gel Activo Black. Detergente L\u00edquido"}]},{"@type":"WebSite","@id":"https:\/\/dermo.com\/#website","url":"https:\/\/dermo.com\/","name":"Dermo | detergent factory","description":"Advanced technology, research and development, respect for the environment, competence, constant training and a high level of professionalism in our team, committed to preserving the quality of life and protecting the natural environment, continue to motivate us to develop new products in our laboratories with highly biodegradable active ingredients that make sustainable development possible.","potentialAction":[{"@type":"SearchAction","target":{"@type":"EntryPoint","urlTemplate":"https:\/\/dermo.com\/?s={search_term_string}"},"query-input":{"@type":"PropertyValueSpecification","valueRequired":true,"valueName":"search_term_string"}}],"inLanguage":"en-GB"}]}},"_links":{"self":[{"href":"https:\/\/dermo.com\/en\/wp-json\/wp\/v2\/product\/2877","targetHints":{"allow":["GET"]}}],"collection":[{"href":"https:\/\/dermo.com\/en\/wp-json\/wp\/v2\/product"}],"about":[{"href":"https:\/\/dermo.com\/en\/wp-json\/wp\/v2\/types\/product"}],"wp:featuredmedia":[{"embeddable":true,"href":"https:\/\/dermo.com\/en\/wp-json\/wp\/v2\/media\/4184"}],"wp:attachment":[{"href":"https:\/\/dermo.com\/en\/wp-json\/wp\/v2\/media?parent=2877"}],"wp:term":[{"taxonomy":"product_brand","embeddable":true,"href":"https:\/\/dermo.com\/en\/wp-json\/wp\/v2\/product_brand?post=2877"},{"taxonomy":"product_cat","embeddable":true,"href":"https:\/\/dermo.com\/en\/wp-json\/wp\/v2\/product_cat?post=2877"},{"taxonomy":"product_tag","embeddable":true,"href":"https:\/\/dermo.com\/en\/wp-json\/wp\/v2\/product_tag?post=2877"}],"curies":[{"name":"wp","href":"https:\/\/api.w.org\/{rel}","templated":true}]}}