{"id":2880,"date":"2018-02-02T12:56:36","date_gmt":"2018-02-02T12:56:36","guid":{"rendered":"https:\/\/dermo.ultbit.com\/producto\/detergente-al-jabon-de-coco-detergente-liquido\/"},"modified":"2024-09-10T09:30:31","modified_gmt":"2024-09-10T07:30:31","slug":"coconut-soap-detergent-liquid-detergent","status":"publish","type":"product","link":"https:\/\/dermo.com\/en\/catalog\/coconut-soap-detergent-liquid-detergent\/","title":{"rendered":"Coconut Soap Detergent. Liquid Detergent"},"content":{"rendered":"<p><strong>FORM OF USE:<\/strong><br \/>\nDose 10 to 25 g for each kg of clothes to be washed, depending on the dirtiness and hardness of the water.<\/p>\n<p><strong>TECHNICAL CHARACTERISTICS<\/strong><br \/>\nAspect: Thick Liquid.<br \/>\nColor: White.<br \/>\nSmell: Coconut.<br \/>\nPure pH: 7.5-8.5.<br \/>\nSolubility: Water soluble.<br \/>\nConcentration of active substance: 15-18%.<\/p>\n<p><strong>COMPOSITION<\/strong><br \/>\nAnionic surfactants, nonionic surfactants, soap, opacifiers, preservatives and perfume.<\/p>\n<p><strong>PRESENTATION<\/strong><br \/>\nPlastic containers:<\/p>\n<table width=\"620\">\n<tbody>\n<tr>\n<td width=\"220\">FORMAT<\/td>\n<td width=\"200\">3 kg<\/td>\n<td width=\"200\">5kg<\/td>\n<\/tr>\n<tr>\n<td width=\"220\">CODE<\/td>\n<td width=\"200\">001DC003<\/td>\n<td>001DC005<\/td>\n<\/tr>\n<\/tbody>\n<\/table>","protected":false},"excerpt":{"rendered":"<p>Liquid detergent for the whole wash providing it with a great smoothness and with the agreeable smell of the coconut\u2019s soap.<\/p>","protected":false},"featured_media":4187,"template":"","meta":{"neve_meta_sidebar":"","neve_meta_container":"","neve_meta_enable_content_width":"off","neve_meta_content_width":100,"neve_meta_title_alignment":"","neve_meta_author_avatar":"","neve_post_elements_order":"","neve_meta_disable_header":"","neve_meta_disable_footer":"","neve_meta_disable_title":""},"product_brand":[],"product_cat":[391,372,370,369,366],"product_tag":[],"class_list":{"0":"post-2880","1":"product","2":"type-product","3":"status-publish","4":"has-post-thumbnail","6":"product_cat-detergente-liquido","7":"product_cat-geriatricos","8":"product_cat-hoteles","9":"product_cat-lavanderia","10":"product_cat-sectores","12":"first","13":"instock","14":"shipping-taxable","15":"product-type-simple"},"yoast_head":"<!-- This site is optimized with the Yoast SEO plugin v27.0 - https:\/\/yoast.com\/product\/yoast-seo-wordpress\/ -->\n<title>Detergente al Jab\u00f3n de Coco. Detergente l\u00edquido - Dermo | F\u00e1brica de detergentes<\/title>\n<meta name=\"robots\" content=\"index, follow, max-snippet:-1, max-image-preview:large, max-video-preview:-1\" \/>\n<link rel=\"canonical\" href=\"https:\/\/dermo.com\/en\/catalog\/coconut-soap-detergent-liquid-detergent\/\" \/>\n<meta property=\"og:locale\" content=\"en_GB\" \/>\n<meta property=\"og:type\" content=\"article\" \/>\n<meta property=\"og:title\" content=\"Detergente al Jab\u00f3n de Coco. Detergente l\u00edquido - Dermo | F\u00e1brica de detergentes\" \/>\n<meta property=\"og:description\" content=\"Detergente l\u00edquido para toda la colada dot\u00e1ndola de una gran suavidad y del agradable olor del jab\u00f3n de coco.\" \/>\n<meta property=\"og:url\" content=\"https:\/\/dermo.com\/en\/catalog\/coconut-soap-detergent-liquid-detergent\/\" \/>\n<meta property=\"og:site_name\" content=\"Dermo | F\u00e1brica de detergentes\" \/>\n<meta property=\"article:modified_time\" content=\"2024-09-10T07:30:31+00:00\" \/>\n<meta property=\"og:image\" content=\"https:\/\/dermo.com\/wp-content\/uploads\/2018\/02\/Detergente-Al-Jabon-De-Coco.-1.png\" \/>\n\t<meta property=\"og:image:width\" content=\"768\" \/>\n\t<meta property=\"og:image:height\" content=\"823\" \/>\n\t<meta property=\"og:image:type\" content=\"image\/png\" \/>\n<meta name=\"twitter:card\" content=\"summary_large_image\" \/>\n<meta name=\"twitter:label1\" content=\"Estimated reading time\" \/>\n\t<meta name=\"twitter:data1\" content=\"1 minute\" \/>\n<script type=\"application\/ld+json\" class=\"yoast-schema-graph\">{\"@context\":\"https:\/\/schema.org\",\"@graph\":[{\"@type\":\"WebPage\",\"@id\":\"https:\/\/dermo.com\/catalogo\/detergente-al-jabon-de-coco-detergente-liquido\/\",\"url\":\"https:\/\/dermo.com\/catalogo\/detergente-al-jabon-de-coco-detergente-liquido\/\",\"name\":\"Detergente al Jab\u00f3n de Coco. Detergente l\u00edquido - Dermo | F\u00e1brica de detergentes\",\"isPartOf\":{\"@id\":\"https:\/\/dermo.com\/#website\"},\"primaryImageOfPage\":{\"@id\":\"https:\/\/dermo.com\/catalogo\/detergente-al-jabon-de-coco-detergente-liquido\/#primaryimage\"},\"image\":{\"@id\":\"https:\/\/dermo.com\/catalogo\/detergente-al-jabon-de-coco-detergente-liquido\/#primaryimage\"},\"thumbnailUrl\":\"https:\/\/dermo.com\/wp-content\/uploads\/2018\/02\/Detergente-Al-Jabon-De-Coco.-1.png\",\"datePublished\":\"2018-02-02T12:56:36+00:00\",\"dateModified\":\"2024-09-10T07:30:31+00:00\",\"breadcrumb\":{\"@id\":\"https:\/\/dermo.com\/catalogo\/detergente-al-jabon-de-coco-detergente-liquido\/#breadcrumb\"},\"inLanguage\":\"en-GB\",\"potentialAction\":[{\"@type\":\"ReadAction\",\"target\":[\"https:\/\/dermo.com\/catalogo\/detergente-al-jabon-de-coco-detergente-liquido\/\"]}]},{\"@type\":\"ImageObject\",\"inLanguage\":\"en-GB\",\"@id\":\"https:\/\/dermo.com\/catalogo\/detergente-al-jabon-de-coco-detergente-liquido\/#primaryimage\",\"url\":\"https:\/\/dermo.com\/wp-content\/uploads\/2018\/02\/Detergente-Al-Jabon-De-Coco.-1.png\",\"contentUrl\":\"https:\/\/dermo.com\/wp-content\/uploads\/2018\/02\/Detergente-Al-Jabon-De-Coco.-1.png\",\"width\":768,\"height\":823},{\"@type\":\"BreadcrumbList\",\"@id\":\"https:\/\/dermo.com\/catalogo\/detergente-al-jabon-de-coco-detergente-liquido\/#breadcrumb\",\"itemListElement\":[{\"@type\":\"ListItem\",\"position\":1,\"name\":\"Portada\",\"item\":\"https:\/\/dermo.com\/\"},{\"@type\":\"ListItem\",\"position\":2,\"name\":\"Tienda\",\"item\":\"https:\/\/dermo.com\/tienda\/\"},{\"@type\":\"ListItem\",\"position\":3,\"name\":\"Detergente al Jab\u00f3n de Coco. Detergente l\u00edquido\"}]},{\"@type\":\"WebSite\",\"@id\":\"https:\/\/dermo.com\/#website\",\"url\":\"https:\/\/dermo.com\/\",\"name\":\"Dermo | F\u00e1brica de detergentes\",\"description\":\"Tecnolog\u00eda avanzada, investigaci\u00f3n y desarrollo, respeto por el medio ambiente, competencia, formaci\u00f3n constante y alto nivel de profesionalidad en nuestro equipo humano, empe\u00f1ado en preservar la calidad de vida, la protecci\u00f3n del entorno natural contin\u00faan motiv\u00e1ndonos para desarrollar en nuestros laboratorios nuevos productos con ingredientes activos altamente biodegradables que hacen posible un desarrollo sostenible.\",\"potentialAction\":[{\"@type\":\"SearchAction\",\"target\":{\"@type\":\"EntryPoint\",\"urlTemplate\":\"https:\/\/dermo.com\/?s={search_term_string}\"},\"query-input\":{\"@type\":\"PropertyValueSpecification\",\"valueRequired\":true,\"valueName\":\"search_term_string\"}}],\"inLanguage\":\"en-GB\"}]}<\/script>\n<!-- \/ Yoast SEO plugin. -->","yoast_head_json":{"title":"Coconut Soap Detergent. Liquid Detergent - Dermo | Detergent Factory","robots":{"index":"index","follow":"follow","max-snippet":"max-snippet:-1","max-image-preview":"max-image-preview:large","max-video-preview":"max-video-preview:-1"},"canonical":"https:\/\/dermo.com\/en\/catalog\/coconut-soap-detergent-liquid-detergent\/","og_locale":"en_GB","og_type":"article","og_title":"Detergente al Jab\u00f3n de Coco. Detergente l\u00edquido - Dermo | F\u00e1brica de detergentes","og_description":"Detergente l\u00edquido para toda la colada dot\u00e1ndola de una gran suavidad y del agradable olor del jab\u00f3n de coco.","og_url":"https:\/\/dermo.com\/en\/catalog\/coconut-soap-detergent-liquid-detergent\/","og_site_name":"Dermo | F\u00e1brica de detergentes","article_modified_time":"2024-09-10T07:30:31+00:00","og_image":[{"width":768,"height":823,"url":"https:\/\/dermo.com\/wp-content\/uploads\/2018\/02\/Detergente-Al-Jabon-De-Coco.-1.png","type":"image\/png"}],"twitter_card":"summary_large_image","twitter_misc":{"Estimated reading time":"1 minute"},"schema":{"@context":"https:\/\/schema.org","@graph":[{"@type":"WebPage","@id":"https:\/\/dermo.com\/catalogo\/detergente-al-jabon-de-coco-detergente-liquido\/","url":"https:\/\/dermo.com\/catalogo\/detergente-al-jabon-de-coco-detergente-liquido\/","name":"Coconut Soap Detergent. Liquid Detergent - Dermo | Detergent Factory","isPartOf":{"@id":"https:\/\/dermo.com\/#website"},"primaryImageOfPage":{"@id":"https:\/\/dermo.com\/catalogo\/detergente-al-jabon-de-coco-detergente-liquido\/#primaryimage"},"image":{"@id":"https:\/\/dermo.com\/catalogo\/detergente-al-jabon-de-coco-detergente-liquido\/#primaryimage"},"thumbnailUrl":"https:\/\/dermo.com\/wp-content\/uploads\/2018\/02\/Detergente-Al-Jabon-De-Coco.-1.png","datePublished":"2018-02-02T12:56:36+00:00","dateModified":"2024-09-10T07:30:31+00:00","breadcrumb":{"@id":"https:\/\/dermo.com\/catalogo\/detergente-al-jabon-de-coco-detergente-liquido\/#breadcrumb"},"inLanguage":"en-GB","potentialAction":[{"@type":"ReadAction","target":["https:\/\/dermo.com\/catalogo\/detergente-al-jabon-de-coco-detergente-liquido\/"]}]},{"@type":"ImageObject","inLanguage":"en-GB","@id":"https:\/\/dermo.com\/catalogo\/detergente-al-jabon-de-coco-detergente-liquido\/#primaryimage","url":"https:\/\/dermo.com\/wp-content\/uploads\/2018\/02\/Detergente-Al-Jabon-De-Coco.-1.png","contentUrl":"https:\/\/dermo.com\/wp-content\/uploads\/2018\/02\/Detergente-Al-Jabon-De-Coco.-1.png","width":768,"height":823},{"@type":"BreadcrumbList","@id":"https:\/\/dermo.com\/catalogo\/detergente-al-jabon-de-coco-detergente-liquido\/#breadcrumb","itemListElement":[{"@type":"ListItem","position":1,"name":"Portada","item":"https:\/\/dermo.com\/"},{"@type":"ListItem","position":2,"name":"Tienda","item":"https:\/\/dermo.com\/tienda\/"},{"@type":"ListItem","position":3,"name":"Detergente al Jab\u00f3n de Coco. Detergente l\u00edquido"}]},{"@type":"WebSite","@id":"https:\/\/dermo.com\/#website","url":"https:\/\/dermo.com\/","name":"Dermo | detergent factory","description":"Advanced technology, research and development, respect for the environment, competence, constant training and a high level of professionalism in our team, committed to preserving the quality of life and protecting the natural environment, continue to motivate us to develop new products in our laboratories with highly biodegradable active ingredients that make sustainable development possible.","potentialAction":[{"@type":"SearchAction","target":{"@type":"EntryPoint","urlTemplate":"https:\/\/dermo.com\/?s={search_term_string}"},"query-input":{"@type":"PropertyValueSpecification","valueRequired":true,"valueName":"search_term_string"}}],"inLanguage":"en-GB"}]}},"_links":{"self":[{"href":"https:\/\/dermo.com\/en\/wp-json\/wp\/v2\/product\/2880","targetHints":{"allow":["GET"]}}],"collection":[{"href":"https:\/\/dermo.com\/en\/wp-json\/wp\/v2\/product"}],"about":[{"href":"https:\/\/dermo.com\/en\/wp-json\/wp\/v2\/types\/product"}],"wp:featuredmedia":[{"embeddable":true,"href":"https:\/\/dermo.com\/en\/wp-json\/wp\/v2\/media\/4187"}],"wp:attachment":[{"href":"https:\/\/dermo.com\/en\/wp-json\/wp\/v2\/media?parent=2880"}],"wp:term":[{"taxonomy":"product_brand","embeddable":true,"href":"https:\/\/dermo.com\/en\/wp-json\/wp\/v2\/product_brand?post=2880"},{"taxonomy":"product_cat","embeddable":true,"href":"https:\/\/dermo.com\/en\/wp-json\/wp\/v2\/product_cat?post=2880"},{"taxonomy":"product_tag","embeddable":true,"href":"https:\/\/dermo.com\/en\/wp-json\/wp\/v2\/product_tag?post=2880"}],"curies":[{"name":"wp","href":"https:\/\/api.w.org\/{rel}","templated":true}]}}