{"id":2887,"date":"2020-02-28T07:36:26","date_gmt":"2020-02-28T07:36:26","guid":{"rendered":"https:\/\/dermo.ultbit.com\/producto\/f200-blue-fregasuelos\/"},"modified":"2025-05-15T16:11:45","modified_gmt":"2025-05-15T14:11:45","slug":"f200-blue-floor-cleaner","status":"publish","type":"product","link":"https:\/\/dermo.com\/en\/catalog\/f200-blue-floor-cleaner\/","title":{"rendered":"F-200 Blue. Floor cleaner"},"content":{"rendered":"<p><strong>FORM OF USE:<\/strong><br \/>\nDose 50 ml (one coffee cup approximately) into a bucket of wateransd apply on the surface to clean. Not rising required.<\/p>\n<p><strong>TECHNICAL CHARACTERISTICS<\/strong><br \/>\nAspect: Liquid.<br \/>\nColor: Blue.<br \/>\nSmell: Clean.<br \/>\nPure pH: 5.5 -7.5<br \/>\nDensity: 0.99 \u2013 1.00 g\/cc<br \/>\nSolubility: Water soluble.<\/p>\n<p><strong>COMPOSITION<\/strong><br \/>\nSurfactants, perfume and colorant.<\/p>\n<p><strong>PRESENTATION<\/strong><br \/>\nPlastic containers:<\/p>\n<table>\n<tbody>\n<tr>\n<td>FORMAT<\/td>\n<td>5 l<\/td>\n<\/tr>\n<tr>\n<td>CODE<\/td>\n<td>004F20B5<\/td>\n<\/tr>\n<\/tbody>\n<\/table>\n<p><strong>SAFETY \/ TOXICOLOGY<\/strong><br \/>\nIF IN EYES: Rinse cautiously with water for several minutes. Remove<br \/>\ncontact lenses when present and easy to do. Continue rinsing.<br \/>\nKeep out of reach of children. In case of accident, consult the Medical Information Service.<br \/>\nToxicology. Tel.: 915 620 420.<\/p>\n<p><strong>ADDITIONAL INFORMATION<\/strong><br \/>\nINDUSTRIAL PRODUCT. PROFESSIONAL USE.<\/p>","protected":false},"excerpt":{"rendered":"<p><strong>F 200 Blue<\/strong><\/p>\n<p class=\"Estndar\">Effective, fast-drying, streak-free floor cleaner that preserves the natural shine. Can be used on washable floors and surfaces: vinyl, ceramic, rubber, terrazzo, marble, PVC\u2026<br \/>\npleasant perfume and persistent.<\/p>","protected":false},"featured_media":4220,"template":"","meta":{"neve_meta_sidebar":"","neve_meta_container":"","neve_meta_enable_content_width":"off","neve_meta_content_width":100,"neve_meta_title_alignment":"","neve_meta_author_avatar":"","neve_post_elements_order":"","neve_meta_disable_header":"","neve_meta_disable_footer":"","neve_meta_disable_title":""},"product_brand":[],"product_cat":[367,1095,381],"product_tag":[],"class_list":{"0":"post-2887","1":"product","2":"type-product","3":"status-publish","4":"has-post-thumbnail","6":"product_cat-catalogo","7":"product_cat-escuelas-sectores","8":"product_cat-tratamiento-de-suelos","10":"first","11":"instock","12":"shipping-taxable","13":"product-type-simple"},"yoast_head":"<!-- This site is optimized with the Yoast SEO plugin v27.0 - https:\/\/yoast.com\/product\/yoast-seo-wordpress\/ -->\n<title>F-200 Blue. Fregasuelos - Dermo | F\u00e1brica de detergentes<\/title>\n<meta name=\"robots\" content=\"index, follow, max-snippet:-1, max-image-preview:large, max-video-preview:-1\" \/>\n<link rel=\"canonical\" href=\"https:\/\/dermo.com\/en\/catalog\/f200-blue-floor-cleaner\/\" \/>\n<meta property=\"og:locale\" content=\"en_GB\" \/>\n<meta property=\"og:type\" content=\"article\" \/>\n<meta property=\"og:title\" content=\"F-200 Blue. Fregasuelos - Dermo | F\u00e1brica de detergentes\" \/>\n<meta property=\"og:description\" content=\"F 200 Blue Fregasuelos de limpieza eficaz, secado r\u00e1pido y sin marcas que conserva el brillo natural. Utilizable en suelos y superficies lavables: vinilo, cer\u00e1mica, caucho, terrazo, m\u00e1rmol, PVC... Perfume agradable y persistente con efecto ambientador.\" \/>\n<meta property=\"og:url\" content=\"https:\/\/dermo.com\/en\/catalog\/f200-blue-floor-cleaner\/\" \/>\n<meta property=\"og:site_name\" content=\"Dermo | F\u00e1brica de detergentes\" \/>\n<meta property=\"article:modified_time\" content=\"2025-05-15T14:11:45+00:00\" \/>\n<meta property=\"og:image\" content=\"https:\/\/dermo.com\/wp-content\/uploads\/2020\/02\/F200-Blue.-Fregasuelos-1.png\" \/>\n\t<meta property=\"og:image:width\" content=\"768\" \/>\n\t<meta property=\"og:image:height\" content=\"823\" \/>\n\t<meta property=\"og:image:type\" content=\"image\/png\" \/>\n<meta name=\"twitter:card\" content=\"summary_large_image\" \/>\n<meta name=\"twitter:label1\" content=\"Estimated reading time\" \/>\n\t<meta name=\"twitter:data1\" content=\"1 minute\" \/>\n<script type=\"application\/ld+json\" class=\"yoast-schema-graph\">{\"@context\":\"https:\/\/schema.org\",\"@graph\":[{\"@type\":\"WebPage\",\"@id\":\"https:\/\/dermo.com\/catalogo\/f200-blue-fregasuelos\/\",\"url\":\"https:\/\/dermo.com\/catalogo\/f200-blue-fregasuelos\/\",\"name\":\"F-200 Blue. Fregasuelos - Dermo | F\u00e1brica de detergentes\",\"isPartOf\":{\"@id\":\"https:\/\/dermo.com\/#website\"},\"primaryImageOfPage\":{\"@id\":\"https:\/\/dermo.com\/catalogo\/f200-blue-fregasuelos\/#primaryimage\"},\"image\":{\"@id\":\"https:\/\/dermo.com\/catalogo\/f200-blue-fregasuelos\/#primaryimage\"},\"thumbnailUrl\":\"https:\/\/dermo.com\/wp-content\/uploads\/2020\/02\/F200-Blue.-Fregasuelos-1.png\",\"datePublished\":\"2020-02-28T07:36:26+00:00\",\"dateModified\":\"2025-05-15T14:11:45+00:00\",\"breadcrumb\":{\"@id\":\"https:\/\/dermo.com\/catalogo\/f200-blue-fregasuelos\/#breadcrumb\"},\"inLanguage\":\"en-GB\",\"potentialAction\":[{\"@type\":\"ReadAction\",\"target\":[\"https:\/\/dermo.com\/catalogo\/f200-blue-fregasuelos\/\"]}]},{\"@type\":\"ImageObject\",\"inLanguage\":\"en-GB\",\"@id\":\"https:\/\/dermo.com\/catalogo\/f200-blue-fregasuelos\/#primaryimage\",\"url\":\"https:\/\/dermo.com\/wp-content\/uploads\/2020\/02\/F200-Blue.-Fregasuelos-1.png\",\"contentUrl\":\"https:\/\/dermo.com\/wp-content\/uploads\/2020\/02\/F200-Blue.-Fregasuelos-1.png\",\"width\":768,\"height\":823},{\"@type\":\"BreadcrumbList\",\"@id\":\"https:\/\/dermo.com\/catalogo\/f200-blue-fregasuelos\/#breadcrumb\",\"itemListElement\":[{\"@type\":\"ListItem\",\"position\":1,\"name\":\"Portada\",\"item\":\"https:\/\/dermo.com\/\"},{\"@type\":\"ListItem\",\"position\":2,\"name\":\"Tienda\",\"item\":\"https:\/\/dermo.com\/tienda\/\"},{\"@type\":\"ListItem\",\"position\":3,\"name\":\"F-200 Blue. Fregasuelos\"}]},{\"@type\":\"WebSite\",\"@id\":\"https:\/\/dermo.com\/#website\",\"url\":\"https:\/\/dermo.com\/\",\"name\":\"Dermo | F\u00e1brica de detergentes\",\"description\":\"Tecnolog\u00eda avanzada, investigaci\u00f3n y desarrollo, respeto por el medio ambiente, competencia, formaci\u00f3n constante y alto nivel de profesionalidad en nuestro equipo humano, empe\u00f1ado en preservar la calidad de vida, la protecci\u00f3n del entorno natural contin\u00faan motiv\u00e1ndonos para desarrollar en nuestros laboratorios nuevos productos con ingredientes activos altamente biodegradables que hacen posible un desarrollo sostenible.\",\"potentialAction\":[{\"@type\":\"SearchAction\",\"target\":{\"@type\":\"EntryPoint\",\"urlTemplate\":\"https:\/\/dermo.com\/?s={search_term_string}\"},\"query-input\":{\"@type\":\"PropertyValueSpecification\",\"valueRequired\":true,\"valueName\":\"search_term_string\"}}],\"inLanguage\":\"en-GB\"}]}<\/script>\n<!-- \/ Yoast SEO plugin. -->","yoast_head_json":{"title":"F-200 Blue. Floor cleaner - Dermo | detergent factory","robots":{"index":"index","follow":"follow","max-snippet":"max-snippet:-1","max-image-preview":"max-image-preview:large","max-video-preview":"max-video-preview:-1"},"canonical":"https:\/\/dermo.com\/en\/catalog\/f200-blue-floor-cleaner\/","og_locale":"en_GB","og_type":"article","og_title":"F-200 Blue. Fregasuelos - Dermo | F\u00e1brica de detergentes","og_description":"F 200 Blue Fregasuelos de limpieza eficaz, secado r\u00e1pido y sin marcas que conserva el brillo natural. Utilizable en suelos y superficies lavables: vinilo, cer\u00e1mica, caucho, terrazo, m\u00e1rmol, PVC... Perfume agradable y persistente con efecto ambientador.","og_url":"https:\/\/dermo.com\/en\/catalog\/f200-blue-floor-cleaner\/","og_site_name":"Dermo | F\u00e1brica de detergentes","article_modified_time":"2025-05-15T14:11:45+00:00","og_image":[{"width":768,"height":823,"url":"https:\/\/dermo.com\/wp-content\/uploads\/2020\/02\/F200-Blue.-Fregasuelos-1.png","type":"image\/png"}],"twitter_card":"summary_large_image","twitter_misc":{"Estimated reading time":"1 minute"},"schema":{"@context":"https:\/\/schema.org","@graph":[{"@type":"WebPage","@id":"https:\/\/dermo.com\/catalogo\/f200-blue-fregasuelos\/","url":"https:\/\/dermo.com\/catalogo\/f200-blue-fregasuelos\/","name":"F-200 Blue. Floor cleaner - Dermo | detergent factory","isPartOf":{"@id":"https:\/\/dermo.com\/#website"},"primaryImageOfPage":{"@id":"https:\/\/dermo.com\/catalogo\/f200-blue-fregasuelos\/#primaryimage"},"image":{"@id":"https:\/\/dermo.com\/catalogo\/f200-blue-fregasuelos\/#primaryimage"},"thumbnailUrl":"https:\/\/dermo.com\/wp-content\/uploads\/2020\/02\/F200-Blue.-Fregasuelos-1.png","datePublished":"2020-02-28T07:36:26+00:00","dateModified":"2025-05-15T14:11:45+00:00","breadcrumb":{"@id":"https:\/\/dermo.com\/catalogo\/f200-blue-fregasuelos\/#breadcrumb"},"inLanguage":"en-GB","potentialAction":[{"@type":"ReadAction","target":["https:\/\/dermo.com\/catalogo\/f200-blue-fregasuelos\/"]}]},{"@type":"ImageObject","inLanguage":"en-GB","@id":"https:\/\/dermo.com\/catalogo\/f200-blue-fregasuelos\/#primaryimage","url":"https:\/\/dermo.com\/wp-content\/uploads\/2020\/02\/F200-Blue.-Fregasuelos-1.png","contentUrl":"https:\/\/dermo.com\/wp-content\/uploads\/2020\/02\/F200-Blue.-Fregasuelos-1.png","width":768,"height":823},{"@type":"BreadcrumbList","@id":"https:\/\/dermo.com\/catalogo\/f200-blue-fregasuelos\/#breadcrumb","itemListElement":[{"@type":"ListItem","position":1,"name":"Portada","item":"https:\/\/dermo.com\/"},{"@type":"ListItem","position":2,"name":"Tienda","item":"https:\/\/dermo.com\/tienda\/"},{"@type":"ListItem","position":3,"name":"F-200 Blue. Fregasuelos"}]},{"@type":"WebSite","@id":"https:\/\/dermo.com\/#website","url":"https:\/\/dermo.com\/","name":"Dermo | detergent factory","description":"Advanced technology, research and development, respect for the environment, competence, constant training and a high level of professionalism in our team, committed to preserving the quality of life and protecting the natural environment, continue to motivate us to develop new products in our laboratories with highly biodegradable active ingredients that make sustainable development possible.","potentialAction":[{"@type":"SearchAction","target":{"@type":"EntryPoint","urlTemplate":"https:\/\/dermo.com\/?s={search_term_string}"},"query-input":{"@type":"PropertyValueSpecification","valueRequired":true,"valueName":"search_term_string"}}],"inLanguage":"en-GB"}]}},"_links":{"self":[{"href":"https:\/\/dermo.com\/en\/wp-json\/wp\/v2\/product\/2887","targetHints":{"allow":["GET"]}}],"collection":[{"href":"https:\/\/dermo.com\/en\/wp-json\/wp\/v2\/product"}],"about":[{"href":"https:\/\/dermo.com\/en\/wp-json\/wp\/v2\/types\/product"}],"wp:featuredmedia":[{"embeddable":true,"href":"https:\/\/dermo.com\/en\/wp-json\/wp\/v2\/media\/4220"}],"wp:attachment":[{"href":"https:\/\/dermo.com\/en\/wp-json\/wp\/v2\/media?parent=2887"}],"wp:term":[{"taxonomy":"product_brand","embeddable":true,"href":"https:\/\/dermo.com\/en\/wp-json\/wp\/v2\/product_brand?post=2887"},{"taxonomy":"product_cat","embeddable":true,"href":"https:\/\/dermo.com\/en\/wp-json\/wp\/v2\/product_cat?post=2887"},{"taxonomy":"product_tag","embeddable":true,"href":"https:\/\/dermo.com\/en\/wp-json\/wp\/v2\/product_tag?post=2887"}],"curies":[{"name":"wp","href":"https:\/\/api.w.org\/{rel}","templated":true}]}}